{"id":22245,"date":"2021-12-27T10:08:55","date_gmt":"2021-12-27T16:08:55","guid":{"rendered":"https:\/\/dev.airchecklab.com\/preguntas-frecuentes-sobre-sqf\/"},"modified":"2021-12-27T10:08:55","modified_gmt":"2021-12-27T16:08:55","slug":"preguntas-frecuentes-sobre-sqf","status":"publish","type":"page","link":"https:\/\/www.airchecklab.com\/es\/pureza-del-aire-sqf\/preguntas-frecuentes-sobre-sqf\/","title":{"rendered":"Preguntas frecuentes sobre SQF"},"content":{"rendered":"<h2>SQF &#8211; Preguntas frecuentes: \u00bfQu\u00e9 necesito saber?<\/h2>\n<p>La informaci\u00f3n entre comillas se puede encontrar en el C\u00f3digo SQF actual o en el sitio web de SQF en <a href=\"http:\/\/sqfi.com\" target=\"_blank\" rel=\"noopener\">Safe Quality Food Institute<\/a> .<\/p>\n<h2>Orientaci\u00f3n SQF<\/h2>\n<ol class=\"number padl15\">\n<li id=\"q8\">&#8220;Las instalaciones de procesamiento de alimentos deben funcionar partiendo del supuesto fundamental de que el aire comprimido puede ser una fuente de contaminaci\u00f3n qu\u00edmica y microbiol\u00f3gica&#8221;.<\/li>\n<li>&#8220;El sitio debe verificar y validar que el aire comprimido usado en la instalaci\u00f3n sea apropiado para su uso y no una fuente de contaminaci\u00f3n&#8221;.<\/li>\n<li id=\"q9\">&#8220;Cuando se utilicen laboratorios externos para realizar an\u00e1lisis de insumos o productos, los laboratorios deber\u00e1n estar acreditados seg\u00fan la norma ISO 17025 o una norma nacional equivalente&#8221;.<\/li>\n<\/ol>\n<h2>Preguntas y Respuestas<\/h2>\n<ul>\n<li>\n<h3 class=\"marb0\">\u00bfCu\u00e1l es la definici\u00f3n de &#8220;pureza del aire&#8221;?<\/h3>\n<ol class=\"letter padl15\">\n<li>&#8220;La pureza se define en el C\u00f3digo SQF (Ap\u00e9ndice 2: Glosario) y significa la ausencia de contaminantes que podr\u00edan causar un peligro para la seguridad alimentaria. Aire puro significa que el aire est\u00e1 libre de riesgo de contaminaci\u00f3n cruzada de los productos. Esencialmente, el aire debe no aportar contaminaci\u00f3n alguna al producto &#8220;.<\/li>\n<li id=\"q10\">Utilice el <a href=\"https:\/\/www.airchecklab.com\/products\/aircheck-kits\/manufacturing-critical-air-iso-8573\">AirCheck\u2713 Kit &#x2122; K8573NB<\/a> para realizar pruebas de contaminaci\u00f3n de part\u00edculas, agua y aceite.<\/li>\n<li>Utilice el muestreador de <a href=\"https:\/\/www.airchecklab.com\/products\/aircheck-kits\/manufacturing-critical-air-iso-8573#KPSII\">impacto microbiano KPSII<\/a> para tomar muestras de contaminantes microbiol\u00f3gicos, incluidas las unidades formadoras de colonias (UFC). Los resultados se pueden informar tan solo como cero UFC. La identificaci\u00f3n de levaduras, mohos y bacterias est\u00e1 disponible para cualquier UFC presente.<\/li>\n<\/ol>\n<\/li>\n<li>\n<h3 class=\"marb0\">\u00bfQu\u00e9 dice exactamente el C\u00f3digo SQF?<\/h3>\n<ol class=\"letter padl15\">\n<li>&#8220;3.5.6 Calidad del aire\n<ul class=\"square marb0\">\n<li>3.5.6.1 El aire comprimido que entre en contacto con los alimentos para animales deber\u00e1 estar limpio y no presentar ning\u00fan riesgo para la seguridad de los alimentos.<\/li>\n<li>3.5.6.2 Se controlar\u00e1 peri\u00f3dicamente la pureza del aire comprimido que entre en contacto con el pienso &#8220;.<\/li>\n<\/ul>\n<\/li>\n<li>\u201c4.5.6 Calidad del aire\n<ul class=\"square marb0\">\n<li>4.5.6.1 El aire comprimido utilizado en el proceso de fabricaci\u00f3n debe estar limpio y no presentar ning\u00fan riesgo para la seguridad de los alimentos para mascotas;<\/li>\n<li>4.5.6.2 El aire comprimido utilizado en el proceso de fabricaci\u00f3n se controlar\u00e1 peri\u00f3dicamente para comprobar su pureza \u201d.<\/li>\n<\/ul>\n<\/li>\n<li>&#8220;9.5.7 Calidad del aire\n<ul class=\"square marb0\">\n<li>9.5.7.1 El aire comprimido utilizado en el proceso de producci\u00f3n debe estar limpio y no presentar ning\u00fan riesgo para la seguridad alimentaria;<\/li>\n<li>9.5.7.2 El aire comprimido utilizado en el proceso de producci\u00f3n se controlar\u00e1 peri\u00f3dicamente para determinar su pureza \u201d.<\/li>\n<\/ul>\n<\/li>\n<li>\u201c10.5.7 Calidad del aire\n<ul class=\"square marb0\">\n<li>10.5.7.1 El aire comprimido utilizado en el proceso de producci\u00f3n debe estar limpio y no presentar ning\u00fan riesgo para la seguridad alimentaria.<\/li>\n<li>10.5.7.2 El aire comprimido utilizado en el proceso de producci\u00f3n deber\u00e1 ser monitoreado regularmente para verificar su pureza \u201d.<\/li>\n<\/ul>\n<\/li>\n<li>\u201c11.5.7 Calidad del aire\n<ul class=\"square marb0\">\n<li>11.5.7.1 El aire comprimido utilizado en el proceso de fabricaci\u00f3n debe estar limpio y no presentar ning\u00fan riesgo para la seguridad alimentaria;<\/li>\n<li>11.5.7.2 El aire comprimido utilizado en el proceso de fabricaci\u00f3n debe controlarse peri\u00f3dicamente para determinar su pureza \u201d.<\/li>\n<\/ul>\n<\/li>\n<li>\u201c12.5.6 Calidad del aire\n<ul class=\"square marb0\">\n<li>12.5.6.1 El aire, incluido el aire comprimido utilizado en la instalaci\u00f3n de distribuci\u00f3n, debe estar limpio y no presentar ning\u00fan riesgo para la seguridad del producto.<\/li>\n<li>12.5.6.2 El aire utilizado en la instalaci\u00f3n debe ser monitoreado regularmente para detectar contaminantes ambientales \u201d.<\/li>\n<\/ul>\n<\/li>\n<li>\u201c13.5.4 Calidad del aire\n<ul class=\"square marb0\">\n<li>13.5.4.1 El aire comprimido que entra en contacto con los productos de embalaje debe estar limpio y no presentar ning\u00fan riesgo para la seguridad alimentaria.<\/li>\n<li>13.5.4.2 El aire comprimido utilizado en el proceso de fabricaci\u00f3n debe controlarse peri\u00f3dicamente para determinar su pureza \u201d.<\/li>\n<\/ul>\n<\/li>\n<li>Trace Analytics puede configurarlo en un programa de prueba regular seg\u00fan su frecuencia y requisitos de prueba.<\/li>\n<\/ol>\n<\/li>\n<li>\n<h3 class=\"marb0\">\u00bfC\u00f3mo pruebo el aire comprimido?<\/h3>\n<ol class=\"letter padl15\">\n<li>&#8220;Las pruebas pueden realizarse internamente o por una parte contratada. Los requisitos de las pruebas y el n\u00famero de muestras se basar\u00e1n en el riesgo para el producto y el proceso. Las pruebas microbiol\u00f3gicas pueden incluir pruebas para el recuento de placas aer\u00f3bicas y \/ o organismos indicadores seg\u00fan corresponda a la Se debe considerar la realizaci\u00f3n de pruebas de humedad si la humedad es un riesgo potencial para el producto (por ejemplo, operaciones en seco). Se debe usar la recolecci\u00f3n as\u00e9ptica de muestras. Hay una amplia variedad de medidas disponibles, incluido el uso de equipo de muestreo de aire, el uso de esponjas, membranas de filtraci\u00f3n y otros &#8220;.<\/li>\n<li>Trace tiene el <a href=\"https:\/\/www.airchecklab.com\/products\/aircheck-kits\/manufacturing-critical-air-iso-8573\">AirCheck\u2713 Kit &#x2122; K8573NB<\/a> que su personal puede usar para tomar muestras de los principales contaminantes en el aire comprimido: part\u00edculas, agua y aceite. Tambi\u00e9n alquilamos el muestreador de <a href=\"https:\/\/www.airchecklab.com\/products\/aircheck-kits\/manufacturing-critical-air-iso-8573#KPSII\">impacto microbiano KPSII<\/a> para obtener muestras microbianas. Trace tambi\u00e9n tiene una red en crecimiento de AirCheck\u2713 Service Distributors &#x2122; capacitados disponibles para tomar muestras por usted.<\/li>\n<\/ol>\n<\/li>\n<li>\n<h3 class=\"marb0\">\u00bfCon qu\u00e9 frecuencia debo hacerme la prueba?<\/h3>\n<ol class=\"letter padl15\">\n<li>&#8220;Se realizar\u00e1n pruebas para validar que el sistema de control de filtraci\u00f3n de aire para que el aire comprimido sea eficaz en funci\u00f3n del riesgo para el producto, pero como m\u00ednimo una vez al a\u00f1o&#8221;.<\/li>\n<li>Hay muchos factores a considerar al determinar la frecuencia de sus pruebas. Hable con uno de nuestro <a href=\"https:\/\/www.airchecklab.com\/contact-an-expert\">equipo de expertos<\/a> para obtener m\u00e1s informaci\u00f3n.<\/li>\n<\/ol>\n<\/li>\n<\/ul>\n<h3 class=\"marb0\">Tengo un programa de mantenimiento y filtraci\u00f3n, \u00bfno es suficiente?<\/h3>\n<ol class=\"letter padl15\">\n<li id=\"q7\">&#8220;Los programas de mantenimiento preventivo deben garantizar que exista un programa de filtraci\u00f3n adecuado en el punto de uso y que los filtros se limpien \/ cambien con una frecuencia adecuada para el producto y el proceso o despu\u00e9s de cualquier mantenimiento a la fuente de suministro de aire o al equipo. El mantenimiento debe realizarse El aire se debe filtrar en el punto de uso para la mayor\u00eda de las operaciones (el tama\u00f1o de filtro recomendado en el punto de uso es de 0,1 \u00b5, o seg\u00fan se determine seg\u00fan corresponda mediante un an\u00e1lisis de riesgo). Las boquillas y mangueras de aire deben estar en buen estado en buen estado, debidamente reparados y mantenidos en un estado higi\u00e9nico (por ejemplo, limpios y desinfectados). Las mangueras y boquillas deben mantenerse alejadas del suelo &#8220;.<\/li>\n<li>Un excelente plan de monitoreo de aire, para abordar la efectividad de su programa de filtraci\u00f3n y mantenimiento, incluye tomar una muestra inmediatamente antes y despu\u00e9s de cambiar sus filtros. Este m\u00e9todo le proporciona datos sobre la calidad del aire para revisar y realizar un an\u00e1lisis de tendencias. Este plan de muestreo le brinda datos reales para determinar si mantiene un suministro de aire comprimido seguro. Los puntos de muestreo deben estar despu\u00e9s de los filtros en el punto de uso y \/ o tan cerca de donde el aire comprimido entra en contacto con el producto.<\/li>\n<\/ol>\n<h3 class=\"marb0\">\u00bfCu\u00e1l es el equivalente a ISO 17025?<\/h3>\n<ol class=\"letter padl15\">\n<li>&#8220;ISO 17025 es el est\u00e1ndar internacional para la acreditaci\u00f3n de laboratorios. Es un requisito de la GFSI que el an\u00e1lisis externo de los insumos sea realizado por laboratorios acreditados seg\u00fan este est\u00e1ndar internacional. Sin embargo, algunos pa\u00edses no reconocen ISO 17025 y tienen est\u00e1ndares nacionales de acreditaci\u00f3n de laboratorios en lugar. Por lo tanto, la equivalencia se aplica a las normas nacionales que se utilizan en el pa\u00eds, en lugar de ISO 17025. &#8220;<\/li>\n<li>Trace Analytics est\u00e1 acreditado seg\u00fan la norma ISO 17025 por la <a href=\"http:\/\/www.a2la.org\/\" target=\"_blank\" rel=\"noopener\">Asociaci\u00f3n Estadounidense de Acreditaci\u00f3n de Laboratorios<\/a> .<\/li>\n<\/ol>\n<h3 class=\"marb0\">\u00bfNecesito usar aceite de grado alimenticio?<\/h3>\n<ol class=\"letter padl15\">\n<li>&#8220;Cuando el aire comprimido entra en contacto con el producto expuesto, las superficies de contacto directo del producto y el embalaje de la superficie interior, el compresor de aire debe usar aceite de grado alimenticio&#8221;.<\/li>\n<li>Si es necesario, cuando est\u00e9 disponible, Trace Analytics estar\u00e1 encantado de recomendarle un distribuidor de servicio AirCheck\u2713 Service Distributor &#x2122; en su \u00e1rea para todas sus necesidades de compresores.<\/li>\n<\/ol>\n<p>[NextPage]<br \/>\n[ShowSiblings]<\/p>\n","protected":false},"excerpt":{"rendered":"<p>SQF &#8211; Preguntas frecuentes: \u00bfQu\u00e9 necesito saber? La informaci\u00f3n entre comillas se puede encontrar en el C\u00f3digo SQF actual o en el sitio web de SQF en Safe Quality Food<\/p>\n","protected":false},"author":1,"featured_media":0,"parent":22249,"menu_order":20,"comment_status":"closed","ping_status":"open","template":"index.php","meta":{"content-type":""},"yoast_head":"<!-- This site is optimized with the Yoast SEO Premium plugin v20.0 (Yoast SEO v20.0) - https:\/\/yoast.com\/wordpress\/plugins\/seo\/ -->\n<title>Preguntas frecuentes sobre SQF - Trace Analytics, the AirCheck Lab<\/title>\n<meta name=\"description\" content=\"Las preguntas frecuentes sobre pruebas de aire comprimido SQF para aire de calidad alimentaria est\u00e1n disponibles en AirCheck Academy. \u00a1Informaci\u00f3n sobre SQF y m\u00e1s!\" \/>\n<meta name=\"robots\" content=\"index, follow, max-snippet:-1, max-image-preview:large, max-video-preview:-1\" \/>\n<link rel=\"canonical\" href=\"https:\/\/www.airchecklab.com\/es\/pureza-del-aire-sqf\/preguntas-frecuentes-sobre-sqf\/\" \/>\n<meta property=\"og:locale\" content=\"es_ES\" \/>\n<meta property=\"og:type\" content=\"article\" \/>\n<meta property=\"og:title\" content=\"Preguntas frecuentes sobre SQF\" \/>\n<meta property=\"og:description\" content=\"Las preguntas frecuentes sobre pruebas de aire comprimido SQF para aire de calidad alimentaria est\u00e1n disponibles en AirCheck Academy. \u00a1Informaci\u00f3n sobre SQF y m\u00e1s!\" \/>\n<meta property=\"og:url\" content=\"https:\/\/www.airchecklab.com\/es\/pureza-del-aire-sqf\/preguntas-frecuentes-sobre-sqf\/\" \/>\n<meta property=\"og:site_name\" content=\"Trace Analytics, the AirCheck Lab\" \/>\n<meta name=\"twitter:card\" content=\"summary_large_image\" \/>\n<meta name=\"twitter:label1\" content=\"Tiempo de lectura\" \/>\n\t<meta name=\"twitter:data1\" content=\"6 minutos\" \/>\n<script type=\"application\/ld+json\" class=\"yoast-schema-graph\">{\"@context\":\"https:\/\/schema.org\",\"@graph\":[{\"@type\":\"WebPage\",\"@id\":\"https:\/\/www.airchecklab.com\/es\/pureza-del-aire-sqf\/preguntas-frecuentes-sobre-sqf\/\",\"url\":\"https:\/\/www.airchecklab.com\/es\/pureza-del-aire-sqf\/preguntas-frecuentes-sobre-sqf\/\",\"name\":\"Preguntas frecuentes sobre SQF - Trace Analytics, the AirCheck Lab\",\"isPartOf\":{\"@id\":\"\/#website\"},\"datePublished\":\"2021-12-27T16:08:55+00:00\",\"dateModified\":\"2021-12-27T16:08:55+00:00\",\"description\":\"Las preguntas frecuentes sobre pruebas de aire comprimido SQF para aire de calidad alimentaria est\u00e1n disponibles en AirCheck Academy. \u00a1Informaci\u00f3n sobre SQF y m\u00e1s!\",\"breadcrumb\":{\"@id\":\"https:\/\/www.airchecklab.com\/es\/pureza-del-aire-sqf\/preguntas-frecuentes-sobre-sqf\/#breadcrumb\"},\"inLanguage\":\"es\",\"potentialAction\":[{\"@type\":\"ReadAction\",\"target\":[\"https:\/\/www.airchecklab.com\/es\/pureza-del-aire-sqf\/preguntas-frecuentes-sobre-sqf\/\"]}]},{\"@type\":\"BreadcrumbList\",\"@id\":\"https:\/\/www.airchecklab.com\/es\/pureza-del-aire-sqf\/preguntas-frecuentes-sobre-sqf\/#breadcrumb\",\"itemListElement\":[{\"@type\":\"ListItem\",\"position\":1,\"name\":\"Home\",\"item\":\"https:\/\/www.airchecklab.com\/es\/analisis-de-seguimiento-pruebas-ambientales-y-de-aire-comprimido\/\"},{\"@type\":\"ListItem\",\"position\":2,\"name\":\"Pureza del aire SQF\",\"item\":\"https:\/\/www.airchecklab.com\/es\/pureza-del-aire-sqf\/\"},{\"@type\":\"ListItem\",\"position\":3,\"name\":\"Preguntas frecuentes sobre SQF\"}]},{\"@type\":\"WebSite\",\"@id\":\"\/#website\",\"url\":\"\/\",\"name\":\"Trace Analytics, the AirCheck Lab\",\"description\":\"Compressed Air Testing for ISO 8573, Microbial, SQF, Breathing Air\",\"publisher\":{\"@id\":\"\/#organization\"},\"potentialAction\":[{\"@type\":\"SearchAction\",\"target\":{\"@type\":\"EntryPoint\",\"urlTemplate\":\"\/?s={search_term_string}\"},\"query-input\":\"required name=search_term_string\"}],\"inLanguage\":\"es\"},{\"@type\":\"Organization\",\"@id\":\"\/#organization\",\"name\":\"Trace Analytics, LLC\",\"url\":\"\/\",\"logo\":{\"@type\":\"ImageObject\",\"inLanguage\":\"es\",\"@id\":\"\/#\/schema\/logo\/image\/\",\"url\":\"https:\/\/www.airchecklab.com\/wp-content\/uploads\/2021\/08\/Blue-01.png\",\"contentUrl\":\"https:\/\/www.airchecklab.com\/wp-content\/uploads\/2021\/08\/Blue-01.png\",\"width\":1600,\"height\":301,\"caption\":\"Trace Analytics, LLC\"},\"image\":{\"@id\":\"\/#\/schema\/logo\/image\/\"}}]}<\/script>\n<!-- \/ Yoast SEO Premium plugin. -->","yoast_head_json":{"title":"Preguntas frecuentes sobre SQF - Trace Analytics, the AirCheck Lab","description":"Las preguntas frecuentes sobre pruebas de aire comprimido SQF para aire de calidad alimentaria est\u00e1n disponibles en AirCheck Academy. \u00a1Informaci\u00f3n sobre SQF y m\u00e1s!","robots":{"index":"index","follow":"follow","max-snippet":"max-snippet:-1","max-image-preview":"max-image-preview:large","max-video-preview":"max-video-preview:-1"},"canonical":"https:\/\/www.airchecklab.com\/es\/pureza-del-aire-sqf\/preguntas-frecuentes-sobre-sqf\/","og_locale":"es_ES","og_type":"article","og_title":"Preguntas frecuentes sobre SQF","og_description":"Las preguntas frecuentes sobre pruebas de aire comprimido SQF para aire de calidad alimentaria est\u00e1n disponibles en AirCheck Academy. \u00a1Informaci\u00f3n sobre SQF y m\u00e1s!","og_url":"https:\/\/www.airchecklab.com\/es\/pureza-del-aire-sqf\/preguntas-frecuentes-sobre-sqf\/","og_site_name":"Trace Analytics, the AirCheck Lab","twitter_card":"summary_large_image","twitter_misc":{"Tiempo de lectura":"6 minutos"},"schema":{"@context":"https:\/\/schema.org","@graph":[{"@type":"WebPage","@id":"https:\/\/www.airchecklab.com\/es\/pureza-del-aire-sqf\/preguntas-frecuentes-sobre-sqf\/","url":"https:\/\/www.airchecklab.com\/es\/pureza-del-aire-sqf\/preguntas-frecuentes-sobre-sqf\/","name":"Preguntas frecuentes sobre SQF - Trace Analytics, the AirCheck Lab","isPartOf":{"@id":"\/#website"},"datePublished":"2021-12-27T16:08:55+00:00","dateModified":"2021-12-27T16:08:55+00:00","description":"Las preguntas frecuentes sobre pruebas de aire comprimido SQF para aire de calidad alimentaria est\u00e1n disponibles en AirCheck Academy. \u00a1Informaci\u00f3n sobre SQF y m\u00e1s!","breadcrumb":{"@id":"https:\/\/www.airchecklab.com\/es\/pureza-del-aire-sqf\/preguntas-frecuentes-sobre-sqf\/#breadcrumb"},"inLanguage":"es","potentialAction":[{"@type":"ReadAction","target":["https:\/\/www.airchecklab.com\/es\/pureza-del-aire-sqf\/preguntas-frecuentes-sobre-sqf\/"]}]},{"@type":"BreadcrumbList","@id":"https:\/\/www.airchecklab.com\/es\/pureza-del-aire-sqf\/preguntas-frecuentes-sobre-sqf\/#breadcrumb","itemListElement":[{"@type":"ListItem","position":1,"name":"Home","item":"https:\/\/www.airchecklab.com\/es\/analisis-de-seguimiento-pruebas-ambientales-y-de-aire-comprimido\/"},{"@type":"ListItem","position":2,"name":"Pureza del aire SQF","item":"https:\/\/www.airchecklab.com\/es\/pureza-del-aire-sqf\/"},{"@type":"ListItem","position":3,"name":"Preguntas frecuentes sobre SQF"}]},{"@type":"WebSite","@id":"\/#website","url":"\/","name":"Trace Analytics, the AirCheck Lab","description":"Compressed Air Testing for ISO 8573, Microbial, SQF, Breathing Air","publisher":{"@id":"\/#organization"},"potentialAction":[{"@type":"SearchAction","target":{"@type":"EntryPoint","urlTemplate":"\/?s={search_term_string}"},"query-input":"required name=search_term_string"}],"inLanguage":"es"},{"@type":"Organization","@id":"\/#organization","name":"Trace Analytics, LLC","url":"\/","logo":{"@type":"ImageObject","inLanguage":"es","@id":"\/#\/schema\/logo\/image\/","url":"https:\/\/www.airchecklab.com\/wp-content\/uploads\/2021\/08\/Blue-01.png","contentUrl":"https:\/\/www.airchecklab.com\/wp-content\/uploads\/2021\/08\/Blue-01.png","width":1600,"height":301,"caption":"Trace Analytics, LLC"},"image":{"@id":"\/#\/schema\/logo\/image\/"}}]}},"_links":{"self":[{"href":"https:\/\/www.airchecklab.com\/es\/wp-json\/wp\/v2\/pages\/22245"}],"collection":[{"href":"https:\/\/www.airchecklab.com\/es\/wp-json\/wp\/v2\/pages"}],"about":[{"href":"https:\/\/www.airchecklab.com\/es\/wp-json\/wp\/v2\/types\/page"}],"author":[{"embeddable":true,"href":"https:\/\/www.airchecklab.com\/es\/wp-json\/wp\/v2\/users\/1"}],"replies":[{"embeddable":true,"href":"https:\/\/www.airchecklab.com\/es\/wp-json\/wp\/v2\/comments?post=22245"}],"version-history":[{"count":0,"href":"https:\/\/www.airchecklab.com\/es\/wp-json\/wp\/v2\/pages\/22245\/revisions"}],"up":[{"embeddable":true,"href":"https:\/\/www.airchecklab.com\/es\/wp-json\/wp\/v2\/pages\/22249"}],"wp:attachment":[{"href":"https:\/\/www.airchecklab.com\/es\/wp-json\/wp\/v2\/media?parent=22245"}],"curies":[{"name":"wp","href":"https:\/\/api.w.org\/{rel}","templated":true}]}}