{"id":22254,"date":"2021-12-27T10:08:56","date_gmt":"2021-12-27T16:08:56","guid":{"rendered":"https:\/\/dev.airchecklab.com\/fuentes-de-contaminacion\/"},"modified":"2021-12-27T10:09:11","modified_gmt":"2021-12-27T16:09:11","slug":"fuentes-de-contaminacion","status":"publish","type":"page","link":"https:\/\/www.airchecklab.com\/es\/fuentes-de-contaminacion\/","title":{"rendered":"Fuentes de contaminaci\u00f3n"},"content":{"rendered":"<p>[h1]Fuentes de contaminaci\u00f3n[\/h1]<br \/>\nYa sea que use su compresor para respirar aire, dispositivos de fabricaci\u00f3n o neum\u00e1ticos, la contaminaci\u00f3n del compresor puede detener su operaci\u00f3n y dejarlo fuera de servicio. Esto generalmente es malo para cualquier negocio. Nuestro <a href=\"https:\/\/www.airchecklab.com\/contact-an-expert\">equipo de expertos<\/a> ha recopilado informaci\u00f3n sobre los diversos contaminantes del compresor para brindarle una mejor comprensi\u00f3n de la contaminaci\u00f3n y de d\u00f3nde puede provenir.<\/p>\n<p>[NextPage]<br \/>\n[ShowChildPages page=&#8221;PageID&#8221; title=&#8221;Sources of Contamination&#8221;]<\/p>\n","protected":false},"excerpt":{"rendered":"<p>[h1]Fuentes de contaminaci\u00f3n[\/h1] Ya sea que use su compresor para respirar aire, dispositivos de fabricaci\u00f3n o neum\u00e1ticos, la contaminaci\u00f3n del compresor puede detener su operaci\u00f3n y dejarlo fuera de servicio. Esto generalmente es malo para cualquier negocio. Nuestro equipo de expertos ha recopilado informaci\u00f3n sobre los diversos contaminantes del compresor para brindarle una mejor comprensi\u00f3n de la contaminaci\u00f3n y de d\u00f3nde puede provenir. [NextPage] [ShowChildPages page=&#8221;PageID&#8221; title=&#8221;Sources of Contamination&#8221;]<\/p>\n","protected":false},"author":1,"featured_media":0,"parent":0,"menu_order":10,"comment_status":"closed","ping_status":"open","template":"","meta":{"content-type":""},"yoast_head":"<!-- This site is optimized with the Yoast SEO Premium plugin v20.0 (Yoast SEO v20.0) - https:\/\/yoast.com\/wordpress\/plugins\/seo\/ -->\n<title>Fuentes de contaminaci\u00f3n - Trace Analytics, the AirCheck Lab<\/title>\n<meta name=\"description\" content=\"La contaminaci\u00f3n del compresor causa problemas en la fabricaci\u00f3n. Obtenga m\u00e1s informaci\u00f3n sobre la contaminaci\u00f3n del compresor en AirCheck Academy.\" \/>\n<meta name=\"robots\" content=\"index, follow, max-snippet:-1, max-image-preview:large, max-video-preview:-1\" \/>\n<link rel=\"canonical\" href=\"https:\/\/www.airchecklab.com\/es\/fuentes-de-contaminacion\/\" \/>\n<meta property=\"og:locale\" content=\"es_ES\" \/>\n<meta property=\"og:type\" content=\"article\" \/>\n<meta property=\"og:title\" content=\"Fuentes de contaminaci\u00f3n\" \/>\n<meta property=\"og:description\" content=\"La contaminaci\u00f3n del compresor causa problemas en la fabricaci\u00f3n. Obtenga m\u00e1s informaci\u00f3n sobre la contaminaci\u00f3n del compresor en AirCheck Academy.\" \/>\n<meta property=\"og:url\" content=\"https:\/\/www.airchecklab.com\/es\/fuentes-de-contaminacion\/\" \/>\n<meta property=\"og:site_name\" content=\"Trace Analytics, the AirCheck Lab\" \/>\n<meta property=\"article:modified_time\" content=\"2021-12-27T16:09:11+00:00\" \/>\n<meta name=\"twitter:card\" content=\"summary_large_image\" \/>\n<script type=\"application\/ld+json\" class=\"yoast-schema-graph\">{\"@context\":\"https:\/\/schema.org\",\"@graph\":[{\"@type\":\"WebPage\",\"@id\":\"https:\/\/www.airchecklab.com\/es\/fuentes-de-contaminacion\/\",\"url\":\"https:\/\/www.airchecklab.com\/es\/fuentes-de-contaminacion\/\",\"name\":\"Fuentes de contaminaci\u00f3n - Trace Analytics, the AirCheck Lab\",\"isPartOf\":{\"@id\":\"\/#website\"},\"datePublished\":\"2021-12-27T16:08:56+00:00\",\"dateModified\":\"2021-12-27T16:09:11+00:00\",\"description\":\"La contaminaci\u00f3n del compresor causa problemas en la fabricaci\u00f3n. Obtenga m\u00e1s informaci\u00f3n sobre la contaminaci\u00f3n del compresor en AirCheck Academy.\",\"breadcrumb\":{\"@id\":\"https:\/\/www.airchecklab.com\/es\/fuentes-de-contaminacion\/#breadcrumb\"},\"inLanguage\":\"es\",\"potentialAction\":[{\"@type\":\"ReadAction\",\"target\":[\"https:\/\/www.airchecklab.com\/es\/fuentes-de-contaminacion\/\"]}]},{\"@type\":\"BreadcrumbList\",\"@id\":\"https:\/\/www.airchecklab.com\/es\/fuentes-de-contaminacion\/#breadcrumb\",\"itemListElement\":[{\"@type\":\"ListItem\",\"position\":1,\"name\":\"Home\",\"item\":\"https:\/\/www.airchecklab.com\/es\/analisis-de-seguimiento-pruebas-ambientales-y-de-aire-comprimido\/\"},{\"@type\":\"ListItem\",\"position\":2,\"name\":\"Fuentes de contaminaci\u00f3n\"}]},{\"@type\":\"WebSite\",\"@id\":\"\/#website\",\"url\":\"\/\",\"name\":\"Trace Analytics, the AirCheck Lab\",\"description\":\"Compressed Air Testing for ISO 8573, Microbial, SQF, Breathing Air\",\"publisher\":{\"@id\":\"\/#organization\"},\"potentialAction\":[{\"@type\":\"SearchAction\",\"target\":{\"@type\":\"EntryPoint\",\"urlTemplate\":\"\/?s={search_term_string}\"},\"query-input\":\"required name=search_term_string\"}],\"inLanguage\":\"es\"},{\"@type\":\"Organization\",\"@id\":\"\/#organization\",\"name\":\"Trace Analytics, LLC\",\"url\":\"\/\",\"logo\":{\"@type\":\"ImageObject\",\"inLanguage\":\"es\",\"@id\":\"\/#\/schema\/logo\/image\/\",\"url\":\"https:\/\/www.airchecklab.com\/wp-content\/uploads\/2021\/08\/Blue-01.png\",\"contentUrl\":\"https:\/\/www.airchecklab.com\/wp-content\/uploads\/2021\/08\/Blue-01.png\",\"width\":1600,\"height\":301,\"caption\":\"Trace Analytics, LLC\"},\"image\":{\"@id\":\"\/#\/schema\/logo\/image\/\"}}]}<\/script>\n<!-- \/ Yoast SEO Premium plugin. -->","yoast_head_json":{"title":"Fuentes de contaminaci\u00f3n - Trace Analytics, the AirCheck Lab","description":"La contaminaci\u00f3n del compresor causa problemas en la fabricaci\u00f3n. Obtenga m\u00e1s informaci\u00f3n sobre la contaminaci\u00f3n del compresor en AirCheck Academy.","robots":{"index":"index","follow":"follow","max-snippet":"max-snippet:-1","max-image-preview":"max-image-preview:large","max-video-preview":"max-video-preview:-1"},"canonical":"https:\/\/www.airchecklab.com\/es\/fuentes-de-contaminacion\/","og_locale":"es_ES","og_type":"article","og_title":"Fuentes de contaminaci\u00f3n","og_description":"La contaminaci\u00f3n del compresor causa problemas en la fabricaci\u00f3n. Obtenga m\u00e1s informaci\u00f3n sobre la contaminaci\u00f3n del compresor en AirCheck Academy.","og_url":"https:\/\/www.airchecklab.com\/es\/fuentes-de-contaminacion\/","og_site_name":"Trace Analytics, the AirCheck Lab","article_modified_time":"2021-12-27T16:09:11+00:00","twitter_card":"summary_large_image","schema":{"@context":"https:\/\/schema.org","@graph":[{"@type":"WebPage","@id":"https:\/\/www.airchecklab.com\/es\/fuentes-de-contaminacion\/","url":"https:\/\/www.airchecklab.com\/es\/fuentes-de-contaminacion\/","name":"Fuentes de contaminaci\u00f3n - Trace Analytics, the AirCheck Lab","isPartOf":{"@id":"\/#website"},"datePublished":"2021-12-27T16:08:56+00:00","dateModified":"2021-12-27T16:09:11+00:00","description":"La contaminaci\u00f3n del compresor causa problemas en la fabricaci\u00f3n. Obtenga m\u00e1s informaci\u00f3n sobre la contaminaci\u00f3n del compresor en AirCheck Academy.","breadcrumb":{"@id":"https:\/\/www.airchecklab.com\/es\/fuentes-de-contaminacion\/#breadcrumb"},"inLanguage":"es","potentialAction":[{"@type":"ReadAction","target":["https:\/\/www.airchecklab.com\/es\/fuentes-de-contaminacion\/"]}]},{"@type":"BreadcrumbList","@id":"https:\/\/www.airchecklab.com\/es\/fuentes-de-contaminacion\/#breadcrumb","itemListElement":[{"@type":"ListItem","position":1,"name":"Home","item":"https:\/\/www.airchecklab.com\/es\/analisis-de-seguimiento-pruebas-ambientales-y-de-aire-comprimido\/"},{"@type":"ListItem","position":2,"name":"Fuentes de contaminaci\u00f3n"}]},{"@type":"WebSite","@id":"\/#website","url":"\/","name":"Trace Analytics, the AirCheck Lab","description":"Compressed Air Testing for ISO 8573, Microbial, SQF, Breathing Air","publisher":{"@id":"\/#organization"},"potentialAction":[{"@type":"SearchAction","target":{"@type":"EntryPoint","urlTemplate":"\/?s={search_term_string}"},"query-input":"required name=search_term_string"}],"inLanguage":"es"},{"@type":"Organization","@id":"\/#organization","name":"Trace Analytics, LLC","url":"\/","logo":{"@type":"ImageObject","inLanguage":"es","@id":"\/#\/schema\/logo\/image\/","url":"https:\/\/www.airchecklab.com\/wp-content\/uploads\/2021\/08\/Blue-01.png","contentUrl":"https:\/\/www.airchecklab.com\/wp-content\/uploads\/2021\/08\/Blue-01.png","width":1600,"height":301,"caption":"Trace Analytics, LLC"},"image":{"@id":"\/#\/schema\/logo\/image\/"}}]}},"_links":{"self":[{"href":"https:\/\/www.airchecklab.com\/es\/wp-json\/wp\/v2\/pages\/22254"}],"collection":[{"href":"https:\/\/www.airchecklab.com\/es\/wp-json\/wp\/v2\/pages"}],"about":[{"href":"https:\/\/www.airchecklab.com\/es\/wp-json\/wp\/v2\/types\/page"}],"author":[{"embeddable":true,"href":"https:\/\/www.airchecklab.com\/es\/wp-json\/wp\/v2\/users\/1"}],"replies":[{"embeddable":true,"href":"https:\/\/www.airchecklab.com\/es\/wp-json\/wp\/v2\/comments?post=22254"}],"version-history":[{"count":1,"href":"https:\/\/www.airchecklab.com\/es\/wp-json\/wp\/v2\/pages\/22254\/revisions"}],"predecessor-version":[{"id":22313,"href":"https:\/\/www.airchecklab.com\/es\/wp-json\/wp\/v2\/pages\/22254\/revisions\/22313"}],"wp:attachment":[{"href":"https:\/\/www.airchecklab.com\/es\/wp-json\/wp\/v2\/media?parent=22254"}],"curies":[{"name":"wp","href":"https:\/\/api.w.org\/{rel}","templated":true}]}}