{"id":22256,"date":"2021-12-27T10:08:57","date_gmt":"2021-12-27T16:08:57","guid":{"rendered":"https:\/\/dev.airchecklab.com\/fuentes-de-contaminacion\/fuentes-de-contaminacion-en-la-fabricacion\/"},"modified":"2021-12-27T10:09:08","modified_gmt":"2021-12-27T16:09:08","slug":"fuentes-de-contaminacion-en-la-fabricacion","status":"publish","type":"page","link":"https:\/\/www.airchecklab.com\/es\/fuentes-de-contaminacion\/fuentes-de-contaminacion-en-la-fabricacion\/","title":{"rendered":"Fuentes de contaminaci\u00f3n en la fabricaci\u00f3n"},"content":{"rendered":"<h1>Fuentes de contaminaci\u00f3n en la fabricaci\u00f3n<\/h1>\n<p>La contaminaci\u00f3n del compresor puede ocurrir por muchas razones diferentes. Este seminario web integral de nuestro presidente Ruby Ochoa analiza la contaminaci\u00f3n del compresor y c\u00f3mo puede ocurrir. Los fabricantes de alimentos, productos farmac\u00e9uticos, dispositivos m\u00e9dicos y mucho m\u00e1s encontrar\u00e1n muchos consejos \u00fatiles para evitar la contaminaci\u00f3n en esta lecci\u00f3n. No dude en <a title=\"Contact an Expert\" href=\"https:\/\/www.airchecklab.com\/es\/contacto\/contactenos\/\">contactarnos<\/a> directamente para sus necesidades de pruebas de aire comprimido ISO 8573, SQF, BRC y BCAS.<\/p>\n<p>[video_youtube video_id=&#8221;qgFkzW3TjKI&#8221; width=&#8221;460&#8243; height=&#8221;259&#8243; noyoutube=&#8221;&#8221; title=&#8221;Compressor Contamination and How It Occurs&#8221;]<\/p>\n<h2 id=\"q1\">Tomar aire<\/h2>\n<div class=\"padl15\">\n<p class=\"marb0\"><strong>La contaminaci\u00f3n de la entrada puede incluir:<\/strong><\/p>\n<ol class=\"number padl15\">\n<li>Part\u00edculas (viables y no viables)<\/li>\n<li>Vapor de agua<\/li>\n<li>Vapor de aceite<\/li>\n<li>Gases<\/li>\n<\/ol>\n<p>Las fuentes primarias de contaminaci\u00f3n en un suministro de aire comprimido incluyen el aire de admisi\u00f3n ambiental y el propio compresor. En cualquier momento, el aire atmosf\u00e9rico que alimenta la entrada del compresor puede tener contaminantes como part\u00edculas s\u00f3lidas (suciedad, arena, holl\u00edn, \u00f3xidos met\u00e1licos, cristales de sal), vapor de agua, vapor de aceite y microorganismos. Se debe considerar cuidadosamente la ubicaci\u00f3n de la entrada del compresor para evitar estos contaminantes tanto como sea posible. El filtro de entrada como primera defensa debe ser monitoreado y reemplazado de manera rutinaria de acuerdo con las pautas del fabricante.<\/p>\n<\/div>\n<h2 id=\"q3\">Compresor<\/h2>\n<div class=\"padl15\">\n<p class=\"marb0\"><strong>Contaminantes creados por el propio sistema<\/strong><\/p>\n<ol class=\"number padl15\">\n<li>Part\u00edculas de desgaste<\/li>\n<li>El agua de entrada puede provocar corrosi\u00f3n.\n<ol class=\"letter\">\n<li>Equipo da\u00f1ino<\/li>\n<li>Promover el crecimiento microbiano.<\/li>\n<li>Arruina el producto final<\/li>\n<\/ol>\n<\/li>\n<\/ol>\n<p class=\"marb0\"><strong>Compresores exentos de aceite<\/strong><\/p>\n<ol class=\"number padl15\">\n<li>Todav\u00eda puede tener problemas de aceite debido al aceite introducido por la ingesta.<\/li>\n<\/ol>\n<p class=\"marb0\"><strong>Gases posiblemente creados por el compresor<\/strong><\/p>\n<ol class=\"number padl15\">\n<li>Mon\u00f3xido de carbono<\/li>\n<li>Di\u00f3xido de carbono<\/li>\n<li>Hidrocarburos gaseosos<\/li>\n<\/ol>\n<p>El compresor, si est\u00e1 lubricado con aceite, puede agregar aceite en forma de l\u00edquido, aerosol o vapor. Cualquier compresor que reciba un mantenimiento inadecuado puede ser una fuente de contaminaci\u00f3n. Otras fuentes de contaminaci\u00f3n incluyen las tuber\u00edas del sistema y los receptores de almacenamiento de aire.<\/p>\n<\/div>\n<h2>Error humano<\/h2>\n<div class=\"padl15\">\n<p>Los problemas potenciales de calidad del aire pueden surgir por mal uso, mal manejo, falta de atenci\u00f3n al mantenimiento y errores humanos.<\/p>\n<\/div>\n<h2 id=\"q5\">Distribuci\u00f3n<\/h2>\n<div class=\"padl15\">\n<p>La tuber\u00eda nueva debe probarse para asegurarse de que se haya purgado adecuadamente de posibles contaminantes como part\u00edculas, soldaduras o pegamentos utilizados durante la instalaci\u00f3n. Las tuber\u00edas m\u00e1s viejas pueden tener acumulaci\u00f3n de agua, \u00f3xido y aceite. Al conectar una tuber\u00eda nueva a un sistema de distribuci\u00f3n de tuber\u00eda m\u00e1s antiguo, la sacudida de la tuber\u00eda vieja puede hacer que las part\u00edculas (como \u00f3xido, sarro, suciedad, \u00f3xidos met\u00e1licos, etc.) se aflojen y se introduzcan en la tuber\u00eda nueva.<\/p>\n<p>Los recipientes de almacenamiento con exceso de agua (vapor, l\u00edquido o una mezcla de aceite y agua) pueden convertirse en un caldo de cultivo para los microorganismos.<\/p>\n<\/div>\n<h2 id=\"q7\">Remedios<\/h2>\n<div class=\"padl15\">\n<p>Un programa de pruebas de aire peri\u00f3dicas puede proporcionar informaci\u00f3n cr\u00edtica para monitorear la degradaci\u00f3n de la calidad del aire y ayudar en la prevenci\u00f3n de la contaminaci\u00f3n del producto. El plan de muestreo debe incluir puntos de muestreo, un n\u00famero estad\u00edsticamente significativo de muestras y una frecuencia de muestreo que controlar\u00e1 todas las condiciones que podr\u00edan afectar la calidad del aire, como las condiciones ambientales, los programas de mantenimiento y la actividad de producci\u00f3n. &#8220;El n\u00famero de muestras debe ser adecuado para proporcionar suficiente confianza estad\u00edstica de calidad&#8221;. [Gu\u00eda de CGMP para la validaci\u00f3n de procesos de la industria: principios y pr\u00e1cticas generales].<\/p>\n<\/div>\n<h2>Especificaciones de aire<\/h2>\n<div class=\"padl15\">\n<p>Las tablas a continuaci\u00f3n muestran las especificaciones de aire comprimido descritas por BCAS e ISO 8573: 2010. Muchos fabricantes que establecen procedimientos operativos est\u00e1ndar para el aire comprimido utilizado en el proceso de fabricaci\u00f3n se refieren a estas especificaciones para ayudar a establecer sus propias pautas.<\/p>\n<\/div>\n<p>[IncludeSpec spec=&#8221;BCAS&#8221;]<br \/>\n[IncludeSpec spec=&#8221;ISO&#8221;]<br \/>\n[NextPage]<br \/>\n[ShowSiblings]<\/p>\n","protected":false},"excerpt":{"rendered":"<p>Fuentes de contaminaci\u00f3n en la fabricaci\u00f3n La contaminaci\u00f3n del compresor puede ocurrir por muchas razones diferentes. Este seminario web integral de nuestro presidente Ruby Ochoa analiza la contaminaci\u00f3n del compresor y c\u00f3mo puede ocurrir. Los fabricantes de alimentos, productos farmac\u00e9uticos, dispositivos m\u00e9dicos y mucho m\u00e1s encontrar\u00e1n muchos consejos \u00fatiles para evitar la contaminaci\u00f3n en esta lecci\u00f3n. No dude en contactarnos directamente para sus necesidades de pruebas de aire comprimido ISO 8573, SQF, BRC y BCAS. [video_youtube video_id=&#8221;qgFkzW3TjKI&#8221; width=&#8221;460&#8243; height=&#8221;259&#8243; noyoutube=&#8221;&#8221; [&hellip;]<\/p>\n","protected":false},"author":1,"featured_media":0,"parent":22254,"menu_order":0,"comment_status":"closed","ping_status":"open","template":"index.php","meta":{"content-type":""},"yoast_head":"<!-- This site is optimized with the Yoast SEO Premium plugin v20.0 (Yoast SEO v20.0) - https:\/\/yoast.com\/wordpress\/plugins\/seo\/ -->\n<title>Fuentes de contaminaci\u00f3n en la fabricaci\u00f3n - Trace Analytics, the AirCheck Lab<\/title>\n<meta name=\"description\" content=\"La contaminaci\u00f3n del compresor se produce por varias razones. Escuche una discusi\u00f3n sobre las fuentes de contaminaci\u00f3n del presidente de Trace, Ruby Ochoa.\" \/>\n<meta name=\"robots\" content=\"index, follow, max-snippet:-1, max-image-preview:large, max-video-preview:-1\" \/>\n<link rel=\"canonical\" href=\"https:\/\/www.airchecklab.com\/es\/fuentes-de-contaminacion\/fuentes-de-contaminacion-en-la-fabricacion\/\" \/>\n<meta property=\"og:locale\" content=\"es_ES\" \/>\n<meta property=\"og:type\" content=\"article\" \/>\n<meta property=\"og:title\" content=\"Fuentes de contaminaci\u00f3n en la fabricaci\u00f3n\" \/>\n<meta property=\"og:description\" content=\"La contaminaci\u00f3n del compresor se produce por varias razones. Escuche una discusi\u00f3n sobre las fuentes de contaminaci\u00f3n del presidente de Trace, Ruby Ochoa.\" \/>\n<meta property=\"og:url\" content=\"https:\/\/www.airchecklab.com\/es\/fuentes-de-contaminacion\/fuentes-de-contaminacion-en-la-fabricacion\/\" \/>\n<meta property=\"og:site_name\" content=\"Trace Analytics, the AirCheck Lab\" \/>\n<meta property=\"article:modified_time\" content=\"2021-12-27T16:09:08+00:00\" \/>\n<meta name=\"twitter:card\" content=\"summary_large_image\" \/>\n<meta name=\"twitter:label1\" content=\"Tiempo de lectura\" \/>\n\t<meta name=\"twitter:data1\" content=\"3 minutos\" \/>\n<script type=\"application\/ld+json\" class=\"yoast-schema-graph\">{\"@context\":\"https:\/\/schema.org\",\"@graph\":[{\"@type\":\"WebPage\",\"@id\":\"https:\/\/www.airchecklab.com\/es\/fuentes-de-contaminacion\/fuentes-de-contaminacion-en-la-fabricacion\/\",\"url\":\"https:\/\/www.airchecklab.com\/es\/fuentes-de-contaminacion\/fuentes-de-contaminacion-en-la-fabricacion\/\",\"name\":\"Fuentes de contaminaci\u00f3n en la fabricaci\u00f3n - Trace Analytics, the AirCheck Lab\",\"isPartOf\":{\"@id\":\"\/#website\"},\"datePublished\":\"2021-12-27T16:08:57+00:00\",\"dateModified\":\"2021-12-27T16:09:08+00:00\",\"description\":\"La contaminaci\u00f3n del compresor se produce por varias razones. Escuche una discusi\u00f3n sobre las fuentes de contaminaci\u00f3n del presidente de Trace, Ruby Ochoa.\",\"breadcrumb\":{\"@id\":\"https:\/\/www.airchecklab.com\/es\/fuentes-de-contaminacion\/fuentes-de-contaminacion-en-la-fabricacion\/#breadcrumb\"},\"inLanguage\":\"es\",\"potentialAction\":[{\"@type\":\"ReadAction\",\"target\":[\"https:\/\/www.airchecklab.com\/es\/fuentes-de-contaminacion\/fuentes-de-contaminacion-en-la-fabricacion\/\"]}]},{\"@type\":\"BreadcrumbList\",\"@id\":\"https:\/\/www.airchecklab.com\/es\/fuentes-de-contaminacion\/fuentes-de-contaminacion-en-la-fabricacion\/#breadcrumb\",\"itemListElement\":[{\"@type\":\"ListItem\",\"position\":1,\"name\":\"Home\",\"item\":\"https:\/\/www.airchecklab.com\/es\/analisis-de-seguimiento-pruebas-ambientales-y-de-aire-comprimido\/\"},{\"@type\":\"ListItem\",\"position\":2,\"name\":\"Fuentes de contaminaci\u00f3n\",\"item\":\"https:\/\/www.airchecklab.com\/es\/fuentes-de-contaminacion\/\"},{\"@type\":\"ListItem\",\"position\":3,\"name\":\"Fuentes de contaminaci\u00f3n en la fabricaci\u00f3n\"}]},{\"@type\":\"WebSite\",\"@id\":\"\/#website\",\"url\":\"\/\",\"name\":\"Trace Analytics, the AirCheck Lab\",\"description\":\"Compressed Air Testing for ISO 8573, Microbial, SQF, Breathing Air\",\"publisher\":{\"@id\":\"\/#organization\"},\"potentialAction\":[{\"@type\":\"SearchAction\",\"target\":{\"@type\":\"EntryPoint\",\"urlTemplate\":\"\/?s={search_term_string}\"},\"query-input\":\"required name=search_term_string\"}],\"inLanguage\":\"es\"},{\"@type\":\"Organization\",\"@id\":\"\/#organization\",\"name\":\"Trace Analytics, LLC\",\"url\":\"\/\",\"logo\":{\"@type\":\"ImageObject\",\"inLanguage\":\"es\",\"@id\":\"\/#\/schema\/logo\/image\/\",\"url\":\"https:\/\/www.airchecklab.com\/wp-content\/uploads\/2021\/08\/Blue-01.png\",\"contentUrl\":\"https:\/\/www.airchecklab.com\/wp-content\/uploads\/2021\/08\/Blue-01.png\",\"width\":1600,\"height\":301,\"caption\":\"Trace Analytics, LLC\"},\"image\":{\"@id\":\"\/#\/schema\/logo\/image\/\"}}]}<\/script>\n<!-- \/ Yoast SEO Premium plugin. -->","yoast_head_json":{"title":"Fuentes de contaminaci\u00f3n en la fabricaci\u00f3n - Trace Analytics, the AirCheck Lab","description":"La contaminaci\u00f3n del compresor se produce por varias razones. Escuche una discusi\u00f3n sobre las fuentes de contaminaci\u00f3n del presidente de Trace, Ruby Ochoa.","robots":{"index":"index","follow":"follow","max-snippet":"max-snippet:-1","max-image-preview":"max-image-preview:large","max-video-preview":"max-video-preview:-1"},"canonical":"https:\/\/www.airchecklab.com\/es\/fuentes-de-contaminacion\/fuentes-de-contaminacion-en-la-fabricacion\/","og_locale":"es_ES","og_type":"article","og_title":"Fuentes de contaminaci\u00f3n en la fabricaci\u00f3n","og_description":"La contaminaci\u00f3n del compresor se produce por varias razones. Escuche una discusi\u00f3n sobre las fuentes de contaminaci\u00f3n del presidente de Trace, Ruby Ochoa.","og_url":"https:\/\/www.airchecklab.com\/es\/fuentes-de-contaminacion\/fuentes-de-contaminacion-en-la-fabricacion\/","og_site_name":"Trace Analytics, the AirCheck Lab","article_modified_time":"2021-12-27T16:09:08+00:00","twitter_card":"summary_large_image","twitter_misc":{"Tiempo de lectura":"3 minutos"},"schema":{"@context":"https:\/\/schema.org","@graph":[{"@type":"WebPage","@id":"https:\/\/www.airchecklab.com\/es\/fuentes-de-contaminacion\/fuentes-de-contaminacion-en-la-fabricacion\/","url":"https:\/\/www.airchecklab.com\/es\/fuentes-de-contaminacion\/fuentes-de-contaminacion-en-la-fabricacion\/","name":"Fuentes de contaminaci\u00f3n en la fabricaci\u00f3n - Trace Analytics, the AirCheck Lab","isPartOf":{"@id":"\/#website"},"datePublished":"2021-12-27T16:08:57+00:00","dateModified":"2021-12-27T16:09:08+00:00","description":"La contaminaci\u00f3n del compresor se produce por varias razones. Escuche una discusi\u00f3n sobre las fuentes de contaminaci\u00f3n del presidente de Trace, Ruby Ochoa.","breadcrumb":{"@id":"https:\/\/www.airchecklab.com\/es\/fuentes-de-contaminacion\/fuentes-de-contaminacion-en-la-fabricacion\/#breadcrumb"},"inLanguage":"es","potentialAction":[{"@type":"ReadAction","target":["https:\/\/www.airchecklab.com\/es\/fuentes-de-contaminacion\/fuentes-de-contaminacion-en-la-fabricacion\/"]}]},{"@type":"BreadcrumbList","@id":"https:\/\/www.airchecklab.com\/es\/fuentes-de-contaminacion\/fuentes-de-contaminacion-en-la-fabricacion\/#breadcrumb","itemListElement":[{"@type":"ListItem","position":1,"name":"Home","item":"https:\/\/www.airchecklab.com\/es\/analisis-de-seguimiento-pruebas-ambientales-y-de-aire-comprimido\/"},{"@type":"ListItem","position":2,"name":"Fuentes de contaminaci\u00f3n","item":"https:\/\/www.airchecklab.com\/es\/fuentes-de-contaminacion\/"},{"@type":"ListItem","position":3,"name":"Fuentes de contaminaci\u00f3n en la fabricaci\u00f3n"}]},{"@type":"WebSite","@id":"\/#website","url":"\/","name":"Trace Analytics, the AirCheck Lab","description":"Compressed Air Testing for ISO 8573, Microbial, SQF, Breathing Air","publisher":{"@id":"\/#organization"},"potentialAction":[{"@type":"SearchAction","target":{"@type":"EntryPoint","urlTemplate":"\/?s={search_term_string}"},"query-input":"required name=search_term_string"}],"inLanguage":"es"},{"@type":"Organization","@id":"\/#organization","name":"Trace Analytics, LLC","url":"\/","logo":{"@type":"ImageObject","inLanguage":"es","@id":"\/#\/schema\/logo\/image\/","url":"https:\/\/www.airchecklab.com\/wp-content\/uploads\/2021\/08\/Blue-01.png","contentUrl":"https:\/\/www.airchecklab.com\/wp-content\/uploads\/2021\/08\/Blue-01.png","width":1600,"height":301,"caption":"Trace Analytics, LLC"},"image":{"@id":"\/#\/schema\/logo\/image\/"}}]}},"_links":{"self":[{"href":"https:\/\/www.airchecklab.com\/es\/wp-json\/wp\/v2\/pages\/22256"}],"collection":[{"href":"https:\/\/www.airchecklab.com\/es\/wp-json\/wp\/v2\/pages"}],"about":[{"href":"https:\/\/www.airchecklab.com\/es\/wp-json\/wp\/v2\/types\/page"}],"author":[{"embeddable":true,"href":"https:\/\/www.airchecklab.com\/es\/wp-json\/wp\/v2\/users\/1"}],"replies":[{"embeddable":true,"href":"https:\/\/www.airchecklab.com\/es\/wp-json\/wp\/v2\/comments?post=22256"}],"version-history":[{"count":1,"href":"https:\/\/www.airchecklab.com\/es\/wp-json\/wp\/v2\/pages\/22256\/revisions"}],"predecessor-version":[{"id":22304,"href":"https:\/\/www.airchecklab.com\/es\/wp-json\/wp\/v2\/pages\/22256\/revisions\/22304"}],"up":[{"embeddable":true,"href":"https:\/\/www.airchecklab.com\/es\/wp-json\/wp\/v2\/pages\/22254"}],"wp:attachment":[{"href":"https:\/\/www.airchecklab.com\/es\/wp-json\/wp\/v2\/media?parent=22256"}],"curies":[{"name":"wp","href":"https:\/\/api.w.org\/{rel}","templated":true}]}}