{"id":22257,"date":"2021-12-27T10:08:57","date_gmt":"2021-12-27T16:08:57","guid":{"rendered":"https:\/\/dev.airchecklab.com\/aire-comprimido-en-la-industria-de-alimentos-y-bebidas\/"},"modified":"2021-12-27T10:08:57","modified_gmt":"2021-12-27T16:08:57","slug":"aire-comprimido-en-la-industria-de-alimentos-y-bebidas","status":"publish","type":"page","link":"https:\/\/www.airchecklab.com\/es\/aire-de-calidad-alimentaria-en-la-fabricacion\/aire-comprimido-en-la-industria-de-alimentos-y-bebidas\/","title":{"rendered":"Aire comprimido en la industria de alimentos y bebidas"},"content":{"rendered":"<h2>Aire comprimido en la industria de alimentos y bebidas<\/h2>\n<p>El aire comprimido es una utilidad fundamental que se utiliza com\u00fanmente en alimentos y bebidas. Entonces, \u00bfpor qu\u00e9 se pasa por alto con frecuencia como un punto cr\u00edtico de control?<\/p>\n<p>La calidad del aire comprimido utilizado en la fabricaci\u00f3n de alimentos es un factor tan cr\u00edtico para el producto final consumido, que cuatro importantes organizaciones gubernamentales han identificado espec\u00edficamente la necesidad de un control del aire comprimido. A menudo considerada como un punto cr\u00edtico de control (PCC), esta utilidad conocida como<br \/>\nEl aire comprimido se est\u00e1 abriendo camino ahora en el Programa de prerrequisitos (PRP) en lugar de solo en el plan de An\u00e1lisis de peligros y puntos cr\u00edticos de control (HACCP).<\/p>\n<p>[DisplayPDF pdf=&#8221;Compressed-Air-in-the-Food-and-Beverage-Industry.pdf&#8221; description=&#8221;Compressed Air in the Food and Beverage Industry&#8221;]<br \/>\n[NextPage]<br \/>\n[ShowSiblings]<\/p>\n","protected":false},"excerpt":{"rendered":"<p>Aire comprimido en la industria de alimentos y bebidas El aire comprimido es una utilidad fundamental que se utiliza com\u00fanmente en alimentos y bebidas. Entonces, \u00bfpor qu\u00e9 se pasa por alto con frecuencia como un punto cr\u00edtico de control? La calidad del aire comprimido utilizado en la fabricaci\u00f3n de alimentos es un factor tan cr\u00edtico para el producto final consumido, que cuatro importantes organizaciones gubernamentales han identificado espec\u00edficamente la necesidad de un control del aire comprimido. A menudo considerada como [&hellip;]<\/p>\n","protected":false},"author":1,"featured_media":0,"parent":22269,"menu_order":4,"comment_status":"closed","ping_status":"closed","template":"","meta":{"content-type":""},"yoast_head":"<!-- This site is optimized with the Yoast SEO Premium plugin v20.0 (Yoast SEO v20.0) - https:\/\/yoast.com\/wordpress\/plugins\/seo\/ -->\n<title>Aire comprimido en la industria de alimentos y bebidas - Trace Analytics, the AirCheck Lab<\/title>\n<meta name=\"robots\" content=\"index, follow, max-snippet:-1, max-image-preview:large, max-video-preview:-1\" \/>\n<link rel=\"canonical\" href=\"https:\/\/www.airchecklab.com\/es\/aire-de-calidad-alimentaria-en-la-fabricacion\/aire-comprimido-en-la-industria-de-alimentos-y-bebidas\/\" \/>\n<meta property=\"og:locale\" content=\"es_ES\" \/>\n<meta property=\"og:type\" content=\"article\" \/>\n<meta property=\"og:title\" content=\"Aire comprimido en la industria de alimentos y bebidas\" \/>\n<meta property=\"og:description\" content=\"Aire comprimido en la industria de alimentos y bebidas El aire comprimido es una utilidad fundamental que se utiliza com\u00fanmente en alimentos y bebidas. Entonces, \u00bfpor qu\u00e9 se pasa por alto con frecuencia como un punto cr\u00edtico de control? La calidad del aire comprimido utilizado en la fabricaci\u00f3n de alimentos es un factor tan cr\u00edtico para el producto final consumido, que cuatro importantes organizaciones gubernamentales han identificado espec\u00edficamente la necesidad de un control del aire comprimido. A menudo considerada como [&hellip;]\" \/>\n<meta property=\"og:url\" content=\"https:\/\/www.airchecklab.com\/es\/aire-de-calidad-alimentaria-en-la-fabricacion\/aire-comprimido-en-la-industria-de-alimentos-y-bebidas\/\" \/>\n<meta property=\"og:site_name\" content=\"Trace Analytics, the AirCheck Lab\" \/>\n<meta name=\"twitter:card\" content=\"summary_large_image\" \/>\n<meta name=\"twitter:label1\" content=\"Tiempo de lectura\" \/>\n\t<meta name=\"twitter:data1\" content=\"1 minuto\" \/>\n<script type=\"application\/ld+json\" class=\"yoast-schema-graph\">{\"@context\":\"https:\/\/schema.org\",\"@graph\":[{\"@type\":\"WebPage\",\"@id\":\"https:\/\/www.airchecklab.com\/es\/aire-de-calidad-alimentaria-en-la-fabricacion\/aire-comprimido-en-la-industria-de-alimentos-y-bebidas\/\",\"url\":\"https:\/\/www.airchecklab.com\/es\/aire-de-calidad-alimentaria-en-la-fabricacion\/aire-comprimido-en-la-industria-de-alimentos-y-bebidas\/\",\"name\":\"Aire comprimido en la industria de alimentos y bebidas - Trace Analytics, the AirCheck Lab\",\"isPartOf\":{\"@id\":\"\/#website\"},\"datePublished\":\"2021-12-27T16:08:57+00:00\",\"dateModified\":\"2021-12-27T16:08:57+00:00\",\"breadcrumb\":{\"@id\":\"https:\/\/www.airchecklab.com\/es\/aire-de-calidad-alimentaria-en-la-fabricacion\/aire-comprimido-en-la-industria-de-alimentos-y-bebidas\/#breadcrumb\"},\"inLanguage\":\"es\",\"potentialAction\":[{\"@type\":\"ReadAction\",\"target\":[\"https:\/\/www.airchecklab.com\/es\/aire-de-calidad-alimentaria-en-la-fabricacion\/aire-comprimido-en-la-industria-de-alimentos-y-bebidas\/\"]}]},{\"@type\":\"BreadcrumbList\",\"@id\":\"https:\/\/www.airchecklab.com\/es\/aire-de-calidad-alimentaria-en-la-fabricacion\/aire-comprimido-en-la-industria-de-alimentos-y-bebidas\/#breadcrumb\",\"itemListElement\":[{\"@type\":\"ListItem\",\"position\":1,\"name\":\"Home\",\"item\":\"https:\/\/www.airchecklab.com\/es\/analisis-de-seguimiento-pruebas-ambientales-y-de-aire-comprimido\/\"},{\"@type\":\"ListItem\",\"position\":2,\"name\":\"Aire de calidad alimentaria en la fabricaci\u00f3n\",\"item\":\"https:\/\/www.airchecklab.com\/es\/aire-de-calidad-alimentaria-en-la-fabricacion\/\"},{\"@type\":\"ListItem\",\"position\":3,\"name\":\"Aire comprimido en la industria de alimentos y bebidas\"}]},{\"@type\":\"WebSite\",\"@id\":\"\/#website\",\"url\":\"\/\",\"name\":\"Trace Analytics, the AirCheck Lab\",\"description\":\"Compressed Air Testing for ISO 8573, Microbial, SQF, Breathing Air\",\"publisher\":{\"@id\":\"\/#organization\"},\"potentialAction\":[{\"@type\":\"SearchAction\",\"target\":{\"@type\":\"EntryPoint\",\"urlTemplate\":\"\/?s={search_term_string}\"},\"query-input\":\"required name=search_term_string\"}],\"inLanguage\":\"es\"},{\"@type\":\"Organization\",\"@id\":\"\/#organization\",\"name\":\"Trace Analytics, LLC\",\"url\":\"\/\",\"logo\":{\"@type\":\"ImageObject\",\"inLanguage\":\"es\",\"@id\":\"\/#\/schema\/logo\/image\/\",\"url\":\"https:\/\/www.airchecklab.com\/wp-content\/uploads\/2021\/08\/Blue-01.png\",\"contentUrl\":\"https:\/\/www.airchecklab.com\/wp-content\/uploads\/2021\/08\/Blue-01.png\",\"width\":1600,\"height\":301,\"caption\":\"Trace Analytics, LLC\"},\"image\":{\"@id\":\"\/#\/schema\/logo\/image\/\"}}]}<\/script>\n<!-- \/ Yoast SEO Premium plugin. -->","yoast_head_json":{"title":"Aire comprimido en la industria de alimentos y bebidas - Trace Analytics, the AirCheck Lab","robots":{"index":"index","follow":"follow","max-snippet":"max-snippet:-1","max-image-preview":"max-image-preview:large","max-video-preview":"max-video-preview:-1"},"canonical":"https:\/\/www.airchecklab.com\/es\/aire-de-calidad-alimentaria-en-la-fabricacion\/aire-comprimido-en-la-industria-de-alimentos-y-bebidas\/","og_locale":"es_ES","og_type":"article","og_title":"Aire comprimido en la industria de alimentos y bebidas","og_description":"Aire comprimido en la industria de alimentos y bebidas El aire comprimido es una utilidad fundamental que se utiliza com\u00fanmente en alimentos y bebidas. Entonces, \u00bfpor qu\u00e9 se pasa por alto con frecuencia como un punto cr\u00edtico de control? La calidad del aire comprimido utilizado en la fabricaci\u00f3n de alimentos es un factor tan cr\u00edtico para el producto final consumido, que cuatro importantes organizaciones gubernamentales han identificado espec\u00edficamente la necesidad de un control del aire comprimido. A menudo considerada como [&hellip;]","og_url":"https:\/\/www.airchecklab.com\/es\/aire-de-calidad-alimentaria-en-la-fabricacion\/aire-comprimido-en-la-industria-de-alimentos-y-bebidas\/","og_site_name":"Trace Analytics, the AirCheck Lab","twitter_card":"summary_large_image","twitter_misc":{"Tiempo de lectura":"1 minuto"},"schema":{"@context":"https:\/\/schema.org","@graph":[{"@type":"WebPage","@id":"https:\/\/www.airchecklab.com\/es\/aire-de-calidad-alimentaria-en-la-fabricacion\/aire-comprimido-en-la-industria-de-alimentos-y-bebidas\/","url":"https:\/\/www.airchecklab.com\/es\/aire-de-calidad-alimentaria-en-la-fabricacion\/aire-comprimido-en-la-industria-de-alimentos-y-bebidas\/","name":"Aire comprimido en la industria de alimentos y bebidas - Trace Analytics, the AirCheck Lab","isPartOf":{"@id":"\/#website"},"datePublished":"2021-12-27T16:08:57+00:00","dateModified":"2021-12-27T16:08:57+00:00","breadcrumb":{"@id":"https:\/\/www.airchecklab.com\/es\/aire-de-calidad-alimentaria-en-la-fabricacion\/aire-comprimido-en-la-industria-de-alimentos-y-bebidas\/#breadcrumb"},"inLanguage":"es","potentialAction":[{"@type":"ReadAction","target":["https:\/\/www.airchecklab.com\/es\/aire-de-calidad-alimentaria-en-la-fabricacion\/aire-comprimido-en-la-industria-de-alimentos-y-bebidas\/"]}]},{"@type":"BreadcrumbList","@id":"https:\/\/www.airchecklab.com\/es\/aire-de-calidad-alimentaria-en-la-fabricacion\/aire-comprimido-en-la-industria-de-alimentos-y-bebidas\/#breadcrumb","itemListElement":[{"@type":"ListItem","position":1,"name":"Home","item":"https:\/\/www.airchecklab.com\/es\/analisis-de-seguimiento-pruebas-ambientales-y-de-aire-comprimido\/"},{"@type":"ListItem","position":2,"name":"Aire de calidad alimentaria en la fabricaci\u00f3n","item":"https:\/\/www.airchecklab.com\/es\/aire-de-calidad-alimentaria-en-la-fabricacion\/"},{"@type":"ListItem","position":3,"name":"Aire comprimido en la industria de alimentos y bebidas"}]},{"@type":"WebSite","@id":"\/#website","url":"\/","name":"Trace Analytics, the AirCheck Lab","description":"Compressed Air Testing for ISO 8573, Microbial, SQF, Breathing Air","publisher":{"@id":"\/#organization"},"potentialAction":[{"@type":"SearchAction","target":{"@type":"EntryPoint","urlTemplate":"\/?s={search_term_string}"},"query-input":"required name=search_term_string"}],"inLanguage":"es"},{"@type":"Organization","@id":"\/#organization","name":"Trace Analytics, LLC","url":"\/","logo":{"@type":"ImageObject","inLanguage":"es","@id":"\/#\/schema\/logo\/image\/","url":"https:\/\/www.airchecklab.com\/wp-content\/uploads\/2021\/08\/Blue-01.png","contentUrl":"https:\/\/www.airchecklab.com\/wp-content\/uploads\/2021\/08\/Blue-01.png","width":1600,"height":301,"caption":"Trace Analytics, LLC"},"image":{"@id":"\/#\/schema\/logo\/image\/"}}]}},"_links":{"self":[{"href":"https:\/\/www.airchecklab.com\/es\/wp-json\/wp\/v2\/pages\/22257"}],"collection":[{"href":"https:\/\/www.airchecklab.com\/es\/wp-json\/wp\/v2\/pages"}],"about":[{"href":"https:\/\/www.airchecklab.com\/es\/wp-json\/wp\/v2\/types\/page"}],"author":[{"embeddable":true,"href":"https:\/\/www.airchecklab.com\/es\/wp-json\/wp\/v2\/users\/1"}],"replies":[{"embeddable":true,"href":"https:\/\/www.airchecklab.com\/es\/wp-json\/wp\/v2\/comments?post=22257"}],"version-history":[{"count":0,"href":"https:\/\/www.airchecklab.com\/es\/wp-json\/wp\/v2\/pages\/22257\/revisions"}],"up":[{"embeddable":true,"href":"https:\/\/www.airchecklab.com\/es\/wp-json\/wp\/v2\/pages\/22269"}],"wp:attachment":[{"href":"https:\/\/www.airchecklab.com\/es\/wp-json\/wp\/v2\/media?parent=22257"}],"curies":[{"name":"wp","href":"https:\/\/api.w.org\/{rel}","templated":true}]}}