{"id":22260,"date":"2021-12-27T10:08:57","date_gmt":"2021-12-27T16:08:57","guid":{"rendered":"https:\/\/dev.airchecklab.com\/fuentes-de-contaminacion\/reducir-los-riesgos-de-contaminacion\/"},"modified":"2021-12-27T10:09:13","modified_gmt":"2021-12-27T16:09:13","slug":"reducir-los-riesgos-de-contaminacion","status":"publish","type":"page","link":"https:\/\/www.airchecklab.com\/es\/fuentes-de-contaminacion\/reducir-los-riesgos-de-contaminacion\/","title":{"rendered":"Reducir los riesgos de contaminaci\u00f3n"},"content":{"rendered":"<h2>Reducci\u00f3n de los riesgos de contaminaci\u00f3n del aire comprimido en plantas de alimentos<\/h2>\n<p>Cualquier instalaci\u00f3n moderna de fabricaci\u00f3n de alimentos emplea ampliamente el uso de aire comprimido en la planta. Tan com\u00fan como esto es, los peligros potenciales asociados con esta poderosa utilidad no son obvios ni aparentes. La legislaci\u00f3n sobre higiene alimentaria destinada a proteger al consumidor impone el deber de diligencia al fabricante de alimentos. Por esta raz\u00f3n, muchas empresas a menudo dise\u00f1an sus propios est\u00e1ndares internos de calidad del aire bas\u00e1ndose en lo que piensan o les han dicho que son las &#8220;mejores pr\u00e1cticas&#8221;. Esto no es de extra\u00f1ar, ya que las colecciones publicadas de Buenas Pr\u00e1cticas de Fabricaci\u00f3n (GMP) relacionadas con el aire comprimido son nebulosas y dif\u00edciles de atravesar. Es comprensible que esto haya dado lugar a una diferencia significativa en la calidad del aire comprimido utilizado en toda la industria, existiendo diferencias importantes incluso en plantas propiedad de la misma empresa. El objetivo de este documento es ayudar a que todo tenga sentido.<\/p>\n<p>[DisplayPDF pdf=&#8221;Compressed-Air-for-Food-GMPs.pdf&#8221; description=&#8221;Reducing Contamination Risks of Compressed Air in Food Plants&#8221;]<\/p>\n<p>[NextPage]<br \/>\n[ShowSiblings]<\/p>\n","protected":false},"excerpt":{"rendered":"<p>Reducci\u00f3n de los riesgos de contaminaci\u00f3n del aire comprimido en plantas de alimentos Cualquier instalaci\u00f3n moderna de fabricaci\u00f3n de alimentos emplea ampliamente el uso de aire comprimido en la planta. Tan com\u00fan como esto es, los peligros potenciales asociados con esta poderosa utilidad no son obvios ni aparentes. La legislaci\u00f3n sobre higiene alimentaria destinada a proteger al consumidor impone el deber de diligencia al fabricante de alimentos. Por esta raz\u00f3n, muchas empresas a menudo dise\u00f1an sus propios est\u00e1ndares internos de [&hellip;]<\/p>\n","protected":false},"author":1,"featured_media":0,"parent":22254,"menu_order":10,"comment_status":"closed","ping_status":"open","template":"","meta":{"content-type":""},"yoast_head":"<!-- This site is optimized with the Yoast SEO Premium plugin v20.0 (Yoast SEO v20.0) - https:\/\/yoast.com\/wordpress\/plugins\/seo\/ -->\n<title>Reducir los riesgos de contaminaci\u00f3n - Trace Analytics, the AirCheck Lab<\/title>\n<meta name=\"description\" content=\"Parker Balston&#039;s Reducing Contamination Riesks of Compressed Air in Food Plants: Benchmarking Good Manufacturing Practices Una plantilla de GMP para plantas de alimentos que utilizan sistemas basados en riesgos: Procedimientos HACCP GFSI - C\u00f3digo SQF\" \/>\n<meta name=\"robots\" content=\"index, follow, max-snippet:-1, max-image-preview:large, max-video-preview:-1\" \/>\n<link rel=\"canonical\" href=\"https:\/\/www.airchecklab.com\/es\/fuentes-de-contaminacion\/reducir-los-riesgos-de-contaminacion\/\" \/>\n<meta property=\"og:locale\" content=\"es_ES\" \/>\n<meta property=\"og:type\" content=\"article\" \/>\n<meta property=\"og:title\" content=\"Reducir los riesgos de contaminaci\u00f3n\" \/>\n<meta property=\"og:description\" content=\"Parker Balston&#039;s Reducing Contamination Riesks of Compressed Air in Food Plants: Benchmarking Good Manufacturing Practices Una plantilla de GMP para plantas de alimentos que utilizan sistemas basados en riesgos: Procedimientos HACCP GFSI - C\u00f3digo SQF\" \/>\n<meta property=\"og:url\" content=\"https:\/\/www.airchecklab.com\/es\/fuentes-de-contaminacion\/reducir-los-riesgos-de-contaminacion\/\" \/>\n<meta property=\"og:site_name\" content=\"Trace Analytics, the AirCheck Lab\" \/>\n<meta property=\"article:modified_time\" content=\"2021-12-27T16:09:13+00:00\" \/>\n<meta name=\"twitter:card\" content=\"summary_large_image\" \/>\n<meta name=\"twitter:label1\" content=\"Tiempo de lectura\" \/>\n\t<meta name=\"twitter:data1\" content=\"1 minuto\" \/>\n<script type=\"application\/ld+json\" class=\"yoast-schema-graph\">{\"@context\":\"https:\/\/schema.org\",\"@graph\":[{\"@type\":\"WebPage\",\"@id\":\"https:\/\/www.airchecklab.com\/es\/fuentes-de-contaminacion\/reducir-los-riesgos-de-contaminacion\/\",\"url\":\"https:\/\/www.airchecklab.com\/es\/fuentes-de-contaminacion\/reducir-los-riesgos-de-contaminacion\/\",\"name\":\"Reducir los riesgos de contaminaci\u00f3n - Trace Analytics, the AirCheck Lab\",\"isPartOf\":{\"@id\":\"\/#website\"},\"datePublished\":\"2021-12-27T16:08:57+00:00\",\"dateModified\":\"2021-12-27T16:09:13+00:00\",\"description\":\"Parker Balston's Reducing Contamination Riesks of Compressed Air in Food Plants: Benchmarking Good Manufacturing Practices Una plantilla de GMP para plantas de alimentos que utilizan sistemas basados en riesgos: Procedimientos HACCP GFSI - C\u00f3digo SQF\",\"breadcrumb\":{\"@id\":\"https:\/\/www.airchecklab.com\/es\/fuentes-de-contaminacion\/reducir-los-riesgos-de-contaminacion\/#breadcrumb\"},\"inLanguage\":\"es\",\"potentialAction\":[{\"@type\":\"ReadAction\",\"target\":[\"https:\/\/www.airchecklab.com\/es\/fuentes-de-contaminacion\/reducir-los-riesgos-de-contaminacion\/\"]}]},{\"@type\":\"BreadcrumbList\",\"@id\":\"https:\/\/www.airchecklab.com\/es\/fuentes-de-contaminacion\/reducir-los-riesgos-de-contaminacion\/#breadcrumb\",\"itemListElement\":[{\"@type\":\"ListItem\",\"position\":1,\"name\":\"Home\",\"item\":\"https:\/\/www.airchecklab.com\/es\/analisis-de-seguimiento-pruebas-ambientales-y-de-aire-comprimido\/\"},{\"@type\":\"ListItem\",\"position\":2,\"name\":\"Fuentes de contaminaci\u00f3n\",\"item\":\"https:\/\/www.airchecklab.com\/es\/fuentes-de-contaminacion\/\"},{\"@type\":\"ListItem\",\"position\":3,\"name\":\"Reducir los riesgos de contaminaci\u00f3n\"}]},{\"@type\":\"WebSite\",\"@id\":\"\/#website\",\"url\":\"\/\",\"name\":\"Trace Analytics, the AirCheck Lab\",\"description\":\"Compressed Air Testing for ISO 8573, Microbial, SQF, Breathing Air\",\"publisher\":{\"@id\":\"\/#organization\"},\"potentialAction\":[{\"@type\":\"SearchAction\",\"target\":{\"@type\":\"EntryPoint\",\"urlTemplate\":\"\/?s={search_term_string}\"},\"query-input\":\"required name=search_term_string\"}],\"inLanguage\":\"es\"},{\"@type\":\"Organization\",\"@id\":\"\/#organization\",\"name\":\"Trace Analytics, LLC\",\"url\":\"\/\",\"logo\":{\"@type\":\"ImageObject\",\"inLanguage\":\"es\",\"@id\":\"\/#\/schema\/logo\/image\/\",\"url\":\"https:\/\/www.airchecklab.com\/wp-content\/uploads\/2021\/08\/Blue-01.png\",\"contentUrl\":\"https:\/\/www.airchecklab.com\/wp-content\/uploads\/2021\/08\/Blue-01.png\",\"width\":1600,\"height\":301,\"caption\":\"Trace Analytics, LLC\"},\"image\":{\"@id\":\"\/#\/schema\/logo\/image\/\"}}]}<\/script>\n<!-- \/ Yoast SEO Premium plugin. -->","yoast_head_json":{"title":"Reducir los riesgos de contaminaci\u00f3n - Trace Analytics, the AirCheck Lab","description":"Parker Balston's Reducing Contamination Riesks of Compressed Air in Food Plants: Benchmarking Good Manufacturing Practices Una plantilla de GMP para plantas de alimentos que utilizan sistemas basados en riesgos: Procedimientos HACCP GFSI - C\u00f3digo SQF","robots":{"index":"index","follow":"follow","max-snippet":"max-snippet:-1","max-image-preview":"max-image-preview:large","max-video-preview":"max-video-preview:-1"},"canonical":"https:\/\/www.airchecklab.com\/es\/fuentes-de-contaminacion\/reducir-los-riesgos-de-contaminacion\/","og_locale":"es_ES","og_type":"article","og_title":"Reducir los riesgos de contaminaci\u00f3n","og_description":"Parker Balston's Reducing Contamination Riesks of Compressed Air in Food Plants: Benchmarking Good Manufacturing Practices Una plantilla de GMP para plantas de alimentos que utilizan sistemas basados en riesgos: Procedimientos HACCP GFSI - C\u00f3digo SQF","og_url":"https:\/\/www.airchecklab.com\/es\/fuentes-de-contaminacion\/reducir-los-riesgos-de-contaminacion\/","og_site_name":"Trace Analytics, the AirCheck Lab","article_modified_time":"2021-12-27T16:09:13+00:00","twitter_card":"summary_large_image","twitter_misc":{"Tiempo de lectura":"1 minuto"},"schema":{"@context":"https:\/\/schema.org","@graph":[{"@type":"WebPage","@id":"https:\/\/www.airchecklab.com\/es\/fuentes-de-contaminacion\/reducir-los-riesgos-de-contaminacion\/","url":"https:\/\/www.airchecklab.com\/es\/fuentes-de-contaminacion\/reducir-los-riesgos-de-contaminacion\/","name":"Reducir los riesgos de contaminaci\u00f3n - Trace Analytics, the AirCheck Lab","isPartOf":{"@id":"\/#website"},"datePublished":"2021-12-27T16:08:57+00:00","dateModified":"2021-12-27T16:09:13+00:00","description":"Parker Balston's Reducing Contamination Riesks of Compressed Air in Food Plants: Benchmarking Good Manufacturing Practices Una plantilla de GMP para plantas de alimentos que utilizan sistemas basados en riesgos: Procedimientos HACCP GFSI - C\u00f3digo SQF","breadcrumb":{"@id":"https:\/\/www.airchecklab.com\/es\/fuentes-de-contaminacion\/reducir-los-riesgos-de-contaminacion\/#breadcrumb"},"inLanguage":"es","potentialAction":[{"@type":"ReadAction","target":["https:\/\/www.airchecklab.com\/es\/fuentes-de-contaminacion\/reducir-los-riesgos-de-contaminacion\/"]}]},{"@type":"BreadcrumbList","@id":"https:\/\/www.airchecklab.com\/es\/fuentes-de-contaminacion\/reducir-los-riesgos-de-contaminacion\/#breadcrumb","itemListElement":[{"@type":"ListItem","position":1,"name":"Home","item":"https:\/\/www.airchecklab.com\/es\/analisis-de-seguimiento-pruebas-ambientales-y-de-aire-comprimido\/"},{"@type":"ListItem","position":2,"name":"Fuentes de contaminaci\u00f3n","item":"https:\/\/www.airchecklab.com\/es\/fuentes-de-contaminacion\/"},{"@type":"ListItem","position":3,"name":"Reducir los riesgos de contaminaci\u00f3n"}]},{"@type":"WebSite","@id":"\/#website","url":"\/","name":"Trace Analytics, the AirCheck Lab","description":"Compressed Air Testing for ISO 8573, Microbial, SQF, Breathing Air","publisher":{"@id":"\/#organization"},"potentialAction":[{"@type":"SearchAction","target":{"@type":"EntryPoint","urlTemplate":"\/?s={search_term_string}"},"query-input":"required name=search_term_string"}],"inLanguage":"es"},{"@type":"Organization","@id":"\/#organization","name":"Trace Analytics, LLC","url":"\/","logo":{"@type":"ImageObject","inLanguage":"es","@id":"\/#\/schema\/logo\/image\/","url":"https:\/\/www.airchecklab.com\/wp-content\/uploads\/2021\/08\/Blue-01.png","contentUrl":"https:\/\/www.airchecklab.com\/wp-content\/uploads\/2021\/08\/Blue-01.png","width":1600,"height":301,"caption":"Trace Analytics, LLC"},"image":{"@id":"\/#\/schema\/logo\/image\/"}}]}},"_links":{"self":[{"href":"https:\/\/www.airchecklab.com\/es\/wp-json\/wp\/v2\/pages\/22260"}],"collection":[{"href":"https:\/\/www.airchecklab.com\/es\/wp-json\/wp\/v2\/pages"}],"about":[{"href":"https:\/\/www.airchecklab.com\/es\/wp-json\/wp\/v2\/types\/page"}],"author":[{"embeddable":true,"href":"https:\/\/www.airchecklab.com\/es\/wp-json\/wp\/v2\/users\/1"}],"replies":[{"embeddable":true,"href":"https:\/\/www.airchecklab.com\/es\/wp-json\/wp\/v2\/comments?post=22260"}],"version-history":[{"count":1,"href":"https:\/\/www.airchecklab.com\/es\/wp-json\/wp\/v2\/pages\/22260\/revisions"}],"predecessor-version":[{"id":22318,"href":"https:\/\/www.airchecklab.com\/es\/wp-json\/wp\/v2\/pages\/22260\/revisions\/22318"}],"up":[{"embeddable":true,"href":"https:\/\/www.airchecklab.com\/es\/wp-json\/wp\/v2\/pages\/22254"}],"wp:attachment":[{"href":"https:\/\/www.airchecklab.com\/es\/wp-json\/wp\/v2\/media?parent=22260"}],"curies":[{"name":"wp","href":"https:\/\/api.w.org\/{rel}","templated":true}]}}