{"id":22263,"date":"2021-12-27T10:08:58","date_gmt":"2021-12-27T16:08:58","guid":{"rendered":"https:\/\/dev.airchecklab.com\/fuentes-de-contaminacion\/contaminacion-del-aire-comprimido-en-la-industria-alimentaria\/"},"modified":"2021-12-27T10:08:58","modified_gmt":"2021-12-27T16:08:58","slug":"contaminacion-del-aire-comprimido-en-la-industria-alimentaria","status":"publish","type":"page","link":"https:\/\/www.airchecklab.com\/es\/fuentes-de-contaminacion\/contaminacion-del-aire-comprimido-en-la-industria-alimentaria\/","title":{"rendered":"Contaminaci\u00f3n del aire comprimido en la industria alimentaria"},"content":{"rendered":"<h2>Contaminaci\u00f3n del aire comprimido en la industria alimentaria<\/h2>\n<p>El aire comprimido se utiliza en una amplia gama de aplicaciones en la industria de procesamiento de alimentos, como mezcla de ingredientes, corte, burbujeo, secado del producto, transporte \/ propulsi\u00f3n del producto a trav\u00e9s de sistemas de procesamiento y envasado del producto final. En muchas de estas aplicaciones, el aire comprimido est\u00e1 en contacto directo o indirecto con el producto alimenticio y las impurezas en el aire comprimido pueden contaminar el producto alimenticio, lo que puede provocar cambios de color y sabor, reducci\u00f3n de la vida \u00fatil y exposici\u00f3n a bacterias. y otros microorganismos pueden resultar en retiradas de productos.<\/p>\n<p>[DisplayPDF pdf=&#8221;Compressed-Air-Contamination-in-Food-Industry.pdf&#8221; description=&#8221;Compressed Air Contamination in the Food Industry&#8221;]<\/p>\n<p>[NextPage]<br \/>\n[ShowSiblings]<\/p>\n","protected":false},"excerpt":{"rendered":"<p>Contaminaci\u00f3n del aire comprimido en la industria alimentaria El aire comprimido se utiliza en una amplia gama de aplicaciones en la industria de procesamiento de alimentos, como mezcla de ingredientes, corte, burbujeo, secado del producto, transporte \/ propulsi\u00f3n del producto a trav\u00e9s de sistemas de procesamiento y envasado del producto final. En muchas de estas aplicaciones, el aire comprimido est\u00e1 en contacto directo o indirecto con el producto alimenticio y las impurezas en el aire comprimido pueden contaminar el producto [&hellip;]<\/p>\n","protected":false},"author":1,"featured_media":0,"parent":22254,"menu_order":20,"comment_status":"closed","ping_status":"open","template":"","meta":{"content-type":""},"yoast_head":"<!-- This site is optimized with the Yoast SEO Premium plugin v20.0 (Yoast SEO v20.0) - https:\/\/yoast.com\/wordpress\/plugins\/seo\/ -->\n<title>Contaminaci\u00f3n del aire comprimido en la industria alimentaria - Trace Analytics, the AirCheck Lab<\/title>\n<meta name=\"description\" content=\"Aire comprimido: una fuente de contaminaci\u00f3n ignorada en la industria alimentaria por Parker Balston.\" \/>\n<meta name=\"robots\" content=\"index, follow, max-snippet:-1, max-image-preview:large, max-video-preview:-1\" \/>\n<link rel=\"canonical\" href=\"https:\/\/www.airchecklab.com\/es\/fuentes-de-contaminacion\/contaminacion-del-aire-comprimido-en-la-industria-alimentaria\/\" \/>\n<meta property=\"og:locale\" content=\"es_ES\" \/>\n<meta property=\"og:type\" content=\"article\" \/>\n<meta property=\"og:title\" content=\"Contaminaci\u00f3n del aire comprimido en la industria alimentaria\" \/>\n<meta property=\"og:description\" content=\"Aire comprimido: una fuente de contaminaci\u00f3n ignorada en la industria alimentaria por Parker Balston.\" \/>\n<meta property=\"og:url\" content=\"https:\/\/www.airchecklab.com\/es\/fuentes-de-contaminacion\/contaminacion-del-aire-comprimido-en-la-industria-alimentaria\/\" \/>\n<meta property=\"og:site_name\" content=\"Trace Analytics, the AirCheck Lab\" \/>\n<meta name=\"twitter:card\" content=\"summary_large_image\" \/>\n<meta name=\"twitter:label1\" content=\"Tiempo de lectura\" \/>\n\t<meta name=\"twitter:data1\" content=\"1 minuto\" \/>\n<script type=\"application\/ld+json\" class=\"yoast-schema-graph\">{\"@context\":\"https:\/\/schema.org\",\"@graph\":[{\"@type\":\"WebPage\",\"@id\":\"https:\/\/www.airchecklab.com\/es\/fuentes-de-contaminacion\/contaminacion-del-aire-comprimido-en-la-industria-alimentaria\/\",\"url\":\"https:\/\/www.airchecklab.com\/es\/fuentes-de-contaminacion\/contaminacion-del-aire-comprimido-en-la-industria-alimentaria\/\",\"name\":\"Contaminaci\u00f3n del aire comprimido en la industria alimentaria - Trace Analytics, the AirCheck Lab\",\"isPartOf\":{\"@id\":\"\/#website\"},\"datePublished\":\"2021-12-27T16:08:58+00:00\",\"dateModified\":\"2021-12-27T16:08:58+00:00\",\"description\":\"Aire comprimido: una fuente de contaminaci\u00f3n ignorada en la industria alimentaria por Parker Balston.\",\"breadcrumb\":{\"@id\":\"https:\/\/www.airchecklab.com\/es\/fuentes-de-contaminacion\/contaminacion-del-aire-comprimido-en-la-industria-alimentaria\/#breadcrumb\"},\"inLanguage\":\"es\",\"potentialAction\":[{\"@type\":\"ReadAction\",\"target\":[\"https:\/\/www.airchecklab.com\/es\/fuentes-de-contaminacion\/contaminacion-del-aire-comprimido-en-la-industria-alimentaria\/\"]}]},{\"@type\":\"BreadcrumbList\",\"@id\":\"https:\/\/www.airchecklab.com\/es\/fuentes-de-contaminacion\/contaminacion-del-aire-comprimido-en-la-industria-alimentaria\/#breadcrumb\",\"itemListElement\":[{\"@type\":\"ListItem\",\"position\":1,\"name\":\"Home\",\"item\":\"https:\/\/www.airchecklab.com\/es\/analisis-de-seguimiento-pruebas-ambientales-y-de-aire-comprimido\/\"},{\"@type\":\"ListItem\",\"position\":2,\"name\":\"Fuentes de contaminaci\u00f3n\",\"item\":\"https:\/\/www.airchecklab.com\/es\/fuentes-de-contaminacion\/\"},{\"@type\":\"ListItem\",\"position\":3,\"name\":\"Contaminaci\u00f3n del aire comprimido en la industria alimentaria\"}]},{\"@type\":\"WebSite\",\"@id\":\"\/#website\",\"url\":\"\/\",\"name\":\"Trace Analytics, the AirCheck Lab\",\"description\":\"Compressed Air Testing for ISO 8573, Microbial, SQF, Breathing Air\",\"publisher\":{\"@id\":\"\/#organization\"},\"potentialAction\":[{\"@type\":\"SearchAction\",\"target\":{\"@type\":\"EntryPoint\",\"urlTemplate\":\"\/?s={search_term_string}\"},\"query-input\":\"required name=search_term_string\"}],\"inLanguage\":\"es\"},{\"@type\":\"Organization\",\"@id\":\"\/#organization\",\"name\":\"Trace Analytics, LLC\",\"url\":\"\/\",\"logo\":{\"@type\":\"ImageObject\",\"inLanguage\":\"es\",\"@id\":\"\/#\/schema\/logo\/image\/\",\"url\":\"https:\/\/www.airchecklab.com\/wp-content\/uploads\/2021\/08\/Blue-01.png\",\"contentUrl\":\"https:\/\/www.airchecklab.com\/wp-content\/uploads\/2021\/08\/Blue-01.png\",\"width\":1600,\"height\":301,\"caption\":\"Trace Analytics, LLC\"},\"image\":{\"@id\":\"\/#\/schema\/logo\/image\/\"}}]}<\/script>\n<!-- \/ Yoast SEO Premium plugin. -->","yoast_head_json":{"title":"Contaminaci\u00f3n del aire comprimido en la industria alimentaria - Trace Analytics, the AirCheck Lab","description":"Aire comprimido: una fuente de contaminaci\u00f3n ignorada en la industria alimentaria por Parker Balston.","robots":{"index":"index","follow":"follow","max-snippet":"max-snippet:-1","max-image-preview":"max-image-preview:large","max-video-preview":"max-video-preview:-1"},"canonical":"https:\/\/www.airchecklab.com\/es\/fuentes-de-contaminacion\/contaminacion-del-aire-comprimido-en-la-industria-alimentaria\/","og_locale":"es_ES","og_type":"article","og_title":"Contaminaci\u00f3n del aire comprimido en la industria alimentaria","og_description":"Aire comprimido: una fuente de contaminaci\u00f3n ignorada en la industria alimentaria por Parker Balston.","og_url":"https:\/\/www.airchecklab.com\/es\/fuentes-de-contaminacion\/contaminacion-del-aire-comprimido-en-la-industria-alimentaria\/","og_site_name":"Trace Analytics, the AirCheck Lab","twitter_card":"summary_large_image","twitter_misc":{"Tiempo de lectura":"1 minuto"},"schema":{"@context":"https:\/\/schema.org","@graph":[{"@type":"WebPage","@id":"https:\/\/www.airchecklab.com\/es\/fuentes-de-contaminacion\/contaminacion-del-aire-comprimido-en-la-industria-alimentaria\/","url":"https:\/\/www.airchecklab.com\/es\/fuentes-de-contaminacion\/contaminacion-del-aire-comprimido-en-la-industria-alimentaria\/","name":"Contaminaci\u00f3n del aire comprimido en la industria alimentaria - Trace Analytics, the AirCheck Lab","isPartOf":{"@id":"\/#website"},"datePublished":"2021-12-27T16:08:58+00:00","dateModified":"2021-12-27T16:08:58+00:00","description":"Aire comprimido: una fuente de contaminaci\u00f3n ignorada en la industria alimentaria por Parker Balston.","breadcrumb":{"@id":"https:\/\/www.airchecklab.com\/es\/fuentes-de-contaminacion\/contaminacion-del-aire-comprimido-en-la-industria-alimentaria\/#breadcrumb"},"inLanguage":"es","potentialAction":[{"@type":"ReadAction","target":["https:\/\/www.airchecklab.com\/es\/fuentes-de-contaminacion\/contaminacion-del-aire-comprimido-en-la-industria-alimentaria\/"]}]},{"@type":"BreadcrumbList","@id":"https:\/\/www.airchecklab.com\/es\/fuentes-de-contaminacion\/contaminacion-del-aire-comprimido-en-la-industria-alimentaria\/#breadcrumb","itemListElement":[{"@type":"ListItem","position":1,"name":"Home","item":"https:\/\/www.airchecklab.com\/es\/analisis-de-seguimiento-pruebas-ambientales-y-de-aire-comprimido\/"},{"@type":"ListItem","position":2,"name":"Fuentes de contaminaci\u00f3n","item":"https:\/\/www.airchecklab.com\/es\/fuentes-de-contaminacion\/"},{"@type":"ListItem","position":3,"name":"Contaminaci\u00f3n del aire comprimido en la industria alimentaria"}]},{"@type":"WebSite","@id":"\/#website","url":"\/","name":"Trace Analytics, the AirCheck Lab","description":"Compressed Air Testing for ISO 8573, Microbial, SQF, Breathing Air","publisher":{"@id":"\/#organization"},"potentialAction":[{"@type":"SearchAction","target":{"@type":"EntryPoint","urlTemplate":"\/?s={search_term_string}"},"query-input":"required name=search_term_string"}],"inLanguage":"es"},{"@type":"Organization","@id":"\/#organization","name":"Trace Analytics, LLC","url":"\/","logo":{"@type":"ImageObject","inLanguage":"es","@id":"\/#\/schema\/logo\/image\/","url":"https:\/\/www.airchecklab.com\/wp-content\/uploads\/2021\/08\/Blue-01.png","contentUrl":"https:\/\/www.airchecklab.com\/wp-content\/uploads\/2021\/08\/Blue-01.png","width":1600,"height":301,"caption":"Trace Analytics, LLC"},"image":{"@id":"\/#\/schema\/logo\/image\/"}}]}},"_links":{"self":[{"href":"https:\/\/www.airchecklab.com\/es\/wp-json\/wp\/v2\/pages\/22263"}],"collection":[{"href":"https:\/\/www.airchecklab.com\/es\/wp-json\/wp\/v2\/pages"}],"about":[{"href":"https:\/\/www.airchecklab.com\/es\/wp-json\/wp\/v2\/types\/page"}],"author":[{"embeddable":true,"href":"https:\/\/www.airchecklab.com\/es\/wp-json\/wp\/v2\/users\/1"}],"replies":[{"embeddable":true,"href":"https:\/\/www.airchecklab.com\/es\/wp-json\/wp\/v2\/comments?post=22263"}],"version-history":[{"count":1,"href":"https:\/\/www.airchecklab.com\/es\/wp-json\/wp\/v2\/pages\/22263\/revisions"}],"predecessor-version":[{"id":22265,"href":"https:\/\/www.airchecklab.com\/es\/wp-json\/wp\/v2\/pages\/22263\/revisions\/22265"}],"up":[{"embeddable":true,"href":"https:\/\/www.airchecklab.com\/es\/wp-json\/wp\/v2\/pages\/22254"}],"wp:attachment":[{"href":"https:\/\/www.airchecklab.com\/es\/wp-json\/wp\/v2\/media?parent=22263"}],"curies":[{"name":"wp","href":"https:\/\/api.w.org\/{rel}","templated":true}]}}