{"id":22268,"date":"2021-12-27T10:08:59","date_gmt":"2021-12-27T16:08:59","guid":{"rendered":"https:\/\/dev.airchecklab.com\/prueba-de-aire-comprimido-iso-8573\/video-instructivo-del-kit-aircheck%e2%9c%93-k810\/"},"modified":"2021-12-27T10:08:59","modified_gmt":"2021-12-27T16:08:59","slug":"video-instructivo-del-kit-aircheck%e2%9c%93-k810","status":"publish","type":"page","link":"https:\/\/www.airchecklab.com\/es\/prueba-de-aire-comprimido-iso-8573\/video-instructivo-del-kit-aircheck%e2%9c%93-k810\/","title":{"rendered":"Video instructivo del kit AirCheck\u2713 K810"},"content":{"rendered":"<h2>Video instructivo del [aircheck]kit[\/aircheck] K810 para muestreo de aire ISO 8573-1<\/h2>\n<p>Este video lo gu\u00eda a trav\u00e9s del proceso de muestreo para el [aircheck]Kit[\/aircheck] K810, paso a paso. ISO 8573-1 o el muestreo de part\u00edculas, agua y aceite nunca ha sido tan f\u00e1cil con nuestras computadoras port\u00e1tiles AirCheck paso a paso y videos en l\u00ednea.<\/p>\n<p>[mylist-video-player playlist_id=&#8221;PLM_anp2YjmaP-WaY5IW4RJy4mcu_XRn8a&#8221; api_key=&#8221;AIzaSyCycrAvEUwT0QrR0NnNL5h2oU3jc2FAiNs&#8221;]<\/p>\n<p>[NextPage]<br \/>\n[ShowSiblings]<\/p>\n","protected":false},"excerpt":{"rendered":"<p>Video instructivo del [aircheck]kit[\/aircheck] K810 para muestreo de aire ISO 8573-1 Este video lo gu\u00eda a trav\u00e9s del proceso de muestreo para el [aircheck]Kit[\/aircheck] K810, paso a paso. ISO 8573-1 o el muestreo de part\u00edculas, agua y aceite nunca ha sido tan f\u00e1cil con nuestras computadoras port\u00e1tiles AirCheck paso a paso y videos en l\u00ednea. [mylist-video-player playlist_id=&#8221;PLM_anp2YjmaP-WaY5IW4RJy4mcu_XRn8a&#8221; api_key=&#8221;AIzaSyCycrAvEUwT0QrR0NnNL5h2oU3jc2FAiNs&#8221;] [NextPage] [ShowSiblings]<\/p>\n","protected":false},"author":1,"featured_media":0,"parent":22266,"menu_order":50,"comment_status":"closed","ping_status":"closed","template":"index.php","meta":{"content-type":""},"yoast_head":"<!-- This site is optimized with the Yoast SEO Premium plugin v20.0 (Yoast SEO v20.0) - https:\/\/yoast.com\/wordpress\/plugins\/seo\/ -->\n<title>Video instructivo del kit AirCheck\u2713 K810 - Trace Analytics, the AirCheck Lab<\/title>\n<meta name=\"description\" content=\"El kit AirCheck K8573NB se utiliza para el muestreo de aire ISO 8573-1. Vea los pasos en este video instructivo de ISO 8573.\" \/>\n<meta name=\"robots\" content=\"index, follow, max-snippet:-1, max-image-preview:large, max-video-preview:-1\" \/>\n<link rel=\"canonical\" href=\"https:\/\/www.airchecklab.com\/es\/prueba-de-aire-comprimido-iso-8573\/video-instructivo-del-kit-aircheck%e2%9c%93-k810\/\" \/>\n<meta property=\"og:locale\" content=\"es_ES\" \/>\n<meta property=\"og:type\" content=\"article\" \/>\n<meta property=\"og:title\" content=\"Video instructivo del kit AirCheck\u2713 K810\" \/>\n<meta property=\"og:description\" content=\"El kit AirCheck K8573NB se utiliza para el muestreo de aire ISO 8573-1. Vea los pasos en este video instructivo de ISO 8573.\" \/>\n<meta property=\"og:url\" content=\"https:\/\/www.airchecklab.com\/es\/prueba-de-aire-comprimido-iso-8573\/video-instructivo-del-kit-aircheck%e2%9c%93-k810\/\" \/>\n<meta property=\"og:site_name\" content=\"Trace Analytics, the AirCheck Lab\" \/>\n<meta name=\"twitter:card\" content=\"summary_large_image\" \/>\n<script type=\"application\/ld+json\" class=\"yoast-schema-graph\">{\"@context\":\"https:\/\/schema.org\",\"@graph\":[{\"@type\":\"WebPage\",\"@id\":\"https:\/\/www.airchecklab.com\/es\/prueba-de-aire-comprimido-iso-8573\/video-instructivo-del-kit-aircheck%e2%9c%93-k810\/\",\"url\":\"https:\/\/www.airchecklab.com\/es\/prueba-de-aire-comprimido-iso-8573\/video-instructivo-del-kit-aircheck%e2%9c%93-k810\/\",\"name\":\"Video instructivo del kit AirCheck\u2713 K810 - Trace Analytics, the AirCheck Lab\",\"isPartOf\":{\"@id\":\"\/#website\"},\"datePublished\":\"2021-12-27T16:08:59+00:00\",\"dateModified\":\"2021-12-27T16:08:59+00:00\",\"description\":\"El kit AirCheck K8573NB se utiliza para el muestreo de aire ISO 8573-1. Vea los pasos en este video instructivo de ISO 8573.\",\"breadcrumb\":{\"@id\":\"https:\/\/www.airchecklab.com\/es\/prueba-de-aire-comprimido-iso-8573\/video-instructivo-del-kit-aircheck%e2%9c%93-k810\/#breadcrumb\"},\"inLanguage\":\"es\",\"potentialAction\":[{\"@type\":\"ReadAction\",\"target\":[\"https:\/\/www.airchecklab.com\/es\/prueba-de-aire-comprimido-iso-8573\/video-instructivo-del-kit-aircheck%e2%9c%93-k810\/\"]}]},{\"@type\":\"BreadcrumbList\",\"@id\":\"https:\/\/www.airchecklab.com\/es\/prueba-de-aire-comprimido-iso-8573\/video-instructivo-del-kit-aircheck%e2%9c%93-k810\/#breadcrumb\",\"itemListElement\":[{\"@type\":\"ListItem\",\"position\":1,\"name\":\"Home\",\"item\":\"https:\/\/www.airchecklab.com\/es\/analisis-de-seguimiento-pruebas-ambientales-y-de-aire-comprimido\/\"},{\"@type\":\"ListItem\",\"position\":2,\"name\":\"Prueba de aire comprimido ISO 8573\",\"item\":\"https:\/\/www.airchecklab.com\/es\/prueba-de-aire-comprimido-iso-8573\/\"},{\"@type\":\"ListItem\",\"position\":3,\"name\":\"Video instructivo del kit AirCheck\u2713 K810\"}]},{\"@type\":\"WebSite\",\"@id\":\"\/#website\",\"url\":\"\/\",\"name\":\"Trace Analytics, the AirCheck Lab\",\"description\":\"Compressed Air Testing for ISO 8573, Microbial, SQF, Breathing Air\",\"publisher\":{\"@id\":\"\/#organization\"},\"potentialAction\":[{\"@type\":\"SearchAction\",\"target\":{\"@type\":\"EntryPoint\",\"urlTemplate\":\"\/?s={search_term_string}\"},\"query-input\":\"required name=search_term_string\"}],\"inLanguage\":\"es\"},{\"@type\":\"Organization\",\"@id\":\"\/#organization\",\"name\":\"Trace Analytics, LLC\",\"url\":\"\/\",\"logo\":{\"@type\":\"ImageObject\",\"inLanguage\":\"es\",\"@id\":\"\/#\/schema\/logo\/image\/\",\"url\":\"https:\/\/www.airchecklab.com\/wp-content\/uploads\/2021\/08\/Blue-01.png\",\"contentUrl\":\"https:\/\/www.airchecklab.com\/wp-content\/uploads\/2021\/08\/Blue-01.png\",\"width\":1600,\"height\":301,\"caption\":\"Trace Analytics, LLC\"},\"image\":{\"@id\":\"\/#\/schema\/logo\/image\/\"}}]}<\/script>\n<!-- \/ Yoast SEO Premium plugin. -->","yoast_head_json":{"title":"Video instructivo del kit AirCheck\u2713 K810 - Trace Analytics, the AirCheck Lab","description":"El kit AirCheck K8573NB se utiliza para el muestreo de aire ISO 8573-1. Vea los pasos en este video instructivo de ISO 8573.","robots":{"index":"index","follow":"follow","max-snippet":"max-snippet:-1","max-image-preview":"max-image-preview:large","max-video-preview":"max-video-preview:-1"},"canonical":"https:\/\/www.airchecklab.com\/es\/prueba-de-aire-comprimido-iso-8573\/video-instructivo-del-kit-aircheck%e2%9c%93-k810\/","og_locale":"es_ES","og_type":"article","og_title":"Video instructivo del kit AirCheck\u2713 K810","og_description":"El kit AirCheck K8573NB se utiliza para el muestreo de aire ISO 8573-1. Vea los pasos en este video instructivo de ISO 8573.","og_url":"https:\/\/www.airchecklab.com\/es\/prueba-de-aire-comprimido-iso-8573\/video-instructivo-del-kit-aircheck%e2%9c%93-k810\/","og_site_name":"Trace Analytics, the AirCheck Lab","twitter_card":"summary_large_image","schema":{"@context":"https:\/\/schema.org","@graph":[{"@type":"WebPage","@id":"https:\/\/www.airchecklab.com\/es\/prueba-de-aire-comprimido-iso-8573\/video-instructivo-del-kit-aircheck%e2%9c%93-k810\/","url":"https:\/\/www.airchecklab.com\/es\/prueba-de-aire-comprimido-iso-8573\/video-instructivo-del-kit-aircheck%e2%9c%93-k810\/","name":"Video instructivo del kit AirCheck\u2713 K810 - Trace Analytics, the AirCheck Lab","isPartOf":{"@id":"\/#website"},"datePublished":"2021-12-27T16:08:59+00:00","dateModified":"2021-12-27T16:08:59+00:00","description":"El kit AirCheck K8573NB se utiliza para el muestreo de aire ISO 8573-1. Vea los pasos en este video instructivo de ISO 8573.","breadcrumb":{"@id":"https:\/\/www.airchecklab.com\/es\/prueba-de-aire-comprimido-iso-8573\/video-instructivo-del-kit-aircheck%e2%9c%93-k810\/#breadcrumb"},"inLanguage":"es","potentialAction":[{"@type":"ReadAction","target":["https:\/\/www.airchecklab.com\/es\/prueba-de-aire-comprimido-iso-8573\/video-instructivo-del-kit-aircheck%e2%9c%93-k810\/"]}]},{"@type":"BreadcrumbList","@id":"https:\/\/www.airchecklab.com\/es\/prueba-de-aire-comprimido-iso-8573\/video-instructivo-del-kit-aircheck%e2%9c%93-k810\/#breadcrumb","itemListElement":[{"@type":"ListItem","position":1,"name":"Home","item":"https:\/\/www.airchecklab.com\/es\/analisis-de-seguimiento-pruebas-ambientales-y-de-aire-comprimido\/"},{"@type":"ListItem","position":2,"name":"Prueba de aire comprimido ISO 8573","item":"https:\/\/www.airchecklab.com\/es\/prueba-de-aire-comprimido-iso-8573\/"},{"@type":"ListItem","position":3,"name":"Video instructivo del kit AirCheck\u2713 K810"}]},{"@type":"WebSite","@id":"\/#website","url":"\/","name":"Trace Analytics, the AirCheck Lab","description":"Compressed Air Testing for ISO 8573, Microbial, SQF, Breathing Air","publisher":{"@id":"\/#organization"},"potentialAction":[{"@type":"SearchAction","target":{"@type":"EntryPoint","urlTemplate":"\/?s={search_term_string}"},"query-input":"required name=search_term_string"}],"inLanguage":"es"},{"@type":"Organization","@id":"\/#organization","name":"Trace Analytics, LLC","url":"\/","logo":{"@type":"ImageObject","inLanguage":"es","@id":"\/#\/schema\/logo\/image\/","url":"https:\/\/www.airchecklab.com\/wp-content\/uploads\/2021\/08\/Blue-01.png","contentUrl":"https:\/\/www.airchecklab.com\/wp-content\/uploads\/2021\/08\/Blue-01.png","width":1600,"height":301,"caption":"Trace Analytics, LLC"},"image":{"@id":"\/#\/schema\/logo\/image\/"}}]}},"_links":{"self":[{"href":"https:\/\/www.airchecklab.com\/es\/wp-json\/wp\/v2\/pages\/22268"}],"collection":[{"href":"https:\/\/www.airchecklab.com\/es\/wp-json\/wp\/v2\/pages"}],"about":[{"href":"https:\/\/www.airchecklab.com\/es\/wp-json\/wp\/v2\/types\/page"}],"author":[{"embeddable":true,"href":"https:\/\/www.airchecklab.com\/es\/wp-json\/wp\/v2\/users\/1"}],"replies":[{"embeddable":true,"href":"https:\/\/www.airchecklab.com\/es\/wp-json\/wp\/v2\/comments?post=22268"}],"version-history":[{"count":0,"href":"https:\/\/www.airchecklab.com\/es\/wp-json\/wp\/v2\/pages\/22268\/revisions"}],"up":[{"embeddable":true,"href":"https:\/\/www.airchecklab.com\/es\/wp-json\/wp\/v2\/pages\/22266"}],"wp:attachment":[{"href":"https:\/\/www.airchecklab.com\/es\/wp-json\/wp\/v2\/media?parent=22268"}],"curies":[{"name":"wp","href":"https:\/\/api.w.org\/{rel}","templated":true}]}}