{"id":22271,"date":"2021-12-27T10:09:00","date_gmt":"2021-12-27T16:09:00","guid":{"rendered":"https:\/\/dev.airchecklab.com\/aire-de-calidad-alimentaria-en-la-fabricacion\/produccion-de-suplementos-y-certificacion-sqf\/"},"modified":"2021-12-27T10:09:00","modified_gmt":"2021-12-27T16:09:00","slug":"produccion-de-suplementos-y-certificacion-sqf","status":"publish","type":"page","link":"https:\/\/www.airchecklab.com\/es\/aire-de-calidad-alimentaria-en-la-fabricacion\/produccion-de-suplementos-y-certificacion-sqf\/","title":{"rendered":"Producci\u00f3n de suplementos y certificaci\u00f3n SQF"},"content":{"rendered":"<h2>Producci\u00f3n de suplementos y certificaci\u00f3n SQF<\/h2>\n<p><img class=\"lazyload\" decoding=\"async\" style=\"width: 100%;\" alt=\"supplements\" src=\"data:image\/gif;base64,R0lGODlhAQABAAAAACH5BAEKAAEALAAAAAABAAEAAAICTAEAOw==\" data-orig-src=\"\/wp-content\/uploads\/2014\/02\/supplements.jpg\"><\/p>\n<p>Desde la adopci\u00f3n de las pruebas de pureza del aire comprimido por parte del <a href=\"http:\/\/sqfi.com\" target=\"_blank\" rel=\"noopener\">Safe Quality Food Institute (SQF)<\/a> a mediados de 2012, los fabricantes de alimentos que renuevan su certificaci\u00f3n SQF deben probar el aire comprimido que utilizan directa e indirectamente en el proceso de producci\u00f3n. En algunos casos, encontramos que SQF requiere pruebas de aire comprimido de los gases de escape neum\u00e1ticos que pueden entrar en contacto con el producto. Todo esto tiene como objetivo mantener la integridad del suministro de alimentos que todos usamos. Seg\u00fan la <a href=\"http:\/\/www.fda.gov\/food\/dietarysupplements\" target=\"_blank\" rel=\"noopener\">Administraci\u00f3n Federal de Drogas (FDA)<\/a> , los suplementos diet\u00e9ticos se incluyen en la categor\u00eda de alimentos por motivos de calidad. Los fabricantes de suplementos que solicitan la certificaci\u00f3n SQF y utilizan aire comprimido en su proceso de producci\u00f3n ahora deben probar la pureza del aire comprimido de producci\u00f3n y probarlo con regularidad.<\/p>\n<p>En todo el mundo, casi a diario, vemos contaminaci\u00f3n en el suministro de alimentos que enferma a las personas, provoca retiradas del mercado y, en situaciones extremas, detiene la producci\u00f3n. Para obtener m\u00e1s informaci\u00f3n sobre la contaminaci\u00f3n que puede ocurrir por el aire comprimido, visite nuestra p\u00e1gina web sobre <a href=\"\/food\/sources-of-contamination\">Fuentes de contaminaci\u00f3n del compresor<\/a> . SQF y otras entidades implementaron tantas regulaciones en un esfuerzo por detener la contaminaci\u00f3n de los alimentos. De acuerdo con la <a href=\"http:\/\/www.fda.gov\/RegulatoryInformation\/Legislation\/FederalFoodDrugandCosmeticActFDCAct\/SignificantAmendmentstotheFDCAct\/ucm148003.htm\" target=\"_blank\" rel=\"noopener\">Ley de Educaci\u00f3n y Salud de Suplementos Diet\u00e9ticos de 1994 (DSHEA)<\/a> , el fabricante de suplementos diet\u00e9ticos o ingredientes diet\u00e9ticos es responsable de garantizar que los suplementos diet\u00e9ticos sean seguros. Esto pone toda la responsabilidad sobre los hombros del fabricante del suplemento.<\/p>\n<p>Trace Analytics ha desarrollado una serie de <a href=\"https:\/\/www.airchecklab.com\/es\/kits-aircheck%e2%9c%93\/\"><span class=\"aircheck\">AirCheck <span class=\"tracecheck\">\u2713<\/span> Kits &#x2122;<\/span><\/a> que permiten al usuario obtener muestras de gas y aire comprimido espec\u00edficamente para su an\u00e1lisis. Nuestro <a href=\"\/services\/about-the-lab\">laboratorio acreditado por A2LA<\/a> puede proporcionar an\u00e1lisis seg\u00fan <a href=\"\/Services\/Industrial-Air---ISO-8573_1\">ISO 8573<\/a> o sus especificaciones personalizadas para contaminantes como part\u00edculas, agua, aceite, gases y microbios.<\/p>\n<p>Nos complace guiarlo a trav\u00e9s del proceso para comprender el nuevo requisito de certificaci\u00f3n SQF sobre pruebas de aire comprimido, establecer un programa de monitoreo y comprender los resultados de sus an\u00e1lisis. Adem\u00e1s, podemos configurarlo con recordatorios autom\u00e1ticos para informarle cu\u00e1ndo es el momento de volver a probar y, en algunos casos, encontrar un [aircheck]Distribuidor[\/aircheck] para que salga y tome las muestras por usted. <a href=\"https:\/\/www.airchecklab.com\/es\/contacto\/contactenos\/\">Cont\u00e1ctenos<\/a> hoy para hablar con un miembro de nuestro <a href=\"\/contact-an-expert\/our-team-of-experts\"><span class=\"aircheck\">AirCheck <span class=\"tracecheck\">\u2713<\/span> Equipo de expertos &#x2122;<\/span><\/a> sobre su proceso de producci\u00f3n y sus necesidades de pruebas de aire.<\/p>\n<p>[NextPage]<br \/>\n[ShowSiblings]<\/p>\n","protected":false},"excerpt":{"rendered":"<p>Producci\u00f3n de suplementos y certificaci\u00f3n SQF Desde la adopci\u00f3n de las pruebas de pureza del aire comprimido por parte del Safe Quality Food Institute (SQF) a mediados de 2012, los fabricantes de alimentos que renuevan su certificaci\u00f3n SQF deben probar el aire comprimido que utilizan directa e indirectamente en el proceso de producci\u00f3n. En algunos casos, encontramos que SQF requiere pruebas de aire comprimido de los gases de escape neum\u00e1ticos que pueden entrar en contacto con el producto. Todo esto [&hellip;]<\/p>\n","protected":false},"author":1,"featured_media":0,"parent":22269,"menu_order":30,"comment_status":"closed","ping_status":"open","template":"","meta":{"content-type":""},"yoast_head":"<!-- This site is optimized with the Yoast SEO Premium plugin v20.0 (Yoast SEO v20.0) - https:\/\/yoast.com\/wordpress\/plugins\/seo\/ -->\n<title>Producci\u00f3n de suplementos y certificaci\u00f3n SQF - Trace Analytics, the AirCheck Lab<\/title>\n<meta name=\"description\" content=\"Las pruebas de pureza del aire comprimido SQF para fabricantes de suplementos est\u00e1n disponibles en AirCheck Academy.\" \/>\n<meta name=\"robots\" content=\"index, follow, max-snippet:-1, max-image-preview:large, max-video-preview:-1\" \/>\n<link rel=\"canonical\" href=\"https:\/\/www.airchecklab.com\/es\/aire-de-calidad-alimentaria-en-la-fabricacion\/produccion-de-suplementos-y-certificacion-sqf\/\" \/>\n<meta property=\"og:locale\" content=\"es_ES\" \/>\n<meta property=\"og:type\" content=\"article\" \/>\n<meta property=\"og:title\" content=\"Producci\u00f3n de suplementos y certificaci\u00f3n SQF\" \/>\n<meta property=\"og:description\" content=\"Las pruebas de pureza del aire comprimido SQF para fabricantes de suplementos est\u00e1n disponibles en AirCheck Academy.\" \/>\n<meta property=\"og:url\" content=\"https:\/\/www.airchecklab.com\/es\/aire-de-calidad-alimentaria-en-la-fabricacion\/produccion-de-suplementos-y-certificacion-sqf\/\" \/>\n<meta property=\"og:site_name\" content=\"Trace Analytics, the AirCheck Lab\" \/>\n<meta name=\"twitter:card\" content=\"summary_large_image\" \/>\n<meta name=\"twitter:label1\" content=\"Tiempo de lectura\" \/>\n\t<meta name=\"twitter:data1\" content=\"2 minutos\" \/>\n<script type=\"application\/ld+json\" class=\"yoast-schema-graph\">{\"@context\":\"https:\/\/schema.org\",\"@graph\":[{\"@type\":\"WebPage\",\"@id\":\"https:\/\/www.airchecklab.com\/es\/aire-de-calidad-alimentaria-en-la-fabricacion\/produccion-de-suplementos-y-certificacion-sqf\/\",\"url\":\"https:\/\/www.airchecklab.com\/es\/aire-de-calidad-alimentaria-en-la-fabricacion\/produccion-de-suplementos-y-certificacion-sqf\/\",\"name\":\"Producci\u00f3n de suplementos y certificaci\u00f3n SQF - Trace Analytics, the AirCheck Lab\",\"isPartOf\":{\"@id\":\"\/#website\"},\"datePublished\":\"2021-12-27T16:09:00+00:00\",\"dateModified\":\"2021-12-27T16:09:00+00:00\",\"description\":\"Las pruebas de pureza del aire comprimido SQF para fabricantes de suplementos est\u00e1n disponibles en AirCheck Academy.\",\"breadcrumb\":{\"@id\":\"https:\/\/www.airchecklab.com\/es\/aire-de-calidad-alimentaria-en-la-fabricacion\/produccion-de-suplementos-y-certificacion-sqf\/#breadcrumb\"},\"inLanguage\":\"es\",\"potentialAction\":[{\"@type\":\"ReadAction\",\"target\":[\"https:\/\/www.airchecklab.com\/es\/aire-de-calidad-alimentaria-en-la-fabricacion\/produccion-de-suplementos-y-certificacion-sqf\/\"]}]},{\"@type\":\"BreadcrumbList\",\"@id\":\"https:\/\/www.airchecklab.com\/es\/aire-de-calidad-alimentaria-en-la-fabricacion\/produccion-de-suplementos-y-certificacion-sqf\/#breadcrumb\",\"itemListElement\":[{\"@type\":\"ListItem\",\"position\":1,\"name\":\"Home\",\"item\":\"https:\/\/www.airchecklab.com\/es\/analisis-de-seguimiento-pruebas-ambientales-y-de-aire-comprimido\/\"},{\"@type\":\"ListItem\",\"position\":2,\"name\":\"Aire de calidad alimentaria en la fabricaci\u00f3n\",\"item\":\"https:\/\/www.airchecklab.com\/es\/aire-de-calidad-alimentaria-en-la-fabricacion\/\"},{\"@type\":\"ListItem\",\"position\":3,\"name\":\"Producci\u00f3n de suplementos y certificaci\u00f3n SQF\"}]},{\"@type\":\"WebSite\",\"@id\":\"\/#website\",\"url\":\"\/\",\"name\":\"Trace Analytics, the AirCheck Lab\",\"description\":\"Compressed Air Testing for ISO 8573, Microbial, SQF, Breathing Air\",\"publisher\":{\"@id\":\"\/#organization\"},\"potentialAction\":[{\"@type\":\"SearchAction\",\"target\":{\"@type\":\"EntryPoint\",\"urlTemplate\":\"\/?s={search_term_string}\"},\"query-input\":\"required name=search_term_string\"}],\"inLanguage\":\"es\"},{\"@type\":\"Organization\",\"@id\":\"\/#organization\",\"name\":\"Trace Analytics, LLC\",\"url\":\"\/\",\"logo\":{\"@type\":\"ImageObject\",\"inLanguage\":\"es\",\"@id\":\"\/#\/schema\/logo\/image\/\",\"url\":\"https:\/\/www.airchecklab.com\/wp-content\/uploads\/2021\/08\/Blue-01.png\",\"contentUrl\":\"https:\/\/www.airchecklab.com\/wp-content\/uploads\/2021\/08\/Blue-01.png\",\"width\":1600,\"height\":301,\"caption\":\"Trace Analytics, LLC\"},\"image\":{\"@id\":\"\/#\/schema\/logo\/image\/\"}}]}<\/script>\n<!-- \/ Yoast SEO Premium plugin. -->","yoast_head_json":{"title":"Producci\u00f3n de suplementos y certificaci\u00f3n SQF - Trace Analytics, the AirCheck Lab","description":"Las pruebas de pureza del aire comprimido SQF para fabricantes de suplementos est\u00e1n disponibles en AirCheck Academy.","robots":{"index":"index","follow":"follow","max-snippet":"max-snippet:-1","max-image-preview":"max-image-preview:large","max-video-preview":"max-video-preview:-1"},"canonical":"https:\/\/www.airchecklab.com\/es\/aire-de-calidad-alimentaria-en-la-fabricacion\/produccion-de-suplementos-y-certificacion-sqf\/","og_locale":"es_ES","og_type":"article","og_title":"Producci\u00f3n de suplementos y certificaci\u00f3n SQF","og_description":"Las pruebas de pureza del aire comprimido SQF para fabricantes de suplementos est\u00e1n disponibles en AirCheck Academy.","og_url":"https:\/\/www.airchecklab.com\/es\/aire-de-calidad-alimentaria-en-la-fabricacion\/produccion-de-suplementos-y-certificacion-sqf\/","og_site_name":"Trace Analytics, the AirCheck Lab","twitter_card":"summary_large_image","twitter_misc":{"Tiempo de lectura":"2 minutos"},"schema":{"@context":"https:\/\/schema.org","@graph":[{"@type":"WebPage","@id":"https:\/\/www.airchecklab.com\/es\/aire-de-calidad-alimentaria-en-la-fabricacion\/produccion-de-suplementos-y-certificacion-sqf\/","url":"https:\/\/www.airchecklab.com\/es\/aire-de-calidad-alimentaria-en-la-fabricacion\/produccion-de-suplementos-y-certificacion-sqf\/","name":"Producci\u00f3n de suplementos y certificaci\u00f3n SQF - Trace Analytics, the AirCheck Lab","isPartOf":{"@id":"\/#website"},"datePublished":"2021-12-27T16:09:00+00:00","dateModified":"2021-12-27T16:09:00+00:00","description":"Las pruebas de pureza del aire comprimido SQF para fabricantes de suplementos est\u00e1n disponibles en AirCheck Academy.","breadcrumb":{"@id":"https:\/\/www.airchecklab.com\/es\/aire-de-calidad-alimentaria-en-la-fabricacion\/produccion-de-suplementos-y-certificacion-sqf\/#breadcrumb"},"inLanguage":"es","potentialAction":[{"@type":"ReadAction","target":["https:\/\/www.airchecklab.com\/es\/aire-de-calidad-alimentaria-en-la-fabricacion\/produccion-de-suplementos-y-certificacion-sqf\/"]}]},{"@type":"BreadcrumbList","@id":"https:\/\/www.airchecklab.com\/es\/aire-de-calidad-alimentaria-en-la-fabricacion\/produccion-de-suplementos-y-certificacion-sqf\/#breadcrumb","itemListElement":[{"@type":"ListItem","position":1,"name":"Home","item":"https:\/\/www.airchecklab.com\/es\/analisis-de-seguimiento-pruebas-ambientales-y-de-aire-comprimido\/"},{"@type":"ListItem","position":2,"name":"Aire de calidad alimentaria en la fabricaci\u00f3n","item":"https:\/\/www.airchecklab.com\/es\/aire-de-calidad-alimentaria-en-la-fabricacion\/"},{"@type":"ListItem","position":3,"name":"Producci\u00f3n de suplementos y certificaci\u00f3n SQF"}]},{"@type":"WebSite","@id":"\/#website","url":"\/","name":"Trace Analytics, the AirCheck Lab","description":"Compressed Air Testing for ISO 8573, Microbial, SQF, Breathing Air","publisher":{"@id":"\/#organization"},"potentialAction":[{"@type":"SearchAction","target":{"@type":"EntryPoint","urlTemplate":"\/?s={search_term_string}"},"query-input":"required name=search_term_string"}],"inLanguage":"es"},{"@type":"Organization","@id":"\/#organization","name":"Trace Analytics, LLC","url":"\/","logo":{"@type":"ImageObject","inLanguage":"es","@id":"\/#\/schema\/logo\/image\/","url":"https:\/\/www.airchecklab.com\/wp-content\/uploads\/2021\/08\/Blue-01.png","contentUrl":"https:\/\/www.airchecklab.com\/wp-content\/uploads\/2021\/08\/Blue-01.png","width":1600,"height":301,"caption":"Trace Analytics, LLC"},"image":{"@id":"\/#\/schema\/logo\/image\/"}}]}},"_links":{"self":[{"href":"https:\/\/www.airchecklab.com\/es\/wp-json\/wp\/v2\/pages\/22271"}],"collection":[{"href":"https:\/\/www.airchecklab.com\/es\/wp-json\/wp\/v2\/pages"}],"about":[{"href":"https:\/\/www.airchecklab.com\/es\/wp-json\/wp\/v2\/types\/page"}],"author":[{"embeddable":true,"href":"https:\/\/www.airchecklab.com\/es\/wp-json\/wp\/v2\/users\/1"}],"replies":[{"embeddable":true,"href":"https:\/\/www.airchecklab.com\/es\/wp-json\/wp\/v2\/comments?post=22271"}],"version-history":[{"count":0,"href":"https:\/\/www.airchecklab.com\/es\/wp-json\/wp\/v2\/pages\/22271\/revisions"}],"up":[{"embeddable":true,"href":"https:\/\/www.airchecklab.com\/es\/wp-json\/wp\/v2\/pages\/22269"}],"wp:attachment":[{"href":"https:\/\/www.airchecklab.com\/es\/wp-json\/wp\/v2\/media?parent=22271"}],"curies":[{"name":"wp","href":"https:\/\/api.w.org\/{rel}","templated":true}]}}