{"id":22272,"date":"2021-12-27T10:09:00","date_gmt":"2021-12-27T16:09:00","guid":{"rendered":"https:\/\/dev.airchecklab.com\/prueba-de-aire-comprimido-iso-8573\/aire-industrial-iso-8573-1\/"},"modified":"2021-12-27T10:09:00","modified_gmt":"2021-12-27T16:09:00","slug":"aire-industrial-iso-8573-1","status":"publish","type":"page","link":"https:\/\/www.airchecklab.com\/es\/prueba-de-aire-comprimido-iso-8573\/aire-industrial-iso-8573-1\/","title":{"rendered":"Aire industrial \/ ISO 8573-1"},"content":{"rendered":"<h1>ISO 8573 y pruebas de aire comprimido<\/h1>\n<p>La Organizaci\u00f3n Internacional de Normalizaci\u00f3n (ISO) es el mayor desarrollador mundial de normas internacionales voluntarias. Es una red de organismos nacionales de normalizaci\u00f3n. Estos organismos nacionales de normalizaci\u00f3n constituyen la membres\u00eda de ISO. Es una organizaci\u00f3n no gubernamental independiente compuesta por miembros de 164 pa\u00edses.<\/p>\n<p>La especificaci\u00f3n ISO 8573-1 es utilizada por una variedad de industrias que requieren aire comprimido limpio, seco y libre de contaminantes. Las industrias que utilizan esta especificaci\u00f3n de prueba de aire comprimido incluyen alimentos, farmac\u00e9utica, dispositivos m\u00e9dicos, generaci\u00f3n de energ\u00eda, pl\u00e1sticos, automotriz, electr\u00f3nica y m\u00e1s. Cualquier proceso que use aire comprimido y necesite aire comprimido limpio que no tenga contaminantes que da\u00f1en el producto final, a menudo usa ISO 8573 en su totalidad o adopta secciones de \u00e9l, creando una especificaci\u00f3n personalizada.<\/p>\n<p>ISO 8573 es una serie de nueve documentos bajo el t\u00edtulo general Aire comprimido. Incluyen informaci\u00f3n sobre contaminantes, clasificaciones de pureza, t\u00e9cnicas de muestreo y m\u00e9todos anal\u00edticos. La Parte 1 identifica las part\u00edculas, el agua y el aceite como los tres principales contaminantes del aire comprimido. La Parte 1 se revis\u00f3 en 2010 para alinear las clases de part\u00edculas con el equipo est\u00e1ndar que se encuentra en la pr\u00e1ctica.<\/p>\n<p>Aunque 8573-1 enumera los contaminantes gaseosos y microbiol\u00f3gicos; no proporciona clases de pureza. Los m\u00e9todos de prueba para contaminantes gaseosos se tratan en ISO 8573-6.<\/p>\n<p>ISO 8573-1 proporciona clases de pureza para cada contaminante. El usuario puede seleccionar una combinaci\u00f3n de clases de pureza en funci\u00f3n de sus requisitos espec\u00edficos. ISO no proporciona orientaci\u00f3n sobre qu\u00e9 clases son apropiadas para una aplicaci\u00f3n en particular. Esto se deja al equipo de aseguramiento de la calidad y su organizaci\u00f3n para determinarlo. Hasta la fecha, la norma ISO 8573 no ha sido adoptada oficialmente por ninguna agencia gubernamental en los Estados Unidos, aunque se usa ampliamente y se hace referencia a ella como gu\u00eda en los EE. UU. Y en todo el mundo.<\/p>\n<p>Las partes 2-9 son los m\u00e9todos de prueba para todos los contaminantes a los que se hace referencia.<\/p>\n<p>ISO 8573 tambi\u00e9n ubica la Clase 0, lo que significa que los l\u00edmites son m\u00e1s estrictos que la Clase 1, sin embargo, los l\u00edmites deben especificarse; de lo contrario, la Clase 0 no tiene un significado real. Las clases 1 y 2 de part\u00edculas incluyen 3 rangos de tama\u00f1o de part\u00edculas. La clase 3 incluye 2 rangos de tama\u00f1o y 4 y 5 solo incluyen un rango. Las clases 6 y 7 miden part\u00edculas por masa. Y la clase X se utiliza para informar niveles que est\u00e1n fuera de las otras 9 clases.<\/p>\n<p>El agua se mide por vapor o l\u00edquido, mientras que el aceite se mide por aerosol y vapor. La medici\u00f3n de vapor de aceite es opcional en las clases 3, 4 y X.<\/p>\n<h2>Especificaciones de prueba de aire industrial \/ aire comprimido y gas ISO 8573-1<\/h2>\n<p>Trace Analytics, LLC puede realizar pruebas con una amplia variedad de especificaciones. A continuaci\u00f3n se muestran algunos ejemplos de especificaciones que se utilizan com\u00fanmente en Aire industrial \/ ISO 8573-1:<\/p>\n<p>[IncludeSpec spec=&#8221;ISO&#8221;]<\/p>\n<p>Otros usos para las pruebas de aire comprimido seg\u00fan ISO 8573 incluyen:<\/p>\n<ol class=\"number\">\n<li>Determinar si la filtraci\u00f3n, los secadores, etc. est\u00e1n funcionando correctamente<\/li>\n<li>Detectar un problema antes de que alcance un nivel catastr\u00f3fico<\/li>\n<li>Determinar si el mantenimiento y \/ o las acciones correctivas est\u00e1n funcionando.<\/li>\n<\/ol>\n<p>La designaci\u00f3n de clases de pureza se realiza en este formato:<br \/>\n<strong>ISO 8573-1: 2010 [A:B:C]<\/strong><br \/>\n<span class=\"padl15\" style=\"display: block;\">A = part\u00edculas<br \/>\nB = agua<br \/>\nC = aceite<\/span><\/p>\n<p class=\"marb0\">Por ejemplo: <strong>ISO 8573-1: 2010<\/strong>[2:2:1] <\/p>\n<ul class=\"padl15 marb20\">\n<li><em>Clase 2<\/em> para part\u00edculas<\/li>\n<li><em>Clase 2<\/em> para agua<\/li>\n<li><em>Clase 1<\/em> para aceite<\/li>\n<\/ul>\n<p>BCAS the (British Compressed Air Society) Aire comprimido de grado alimenticio: un c\u00f3digo de pr\u00e1ctica establece que las clases[2:2:1] debe utilizarse para aire comprimido que entre en contacto directo con el producto y[2:4:2] para contacto indirecto.<\/p>\n<p>[IncludeSpec spec=&#8221;BCAS&#8221;]<\/p>\n<p>Ofrecemos pruebas de referencia, que permiten al usuario determinar en qu\u00e9 clases se est\u00e1 desempe\u00f1ando su sistema actualmente sin predeterminar qu\u00e9 clases debe cumplir el aire comprimido. Las pruebas de referencia son extremadamente \u00fatiles cuando se trata de determinar los POE. El uso de clases de pureza superiores a las necesarias puede resultar m\u00e1s caro y puede producir un informe fallido innecesario si no se cumplen esas clases m\u00e1s estrictas.<\/p>\n<p>Sorprendentemente, las especificaciones de Breathing Air no son adecuadas o lo suficientemente estrictas para la mayor\u00eda de los fabricantes de aplicaciones cr\u00edticas, incluidos los fabricantes de dispositivos m\u00e9dicos, farmac\u00e9uticos y alimentarios, entre otros.<\/p>\n<p>El mantenimiento del compresor, los receptores de almacenamiento y las tuber\u00edas puede aflojar y distribuir \u00f3xido, sarro, etc. y liberarlo en el sistema. Agregar nuevas tuber\u00edas tambi\u00e9n puede tener el mismo efecto, contaminando las nuevas tuber\u00edas que se instalan. Obtenga m\u00e1s informaci\u00f3n sobre las <a href=\"\/food\/sources-of-contamination\/sources-of-contamination-in-manufacturing\/\">fuentes de contaminaci\u00f3n por gas y aire comprimido.<\/a><\/p>\n<p>Los contaminantes microbianos no crecer\u00e1n a -40 \u00b0 F. Sin embargo, esto no significa que -40 \u00b0 F matar\u00e1 cualquier actividad microbiana, simplemente no permitir\u00e1 que crezca. Si hay actividad microbiana, podr\u00eda permanecer inactivo hasta que los microbios se liberen a una temperatura superior a los -40 \u00b0 F. Por ejemplo, si tiene microbios en su sistema y luego se transfieren a su producto, pueden comenzar a crecer nuevamente una vez que se introducen en un entorno ambiental. Es importante incluir filtros de part\u00edculas de 0,1 micrones en el punto de uso para evitar que los microbios contaminen su producto final.<\/p>\n<p>Para garantizar la calidad de su aire comprimido en el punto donde entra en contacto con su producto, una de las Mejores Pr\u00e1cticas incluir\u00e1 pruebas peri\u00f3dicas de rutina de la calidad del aire comprimido de un n\u00famero suficiente de puntos de venta. Una sola prueba una vez al a\u00f1o no proporciona suficientes datos para asegurar que su aire comprimido no sea un riesgo peligroso para su producto. Los sistemas compresores y la calidad del aire que producen no son est\u00e1ticos. La calidad del aire se ve afectada por la calidad siempre cambiante del aire de admisi\u00f3n que puede introducir microorganismos, part\u00edculas, agua y contaminantes gaseosos en el sistema del compresor. La tuber\u00eda de distribuci\u00f3n tambi\u00e9n puede contribuir a la contaminaci\u00f3n por acumulaci\u00f3n. Consulte <a href=\"\/food\/sources-of-contamination\/sources-of-contamination-in-manufacturing\/\">Fuentes de contaminaci\u00f3n por gas y aire comprimido.<\/a><\/p>\n<p>El monitoreo y las pruebas de la calidad del aire comprimido le brindan datos valiosos para identificar tendencias y prevenir problemas que pueden resultar en p\u00e9rdida de tiempo de producci\u00f3n, retiradas del mercado y mucho m\u00e1s.<\/p>\n<p>[NextPage]<br \/>\n[ShowSiblings]<\/p>\n","protected":false},"excerpt":{"rendered":"<p>ISO 8573 y pruebas de aire comprimido La Organizaci\u00f3n Internacional de Normalizaci\u00f3n (ISO) es el mayor desarrollador mundial de normas internacionales voluntarias. Es una red de organismos nacionales de normalizaci\u00f3n. Estos organismos nacionales de normalizaci\u00f3n constituyen la membres\u00eda de ISO. Es una organizaci\u00f3n no gubernamental independiente compuesta por miembros de 164 pa\u00edses. La especificaci\u00f3n ISO 8573-1 es utilizada por una variedad de industrias que requieren aire comprimido limpio, seco y libre de contaminantes. Las industrias que utilizan esta especificaci\u00f3n de [&hellip;]<\/p>\n","protected":false},"author":1,"featured_media":0,"parent":22266,"menu_order":30,"comment_status":"closed","ping_status":"open","template":"index.php","meta":{"content-type":""},"yoast_head":"<!-- This site is optimized with the Yoast SEO Premium plugin v20.0 (Yoast SEO v20.0) - https:\/\/yoast.com\/wordpress\/plugins\/seo\/ -->\n<title>Aire industrial \/ ISO 8573-1 - Trace Analytics, the AirCheck Lab<\/title>\n<meta name=\"description\" content=\"\u00a1Las pruebas de ISO 8573 y de aire comprimido son f\u00e1ciles de navegar en la Academia GRATUITA de AirCheck!\" \/>\n<meta name=\"robots\" content=\"index, follow, max-snippet:-1, max-image-preview:large, max-video-preview:-1\" \/>\n<link rel=\"canonical\" href=\"https:\/\/www.airchecklab.com\/es\/prueba-de-aire-comprimido-iso-8573\/aire-industrial-iso-8573-1\/\" \/>\n<meta property=\"og:locale\" content=\"es_ES\" \/>\n<meta property=\"og:type\" content=\"article\" \/>\n<meta property=\"og:title\" content=\"Aire industrial \/ ISO 8573-1\" \/>\n<meta property=\"og:description\" content=\"\u00a1Las pruebas de ISO 8573 y de aire comprimido son f\u00e1ciles de navegar en la Academia GRATUITA de AirCheck!\" \/>\n<meta property=\"og:url\" content=\"https:\/\/www.airchecklab.com\/es\/prueba-de-aire-comprimido-iso-8573\/aire-industrial-iso-8573-1\/\" \/>\n<meta property=\"og:site_name\" content=\"Trace Analytics, the AirCheck Lab\" \/>\n<meta name=\"twitter:card\" content=\"summary_large_image\" \/>\n<meta name=\"twitter:label1\" content=\"Tiempo de lectura\" \/>\n\t<meta name=\"twitter:data1\" content=\"6 minutos\" \/>\n<script type=\"application\/ld+json\" class=\"yoast-schema-graph\">{\"@context\":\"https:\/\/schema.org\",\"@graph\":[{\"@type\":\"WebPage\",\"@id\":\"https:\/\/www.airchecklab.com\/es\/prueba-de-aire-comprimido-iso-8573\/aire-industrial-iso-8573-1\/\",\"url\":\"https:\/\/www.airchecklab.com\/es\/prueba-de-aire-comprimido-iso-8573\/aire-industrial-iso-8573-1\/\",\"name\":\"Aire industrial \/ ISO 8573-1 - Trace Analytics, the AirCheck Lab\",\"isPartOf\":{\"@id\":\"\/#website\"},\"datePublished\":\"2021-12-27T16:09:00+00:00\",\"dateModified\":\"2021-12-27T16:09:00+00:00\",\"description\":\"\u00a1Las pruebas de ISO 8573 y de aire comprimido son f\u00e1ciles de navegar en la Academia GRATUITA de AirCheck!\",\"breadcrumb\":{\"@id\":\"https:\/\/www.airchecklab.com\/es\/prueba-de-aire-comprimido-iso-8573\/aire-industrial-iso-8573-1\/#breadcrumb\"},\"inLanguage\":\"es\",\"potentialAction\":[{\"@type\":\"ReadAction\",\"target\":[\"https:\/\/www.airchecklab.com\/es\/prueba-de-aire-comprimido-iso-8573\/aire-industrial-iso-8573-1\/\"]}]},{\"@type\":\"BreadcrumbList\",\"@id\":\"https:\/\/www.airchecklab.com\/es\/prueba-de-aire-comprimido-iso-8573\/aire-industrial-iso-8573-1\/#breadcrumb\",\"itemListElement\":[{\"@type\":\"ListItem\",\"position\":1,\"name\":\"Home\",\"item\":\"https:\/\/www.airchecklab.com\/es\/analisis-de-seguimiento-pruebas-ambientales-y-de-aire-comprimido\/\"},{\"@type\":\"ListItem\",\"position\":2,\"name\":\"Prueba de aire comprimido ISO 8573\",\"item\":\"https:\/\/www.airchecklab.com\/es\/prueba-de-aire-comprimido-iso-8573\/\"},{\"@type\":\"ListItem\",\"position\":3,\"name\":\"Aire industrial \/ ISO 8573-1\"}]},{\"@type\":\"WebSite\",\"@id\":\"\/#website\",\"url\":\"\/\",\"name\":\"Trace Analytics, the AirCheck Lab\",\"description\":\"Compressed Air Testing for ISO 8573, Microbial, SQF, Breathing Air\",\"publisher\":{\"@id\":\"\/#organization\"},\"potentialAction\":[{\"@type\":\"SearchAction\",\"target\":{\"@type\":\"EntryPoint\",\"urlTemplate\":\"\/?s={search_term_string}\"},\"query-input\":\"required name=search_term_string\"}],\"inLanguage\":\"es\"},{\"@type\":\"Organization\",\"@id\":\"\/#organization\",\"name\":\"Trace Analytics, LLC\",\"url\":\"\/\",\"logo\":{\"@type\":\"ImageObject\",\"inLanguage\":\"es\",\"@id\":\"\/#\/schema\/logo\/image\/\",\"url\":\"https:\/\/www.airchecklab.com\/wp-content\/uploads\/2021\/08\/Blue-01.png\",\"contentUrl\":\"https:\/\/www.airchecklab.com\/wp-content\/uploads\/2021\/08\/Blue-01.png\",\"width\":1600,\"height\":301,\"caption\":\"Trace Analytics, LLC\"},\"image\":{\"@id\":\"\/#\/schema\/logo\/image\/\"}}]}<\/script>\n<!-- \/ Yoast SEO Premium plugin. -->","yoast_head_json":{"title":"Aire industrial \/ ISO 8573-1 - Trace Analytics, the AirCheck Lab","description":"\u00a1Las pruebas de ISO 8573 y de aire comprimido son f\u00e1ciles de navegar en la Academia GRATUITA de AirCheck!","robots":{"index":"index","follow":"follow","max-snippet":"max-snippet:-1","max-image-preview":"max-image-preview:large","max-video-preview":"max-video-preview:-1"},"canonical":"https:\/\/www.airchecklab.com\/es\/prueba-de-aire-comprimido-iso-8573\/aire-industrial-iso-8573-1\/","og_locale":"es_ES","og_type":"article","og_title":"Aire industrial \/ ISO 8573-1","og_description":"\u00a1Las pruebas de ISO 8573 y de aire comprimido son f\u00e1ciles de navegar en la Academia GRATUITA de AirCheck!","og_url":"https:\/\/www.airchecklab.com\/es\/prueba-de-aire-comprimido-iso-8573\/aire-industrial-iso-8573-1\/","og_site_name":"Trace Analytics, the AirCheck Lab","twitter_card":"summary_large_image","twitter_misc":{"Tiempo de lectura":"6 minutos"},"schema":{"@context":"https:\/\/schema.org","@graph":[{"@type":"WebPage","@id":"https:\/\/www.airchecklab.com\/es\/prueba-de-aire-comprimido-iso-8573\/aire-industrial-iso-8573-1\/","url":"https:\/\/www.airchecklab.com\/es\/prueba-de-aire-comprimido-iso-8573\/aire-industrial-iso-8573-1\/","name":"Aire industrial \/ ISO 8573-1 - Trace Analytics, the AirCheck Lab","isPartOf":{"@id":"\/#website"},"datePublished":"2021-12-27T16:09:00+00:00","dateModified":"2021-12-27T16:09:00+00:00","description":"\u00a1Las pruebas de ISO 8573 y de aire comprimido son f\u00e1ciles de navegar en la Academia GRATUITA de AirCheck!","breadcrumb":{"@id":"https:\/\/www.airchecklab.com\/es\/prueba-de-aire-comprimido-iso-8573\/aire-industrial-iso-8573-1\/#breadcrumb"},"inLanguage":"es","potentialAction":[{"@type":"ReadAction","target":["https:\/\/www.airchecklab.com\/es\/prueba-de-aire-comprimido-iso-8573\/aire-industrial-iso-8573-1\/"]}]},{"@type":"BreadcrumbList","@id":"https:\/\/www.airchecklab.com\/es\/prueba-de-aire-comprimido-iso-8573\/aire-industrial-iso-8573-1\/#breadcrumb","itemListElement":[{"@type":"ListItem","position":1,"name":"Home","item":"https:\/\/www.airchecklab.com\/es\/analisis-de-seguimiento-pruebas-ambientales-y-de-aire-comprimido\/"},{"@type":"ListItem","position":2,"name":"Prueba de aire comprimido ISO 8573","item":"https:\/\/www.airchecklab.com\/es\/prueba-de-aire-comprimido-iso-8573\/"},{"@type":"ListItem","position":3,"name":"Aire industrial \/ ISO 8573-1"}]},{"@type":"WebSite","@id":"\/#website","url":"\/","name":"Trace Analytics, the AirCheck Lab","description":"Compressed Air Testing for ISO 8573, Microbial, SQF, Breathing Air","publisher":{"@id":"\/#organization"},"potentialAction":[{"@type":"SearchAction","target":{"@type":"EntryPoint","urlTemplate":"\/?s={search_term_string}"},"query-input":"required name=search_term_string"}],"inLanguage":"es"},{"@type":"Organization","@id":"\/#organization","name":"Trace Analytics, LLC","url":"\/","logo":{"@type":"ImageObject","inLanguage":"es","@id":"\/#\/schema\/logo\/image\/","url":"https:\/\/www.airchecklab.com\/wp-content\/uploads\/2021\/08\/Blue-01.png","contentUrl":"https:\/\/www.airchecklab.com\/wp-content\/uploads\/2021\/08\/Blue-01.png","width":1600,"height":301,"caption":"Trace Analytics, LLC"},"image":{"@id":"\/#\/schema\/logo\/image\/"}}]}},"_links":{"self":[{"href":"https:\/\/www.airchecklab.com\/es\/wp-json\/wp\/v2\/pages\/22272"}],"collection":[{"href":"https:\/\/www.airchecklab.com\/es\/wp-json\/wp\/v2\/pages"}],"about":[{"href":"https:\/\/www.airchecklab.com\/es\/wp-json\/wp\/v2\/types\/page"}],"author":[{"embeddable":true,"href":"https:\/\/www.airchecklab.com\/es\/wp-json\/wp\/v2\/users\/1"}],"replies":[{"embeddable":true,"href":"https:\/\/www.airchecklab.com\/es\/wp-json\/wp\/v2\/comments?post=22272"}],"version-history":[{"count":0,"href":"https:\/\/www.airchecklab.com\/es\/wp-json\/wp\/v2\/pages\/22272\/revisions"}],"up":[{"embeddable":true,"href":"https:\/\/www.airchecklab.com\/es\/wp-json\/wp\/v2\/pages\/22266"}],"wp:attachment":[{"href":"https:\/\/www.airchecklab.com\/es\/wp-json\/wp\/v2\/media?parent=22272"}],"curies":[{"name":"wp","href":"https:\/\/api.w.org\/{rel}","templated":true}]}}