{"id":22278,"date":"2021-12-27T10:09:02","date_gmt":"2021-12-27T16:09:02","guid":{"rendered":"https:\/\/dev.airchecklab.com\/prueba-de-aire-comprimido-iso-8573\/iso-8573-1-aircheck%e2%9c%93-kit-k810-manual\/"},"modified":"2021-12-27T10:09:02","modified_gmt":"2021-12-27T16:09:02","slug":"iso-8573-1-aircheck%e2%9c%93-kit-k810-manual","status":"publish","type":"page","link":"https:\/\/www.airchecklab.com\/es\/prueba-de-aire-comprimido-iso-8573\/iso-8573-1-aircheck%e2%9c%93-kit-k810-manual\/","title":{"rendered":"ISO 8573-1 \/ AirCheck\u2713 Kit K810 Manual"},"content":{"rendered":"<h2>[aircheck]Kit[\/aircheck] K810 Manual<\/h2>\n<p>El [aircheck]kit[\/aircheck] modelo K810 (anteriormente K8573NB) est\u00e1 dise\u00f1ado seg\u00fan los protocolos de muestreo ISO 8573 para la recolecci\u00f3n de part\u00edculas \u22650,5 micrones, vapor de agua y aceite (aerosol y vapor) en aire comprimido. Consulte el Libro blanco en la Secci\u00f3n 4 para obtener detalles sobre los m\u00e9todos anal\u00edticos y de muestreo que pueden variar de ISO 8573. Las muestras recolectadas con este kit se env\u00edan al laboratorio anal\u00edtico de Trace Analytics para su an\u00e1lisis y elaboraci\u00f3n de informes. El [aircheck]kit[\/aircheck] se puede utilizar para una variedad de especificaciones distintas de ISO 8573. <a title=\"Contact an Expert\" href=\"https:\/\/www.airchecklab.com\/es\/contacto\/contactenos\/\">Comun\u00edquese con Trace Analytics<\/a> , LLC para discutir sus requisitos espec\u00edficos. Los medios de muestreo se personalizan seg\u00fan sus necesidades de prueba de calidad del aire.<\/p>\n<p>Trace Analytics es un laboratorio de qu\u00edmica anal\u00edtica acreditado seg\u00fan ISO 17025 por A2LA<\/p>\n<p>[DisplayPDF pdf=&#8221;AirCheck-Kit-K810-Sampling-Instructions.pdf&#8221; description=&#8221;AirCheck Kit K810 Manual&#8221;]<br \/>\n[NextPage]<br \/>\n[ShowSiblings]<\/p>\n","protected":false},"excerpt":{"rendered":"<p>[aircheck]Kit[\/aircheck] K810 Manual El [aircheck]kit[\/aircheck] modelo K810 (anteriormente K8573NB) est\u00e1 dise\u00f1ado seg\u00fan los protocolos de muestreo ISO 8573 para la recolecci\u00f3n de part\u00edculas \u22650,5 micrones, vapor de agua y aceite (aerosol y vapor) en aire comprimido. Consulte el Libro blanco en la Secci\u00f3n 4 para obtener detalles sobre los m\u00e9todos anal\u00edticos y de muestreo que pueden variar de ISO 8573. Las muestras recolectadas con este kit se env\u00edan al laboratorio anal\u00edtico de Trace Analytics para su an\u00e1lisis y elaboraci\u00f3n de [&hellip;]<\/p>\n","protected":false},"author":1,"featured_media":0,"parent":22266,"menu_order":40,"comment_status":"closed","ping_status":"closed","template":"index.php","meta":{"content-type":""},"yoast_head":"<!-- This site is optimized with the Yoast SEO Premium plugin v20.0 (Yoast SEO v20.0) - https:\/\/yoast.com\/wordpress\/plugins\/seo\/ -->\n<title>ISO 8573-1 \/ AirCheck\u2713 Kit K810 Manual - Trace Analytics, the AirCheck Lab<\/title>\n<meta name=\"description\" content=\"K8573NB e ISO 8573 van de la mano. Nuestras computadoras port\u00e1tiles AirCheck y videos facilitan las pruebas de aire.\" \/>\n<meta name=\"robots\" content=\"index, follow, max-snippet:-1, max-image-preview:large, max-video-preview:-1\" \/>\n<link rel=\"canonical\" href=\"https:\/\/www.airchecklab.com\/es\/prueba-de-aire-comprimido-iso-8573\/iso-8573-1-aircheck%e2%9c%93-kit-k810-manual\/\" \/>\n<meta property=\"og:locale\" content=\"es_ES\" \/>\n<meta property=\"og:type\" content=\"article\" \/>\n<meta property=\"og:title\" content=\"ISO 8573-1 \/ AirCheck\u2713 Kit K810 Manual\" \/>\n<meta property=\"og:description\" content=\"K8573NB e ISO 8573 van de la mano. Nuestras computadoras port\u00e1tiles AirCheck y videos facilitan las pruebas de aire.\" \/>\n<meta property=\"og:url\" content=\"https:\/\/www.airchecklab.com\/es\/prueba-de-aire-comprimido-iso-8573\/iso-8573-1-aircheck%e2%9c%93-kit-k810-manual\/\" \/>\n<meta property=\"og:site_name\" content=\"Trace Analytics, the AirCheck Lab\" \/>\n<meta name=\"twitter:card\" content=\"summary_large_image\" \/>\n<meta name=\"twitter:label1\" content=\"Tiempo de lectura\" \/>\n\t<meta name=\"twitter:data1\" content=\"1 minuto\" \/>\n<script type=\"application\/ld+json\" class=\"yoast-schema-graph\">{\"@context\":\"https:\/\/schema.org\",\"@graph\":[{\"@type\":\"WebPage\",\"@id\":\"https:\/\/www.airchecklab.com\/es\/prueba-de-aire-comprimido-iso-8573\/iso-8573-1-aircheck%e2%9c%93-kit-k810-manual\/\",\"url\":\"https:\/\/www.airchecklab.com\/es\/prueba-de-aire-comprimido-iso-8573\/iso-8573-1-aircheck%e2%9c%93-kit-k810-manual\/\",\"name\":\"ISO 8573-1 \/ AirCheck\u2713 Kit K810 Manual - Trace Analytics, the AirCheck Lab\",\"isPartOf\":{\"@id\":\"\/#website\"},\"datePublished\":\"2021-12-27T16:09:02+00:00\",\"dateModified\":\"2021-12-27T16:09:02+00:00\",\"description\":\"K8573NB e ISO 8573 van de la mano. Nuestras computadoras port\u00e1tiles AirCheck y videos facilitan las pruebas de aire.\",\"breadcrumb\":{\"@id\":\"https:\/\/www.airchecklab.com\/es\/prueba-de-aire-comprimido-iso-8573\/iso-8573-1-aircheck%e2%9c%93-kit-k810-manual\/#breadcrumb\"},\"inLanguage\":\"es\",\"potentialAction\":[{\"@type\":\"ReadAction\",\"target\":[\"https:\/\/www.airchecklab.com\/es\/prueba-de-aire-comprimido-iso-8573\/iso-8573-1-aircheck%e2%9c%93-kit-k810-manual\/\"]}]},{\"@type\":\"BreadcrumbList\",\"@id\":\"https:\/\/www.airchecklab.com\/es\/prueba-de-aire-comprimido-iso-8573\/iso-8573-1-aircheck%e2%9c%93-kit-k810-manual\/#breadcrumb\",\"itemListElement\":[{\"@type\":\"ListItem\",\"position\":1,\"name\":\"Home\",\"item\":\"https:\/\/www.airchecklab.com\/es\/analisis-de-seguimiento-pruebas-ambientales-y-de-aire-comprimido\/\"},{\"@type\":\"ListItem\",\"position\":2,\"name\":\"Prueba de aire comprimido ISO 8573\",\"item\":\"https:\/\/www.airchecklab.com\/es\/prueba-de-aire-comprimido-iso-8573\/\"},{\"@type\":\"ListItem\",\"position\":3,\"name\":\"ISO 8573-1 \/ AirCheck\u2713 Kit K810 Manual\"}]},{\"@type\":\"WebSite\",\"@id\":\"\/#website\",\"url\":\"\/\",\"name\":\"Trace Analytics, the AirCheck Lab\",\"description\":\"Compressed Air Testing for ISO 8573, Microbial, SQF, Breathing Air\",\"publisher\":{\"@id\":\"\/#organization\"},\"potentialAction\":[{\"@type\":\"SearchAction\",\"target\":{\"@type\":\"EntryPoint\",\"urlTemplate\":\"\/?s={search_term_string}\"},\"query-input\":\"required name=search_term_string\"}],\"inLanguage\":\"es\"},{\"@type\":\"Organization\",\"@id\":\"\/#organization\",\"name\":\"Trace Analytics, LLC\",\"url\":\"\/\",\"logo\":{\"@type\":\"ImageObject\",\"inLanguage\":\"es\",\"@id\":\"\/#\/schema\/logo\/image\/\",\"url\":\"https:\/\/www.airchecklab.com\/wp-content\/uploads\/2021\/08\/Blue-01.png\",\"contentUrl\":\"https:\/\/www.airchecklab.com\/wp-content\/uploads\/2021\/08\/Blue-01.png\",\"width\":1600,\"height\":301,\"caption\":\"Trace Analytics, LLC\"},\"image\":{\"@id\":\"\/#\/schema\/logo\/image\/\"}}]}<\/script>\n<!-- \/ Yoast SEO Premium plugin. -->","yoast_head_json":{"title":"ISO 8573-1 \/ AirCheck\u2713 Kit K810 Manual - Trace Analytics, the AirCheck Lab","description":"K8573NB e ISO 8573 van de la mano. Nuestras computadoras port\u00e1tiles AirCheck y videos facilitan las pruebas de aire.","robots":{"index":"index","follow":"follow","max-snippet":"max-snippet:-1","max-image-preview":"max-image-preview:large","max-video-preview":"max-video-preview:-1"},"canonical":"https:\/\/www.airchecklab.com\/es\/prueba-de-aire-comprimido-iso-8573\/iso-8573-1-aircheck%e2%9c%93-kit-k810-manual\/","og_locale":"es_ES","og_type":"article","og_title":"ISO 8573-1 \/ AirCheck\u2713 Kit K810 Manual","og_description":"K8573NB e ISO 8573 van de la mano. Nuestras computadoras port\u00e1tiles AirCheck y videos facilitan las pruebas de aire.","og_url":"https:\/\/www.airchecklab.com\/es\/prueba-de-aire-comprimido-iso-8573\/iso-8573-1-aircheck%e2%9c%93-kit-k810-manual\/","og_site_name":"Trace Analytics, the AirCheck Lab","twitter_card":"summary_large_image","twitter_misc":{"Tiempo de lectura":"1 minuto"},"schema":{"@context":"https:\/\/schema.org","@graph":[{"@type":"WebPage","@id":"https:\/\/www.airchecklab.com\/es\/prueba-de-aire-comprimido-iso-8573\/iso-8573-1-aircheck%e2%9c%93-kit-k810-manual\/","url":"https:\/\/www.airchecklab.com\/es\/prueba-de-aire-comprimido-iso-8573\/iso-8573-1-aircheck%e2%9c%93-kit-k810-manual\/","name":"ISO 8573-1 \/ AirCheck\u2713 Kit K810 Manual - Trace Analytics, the AirCheck Lab","isPartOf":{"@id":"\/#website"},"datePublished":"2021-12-27T16:09:02+00:00","dateModified":"2021-12-27T16:09:02+00:00","description":"K8573NB e ISO 8573 van de la mano. Nuestras computadoras port\u00e1tiles AirCheck y videos facilitan las pruebas de aire.","breadcrumb":{"@id":"https:\/\/www.airchecklab.com\/es\/prueba-de-aire-comprimido-iso-8573\/iso-8573-1-aircheck%e2%9c%93-kit-k810-manual\/#breadcrumb"},"inLanguage":"es","potentialAction":[{"@type":"ReadAction","target":["https:\/\/www.airchecklab.com\/es\/prueba-de-aire-comprimido-iso-8573\/iso-8573-1-aircheck%e2%9c%93-kit-k810-manual\/"]}]},{"@type":"BreadcrumbList","@id":"https:\/\/www.airchecklab.com\/es\/prueba-de-aire-comprimido-iso-8573\/iso-8573-1-aircheck%e2%9c%93-kit-k810-manual\/#breadcrumb","itemListElement":[{"@type":"ListItem","position":1,"name":"Home","item":"https:\/\/www.airchecklab.com\/es\/analisis-de-seguimiento-pruebas-ambientales-y-de-aire-comprimido\/"},{"@type":"ListItem","position":2,"name":"Prueba de aire comprimido ISO 8573","item":"https:\/\/www.airchecklab.com\/es\/prueba-de-aire-comprimido-iso-8573\/"},{"@type":"ListItem","position":3,"name":"ISO 8573-1 \/ AirCheck\u2713 Kit K810 Manual"}]},{"@type":"WebSite","@id":"\/#website","url":"\/","name":"Trace Analytics, the AirCheck Lab","description":"Compressed Air Testing for ISO 8573, Microbial, SQF, Breathing Air","publisher":{"@id":"\/#organization"},"potentialAction":[{"@type":"SearchAction","target":{"@type":"EntryPoint","urlTemplate":"\/?s={search_term_string}"},"query-input":"required name=search_term_string"}],"inLanguage":"es"},{"@type":"Organization","@id":"\/#organization","name":"Trace Analytics, LLC","url":"\/","logo":{"@type":"ImageObject","inLanguage":"es","@id":"\/#\/schema\/logo\/image\/","url":"https:\/\/www.airchecklab.com\/wp-content\/uploads\/2021\/08\/Blue-01.png","contentUrl":"https:\/\/www.airchecklab.com\/wp-content\/uploads\/2021\/08\/Blue-01.png","width":1600,"height":301,"caption":"Trace Analytics, LLC"},"image":{"@id":"\/#\/schema\/logo\/image\/"}}]}},"_links":{"self":[{"href":"https:\/\/www.airchecklab.com\/es\/wp-json\/wp\/v2\/pages\/22278"}],"collection":[{"href":"https:\/\/www.airchecklab.com\/es\/wp-json\/wp\/v2\/pages"}],"about":[{"href":"https:\/\/www.airchecklab.com\/es\/wp-json\/wp\/v2\/types\/page"}],"author":[{"embeddable":true,"href":"https:\/\/www.airchecklab.com\/es\/wp-json\/wp\/v2\/users\/1"}],"replies":[{"embeddable":true,"href":"https:\/\/www.airchecklab.com\/es\/wp-json\/wp\/v2\/comments?post=22278"}],"version-history":[{"count":0,"href":"https:\/\/www.airchecklab.com\/es\/wp-json\/wp\/v2\/pages\/22278\/revisions"}],"up":[{"embeddable":true,"href":"https:\/\/www.airchecklab.com\/es\/wp-json\/wp\/v2\/pages\/22266"}],"wp:attachment":[{"href":"https:\/\/www.airchecklab.com\/es\/wp-json\/wp\/v2\/media?parent=22278"}],"curies":[{"name":"wp","href":"https:\/\/api.w.org\/{rel}","templated":true}]}}