{"id":22293,"date":"2021-12-27T10:09:05","date_gmt":"2021-12-27T16:09:05","guid":{"rendered":"https:\/\/dev.airchecklab.com\/aire-de-calidad-alimentaria-en-la-fabricacion\/aire-comprimido-en-la-industria-de-alimentos-para-mascotas\/"},"modified":"2021-12-27T10:09:05","modified_gmt":"2021-12-27T16:09:05","slug":"aire-comprimido-en-la-industria-de-alimentos-para-mascotas","status":"publish","type":"page","link":"https:\/\/www.airchecklab.com\/es\/aire-de-calidad-alimentaria-en-la-fabricacion\/aire-comprimido-en-la-industria-de-alimentos-para-mascotas\/","title":{"rendered":"Aire comprimido en la industria de alimentos para mascotas"},"content":{"rendered":"<h1>Aire comprimido en la industria de alimentos para mascotas<\/h1>\n<p>El aire comprimido utilizado en el proceso de fabricaci\u00f3n de alimentos para mascotas debe considerarse un factor cr\u00edtico, ya que puede tener un efecto directo en la esterilidad comercial del producto final. Garantizar la seguridad y la calidad de los alimentos para mascotas es esencial para la viabilidad de cualquier fabricante de alimentos para mascotas.<\/p>\n<p><img decoding=\"async\" class=\"lazyload frame alignright\" alt=\"Canned Pet Food\" src=\"data:image\/gif;base64,R0lGODlhAQABAAAAACH5BAEKAAEALAAAAAABAAEAAAICTAEAOw==\" data-orig-src=\"\/assets\/images\/Can-Food.jpg\">La <a href=\"http:\/\/www.fda.gov\" target=\"_blank\" rel=\"noopener noreferrer\">Administraci\u00f3n de Alimentos y Medicamentos (FDA)<\/a> regula la industria de alimentos para mascotas. La <a href=\"https:\/\/www.fda.gov\/regulatory-information\/laws-enforced-fda\/federal-food-drug-and-cosmetic-act-fdc-act\" target=\"_blank\" rel=\"noopener noreferrer\">Ley Federal de Alimentos, Medicamentos y Cosm\u00e9ticos (FFDCA)<\/a> requiere que todos los alimentos de origen animal, como los alimentos para humanos, sean seguros para comer y no contengan sustancias nocivas. El aire comprimido utilizado en el proceso de fabricaci\u00f3n de alimentos para mascotas debe considerarse un factor cr\u00edtico, ya que puede tener un efecto directo en la esterilidad comercial del producto final. Garantizar la seguridad y la calidad de los alimentos para mascotas es esencial para la viabilidad de cualquier fabricante de alimentos para mascotas.<\/p>\n<p>El aire comprimido utilizado en la industria de alimentos para mascotas es tan importante como lo es en las industrias de alimentos para humanos o farmac\u00e9utica. No querr\u00edamos someter a nuestras mascotas sin saberlo a nada da\u00f1ino. El aire comprimido puede contaminarse f\u00e1cilmente si no se monitorea, mantiene adecuadamente y se prueba la calidad. Obtenga m\u00e1s informaci\u00f3n sobre las <a href=\"\/food\/sources-of-contamination\/sources-of-contamination-in-manufacturing\/\">fuentes de contaminaci\u00f3n del compresor<\/a> .<\/p>\n<p><img decoding=\"async\" class=\"lazyload frame alignleft\" alt=\"Dog Treat\" src=\"data:image\/gif;base64,R0lGODlhAQABAAAAACH5BAEKAAEALAAAAAABAAEAAAICTAEAOw==\" data-orig-src=\"\/assets\/images\/Dog-Treat.jpg\">La contaminaci\u00f3n en el aire comprimido, como part\u00edculas, agua o aceite, puede tener resultados devastadores en un producto final, lo que podr\u00eda provocar retiradas del mercado, tiempo de fabricaci\u00f3n inactivo o algo peor. Tanto los fabricantes de alimentos como los de productos farmac\u00e9uticos se refieren a un est\u00e1ndar industrial para el aire comprimido que se conoce como ISO 8573. <a href=\"https:\/\/www.airchecklab.com\/Services\/Industrial-Air---ISO-8573_1\" target=\"_blank\" rel=\"noopener noreferrer\">ISO 8573<\/a> es una excelente referencia para el fabricante de alimentos para mascotas y sus proveedores. Existe una necesidad real de que los fabricantes protejan a las mascotas de sus consumidores de los alimentos contaminados identificando el aire comprimido como un factor cr\u00edtico.<\/p>\n<p>ISO 8573 identifica las tres \u00e1reas principales de contaminaci\u00f3n potencial en el aire comprimido: part\u00edculas, agua y aceite. En la industria alimentaria humana, el aire comprimido que entra en contacto directo con los alimentos debe cumplir con la norma ISO 8573-1: 2010, clase de pureza 2: 2: 1; El contacto indirecto debe cumplir con 2: 4: 2. <a href=\"#BCAS\">Consulte la tabla a continuaci\u00f3n<\/a> para conocer los l\u00edmites.<\/p>\n<h2>Especificaciones de pruebas de gas y aire comprimido para alimentos para mascotas<\/h2>\n<p>Trace Analytics, LLC es un <a href=\"https:\/\/www.airchecklab.com\/About-the-Laboratory\" target=\"_blank\" rel=\"noopener noreferrer\">laboratorio acreditado por A2LA que<\/a> cumple con la norma ISO 17025 seg\u00fan lo exigen BRC y SQF. Podemos probar con una amplia variedad de especificaciones. A continuaci\u00f3n, se muestran algunos ejemplos de especificaciones que se utilizan com\u00fanmente en alimentos para mascotas:<\/p>\n<p>[IncludeSpec spec=&#8221;BCAS&#8221;]<\/p>\n<p>La calidad del aire comprimido debe probarse y verificarse y se justifican pruebas adicionales siempre que se realicen trabajos de mantenimiento o cualquier actividad que pueda afectar la calidad del aire en el sistema de aire comprimido. Se sugiere que se pruebe una selecci\u00f3n representativa de las salidas de aire para confirmar que el aire comprimido cumple con las Clases de Pureza relevantes indicadas en la Tabla anterior.<\/p>\n<p>Un programa de pruebas de aire peri\u00f3dicas puede proporcionar informaci\u00f3n cr\u00edtica para monitorear la calidad del aire y ayudar a prevenir la contaminaci\u00f3n del suministro de alimentos para mascotas. Debido a la naturaleza cr\u00edtica del aire comprimido utilizado en el proceso de fabricaci\u00f3n de alimentos para mascotas, se debe emplear personal calificado para mantener, reparar y probar adecuadamente el sistema de aire comprimido.<\/p>\n<p><img decoding=\"async\" class=\"lazyload frame alignright\" alt=\"Moist Pet Food\" src=\"data:image\/gif;base64,R0lGODlhAQABAAAAACH5BAEKAAEALAAAAAABAAEAAAICTAEAOw==\" data-orig-src=\"\/assets\/images\/Moist-Food.jpg\">Ofrecemos pruebas de referencia cuando no est\u00e1 seguro de las clases de pureza que puede cumplir su sistema de aire, seleccione las clases de pureza de las especificaciones actuales de <a href=\"#ISO\">ISO 8573-1: 2010<\/a> a continuaci\u00f3n o proporcione su propia especificaci\u00f3n personalizada.<\/p>\n<p>Para recibir m\u00e1s informaci\u00f3n sobre las pruebas de aire de proceso y gas puro para la industria de alimentos para mascotas, <a href=\"https:\/\/www.airchecklab.com\/Services\/Industrial-Air---ISO-8573_1\" target=\"_blank\" rel=\"noopener noreferrer\">ISO 8573-1<\/a> y nuestras pruebas de referencia con <a href=\"https:\/\/www.airchecklab.com\/products\/aircheck-kits\/manufacturing-critical-air-iso-8573\" target=\"_blank\" rel=\"noopener noreferrer\"><span class=\"aircheck\">AirCheck <span class=\"tracecheck\">\u2713<\/span> Kit &#x2122; K8573<\/span><\/a> , <a href=\"https:\/\/www.airchecklab.com\/contact-an-expert\" target=\"_blank\" rel=\"noopener noreferrer\">comun\u00edquese con nosotros<\/a> por correo electr\u00f3nico o por tel\u00e9fono al 1-800-247-1024 x3.<\/p>\n<p>[IncludeSpec spec=&#8221;ISO&#8221;]<br \/>\n[NextPage]<br \/>\n[ShowSiblings]<\/p>\n","protected":false},"excerpt":{"rendered":"<p>Aire comprimido en la industria de alimentos para mascotas El aire comprimido utilizado en el proceso de fabricaci\u00f3n de alimentos para mascotas debe considerarse un factor cr\u00edtico, ya que puede tener un efecto directo en la esterilidad comercial del producto final. Garantizar la seguridad y la calidad de los alimentos para mascotas es esencial para la viabilidad de cualquier fabricante de alimentos para mascotas. La Administraci\u00f3n de Alimentos y Medicamentos (FDA) regula la industria de alimentos para mascotas. La Ley [&hellip;]<\/p>\n","protected":false},"author":1,"featured_media":0,"parent":22269,"menu_order":40,"comment_status":"closed","ping_status":"open","template":"","meta":{"content-type":""},"yoast_head":"<!-- This site is optimized with the Yoast SEO Premium plugin v20.0 (Yoast SEO v20.0) - https:\/\/yoast.com\/wordpress\/plugins\/seo\/ -->\n<title>Aire comprimido en la industria de alimentos para mascotas - Trace Analytics, the AirCheck Lab<\/title>\n<meta name=\"description\" content=\"\u00a1Las pruebas de aire comprimido para fabricantes de alimentos para mascotas que buscan la certificaci\u00f3n SQF est\u00e1n disponibles! Obtenga m\u00e1s informaci\u00f3n en AirCheck Academy.\" \/>\n<meta name=\"robots\" content=\"index, follow, max-snippet:-1, max-image-preview:large, max-video-preview:-1\" \/>\n<link rel=\"canonical\" href=\"https:\/\/www.airchecklab.com\/es\/aire-de-calidad-alimentaria-en-la-fabricacion\/aire-comprimido-en-la-industria-de-alimentos-para-mascotas\/\" \/>\n<meta property=\"og:locale\" content=\"es_ES\" \/>\n<meta property=\"og:type\" content=\"article\" \/>\n<meta property=\"og:title\" content=\"Aire comprimido en la industria de alimentos para mascotas\" \/>\n<meta property=\"og:description\" content=\"\u00a1Las pruebas de aire comprimido para fabricantes de alimentos para mascotas que buscan la certificaci\u00f3n SQF est\u00e1n disponibles! Obtenga m\u00e1s informaci\u00f3n en AirCheck Academy.\" \/>\n<meta property=\"og:url\" content=\"https:\/\/www.airchecklab.com\/es\/aire-de-calidad-alimentaria-en-la-fabricacion\/aire-comprimido-en-la-industria-de-alimentos-para-mascotas\/\" \/>\n<meta property=\"og:site_name\" content=\"Trace Analytics, the AirCheck Lab\" \/>\n<meta name=\"twitter:card\" content=\"summary_large_image\" \/>\n<meta name=\"twitter:label1\" content=\"Tiempo de lectura\" \/>\n\t<meta name=\"twitter:data1\" content=\"4 minutos\" \/>\n<script type=\"application\/ld+json\" class=\"yoast-schema-graph\">{\"@context\":\"https:\/\/schema.org\",\"@graph\":[{\"@type\":\"WebPage\",\"@id\":\"https:\/\/www.airchecklab.com\/es\/aire-de-calidad-alimentaria-en-la-fabricacion\/aire-comprimido-en-la-industria-de-alimentos-para-mascotas\/\",\"url\":\"https:\/\/www.airchecklab.com\/es\/aire-de-calidad-alimentaria-en-la-fabricacion\/aire-comprimido-en-la-industria-de-alimentos-para-mascotas\/\",\"name\":\"Aire comprimido en la industria de alimentos para mascotas - Trace Analytics, the AirCheck Lab\",\"isPartOf\":{\"@id\":\"\/#website\"},\"datePublished\":\"2021-12-27T16:09:05+00:00\",\"dateModified\":\"2021-12-27T16:09:05+00:00\",\"description\":\"\u00a1Las pruebas de aire comprimido para fabricantes de alimentos para mascotas que buscan la certificaci\u00f3n SQF est\u00e1n disponibles! Obtenga m\u00e1s informaci\u00f3n en AirCheck Academy.\",\"breadcrumb\":{\"@id\":\"https:\/\/www.airchecklab.com\/es\/aire-de-calidad-alimentaria-en-la-fabricacion\/aire-comprimido-en-la-industria-de-alimentos-para-mascotas\/#breadcrumb\"},\"inLanguage\":\"es\",\"potentialAction\":[{\"@type\":\"ReadAction\",\"target\":[\"https:\/\/www.airchecklab.com\/es\/aire-de-calidad-alimentaria-en-la-fabricacion\/aire-comprimido-en-la-industria-de-alimentos-para-mascotas\/\"]}]},{\"@type\":\"BreadcrumbList\",\"@id\":\"https:\/\/www.airchecklab.com\/es\/aire-de-calidad-alimentaria-en-la-fabricacion\/aire-comprimido-en-la-industria-de-alimentos-para-mascotas\/#breadcrumb\",\"itemListElement\":[{\"@type\":\"ListItem\",\"position\":1,\"name\":\"Home\",\"item\":\"https:\/\/www.airchecklab.com\/es\/analisis-de-seguimiento-pruebas-ambientales-y-de-aire-comprimido\/\"},{\"@type\":\"ListItem\",\"position\":2,\"name\":\"Aire de calidad alimentaria en la fabricaci\u00f3n\",\"item\":\"https:\/\/www.airchecklab.com\/es\/aire-de-calidad-alimentaria-en-la-fabricacion\/\"},{\"@type\":\"ListItem\",\"position\":3,\"name\":\"Aire comprimido en la industria de alimentos para mascotas\"}]},{\"@type\":\"WebSite\",\"@id\":\"\/#website\",\"url\":\"\/\",\"name\":\"Trace Analytics, the AirCheck Lab\",\"description\":\"Compressed Air Testing for ISO 8573, Microbial, SQF, Breathing Air\",\"publisher\":{\"@id\":\"\/#organization\"},\"potentialAction\":[{\"@type\":\"SearchAction\",\"target\":{\"@type\":\"EntryPoint\",\"urlTemplate\":\"\/?s={search_term_string}\"},\"query-input\":\"required name=search_term_string\"}],\"inLanguage\":\"es\"},{\"@type\":\"Organization\",\"@id\":\"\/#organization\",\"name\":\"Trace Analytics, LLC\",\"url\":\"\/\",\"logo\":{\"@type\":\"ImageObject\",\"inLanguage\":\"es\",\"@id\":\"\/#\/schema\/logo\/image\/\",\"url\":\"https:\/\/www.airchecklab.com\/wp-content\/uploads\/2021\/08\/Blue-01.png\",\"contentUrl\":\"https:\/\/www.airchecklab.com\/wp-content\/uploads\/2021\/08\/Blue-01.png\",\"width\":1600,\"height\":301,\"caption\":\"Trace Analytics, LLC\"},\"image\":{\"@id\":\"\/#\/schema\/logo\/image\/\"}}]}<\/script>\n<!-- \/ Yoast SEO Premium plugin. -->","yoast_head_json":{"title":"Aire comprimido en la industria de alimentos para mascotas - Trace Analytics, the AirCheck Lab","description":"\u00a1Las pruebas de aire comprimido para fabricantes de alimentos para mascotas que buscan la certificaci\u00f3n SQF est\u00e1n disponibles! Obtenga m\u00e1s informaci\u00f3n en AirCheck Academy.","robots":{"index":"index","follow":"follow","max-snippet":"max-snippet:-1","max-image-preview":"max-image-preview:large","max-video-preview":"max-video-preview:-1"},"canonical":"https:\/\/www.airchecklab.com\/es\/aire-de-calidad-alimentaria-en-la-fabricacion\/aire-comprimido-en-la-industria-de-alimentos-para-mascotas\/","og_locale":"es_ES","og_type":"article","og_title":"Aire comprimido en la industria de alimentos para mascotas","og_description":"\u00a1Las pruebas de aire comprimido para fabricantes de alimentos para mascotas que buscan la certificaci\u00f3n SQF est\u00e1n disponibles! Obtenga m\u00e1s informaci\u00f3n en AirCheck Academy.","og_url":"https:\/\/www.airchecklab.com\/es\/aire-de-calidad-alimentaria-en-la-fabricacion\/aire-comprimido-en-la-industria-de-alimentos-para-mascotas\/","og_site_name":"Trace Analytics, the AirCheck Lab","twitter_card":"summary_large_image","twitter_misc":{"Tiempo de lectura":"4 minutos"},"schema":{"@context":"https:\/\/schema.org","@graph":[{"@type":"WebPage","@id":"https:\/\/www.airchecklab.com\/es\/aire-de-calidad-alimentaria-en-la-fabricacion\/aire-comprimido-en-la-industria-de-alimentos-para-mascotas\/","url":"https:\/\/www.airchecklab.com\/es\/aire-de-calidad-alimentaria-en-la-fabricacion\/aire-comprimido-en-la-industria-de-alimentos-para-mascotas\/","name":"Aire comprimido en la industria de alimentos para mascotas - Trace Analytics, the AirCheck Lab","isPartOf":{"@id":"\/#website"},"datePublished":"2021-12-27T16:09:05+00:00","dateModified":"2021-12-27T16:09:05+00:00","description":"\u00a1Las pruebas de aire comprimido para fabricantes de alimentos para mascotas que buscan la certificaci\u00f3n SQF est\u00e1n disponibles! Obtenga m\u00e1s informaci\u00f3n en AirCheck Academy.","breadcrumb":{"@id":"https:\/\/www.airchecklab.com\/es\/aire-de-calidad-alimentaria-en-la-fabricacion\/aire-comprimido-en-la-industria-de-alimentos-para-mascotas\/#breadcrumb"},"inLanguage":"es","potentialAction":[{"@type":"ReadAction","target":["https:\/\/www.airchecklab.com\/es\/aire-de-calidad-alimentaria-en-la-fabricacion\/aire-comprimido-en-la-industria-de-alimentos-para-mascotas\/"]}]},{"@type":"BreadcrumbList","@id":"https:\/\/www.airchecklab.com\/es\/aire-de-calidad-alimentaria-en-la-fabricacion\/aire-comprimido-en-la-industria-de-alimentos-para-mascotas\/#breadcrumb","itemListElement":[{"@type":"ListItem","position":1,"name":"Home","item":"https:\/\/www.airchecklab.com\/es\/analisis-de-seguimiento-pruebas-ambientales-y-de-aire-comprimido\/"},{"@type":"ListItem","position":2,"name":"Aire de calidad alimentaria en la fabricaci\u00f3n","item":"https:\/\/www.airchecklab.com\/es\/aire-de-calidad-alimentaria-en-la-fabricacion\/"},{"@type":"ListItem","position":3,"name":"Aire comprimido en la industria de alimentos para mascotas"}]},{"@type":"WebSite","@id":"\/#website","url":"\/","name":"Trace Analytics, the AirCheck Lab","description":"Compressed Air Testing for ISO 8573, Microbial, SQF, Breathing Air","publisher":{"@id":"\/#organization"},"potentialAction":[{"@type":"SearchAction","target":{"@type":"EntryPoint","urlTemplate":"\/?s={search_term_string}"},"query-input":"required name=search_term_string"}],"inLanguage":"es"},{"@type":"Organization","@id":"\/#organization","name":"Trace Analytics, LLC","url":"\/","logo":{"@type":"ImageObject","inLanguage":"es","@id":"\/#\/schema\/logo\/image\/","url":"https:\/\/www.airchecklab.com\/wp-content\/uploads\/2021\/08\/Blue-01.png","contentUrl":"https:\/\/www.airchecklab.com\/wp-content\/uploads\/2021\/08\/Blue-01.png","width":1600,"height":301,"caption":"Trace Analytics, LLC"},"image":{"@id":"\/#\/schema\/logo\/image\/"}}]}},"_links":{"self":[{"href":"https:\/\/www.airchecklab.com\/es\/wp-json\/wp\/v2\/pages\/22293"}],"collection":[{"href":"https:\/\/www.airchecklab.com\/es\/wp-json\/wp\/v2\/pages"}],"about":[{"href":"https:\/\/www.airchecklab.com\/es\/wp-json\/wp\/v2\/types\/page"}],"author":[{"embeddable":true,"href":"https:\/\/www.airchecklab.com\/es\/wp-json\/wp\/v2\/users\/1"}],"replies":[{"embeddable":true,"href":"https:\/\/www.airchecklab.com\/es\/wp-json\/wp\/v2\/comments?post=22293"}],"version-history":[{"count":0,"href":"https:\/\/www.airchecklab.com\/es\/wp-json\/wp\/v2\/pages\/22293\/revisions"}],"up":[{"embeddable":true,"href":"https:\/\/www.airchecklab.com\/es\/wp-json\/wp\/v2\/pages\/22269"}],"wp:attachment":[{"href":"https:\/\/www.airchecklab.com\/es\/wp-json\/wp\/v2\/media?parent=22293"}],"curies":[{"name":"wp","href":"https:\/\/api.w.org\/{rel}","templated":true}]}}