{"id":22320,"date":"2021-12-27T10:09:13","date_gmt":"2021-12-27T16:09:13","guid":{"rendered":"https:\/\/dev.airchecklab.com\/fuentes-de-contaminacion\/fuentes-de-contaminacion-aircheck%e2%9c%93-resultados-del-examen\/"},"modified":"2021-12-27T10:09:13","modified_gmt":"2021-12-27T16:09:13","slug":"fuentes-de-contaminacion-aircheck%e2%9c%93-resultados-del-examen","status":"publish","type":"page","link":"https:\/\/www.airchecklab.com\/es\/fuentes-de-contaminacion\/fuentes-de-contaminacion-aircheck%e2%9c%93-resultados-del-examen\/","title":{"rendered":"Fuentes de contaminaci\u00f3n AirCheck\u2713 Resultados del examen"},"content":{"rendered":"<p>[pc-pvt-content allow=&#8221;3&#8243; warning=&#8221;0&#8243;]<\/p>\n<hr>\n<h1>\u00a1Excelente!<\/h1>\n<p>A continuaci\u00f3n, recomendamos visitar la secci\u00f3n <a href=\"https:\/\/www.airchecklab.com\/es\/academia-aircheck%e2%9c%93\/entrenamiento-de-ventas\/\">Capacitaci\u00f3n en ventas<\/a> de la [aircheck]Academia[\/aircheck] . Aqu\u00ed conocer\u00e1 las necesidades e inquietudes de sus clientes y conocer\u00e1 las preguntas m\u00e1s frecuentes al vender este servicio. Nuestro objetivo es capacitar a su equipo para que sean [aircheck]expertos[\/aircheck] en el campo.<\/p>\n<p>\u00bfHay preguntas u otros temas que le gustar\u00eda que se abordaran en la secci\u00f3n Capacitaci\u00f3n en ventas? <a href=\"https:\/\/www.airchecklab.com\/es\/academia-aircheck%e2%9c%93\/contacto-de-la-academia-aircheck%e2%9c%93\/\">Env\u00edanos una nota<\/a> con tus sugerencias.<\/p>\n<p>[ShowChildPages page=&#8221;1185&#8243; title=&#8221;Sales Training&#8221;]<br \/>\n[\/pc-pvt-content]<\/p>\n","protected":false},"excerpt":{"rendered":"<p>[pc-pvt-content allow=&#8221;3&#8243; warning=&#8221;0&#8243;] \u00a1Excelente! A continuaci\u00f3n, recomendamos visitar la secci\u00f3n Capacitaci\u00f3n en ventas de la [aircheck]Academia[\/aircheck] . Aqu\u00ed conocer\u00e1 las necesidades e inquietudes de sus clientes y conocer\u00e1 las preguntas m\u00e1s frecuentes al vender este servicio. Nuestro objetivo es capacitar a su equipo para que sean [aircheck]expertos[\/aircheck] en el campo. \u00bfHay preguntas u otros temas que le gustar\u00eda que se abordaran en la secci\u00f3n Capacitaci\u00f3n en ventas? Env\u00edanos una nota con tus sugerencias. [ShowChildPages page=&#8221;1185&#8243; title=&#8221;Sales Training&#8221;] [\/pc-pvt-content]<\/p>\n","protected":false},"author":1,"featured_media":0,"parent":22254,"menu_order":50,"comment_status":"closed","ping_status":"closed","template":"results-sources-of-contamination.php","meta":{"content-type":""},"yoast_head":"<!-- This site is optimized with the Yoast SEO Premium plugin v20.0 (Yoast SEO v20.0) - https:\/\/yoast.com\/wordpress\/plugins\/seo\/ -->\n<title>Fuentes de contaminaci\u00f3n AirCheck\u2713 Resultados del examen - Trace Analytics, the AirCheck Lab<\/title>\n<meta name=\"robots\" content=\"index, follow, max-snippet:-1, max-image-preview:large, max-video-preview:-1\" \/>\n<link rel=\"canonical\" href=\"https:\/\/www.airchecklab.com\/es\/fuentes-de-contaminacion\/fuentes-de-contaminacion-aircheck%e2%9c%93-resultados-del-examen\/\" \/>\n<meta property=\"og:locale\" content=\"es_ES\" \/>\n<meta property=\"og:type\" content=\"article\" \/>\n<meta property=\"og:title\" content=\"Fuentes de contaminaci\u00f3n AirCheck\u2713 Resultados del examen\" \/>\n<meta property=\"og:description\" content=\"[pc-pvt-content allow=&#8221;3&#8243; warning=&#8221;0&#8243;] \u00a1Excelente! A continuaci\u00f3n, recomendamos visitar la secci\u00f3n Capacitaci\u00f3n en ventas de la [aircheck]Academia[\/aircheck] . Aqu\u00ed conocer\u00e1 las necesidades e inquietudes de sus clientes y conocer\u00e1 las preguntas m\u00e1s frecuentes al vender este servicio. Nuestro objetivo es capacitar a su equipo para que sean [aircheck]expertos[\/aircheck] en el campo. \u00bfHay preguntas u otros temas que le gustar\u00eda que se abordaran en la secci\u00f3n Capacitaci\u00f3n en ventas? Env\u00edanos una nota con tus sugerencias. [ShowChildPages page=&#8221;1185&#8243; title=&#8221;Sales Training&#8221;] [\/pc-pvt-content]\" \/>\n<meta property=\"og:url\" content=\"https:\/\/www.airchecklab.com\/es\/fuentes-de-contaminacion\/fuentes-de-contaminacion-aircheck%e2%9c%93-resultados-del-examen\/\" \/>\n<meta property=\"og:site_name\" content=\"Trace Analytics, the AirCheck Lab\" \/>\n<meta name=\"twitter:card\" content=\"summary_large_image\" \/>\n<script type=\"application\/ld+json\" class=\"yoast-schema-graph\">{\"@context\":\"https:\/\/schema.org\",\"@graph\":[{\"@type\":\"WebPage\",\"@id\":\"https:\/\/www.airchecklab.com\/es\/fuentes-de-contaminacion\/fuentes-de-contaminacion-aircheck%e2%9c%93-resultados-del-examen\/\",\"url\":\"https:\/\/www.airchecklab.com\/es\/fuentes-de-contaminacion\/fuentes-de-contaminacion-aircheck%e2%9c%93-resultados-del-examen\/\",\"name\":\"Fuentes de contaminaci\u00f3n AirCheck\u2713 Resultados del examen - Trace Analytics, the AirCheck Lab\",\"isPartOf\":{\"@id\":\"\/#website\"},\"datePublished\":\"2021-12-27T16:09:13+00:00\",\"dateModified\":\"2021-12-27T16:09:13+00:00\",\"breadcrumb\":{\"@id\":\"https:\/\/www.airchecklab.com\/es\/fuentes-de-contaminacion\/fuentes-de-contaminacion-aircheck%e2%9c%93-resultados-del-examen\/#breadcrumb\"},\"inLanguage\":\"es\",\"potentialAction\":[{\"@type\":\"ReadAction\",\"target\":[\"https:\/\/www.airchecklab.com\/es\/fuentes-de-contaminacion\/fuentes-de-contaminacion-aircheck%e2%9c%93-resultados-del-examen\/\"]}]},{\"@type\":\"BreadcrumbList\",\"@id\":\"https:\/\/www.airchecklab.com\/es\/fuentes-de-contaminacion\/fuentes-de-contaminacion-aircheck%e2%9c%93-resultados-del-examen\/#breadcrumb\",\"itemListElement\":[{\"@type\":\"ListItem\",\"position\":1,\"name\":\"Home\",\"item\":\"https:\/\/www.airchecklab.com\/es\/analisis-de-seguimiento-pruebas-ambientales-y-de-aire-comprimido\/\"},{\"@type\":\"ListItem\",\"position\":2,\"name\":\"Fuentes de contaminaci\u00f3n\",\"item\":\"https:\/\/www.airchecklab.com\/es\/fuentes-de-contaminacion\/\"},{\"@type\":\"ListItem\",\"position\":3,\"name\":\"Fuentes de contaminaci\u00f3n AirCheck\u2713 Resultados del examen\"}]},{\"@type\":\"WebSite\",\"@id\":\"\/#website\",\"url\":\"\/\",\"name\":\"Trace Analytics, the AirCheck Lab\",\"description\":\"Compressed Air Testing for ISO 8573, Microbial, SQF, Breathing Air\",\"publisher\":{\"@id\":\"\/#organization\"},\"potentialAction\":[{\"@type\":\"SearchAction\",\"target\":{\"@type\":\"EntryPoint\",\"urlTemplate\":\"\/?s={search_term_string}\"},\"query-input\":\"required name=search_term_string\"}],\"inLanguage\":\"es\"},{\"@type\":\"Organization\",\"@id\":\"\/#organization\",\"name\":\"Trace Analytics, LLC\",\"url\":\"\/\",\"logo\":{\"@type\":\"ImageObject\",\"inLanguage\":\"es\",\"@id\":\"\/#\/schema\/logo\/image\/\",\"url\":\"https:\/\/www.airchecklab.com\/wp-content\/uploads\/2021\/08\/Blue-01.png\",\"contentUrl\":\"https:\/\/www.airchecklab.com\/wp-content\/uploads\/2021\/08\/Blue-01.png\",\"width\":1600,\"height\":301,\"caption\":\"Trace Analytics, LLC\"},\"image\":{\"@id\":\"\/#\/schema\/logo\/image\/\"}}]}<\/script>\n<!-- \/ Yoast SEO Premium plugin. -->","yoast_head_json":{"title":"Fuentes de contaminaci\u00f3n AirCheck\u2713 Resultados del examen - Trace Analytics, the AirCheck Lab","robots":{"index":"index","follow":"follow","max-snippet":"max-snippet:-1","max-image-preview":"max-image-preview:large","max-video-preview":"max-video-preview:-1"},"canonical":"https:\/\/www.airchecklab.com\/es\/fuentes-de-contaminacion\/fuentes-de-contaminacion-aircheck%e2%9c%93-resultados-del-examen\/","og_locale":"es_ES","og_type":"article","og_title":"Fuentes de contaminaci\u00f3n AirCheck\u2713 Resultados del examen","og_description":"[pc-pvt-content allow=&#8221;3&#8243; warning=&#8221;0&#8243;] \u00a1Excelente! A continuaci\u00f3n, recomendamos visitar la secci\u00f3n Capacitaci\u00f3n en ventas de la [aircheck]Academia[\/aircheck] . Aqu\u00ed conocer\u00e1 las necesidades e inquietudes de sus clientes y conocer\u00e1 las preguntas m\u00e1s frecuentes al vender este servicio. Nuestro objetivo es capacitar a su equipo para que sean [aircheck]expertos[\/aircheck] en el campo. \u00bfHay preguntas u otros temas que le gustar\u00eda que se abordaran en la secci\u00f3n Capacitaci\u00f3n en ventas? Env\u00edanos una nota con tus sugerencias. [ShowChildPages page=&#8221;1185&#8243; title=&#8221;Sales Training&#8221;] [\/pc-pvt-content]","og_url":"https:\/\/www.airchecklab.com\/es\/fuentes-de-contaminacion\/fuentes-de-contaminacion-aircheck%e2%9c%93-resultados-del-examen\/","og_site_name":"Trace Analytics, the AirCheck Lab","twitter_card":"summary_large_image","schema":{"@context":"https:\/\/schema.org","@graph":[{"@type":"WebPage","@id":"https:\/\/www.airchecklab.com\/es\/fuentes-de-contaminacion\/fuentes-de-contaminacion-aircheck%e2%9c%93-resultados-del-examen\/","url":"https:\/\/www.airchecklab.com\/es\/fuentes-de-contaminacion\/fuentes-de-contaminacion-aircheck%e2%9c%93-resultados-del-examen\/","name":"Fuentes de contaminaci\u00f3n AirCheck\u2713 Resultados del examen - Trace Analytics, the AirCheck Lab","isPartOf":{"@id":"\/#website"},"datePublished":"2021-12-27T16:09:13+00:00","dateModified":"2021-12-27T16:09:13+00:00","breadcrumb":{"@id":"https:\/\/www.airchecklab.com\/es\/fuentes-de-contaminacion\/fuentes-de-contaminacion-aircheck%e2%9c%93-resultados-del-examen\/#breadcrumb"},"inLanguage":"es","potentialAction":[{"@type":"ReadAction","target":["https:\/\/www.airchecklab.com\/es\/fuentes-de-contaminacion\/fuentes-de-contaminacion-aircheck%e2%9c%93-resultados-del-examen\/"]}]},{"@type":"BreadcrumbList","@id":"https:\/\/www.airchecklab.com\/es\/fuentes-de-contaminacion\/fuentes-de-contaminacion-aircheck%e2%9c%93-resultados-del-examen\/#breadcrumb","itemListElement":[{"@type":"ListItem","position":1,"name":"Home","item":"https:\/\/www.airchecklab.com\/es\/analisis-de-seguimiento-pruebas-ambientales-y-de-aire-comprimido\/"},{"@type":"ListItem","position":2,"name":"Fuentes de contaminaci\u00f3n","item":"https:\/\/www.airchecklab.com\/es\/fuentes-de-contaminacion\/"},{"@type":"ListItem","position":3,"name":"Fuentes de contaminaci\u00f3n AirCheck\u2713 Resultados del examen"}]},{"@type":"WebSite","@id":"\/#website","url":"\/","name":"Trace Analytics, the AirCheck Lab","description":"Compressed Air Testing for ISO 8573, Microbial, SQF, Breathing Air","publisher":{"@id":"\/#organization"},"potentialAction":[{"@type":"SearchAction","target":{"@type":"EntryPoint","urlTemplate":"\/?s={search_term_string}"},"query-input":"required name=search_term_string"}],"inLanguage":"es"},{"@type":"Organization","@id":"\/#organization","name":"Trace Analytics, LLC","url":"\/","logo":{"@type":"ImageObject","inLanguage":"es","@id":"\/#\/schema\/logo\/image\/","url":"https:\/\/www.airchecklab.com\/wp-content\/uploads\/2021\/08\/Blue-01.png","contentUrl":"https:\/\/www.airchecklab.com\/wp-content\/uploads\/2021\/08\/Blue-01.png","width":1600,"height":301,"caption":"Trace Analytics, LLC"},"image":{"@id":"\/#\/schema\/logo\/image\/"}}]}},"_links":{"self":[{"href":"https:\/\/www.airchecklab.com\/es\/wp-json\/wp\/v2\/pages\/22320"}],"collection":[{"href":"https:\/\/www.airchecklab.com\/es\/wp-json\/wp\/v2\/pages"}],"about":[{"href":"https:\/\/www.airchecklab.com\/es\/wp-json\/wp\/v2\/types\/page"}],"author":[{"embeddable":true,"href":"https:\/\/www.airchecklab.com\/es\/wp-json\/wp\/v2\/users\/1"}],"replies":[{"embeddable":true,"href":"https:\/\/www.airchecklab.com\/es\/wp-json\/wp\/v2\/comments?post=22320"}],"version-history":[{"count":0,"href":"https:\/\/www.airchecklab.com\/es\/wp-json\/wp\/v2\/pages\/22320\/revisions"}],"up":[{"embeddable":true,"href":"https:\/\/www.airchecklab.com\/es\/wp-json\/wp\/v2\/pages\/22254"}],"wp:attachment":[{"href":"https:\/\/www.airchecklab.com\/es\/wp-json\/wp\/v2\/media?parent=22320"}],"curies":[{"name":"wp","href":"https:\/\/api.w.org\/{rel}","templated":true}]}}