{"id":22322,"date":"2021-12-27T10:09:15","date_gmt":"2021-12-27T16:09:15","guid":{"rendered":"https:\/\/dev.airchecklab.com\/academia-aircheck%e2%9c%93\/"},"modified":"2022-07-15T13:27:06","modified_gmt":"2022-07-15T19:27:06","slug":"academia-aircheck%e2%9c%93","status":"publish","type":"page","link":"https:\/\/www.airchecklab.com\/es\/academia-aircheck%e2%9c%93\/","title":{"rendered":"Academia AirCheck\u2713"},"content":{"rendered":"<p>[h1]Sobre la [aircheck]academia[\/aircheck][\/h1]<\/p>\n<p>Bienvenidos a la [aircheck]Academia[\/aircheck] . Levante una silla y p\u00f3ngase c\u00f3modo. Nos esforzamos por brindarles a nuestros clientes las herramientas que necesitan para sobresalir en su (s) campo (s) y brindarle un mejor conocimiento pr\u00e1ctico de la calidad del aire comprimido. No podr\u00edamos pensar en una mejor manera de ayudar que con una biblioteca que est\u00e9 disponible para nuestros clientes las 24 horas del d\u00eda, los 7 d\u00edas de la semana, con una gran cantidad de informaci\u00f3n para explorar. Hay videos, art\u00edculos, seminarios web, enlaces \u00fatiles y mucho m\u00e1s. Marque esta p\u00e1gina y vuelva a consultarla con frecuencia, ya que continuaremos agregando informaci\u00f3n \u00fatil para usted.<\/p>\n<hr>\n<div class=\"sixteen columns\">\n<div class=\"home-h2\"><a href=\"\/aircheck-academy\/food\/\"><span>[aircheck]Academia[\/aircheck] &#8211; Comida<\/span><\/a><\/div>\n<div class=\"divide5\"><\/div>\n<div class=\"clear\"><\/div>\n<p>[one_third][ShowChildPages page=&#8221;56&#8243; title=&#8221;Fuentes de contaminaci\u00f3n&#8221;][\/one_third]<br \/>\n[one_third][ShowChildPages page=&#8221;71&#8243; title=&#8221;Pureza del aire SQF&#8221;][\/one_third]<br \/>\n[one_third_last][ShowChildPages page=&#8221;88&#8243; title=&#8221;Aire de calidad alimentaria en la fabricaci\u00f3n&#8221;][\/one_third_last]<\/p>\n<p>[one_third][ShowChildPages page=&#8221;108&#8243; title=&#8221;ISO 8573 Compressed Air Testing&#8221;][\/one_third]<br \/>\n[one_third][ShowChildPages page=&#8221;128&#8243; title=&#8221;Microbiological Air Testing&#8221;][\/one_third]<br \/>\n[one_third_last][ShowChildPages page=&#8221;652&#8243; title=&#8221;Biblioteca de documentaci\u00f3n alimentaria&#8221;][\/one_third_last]<\/p>\n<\/div>\n","protected":false},"excerpt":{"rendered":"<p>[h1]Sobre la [aircheck]academia[\/aircheck][\/h1] Bienvenidos a la [aircheck]Academia[\/aircheck] . Levante una silla y p\u00f3ngase c\u00f3modo. Nos esforzamos por brindarles a nuestros clientes las herramientas que necesitan para sobresalir en su (s) campo (s) y brindarle un mejor conocimiento pr\u00e1ctico de la calidad del aire comprimido. No podr\u00edamos pensar en una mejor manera de ayudar que con una biblioteca que est\u00e9 disponible para nuestros clientes las 24 horas del d\u00eda, los 7 d\u00edas de la semana, con una gran cantidad de informaci\u00f3n [&hellip;]<\/p>\n","protected":false},"author":1,"featured_media":19155,"parent":0,"menu_order":0,"comment_status":"closed","ping_status":"closed","template":"","meta":{"content-type":""},"yoast_head":"<!-- This site is optimized with the Yoast SEO Premium plugin v20.0 (Yoast SEO v20.0) - https:\/\/yoast.com\/wordpress\/plugins\/seo\/ -->\n<title>Academia AirCheck\u2713 - Trace Analytics, the AirCheck Lab<\/title>\n<meta name=\"description\" content=\"Obtenga m\u00e1s informaci\u00f3n sobre las pruebas de aire comprimido SQF, BRC y BCAS, los beneficios de ISO 8573 y las pruebas de aire de proceso.\" \/>\n<meta name=\"robots\" content=\"index, follow, max-snippet:-1, max-image-preview:large, max-video-preview:-1\" \/>\n<link rel=\"canonical\" href=\"https:\/\/www.airchecklab.com\/es\/academia-aircheck%e2%9c%93\/\" \/>\n<meta property=\"og:locale\" content=\"es_ES\" \/>\n<meta property=\"og:type\" content=\"article\" \/>\n<meta property=\"og:title\" content=\"Academia AirCheck\u2713\" \/>\n<meta property=\"og:description\" content=\"Obtenga m\u00e1s informaci\u00f3n sobre las pruebas de aire comprimido SQF, BRC y BCAS, los beneficios de ISO 8573 y las pruebas de aire de proceso.\" \/>\n<meta property=\"og:url\" content=\"https:\/\/www.airchecklab.com\/es\/academia-aircheck%e2%9c%93\/\" \/>\n<meta property=\"og:site_name\" content=\"Trace Analytics, the AirCheck Lab\" \/>\n<meta property=\"article:modified_time\" content=\"2022-07-15T19:27:06+00:00\" \/>\n<meta property=\"og:image\" content=\"https:\/\/www.airchecklab.com\/wp-content\/uploads\/2014\/01\/aircheck-academy.jpg\" \/>\n\t<meta property=\"og:image:width\" content=\"1600\" \/>\n\t<meta property=\"og:image:height\" content=\"300\" \/>\n\t<meta property=\"og:image:type\" content=\"image\/jpeg\" \/>\n<meta name=\"twitter:card\" content=\"summary_large_image\" \/>\n<meta name=\"twitter:label1\" content=\"Tiempo de lectura\" \/>\n\t<meta name=\"twitter:data1\" content=\"1 minuto\" \/>\n<script type=\"application\/ld+json\" class=\"yoast-schema-graph\">{\"@context\":\"https:\/\/schema.org\",\"@graph\":[{\"@type\":\"WebPage\",\"@id\":\"https:\/\/www.airchecklab.com\/es\/academia-aircheck%e2%9c%93\/\",\"url\":\"https:\/\/www.airchecklab.com\/es\/academia-aircheck%e2%9c%93\/\",\"name\":\"Academia AirCheck\u2713 - Trace Analytics, the AirCheck Lab\",\"isPartOf\":{\"@id\":\"\/#website\"},\"datePublished\":\"2021-12-27T16:09:15+00:00\",\"dateModified\":\"2022-07-15T19:27:06+00:00\",\"description\":\"Obtenga m\u00e1s informaci\u00f3n sobre las pruebas de aire comprimido SQF, BRC y BCAS, los beneficios de ISO 8573 y las pruebas de aire de proceso.\",\"breadcrumb\":{\"@id\":\"https:\/\/www.airchecklab.com\/es\/academia-aircheck%e2%9c%93\/#breadcrumb\"},\"inLanguage\":\"es\",\"potentialAction\":[{\"@type\":\"ReadAction\",\"target\":[\"https:\/\/www.airchecklab.com\/es\/academia-aircheck%e2%9c%93\/\"]}]},{\"@type\":\"BreadcrumbList\",\"@id\":\"https:\/\/www.airchecklab.com\/es\/academia-aircheck%e2%9c%93\/#breadcrumb\",\"itemListElement\":[{\"@type\":\"ListItem\",\"position\":1,\"name\":\"Home\",\"item\":\"https:\/\/www.airchecklab.com\/es\/analisis-de-seguimiento-pruebas-ambientales-y-de-aire-comprimido\/\"},{\"@type\":\"ListItem\",\"position\":2,\"name\":\"Academia AirCheck\u2713\"}]},{\"@type\":\"WebSite\",\"@id\":\"\/#website\",\"url\":\"\/\",\"name\":\"Trace Analytics, the AirCheck Lab\",\"description\":\"Compressed Air Testing for ISO 8573, Microbial, SQF, Breathing Air\",\"publisher\":{\"@id\":\"\/#organization\"},\"potentialAction\":[{\"@type\":\"SearchAction\",\"target\":{\"@type\":\"EntryPoint\",\"urlTemplate\":\"\/?s={search_term_string}\"},\"query-input\":\"required name=search_term_string\"}],\"inLanguage\":\"es\"},{\"@type\":\"Organization\",\"@id\":\"\/#organization\",\"name\":\"Trace Analytics, LLC\",\"url\":\"\/\",\"logo\":{\"@type\":\"ImageObject\",\"inLanguage\":\"es\",\"@id\":\"\/#\/schema\/logo\/image\/\",\"url\":\"https:\/\/www.airchecklab.com\/wp-content\/uploads\/2021\/08\/Blue-01.png\",\"contentUrl\":\"https:\/\/www.airchecklab.com\/wp-content\/uploads\/2021\/08\/Blue-01.png\",\"width\":1600,\"height\":301,\"caption\":\"Trace Analytics, LLC\"},\"image\":{\"@id\":\"\/#\/schema\/logo\/image\/\"}}]}<\/script>\n<!-- \/ Yoast SEO Premium plugin. -->","yoast_head_json":{"title":"Academia AirCheck\u2713 - Trace Analytics, the AirCheck Lab","description":"Obtenga m\u00e1s informaci\u00f3n sobre las pruebas de aire comprimido SQF, BRC y BCAS, los beneficios de ISO 8573 y las pruebas de aire de proceso.","robots":{"index":"index","follow":"follow","max-snippet":"max-snippet:-1","max-image-preview":"max-image-preview:large","max-video-preview":"max-video-preview:-1"},"canonical":"https:\/\/www.airchecklab.com\/es\/academia-aircheck%e2%9c%93\/","og_locale":"es_ES","og_type":"article","og_title":"Academia AirCheck\u2713","og_description":"Obtenga m\u00e1s informaci\u00f3n sobre las pruebas de aire comprimido SQF, BRC y BCAS, los beneficios de ISO 8573 y las pruebas de aire de proceso.","og_url":"https:\/\/www.airchecklab.com\/es\/academia-aircheck%e2%9c%93\/","og_site_name":"Trace Analytics, the AirCheck Lab","article_modified_time":"2022-07-15T19:27:06+00:00","og_image":[{"width":1600,"height":300,"url":"https:\/\/www.airchecklab.com\/wp-content\/uploads\/2014\/01\/aircheck-academy.jpg","type":"image\/jpeg"}],"twitter_card":"summary_large_image","twitter_misc":{"Tiempo de lectura":"1 minuto"},"schema":{"@context":"https:\/\/schema.org","@graph":[{"@type":"WebPage","@id":"https:\/\/www.airchecklab.com\/es\/academia-aircheck%e2%9c%93\/","url":"https:\/\/www.airchecklab.com\/es\/academia-aircheck%e2%9c%93\/","name":"Academia AirCheck\u2713 - Trace Analytics, the AirCheck Lab","isPartOf":{"@id":"\/#website"},"datePublished":"2021-12-27T16:09:15+00:00","dateModified":"2022-07-15T19:27:06+00:00","description":"Obtenga m\u00e1s informaci\u00f3n sobre las pruebas de aire comprimido SQF, BRC y BCAS, los beneficios de ISO 8573 y las pruebas de aire de proceso.","breadcrumb":{"@id":"https:\/\/www.airchecklab.com\/es\/academia-aircheck%e2%9c%93\/#breadcrumb"},"inLanguage":"es","potentialAction":[{"@type":"ReadAction","target":["https:\/\/www.airchecklab.com\/es\/academia-aircheck%e2%9c%93\/"]}]},{"@type":"BreadcrumbList","@id":"https:\/\/www.airchecklab.com\/es\/academia-aircheck%e2%9c%93\/#breadcrumb","itemListElement":[{"@type":"ListItem","position":1,"name":"Home","item":"https:\/\/www.airchecklab.com\/es\/analisis-de-seguimiento-pruebas-ambientales-y-de-aire-comprimido\/"},{"@type":"ListItem","position":2,"name":"Academia AirCheck\u2713"}]},{"@type":"WebSite","@id":"\/#website","url":"\/","name":"Trace Analytics, the AirCheck Lab","description":"Compressed Air Testing for ISO 8573, Microbial, SQF, Breathing Air","publisher":{"@id":"\/#organization"},"potentialAction":[{"@type":"SearchAction","target":{"@type":"EntryPoint","urlTemplate":"\/?s={search_term_string}"},"query-input":"required name=search_term_string"}],"inLanguage":"es"},{"@type":"Organization","@id":"\/#organization","name":"Trace Analytics, LLC","url":"\/","logo":{"@type":"ImageObject","inLanguage":"es","@id":"\/#\/schema\/logo\/image\/","url":"https:\/\/www.airchecklab.com\/wp-content\/uploads\/2021\/08\/Blue-01.png","contentUrl":"https:\/\/www.airchecklab.com\/wp-content\/uploads\/2021\/08\/Blue-01.png","width":1600,"height":301,"caption":"Trace Analytics, LLC"},"image":{"@id":"\/#\/schema\/logo\/image\/"}}]}},"_links":{"self":[{"href":"https:\/\/www.airchecklab.com\/es\/wp-json\/wp\/v2\/pages\/22322"}],"collection":[{"href":"https:\/\/www.airchecklab.com\/es\/wp-json\/wp\/v2\/pages"}],"about":[{"href":"https:\/\/www.airchecklab.com\/es\/wp-json\/wp\/v2\/types\/page"}],"author":[{"embeddable":true,"href":"https:\/\/www.airchecklab.com\/es\/wp-json\/wp\/v2\/users\/1"}],"replies":[{"embeddable":true,"href":"https:\/\/www.airchecklab.com\/es\/wp-json\/wp\/v2\/comments?post=22322"}],"version-history":[{"count":1,"href":"https:\/\/www.airchecklab.com\/es\/wp-json\/wp\/v2\/pages\/22322\/revisions"}],"predecessor-version":[{"id":27342,"href":"https:\/\/www.airchecklab.com\/es\/wp-json\/wp\/v2\/pages\/22322\/revisions\/27342"}],"wp:featuredmedia":[{"embeddable":true,"href":"https:\/\/www.airchecklab.com\/es\/wp-json\/wp\/v2\/media\/19155"}],"wp:attachment":[{"href":"https:\/\/www.airchecklab.com\/es\/wp-json\/wp\/v2\/media?parent=22322"}],"curies":[{"name":"wp","href":"https:\/\/api.w.org\/{rel}","templated":true}]}}