{"id":22351,"date":"2021-12-27T10:09:28","date_gmt":"2021-12-27T16:09:28","guid":{"rendered":"https:\/\/dev.airchecklab.com\/monoxido-de-carbono\/"},"modified":"2021-12-27T10:09:28","modified_gmt":"2021-12-27T16:09:28","slug":"monoxido-de-carbono","status":"publish","type":"page","link":"https:\/\/www.airchecklab.com\/es\/academia-aircheck%e2%9c%93\/respirando-aire\/fuentes-de-contaminacion\/monoxido-de-carbono\/","title":{"rendered":"Mon\u00f3xido de carbono"},"content":{"rendered":"<h1>Mon\u00f3xido de carbono<\/h1>\n<p>Si su muestra de aire reciente no cumple con los requisitos debido al mon\u00f3xido de carbono, este <span class=\"aircheck\">AirCheck <span class=\"tracecheck\">\u2713<\/span> Tech Note &#x2122;<\/span> puede ayudarlo a identificar la fuente de su contaminaci\u00f3n por mon\u00f3xido de carbono.<\/p>\n<p>Las fuentes de contaminaci\u00f3n por mon\u00f3xido de carbono del aire de admisi\u00f3n generalmente provienen del escape del motor. Si no tom\u00f3 una muestra ambiental, pregunte acerca de agregar una prueba ambiental para futuras muestras. Otras fuentes desde el interior del compresor pueden ser causadas por el producto de combusti\u00f3n de combustibles de hidrocarburos y lubricantes causados por aceites sobrecalentados y \/ o la oxidaci\u00f3n de los filtros de carb\u00f3n debido al sobrecalentamiento.<\/p>\n<h2>Los s\u00edntomas del mon\u00f3xido de carbono<\/h2>\n<p>Adem\u00e1s de la opresi\u00f3n en el pecho, los s\u00edntomas iniciales de la intoxicaci\u00f3n por CO pueden incluir dolor de cabeza, fatiga, mareos, somnolencia o n\u00e1useas. El dolor de pecho repentino puede ocurrir en personas con angina de pecho. Durante exposiciones prolongadas o altas, los s\u00edntomas pueden empeorar e incluir v\u00f3mitos, confusi\u00f3n y colapso, adem\u00e1s de p\u00e9rdida del conocimiento y debilidad muscular. Los s\u00edntomas var\u00edan mucho de una persona a otra. La intoxicaci\u00f3n por CO puede ocurrir antes en las personas m\u00e1s susceptibles: ni\u00f1os peque\u00f1os, personas mayores, personas con enfermedades pulmonares o card\u00edacas, personas en altitudes elevadas o aquellas que ya tienen niveles elevados de CO en sangre, como los fumadores. Adem\u00e1s, la intoxicaci\u00f3n por CO presenta un riesgo especial para los fetos. El envenenamiento por CO se puede revertir si se detecta a tiempo. Pero incluso si se recupera, la intoxicaci\u00f3n aguda puede provocar da\u00f1os permanentes en las partes de su cuerpo que requieren mucho ox\u00edgeno, como el coraz\u00f3n y el cerebro. El riesgo reproductivo significativo tambi\u00e9n est\u00e1 relacionado con el CO.<\/p>\n<p>Si tiene m\u00e1s preguntas o necesita ayuda para resolver este problema, comun\u00edquese con <a href=\"https:\/\/www.airchecklab.com\/contact\/contact-us\/\">nosotros<\/a> o ll\u00e1menos al 1-800-247-1024. Tiene derecho a una nueva muestra gratuita. Utilice los materiales que tiene a mano para volver a realizar la prueba. Una vez que hayamos recibido su muestra (tiene 30 d\u00edas), repondremos su kit.<\/p>\n<p>\u00a1El <a href=\"https:\/\/www.airchecklab.com\/contact\/our-team-of-experts\/\">equipo de expertos de AirCheck <span class=\"tracecheck\">\u2713<\/span> &#x2122;<\/a> en Trace desea agradecerle por su continuo negocio!<\/p>\n<p>[ShowAllSiblings title=&#8221;Other sources of compressed breathing air contamination include:&#8221;]<\/p>\n","protected":false},"excerpt":{"rendered":"<p>Mon\u00f3xido de carbono Si su muestra de aire reciente no cumple con los requisitos debido al mon\u00f3xido de carbono, este AirCheck \u2713 Tech Note &#x2122; puede ayudarlo a identificar la fuente de su contaminaci\u00f3n por mon\u00f3xido de carbono. Las fuentes de contaminaci\u00f3n por mon\u00f3xido de carbono del aire de admisi\u00f3n generalmente provienen del escape del motor. Si no tom\u00f3 una muestra ambiental, pregunte acerca de agregar una prueba ambiental para futuras muestras. Otras fuentes desde el interior del compresor pueden [&hellip;]<\/p>\n","protected":false},"author":1,"featured_media":0,"parent":22358,"menu_order":0,"comment_status":"closed","ping_status":"closed","template":"index.php","meta":{"content-type":""},"yoast_head":"<!-- This site is optimized with the Yoast SEO Premium plugin v20.0 (Yoast SEO v20.0) - https:\/\/yoast.com\/wordpress\/plugins\/seo\/ -->\n<title>Mon\u00f3xido de carbono - Trace Analytics, the AirCheck Lab<\/title>\n<meta name=\"robots\" content=\"index, follow, max-snippet:-1, max-image-preview:large, max-video-preview:-1\" \/>\n<link rel=\"canonical\" href=\"https:\/\/www.airchecklab.com\/es\/academia-aircheck%e2%9c%93\/respirando-aire\/fuentes-de-contaminacion\/monoxido-de-carbono\/\" \/>\n<meta property=\"og:locale\" content=\"es_ES\" \/>\n<meta property=\"og:type\" content=\"article\" \/>\n<meta property=\"og:title\" content=\"Mon\u00f3xido de carbono\" \/>\n<meta property=\"og:description\" content=\"Mon\u00f3xido de carbono Si su muestra de aire reciente no cumple con los requisitos debido al mon\u00f3xido de carbono, este AirCheck \u2713 Tech Note &#x2122; puede ayudarlo a identificar la fuente de su contaminaci\u00f3n por mon\u00f3xido de carbono. Las fuentes de contaminaci\u00f3n por mon\u00f3xido de carbono del aire de admisi\u00f3n generalmente provienen del escape del motor. Si no tom\u00f3 una muestra ambiental, pregunte acerca de agregar una prueba ambiental para futuras muestras. Otras fuentes desde el interior del compresor pueden [&hellip;]\" \/>\n<meta property=\"og:url\" content=\"https:\/\/www.airchecklab.com\/es\/academia-aircheck%e2%9c%93\/respirando-aire\/fuentes-de-contaminacion\/monoxido-de-carbono\/\" \/>\n<meta property=\"og:site_name\" content=\"Trace Analytics, the AirCheck Lab\" \/>\n<meta name=\"twitter:card\" content=\"summary_large_image\" \/>\n<meta name=\"twitter:label1\" content=\"Tiempo de lectura\" \/>\n\t<meta name=\"twitter:data1\" content=\"2 minutos\" \/>\n<script type=\"application\/ld+json\" class=\"yoast-schema-graph\">{\"@context\":\"https:\/\/schema.org\",\"@graph\":[{\"@type\":\"WebPage\",\"@id\":\"https:\/\/www.airchecklab.com\/es\/academia-aircheck%e2%9c%93\/respirando-aire\/fuentes-de-contaminacion\/monoxido-de-carbono\/\",\"url\":\"https:\/\/www.airchecklab.com\/es\/academia-aircheck%e2%9c%93\/respirando-aire\/fuentes-de-contaminacion\/monoxido-de-carbono\/\",\"name\":\"Mon\u00f3xido de carbono - Trace Analytics, the AirCheck Lab\",\"isPartOf\":{\"@id\":\"\/#website\"},\"datePublished\":\"2021-12-27T16:09:28+00:00\",\"dateModified\":\"2021-12-27T16:09:28+00:00\",\"breadcrumb\":{\"@id\":\"https:\/\/www.airchecklab.com\/es\/academia-aircheck%e2%9c%93\/respirando-aire\/fuentes-de-contaminacion\/monoxido-de-carbono\/#breadcrumb\"},\"inLanguage\":\"es\",\"potentialAction\":[{\"@type\":\"ReadAction\",\"target\":[\"https:\/\/www.airchecklab.com\/es\/academia-aircheck%e2%9c%93\/respirando-aire\/fuentes-de-contaminacion\/monoxido-de-carbono\/\"]}]},{\"@type\":\"BreadcrumbList\",\"@id\":\"https:\/\/www.airchecklab.com\/es\/academia-aircheck%e2%9c%93\/respirando-aire\/fuentes-de-contaminacion\/monoxido-de-carbono\/#breadcrumb\",\"itemListElement\":[{\"@type\":\"ListItem\",\"position\":1,\"name\":\"Home\",\"item\":\"https:\/\/www.airchecklab.com\/es\/analisis-de-seguimiento-pruebas-ambientales-y-de-aire-comprimido\/\"},{\"@type\":\"ListItem\",\"position\":2,\"name\":\"Academia AirCheck\u2713\",\"item\":\"https:\/\/www.airchecklab.com\/es\/academia-aircheck%e2%9c%93\/\"},{\"@type\":\"ListItem\",\"position\":3,\"name\":\"Respirando aire\",\"item\":\"https:\/\/www.airchecklab.com\/es\/academia-aircheck%e2%9c%93\/respirando-aire\/\"},{\"@type\":\"ListItem\",\"position\":4,\"name\":\"Fuentes de contaminaci\u00f3n\",\"item\":\"https:\/\/www.airchecklab.com\/es\/academia-aircheck%e2%9c%93\/respirando-aire\/fuentes-de-contaminacion\/\"},{\"@type\":\"ListItem\",\"position\":5,\"name\":\"Mon\u00f3xido de carbono\"}]},{\"@type\":\"WebSite\",\"@id\":\"\/#website\",\"url\":\"\/\",\"name\":\"Trace Analytics, the AirCheck Lab\",\"description\":\"Compressed Air Testing for ISO 8573, Microbial, SQF, Breathing Air\",\"publisher\":{\"@id\":\"\/#organization\"},\"potentialAction\":[{\"@type\":\"SearchAction\",\"target\":{\"@type\":\"EntryPoint\",\"urlTemplate\":\"\/?s={search_term_string}\"},\"query-input\":\"required name=search_term_string\"}],\"inLanguage\":\"es\"},{\"@type\":\"Organization\",\"@id\":\"\/#organization\",\"name\":\"Trace Analytics, LLC\",\"url\":\"\/\",\"logo\":{\"@type\":\"ImageObject\",\"inLanguage\":\"es\",\"@id\":\"\/#\/schema\/logo\/image\/\",\"url\":\"https:\/\/www.airchecklab.com\/wp-content\/uploads\/2021\/08\/Blue-01.png\",\"contentUrl\":\"https:\/\/www.airchecklab.com\/wp-content\/uploads\/2021\/08\/Blue-01.png\",\"width\":1600,\"height\":301,\"caption\":\"Trace Analytics, LLC\"},\"image\":{\"@id\":\"\/#\/schema\/logo\/image\/\"}}]}<\/script>\n<!-- \/ Yoast SEO Premium plugin. -->","yoast_head_json":{"title":"Mon\u00f3xido de carbono - Trace Analytics, the AirCheck Lab","robots":{"index":"index","follow":"follow","max-snippet":"max-snippet:-1","max-image-preview":"max-image-preview:large","max-video-preview":"max-video-preview:-1"},"canonical":"https:\/\/www.airchecklab.com\/es\/academia-aircheck%e2%9c%93\/respirando-aire\/fuentes-de-contaminacion\/monoxido-de-carbono\/","og_locale":"es_ES","og_type":"article","og_title":"Mon\u00f3xido de carbono","og_description":"Mon\u00f3xido de carbono Si su muestra de aire reciente no cumple con los requisitos debido al mon\u00f3xido de carbono, este AirCheck \u2713 Tech Note &#x2122; puede ayudarlo a identificar la fuente de su contaminaci\u00f3n por mon\u00f3xido de carbono. Las fuentes de contaminaci\u00f3n por mon\u00f3xido de carbono del aire de admisi\u00f3n generalmente provienen del escape del motor. Si no tom\u00f3 una muestra ambiental, pregunte acerca de agregar una prueba ambiental para futuras muestras. Otras fuentes desde el interior del compresor pueden [&hellip;]","og_url":"https:\/\/www.airchecklab.com\/es\/academia-aircheck%e2%9c%93\/respirando-aire\/fuentes-de-contaminacion\/monoxido-de-carbono\/","og_site_name":"Trace Analytics, the AirCheck Lab","twitter_card":"summary_large_image","twitter_misc":{"Tiempo de lectura":"2 minutos"},"schema":{"@context":"https:\/\/schema.org","@graph":[{"@type":"WebPage","@id":"https:\/\/www.airchecklab.com\/es\/academia-aircheck%e2%9c%93\/respirando-aire\/fuentes-de-contaminacion\/monoxido-de-carbono\/","url":"https:\/\/www.airchecklab.com\/es\/academia-aircheck%e2%9c%93\/respirando-aire\/fuentes-de-contaminacion\/monoxido-de-carbono\/","name":"Mon\u00f3xido de carbono - Trace Analytics, the AirCheck Lab","isPartOf":{"@id":"\/#website"},"datePublished":"2021-12-27T16:09:28+00:00","dateModified":"2021-12-27T16:09:28+00:00","breadcrumb":{"@id":"https:\/\/www.airchecklab.com\/es\/academia-aircheck%e2%9c%93\/respirando-aire\/fuentes-de-contaminacion\/monoxido-de-carbono\/#breadcrumb"},"inLanguage":"es","potentialAction":[{"@type":"ReadAction","target":["https:\/\/www.airchecklab.com\/es\/academia-aircheck%e2%9c%93\/respirando-aire\/fuentes-de-contaminacion\/monoxido-de-carbono\/"]}]},{"@type":"BreadcrumbList","@id":"https:\/\/www.airchecklab.com\/es\/academia-aircheck%e2%9c%93\/respirando-aire\/fuentes-de-contaminacion\/monoxido-de-carbono\/#breadcrumb","itemListElement":[{"@type":"ListItem","position":1,"name":"Home","item":"https:\/\/www.airchecklab.com\/es\/analisis-de-seguimiento-pruebas-ambientales-y-de-aire-comprimido\/"},{"@type":"ListItem","position":2,"name":"Academia AirCheck\u2713","item":"https:\/\/www.airchecklab.com\/es\/academia-aircheck%e2%9c%93\/"},{"@type":"ListItem","position":3,"name":"Respirando aire","item":"https:\/\/www.airchecklab.com\/es\/academia-aircheck%e2%9c%93\/respirando-aire\/"},{"@type":"ListItem","position":4,"name":"Fuentes de contaminaci\u00f3n","item":"https:\/\/www.airchecklab.com\/es\/academia-aircheck%e2%9c%93\/respirando-aire\/fuentes-de-contaminacion\/"},{"@type":"ListItem","position":5,"name":"Mon\u00f3xido de carbono"}]},{"@type":"WebSite","@id":"\/#website","url":"\/","name":"Trace Analytics, the AirCheck Lab","description":"Compressed Air Testing for ISO 8573, Microbial, SQF, Breathing Air","publisher":{"@id":"\/#organization"},"potentialAction":[{"@type":"SearchAction","target":{"@type":"EntryPoint","urlTemplate":"\/?s={search_term_string}"},"query-input":"required name=search_term_string"}],"inLanguage":"es"},{"@type":"Organization","@id":"\/#organization","name":"Trace Analytics, LLC","url":"\/","logo":{"@type":"ImageObject","inLanguage":"es","@id":"\/#\/schema\/logo\/image\/","url":"https:\/\/www.airchecklab.com\/wp-content\/uploads\/2021\/08\/Blue-01.png","contentUrl":"https:\/\/www.airchecklab.com\/wp-content\/uploads\/2021\/08\/Blue-01.png","width":1600,"height":301,"caption":"Trace Analytics, LLC"},"image":{"@id":"\/#\/schema\/logo\/image\/"}}]}},"_links":{"self":[{"href":"https:\/\/www.airchecklab.com\/es\/wp-json\/wp\/v2\/pages\/22351"}],"collection":[{"href":"https:\/\/www.airchecklab.com\/es\/wp-json\/wp\/v2\/pages"}],"about":[{"href":"https:\/\/www.airchecklab.com\/es\/wp-json\/wp\/v2\/types\/page"}],"author":[{"embeddable":true,"href":"https:\/\/www.airchecklab.com\/es\/wp-json\/wp\/v2\/users\/1"}],"replies":[{"embeddable":true,"href":"https:\/\/www.airchecklab.com\/es\/wp-json\/wp\/v2\/comments?post=22351"}],"version-history":[{"count":0,"href":"https:\/\/www.airchecklab.com\/es\/wp-json\/wp\/v2\/pages\/22351\/revisions"}],"up":[{"embeddable":true,"href":"https:\/\/www.airchecklab.com\/es\/wp-json\/wp\/v2\/pages\/22358"}],"wp:attachment":[{"href":"https:\/\/www.airchecklab.com\/es\/wp-json\/wp\/v2\/media?parent=22351"}],"curies":[{"name":"wp","href":"https:\/\/api.w.org\/{rel}","templated":true}]}}