{"id":22353,"date":"2021-12-27T10:09:29","date_gmt":"2021-12-27T16:09:29","guid":{"rendered":"https:\/\/dev.airchecklab.com\/nfpa-1989-video-de-prueba-de-aire-respirable\/"},"modified":"2021-12-27T10:09:29","modified_gmt":"2021-12-27T16:09:29","slug":"nfpa-1989-video-de-prueba-de-aire-respirable","status":"publish","type":"page","link":"https:\/\/www.airchecklab.com\/es\/academia-aircheck%e2%9c%93\/videos-de-pruebas-de-aire-comprimido\/nfpa-1989-video-de-prueba-de-aire-respirable\/","title":{"rendered":"NFPA 1989 &#8211; Video de prueba de aire respirable"},"content":{"rendered":"<p>\u00bfNecesita saber acerca de NFPA 1989 y las actualizaciones de la edici\u00f3n 2013? Trace Analytics, LLC ha estado probando aire respirable para bomberos desde 1989. \u00a1Nuestros <a href=\"https:\/\/www.airchecklab.com\/aircheck-kits\/breathing-air\/\">kits de prueba de aire comprimido<\/a> AirCheck f\u00e1ciles de usar facilitan las pruebas de aire! Comun\u00edquese con nuestro <a href=\"https:\/\/www.airchecklab.com\/contact\/contact-us\/\">equipo de expertos<\/a> para comenzar su prueba de aire respirable NFPA 1989 o para obtener m\u00e1s informaci\u00f3n sobre las actualizaciones de la edici\u00f3n 2013 de NFPA 1989. Nos complace ayudarlo con sus necesidades de pruebas de aire respirable.<\/p>\n<h2>Prueba de aire respirable NFPA 1989<\/h2>\n<p>[video_youtube video_id=&#8221;Oy8boz-bD5I&#8221; width=&#8221;460&#8243; height=&#8221;259&#8243; noyoutube=&#8221;\/resources\/videos\/NFPA-1989-Commercial.mov&#8221; title=&#8221;NFPA 1989 Breathing Air Testing&#8221;]<br \/>\n[ShowAllSiblings title=&#8221;Compressed Air Testing Videos&#8221;]<\/p>\n","protected":false},"excerpt":{"rendered":"<p>\u00bfNecesita saber acerca de NFPA 1989 y las actualizaciones de la edici\u00f3n 2013? Trace Analytics, LLC ha estado probando aire respirable para bomberos desde 1989. \u00a1Nuestros kits de prueba de aire comprimido AirCheck f\u00e1ciles de usar facilitan las pruebas de aire! Comun\u00edquese con nuestro equipo de expertos para comenzar su prueba de aire respirable NFPA 1989 o para obtener m\u00e1s informaci\u00f3n sobre las actualizaciones de la edici\u00f3n 2013 de NFPA 1989. Nos complace ayudarlo con sus necesidades de pruebas de [&hellip;]<\/p>\n","protected":false},"author":1,"featured_media":0,"parent":22354,"menu_order":0,"comment_status":"closed","ping_status":"closed","template":"index.php","meta":{"content-type":""},"yoast_head":"<!-- This site is optimized with the Yoast SEO Premium plugin v20.0 (Yoast SEO v20.0) - https:\/\/yoast.com\/wordpress\/plugins\/seo\/ -->\n<title>NFPA 1989 - Video de prueba de aire respirable - Trace Analytics, the AirCheck Lab<\/title>\n<meta name=\"robots\" content=\"index, follow, max-snippet:-1, max-image-preview:large, max-video-preview:-1\" \/>\n<link rel=\"canonical\" href=\"https:\/\/www.airchecklab.com\/es\/academia-aircheck%e2%9c%93\/videos-de-pruebas-de-aire-comprimido\/nfpa-1989-video-de-prueba-de-aire-respirable\/\" \/>\n<meta property=\"og:locale\" content=\"es_ES\" \/>\n<meta property=\"og:type\" content=\"article\" \/>\n<meta property=\"og:title\" content=\"NFPA 1989 - Video de prueba de aire respirable\" \/>\n<meta property=\"og:description\" content=\"\u00bfNecesita saber acerca de NFPA 1989 y las actualizaciones de la edici\u00f3n 2013? Trace Analytics, LLC ha estado probando aire respirable para bomberos desde 1989. \u00a1Nuestros kits de prueba de aire comprimido AirCheck f\u00e1ciles de usar facilitan las pruebas de aire! Comun\u00edquese con nuestro equipo de expertos para comenzar su prueba de aire respirable NFPA 1989 o para obtener m\u00e1s informaci\u00f3n sobre las actualizaciones de la edici\u00f3n 2013 de NFPA 1989. Nos complace ayudarlo con sus necesidades de pruebas de [&hellip;]\" \/>\n<meta property=\"og:url\" content=\"https:\/\/www.airchecklab.com\/es\/academia-aircheck%e2%9c%93\/videos-de-pruebas-de-aire-comprimido\/nfpa-1989-video-de-prueba-de-aire-respirable\/\" \/>\n<meta property=\"og:site_name\" content=\"Trace Analytics, the AirCheck Lab\" \/>\n<meta name=\"twitter:card\" content=\"summary_large_image\" \/>\n<meta name=\"twitter:label1\" content=\"Tiempo de lectura\" \/>\n\t<meta name=\"twitter:data1\" content=\"1 minuto\" \/>\n<script type=\"application\/ld+json\" class=\"yoast-schema-graph\">{\"@context\":\"https:\/\/schema.org\",\"@graph\":[{\"@type\":\"WebPage\",\"@id\":\"https:\/\/www.airchecklab.com\/es\/academia-aircheck%e2%9c%93\/videos-de-pruebas-de-aire-comprimido\/nfpa-1989-video-de-prueba-de-aire-respirable\/\",\"url\":\"https:\/\/www.airchecklab.com\/es\/academia-aircheck%e2%9c%93\/videos-de-pruebas-de-aire-comprimido\/nfpa-1989-video-de-prueba-de-aire-respirable\/\",\"name\":\"NFPA 1989 - Video de prueba de aire respirable - Trace Analytics, the AirCheck Lab\",\"isPartOf\":{\"@id\":\"\/#website\"},\"datePublished\":\"2021-12-27T16:09:29+00:00\",\"dateModified\":\"2021-12-27T16:09:29+00:00\",\"breadcrumb\":{\"@id\":\"https:\/\/www.airchecklab.com\/es\/academia-aircheck%e2%9c%93\/videos-de-pruebas-de-aire-comprimido\/nfpa-1989-video-de-prueba-de-aire-respirable\/#breadcrumb\"},\"inLanguage\":\"es\",\"potentialAction\":[{\"@type\":\"ReadAction\",\"target\":[\"https:\/\/www.airchecklab.com\/es\/academia-aircheck%e2%9c%93\/videos-de-pruebas-de-aire-comprimido\/nfpa-1989-video-de-prueba-de-aire-respirable\/\"]}]},{\"@type\":\"BreadcrumbList\",\"@id\":\"https:\/\/www.airchecklab.com\/es\/academia-aircheck%e2%9c%93\/videos-de-pruebas-de-aire-comprimido\/nfpa-1989-video-de-prueba-de-aire-respirable\/#breadcrumb\",\"itemListElement\":[{\"@type\":\"ListItem\",\"position\":1,\"name\":\"Home\",\"item\":\"https:\/\/www.airchecklab.com\/es\/analisis-de-seguimiento-pruebas-ambientales-y-de-aire-comprimido\/\"},{\"@type\":\"ListItem\",\"position\":2,\"name\":\"Academia AirCheck\u2713\",\"item\":\"https:\/\/www.airchecklab.com\/es\/academia-aircheck%e2%9c%93\/\"},{\"@type\":\"ListItem\",\"position\":3,\"name\":\"Videos de pruebas de aire comprimido\",\"item\":\"https:\/\/www.airchecklab.com\/es\/academia-aircheck%e2%9c%93\/videos-de-pruebas-de-aire-comprimido\/\"},{\"@type\":\"ListItem\",\"position\":4,\"name\":\"NFPA 1989 &#8211; Video de prueba de aire respirable\"}]},{\"@type\":\"WebSite\",\"@id\":\"\/#website\",\"url\":\"\/\",\"name\":\"Trace Analytics, the AirCheck Lab\",\"description\":\"Compressed Air Testing for ISO 8573, Microbial, SQF, Breathing Air\",\"publisher\":{\"@id\":\"\/#organization\"},\"potentialAction\":[{\"@type\":\"SearchAction\",\"target\":{\"@type\":\"EntryPoint\",\"urlTemplate\":\"\/?s={search_term_string}\"},\"query-input\":\"required name=search_term_string\"}],\"inLanguage\":\"es\"},{\"@type\":\"Organization\",\"@id\":\"\/#organization\",\"name\":\"Trace Analytics, LLC\",\"url\":\"\/\",\"logo\":{\"@type\":\"ImageObject\",\"inLanguage\":\"es\",\"@id\":\"\/#\/schema\/logo\/image\/\",\"url\":\"https:\/\/www.airchecklab.com\/wp-content\/uploads\/2021\/08\/Blue-01.png\",\"contentUrl\":\"https:\/\/www.airchecklab.com\/wp-content\/uploads\/2021\/08\/Blue-01.png\",\"width\":1600,\"height\":301,\"caption\":\"Trace Analytics, LLC\"},\"image\":{\"@id\":\"\/#\/schema\/logo\/image\/\"}}]}<\/script>\n<!-- \/ Yoast SEO Premium plugin. -->","yoast_head_json":{"title":"NFPA 1989 - Video de prueba de aire respirable - Trace Analytics, the AirCheck Lab","robots":{"index":"index","follow":"follow","max-snippet":"max-snippet:-1","max-image-preview":"max-image-preview:large","max-video-preview":"max-video-preview:-1"},"canonical":"https:\/\/www.airchecklab.com\/es\/academia-aircheck%e2%9c%93\/videos-de-pruebas-de-aire-comprimido\/nfpa-1989-video-de-prueba-de-aire-respirable\/","og_locale":"es_ES","og_type":"article","og_title":"NFPA 1989 - Video de prueba de aire respirable","og_description":"\u00bfNecesita saber acerca de NFPA 1989 y las actualizaciones de la edici\u00f3n 2013? Trace Analytics, LLC ha estado probando aire respirable para bomberos desde 1989. \u00a1Nuestros kits de prueba de aire comprimido AirCheck f\u00e1ciles de usar facilitan las pruebas de aire! Comun\u00edquese con nuestro equipo de expertos para comenzar su prueba de aire respirable NFPA 1989 o para obtener m\u00e1s informaci\u00f3n sobre las actualizaciones de la edici\u00f3n 2013 de NFPA 1989. Nos complace ayudarlo con sus necesidades de pruebas de [&hellip;]","og_url":"https:\/\/www.airchecklab.com\/es\/academia-aircheck%e2%9c%93\/videos-de-pruebas-de-aire-comprimido\/nfpa-1989-video-de-prueba-de-aire-respirable\/","og_site_name":"Trace Analytics, the AirCheck Lab","twitter_card":"summary_large_image","twitter_misc":{"Tiempo de lectura":"1 minuto"},"schema":{"@context":"https:\/\/schema.org","@graph":[{"@type":"WebPage","@id":"https:\/\/www.airchecklab.com\/es\/academia-aircheck%e2%9c%93\/videos-de-pruebas-de-aire-comprimido\/nfpa-1989-video-de-prueba-de-aire-respirable\/","url":"https:\/\/www.airchecklab.com\/es\/academia-aircheck%e2%9c%93\/videos-de-pruebas-de-aire-comprimido\/nfpa-1989-video-de-prueba-de-aire-respirable\/","name":"NFPA 1989 - Video de prueba de aire respirable - Trace Analytics, the AirCheck Lab","isPartOf":{"@id":"\/#website"},"datePublished":"2021-12-27T16:09:29+00:00","dateModified":"2021-12-27T16:09:29+00:00","breadcrumb":{"@id":"https:\/\/www.airchecklab.com\/es\/academia-aircheck%e2%9c%93\/videos-de-pruebas-de-aire-comprimido\/nfpa-1989-video-de-prueba-de-aire-respirable\/#breadcrumb"},"inLanguage":"es","potentialAction":[{"@type":"ReadAction","target":["https:\/\/www.airchecklab.com\/es\/academia-aircheck%e2%9c%93\/videos-de-pruebas-de-aire-comprimido\/nfpa-1989-video-de-prueba-de-aire-respirable\/"]}]},{"@type":"BreadcrumbList","@id":"https:\/\/www.airchecklab.com\/es\/academia-aircheck%e2%9c%93\/videos-de-pruebas-de-aire-comprimido\/nfpa-1989-video-de-prueba-de-aire-respirable\/#breadcrumb","itemListElement":[{"@type":"ListItem","position":1,"name":"Home","item":"https:\/\/www.airchecklab.com\/es\/analisis-de-seguimiento-pruebas-ambientales-y-de-aire-comprimido\/"},{"@type":"ListItem","position":2,"name":"Academia AirCheck\u2713","item":"https:\/\/www.airchecklab.com\/es\/academia-aircheck%e2%9c%93\/"},{"@type":"ListItem","position":3,"name":"Videos de pruebas de aire comprimido","item":"https:\/\/www.airchecklab.com\/es\/academia-aircheck%e2%9c%93\/videos-de-pruebas-de-aire-comprimido\/"},{"@type":"ListItem","position":4,"name":"NFPA 1989 &#8211; Video de prueba de aire respirable"}]},{"@type":"WebSite","@id":"\/#website","url":"\/","name":"Trace Analytics, the AirCheck Lab","description":"Compressed Air Testing for ISO 8573, Microbial, SQF, Breathing Air","publisher":{"@id":"\/#organization"},"potentialAction":[{"@type":"SearchAction","target":{"@type":"EntryPoint","urlTemplate":"\/?s={search_term_string}"},"query-input":"required name=search_term_string"}],"inLanguage":"es"},{"@type":"Organization","@id":"\/#organization","name":"Trace Analytics, LLC","url":"\/","logo":{"@type":"ImageObject","inLanguage":"es","@id":"\/#\/schema\/logo\/image\/","url":"https:\/\/www.airchecklab.com\/wp-content\/uploads\/2021\/08\/Blue-01.png","contentUrl":"https:\/\/www.airchecklab.com\/wp-content\/uploads\/2021\/08\/Blue-01.png","width":1600,"height":301,"caption":"Trace Analytics, LLC"},"image":{"@id":"\/#\/schema\/logo\/image\/"}}]}},"_links":{"self":[{"href":"https:\/\/www.airchecklab.com\/es\/wp-json\/wp\/v2\/pages\/22353"}],"collection":[{"href":"https:\/\/www.airchecklab.com\/es\/wp-json\/wp\/v2\/pages"}],"about":[{"href":"https:\/\/www.airchecklab.com\/es\/wp-json\/wp\/v2\/types\/page"}],"author":[{"embeddable":true,"href":"https:\/\/www.airchecklab.com\/es\/wp-json\/wp\/v2\/users\/1"}],"replies":[{"embeddable":true,"href":"https:\/\/www.airchecklab.com\/es\/wp-json\/wp\/v2\/comments?post=22353"}],"version-history":[{"count":0,"href":"https:\/\/www.airchecklab.com\/es\/wp-json\/wp\/v2\/pages\/22353\/revisions"}],"up":[{"embeddable":true,"href":"https:\/\/www.airchecklab.com\/es\/wp-json\/wp\/v2\/pages\/22354"}],"wp:attachment":[{"href":"https:\/\/www.airchecklab.com\/es\/wp-json\/wp\/v2\/media?parent=22353"}],"curies":[{"name":"wp","href":"https:\/\/api.w.org\/{rel}","templated":true}]}}