{"id":22382,"date":"2021-12-27T10:09:37","date_gmt":"2021-12-27T16:09:37","guid":{"rendered":"https:\/\/dev.airchecklab.com\/pruebas-microbiologicas-de-aire\/"},"modified":"2021-12-27T10:09:37","modified_gmt":"2021-12-27T16:09:37","slug":"pruebas-microbiologicas-de-aire","status":"publish","type":"page","link":"https:\/\/www.airchecklab.com\/es\/pruebas-microbiologicas-de-aire\/","title":{"rendered":"Pruebas microbiol\u00f3gicas de aire"},"content":{"rendered":"<p>Pruebas microbiol\u00f3gicas de aire<br \/>\n[NextPage]<\/p>\n","protected":false},"excerpt":{"rendered":"<p>Pruebas microbiol\u00f3gicas de aire [NextPage]<\/p>\n","protected":false},"author":1,"featured_media":0,"parent":0,"menu_order":50,"comment_status":"closed","ping_status":"open","template":"","meta":{"content-type":""},"yoast_head":"<!-- This site is optimized with the Yoast SEO Premium plugin v20.0 (Yoast SEO v20.0) - https:\/\/yoast.com\/wordpress\/plugins\/seo\/ -->\n<title>Pruebas microbiol\u00f3gicas de aire - Trace Analytics, the AirCheck Lab<\/title>\n<meta name=\"description\" content=\"Las pruebas microbiol\u00f3gicas de aire seg\u00fan ISO 8573-7 son f\u00e1ciles. CFU cuenta desde cero y capacitaci\u00f3n en l\u00ednea en AirCheck Academy.\" \/>\n<meta name=\"robots\" content=\"index, follow, max-snippet:-1, max-image-preview:large, max-video-preview:-1\" \/>\n<link rel=\"canonical\" href=\"https:\/\/www.airchecklab.com\/es\/pruebas-microbiologicas-de-aire\/\" \/>\n<meta property=\"og:locale\" content=\"es_ES\" \/>\n<meta property=\"og:type\" content=\"article\" \/>\n<meta property=\"og:title\" content=\"Pruebas microbiol\u00f3gicas de aire\" \/>\n<meta property=\"og:description\" content=\"Las pruebas microbiol\u00f3gicas de aire seg\u00fan ISO 8573-7 son f\u00e1ciles. CFU cuenta desde cero y capacitaci\u00f3n en l\u00ednea en AirCheck Academy.\" \/>\n<meta property=\"og:url\" content=\"https:\/\/www.airchecklab.com\/es\/pruebas-microbiologicas-de-aire\/\" \/>\n<meta property=\"og:site_name\" content=\"Trace Analytics, the AirCheck Lab\" \/>\n<meta name=\"twitter:card\" content=\"summary_large_image\" \/>\n<script type=\"application\/ld+json\" class=\"yoast-schema-graph\">{\"@context\":\"https:\/\/schema.org\",\"@graph\":[{\"@type\":\"WebPage\",\"@id\":\"https:\/\/www.airchecklab.com\/es\/pruebas-microbiologicas-de-aire\/\",\"url\":\"https:\/\/www.airchecklab.com\/es\/pruebas-microbiologicas-de-aire\/\",\"name\":\"Pruebas microbiol\u00f3gicas de aire - Trace Analytics, the AirCheck Lab\",\"isPartOf\":{\"@id\":\"\/#website\"},\"datePublished\":\"2021-12-27T16:09:37+00:00\",\"dateModified\":\"2021-12-27T16:09:37+00:00\",\"description\":\"Las pruebas microbiol\u00f3gicas de aire seg\u00fan ISO 8573-7 son f\u00e1ciles. CFU cuenta desde cero y capacitaci\u00f3n en l\u00ednea en AirCheck Academy.\",\"breadcrumb\":{\"@id\":\"https:\/\/www.airchecklab.com\/es\/pruebas-microbiologicas-de-aire\/#breadcrumb\"},\"inLanguage\":\"es\",\"potentialAction\":[{\"@type\":\"ReadAction\",\"target\":[\"https:\/\/www.airchecklab.com\/es\/pruebas-microbiologicas-de-aire\/\"]}]},{\"@type\":\"BreadcrumbList\",\"@id\":\"https:\/\/www.airchecklab.com\/es\/pruebas-microbiologicas-de-aire\/#breadcrumb\",\"itemListElement\":[{\"@type\":\"ListItem\",\"position\":1,\"name\":\"Home\",\"item\":\"https:\/\/www.airchecklab.com\/es\/analisis-de-seguimiento-pruebas-ambientales-y-de-aire-comprimido\/\"},{\"@type\":\"ListItem\",\"position\":2,\"name\":\"Pruebas microbiol\u00f3gicas de aire\"}]},{\"@type\":\"WebSite\",\"@id\":\"\/#website\",\"url\":\"\/\",\"name\":\"Trace Analytics, the AirCheck Lab\",\"description\":\"Compressed Air Testing for ISO 8573, Microbial, SQF, Breathing Air\",\"publisher\":{\"@id\":\"\/#organization\"},\"potentialAction\":[{\"@type\":\"SearchAction\",\"target\":{\"@type\":\"EntryPoint\",\"urlTemplate\":\"\/?s={search_term_string}\"},\"query-input\":\"required name=search_term_string\"}],\"inLanguage\":\"es\"},{\"@type\":\"Organization\",\"@id\":\"\/#organization\",\"name\":\"Trace Analytics, LLC\",\"url\":\"\/\",\"logo\":{\"@type\":\"ImageObject\",\"inLanguage\":\"es\",\"@id\":\"\/#\/schema\/logo\/image\/\",\"url\":\"https:\/\/www.airchecklab.com\/wp-content\/uploads\/2021\/08\/Blue-01.png\",\"contentUrl\":\"https:\/\/www.airchecklab.com\/wp-content\/uploads\/2021\/08\/Blue-01.png\",\"width\":1600,\"height\":301,\"caption\":\"Trace Analytics, LLC\"},\"image\":{\"@id\":\"\/#\/schema\/logo\/image\/\"}}]}<\/script>\n<!-- \/ Yoast SEO Premium plugin. -->","yoast_head_json":{"title":"Pruebas microbiol\u00f3gicas de aire - Trace Analytics, the AirCheck Lab","description":"Las pruebas microbiol\u00f3gicas de aire seg\u00fan ISO 8573-7 son f\u00e1ciles. CFU cuenta desde cero y capacitaci\u00f3n en l\u00ednea en AirCheck Academy.","robots":{"index":"index","follow":"follow","max-snippet":"max-snippet:-1","max-image-preview":"max-image-preview:large","max-video-preview":"max-video-preview:-1"},"canonical":"https:\/\/www.airchecklab.com\/es\/pruebas-microbiologicas-de-aire\/","og_locale":"es_ES","og_type":"article","og_title":"Pruebas microbiol\u00f3gicas de aire","og_description":"Las pruebas microbiol\u00f3gicas de aire seg\u00fan ISO 8573-7 son f\u00e1ciles. CFU cuenta desde cero y capacitaci\u00f3n en l\u00ednea en AirCheck Academy.","og_url":"https:\/\/www.airchecklab.com\/es\/pruebas-microbiologicas-de-aire\/","og_site_name":"Trace Analytics, the AirCheck Lab","twitter_card":"summary_large_image","schema":{"@context":"https:\/\/schema.org","@graph":[{"@type":"WebPage","@id":"https:\/\/www.airchecklab.com\/es\/pruebas-microbiologicas-de-aire\/","url":"https:\/\/www.airchecklab.com\/es\/pruebas-microbiologicas-de-aire\/","name":"Pruebas microbiol\u00f3gicas de aire - Trace Analytics, the AirCheck Lab","isPartOf":{"@id":"\/#website"},"datePublished":"2021-12-27T16:09:37+00:00","dateModified":"2021-12-27T16:09:37+00:00","description":"Las pruebas microbiol\u00f3gicas de aire seg\u00fan ISO 8573-7 son f\u00e1ciles. CFU cuenta desde cero y capacitaci\u00f3n en l\u00ednea en AirCheck Academy.","breadcrumb":{"@id":"https:\/\/www.airchecklab.com\/es\/pruebas-microbiologicas-de-aire\/#breadcrumb"},"inLanguage":"es","potentialAction":[{"@type":"ReadAction","target":["https:\/\/www.airchecklab.com\/es\/pruebas-microbiologicas-de-aire\/"]}]},{"@type":"BreadcrumbList","@id":"https:\/\/www.airchecklab.com\/es\/pruebas-microbiologicas-de-aire\/#breadcrumb","itemListElement":[{"@type":"ListItem","position":1,"name":"Home","item":"https:\/\/www.airchecklab.com\/es\/analisis-de-seguimiento-pruebas-ambientales-y-de-aire-comprimido\/"},{"@type":"ListItem","position":2,"name":"Pruebas microbiol\u00f3gicas de aire"}]},{"@type":"WebSite","@id":"\/#website","url":"\/","name":"Trace Analytics, the AirCheck Lab","description":"Compressed Air Testing for ISO 8573, Microbial, SQF, Breathing Air","publisher":{"@id":"\/#organization"},"potentialAction":[{"@type":"SearchAction","target":{"@type":"EntryPoint","urlTemplate":"\/?s={search_term_string}"},"query-input":"required name=search_term_string"}],"inLanguage":"es"},{"@type":"Organization","@id":"\/#organization","name":"Trace Analytics, LLC","url":"\/","logo":{"@type":"ImageObject","inLanguage":"es","@id":"\/#\/schema\/logo\/image\/","url":"https:\/\/www.airchecklab.com\/wp-content\/uploads\/2021\/08\/Blue-01.png","contentUrl":"https:\/\/www.airchecklab.com\/wp-content\/uploads\/2021\/08\/Blue-01.png","width":1600,"height":301,"caption":"Trace Analytics, LLC"},"image":{"@id":"\/#\/schema\/logo\/image\/"}}]}},"_links":{"self":[{"href":"https:\/\/www.airchecklab.com\/es\/wp-json\/wp\/v2\/pages\/22382"}],"collection":[{"href":"https:\/\/www.airchecklab.com\/es\/wp-json\/wp\/v2\/pages"}],"about":[{"href":"https:\/\/www.airchecklab.com\/es\/wp-json\/wp\/v2\/types\/page"}],"author":[{"embeddable":true,"href":"https:\/\/www.airchecklab.com\/es\/wp-json\/wp\/v2\/users\/1"}],"replies":[{"embeddable":true,"href":"https:\/\/www.airchecklab.com\/es\/wp-json\/wp\/v2\/comments?post=22382"}],"version-history":[{"count":0,"href":"https:\/\/www.airchecklab.com\/es\/wp-json\/wp\/v2\/pages\/22382\/revisions"}],"wp:attachment":[{"href":"https:\/\/www.airchecklab.com\/es\/wp-json\/wp\/v2\/media?parent=22382"}],"curies":[{"name":"wp","href":"https:\/\/api.w.org\/{rel}","templated":true}]}}