{"id":22419,"date":"2021-12-27T10:09:44","date_gmt":"2021-12-27T16:09:44","guid":{"rendered":"https:\/\/dev.airchecklab.com\/contacto\/testimonios\/"},"modified":"2021-12-27T13:41:39","modified_gmt":"2021-12-27T19:41:39","slug":"testimonios","status":"publish","type":"page","link":"https:\/\/www.airchecklab.com\/es\/contacto\/testimonios\/","title":{"rendered":"Testimonios"},"content":{"rendered":"<p><div class=\"fusion-fullwidth fullwidth-box fusion-builder-row-1 fusion-flex-container fusion-parallax-none nonhundred-percent-fullwidth non-hundred-percent-height-scrolling lazyload\" style=\"--awb-background-position:center top;--awb-border-radius-top-left:0px;--awb-border-radius-top-right:0px;--awb-border-radius-bottom-right:0px;--awb-border-radius-bottom-left:0px;--awb-padding-top:20px;--awb-background-image:linear-gradient(180deg, rgba(244,244,244,0.52) 0%,rgba(244,244,244,0.52) 100%);;--awb-background-size:cover;\" data-bg=\"https:\/\/www.airchecklab.com\/wp-content\/uploads\/2021\/09\/AdobeStock_57879825-scaled.jpeg\" data-bg-gradient=\"linear-gradient(180deg, rgba(244,244,244,0.52) 0%,rgba(244,244,244,0.52) 100%)\" ><div class=\"fusion-builder-row fusion-row fusion-flex-align-items-flex-start fusion-flex-justify-content-center\" style=\"max-width:calc( 1180px + 0px );margin-left: calc(-0px \/ 2 );margin-right: calc(-0px \/ 2 );\"><div class=\"fusion-layout-column fusion_builder_column fusion-builder-column-0 fusion_builder_column_2_3 2_3 fusion-flex-column fusion-animated\" style=\"--awb-bg-size:cover;--awb-width-large:66.666666666667%;--awb-margin-top-large:85px;--awb-spacing-right-large:0px;--awb-margin-bottom-large:60px;--awb-spacing-left-large:0px;--awb-width-medium:100%;--awb-spacing-right-medium:0px;--awb-spacing-left-medium:0px;--awb-width-small:100%;--awb-spacing-right-small:0px;--awb-spacing-left-small:0px;\" data-animationType=\"zoomIn\" data-animationDuration=\"0.9\" data-animationOffset=\"top-into-view\"><div class=\"fusion-column-wrapper fusion-flex-justify-content-flex-start fusion-content-layout-column\"><div class=\"fusion-title title fusion-title-1 fusion-sep-none fusion-title-center fusion-title-text fusion-title-size-one\"><h1 class=\"title-heading-center fusion-responsive-typography-calculated\" style=\"margin:0;--fontSize:68;line-height:1.05;\"><span style=\"color: #333645;\">TESTIMONIOS<\/span><\/h1><\/div><div class=\"fusion-separator\" style=\"align-self: center;margin-left: auto;margin-right: auto;margin-top:16px;margin-bottom:36px;width:100%;max-width:24%;\"><div class=\"fusion-separator-border sep-single\" style=\"border-color:#000000;border-top-width:2px;\"><\/div><\/div><div class=\"fusion-text fusion-text-1\" style=\"--awb-text-color:#000000;\"><p style=\"text-align: center;\">En Trace Analytics, nuestra mayor fuente de nuevos negocios de pruebas de aire comprimido son las referencias de los clientes. Nuestro negocio se bas\u00f3 en nuestra experiencia, entendiendo las necesidades de nuestros clientes, un excelente servicio al cliente y el deseo de brindar una experiencia de prueba de aire comprimido m\u00e1s eficiente y precisa. Estos rasgos han sido la columna vertebral de nuestra empresa desde 1989 y siguen siendo v\u00e1lidos en la actualidad.<\/p>\n<\/div><\/div><\/div><\/div><\/div><div class=\"fusion-fullwidth fullwidth-box fusion-builder-row-2 fusion-flex-container nonhundred-percent-fullwidth non-hundred-percent-height-scrolling\" style=\"--awb-border-radius-top-left:0px;--awb-border-radius-top-right:0px;--awb-border-radius-bottom-right:0px;--awb-border-radius-bottom-left:0px;--awb-padding-top:45px;--awb-padding-bottom:45px;\" ><div class=\"fusion-builder-row fusion-row fusion-flex-align-items-center\" style=\"max-width:1227.2px;margin-left: calc(-4% \/ 2 );margin-right: calc(-4% \/ 2 );\"><div class=\"fusion-layout-column fusion_builder_column fusion-builder-column-1 fusion_builder_column_1_1 1_1 fusion-flex-column\" style=\"--awb-bg-size:cover;--awb-width-large:100%;--awb-spacing-right-large:1.92%;--awb-spacing-left-large:1.92%;--awb-width-medium:100%;--awb-order-medium:0;--awb-spacing-right-medium:1.92%;--awb-spacing-left-medium:1.92%;--awb-width-small:100%;--awb-order-small:0;--awb-spacing-right-small:1.92%;--awb-spacing-left-small:1.92%;\"><div class=\"fusion-column-wrapper fusion-column-has-shadow fusion-flex-justify-content-flex-start fusion-content-layout-column\"><div class=\"fusion-title title fusion-title-2 fusion-title-center fusion-title-text fusion-title-size-two\"><div class=\"title-sep-container title-sep-container-left\"><div class=\"title-sep sep- sep-solid\" style=\"border-color:#9ca1a6;\"><\/div><\/div><span class=\"awb-title-spacer\"><\/span><h2 class=\"title-heading-center fusion-responsive-typography-calculated\" style=\"margin:0;--fontSize:44;line-height:1.05;\">Testimonios del servicio de bomberos<\/h2><span class=\"awb-title-spacer\"><\/span><div class=\"title-sep-container title-sep-container-right\"><div class=\"title-sep sep- sep-solid\" style=\"border-color:#9ca1a6;\"><\/div><\/div><\/div><div class=\"fusion-testimonials clean fusion-testimonials-1\" style=\"--awb-textcolor:#000000;--awb-backgroundcolor:#e8e8e8;\" data-random=\"1\" data-speed=\"4000\"><div class=\"reviews\"><div class=\"review active-testimonial male\"><div class=\"testimonial-thumbnail doe\"><\/div><blockquote class=\"testimonials-shortcode-blockquote\"><q class=\"fusion-clearfix\">\n<p>Solo quiero decir que hemos disfrutado de nuestra relaci\u00f3n con su empresa y que todos ustedes nos han tratado de la mejor manera &#8230; \u00a1por eso seguimos haciendo negocios con ustedes! Cualquier pregunta, problema o inquietud que hemos tenido siempre ha sido respondida de manera oportuna y profesional. \u00a1Sigan con el buen trabajo!<\/p>\n<\/q><\/blockquote><div class=\"author\"><span class=\"company-name\"><strong>Harold A. Bean<\/strong>, <a href=\"https:\/\/www.airchecklab.com\/contact\/testimonials\/#:~:text=Del%20Rio%20Fire%20and%20Rescue%20Department\" target=\"_self\"><span>Departamento de Bomberos y Rescate de Del Rio<\/span><\/a><\/span><\/div><\/div><div class=\"review male\"><div class=\"testimonial-thumbnail doe\"><\/div><blockquote class=\"testimonials-shortcode-blockquote\"><q class=\"fusion-clearfix\">\n<p>Gracias por impulsar esta muestra y hacerme llegar los resultados hoy. El supervisor del departamento a\u00e9reo del fabricante del cami\u00f3n estaba un poco preocupado por recibir los resultados en esta unidad antes de que el departamento de bomberos recogiera su cami\u00f3n ma\u00f1ana por la ma\u00f1ana. Gracias nuevamente por ayudarnos nuevamente, su servicio al cliente siempre ha sido excepcional.<\/p>\n<\/q><\/blockquote><div class=\"author\"><span class=\"company-name\"><strong>George Burghardt<\/strong>, <a href=\"https:\/\/www.airchecklab.com\/contact\/testimonials\/#:~:text=Underwriters%20Laboratories%20Inc.\" target=\"_self\"><span>Underwriters Laboratories Inc.<\/span><\/a><\/span><\/div><\/div><div class=\"review male\"><div class=\"testimonial-thumbnail doe\"><\/div><blockquote class=\"testimonials-shortcode-blockquote\"><q class=\"fusion-clearfix\">\n<p>Gracias. Creo que su empresa hace que sea muy sencillo tomar la muestra y enviarla. Incluso un campesino sure\u00f1o puede hacerlo siguiendo sus instrucciones. Hice que Doug Hall de Wayest Safety se capacitara sobre c\u00f3mo extraer las muestras por primera vez. \u00c9l te recomend\u00f3 mucho y eso fue lo suficientemente bueno para m\u00ed. Su empresa me demostr\u00f3 su val\u00eda muy r\u00e1pidamente con su r\u00e1pida respuesta. La Sra. Lindsey con su empresa fue de gran ayuda para m\u00ed.<\/p>\n<\/q><\/blockquote><div class=\"author\"><span class=\"company-name\"><strong>Pruitt polvoriento, CHMM<\/strong>, <a href=\"https:\/\/www.targaresources.com\/\" target=\"_self\"><span>Oleoducto Atlas<\/span><\/a><\/span><\/div><\/div><div class=\"review male\"><div class=\"testimonial-thumbnail doe\"><\/div><blockquote class=\"testimonials-shortcode-blockquote\"><q class=\"fusion-clearfix\">\n<p>Quer\u00eda hacerles saber la sencillez que sent\u00ed al realizar el muestreo de aire. Sent\u00ed que las instrucciones eran f\u00e1ciles de entender y que el procedimiento se pudo completar sin problemas. No tengo otras preguntas sobre el equipo o el procedimiento. Gracias por un buen producto.<\/p>\n<\/q><\/blockquote><div class=\"author\"><span class=\"company-name\"><strong>Scott L. Schneider<\/strong>, <a href=\"http:\/\/www.two-rivers.org\/fire\/fire-department.php\" target=\"_self\"><span>Departamento de Bomberos de Two Rivers<\/span><\/a><\/span><\/div><\/div><\/div><div class=\"testimonial-pagination\" id=\"fusion-testimonials-1\"><a href=\"#\" aria-label=\"Testimonial Pagination\"  class=\"activeSlide\"><\/a><a href=\"#\" aria-label=\"Testimonial Pagination\" ><\/a><a href=\"#\" aria-label=\"Testimonial Pagination\" ><\/a><a href=\"#\" aria-label=\"Testimonial Pagination\" ><\/a><\/div><\/div><\/div><\/div><\/div><\/div><div class=\"fusion-fullwidth fullwidth-box fusion-builder-row-3 fusion-flex-container nonhundred-percent-fullwidth non-hundred-percent-height-scrolling\" style=\"--awb-border-radius-top-left:0px;--awb-border-radius-top-right:0px;--awb-border-radius-bottom-right:0px;--awb-border-radius-bottom-left:0px;--awb-padding-top:45px;--awb-padding-bottom:45px;--awb-background-color:#9ca1a6;\" ><div class=\"fusion-builder-row fusion-row fusion-flex-align-items-center\" style=\"max-width:1227.2px;margin-left: calc(-4% \/ 2 );margin-right: calc(-4% \/ 2 );\"><div class=\"fusion-layout-column fusion_builder_column fusion-builder-column-2 fusion_builder_column_1_1 1_1 fusion-flex-column\" style=\"--awb-bg-size:cover;--awb-width-large:100%;--awb-spacing-right-large:1.92%;--awb-spacing-left-large:1.92%;--awb-width-medium:100%;--awb-order-medium:0;--awb-spacing-right-medium:1.92%;--awb-spacing-left-medium:1.92%;--awb-width-small:100%;--awb-order-small:0;--awb-spacing-right-small:1.92%;--awb-spacing-left-small:1.92%;\"><div class=\"fusion-column-wrapper fusion-column-has-shadow fusion-flex-justify-content-flex-start fusion-content-layout-column\"><div class=\"fusion-title title fusion-title-3 fusion-title-center fusion-title-text fusion-title-size-two\" style=\"--awb-text-color:#110e0e;\"><div class=\"title-sep-container title-sep-container-left\"><div class=\"title-sep sep- sep-solid\" style=\"border-color:#9ca1a6;\"><\/div><\/div><span class=\"awb-title-spacer\"><\/span><h2 class=\"title-heading-center fusion-responsive-typography-calculated\" style=\"margin:0;--fontSize:44;line-height:1.05;\">Testimonios de servicios de buceo<\/h2><span class=\"awb-title-spacer\"><\/span><div class=\"title-sep-container title-sep-container-right\"><div class=\"title-sep sep- sep-solid\" style=\"border-color:#9ca1a6;\"><\/div><\/div><\/div><div class=\"fusion-testimonials clean fusion-testimonials-2\" style=\"--awb-textcolor:#000000;--awb-backgroundcolor:#e8e8e8;\" data-random=\"1\" data-speed=\"4000\"><div class=\"reviews\"><div class=\"review active-testimonial male\"><div class=\"testimonial-thumbnail doe\"><\/div><blockquote class=\"testimonials-shortcode-blockquote\"><q class=\"fusion-clearfix\">\n<p>Su empresa y su personal son de gran ayuda. El kit es excelente y muy f\u00e1cil de usar. Estoy muy contento de haber utilizado su empresa para esta importante prueba para mi empresa y mis clientes.<\/p>\n<\/q><\/blockquote><div class=\"author\"><span class=\"company-name\"><strong>Scott Andrejeski<\/strong>, <span>Servicio Divemaster, Inc.<\/span><\/span><\/div><\/div><div class=\"review female\"><div class=\"testimonial-thumbnail doe\"><\/div><blockquote class=\"testimonials-shortcode-blockquote\"><q class=\"fusion-clearfix\">\n<p>S\u00ed, ya hemos recibido nuestro informe, gracias. Esta es la segunda vez que trabajamos con su empresa (una vez antes en Roat\u00e1n, Honduras) y estamos muy contentos con la calidad de su servicio al cliente en ambas ocasiones. No tuvimos ning\u00fan problema con el uso del AirCheck Kit y recibimos los resultados de manera muy oportuna. Recomendar\u00eda su empresa a cualquiera que me pregunte. Gracias nuevamente por toda su ayuda y espero trabajar con usted en el futuro.<\/p>\n<\/q><\/blockquote><div class=\"author\"><span class=\"company-name\"><strong>Audrey Schlaff<\/strong>, <span>Bucear Little Corn<\/span><\/span><\/div><\/div><div class=\"review male\"><div class=\"testimonial-thumbnail doe\"><\/div><blockquote class=\"testimonials-shortcode-blockquote\"><q class=\"fusion-clearfix\">\n<p>Gracias por impulsar esta muestra y hacerme llegar los resultados hoy. El supervisor del departamento a\u00e9reo del fabricante del cami\u00f3n estaba un poco preocupado por recibir los resultados en esta unidad antes de que el departamento de bomberos recogiera su cami\u00f3n ma\u00f1ana por la ma\u00f1ana. Gracias nuevamente por ayudarnos nuevamente, su servicio al cliente siempre ha sido excepcional.<\/p>\n<\/q><\/blockquote><div class=\"author\"><span class=\"company-name\"><strong>George Burghardt<\/strong>, <span>Underwriters Laboratories Inc.<\/span><\/span><\/div><\/div><div class=\"review male\"><div class=\"testimonial-thumbnail doe\"><\/div><blockquote class=\"testimonials-shortcode-blockquote\"><q class=\"fusion-clearfix\">\n<p>\u00a1Gracias por el servicio INCRE\u00cdBLEMENTE R\u00c1PIDO! Estoy muy impresionado y lo aprecio SOOOOOOOOOOOOOOOO mucho! Ustedes est\u00e1n en la pelota.<\/p>\n<\/q><\/blockquote><div class=\"author\"><span class=\"company-name\"><strong>Paul Pelletier<\/strong>, <a href=\"https:\/\/www.airchecklab.com\/contact\/testimonials\/#:~:text=Paul%20Pelletier-,Water%20Sports,-Toronto%2C%20Canada\" target=\"_self\"><span>Deportes acu\u00e1ticos Toronto<\/span><\/a><\/span><\/div><\/div><\/div><div class=\"testimonial-pagination\" id=\"fusion-testimonials-2\"><a href=\"#\" aria-label=\"Testimonial Pagination\"  class=\"activeSlide\"><\/a><a href=\"#\" aria-label=\"Testimonial Pagination\" ><\/a><a href=\"#\" aria-label=\"Testimonial Pagination\" ><\/a><a href=\"#\" aria-label=\"Testimonial Pagination\" ><\/a><\/div><\/div><\/div><\/div><\/div><\/div><div class=\"fusion-fullwidth fullwidth-box fusion-builder-row-4 fusion-flex-container nonhundred-percent-fullwidth non-hundred-percent-height-scrolling\" style=\"--awb-border-radius-top-left:0px;--awb-border-radius-top-right:0px;--awb-border-radius-bottom-right:0px;--awb-border-radius-bottom-left:0px;--awb-padding-top:45px;\" ><div class=\"fusion-builder-row fusion-row fusion-flex-align-items-center\" style=\"max-width:1227.2px;margin-left: calc(-4% \/ 2 );margin-right: calc(-4% \/ 2 );\"><div class=\"fusion-layout-column fusion_builder_column fusion-builder-column-3 fusion_builder_column_1_1 1_1 fusion-flex-column\" style=\"--awb-bg-size:cover;--awb-width-large:100%;--awb-spacing-right-large:1.92%;--awb-spacing-left-large:1.92%;--awb-width-medium:100%;--awb-order-medium:0;--awb-spacing-right-medium:1.92%;--awb-spacing-left-medium:1.92%;--awb-width-small:100%;--awb-order-small:0;--awb-spacing-right-small:1.92%;--awb-spacing-left-small:1.92%;\"><div class=\"fusion-column-wrapper fusion-column-has-shadow fusion-flex-justify-content-flex-start fusion-content-layout-column\"><div class=\"fusion-title title fusion-title-4 fusion-title-center fusion-title-text fusion-title-size-two\"><div class=\"title-sep-container title-sep-container-left\"><div class=\"title-sep sep- sep-solid\" style=\"border-color:#9ca1a6;\"><\/div><\/div><span class=\"awb-title-spacer\"><\/span><h2 class=\"title-heading-center fusion-responsive-typography-calculated\" style=\"margin:0;--fontSize:44;line-height:1.05;\">Testimonios de servicios adicionales<\/h2><span class=\"awb-title-spacer\"><\/span><div class=\"title-sep-container title-sep-container-right\"><div class=\"title-sep sep- sep-solid\" style=\"border-color:#9ca1a6;\"><\/div><\/div><\/div><div class=\"fusion-testimonials clean fusion-testimonials-3\" style=\"--awb-textcolor:#000000;--awb-backgroundcolor:#e8e8e8;\" data-random=\"1\" data-speed=\"4000\"><div class=\"reviews\"><div class=\"review active-testimonial male\"><div class=\"testimonial-thumbnail doe\"><\/div><blockquote class=\"testimonials-shortcode-blockquote\"><q class=\"fusion-clearfix\">\n<p>Todo lo que he encontrado hasta ahora ha sido muy profesional y \u00fatil. El folleto que ven\u00eda con el kit era muy informativo y detallado. Creo que este proceso nos funcionar\u00e1 muy bien. Gracias por ayudarnos a poner en marcha este programa.<\/p>\n<\/q><\/blockquote><div class=\"author\"><span class=\"company-name\"><strong>Brian K. Fischer<\/strong><\/span><\/div><\/div><div class=\"review male\"><div class=\"testimonial-thumbnail doe\"><\/div><blockquote class=\"testimonials-shortcode-blockquote\"><q class=\"fusion-clearfix\">\n<p>Veo que el apoyo a los marines es de tan alta calidad como lo fue para el ej\u00e9rcito cuando estuve en Irak desde octubre de 2004 hasta noviembre de 2006 en apoyo del programa TICPDE. Gracias de nuevo.<\/p>\n<\/q><\/blockquote><div class=\"author\"><span class=\"company-name\"><strong>Dwane E. James<\/strong>, <a href=\"https:\/\/www.airchecklab.com\/contact\/testimonials\/#:~:text=Marine%20Air%2DGround%20Task%20Force\" target=\"_self\"><span>Cable de mantenimiento QBRN<\/span><\/a><\/span><\/div><\/div><div class=\"review male\"><div class=\"testimonial-thumbnail doe\"><\/div><blockquote class=\"testimonials-shortcode-blockquote\"><q class=\"fusion-clearfix\">\n<p>Por el kit de prueba me di cuenta de que Trace Analytics es realmente bueno para pensar en los detalles y es refrescante trabajar con gente as\u00ed.<\/p>\n<\/q><\/blockquote><div class=\"author\"><span class=\"company-name\"><strong>Bob N.<\/strong>, <a href=\"http:\/\/www.bendix.com\/\" target=\"_self\"><span>Bendix Commercial Vehicle Systems, LLC<\/span><\/a><\/span><\/div><\/div><div class=\"review male\"><div class=\"testimonial-thumbnail doe\"><\/div><blockquote class=\"testimonials-shortcode-blockquote\"><q class=\"fusion-clearfix\">\n<p>Cualquiera que est\u00e9 buscando hacerse una prueba de aire, esta es la ruta a seguir. Utilic\u00e9 Trace y el proceso de principio a fin fue bastante simple. La recopilaci\u00f3n de muestras puede parecer un poco abrumadora, pero una vez que empiece a hacerlo, le resultar\u00e1 bastante f\u00e1cil de usar.<\/p>\n<\/q><\/blockquote><div class=\"author\"><span class=\"company-name\"><strong>Brian Weber<\/strong><\/span><\/div><\/div><\/div><div class=\"testimonial-pagination\" id=\"fusion-testimonials-3\"><a href=\"#\" aria-label=\"Testimonial Pagination\"  class=\"activeSlide\"><\/a><a href=\"#\" aria-label=\"Testimonial Pagination\" ><\/a><a href=\"#\" aria-label=\"Testimonial Pagination\" ><\/a><a href=\"#\" aria-label=\"Testimonial Pagination\" ><\/a><\/div><\/div><\/div><\/div><\/div><\/div><\/p>\n","protected":false},"excerpt":{"rendered":"","protected":false},"author":1,"featured_media":0,"parent":22370,"menu_order":0,"comment_status":"closed","ping_status":"closed","template":"100-width.php","meta":{"content-type":""},"yoast_head":"<!-- This site is optimized with the Yoast SEO Premium plugin v20.0 (Yoast SEO v20.0) - https:\/\/yoast.com\/wordpress\/plugins\/seo\/ -->\n<title>Testimonios - Trace Analytics, the AirCheck Lab<\/title>\n<meta name=\"robots\" content=\"index, follow, max-snippet:-1, max-image-preview:large, max-video-preview:-1\" \/>\n<link rel=\"canonical\" href=\"https:\/\/www.airchecklab.com\/es\/contacto\/testimonios\/\" \/>\n<meta property=\"og:locale\" content=\"es_ES\" \/>\n<meta property=\"og:type\" content=\"article\" \/>\n<meta property=\"og:title\" content=\"Testimonios\" \/>\n<meta property=\"og:url\" content=\"https:\/\/www.airchecklab.com\/es\/contacto\/testimonios\/\" \/>\n<meta property=\"og:site_name\" content=\"Trace Analytics, the AirCheck Lab\" \/>\n<meta property=\"article:modified_time\" content=\"2021-12-27T19:41:39+00:00\" \/>\n<meta name=\"twitter:card\" content=\"summary_large_image\" \/>\n<meta name=\"twitter:label1\" content=\"Tiempo de lectura\" \/>\n\t<meta name=\"twitter:data1\" content=\"13 minutos\" \/>\n<script type=\"application\/ld+json\" class=\"yoast-schema-graph\">{\"@context\":\"https:\/\/schema.org\",\"@graph\":[{\"@type\":\"WebPage\",\"@id\":\"https:\/\/www.airchecklab.com\/es\/contacto\/testimonios\/\",\"url\":\"https:\/\/www.airchecklab.com\/es\/contacto\/testimonios\/\",\"name\":\"Testimonios - Trace Analytics, the AirCheck Lab\",\"isPartOf\":{\"@id\":\"\/#website\"},\"datePublished\":\"2021-12-27T16:09:44+00:00\",\"dateModified\":\"2021-12-27T19:41:39+00:00\",\"breadcrumb\":{\"@id\":\"https:\/\/www.airchecklab.com\/es\/contacto\/testimonios\/#breadcrumb\"},\"inLanguage\":\"es\",\"potentialAction\":[{\"@type\":\"ReadAction\",\"target\":[\"https:\/\/www.airchecklab.com\/es\/contacto\/testimonios\/\"]}]},{\"@type\":\"BreadcrumbList\",\"@id\":\"https:\/\/www.airchecklab.com\/es\/contacto\/testimonios\/#breadcrumb\",\"itemListElement\":[{\"@type\":\"ListItem\",\"position\":1,\"name\":\"Home\",\"item\":\"https:\/\/www.airchecklab.com\/es\/analisis-de-seguimiento-pruebas-ambientales-y-de-aire-comprimido\/\"},{\"@type\":\"ListItem\",\"position\":2,\"name\":\"Contacto\",\"item\":\"https:\/\/www.airchecklab.com\/es\/contacto\/\"},{\"@type\":\"ListItem\",\"position\":3,\"name\":\"Testimonios\"}]},{\"@type\":\"WebSite\",\"@id\":\"\/#website\",\"url\":\"\/\",\"name\":\"Trace Analytics, the AirCheck Lab\",\"description\":\"Compressed Air Testing for ISO 8573, Microbial, SQF, Breathing Air\",\"publisher\":{\"@id\":\"\/#organization\"},\"potentialAction\":[{\"@type\":\"SearchAction\",\"target\":{\"@type\":\"EntryPoint\",\"urlTemplate\":\"\/?s={search_term_string}\"},\"query-input\":\"required name=search_term_string\"}],\"inLanguage\":\"es\"},{\"@type\":\"Organization\",\"@id\":\"\/#organization\",\"name\":\"Trace Analytics, LLC\",\"url\":\"\/\",\"logo\":{\"@type\":\"ImageObject\",\"inLanguage\":\"es\",\"@id\":\"\/#\/schema\/logo\/image\/\",\"url\":\"https:\/\/www.airchecklab.com\/wp-content\/uploads\/2021\/08\/Blue-01.png\",\"contentUrl\":\"https:\/\/www.airchecklab.com\/wp-content\/uploads\/2021\/08\/Blue-01.png\",\"width\":1600,\"height\":301,\"caption\":\"Trace Analytics, LLC\"},\"image\":{\"@id\":\"\/#\/schema\/logo\/image\/\"}}]}<\/script>\n<!-- \/ Yoast SEO Premium plugin. -->","yoast_head_json":{"title":"Testimonios - Trace Analytics, the AirCheck Lab","robots":{"index":"index","follow":"follow","max-snippet":"max-snippet:-1","max-image-preview":"max-image-preview:large","max-video-preview":"max-video-preview:-1"},"canonical":"https:\/\/www.airchecklab.com\/es\/contacto\/testimonios\/","og_locale":"es_ES","og_type":"article","og_title":"Testimonios","og_url":"https:\/\/www.airchecklab.com\/es\/contacto\/testimonios\/","og_site_name":"Trace Analytics, the AirCheck Lab","article_modified_time":"2021-12-27T19:41:39+00:00","twitter_card":"summary_large_image","twitter_misc":{"Tiempo de lectura":"13 minutos"},"schema":{"@context":"https:\/\/schema.org","@graph":[{"@type":"WebPage","@id":"https:\/\/www.airchecklab.com\/es\/contacto\/testimonios\/","url":"https:\/\/www.airchecklab.com\/es\/contacto\/testimonios\/","name":"Testimonios - Trace Analytics, the AirCheck Lab","isPartOf":{"@id":"\/#website"},"datePublished":"2021-12-27T16:09:44+00:00","dateModified":"2021-12-27T19:41:39+00:00","breadcrumb":{"@id":"https:\/\/www.airchecklab.com\/es\/contacto\/testimonios\/#breadcrumb"},"inLanguage":"es","potentialAction":[{"@type":"ReadAction","target":["https:\/\/www.airchecklab.com\/es\/contacto\/testimonios\/"]}]},{"@type":"BreadcrumbList","@id":"https:\/\/www.airchecklab.com\/es\/contacto\/testimonios\/#breadcrumb","itemListElement":[{"@type":"ListItem","position":1,"name":"Home","item":"https:\/\/www.airchecklab.com\/es\/analisis-de-seguimiento-pruebas-ambientales-y-de-aire-comprimido\/"},{"@type":"ListItem","position":2,"name":"Contacto","item":"https:\/\/www.airchecklab.com\/es\/contacto\/"},{"@type":"ListItem","position":3,"name":"Testimonios"}]},{"@type":"WebSite","@id":"\/#website","url":"\/","name":"Trace Analytics, the AirCheck Lab","description":"Compressed Air Testing for ISO 8573, Microbial, SQF, Breathing Air","publisher":{"@id":"\/#organization"},"potentialAction":[{"@type":"SearchAction","target":{"@type":"EntryPoint","urlTemplate":"\/?s={search_term_string}"},"query-input":"required name=search_term_string"}],"inLanguage":"es"},{"@type":"Organization","@id":"\/#organization","name":"Trace Analytics, LLC","url":"\/","logo":{"@type":"ImageObject","inLanguage":"es","@id":"\/#\/schema\/logo\/image\/","url":"https:\/\/www.airchecklab.com\/wp-content\/uploads\/2021\/08\/Blue-01.png","contentUrl":"https:\/\/www.airchecklab.com\/wp-content\/uploads\/2021\/08\/Blue-01.png","width":1600,"height":301,"caption":"Trace Analytics, LLC"},"image":{"@id":"\/#\/schema\/logo\/image\/"}}]}},"_links":{"self":[{"href":"https:\/\/www.airchecklab.com\/es\/wp-json\/wp\/v2\/pages\/22419"}],"collection":[{"href":"https:\/\/www.airchecklab.com\/es\/wp-json\/wp\/v2\/pages"}],"about":[{"href":"https:\/\/www.airchecklab.com\/es\/wp-json\/wp\/v2\/types\/page"}],"author":[{"embeddable":true,"href":"https:\/\/www.airchecklab.com\/es\/wp-json\/wp\/v2\/users\/1"}],"replies":[{"embeddable":true,"href":"https:\/\/www.airchecklab.com\/es\/wp-json\/wp\/v2\/comments?post=22419"}],"version-history":[{"count":3,"href":"https:\/\/www.airchecklab.com\/es\/wp-json\/wp\/v2\/pages\/22419\/revisions"}],"predecessor-version":[{"id":23725,"href":"https:\/\/www.airchecklab.com\/es\/wp-json\/wp\/v2\/pages\/22419\/revisions\/23725"}],"up":[{"embeddable":true,"href":"https:\/\/www.airchecklab.com\/es\/wp-json\/wp\/v2\/pages\/22370"}],"wp:attachment":[{"href":"https:\/\/www.airchecklab.com\/es\/wp-json\/wp\/v2\/media?parent=22419"}],"curies":[{"name":"wp","href":"https:\/\/api.w.org\/{rel}","templated":true}]}}