{"id":22422,"date":"2021-12-27T10:09:45","date_gmt":"2021-12-27T16:09:45","guid":{"rendered":"https:\/\/dev.airchecklab.com\/kits-aircheck%e2%9c%93\/k810-p-w-o-kit-de-prueba\/"},"modified":"2024-04-24T14:43:51","modified_gmt":"2024-04-24T20:43:51","slug":"k810-p-w-o-kit-de-prueba","status":"publish","type":"page","link":"https:\/\/www.airchecklab.com\/es\/kits-aircheck%e2%9c%93\/k810-p-w-o-kit-de-prueba\/","title":{"rendered":"K810 P: W: O Kit de prueba"},"content":{"rendered":"<div class=\"fusion-fullwidth fullwidth-box fusion-builder-row-1 fusion-flex-container nonhundred-percent-fullwidth non-hundred-percent-height-scrolling\" style=\"--awb-border-radius-top-left:0px;--awb-border-radius-top-right:0px;--awb-border-radius-bottom-right:0px;--awb-border-radius-bottom-left:0px;--awb-padding-top:35px;\" ><div class=\"fusion-builder-row fusion-row fusion-flex-align-items-flex-start\" style=\"max-width:1227.2px;margin-left: calc(-4% \/ 2 );margin-right: calc(-4% \/ 2 );\"><div class=\"fusion-layout-column fusion_builder_column fusion-builder-column-0 fusion_builder_column_1_2 1_2 fusion-flex-column\" style=\"--awb-bg-size:cover;--awb-width-large:50%;--awb-margin-top-large:0px;--awb-spacing-right-large:3.84%;--awb-margin-bottom-large:0px;--awb-spacing-left-large:3.84%;--awb-width-medium:100%;--awb-spacing-right-medium:1.92%;--awb-spacing-left-medium:1.92%;--awb-width-small:100%;--awb-spacing-right-small:1.92%;--awb-spacing-left-small:1.92%;\"><div class=\"fusion-column-wrapper fusion-flex-justify-content-flex-start fusion-content-layout-column\"><div class=\"fusion-image-element \"><span class=\" fusion-imageframe imageframe-none imageframe-1 hover-type-none\"><img decoding=\"async\" width=\"1024\" height=\"683\" alt=\"Kit de aire comprimido K810 para pruebas ISO 8573\" title=\"k810\" src=\"https:\/\/www.airchecklab.com\/wp-content\/uploads\/2021\/12\/k810-scaled.jpg\" data-orig-src=\"https:\/\/www.airchecklab.com\/wp-content\/uploads\/2021\/12\/k810-1024x683.jpg\" class=\"lazyload img-responsive wp-image-22202\" srcset=\"data:image\/svg+xml,%3Csvg%20xmlns%3D%27http%3A%2F%2Fwww.w3.org%2F2000%2Fsvg%27%20width%3D%272560%27%20height%3D%271707%27%20viewBox%3D%270%200%202560%201707%27%3E%3Crect%20width%3D%272560%27%20height%3D%271707%27%20fill-opacity%3D%220%22%2F%3E%3C%2Fsvg%3E\" data-srcset=\"https:\/\/www.airchecklab.com\/wp-content\/uploads\/2021\/12\/k810-200x133.jpg 200w, https:\/\/www.airchecklab.com\/wp-content\/uploads\/2021\/12\/k810-400x267.jpg 400w, https:\/\/www.airchecklab.com\/wp-content\/uploads\/2021\/12\/k810-600x400.jpg 600w, https:\/\/www.airchecklab.com\/wp-content\/uploads\/2021\/12\/k810-800x533.jpg 800w, https:\/\/www.airchecklab.com\/wp-content\/uploads\/2021\/12\/k810-1200x800.jpg 1200w\" data-sizes=\"auto\" data-orig-sizes=\"(max-width: 1000px) 100vw, (max-width: 640px) 100vw, 600px\" \/><\/span><\/div>\n<\/div><\/div><div class=\"fusion-layout-column fusion_builder_column fusion-builder-column-1 fusion_builder_column_1_2 1_2 fusion-flex-column fusion-flex-align-self-flex-start\" style=\"--awb-bg-size:cover;--awb-width-large:50%;--awb-margin-top-large:-35px;--awb-spacing-right-large:3.84%;--awb-spacing-left-large:3.84%;--awb-width-medium:100%;--awb-order-medium:0;--awb-spacing-right-medium:1.92%;--awb-spacing-left-medium:1.92%;--awb-width-small:100%;--awb-order-small:0;--awb-spacing-right-small:1.92%;--awb-spacing-left-small:1.92%;\"><div class=\"fusion-column-wrapper fusion-column-has-shadow fusion-flex-justify-content-flex-start fusion-content-layout-column\"><div class=\"fusion-text fusion-text-1\"><h2 data-fontsize=\"44\" data-lineheight=\"46.20000076293945px\" class=\"fusion-responsive-typography-calculated\" style=\"--fontSize: 44; line-height: 1.05;\">K810 &#8211; <i class=\"aircheck\">AirCheck <i class=\"tracecheck\">\u2713<\/i> Kit &#x2122;<\/i> para part\u00edculas, agua y aceite<\/h2>\n<\/div><div class=\"fusion-separator fusion-full-width-sep\" style=\"align-self: center;margin-left: auto;margin-right: auto;margin-bottom:15px;width:100%;\"><div class=\"fusion-separator-border sep-single\" style=\"border-color:#9ca1a6;border-top-width:1px;\"><\/div><\/div><div class=\"fusion-text fusion-text-2\"><p>AirCheck\u2713 Kit&#x2122; Modelo K810 es la soluci\u00f3n de Trace para realizar pruebas asequibles seg\u00fan la norma ISO 8573-1:2010, <a href=\"https:\/\/www.ifsqn.com\/food-safety-quality-articles\/_\/how-to-sample-for-particles-water-and-oil-in-compressed-air\" target=\"_blank\" rel=\"noopener noreferrer\">aire de grado alimentario<\/a>, aire de proceso cr\u00edtico o sus especificaciones personalizadas. El kit K810 permite tomar muestras de part\u00edculas, agua y aceite para cualquier uso cr\u00edtico del aire. Pruebas de aire de grado alimenticio, productos farmac\u00e9uticos, dispositivos m\u00e9dicos y productos electr\u00f3nicos son solo algunos ejemplos del uso cr\u00edtico del aire. Si necesita aire limpio para su proceso de fabricaci\u00f3n, K810 es el kit para usted.<\/p>\n<\/div><div class=\"fusion-separator fusion-full-width-sep\" style=\"align-self: center;margin-left: auto;margin-right: auto;margin-bottom:15px;width:100%;\"><div class=\"fusion-separator-border sep-single\" style=\"border-color:#9ca1a6;border-top-width:1px;\"><\/div><\/div><div class=\"fusion-text fusion-text-3\"><p>Kit de muestreo empaquetado seg\u00fan sus requisitos espec\u00edficos. V\u00eddeos de formaci\u00f3n disponibles en l\u00ednea. El hardware incluye:<\/p>\n<ul>\n<li><strong>Art\u00edculos est\u00e1ndar<\/strong>\n<ul class=\"checklist\">\n<li>Adaptador hembra NPT, 2 uds.<\/li>\n<li>Caudal\u00edmetro de tubo<\/li>\n<li>Caudal\u00edmetro de filtro<\/li>\n<li>Tuber\u00eda<\/li>\n<li>Soporte de tubo, 4 ea.<\/li>\n<li>Rompe la punta del tubo detector<\/li>\n<li>Misc. Piezas de repuesto<\/li>\n<li>Limpiador, 1 botella<\/li>\n<li>Instrucciones de muestreo<\/li>\n<\/ul>\n<\/li>\n<li><strong>Elementos opcionales<\/strong>\n<ul class=\"checklist\">\n<li>Caudal\u00edmetros trazables NIST calibrados<\/li>\n<li>Tubo de muestreo: sin part\u00edculas<\/li>\n<li>Paquete de datos<\/li>\n<\/ul>\n<\/li>\n<li><b>Medios requeridos:<\/b>\n<ul class=\"checklist\">\n<\/ul>\n<\/li>\n<ul>\n<li>Filtro de 47 mm<\/li>\n<li><span style=\"color: var(--body_typography-color); font-family: var(--body_typography-font-family); font-size: var(--body_typography-font-size); font-style: var(--body_typography-font-style,normal); letter-spacing: var(--body_typography-letter-spacing);\">Tubo detector de 5 y 20 a \/ P<\/span><\/li>\n<li><span style=\"color: var(--body_typography-color); font-family: var(--body_typography-font-family); font-size: var(--body_typography-font-size); font-style: var(--body_typography-font-style,normal); letter-spacing: var(--body_typography-letter-spacing);\">Tubo de carb\u00f3n<\/span><\/li>\n<\/ul>\n<\/ul>\n<\/div><div ><a class=\"fusion-button button-flat fusion-button-default-size button-default fusion-button-default button-1 fusion-button-default-span fusion-button-default-type\" style=\"--button_margin-bottom:15px;width:calc(100%);\" target=\"_self\" href=\"https:\/\/www.airchecklab.com\/es\/contacto\/contactenos\/\"><span class=\"fusion-button-text\">Solicitar presupuesto<\/span><\/a><\/div><div class=\"fusion-text fusion-text-4\" style=\"--awb-line-height:1;\"><p><font size=\"-1\"><em>El AirCheck\u2713 Kit &#x2122; K810 est\u00e1 disponible para su compra o alquiler; personalice f\u00e1cilmente el n\u00famero y la frecuencia de las muestras, y las especificaciones de prueba requeridas a trav\u00e9s de nuestro sistema de pedidos en l\u00ednea.<\/em><\/font><\/p>\n<\/div><\/div><\/div><div class=\"fusion-layout-column fusion_builder_column fusion-builder-column-2 fusion_builder_column_1_1 1_1 fusion-flex-column\" style=\"--awb-bg-size:cover;--awb-width-large:100%;--awb-spacing-right-large:1.92%;--awb-spacing-left-large:1.92%;--awb-width-medium:100%;--awb-order-medium:0;--awb-spacing-right-medium:1.92%;--awb-spacing-left-medium:1.92%;--awb-width-small:100%;--awb-order-small:0;--awb-spacing-right-small:1.92%;--awb-spacing-left-small:1.92%;\"><div class=\"fusion-column-wrapper fusion-column-has-shadow fusion-flex-justify-content-flex-start fusion-content-layout-column\"><div class=\"fusion-separator fusion-full-width-sep\" style=\"align-self: center;margin-left: auto;margin-right: auto;margin-bottom:35px;width:100%;\"><div class=\"fusion-separator-border sep-single\" style=\"border-color:#9ca1a6;border-top-width:1px;\"><\/div><\/div><div class=\"fusion-text fusion-text-5\"><form action=\"https:\/\/www.airchecklab.com\/contact\/contact-us\/\" method=\"post\" name=\"K6088Form\">\n<p>En Trace Analytics, LLC, AirCheck\u2713 Lab &#x2122;, tenemos el kit adecuado para cualquiera de sus necesidades de prueba de aire comprimido y gas. Las muestras obtenidas se env\u00edan al laboratorio acreditado por A2LA de Trace, el AirCheck\u2713 Lab &#x2122;, para un an\u00e1lisis r\u00e1pido. Despu\u00e9s del an\u00e1lisis, los informes se env\u00edan por correo electr\u00f3nico a los contactos autorizados que usted designe. Elija uno de nuestros kits l\u00edderes en la industria a continuaci\u00f3n:<\/p>\n<ul>\n<li><span style=\"color: var(--body_typography-color); font-family: var(--body_typography-font-family); font-size: var(--body_typography-font-size); font-style: var(--body_typography-font-style,normal); letter-spacing: var(--body_typography-letter-spacing);\">K810: el AirCheck\u2713 Kit &#x2122; para part\u00edculas, agua y aceite<\/span><\/li>\n<li><span style=\"color: var(--body_typography-color); font-family: var(--body_typography-font-family); font-size: var(--body_typography-font-size); font-style: var(--body_typography-font-style,normal); letter-spacing: var(--body_typography-letter-spacing);\">K811: el AirCheck\u2713 Kit &#x2122; para gases, part\u00edculas, agua y aceite<\/span><\/li>\n<li><span style=\"color: var(--body_typography-color); font-family: var(--body_typography-font-family); font-size: var(--body_typography-font-size); font-style: var(--body_typography-font-style,normal); letter-spacing: var(--body_typography-letter-spacing);\">KX00: el AirCheck\u2713 Kit &#x2122; para microorganismos<\/span><\/li>\n<\/ul>\n<p style=\"text-align: center;\">\u00bfNecesita tomar muestras, pero no quiere comprar un kit? El <span class=\"aircheck\">AirCheck <span class=\"tracecheck\">\u2713<\/span> Kit &#x2122; K810<\/span> tambi\u00e9n est\u00e1 disponible para alquiler. <a href=\"https:\/\/www.airchecklab.com\/products\/aircheck-kits\/manufacturing-critical-air-iso-8573\/#\">Solicite informaci\u00f3n de alquiler de K810<\/a> .<\/p>\n<\/form>\n<form action=\"https:\/\/www.airchecklab.com\/contact\/contact-us\/\" method=\"post\" name=\"K6088Form\">\n<p style=\"text-align: center;\"><i>\u00bfNecesita m\u00e1s medios de muestreo? Utilice nuestra p\u00e1gina de <a href=\"https:\/\/www.airchecklab.com\/es\/recursos\/reabastecimientos\/\">reabastecimiento<\/a> f\u00e1cil para pedir suministros r\u00e1pidamente.<\/i><\/p>\n<\/form>\n<\/div><\/div><\/div><\/div><\/div>\n","protected":false},"excerpt":{"rendered":"","protected":false},"author":1,"featured_media":22202,"parent":22403,"menu_order":0,"comment_status":"closed","ping_status":"open","template":"","meta":{"content-type":""},"yoast_head":"<!-- This site is optimized with the Yoast SEO Premium plugin v20.0 (Yoast SEO v20.0) - https:\/\/yoast.com\/wordpress\/plugins\/seo\/ -->\n<title>K810 P: W: O Kit de prueba - Trace Analytics, the AirCheck Lab<\/title>\n<meta name=\"description\" content=\"Pruebas de aire comprimido seg\u00fan ISO 8573, SQF, BRC, aire de grado alimenticio o sus especificaciones personalizadas. Utilice el kit K810 AirCheck de Trace.\" \/>\n<meta name=\"robots\" content=\"index, follow, max-snippet:-1, max-image-preview:large, max-video-preview:-1\" \/>\n<link rel=\"canonical\" href=\"https:\/\/www.airchecklab.com\/es\/kits-aircheck%e2%9c%93\/k810-p-w-o-kit-de-prueba\/\" \/>\n<meta property=\"og:locale\" content=\"es_ES\" \/>\n<meta property=\"og:type\" content=\"article\" \/>\n<meta property=\"og:title\" content=\"K810 P: W: O Kit de prueba\" \/>\n<meta property=\"og:description\" content=\"Pruebas de aire comprimido seg\u00fan ISO 8573, SQF, BRC, aire de grado alimenticio o sus especificaciones personalizadas. Utilice el kit K810 AirCheck de Trace.\" \/>\n<meta property=\"og:url\" content=\"https:\/\/www.airchecklab.com\/es\/kits-aircheck%e2%9c%93\/k810-p-w-o-kit-de-prueba\/\" \/>\n<meta property=\"og:site_name\" content=\"Trace Analytics, the AirCheck Lab\" \/>\n<meta property=\"article:modified_time\" content=\"2024-04-24T20:43:51+00:00\" \/>\n<meta property=\"og:image\" content=\"https:\/\/www.airchecklab.com\/wp-content\/uploads\/2021\/12\/k810-scaled.jpg\" \/>\n\t<meta property=\"og:image:width\" content=\"2560\" \/>\n\t<meta property=\"og:image:height\" content=\"1707\" \/>\n\t<meta property=\"og:image:type\" content=\"image\/jpeg\" \/>\n<meta name=\"twitter:card\" content=\"summary_large_image\" \/>\n<meta name=\"twitter:label1\" content=\"Tiempo de lectura\" \/>\n\t<meta name=\"twitter:data1\" content=\"6 minutos\" \/>\n<script type=\"application\/ld+json\" class=\"yoast-schema-graph\">{\"@context\":\"https:\/\/schema.org\",\"@graph\":[{\"@type\":\"WebPage\",\"@id\":\"https:\/\/www.airchecklab.com\/es\/kits-aircheck%e2%9c%93\/k810-p-w-o-kit-de-prueba\/\",\"url\":\"https:\/\/www.airchecklab.com\/es\/kits-aircheck%e2%9c%93\/k810-p-w-o-kit-de-prueba\/\",\"name\":\"K810 P: W: O Kit de prueba - Trace Analytics, the AirCheck Lab\",\"isPartOf\":{\"@id\":\"\/#website\"},\"datePublished\":\"2021-12-27T16:09:45+00:00\",\"dateModified\":\"2024-04-24T20:43:51+00:00\",\"description\":\"Pruebas de aire comprimido seg\u00fan ISO 8573, SQF, BRC, aire de grado alimenticio o sus especificaciones personalizadas. Utilice el kit K810 AirCheck de Trace.\",\"breadcrumb\":{\"@id\":\"https:\/\/www.airchecklab.com\/es\/kits-aircheck%e2%9c%93\/k810-p-w-o-kit-de-prueba\/#breadcrumb\"},\"inLanguage\":\"es\",\"potentialAction\":[{\"@type\":\"ReadAction\",\"target\":[\"https:\/\/www.airchecklab.com\/es\/kits-aircheck%e2%9c%93\/k810-p-w-o-kit-de-prueba\/\"]}]},{\"@type\":\"BreadcrumbList\",\"@id\":\"https:\/\/www.airchecklab.com\/es\/kits-aircheck%e2%9c%93\/k810-p-w-o-kit-de-prueba\/#breadcrumb\",\"itemListElement\":[{\"@type\":\"ListItem\",\"position\":1,\"name\":\"Home\",\"item\":\"https:\/\/www.airchecklab.com\/es\/analisis-de-seguimiento-pruebas-ambientales-y-de-aire-comprimido\/\"},{\"@type\":\"ListItem\",\"position\":2,\"name\":\"Kits AirCheck\u2713\",\"item\":\"https:\/\/www.airchecklab.com\/es\/kits-aircheck%e2%9c%93\/\"},{\"@type\":\"ListItem\",\"position\":3,\"name\":\"K810 P: W: O Kit de prueba\"}]},{\"@type\":\"WebSite\",\"@id\":\"\/#website\",\"url\":\"\/\",\"name\":\"Trace Analytics, the AirCheck Lab\",\"description\":\"Compressed Air Testing for ISO 8573, Microbial, SQF, Breathing Air\",\"publisher\":{\"@id\":\"\/#organization\"},\"potentialAction\":[{\"@type\":\"SearchAction\",\"target\":{\"@type\":\"EntryPoint\",\"urlTemplate\":\"\/?s={search_term_string}\"},\"query-input\":\"required name=search_term_string\"}],\"inLanguage\":\"es\"},{\"@type\":\"Organization\",\"@id\":\"\/#organization\",\"name\":\"Trace Analytics, LLC\",\"url\":\"\/\",\"logo\":{\"@type\":\"ImageObject\",\"inLanguage\":\"es\",\"@id\":\"\/#\/schema\/logo\/image\/\",\"url\":\"https:\/\/www.airchecklab.com\/wp-content\/uploads\/2021\/08\/Blue-01.png\",\"contentUrl\":\"https:\/\/www.airchecklab.com\/wp-content\/uploads\/2021\/08\/Blue-01.png\",\"width\":1600,\"height\":301,\"caption\":\"Trace Analytics, LLC\"},\"image\":{\"@id\":\"\/#\/schema\/logo\/image\/\"}}]}<\/script>\n<!-- \/ Yoast SEO Premium plugin. -->","yoast_head_json":{"title":"K810 P: W: O Kit de prueba - Trace Analytics, the AirCheck Lab","description":"Pruebas de aire comprimido seg\u00fan ISO 8573, SQF, BRC, aire de grado alimenticio o sus especificaciones personalizadas. Utilice el kit K810 AirCheck de Trace.","robots":{"index":"index","follow":"follow","max-snippet":"max-snippet:-1","max-image-preview":"max-image-preview:large","max-video-preview":"max-video-preview:-1"},"canonical":"https:\/\/www.airchecklab.com\/es\/kits-aircheck%e2%9c%93\/k810-p-w-o-kit-de-prueba\/","og_locale":"es_ES","og_type":"article","og_title":"K810 P: W: O Kit de prueba","og_description":"Pruebas de aire comprimido seg\u00fan ISO 8573, SQF, BRC, aire de grado alimenticio o sus especificaciones personalizadas. Utilice el kit K810 AirCheck de Trace.","og_url":"https:\/\/www.airchecklab.com\/es\/kits-aircheck%e2%9c%93\/k810-p-w-o-kit-de-prueba\/","og_site_name":"Trace Analytics, the AirCheck Lab","article_modified_time":"2024-04-24T20:43:51+00:00","og_image":[{"width":2560,"height":1707,"url":"https:\/\/www.airchecklab.com\/wp-content\/uploads\/2021\/12\/k810-scaled.jpg","type":"image\/jpeg"}],"twitter_card":"summary_large_image","twitter_misc":{"Tiempo de lectura":"6 minutos"},"schema":{"@context":"https:\/\/schema.org","@graph":[{"@type":"WebPage","@id":"https:\/\/www.airchecklab.com\/es\/kits-aircheck%e2%9c%93\/k810-p-w-o-kit-de-prueba\/","url":"https:\/\/www.airchecklab.com\/es\/kits-aircheck%e2%9c%93\/k810-p-w-o-kit-de-prueba\/","name":"K810 P: W: O Kit de prueba - Trace Analytics, the AirCheck Lab","isPartOf":{"@id":"\/#website"},"datePublished":"2021-12-27T16:09:45+00:00","dateModified":"2024-04-24T20:43:51+00:00","description":"Pruebas de aire comprimido seg\u00fan ISO 8573, SQF, BRC, aire de grado alimenticio o sus especificaciones personalizadas. Utilice el kit K810 AirCheck de Trace.","breadcrumb":{"@id":"https:\/\/www.airchecklab.com\/es\/kits-aircheck%e2%9c%93\/k810-p-w-o-kit-de-prueba\/#breadcrumb"},"inLanguage":"es","potentialAction":[{"@type":"ReadAction","target":["https:\/\/www.airchecklab.com\/es\/kits-aircheck%e2%9c%93\/k810-p-w-o-kit-de-prueba\/"]}]},{"@type":"BreadcrumbList","@id":"https:\/\/www.airchecklab.com\/es\/kits-aircheck%e2%9c%93\/k810-p-w-o-kit-de-prueba\/#breadcrumb","itemListElement":[{"@type":"ListItem","position":1,"name":"Home","item":"https:\/\/www.airchecklab.com\/es\/analisis-de-seguimiento-pruebas-ambientales-y-de-aire-comprimido\/"},{"@type":"ListItem","position":2,"name":"Kits AirCheck\u2713","item":"https:\/\/www.airchecklab.com\/es\/kits-aircheck%e2%9c%93\/"},{"@type":"ListItem","position":3,"name":"K810 P: W: O Kit de prueba"}]},{"@type":"WebSite","@id":"\/#website","url":"\/","name":"Trace Analytics, the AirCheck Lab","description":"Compressed Air Testing for ISO 8573, Microbial, SQF, Breathing Air","publisher":{"@id":"\/#organization"},"potentialAction":[{"@type":"SearchAction","target":{"@type":"EntryPoint","urlTemplate":"\/?s={search_term_string}"},"query-input":"required name=search_term_string"}],"inLanguage":"es"},{"@type":"Organization","@id":"\/#organization","name":"Trace Analytics, LLC","url":"\/","logo":{"@type":"ImageObject","inLanguage":"es","@id":"\/#\/schema\/logo\/image\/","url":"https:\/\/www.airchecklab.com\/wp-content\/uploads\/2021\/08\/Blue-01.png","contentUrl":"https:\/\/www.airchecklab.com\/wp-content\/uploads\/2021\/08\/Blue-01.png","width":1600,"height":301,"caption":"Trace Analytics, LLC"},"image":{"@id":"\/#\/schema\/logo\/image\/"}}]}},"_links":{"self":[{"href":"https:\/\/www.airchecklab.com\/es\/wp-json\/wp\/v2\/pages\/22422"}],"collection":[{"href":"https:\/\/www.airchecklab.com\/es\/wp-json\/wp\/v2\/pages"}],"about":[{"href":"https:\/\/www.airchecklab.com\/es\/wp-json\/wp\/v2\/types\/page"}],"author":[{"embeddable":true,"href":"https:\/\/www.airchecklab.com\/es\/wp-json\/wp\/v2\/users\/1"}],"replies":[{"embeddable":true,"href":"https:\/\/www.airchecklab.com\/es\/wp-json\/wp\/v2\/comments?post=22422"}],"version-history":[{"count":23,"href":"https:\/\/www.airchecklab.com\/es\/wp-json\/wp\/v2\/pages\/22422\/revisions"}],"predecessor-version":[{"id":29231,"href":"https:\/\/www.airchecklab.com\/es\/wp-json\/wp\/v2\/pages\/22422\/revisions\/29231"}],"up":[{"embeddable":true,"href":"https:\/\/www.airchecklab.com\/es\/wp-json\/wp\/v2\/pages\/22403"}],"wp:featuredmedia":[{"embeddable":true,"href":"https:\/\/www.airchecklab.com\/es\/wp-json\/wp\/v2\/media\/22202"}],"wp:attachment":[{"href":"https:\/\/www.airchecklab.com\/es\/wp-json\/wp\/v2\/media?parent=22422"}],"curies":[{"name":"wp","href":"https:\/\/api.w.org\/{rel}","templated":true}]}}