{"id":22436,"date":"2021-12-27T10:09:47","date_gmt":"2021-12-27T16:09:47","guid":{"rendered":"https:\/\/dev.airchecklab.com\/kits-aircheck%e2%9c%93\/kit-de-prueba-de-gases-medicinales-k6099\/"},"modified":"2024-04-24T14:43:27","modified_gmt":"2024-04-24T20:43:27","slug":"kit-de-prueba-de-gases-medicinales-k6099","status":"publish","type":"page","link":"https:\/\/www.airchecklab.com\/es\/kits-aircheck%e2%9c%93\/kit-de-prueba-de-gases-medicinales-k6099\/","title":{"rendered":"Kit de prueba de gases medicinales K6099"},"content":{"rendered":"<div class=\"fusion-fullwidth fullwidth-box fusion-builder-row-1 fusion-flex-container nonhundred-percent-fullwidth non-hundred-percent-height-scrolling\" style=\"--awb-border-radius-top-left:0px;--awb-border-radius-top-right:0px;--awb-border-radius-bottom-right:0px;--awb-border-radius-bottom-left:0px;--awb-padding-top:35px;\" ><div class=\"fusion-builder-row fusion-row fusion-flex-align-items-flex-start\" style=\"max-width:1227.2px;margin-left: calc(-4% \/ 2 );margin-right: calc(-4% \/ 2 );\"><div class=\"fusion-layout-column fusion_builder_column fusion-builder-column-0 fusion_builder_column_1_2 1_2 fusion-flex-column\" style=\"--awb-bg-size:cover;--awb-width-large:50%;--awb-margin-top-large:0px;--awb-spacing-right-large:3.84%;--awb-margin-bottom-large:0px;--awb-spacing-left-large:3.84%;--awb-width-medium:100%;--awb-spacing-right-medium:1.92%;--awb-spacing-left-medium:1.92%;--awb-width-small:100%;--awb-spacing-right-small:1.92%;--awb-spacing-left-small:1.92%;\"><div class=\"fusion-column-wrapper fusion-flex-justify-content-flex-start fusion-content-layout-column\"><div class=\"fusion-image-element \"><span class=\" fusion-imageframe imageframe-none imageframe-1 hover-type-none\"><img decoding=\"async\" width=\"1024\" height=\"683\" alt=\"K810 Compressed Air Kit for ISO 8573 Testing\" title=\"k6099\" src=\"https:\/\/www.airchecklab.com\/wp-content\/uploads\/2021\/12\/k6099-1-scaled.jpg\" data-orig-src=\"https:\/\/www.airchecklab.com\/wp-content\/uploads\/2021\/12\/k6099-1-1024x683.jpg\" class=\"lazyload img-responsive wp-image-22199\" srcset=\"data:image\/svg+xml,%3Csvg%20xmlns%3D%27http%3A%2F%2Fwww.w3.org%2F2000%2Fsvg%27%20width%3D%272560%27%20height%3D%271707%27%20viewBox%3D%270%200%202560%201707%27%3E%3Crect%20width%3D%272560%27%20height%3D%271707%27%20fill-opacity%3D%220%22%2F%3E%3C%2Fsvg%3E\" data-srcset=\"https:\/\/www.airchecklab.com\/wp-content\/uploads\/2021\/12\/k6099-1-200x133.jpg 200w, https:\/\/www.airchecklab.com\/wp-content\/uploads\/2021\/12\/k6099-1-400x267.jpg 400w, https:\/\/www.airchecklab.com\/wp-content\/uploads\/2021\/12\/k6099-1-600x400.jpg 600w, https:\/\/www.airchecklab.com\/wp-content\/uploads\/2021\/12\/k6099-1-800x533.jpg 800w, https:\/\/www.airchecklab.com\/wp-content\/uploads\/2021\/12\/k6099-1-1200x800.jpg 1200w\" data-sizes=\"auto\" data-orig-sizes=\"(max-width: 1000px) 100vw, (max-width: 640px) 100vw, 600px\" \/><\/span><\/div><div class=\"fusion-text fusion-text-1\" style=\"--awb-line-height:2;\"><\/div><\/div><\/div><div class=\"fusion-layout-column fusion_builder_column fusion-builder-column-1 fusion_builder_column_1_2 1_2 fusion-flex-column fusion-flex-align-self-flex-start\" style=\"--awb-bg-size:cover;--awb-width-large:50%;--awb-margin-top-large:-35px;--awb-spacing-right-large:3.84%;--awb-spacing-left-large:3.84%;--awb-width-medium:100%;--awb-order-medium:0;--awb-spacing-right-medium:1.92%;--awb-spacing-left-medium:1.92%;--awb-width-small:100%;--awb-order-small:0;--awb-spacing-right-small:1.92%;--awb-spacing-left-small:1.92%;\"><div class=\"fusion-column-wrapper fusion-column-has-shadow fusion-flex-justify-content-flex-start fusion-content-layout-column\"><div class=\"fusion-text fusion-text-2\"><h2 data-fontsize=\"44\" data-lineheight=\"46.20000076293945px\" class=\"fusion-responsive-typography-calculated\" style=\"--fontSize: 44; line-height: 1.05;\">K6099 &#8211; AirCheck\u2713 Kit &#x2122; para gases medicinales<\/h2>\n<\/div><div class=\"fusion-separator fusion-full-width-sep\" style=\"align-self: center;margin-left: auto;margin-right: auto;margin-bottom:15px;width:100%;\"><div class=\"fusion-separator-border sep-single\" style=\"border-color:#9ca1a6;border-top-width:1px;\"><\/div><\/div><div class=\"fusion-text fusion-text-3\"><p>Muestra de acuerdo con NFPA 99, USP O2, CGA Grado D o E, OSHA, pureza del aire m\u00e9dico, concentraci\u00f3n de gas m\u00e9dico para N2, O2 y N2O, pruebas de pureza y part\u00edculas de tuber\u00edas, aire m\u00e9dico USP y m\u00e1s. Si no ve el tipo de prueba necesaria en la lista, comun\u00edquese con nosotros para obtener informaci\u00f3n adicional.<\/p>\n<\/div><div class=\"fusion-separator fusion-full-width-sep\" style=\"align-self: center;margin-left: auto;margin-right: auto;margin-bottom:15px;width:100%;\"><div class=\"fusion-separator-border sep-single\" style=\"border-color:#9ca1a6;border-top-width:1px;\"><\/div><\/div><div class=\"fusion-text fusion-text-4\"><p>El hardware f\u00e1cil de usar incluye todos los suministros necesarios para un an\u00e1lisis certificado:<\/p>\n<ul>\n<li><span style=\"color: var(--body_typography-color); font-family: var(--body_typography-font-family); font-size: var(--body_typography-font-size); font-style: var(--body_typography-font-style,normal); letter-spacing: var(--body_typography-letter-spacing);\">Medidor de corriente<\/span><\/li>\n<li><span style=\"color: var(--body_typography-color); font-family: var(--body_typography-font-family); font-size: var(--body_typography-font-size); font-style: var(--body_typography-font-style,normal); letter-spacing: var(--body_typography-letter-spacing);\">Adaptador NPT de \u00bc &#8220;<\/span><\/li>\n<li><span style=\"color: var(--body_typography-color); font-family: var(--body_typography-font-family); font-size: var(--body_typography-font-size); font-style: var(--body_typography-font-style,normal); letter-spacing: var(--body_typography-letter-spacing);\">Portabotellas roscado de dos piezas<\/span><\/li>\n<li><span style=\"color: var(--body_typography-color); font-family: var(--body_typography-font-family); font-size: var(--body_typography-font-size); font-style: var(--body_typography-font-style,normal); letter-spacing: var(--body_typography-letter-spacing);\">(2) Agujas de repuesto para portabotellas<\/span><\/li>\n<li><span style=\"color: var(--body_typography-color); font-family: var(--body_typography-font-family); font-size: var(--body_typography-font-size); font-style: var(--body_typography-font-style,normal); letter-spacing: var(--body_typography-letter-spacing);\">Herramienta de reemplazo de agujas<\/span><\/li>\n<li><span style=\"color: var(--body_typography-color); font-family: var(--body_typography-font-family); font-size: var(--body_typography-font-size); font-style: var(--body_typography-font-style,normal); letter-spacing: var(--body_typography-letter-spacing);\">Limpiador de agujas<\/span><\/li>\n<li><span style=\"color: var(--body_typography-color); font-family: var(--body_typography-font-family); font-size: var(--body_typography-font-size); font-style: var(--body_typography-font-style,normal); letter-spacing: var(--body_typography-letter-spacing);\">Tuber\u00eda<\/span><\/li>\n<li><span style=\"color: var(--body_typography-color); font-family: var(--body_typography-font-family); font-size: var(--body_typography-font-size); font-style: var(--body_typography-font-style,normal); letter-spacing: var(--body_typography-letter-spacing);\">Junta t\u00f3rica de repuesto<\/span><\/li>\n<li><span style=\"color: var(--body_typography-color); font-family: var(--body_typography-font-family); font-size: var(--body_typography-font-size); font-style: var(--body_typography-font-style,normal); letter-spacing: var(--body_typography-letter-spacing);\">Racor roscado para casete de 47 mm<\/span><\/li>\n<li><span style=\"color: var(--body_typography-color); font-family: var(--body_typography-font-family); font-size: var(--body_typography-font-size); font-style: var(--body_typography-font-style,normal); letter-spacing: var(--body_typography-letter-spacing);\">Bolsa de transporte<\/span><\/li>\n<\/ul>\n<\/div><div ><a class=\"fusion-button button-flat fusion-button-default-size button-default fusion-button-default button-1 fusion-button-default-span fusion-button-default-type\" style=\"--button_margin-bottom:15px;width:calc(100%);\" target=\"_self\" href=\"https:\/\/www.airchecklab.com\/es\/contacto\/contactenos\/\"><span class=\"fusion-button-text\">Solicitar presupuesto<\/span><\/a><\/div><div class=\"fusion-text fusion-text-5\" style=\"--awb-line-height:1;\"><p><span><em>El <span class=\"aircheck\">AirCheck <span class=\"tracecheck\">\u2713<\/span> Kit &#x2122; K6099<\/span> requiere personalizaci\u00f3n antes de la compra: el n\u00famero y la frecuencia de las muestras, el hardware y los accesorios necesarios, y las especificaciones de prueba.<\/em><\/span><\/p>\n<\/div><\/div><\/div><div class=\"fusion-layout-column fusion_builder_column fusion-builder-column-2 fusion_builder_column_1_1 1_1 fusion-flex-column\" style=\"--awb-bg-size:cover;--awb-width-large:100%;--awb-spacing-right-large:1.92%;--awb-spacing-left-large:1.92%;--awb-width-medium:100%;--awb-order-medium:0;--awb-spacing-right-medium:1.92%;--awb-spacing-left-medium:1.92%;--awb-width-small:100%;--awb-order-small:0;--awb-spacing-right-small:1.92%;--awb-spacing-left-small:1.92%;\"><div class=\"fusion-column-wrapper fusion-column-has-shadow fusion-flex-justify-content-flex-start fusion-content-layout-column\"><div class=\"fusion-separator fusion-full-width-sep\" style=\"align-self: center;margin-left: auto;margin-right: auto;margin-bottom:35px;width:100%;\"><div class=\"fusion-separator-border sep-single\" style=\"border-color:#9ca1a6;border-top-width:1px;\"><\/div><\/div><div class=\"fusion-text fusion-text-6\" style=\"--awb-line-height:1;\"><form action=\"https:\/\/www.airchecklab.com\/contact\/contact-us\/\" method=\"post\" name=\"K6088Form\">\n<p style=\"text-align: center;\">\u00bfNecesita tomar muestras, pero no quiere comprar un kit? El <span class=\"aircheck\">AirCheck <span class=\"tracecheck\">\u2713<\/span> Kit &#x2122; K6099<\/span> tambi\u00e9n est\u00e1 disponible para alquiler.<\/p>\n<p style=\"text-align: center;\"><i>\u00bfNecesita m\u00e1s medios de muestreo? Utilice nuestra p\u00e1gina de <a href=\"https:\/\/www.airchecklab.com\/products\/restocks\">reabastecimiento<\/a> f\u00e1cil para pedir suministros r\u00e1pidamente.<\/i><\/p>\n<\/form>\n<\/div><\/div><\/div><\/div><\/div>\n","protected":false},"excerpt":{"rendered":"","protected":false},"author":1,"featured_media":0,"parent":22403,"menu_order":0,"comment_status":"closed","ping_status":"closed","template":"","meta":{"content-type":""},"yoast_head":"<!-- This site is optimized with the Yoast SEO Premium plugin v20.0 (Yoast SEO v20.0) - https:\/\/yoast.com\/wordpress\/plugins\/seo\/ -->\n<title>Kit de prueba de gases medicinales K6099 - Trace Analytics, the AirCheck Lab<\/title>\n<meta name=\"description\" content=\"Pruebas de gases medicinales para instalaciones sanitarias - Equipo de prueba de gases medicinales f\u00e1cil de usar - An\u00e1lisis de laboratorio acreditado por A2LA\" \/>\n<meta name=\"robots\" content=\"index, follow, max-snippet:-1, max-image-preview:large, max-video-preview:-1\" \/>\n<link rel=\"canonical\" href=\"https:\/\/www.airchecklab.com\/es\/kits-aircheck%e2%9c%93\/kit-de-prueba-de-gases-medicinales-k6099\/\" \/>\n<meta property=\"og:locale\" content=\"es_ES\" \/>\n<meta property=\"og:type\" content=\"article\" \/>\n<meta property=\"og:title\" content=\"Kit de prueba de gases medicinales K6099\" \/>\n<meta property=\"og:description\" content=\"Pruebas de gases medicinales para instalaciones sanitarias - Equipo de prueba de gases medicinales f\u00e1cil de usar - An\u00e1lisis de laboratorio acreditado por A2LA\" \/>\n<meta property=\"og:url\" content=\"https:\/\/www.airchecklab.com\/es\/kits-aircheck%e2%9c%93\/kit-de-prueba-de-gases-medicinales-k6099\/\" \/>\n<meta property=\"og:site_name\" content=\"Trace Analytics, the AirCheck Lab\" \/>\n<meta property=\"article:modified_time\" content=\"2024-04-24T20:43:27+00:00\" \/>\n<meta name=\"twitter:card\" content=\"summary_large_image\" \/>\n<meta name=\"twitter:label1\" content=\"Tiempo de lectura\" \/>\n\t<meta name=\"twitter:data1\" content=\"5 minutos\" \/>\n<script type=\"application\/ld+json\" class=\"yoast-schema-graph\">{\"@context\":\"https:\/\/schema.org\",\"@graph\":[{\"@type\":\"WebPage\",\"@id\":\"https:\/\/www.airchecklab.com\/es\/kits-aircheck%e2%9c%93\/kit-de-prueba-de-gases-medicinales-k6099\/\",\"url\":\"https:\/\/www.airchecklab.com\/es\/kits-aircheck%e2%9c%93\/kit-de-prueba-de-gases-medicinales-k6099\/\",\"name\":\"Kit de prueba de gases medicinales K6099 - Trace Analytics, the AirCheck Lab\",\"isPartOf\":{\"@id\":\"\/#website\"},\"datePublished\":\"2021-12-27T16:09:47+00:00\",\"dateModified\":\"2024-04-24T20:43:27+00:00\",\"description\":\"Pruebas de gases medicinales para instalaciones sanitarias - Equipo de prueba de gases medicinales f\u00e1cil de usar - An\u00e1lisis de laboratorio acreditado por A2LA\",\"breadcrumb\":{\"@id\":\"https:\/\/www.airchecklab.com\/es\/kits-aircheck%e2%9c%93\/kit-de-prueba-de-gases-medicinales-k6099\/#breadcrumb\"},\"inLanguage\":\"es\",\"potentialAction\":[{\"@type\":\"ReadAction\",\"target\":[\"https:\/\/www.airchecklab.com\/es\/kits-aircheck%e2%9c%93\/kit-de-prueba-de-gases-medicinales-k6099\/\"]}]},{\"@type\":\"BreadcrumbList\",\"@id\":\"https:\/\/www.airchecklab.com\/es\/kits-aircheck%e2%9c%93\/kit-de-prueba-de-gases-medicinales-k6099\/#breadcrumb\",\"itemListElement\":[{\"@type\":\"ListItem\",\"position\":1,\"name\":\"Home\",\"item\":\"https:\/\/www.airchecklab.com\/es\/analisis-de-seguimiento-pruebas-ambientales-y-de-aire-comprimido\/\"},{\"@type\":\"ListItem\",\"position\":2,\"name\":\"Kits AirCheck\u2713\",\"item\":\"https:\/\/www.airchecklab.com\/es\/kits-aircheck%e2%9c%93\/\"},{\"@type\":\"ListItem\",\"position\":3,\"name\":\"Kit de prueba de gases medicinales K6099\"}]},{\"@type\":\"WebSite\",\"@id\":\"\/#website\",\"url\":\"\/\",\"name\":\"Trace Analytics, the AirCheck Lab\",\"description\":\"Compressed Air Testing for ISO 8573, Microbial, SQF, Breathing Air\",\"publisher\":{\"@id\":\"\/#organization\"},\"potentialAction\":[{\"@type\":\"SearchAction\",\"target\":{\"@type\":\"EntryPoint\",\"urlTemplate\":\"\/?s={search_term_string}\"},\"query-input\":\"required name=search_term_string\"}],\"inLanguage\":\"es\"},{\"@type\":\"Organization\",\"@id\":\"\/#organization\",\"name\":\"Trace Analytics, LLC\",\"url\":\"\/\",\"logo\":{\"@type\":\"ImageObject\",\"inLanguage\":\"es\",\"@id\":\"\/#\/schema\/logo\/image\/\",\"url\":\"https:\/\/www.airchecklab.com\/wp-content\/uploads\/2021\/08\/Blue-01.png\",\"contentUrl\":\"https:\/\/www.airchecklab.com\/wp-content\/uploads\/2021\/08\/Blue-01.png\",\"width\":1600,\"height\":301,\"caption\":\"Trace Analytics, LLC\"},\"image\":{\"@id\":\"\/#\/schema\/logo\/image\/\"}}]}<\/script>\n<!-- \/ Yoast SEO Premium plugin. -->","yoast_head_json":{"title":"Kit de prueba de gases medicinales K6099 - Trace Analytics, the AirCheck Lab","description":"Pruebas de gases medicinales para instalaciones sanitarias - Equipo de prueba de gases medicinales f\u00e1cil de usar - An\u00e1lisis de laboratorio acreditado por A2LA","robots":{"index":"index","follow":"follow","max-snippet":"max-snippet:-1","max-image-preview":"max-image-preview:large","max-video-preview":"max-video-preview:-1"},"canonical":"https:\/\/www.airchecklab.com\/es\/kits-aircheck%e2%9c%93\/kit-de-prueba-de-gases-medicinales-k6099\/","og_locale":"es_ES","og_type":"article","og_title":"Kit de prueba de gases medicinales K6099","og_description":"Pruebas de gases medicinales para instalaciones sanitarias - Equipo de prueba de gases medicinales f\u00e1cil de usar - An\u00e1lisis de laboratorio acreditado por A2LA","og_url":"https:\/\/www.airchecklab.com\/es\/kits-aircheck%e2%9c%93\/kit-de-prueba-de-gases-medicinales-k6099\/","og_site_name":"Trace Analytics, the AirCheck Lab","article_modified_time":"2024-04-24T20:43:27+00:00","twitter_card":"summary_large_image","twitter_misc":{"Tiempo de lectura":"5 minutos"},"schema":{"@context":"https:\/\/schema.org","@graph":[{"@type":"WebPage","@id":"https:\/\/www.airchecklab.com\/es\/kits-aircheck%e2%9c%93\/kit-de-prueba-de-gases-medicinales-k6099\/","url":"https:\/\/www.airchecklab.com\/es\/kits-aircheck%e2%9c%93\/kit-de-prueba-de-gases-medicinales-k6099\/","name":"Kit de prueba de gases medicinales K6099 - Trace Analytics, the AirCheck Lab","isPartOf":{"@id":"\/#website"},"datePublished":"2021-12-27T16:09:47+00:00","dateModified":"2024-04-24T20:43:27+00:00","description":"Pruebas de gases medicinales para instalaciones sanitarias - Equipo de prueba de gases medicinales f\u00e1cil de usar - An\u00e1lisis de laboratorio acreditado por A2LA","breadcrumb":{"@id":"https:\/\/www.airchecklab.com\/es\/kits-aircheck%e2%9c%93\/kit-de-prueba-de-gases-medicinales-k6099\/#breadcrumb"},"inLanguage":"es","potentialAction":[{"@type":"ReadAction","target":["https:\/\/www.airchecklab.com\/es\/kits-aircheck%e2%9c%93\/kit-de-prueba-de-gases-medicinales-k6099\/"]}]},{"@type":"BreadcrumbList","@id":"https:\/\/www.airchecklab.com\/es\/kits-aircheck%e2%9c%93\/kit-de-prueba-de-gases-medicinales-k6099\/#breadcrumb","itemListElement":[{"@type":"ListItem","position":1,"name":"Home","item":"https:\/\/www.airchecklab.com\/es\/analisis-de-seguimiento-pruebas-ambientales-y-de-aire-comprimido\/"},{"@type":"ListItem","position":2,"name":"Kits AirCheck\u2713","item":"https:\/\/www.airchecklab.com\/es\/kits-aircheck%e2%9c%93\/"},{"@type":"ListItem","position":3,"name":"Kit de prueba de gases medicinales K6099"}]},{"@type":"WebSite","@id":"\/#website","url":"\/","name":"Trace Analytics, the AirCheck Lab","description":"Compressed Air Testing for ISO 8573, Microbial, SQF, Breathing Air","publisher":{"@id":"\/#organization"},"potentialAction":[{"@type":"SearchAction","target":{"@type":"EntryPoint","urlTemplate":"\/?s={search_term_string}"},"query-input":"required name=search_term_string"}],"inLanguage":"es"},{"@type":"Organization","@id":"\/#organization","name":"Trace Analytics, LLC","url":"\/","logo":{"@type":"ImageObject","inLanguage":"es","@id":"\/#\/schema\/logo\/image\/","url":"https:\/\/www.airchecklab.com\/wp-content\/uploads\/2021\/08\/Blue-01.png","contentUrl":"https:\/\/www.airchecklab.com\/wp-content\/uploads\/2021\/08\/Blue-01.png","width":1600,"height":301,"caption":"Trace Analytics, LLC"},"image":{"@id":"\/#\/schema\/logo\/image\/"}}]}},"_links":{"self":[{"href":"https:\/\/www.airchecklab.com\/es\/wp-json\/wp\/v2\/pages\/22436"}],"collection":[{"href":"https:\/\/www.airchecklab.com\/es\/wp-json\/wp\/v2\/pages"}],"about":[{"href":"https:\/\/www.airchecklab.com\/es\/wp-json\/wp\/v2\/types\/page"}],"author":[{"embeddable":true,"href":"https:\/\/www.airchecklab.com\/es\/wp-json\/wp\/v2\/users\/1"}],"replies":[{"embeddable":true,"href":"https:\/\/www.airchecklab.com\/es\/wp-json\/wp\/v2\/comments?post=22436"}],"version-history":[{"count":8,"href":"https:\/\/www.airchecklab.com\/es\/wp-json\/wp\/v2\/pages\/22436\/revisions"}],"predecessor-version":[{"id":29224,"href":"https:\/\/www.airchecklab.com\/es\/wp-json\/wp\/v2\/pages\/22436\/revisions\/29224"}],"up":[{"embeddable":true,"href":"https:\/\/www.airchecklab.com\/es\/wp-json\/wp\/v2\/pages\/22403"}],"wp:attachment":[{"href":"https:\/\/www.airchecklab.com\/es\/wp-json\/wp\/v2\/media?parent=22436"}],"curies":[{"name":"wp","href":"https:\/\/api.w.org\/{rel}","templated":true}]}}