{"id":22520,"date":"2021-12-27T10:10:08","date_gmt":"2021-12-27T16:10:08","guid":{"rendered":"https:\/\/dev.airchecklab.com\/biblioteca-de-documentacion-alimentaria\/manual-de-la-kpsii\/"},"modified":"2021-12-27T10:10:08","modified_gmt":"2021-12-27T16:10:08","slug":"manual-de-la-kpsii","status":"publish","type":"page","link":"https:\/\/www.airchecklab.com\/es\/biblioteca-de-documentacion-alimentaria\/manual-de-la-kpsii\/","title":{"rendered":"Manual de la KPSII"},"content":{"rendered":"<h2>Instrucciones del muestreador microbiano Pinnochio Super II<\/h2>\n<p>El muestreador de gas microbiol\u00f3gico &#8220;Pinocchio Super II&#8221; es un instrumento port\u00e1til para determinar el nivel de contaminantes microbiol\u00f3gicos existentes en el gas comprimido de una operaci\u00f3n de fabricaci\u00f3n as\u00e9ptica.<\/p>\n<p>[DisplayPDF pdf=&#8221;Pinocchio-Super-II-Microbial-Impaction-Sampler-Instructions.pdf&#8221; description=&#8221;Pinocchio Super II Microbial Impaction Sampler Manual&#8221;]<br \/>\n[ShowSiblings]<\/p>\n","protected":false},"excerpt":{"rendered":"<p>Instrucciones del muestreador microbiano Pinnochio Super II El muestreador de gas microbiol\u00f3gico &#8220;Pinocchio Super II&#8221; es un instrumento port\u00e1til para determinar el nivel de contaminantes microbiol\u00f3gicos existentes en el gas comprimido de una operaci\u00f3n de fabricaci\u00f3n as\u00e9ptica. [DisplayPDF pdf=&#8221;Pinocchio-Super-II-Microbial-Impaction-Sampler-Instructions.pdf&#8221; description=&#8221;Pinocchio Super II Microbial Impaction Sampler Manual&#8221;] [ShowSiblings]<\/p>\n","protected":false},"author":1,"featured_media":0,"parent":22491,"menu_order":0,"comment_status":"closed","ping_status":"open","template":"index.php","meta":{"content-type":""},"yoast_head":"<!-- This site is optimized with the Yoast SEO Premium plugin v20.0 (Yoast SEO v20.0) - https:\/\/yoast.com\/wordpress\/plugins\/seo\/ -->\n<title>Manual de la KPSII - Trace Analytics, the AirCheck Lab<\/title>\n<meta name=\"description\" content=\"Este manual describe las pruebas microbiol\u00f3gicas de aire o gas comprimido. Tambi\u00e9n tenemos un video de esta prueba microbiana de aire comprimido en la Academia AirCheck.\" \/>\n<meta name=\"robots\" content=\"index, follow, max-snippet:-1, max-image-preview:large, max-video-preview:-1\" \/>\n<link rel=\"canonical\" href=\"https:\/\/www.airchecklab.com\/es\/biblioteca-de-documentacion-alimentaria\/manual-de-la-kpsii\/\" \/>\n<meta property=\"og:locale\" content=\"es_ES\" \/>\n<meta property=\"og:type\" content=\"article\" \/>\n<meta property=\"og:title\" content=\"Manual de la KPSII\" \/>\n<meta property=\"og:description\" content=\"Este manual describe las pruebas microbiol\u00f3gicas de aire o gas comprimido. Tambi\u00e9n tenemos un video de esta prueba microbiana de aire comprimido en la Academia AirCheck.\" \/>\n<meta property=\"og:url\" content=\"https:\/\/www.airchecklab.com\/es\/biblioteca-de-documentacion-alimentaria\/manual-de-la-kpsii\/\" \/>\n<meta property=\"og:site_name\" content=\"Trace Analytics, the AirCheck Lab\" \/>\n<meta name=\"twitter:card\" content=\"summary_large_image\" \/>\n<script type=\"application\/ld+json\" class=\"yoast-schema-graph\">{\"@context\":\"https:\/\/schema.org\",\"@graph\":[{\"@type\":\"WebPage\",\"@id\":\"https:\/\/www.airchecklab.com\/es\/biblioteca-de-documentacion-alimentaria\/manual-de-la-kpsii\/\",\"url\":\"https:\/\/www.airchecklab.com\/es\/biblioteca-de-documentacion-alimentaria\/manual-de-la-kpsii\/\",\"name\":\"Manual de la KPSII - Trace Analytics, the AirCheck Lab\",\"isPartOf\":{\"@id\":\"\/#website\"},\"datePublished\":\"2021-12-27T16:10:08+00:00\",\"dateModified\":\"2021-12-27T16:10:08+00:00\",\"description\":\"Este manual describe las pruebas microbiol\u00f3gicas de aire o gas comprimido. Tambi\u00e9n tenemos un video de esta prueba microbiana de aire comprimido en la Academia AirCheck.\",\"breadcrumb\":{\"@id\":\"https:\/\/www.airchecklab.com\/es\/biblioteca-de-documentacion-alimentaria\/manual-de-la-kpsii\/#breadcrumb\"},\"inLanguage\":\"es\",\"potentialAction\":[{\"@type\":\"ReadAction\",\"target\":[\"https:\/\/www.airchecklab.com\/es\/biblioteca-de-documentacion-alimentaria\/manual-de-la-kpsii\/\"]}]},{\"@type\":\"BreadcrumbList\",\"@id\":\"https:\/\/www.airchecklab.com\/es\/biblioteca-de-documentacion-alimentaria\/manual-de-la-kpsii\/#breadcrumb\",\"itemListElement\":[{\"@type\":\"ListItem\",\"position\":1,\"name\":\"Home\",\"item\":\"https:\/\/www.airchecklab.com\/es\/analisis-de-seguimiento-pruebas-ambientales-y-de-aire-comprimido\/\"},{\"@type\":\"ListItem\",\"position\":2,\"name\":\"Biblioteca de documentaci\u00f3n alimentaria\",\"item\":\"https:\/\/www.airchecklab.com\/es\/biblioteca-de-documentacion-alimentaria\/\"},{\"@type\":\"ListItem\",\"position\":3,\"name\":\"Manual de la KPSII\"}]},{\"@type\":\"WebSite\",\"@id\":\"\/#website\",\"url\":\"\/\",\"name\":\"Trace Analytics, the AirCheck Lab\",\"description\":\"Compressed Air Testing for ISO 8573, Microbial, SQF, Breathing Air\",\"publisher\":{\"@id\":\"\/#organization\"},\"potentialAction\":[{\"@type\":\"SearchAction\",\"target\":{\"@type\":\"EntryPoint\",\"urlTemplate\":\"\/?s={search_term_string}\"},\"query-input\":\"required name=search_term_string\"}],\"inLanguage\":\"es\"},{\"@type\":\"Organization\",\"@id\":\"\/#organization\",\"name\":\"Trace Analytics, LLC\",\"url\":\"\/\",\"logo\":{\"@type\":\"ImageObject\",\"inLanguage\":\"es\",\"@id\":\"\/#\/schema\/logo\/image\/\",\"url\":\"https:\/\/www.airchecklab.com\/wp-content\/uploads\/2021\/08\/Blue-01.png\",\"contentUrl\":\"https:\/\/www.airchecklab.com\/wp-content\/uploads\/2021\/08\/Blue-01.png\",\"width\":1600,\"height\":301,\"caption\":\"Trace Analytics, LLC\"},\"image\":{\"@id\":\"\/#\/schema\/logo\/image\/\"}}]}<\/script>\n<!-- \/ Yoast SEO Premium plugin. -->","yoast_head_json":{"title":"Manual de la KPSII - Trace Analytics, the AirCheck Lab","description":"Este manual describe las pruebas microbiol\u00f3gicas de aire o gas comprimido. Tambi\u00e9n tenemos un video de esta prueba microbiana de aire comprimido en la Academia AirCheck.","robots":{"index":"index","follow":"follow","max-snippet":"max-snippet:-1","max-image-preview":"max-image-preview:large","max-video-preview":"max-video-preview:-1"},"canonical":"https:\/\/www.airchecklab.com\/es\/biblioteca-de-documentacion-alimentaria\/manual-de-la-kpsii\/","og_locale":"es_ES","og_type":"article","og_title":"Manual de la KPSII","og_description":"Este manual describe las pruebas microbiol\u00f3gicas de aire o gas comprimido. Tambi\u00e9n tenemos un video de esta prueba microbiana de aire comprimido en la Academia AirCheck.","og_url":"https:\/\/www.airchecklab.com\/es\/biblioteca-de-documentacion-alimentaria\/manual-de-la-kpsii\/","og_site_name":"Trace Analytics, the AirCheck Lab","twitter_card":"summary_large_image","schema":{"@context":"https:\/\/schema.org","@graph":[{"@type":"WebPage","@id":"https:\/\/www.airchecklab.com\/es\/biblioteca-de-documentacion-alimentaria\/manual-de-la-kpsii\/","url":"https:\/\/www.airchecklab.com\/es\/biblioteca-de-documentacion-alimentaria\/manual-de-la-kpsii\/","name":"Manual de la KPSII - Trace Analytics, the AirCheck Lab","isPartOf":{"@id":"\/#website"},"datePublished":"2021-12-27T16:10:08+00:00","dateModified":"2021-12-27T16:10:08+00:00","description":"Este manual describe las pruebas microbiol\u00f3gicas de aire o gas comprimido. Tambi\u00e9n tenemos un video de esta prueba microbiana de aire comprimido en la Academia AirCheck.","breadcrumb":{"@id":"https:\/\/www.airchecklab.com\/es\/biblioteca-de-documentacion-alimentaria\/manual-de-la-kpsii\/#breadcrumb"},"inLanguage":"es","potentialAction":[{"@type":"ReadAction","target":["https:\/\/www.airchecklab.com\/es\/biblioteca-de-documentacion-alimentaria\/manual-de-la-kpsii\/"]}]},{"@type":"BreadcrumbList","@id":"https:\/\/www.airchecklab.com\/es\/biblioteca-de-documentacion-alimentaria\/manual-de-la-kpsii\/#breadcrumb","itemListElement":[{"@type":"ListItem","position":1,"name":"Home","item":"https:\/\/www.airchecklab.com\/es\/analisis-de-seguimiento-pruebas-ambientales-y-de-aire-comprimido\/"},{"@type":"ListItem","position":2,"name":"Biblioteca de documentaci\u00f3n alimentaria","item":"https:\/\/www.airchecklab.com\/es\/biblioteca-de-documentacion-alimentaria\/"},{"@type":"ListItem","position":3,"name":"Manual de la KPSII"}]},{"@type":"WebSite","@id":"\/#website","url":"\/","name":"Trace Analytics, the AirCheck Lab","description":"Compressed Air Testing for ISO 8573, Microbial, SQF, Breathing Air","publisher":{"@id":"\/#organization"},"potentialAction":[{"@type":"SearchAction","target":{"@type":"EntryPoint","urlTemplate":"\/?s={search_term_string}"},"query-input":"required name=search_term_string"}],"inLanguage":"es"},{"@type":"Organization","@id":"\/#organization","name":"Trace Analytics, LLC","url":"\/","logo":{"@type":"ImageObject","inLanguage":"es","@id":"\/#\/schema\/logo\/image\/","url":"https:\/\/www.airchecklab.com\/wp-content\/uploads\/2021\/08\/Blue-01.png","contentUrl":"https:\/\/www.airchecklab.com\/wp-content\/uploads\/2021\/08\/Blue-01.png","width":1600,"height":301,"caption":"Trace Analytics, LLC"},"image":{"@id":"\/#\/schema\/logo\/image\/"}}]}},"_links":{"self":[{"href":"https:\/\/www.airchecklab.com\/es\/wp-json\/wp\/v2\/pages\/22520"}],"collection":[{"href":"https:\/\/www.airchecklab.com\/es\/wp-json\/wp\/v2\/pages"}],"about":[{"href":"https:\/\/www.airchecklab.com\/es\/wp-json\/wp\/v2\/types\/page"}],"author":[{"embeddable":true,"href":"https:\/\/www.airchecklab.com\/es\/wp-json\/wp\/v2\/users\/1"}],"replies":[{"embeddable":true,"href":"https:\/\/www.airchecklab.com\/es\/wp-json\/wp\/v2\/comments?post=22520"}],"version-history":[{"count":0,"href":"https:\/\/www.airchecklab.com\/es\/wp-json\/wp\/v2\/pages\/22520\/revisions"}],"up":[{"embeddable":true,"href":"https:\/\/www.airchecklab.com\/es\/wp-json\/wp\/v2\/pages\/22491"}],"wp:attachment":[{"href":"https:\/\/www.airchecklab.com\/es\/wp-json\/wp\/v2\/media?parent=22520"}],"curies":[{"name":"wp","href":"https:\/\/api.w.org\/{rel}","templated":true}]}}