{"id":22549,"date":"2021-12-27T10:10:18","date_gmt":"2021-12-27T16:10:18","guid":{"rendered":"https:\/\/dev.airchecklab.com\/academia-aircheck%e2%9c%93\/videos-de-pruebas-de-aire-comprimido\/muestreo-microbiologico-de-aire-comprimido-segun-iso-8573-7-video\/"},"modified":"2021-12-27T10:10:18","modified_gmt":"2021-12-27T16:10:18","slug":"muestreo-microbiologico-de-aire-comprimido-segun-iso-8573-7-video","status":"publish","type":"page","link":"https:\/\/www.airchecklab.com\/es\/academia-aircheck%e2%9c%93\/videos-de-pruebas-de-aire-comprimido\/muestreo-microbiologico-de-aire-comprimido-segun-iso-8573-7-video\/","title":{"rendered":"Muestreo microbiol\u00f3gico de aire comprimido seg\u00fan ISO 8573-7 Video"},"content":{"rendered":"<p>En este video, lo guiaremos a trav\u00e9s de cada paso para tomar muestras microbiol\u00f3gicas de aire comprimido con el muestreador microbiol\u00f3gico KPSII. Luego, las muestras se env\u00edan al micro laboratorio donde se incuban y las unidades formadoras de colonias se cuentan, si est\u00e1n presentes. A continuaci\u00f3n, se puede realizar una tinci\u00f3n de Gram y una identificaci\u00f3n adicional seg\u00fan sea necesario. Trace Analytics, LLC es el l\u00edder de la industria en pruebas de aire comprimido. Nuestros kits y muestreadores AirCheck hacen que las pruebas de aire comprimido para aire respirable, ISO 8573, SQF o sus especificaciones personalizadas sean una tarea sencilla.<\/p>\n<h2>Muestreo microbiol\u00f3gico de aire comprimido seg\u00fan ISO 8573-7<\/h2>\n<p>[video_youtube video_id=&#8221;WX2vnywqhBg&#8221; width=&#8221;460&#8243; height=&#8221;259&#8243; noyoutube=&#8221;\/resources\/videos\/ISO-8573-7-Microbial-Compressed-Air-Sampling.mov&#8221; title=&#8221;Microbiological Compressed Air Sampling per ISO 8573-7&#8243;]<br \/>\n[ShowAllSiblings title=&#8221;Compressed Air Testing Videos:&#8221;]<\/p>\n","protected":false},"excerpt":{"rendered":"<p>En este video, lo guiaremos a trav\u00e9s de cada paso para tomar muestras microbiol\u00f3gicas de aire comprimido con el muestreador microbiol\u00f3gico KPSII. Luego, las muestras se env\u00edan al micro laboratorio donde se incuban y las unidades formadoras de colonias se cuentan, si est\u00e1n presentes. A continuaci\u00f3n, se puede realizar una tinci\u00f3n de Gram y una identificaci\u00f3n adicional seg\u00fan sea necesario. Trace Analytics, LLC es el l\u00edder de la industria en pruebas de aire comprimido. Nuestros kits y muestreadores AirCheck hacen [&hellip;]<\/p>\n","protected":false},"author":1,"featured_media":0,"parent":22354,"menu_order":0,"comment_status":"closed","ping_status":"closed","template":"index.php","meta":{"content-type":""},"yoast_head":"<!-- This site is optimized with the Yoast SEO Premium plugin v20.0 (Yoast SEO v20.0) - https:\/\/yoast.com\/wordpress\/plugins\/seo\/ -->\n<title>Muestreo microbiol\u00f3gico de aire comprimido seg\u00fan ISO 8573-7 Video - Trace Analytics, the AirCheck Lab<\/title>\n<meta name=\"robots\" content=\"index, follow, max-snippet:-1, max-image-preview:large, max-video-preview:-1\" \/>\n<link rel=\"canonical\" href=\"https:\/\/www.airchecklab.com\/es\/academia-aircheck%e2%9c%93\/videos-de-pruebas-de-aire-comprimido\/muestreo-microbiologico-de-aire-comprimido-segun-iso-8573-7-video\/\" \/>\n<meta property=\"og:locale\" content=\"es_ES\" \/>\n<meta property=\"og:type\" content=\"article\" \/>\n<meta property=\"og:title\" content=\"Muestreo microbiol\u00f3gico de aire comprimido seg\u00fan ISO 8573-7 Video\" \/>\n<meta property=\"og:description\" content=\"En este video, lo guiaremos a trav\u00e9s de cada paso para tomar muestras microbiol\u00f3gicas de aire comprimido con el muestreador microbiol\u00f3gico KPSII. Luego, las muestras se env\u00edan al micro laboratorio donde se incuban y las unidades formadoras de colonias se cuentan, si est\u00e1n presentes. A continuaci\u00f3n, se puede realizar una tinci\u00f3n de Gram y una identificaci\u00f3n adicional seg\u00fan sea necesario. Trace Analytics, LLC es el l\u00edder de la industria en pruebas de aire comprimido. Nuestros kits y muestreadores AirCheck hacen [&hellip;]\" \/>\n<meta property=\"og:url\" content=\"https:\/\/www.airchecklab.com\/es\/academia-aircheck%e2%9c%93\/videos-de-pruebas-de-aire-comprimido\/muestreo-microbiologico-de-aire-comprimido-segun-iso-8573-7-video\/\" \/>\n<meta property=\"og:site_name\" content=\"Trace Analytics, the AirCheck Lab\" \/>\n<meta name=\"twitter:card\" content=\"summary_large_image\" \/>\n<meta name=\"twitter:label1\" content=\"Tiempo de lectura\" \/>\n\t<meta name=\"twitter:data1\" content=\"1 minuto\" \/>\n<script type=\"application\/ld+json\" class=\"yoast-schema-graph\">{\"@context\":\"https:\/\/schema.org\",\"@graph\":[{\"@type\":\"WebPage\",\"@id\":\"https:\/\/www.airchecklab.com\/es\/academia-aircheck%e2%9c%93\/videos-de-pruebas-de-aire-comprimido\/muestreo-microbiologico-de-aire-comprimido-segun-iso-8573-7-video\/\",\"url\":\"https:\/\/www.airchecklab.com\/es\/academia-aircheck%e2%9c%93\/videos-de-pruebas-de-aire-comprimido\/muestreo-microbiologico-de-aire-comprimido-segun-iso-8573-7-video\/\",\"name\":\"Muestreo microbiol\u00f3gico de aire comprimido seg\u00fan ISO 8573-7 Video - Trace Analytics, the AirCheck Lab\",\"isPartOf\":{\"@id\":\"\/#website\"},\"datePublished\":\"2021-12-27T16:10:18+00:00\",\"dateModified\":\"2021-12-27T16:10:18+00:00\",\"breadcrumb\":{\"@id\":\"https:\/\/www.airchecklab.com\/es\/academia-aircheck%e2%9c%93\/videos-de-pruebas-de-aire-comprimido\/muestreo-microbiologico-de-aire-comprimido-segun-iso-8573-7-video\/#breadcrumb\"},\"inLanguage\":\"es\",\"potentialAction\":[{\"@type\":\"ReadAction\",\"target\":[\"https:\/\/www.airchecklab.com\/es\/academia-aircheck%e2%9c%93\/videos-de-pruebas-de-aire-comprimido\/muestreo-microbiologico-de-aire-comprimido-segun-iso-8573-7-video\/\"]}]},{\"@type\":\"BreadcrumbList\",\"@id\":\"https:\/\/www.airchecklab.com\/es\/academia-aircheck%e2%9c%93\/videos-de-pruebas-de-aire-comprimido\/muestreo-microbiologico-de-aire-comprimido-segun-iso-8573-7-video\/#breadcrumb\",\"itemListElement\":[{\"@type\":\"ListItem\",\"position\":1,\"name\":\"Home\",\"item\":\"https:\/\/www.airchecklab.com\/es\/analisis-de-seguimiento-pruebas-ambientales-y-de-aire-comprimido\/\"},{\"@type\":\"ListItem\",\"position\":2,\"name\":\"Academia AirCheck\u2713\",\"item\":\"https:\/\/www.airchecklab.com\/es\/academia-aircheck%e2%9c%93\/\"},{\"@type\":\"ListItem\",\"position\":3,\"name\":\"Videos de pruebas de aire comprimido\",\"item\":\"https:\/\/www.airchecklab.com\/es\/academia-aircheck%e2%9c%93\/videos-de-pruebas-de-aire-comprimido\/\"},{\"@type\":\"ListItem\",\"position\":4,\"name\":\"Muestreo microbiol\u00f3gico de aire comprimido seg\u00fan ISO 8573-7 Video\"}]},{\"@type\":\"WebSite\",\"@id\":\"\/#website\",\"url\":\"\/\",\"name\":\"Trace Analytics, the AirCheck Lab\",\"description\":\"Compressed Air Testing for ISO 8573, Microbial, SQF, Breathing Air\",\"publisher\":{\"@id\":\"\/#organization\"},\"potentialAction\":[{\"@type\":\"SearchAction\",\"target\":{\"@type\":\"EntryPoint\",\"urlTemplate\":\"\/?s={search_term_string}\"},\"query-input\":\"required name=search_term_string\"}],\"inLanguage\":\"es\"},{\"@type\":\"Organization\",\"@id\":\"\/#organization\",\"name\":\"Trace Analytics, LLC\",\"url\":\"\/\",\"logo\":{\"@type\":\"ImageObject\",\"inLanguage\":\"es\",\"@id\":\"\/#\/schema\/logo\/image\/\",\"url\":\"https:\/\/www.airchecklab.com\/wp-content\/uploads\/2021\/08\/Blue-01.png\",\"contentUrl\":\"https:\/\/www.airchecklab.com\/wp-content\/uploads\/2021\/08\/Blue-01.png\",\"width\":1600,\"height\":301,\"caption\":\"Trace Analytics, LLC\"},\"image\":{\"@id\":\"\/#\/schema\/logo\/image\/\"}}]}<\/script>\n<!-- \/ Yoast SEO Premium plugin. -->","yoast_head_json":{"title":"Muestreo microbiol\u00f3gico de aire comprimido seg\u00fan ISO 8573-7 Video - Trace Analytics, the AirCheck Lab","robots":{"index":"index","follow":"follow","max-snippet":"max-snippet:-1","max-image-preview":"max-image-preview:large","max-video-preview":"max-video-preview:-1"},"canonical":"https:\/\/www.airchecklab.com\/es\/academia-aircheck%e2%9c%93\/videos-de-pruebas-de-aire-comprimido\/muestreo-microbiologico-de-aire-comprimido-segun-iso-8573-7-video\/","og_locale":"es_ES","og_type":"article","og_title":"Muestreo microbiol\u00f3gico de aire comprimido seg\u00fan ISO 8573-7 Video","og_description":"En este video, lo guiaremos a trav\u00e9s de cada paso para tomar muestras microbiol\u00f3gicas de aire comprimido con el muestreador microbiol\u00f3gico KPSII. Luego, las muestras se env\u00edan al micro laboratorio donde se incuban y las unidades formadoras de colonias se cuentan, si est\u00e1n presentes. A continuaci\u00f3n, se puede realizar una tinci\u00f3n de Gram y una identificaci\u00f3n adicional seg\u00fan sea necesario. Trace Analytics, LLC es el l\u00edder de la industria en pruebas de aire comprimido. Nuestros kits y muestreadores AirCheck hacen [&hellip;]","og_url":"https:\/\/www.airchecklab.com\/es\/academia-aircheck%e2%9c%93\/videos-de-pruebas-de-aire-comprimido\/muestreo-microbiologico-de-aire-comprimido-segun-iso-8573-7-video\/","og_site_name":"Trace Analytics, the AirCheck Lab","twitter_card":"summary_large_image","twitter_misc":{"Tiempo de lectura":"1 minuto"},"schema":{"@context":"https:\/\/schema.org","@graph":[{"@type":"WebPage","@id":"https:\/\/www.airchecklab.com\/es\/academia-aircheck%e2%9c%93\/videos-de-pruebas-de-aire-comprimido\/muestreo-microbiologico-de-aire-comprimido-segun-iso-8573-7-video\/","url":"https:\/\/www.airchecklab.com\/es\/academia-aircheck%e2%9c%93\/videos-de-pruebas-de-aire-comprimido\/muestreo-microbiologico-de-aire-comprimido-segun-iso-8573-7-video\/","name":"Muestreo microbiol\u00f3gico de aire comprimido seg\u00fan ISO 8573-7 Video - Trace Analytics, the AirCheck Lab","isPartOf":{"@id":"\/#website"},"datePublished":"2021-12-27T16:10:18+00:00","dateModified":"2021-12-27T16:10:18+00:00","breadcrumb":{"@id":"https:\/\/www.airchecklab.com\/es\/academia-aircheck%e2%9c%93\/videos-de-pruebas-de-aire-comprimido\/muestreo-microbiologico-de-aire-comprimido-segun-iso-8573-7-video\/#breadcrumb"},"inLanguage":"es","potentialAction":[{"@type":"ReadAction","target":["https:\/\/www.airchecklab.com\/es\/academia-aircheck%e2%9c%93\/videos-de-pruebas-de-aire-comprimido\/muestreo-microbiologico-de-aire-comprimido-segun-iso-8573-7-video\/"]}]},{"@type":"BreadcrumbList","@id":"https:\/\/www.airchecklab.com\/es\/academia-aircheck%e2%9c%93\/videos-de-pruebas-de-aire-comprimido\/muestreo-microbiologico-de-aire-comprimido-segun-iso-8573-7-video\/#breadcrumb","itemListElement":[{"@type":"ListItem","position":1,"name":"Home","item":"https:\/\/www.airchecklab.com\/es\/analisis-de-seguimiento-pruebas-ambientales-y-de-aire-comprimido\/"},{"@type":"ListItem","position":2,"name":"Academia AirCheck\u2713","item":"https:\/\/www.airchecklab.com\/es\/academia-aircheck%e2%9c%93\/"},{"@type":"ListItem","position":3,"name":"Videos de pruebas de aire comprimido","item":"https:\/\/www.airchecklab.com\/es\/academia-aircheck%e2%9c%93\/videos-de-pruebas-de-aire-comprimido\/"},{"@type":"ListItem","position":4,"name":"Muestreo microbiol\u00f3gico de aire comprimido seg\u00fan ISO 8573-7 Video"}]},{"@type":"WebSite","@id":"\/#website","url":"\/","name":"Trace Analytics, the AirCheck Lab","description":"Compressed Air Testing for ISO 8573, Microbial, SQF, Breathing Air","publisher":{"@id":"\/#organization"},"potentialAction":[{"@type":"SearchAction","target":{"@type":"EntryPoint","urlTemplate":"\/?s={search_term_string}"},"query-input":"required name=search_term_string"}],"inLanguage":"es"},{"@type":"Organization","@id":"\/#organization","name":"Trace Analytics, LLC","url":"\/","logo":{"@type":"ImageObject","inLanguage":"es","@id":"\/#\/schema\/logo\/image\/","url":"https:\/\/www.airchecklab.com\/wp-content\/uploads\/2021\/08\/Blue-01.png","contentUrl":"https:\/\/www.airchecklab.com\/wp-content\/uploads\/2021\/08\/Blue-01.png","width":1600,"height":301,"caption":"Trace Analytics, LLC"},"image":{"@id":"\/#\/schema\/logo\/image\/"}}]}},"_links":{"self":[{"href":"https:\/\/www.airchecklab.com\/es\/wp-json\/wp\/v2\/pages\/22549"}],"collection":[{"href":"https:\/\/www.airchecklab.com\/es\/wp-json\/wp\/v2\/pages"}],"about":[{"href":"https:\/\/www.airchecklab.com\/es\/wp-json\/wp\/v2\/types\/page"}],"author":[{"embeddable":true,"href":"https:\/\/www.airchecklab.com\/es\/wp-json\/wp\/v2\/users\/1"}],"replies":[{"embeddable":true,"href":"https:\/\/www.airchecklab.com\/es\/wp-json\/wp\/v2\/comments?post=22549"}],"version-history":[{"count":0,"href":"https:\/\/www.airchecklab.com\/es\/wp-json\/wp\/v2\/pages\/22549\/revisions"}],"up":[{"embeddable":true,"href":"https:\/\/www.airchecklab.com\/es\/wp-json\/wp\/v2\/pages\/22354"}],"wp:attachment":[{"href":"https:\/\/www.airchecklab.com\/es\/wp-json\/wp\/v2\/media?parent=22549"}],"curies":[{"name":"wp","href":"https:\/\/api.w.org\/{rel}","templated":true}]}}