{"id":22555,"date":"2021-12-27T10:10:19","date_gmt":"2021-12-27T16:10:19","guid":{"rendered":"https:\/\/dev.airchecklab.com\/academia-aircheck%e2%9c%93\/videos-de-pruebas-de-aire-comprimido\/video-instructivo-de-muestreo-de-aire-comprimido-iso-8573-1\/"},"modified":"2021-12-27T10:10:19","modified_gmt":"2021-12-27T16:10:19","slug":"video-instructivo-de-muestreo-de-aire-comprimido-iso-8573-1","status":"publish","type":"page","link":"https:\/\/www.airchecklab.com\/es\/academia-aircheck%e2%9c%93\/videos-de-pruebas-de-aire-comprimido\/video-instructivo-de-muestreo-de-aire-comprimido-iso-8573-1\/","title":{"rendered":"Video instructivo de muestreo de aire comprimido ISO 8573-1"},"content":{"rendered":"<p>Este video lo gu\u00eda paso a paso a trav\u00e9s del proceso de muestreo para el <a href=\"https:\/\/www.airchecklab.com\/aircheck-kits\/k810\/\">kit de prueba de aire comprimido AirCheck K8573NB<\/a> . ISO 8573-1 o el muestreo de part\u00edculas, agua y aceite nunca ha sido tan f\u00e1cil con nuestras computadoras port\u00e1tiles AirCheck paso a paso y videos en l\u00ednea. P\u00f3ngase en contacto con el equipo de expertos para sus necesidades de pruebas de calidad del aire comprimido. Nuestro laboratorio acreditado por A2LA se enorgullece de brindar servicios a clientes de todo el mundo desde 1989.<\/p>\n<h2>Video instructivo de muestreo de aire comprimido ISO 8573-1<\/h2>\n<p>[video_youtube video_id=&#8221;B1RwwXw1uEI&#8221; width=&#8221;460&#8243; height=&#8221;259&#8243; noyoutube=&#8221;\/resources\/videos\/K8573NB-Instructional-Video.mov&#8221; title=&#8221;ISO 8573-1 Compressed Air Sampling Instructional Video&#8221;]<br \/>\n[ShowAllSiblings title=&#8221;Compressed Air Testing Videos:&#8221;]<\/p>\n","protected":false},"excerpt":{"rendered":"<p>Este video lo gu\u00eda paso a paso a trav\u00e9s del proceso de muestreo para el kit de prueba de aire comprimido AirCheck K8573NB . ISO 8573-1 o el muestreo de part\u00edculas, agua y aceite nunca ha sido tan f\u00e1cil con nuestras computadoras port\u00e1tiles AirCheck paso a paso y videos en l\u00ednea. P\u00f3ngase en contacto con el equipo de expertos para sus necesidades de pruebas de calidad del aire comprimido. Nuestro laboratorio acreditado por A2LA se enorgullece de brindar servicios a [&hellip;]<\/p>\n","protected":false},"author":1,"featured_media":0,"parent":22354,"menu_order":0,"comment_status":"closed","ping_status":"closed","template":"index.php","meta":{"content-type":""},"yoast_head":"<!-- This site is optimized with the Yoast SEO Premium plugin v20.0 (Yoast SEO v20.0) - https:\/\/yoast.com\/wordpress\/plugins\/seo\/ -->\n<title>Video instructivo de muestreo de aire comprimido ISO 8573-1 - Trace Analytics, the AirCheck Lab<\/title>\n<meta name=\"robots\" content=\"index, follow, max-snippet:-1, max-image-preview:large, max-video-preview:-1\" \/>\n<link rel=\"canonical\" href=\"https:\/\/www.airchecklab.com\/es\/academia-aircheck%e2%9c%93\/videos-de-pruebas-de-aire-comprimido\/video-instructivo-de-muestreo-de-aire-comprimido-iso-8573-1\/\" \/>\n<meta property=\"og:locale\" content=\"es_ES\" \/>\n<meta property=\"og:type\" content=\"article\" \/>\n<meta property=\"og:title\" content=\"Video instructivo de muestreo de aire comprimido ISO 8573-1\" \/>\n<meta property=\"og:description\" content=\"Este video lo gu\u00eda paso a paso a trav\u00e9s del proceso de muestreo para el kit de prueba de aire comprimido AirCheck K8573NB . ISO 8573-1 o el muestreo de part\u00edculas, agua y aceite nunca ha sido tan f\u00e1cil con nuestras computadoras port\u00e1tiles AirCheck paso a paso y videos en l\u00ednea. P\u00f3ngase en contacto con el equipo de expertos para sus necesidades de pruebas de calidad del aire comprimido. Nuestro laboratorio acreditado por A2LA se enorgullece de brindar servicios a [&hellip;]\" \/>\n<meta property=\"og:url\" content=\"https:\/\/www.airchecklab.com\/es\/academia-aircheck%e2%9c%93\/videos-de-pruebas-de-aire-comprimido\/video-instructivo-de-muestreo-de-aire-comprimido-iso-8573-1\/\" \/>\n<meta property=\"og:site_name\" content=\"Trace Analytics, the AirCheck Lab\" \/>\n<meta name=\"twitter:card\" content=\"summary_large_image\" \/>\n<meta name=\"twitter:label1\" content=\"Tiempo de lectura\" \/>\n\t<meta name=\"twitter:data1\" content=\"1 minuto\" \/>\n<script type=\"application\/ld+json\" class=\"yoast-schema-graph\">{\"@context\":\"https:\/\/schema.org\",\"@graph\":[{\"@type\":\"WebPage\",\"@id\":\"https:\/\/www.airchecklab.com\/es\/academia-aircheck%e2%9c%93\/videos-de-pruebas-de-aire-comprimido\/video-instructivo-de-muestreo-de-aire-comprimido-iso-8573-1\/\",\"url\":\"https:\/\/www.airchecklab.com\/es\/academia-aircheck%e2%9c%93\/videos-de-pruebas-de-aire-comprimido\/video-instructivo-de-muestreo-de-aire-comprimido-iso-8573-1\/\",\"name\":\"Video instructivo de muestreo de aire comprimido ISO 8573-1 - Trace Analytics, the AirCheck Lab\",\"isPartOf\":{\"@id\":\"\/#website\"},\"datePublished\":\"2021-12-27T16:10:19+00:00\",\"dateModified\":\"2021-12-27T16:10:19+00:00\",\"breadcrumb\":{\"@id\":\"https:\/\/www.airchecklab.com\/es\/academia-aircheck%e2%9c%93\/videos-de-pruebas-de-aire-comprimido\/video-instructivo-de-muestreo-de-aire-comprimido-iso-8573-1\/#breadcrumb\"},\"inLanguage\":\"es\",\"potentialAction\":[{\"@type\":\"ReadAction\",\"target\":[\"https:\/\/www.airchecklab.com\/es\/academia-aircheck%e2%9c%93\/videos-de-pruebas-de-aire-comprimido\/video-instructivo-de-muestreo-de-aire-comprimido-iso-8573-1\/\"]}]},{\"@type\":\"BreadcrumbList\",\"@id\":\"https:\/\/www.airchecklab.com\/es\/academia-aircheck%e2%9c%93\/videos-de-pruebas-de-aire-comprimido\/video-instructivo-de-muestreo-de-aire-comprimido-iso-8573-1\/#breadcrumb\",\"itemListElement\":[{\"@type\":\"ListItem\",\"position\":1,\"name\":\"Home\",\"item\":\"https:\/\/www.airchecklab.com\/es\/analisis-de-seguimiento-pruebas-ambientales-y-de-aire-comprimido\/\"},{\"@type\":\"ListItem\",\"position\":2,\"name\":\"Academia AirCheck\u2713\",\"item\":\"https:\/\/www.airchecklab.com\/es\/academia-aircheck%e2%9c%93\/\"},{\"@type\":\"ListItem\",\"position\":3,\"name\":\"Videos de pruebas de aire comprimido\",\"item\":\"https:\/\/www.airchecklab.com\/es\/academia-aircheck%e2%9c%93\/videos-de-pruebas-de-aire-comprimido\/\"},{\"@type\":\"ListItem\",\"position\":4,\"name\":\"Video instructivo de muestreo de aire comprimido ISO 8573-1\"}]},{\"@type\":\"WebSite\",\"@id\":\"\/#website\",\"url\":\"\/\",\"name\":\"Trace Analytics, the AirCheck Lab\",\"description\":\"Compressed Air Testing for ISO 8573, Microbial, SQF, Breathing Air\",\"publisher\":{\"@id\":\"\/#organization\"},\"potentialAction\":[{\"@type\":\"SearchAction\",\"target\":{\"@type\":\"EntryPoint\",\"urlTemplate\":\"\/?s={search_term_string}\"},\"query-input\":\"required name=search_term_string\"}],\"inLanguage\":\"es\"},{\"@type\":\"Organization\",\"@id\":\"\/#organization\",\"name\":\"Trace Analytics, LLC\",\"url\":\"\/\",\"logo\":{\"@type\":\"ImageObject\",\"inLanguage\":\"es\",\"@id\":\"\/#\/schema\/logo\/image\/\",\"url\":\"https:\/\/www.airchecklab.com\/wp-content\/uploads\/2021\/08\/Blue-01.png\",\"contentUrl\":\"https:\/\/www.airchecklab.com\/wp-content\/uploads\/2021\/08\/Blue-01.png\",\"width\":1600,\"height\":301,\"caption\":\"Trace Analytics, LLC\"},\"image\":{\"@id\":\"\/#\/schema\/logo\/image\/\"}}]}<\/script>\n<!-- \/ Yoast SEO Premium plugin. -->","yoast_head_json":{"title":"Video instructivo de muestreo de aire comprimido ISO 8573-1 - Trace Analytics, the AirCheck Lab","robots":{"index":"index","follow":"follow","max-snippet":"max-snippet:-1","max-image-preview":"max-image-preview:large","max-video-preview":"max-video-preview:-1"},"canonical":"https:\/\/www.airchecklab.com\/es\/academia-aircheck%e2%9c%93\/videos-de-pruebas-de-aire-comprimido\/video-instructivo-de-muestreo-de-aire-comprimido-iso-8573-1\/","og_locale":"es_ES","og_type":"article","og_title":"Video instructivo de muestreo de aire comprimido ISO 8573-1","og_description":"Este video lo gu\u00eda paso a paso a trav\u00e9s del proceso de muestreo para el kit de prueba de aire comprimido AirCheck K8573NB . ISO 8573-1 o el muestreo de part\u00edculas, agua y aceite nunca ha sido tan f\u00e1cil con nuestras computadoras port\u00e1tiles AirCheck paso a paso y videos en l\u00ednea. P\u00f3ngase en contacto con el equipo de expertos para sus necesidades de pruebas de calidad del aire comprimido. Nuestro laboratorio acreditado por A2LA se enorgullece de brindar servicios a [&hellip;]","og_url":"https:\/\/www.airchecklab.com\/es\/academia-aircheck%e2%9c%93\/videos-de-pruebas-de-aire-comprimido\/video-instructivo-de-muestreo-de-aire-comprimido-iso-8573-1\/","og_site_name":"Trace Analytics, the AirCheck Lab","twitter_card":"summary_large_image","twitter_misc":{"Tiempo de lectura":"1 minuto"},"schema":{"@context":"https:\/\/schema.org","@graph":[{"@type":"WebPage","@id":"https:\/\/www.airchecklab.com\/es\/academia-aircheck%e2%9c%93\/videos-de-pruebas-de-aire-comprimido\/video-instructivo-de-muestreo-de-aire-comprimido-iso-8573-1\/","url":"https:\/\/www.airchecklab.com\/es\/academia-aircheck%e2%9c%93\/videos-de-pruebas-de-aire-comprimido\/video-instructivo-de-muestreo-de-aire-comprimido-iso-8573-1\/","name":"Video instructivo de muestreo de aire comprimido ISO 8573-1 - Trace Analytics, the AirCheck Lab","isPartOf":{"@id":"\/#website"},"datePublished":"2021-12-27T16:10:19+00:00","dateModified":"2021-12-27T16:10:19+00:00","breadcrumb":{"@id":"https:\/\/www.airchecklab.com\/es\/academia-aircheck%e2%9c%93\/videos-de-pruebas-de-aire-comprimido\/video-instructivo-de-muestreo-de-aire-comprimido-iso-8573-1\/#breadcrumb"},"inLanguage":"es","potentialAction":[{"@type":"ReadAction","target":["https:\/\/www.airchecklab.com\/es\/academia-aircheck%e2%9c%93\/videos-de-pruebas-de-aire-comprimido\/video-instructivo-de-muestreo-de-aire-comprimido-iso-8573-1\/"]}]},{"@type":"BreadcrumbList","@id":"https:\/\/www.airchecklab.com\/es\/academia-aircheck%e2%9c%93\/videos-de-pruebas-de-aire-comprimido\/video-instructivo-de-muestreo-de-aire-comprimido-iso-8573-1\/#breadcrumb","itemListElement":[{"@type":"ListItem","position":1,"name":"Home","item":"https:\/\/www.airchecklab.com\/es\/analisis-de-seguimiento-pruebas-ambientales-y-de-aire-comprimido\/"},{"@type":"ListItem","position":2,"name":"Academia AirCheck\u2713","item":"https:\/\/www.airchecklab.com\/es\/academia-aircheck%e2%9c%93\/"},{"@type":"ListItem","position":3,"name":"Videos de pruebas de aire comprimido","item":"https:\/\/www.airchecklab.com\/es\/academia-aircheck%e2%9c%93\/videos-de-pruebas-de-aire-comprimido\/"},{"@type":"ListItem","position":4,"name":"Video instructivo de muestreo de aire comprimido ISO 8573-1"}]},{"@type":"WebSite","@id":"\/#website","url":"\/","name":"Trace Analytics, the AirCheck Lab","description":"Compressed Air Testing for ISO 8573, Microbial, SQF, Breathing Air","publisher":{"@id":"\/#organization"},"potentialAction":[{"@type":"SearchAction","target":{"@type":"EntryPoint","urlTemplate":"\/?s={search_term_string}"},"query-input":"required name=search_term_string"}],"inLanguage":"es"},{"@type":"Organization","@id":"\/#organization","name":"Trace Analytics, LLC","url":"\/","logo":{"@type":"ImageObject","inLanguage":"es","@id":"\/#\/schema\/logo\/image\/","url":"https:\/\/www.airchecklab.com\/wp-content\/uploads\/2021\/08\/Blue-01.png","contentUrl":"https:\/\/www.airchecklab.com\/wp-content\/uploads\/2021\/08\/Blue-01.png","width":1600,"height":301,"caption":"Trace Analytics, LLC"},"image":{"@id":"\/#\/schema\/logo\/image\/"}}]}},"_links":{"self":[{"href":"https:\/\/www.airchecklab.com\/es\/wp-json\/wp\/v2\/pages\/22555"}],"collection":[{"href":"https:\/\/www.airchecklab.com\/es\/wp-json\/wp\/v2\/pages"}],"about":[{"href":"https:\/\/www.airchecklab.com\/es\/wp-json\/wp\/v2\/types\/page"}],"author":[{"embeddable":true,"href":"https:\/\/www.airchecklab.com\/es\/wp-json\/wp\/v2\/users\/1"}],"replies":[{"embeddable":true,"href":"https:\/\/www.airchecklab.com\/es\/wp-json\/wp\/v2\/comments?post=22555"}],"version-history":[{"count":0,"href":"https:\/\/www.airchecklab.com\/es\/wp-json\/wp\/v2\/pages\/22555\/revisions"}],"up":[{"embeddable":true,"href":"https:\/\/www.airchecklab.com\/es\/wp-json\/wp\/v2\/pages\/22354"}],"wp:attachment":[{"href":"https:\/\/www.airchecklab.com\/es\/wp-json\/wp\/v2\/media?parent=22555"}],"curies":[{"name":"wp","href":"https:\/\/api.w.org\/{rel}","templated":true}]}}