{"id":22556,"date":"2021-12-27T10:10:19","date_gmt":"2021-12-27T16:10:19","guid":{"rendered":"https:\/\/dev.airchecklab.com\/promociones\/prueba-de-aire-comprimido-ifsqn\/"},"modified":"2022-01-14T09:56:35","modified_gmt":"2022-01-14T15:56:35","slug":"prueba-de-aire-comprimido-ifsqn","status":"publish","type":"page","link":"https:\/\/www.airchecklab.com\/es\/promociones\/prueba-de-aire-comprimido-ifsqn\/","title":{"rendered":"Prueba de aire comprimido IFSQN"},"content":{"rendered":"<h1>Prueba de aire comprimido IFSQN<\/h1>\n<p>Fundada en 2003, la Red Internacional de Calidad y Seguridad Alimentaria ( <a href=\"http:\/\/www.ifsqn.com\/articles.html\/_\/articles\/how-to-sample-for-particles-water-and-oil-in-compressed-air-r57\" target=\"_blank\" rel=\"noopener\">IFSQN<\/a> ) cre\u00f3 una plataforma en l\u00ednea para que los profesionales de la seguridad alimentaria compartan sus conocimientos a trav\u00e9s de foros colaborativos, seminarios web informativos y art\u00edculos educativos. Sus cursos de formaci\u00f3n se centran en organizaciones reguladoras de fabricaci\u00f3n de alimentos como BRC, SQF, IFS y FSSC que utilizan los puntos de referencia de GFSI. Algunas de estas organizaciones recomiendan la monitorizaci\u00f3n del aire comprimido.<\/p>\n<p>Trace Analytics ha estado probando aire comprimido y gas para clientes de todo el mundo desde 1989. Estamos acreditados seg\u00fan ISO \/ IEC 17025: 2005 como lo exigen muchas organizaciones. Nuestro equipo de expertos en aire limpio y seco est\u00e1 disponible y ansioso por ayudarlo a establecer su programa de prueba de aire comprimido o gas. Ofrecemos instrucciones en l\u00ednea y manuales paso a paso para la recolecci\u00f3n de muestras. El [aircheck]kit[\/aircheck] es ligero y f\u00e1cil de transportar y enviar. <a onclick=\"document['j4esusvXocMForm'].submit()\" href=\"#\">Cont\u00e1ctenos hoy<\/a> y compruebe usted mismo por qu\u00e9 somos el laboratorio preferido de los fabricantes de alimentos en todo el mundo. <\/p>\n<div class=\"center\">\n<form action=\"\/contact\/contact-us\/\" method=\"post\" name=\"j4esusvXocMForm\"><input type=\"hidden\" name=\"QuoteRequest\" value=\"IFSQN Information Request\"><br \/>\n<input type=\"hidden\" name=\"Info\" value=\"IFSQN Promotion\"><br \/>\n<input class=\"medium blue button\" type=\"submit\" value=\"Contact Us About Particle, Water, and Oil Testing\"><\/form>\n<\/div>\n<div class=\"eight columns alpha\">\n<h2>Prueba de pureza del aire SQF<\/h2>\n<p>La prueba de pureza del aire SQF se convirti\u00f3 en un requisito en 2012. Este video trata sobre las pruebas de pureza del aire SQF y c\u00f3mo puede comenzar su programa de pruebas de aire comprimido SQF. \u00a1Las pruebas de calidad del aire comprimido son f\u00e1ciles con nuestros kits AirCheck! Puede contar con el excelente apoyo de los expertos de Trace Analytics, LLC para sus necesidades de pruebas de aire de grado alimenticio.<\/p>\n<p>[video_youtube video_id=&#8221;S0V0eJDQ1tU&#8221; width=&#8221;460&#8243; height=&#8221;259&#8243; noyoutube=&#8221;\/resources\/videos\/SQF-Air-Purity-Testing.mov&#8221; title=&#8221;Prueba de pureza del aire SQF&#8221;]\n<\/p><\/div>\n<div class=\"eight columns omega\">\n<h2>Prueba de aire comprimido ISO 8573-1<\/h2>\n<p>Este video lo gu\u00eda paso a paso a trav\u00e9s del proceso de muestreo para el <a href=\"https:\/\/www.airchecklab.com\/aircheck-kits\/k810\/\">kit de prueba de aire comprimido AirCheck K8573NB<\/a> . ISO 8573-1 o el muestreo de part\u00edculas, agua y aceite nunca ha sido tan f\u00e1cil con nuestras computadoras port\u00e1tiles AirCheck paso a paso y videos en l\u00ednea. P\u00f3ngase en contacto con el equipo de expertos para sus necesidades de pruebas de calidad del aire comprimido.<\/p>\n<p>[video_youtube video_id=&#8221;B1RwwXw1uEI&#8221; width=&#8221;460&#8243; height=&#8221;259&#8243; noyoutube=&#8221;\/resources\/videos\/K8573NB-Instructional-Video.mov&#8221; title=&#8221;Video instructivo de muestreo de aire comprimido ISO 8573-1&#8243;]\n<\/p><\/div>\n<h2>Muestreo microbiol\u00f3gico de aire comprimido seg\u00fan ISO 8573-7<\/h2>\n<p>\nEn este video, lo guiaremos a trav\u00e9s de cada paso para tomar muestras microbiol\u00f3gicas de aire comprimido con el muestreador microbiol\u00f3gico KPSII. Luego, las muestras se env\u00edan al micro laboratorio donde se incuban y las unidades formadoras de colonias se cuentan, si est\u00e1n presentes. A continuaci\u00f3n, se puede realizar una tinci\u00f3n de Gram y una identificaci\u00f3n adicional seg\u00fan sea necesario. Trace Analytics, LLC es el l\u00edder de la industria en pruebas de aire comprimido. Nuestros kits y muestreadores AirCheck hacen que las pruebas de aire comprimido para aire respirable, ISO 8573, SQF o sus especificaciones personalizadas sean una tarea sencilla.<\/p>\n<p>[video_youtube video_id=&#8221;WX2vnywqhBg&#8221; width=&#8221;460&#8243; height=&#8221;259&#8243; noyoutube=&#8221;\/resources\/videos\/ISO-8573-7-Microbial-Compressed-Air-Sampling.mov&#8221; title=&#8221;Muestreo microbiol\u00f3gico de aire comprimido seg\u00fan ISO 8573-7&#8243;]<\/p>\n<h2 class=\"marb0\">Otras lecturas:<\/h2>\n<ul class=\"square children\">\n<li><a href=\"\/services\/industrial-air-iso-8573-1\/choosing-a-spec\/\">Elegir una especificaci\u00f3n<\/a><\/li>\n<li><a href=\"\/services\/industrial-air-iso-8573-1\/food-grade-air-in-manufacturing\/\">Aire de calidad alimentaria en la fabricaci\u00f3n<\/a><\/li>\n<li><a href=\"\/services\/industrial-air-iso-8573-1\/sqf-air-purity\/\">Pureza del aire SQF<\/a> <\/li>\n<li><a href=\"\/services\/industrial-air-iso-8573-1\/food-packaging-compressed-air-quality\/\">Envases y aire comprimido<\/a><\/li>\n<li><a href=\"\/services\/industrial-air-iso-8573-1\/pet-food\/\">Alimentos para mascotas y aire comprimido<\/a><\/li>\n<li><a href=\"\/services\/industrial-air-iso-8573-1\/supplement-production-and-sqf-certification\/\">Complementar la producci\u00f3n con aire comprimido<\/a><\/li>\n<\/ul>\n<p>[lightbg]<br \/>\n\t<!--[if lte IE 8]>\n\t\t<script charset=\"utf-8\" type=\"text\/javascript\" src=\"\/\/js.hsforms.net\/forms\/v2-legacy.js\"><\/script>\n\t<![endif]--><br \/>\n\t<script charset=\"utf-8\" type=\"text\/javascript\" src=\"\/\/js.hsforms.net\/forms\/v2.js\"><\/script><br \/>\n\t<script>\n\t\thbspt.forms.create({\n\t\t\tportalId: \"4558619\",\n\t\t\tformId: \"218d4ee5-d0d6-4e55-870e-343fc8a09450\"\n\t\t\t});\n\t<\/script><\/p>\n<p>[\/lightbg]<\/p>\n","protected":false},"excerpt":{"rendered":"<p>Prueba de aire comprimido IFSQN Fundada en 2003, la Red Internacional de Calidad y Seguridad Alimentaria ( IFSQN ) cre\u00f3 una plataforma en l\u00ednea para que los profesionales de la seguridad alimentaria compartan sus conocimientos a trav\u00e9s de foros colaborativos, seminarios web informativos y art\u00edculos educativos. Sus cursos de formaci\u00f3n se centran en organizaciones reguladoras de fabricaci\u00f3n de alimentos como BRC, SQF, IFS y FSSC que utilizan los puntos de referencia de GFSI. Algunas de estas organizaciones recomiendan la monitorizaci\u00f3n [&hellip;]<\/p>\n","protected":false},"author":1,"featured_media":0,"parent":22550,"menu_order":0,"comment_status":"closed","ping_status":"open","template":"","meta":{"content-type":""},"yoast_head":"<!-- This site is optimized with the Yoast SEO Premium plugin v20.0 (Yoast SEO v20.0) - https:\/\/yoast.com\/wordpress\/plugins\/seo\/ -->\n<title>Prueba de aire comprimido IFSQN - Trace Analytics, the AirCheck Lab<\/title>\n<meta name=\"robots\" content=\"noindex, nofollow\" \/>\n<meta property=\"og:locale\" content=\"es_ES\" \/>\n<meta property=\"og:type\" content=\"article\" \/>\n<meta property=\"og:title\" content=\"Prueba de aire comprimido IFSQN\" \/>\n<meta property=\"og:description\" content=\"Prueba de aire comprimido IFSQN Fundada en 2003, la Red Internacional de Calidad y Seguridad Alimentaria ( IFSQN ) cre\u00f3 una plataforma en l\u00ednea para que los profesionales de la seguridad alimentaria compartan sus conocimientos a trav\u00e9s de foros colaborativos, seminarios web informativos y art\u00edculos educativos. Sus cursos de formaci\u00f3n se centran en organizaciones reguladoras de fabricaci\u00f3n de alimentos como BRC, SQF, IFS y FSSC que utilizan los puntos de referencia de GFSI. Algunas de estas organizaciones recomiendan la monitorizaci\u00f3n [&hellip;]\" \/>\n<meta property=\"og:url\" content=\"https:\/\/www.airchecklab.com\/es\/promociones\/prueba-de-aire-comprimido-ifsqn\/\" \/>\n<meta property=\"og:site_name\" content=\"Trace Analytics, the AirCheck Lab\" \/>\n<meta property=\"article:modified_time\" content=\"2022-01-14T15:56:35+00:00\" \/>\n<meta name=\"twitter:card\" content=\"summary_large_image\" \/>\n<meta name=\"twitter:label1\" content=\"Tiempo de lectura\" \/>\n\t<meta name=\"twitter:data1\" content=\"3 minutos\" \/>\n<script type=\"application\/ld+json\" class=\"yoast-schema-graph\">{\"@context\":\"https:\/\/schema.org\",\"@graph\":[{\"@type\":\"WebPage\",\"@id\":\"https:\/\/www.airchecklab.com\/es\/promociones\/prueba-de-aire-comprimido-ifsqn\/\",\"url\":\"https:\/\/www.airchecklab.com\/es\/promociones\/prueba-de-aire-comprimido-ifsqn\/\",\"name\":\"Prueba de aire comprimido IFSQN - Trace Analytics, the AirCheck Lab\",\"isPartOf\":{\"@id\":\"\/#website\"},\"datePublished\":\"2021-12-27T16:10:19+00:00\",\"dateModified\":\"2022-01-14T15:56:35+00:00\",\"breadcrumb\":{\"@id\":\"https:\/\/www.airchecklab.com\/es\/promociones\/prueba-de-aire-comprimido-ifsqn\/#breadcrumb\"},\"inLanguage\":\"es\",\"potentialAction\":[{\"@type\":\"ReadAction\",\"target\":[\"https:\/\/www.airchecklab.com\/es\/promociones\/prueba-de-aire-comprimido-ifsqn\/\"]}]},{\"@type\":\"BreadcrumbList\",\"@id\":\"https:\/\/www.airchecklab.com\/es\/promociones\/prueba-de-aire-comprimido-ifsqn\/#breadcrumb\",\"itemListElement\":[{\"@type\":\"ListItem\",\"position\":1,\"name\":\"Home\",\"item\":\"https:\/\/www.airchecklab.com\/es\/analisis-de-seguimiento-pruebas-ambientales-y-de-aire-comprimido\/\"},{\"@type\":\"ListItem\",\"position\":2,\"name\":\"Promociones\",\"item\":\"https:\/\/www.airchecklab.com\/es\/promociones\/\"},{\"@type\":\"ListItem\",\"position\":3,\"name\":\"Prueba de aire comprimido IFSQN\"}]},{\"@type\":\"WebSite\",\"@id\":\"\/#website\",\"url\":\"\/\",\"name\":\"Trace Analytics, the AirCheck Lab\",\"description\":\"Compressed Air Testing for ISO 8573, Microbial, SQF, Breathing Air\",\"publisher\":{\"@id\":\"\/#organization\"},\"potentialAction\":[{\"@type\":\"SearchAction\",\"target\":{\"@type\":\"EntryPoint\",\"urlTemplate\":\"\/?s={search_term_string}\"},\"query-input\":\"required name=search_term_string\"}],\"inLanguage\":\"es\"},{\"@type\":\"Organization\",\"@id\":\"\/#organization\",\"name\":\"Trace Analytics, LLC\",\"url\":\"\/\",\"logo\":{\"@type\":\"ImageObject\",\"inLanguage\":\"es\",\"@id\":\"\/#\/schema\/logo\/image\/\",\"url\":\"https:\/\/www.airchecklab.com\/wp-content\/uploads\/2021\/08\/Blue-01.png\",\"contentUrl\":\"https:\/\/www.airchecklab.com\/wp-content\/uploads\/2021\/08\/Blue-01.png\",\"width\":1600,\"height\":301,\"caption\":\"Trace Analytics, LLC\"},\"image\":{\"@id\":\"\/#\/schema\/logo\/image\/\"}}]}<\/script>\n<!-- \/ Yoast SEO Premium plugin. -->","yoast_head_json":{"title":"Prueba de aire comprimido IFSQN - Trace Analytics, the AirCheck Lab","robots":{"index":"noindex","follow":"nofollow"},"og_locale":"es_ES","og_type":"article","og_title":"Prueba de aire comprimido IFSQN","og_description":"Prueba de aire comprimido IFSQN Fundada en 2003, la Red Internacional de Calidad y Seguridad Alimentaria ( IFSQN ) cre\u00f3 una plataforma en l\u00ednea para que los profesionales de la seguridad alimentaria compartan sus conocimientos a trav\u00e9s de foros colaborativos, seminarios web informativos y art\u00edculos educativos. Sus cursos de formaci\u00f3n se centran en organizaciones reguladoras de fabricaci\u00f3n de alimentos como BRC, SQF, IFS y FSSC que utilizan los puntos de referencia de GFSI. Algunas de estas organizaciones recomiendan la monitorizaci\u00f3n [&hellip;]","og_url":"https:\/\/www.airchecklab.com\/es\/promociones\/prueba-de-aire-comprimido-ifsqn\/","og_site_name":"Trace Analytics, the AirCheck Lab","article_modified_time":"2022-01-14T15:56:35+00:00","twitter_card":"summary_large_image","twitter_misc":{"Tiempo de lectura":"3 minutos"},"schema":{"@context":"https:\/\/schema.org","@graph":[{"@type":"WebPage","@id":"https:\/\/www.airchecklab.com\/es\/promociones\/prueba-de-aire-comprimido-ifsqn\/","url":"https:\/\/www.airchecklab.com\/es\/promociones\/prueba-de-aire-comprimido-ifsqn\/","name":"Prueba de aire comprimido IFSQN - Trace Analytics, the AirCheck Lab","isPartOf":{"@id":"\/#website"},"datePublished":"2021-12-27T16:10:19+00:00","dateModified":"2022-01-14T15:56:35+00:00","breadcrumb":{"@id":"https:\/\/www.airchecklab.com\/es\/promociones\/prueba-de-aire-comprimido-ifsqn\/#breadcrumb"},"inLanguage":"es","potentialAction":[{"@type":"ReadAction","target":["https:\/\/www.airchecklab.com\/es\/promociones\/prueba-de-aire-comprimido-ifsqn\/"]}]},{"@type":"BreadcrumbList","@id":"https:\/\/www.airchecklab.com\/es\/promociones\/prueba-de-aire-comprimido-ifsqn\/#breadcrumb","itemListElement":[{"@type":"ListItem","position":1,"name":"Home","item":"https:\/\/www.airchecklab.com\/es\/analisis-de-seguimiento-pruebas-ambientales-y-de-aire-comprimido\/"},{"@type":"ListItem","position":2,"name":"Promociones","item":"https:\/\/www.airchecklab.com\/es\/promociones\/"},{"@type":"ListItem","position":3,"name":"Prueba de aire comprimido IFSQN"}]},{"@type":"WebSite","@id":"\/#website","url":"\/","name":"Trace Analytics, the AirCheck Lab","description":"Compressed Air Testing for ISO 8573, Microbial, SQF, Breathing Air","publisher":{"@id":"\/#organization"},"potentialAction":[{"@type":"SearchAction","target":{"@type":"EntryPoint","urlTemplate":"\/?s={search_term_string}"},"query-input":"required name=search_term_string"}],"inLanguage":"es"},{"@type":"Organization","@id":"\/#organization","name":"Trace Analytics, LLC","url":"\/","logo":{"@type":"ImageObject","inLanguage":"es","@id":"\/#\/schema\/logo\/image\/","url":"https:\/\/www.airchecklab.com\/wp-content\/uploads\/2021\/08\/Blue-01.png","contentUrl":"https:\/\/www.airchecklab.com\/wp-content\/uploads\/2021\/08\/Blue-01.png","width":1600,"height":301,"caption":"Trace Analytics, LLC"},"image":{"@id":"\/#\/schema\/logo\/image\/"}}]}},"_links":{"self":[{"href":"https:\/\/www.airchecklab.com\/es\/wp-json\/wp\/v2\/pages\/22556"}],"collection":[{"href":"https:\/\/www.airchecklab.com\/es\/wp-json\/wp\/v2\/pages"}],"about":[{"href":"https:\/\/www.airchecklab.com\/es\/wp-json\/wp\/v2\/types\/page"}],"author":[{"embeddable":true,"href":"https:\/\/www.airchecklab.com\/es\/wp-json\/wp\/v2\/users\/1"}],"replies":[{"embeddable":true,"href":"https:\/\/www.airchecklab.com\/es\/wp-json\/wp\/v2\/comments?post=22556"}],"version-history":[{"count":1,"href":"https:\/\/www.airchecklab.com\/es\/wp-json\/wp\/v2\/pages\/22556\/revisions"}],"predecessor-version":[{"id":24664,"href":"https:\/\/www.airchecklab.com\/es\/wp-json\/wp\/v2\/pages\/22556\/revisions\/24664"}],"up":[{"embeddable":true,"href":"https:\/\/www.airchecklab.com\/es\/wp-json\/wp\/v2\/pages\/22550"}],"wp:attachment":[{"href":"https:\/\/www.airchecklab.com\/es\/wp-json\/wp\/v2\/media?parent=22556"}],"curies":[{"name":"wp","href":"https:\/\/api.w.org\/{rel}","templated":true}]}}