{"id":22558,"date":"2021-12-27T10:10:19","date_gmt":"2021-12-27T16:10:19","guid":{"rendered":"https:\/\/dev.airchecklab.com\/academia-aircheck%e2%9c%93\/entrenamiento-de-ventas\/tengo-un-cliente-y-ahora-que\/"},"modified":"2022-01-14T09:49:33","modified_gmt":"2022-01-14T15:49:33","slug":"tengo-un-cliente-y-ahora-que","status":"publish","type":"page","link":"https:\/\/www.airchecklab.com\/es\/academia-aircheck%e2%9c%93\/entrenamiento-de-ventas\/tengo-un-cliente-y-ahora-que\/","title":{"rendered":"Tengo un cliente, \u00bfy ahora qu\u00e9?"},"content":{"rendered":"<h1>Tengo un cliente, \u00bfy ahora qu\u00e9?<\/h1>\n<h2 class=\"marb0\"><em>por Ruby Ochoa<\/em><\/h2>\n<p class=\"padl15\"><em>Este video lo guiar\u00e1 a trav\u00e9s de una llamada de ventas t\u00edpica para un cliente de la industria alimentaria, de principio a fin. Ruby Ochoa es presidenta y copropietaria de Trace Analytics, LLC. Escuche su opini\u00f3n sobre la creciente necesidad de pruebas de aire comprimido en la industria alimentaria y c\u00f3mo conseguir ese nuevo cliente.<\/em><\/p>\n<p>[private_video_vimeo video_id=&#8221;118519282&#8243;] <\/p>\n","protected":false},"excerpt":{"rendered":"<p>Tengo un cliente, \u00bfy ahora qu\u00e9? por Ruby Ochoa Este video lo guiar\u00e1 a trav\u00e9s de una llamada de ventas t\u00edpica para un cliente de la industria alimentaria, de principio a fin. Ruby Ochoa es presidenta y copropietaria de Trace Analytics, LLC. Escuche su opini\u00f3n sobre la creciente necesidad de pruebas de aire comprimido en la industria alimentaria y c\u00f3mo conseguir ese nuevo cliente. [private_video_vimeo video_id=&#8221;118519282&#8243;]<\/p>\n","protected":false},"author":1,"featured_media":0,"parent":22554,"menu_order":0,"comment_status":"closed","ping_status":"open","template":"","meta":{"content-type":""},"yoast_head":"<!-- This site is optimized with the Yoast SEO Premium plugin v20.0 (Yoast SEO v20.0) - https:\/\/yoast.com\/wordpress\/plugins\/seo\/ -->\n<title>Tengo un cliente, \u00bfy ahora qu\u00e9? - Trace Analytics, the AirCheck Lab<\/title>\n<meta name=\"robots\" content=\"noindex, nofollow\" \/>\n<meta property=\"og:locale\" content=\"es_ES\" \/>\n<meta property=\"og:type\" content=\"article\" \/>\n<meta property=\"og:title\" content=\"Tengo un cliente, \u00bfy ahora qu\u00e9?\" \/>\n<meta property=\"og:description\" content=\"Tengo un cliente, \u00bfy ahora qu\u00e9? por Ruby Ochoa Este video lo guiar\u00e1 a trav\u00e9s de una llamada de ventas t\u00edpica para un cliente de la industria alimentaria, de principio a fin. Ruby Ochoa es presidenta y copropietaria de Trace Analytics, LLC. Escuche su opini\u00f3n sobre la creciente necesidad de pruebas de aire comprimido en la industria alimentaria y c\u00f3mo conseguir ese nuevo cliente. [private_video_vimeo video_id=&#8221;118519282&#8243;]\" \/>\n<meta property=\"og:url\" content=\"https:\/\/www.airchecklab.com\/es\/academia-aircheck%e2%9c%93\/entrenamiento-de-ventas\/tengo-un-cliente-y-ahora-que\/\" \/>\n<meta property=\"og:site_name\" content=\"Trace Analytics, the AirCheck Lab\" \/>\n<meta property=\"article:modified_time\" content=\"2022-01-14T15:49:33+00:00\" \/>\n<meta name=\"twitter:card\" content=\"summary_large_image\" \/>\n<script type=\"application\/ld+json\" class=\"yoast-schema-graph\">{\"@context\":\"https:\/\/schema.org\",\"@graph\":[{\"@type\":\"WebPage\",\"@id\":\"https:\/\/www.airchecklab.com\/es\/academia-aircheck%e2%9c%93\/entrenamiento-de-ventas\/tengo-un-cliente-y-ahora-que\/\",\"url\":\"https:\/\/www.airchecklab.com\/es\/academia-aircheck%e2%9c%93\/entrenamiento-de-ventas\/tengo-un-cliente-y-ahora-que\/\",\"name\":\"Tengo un cliente, \u00bfy ahora qu\u00e9? - Trace Analytics, the AirCheck Lab\",\"isPartOf\":{\"@id\":\"\/#website\"},\"datePublished\":\"2021-12-27T16:10:19+00:00\",\"dateModified\":\"2022-01-14T15:49:33+00:00\",\"breadcrumb\":{\"@id\":\"https:\/\/www.airchecklab.com\/es\/academia-aircheck%e2%9c%93\/entrenamiento-de-ventas\/tengo-un-cliente-y-ahora-que\/#breadcrumb\"},\"inLanguage\":\"es\",\"potentialAction\":[{\"@type\":\"ReadAction\",\"target\":[\"https:\/\/www.airchecklab.com\/es\/academia-aircheck%e2%9c%93\/entrenamiento-de-ventas\/tengo-un-cliente-y-ahora-que\/\"]}]},{\"@type\":\"BreadcrumbList\",\"@id\":\"https:\/\/www.airchecklab.com\/es\/academia-aircheck%e2%9c%93\/entrenamiento-de-ventas\/tengo-un-cliente-y-ahora-que\/#breadcrumb\",\"itemListElement\":[{\"@type\":\"ListItem\",\"position\":1,\"name\":\"Home\",\"item\":\"https:\/\/www.airchecklab.com\/es\/analisis-de-seguimiento-pruebas-ambientales-y-de-aire-comprimido\/\"},{\"@type\":\"ListItem\",\"position\":2,\"name\":\"Academia AirCheck\u2713\",\"item\":\"https:\/\/www.airchecklab.com\/es\/academia-aircheck%e2%9c%93\/\"},{\"@type\":\"ListItem\",\"position\":3,\"name\":\"Entrenamiento de ventas\",\"item\":\"https:\/\/www.airchecklab.com\/es\/academia-aircheck%e2%9c%93\/entrenamiento-de-ventas\/\"},{\"@type\":\"ListItem\",\"position\":4,\"name\":\"Tengo un cliente, \u00bfy ahora qu\u00e9?\"}]},{\"@type\":\"WebSite\",\"@id\":\"\/#website\",\"url\":\"\/\",\"name\":\"Trace Analytics, the AirCheck Lab\",\"description\":\"Compressed Air Testing for ISO 8573, Microbial, SQF, Breathing Air\",\"publisher\":{\"@id\":\"\/#organization\"},\"potentialAction\":[{\"@type\":\"SearchAction\",\"target\":{\"@type\":\"EntryPoint\",\"urlTemplate\":\"\/?s={search_term_string}\"},\"query-input\":\"required name=search_term_string\"}],\"inLanguage\":\"es\"},{\"@type\":\"Organization\",\"@id\":\"\/#organization\",\"name\":\"Trace Analytics, LLC\",\"url\":\"\/\",\"logo\":{\"@type\":\"ImageObject\",\"inLanguage\":\"es\",\"@id\":\"\/#\/schema\/logo\/image\/\",\"url\":\"https:\/\/www.airchecklab.com\/wp-content\/uploads\/2021\/08\/Blue-01.png\",\"contentUrl\":\"https:\/\/www.airchecklab.com\/wp-content\/uploads\/2021\/08\/Blue-01.png\",\"width\":1600,\"height\":301,\"caption\":\"Trace Analytics, LLC\"},\"image\":{\"@id\":\"\/#\/schema\/logo\/image\/\"}}]}<\/script>\n<!-- \/ Yoast SEO Premium plugin. -->","yoast_head_json":{"title":"Tengo un cliente, \u00bfy ahora qu\u00e9? - Trace Analytics, the AirCheck Lab","robots":{"index":"noindex","follow":"nofollow"},"og_locale":"es_ES","og_type":"article","og_title":"Tengo un cliente, \u00bfy ahora qu\u00e9?","og_description":"Tengo un cliente, \u00bfy ahora qu\u00e9? por Ruby Ochoa Este video lo guiar\u00e1 a trav\u00e9s de una llamada de ventas t\u00edpica para un cliente de la industria alimentaria, de principio a fin. Ruby Ochoa es presidenta y copropietaria de Trace Analytics, LLC. Escuche su opini\u00f3n sobre la creciente necesidad de pruebas de aire comprimido en la industria alimentaria y c\u00f3mo conseguir ese nuevo cliente. [private_video_vimeo video_id=&#8221;118519282&#8243;]","og_url":"https:\/\/www.airchecklab.com\/es\/academia-aircheck%e2%9c%93\/entrenamiento-de-ventas\/tengo-un-cliente-y-ahora-que\/","og_site_name":"Trace Analytics, the AirCheck Lab","article_modified_time":"2022-01-14T15:49:33+00:00","twitter_card":"summary_large_image","schema":{"@context":"https:\/\/schema.org","@graph":[{"@type":"WebPage","@id":"https:\/\/www.airchecklab.com\/es\/academia-aircheck%e2%9c%93\/entrenamiento-de-ventas\/tengo-un-cliente-y-ahora-que\/","url":"https:\/\/www.airchecklab.com\/es\/academia-aircheck%e2%9c%93\/entrenamiento-de-ventas\/tengo-un-cliente-y-ahora-que\/","name":"Tengo un cliente, \u00bfy ahora qu\u00e9? - Trace Analytics, the AirCheck Lab","isPartOf":{"@id":"\/#website"},"datePublished":"2021-12-27T16:10:19+00:00","dateModified":"2022-01-14T15:49:33+00:00","breadcrumb":{"@id":"https:\/\/www.airchecklab.com\/es\/academia-aircheck%e2%9c%93\/entrenamiento-de-ventas\/tengo-un-cliente-y-ahora-que\/#breadcrumb"},"inLanguage":"es","potentialAction":[{"@type":"ReadAction","target":["https:\/\/www.airchecklab.com\/es\/academia-aircheck%e2%9c%93\/entrenamiento-de-ventas\/tengo-un-cliente-y-ahora-que\/"]}]},{"@type":"BreadcrumbList","@id":"https:\/\/www.airchecklab.com\/es\/academia-aircheck%e2%9c%93\/entrenamiento-de-ventas\/tengo-un-cliente-y-ahora-que\/#breadcrumb","itemListElement":[{"@type":"ListItem","position":1,"name":"Home","item":"https:\/\/www.airchecklab.com\/es\/analisis-de-seguimiento-pruebas-ambientales-y-de-aire-comprimido\/"},{"@type":"ListItem","position":2,"name":"Academia AirCheck\u2713","item":"https:\/\/www.airchecklab.com\/es\/academia-aircheck%e2%9c%93\/"},{"@type":"ListItem","position":3,"name":"Entrenamiento de ventas","item":"https:\/\/www.airchecklab.com\/es\/academia-aircheck%e2%9c%93\/entrenamiento-de-ventas\/"},{"@type":"ListItem","position":4,"name":"Tengo un cliente, \u00bfy ahora qu\u00e9?"}]},{"@type":"WebSite","@id":"\/#website","url":"\/","name":"Trace Analytics, the AirCheck Lab","description":"Compressed Air Testing for ISO 8573, Microbial, SQF, Breathing Air","publisher":{"@id":"\/#organization"},"potentialAction":[{"@type":"SearchAction","target":{"@type":"EntryPoint","urlTemplate":"\/?s={search_term_string}"},"query-input":"required name=search_term_string"}],"inLanguage":"es"},{"@type":"Organization","@id":"\/#organization","name":"Trace Analytics, LLC","url":"\/","logo":{"@type":"ImageObject","inLanguage":"es","@id":"\/#\/schema\/logo\/image\/","url":"https:\/\/www.airchecklab.com\/wp-content\/uploads\/2021\/08\/Blue-01.png","contentUrl":"https:\/\/www.airchecklab.com\/wp-content\/uploads\/2021\/08\/Blue-01.png","width":1600,"height":301,"caption":"Trace Analytics, LLC"},"image":{"@id":"\/#\/schema\/logo\/image\/"}}]}},"_links":{"self":[{"href":"https:\/\/www.airchecklab.com\/es\/wp-json\/wp\/v2\/pages\/22558"}],"collection":[{"href":"https:\/\/www.airchecklab.com\/es\/wp-json\/wp\/v2\/pages"}],"about":[{"href":"https:\/\/www.airchecklab.com\/es\/wp-json\/wp\/v2\/types\/page"}],"author":[{"embeddable":true,"href":"https:\/\/www.airchecklab.com\/es\/wp-json\/wp\/v2\/users\/1"}],"replies":[{"embeddable":true,"href":"https:\/\/www.airchecklab.com\/es\/wp-json\/wp\/v2\/comments?post=22558"}],"version-history":[{"count":1,"href":"https:\/\/www.airchecklab.com\/es\/wp-json\/wp\/v2\/pages\/22558\/revisions"}],"predecessor-version":[{"id":24641,"href":"https:\/\/www.airchecklab.com\/es\/wp-json\/wp\/v2\/pages\/22558\/revisions\/24641"}],"up":[{"embeddable":true,"href":"https:\/\/www.airchecklab.com\/es\/wp-json\/wp\/v2\/pages\/22554"}],"wp:attachment":[{"href":"https:\/\/www.airchecklab.com\/es\/wp-json\/wp\/v2\/media?parent=22558"}],"curies":[{"name":"wp","href":"https:\/\/api.w.org\/{rel}","templated":true}]}}