{"id":22577,"date":"2021-12-27T10:10:21","date_gmt":"2021-12-27T16:10:21","guid":{"rendered":"https:\/\/dev.airchecklab.com\/academia-aircheck%e2%9c%93\/videos-de-pruebas-de-aire-comprimido\/video-de-descripcion-general-de-las-pruebas-de-aire-comprimido-iso-8573\/"},"modified":"2021-12-27T10:10:21","modified_gmt":"2021-12-27T16:10:21","slug":"video-de-descripcion-general-de-las-pruebas-de-aire-comprimido-iso-8573","status":"publish","type":"page","link":"https:\/\/www.airchecklab.com\/es\/academia-aircheck%e2%9c%93\/videos-de-pruebas-de-aire-comprimido\/video-de-descripcion-general-de-las-pruebas-de-aire-comprimido-iso-8573\/","title":{"rendered":"Video de descripci\u00f3n general de las pruebas de aire comprimido ISO 8573"},"content":{"rendered":"<p>Este video proporciona una descripci\u00f3n general del proceso de prueba de aire comprimido ISO 8573; tambi\u00e9n tenemos un video instructivo detallado que se enumera a continuaci\u00f3n. Trace Analytics ofrece <a href=\"https:\/\/www.airchecklab.com\/aircheck-kits\/k810\/\">kits de prueba de aire comprimido<\/a> para fabricantes que utilizan aire comprimido en sus procesos. El muestreo de aire comprimido es clave para garantizar la calidad cuando se utiliza aire comprimido directa o indirectamente en el producto final. SQF, BRC, BCAS e ISPE recomiendan pruebas de aire comprimido para la seguridad del consumidor. Podemos realizar pruebas de part\u00edculas, agua, aceite y microbios seg\u00fan la norma ISO 8573 o seg\u00fan sus especificaciones personalizadas.<\/p>\n<h2>Video de descripci\u00f3n general de las pruebas de aire comprimido ISO 8573:<\/h2>\n<p>[video_youtube video_id=&#8221;qjFX3xbshig&#8221; width=&#8221;460&#8243; height=&#8221;259&#8243; noyoutube=&#8221;\/resources\/videos\/ISO-8573-Sampling-is-Easy.mov&#8221; title=&#8221;ISO 8573 Compressed Air Testing Overview Video&#8221;]<br \/>\n[ShowAllSiblings title=&#8221;Compressed Air Testing Videos:&#8221;]<\/p>\n","protected":false},"excerpt":{"rendered":"<p>Este video proporciona una descripci\u00f3n general del proceso de prueba de aire comprimido ISO 8573; tambi\u00e9n tenemos un video instructivo detallado que se enumera a continuaci\u00f3n. Trace Analytics ofrece kits de prueba de aire comprimido para fabricantes que utilizan aire comprimido en sus procesos. El muestreo de aire comprimido es clave para garantizar la calidad cuando se utiliza aire comprimido directa o indirectamente en el producto final. SQF, BRC, BCAS e ISPE recomiendan pruebas de aire comprimido para la seguridad [&hellip;]<\/p>\n","protected":false},"author":1,"featured_media":0,"parent":22354,"menu_order":0,"comment_status":"closed","ping_status":"closed","template":"index.php","meta":{"content-type":""},"yoast_head":"<!-- This site is optimized with the Yoast SEO Premium plugin v20.0 (Yoast SEO v20.0) - https:\/\/yoast.com\/wordpress\/plugins\/seo\/ -->\n<title>Video de descripci\u00f3n general de las pruebas de aire comprimido ISO 8573 - Trace Analytics, the AirCheck Lab<\/title>\n<meta name=\"robots\" content=\"index, follow, max-snippet:-1, max-image-preview:large, max-video-preview:-1\" \/>\n<link rel=\"canonical\" href=\"https:\/\/www.airchecklab.com\/es\/academia-aircheck%e2%9c%93\/videos-de-pruebas-de-aire-comprimido\/video-de-descripcion-general-de-las-pruebas-de-aire-comprimido-iso-8573\/\" \/>\n<meta property=\"og:locale\" content=\"es_ES\" \/>\n<meta property=\"og:type\" content=\"article\" \/>\n<meta property=\"og:title\" content=\"Video de descripci\u00f3n general de las pruebas de aire comprimido ISO 8573\" \/>\n<meta property=\"og:description\" content=\"Este video proporciona una descripci\u00f3n general del proceso de prueba de aire comprimido ISO 8573; tambi\u00e9n tenemos un video instructivo detallado que se enumera a continuaci\u00f3n. Trace Analytics ofrece kits de prueba de aire comprimido para fabricantes que utilizan aire comprimido en sus procesos. El muestreo de aire comprimido es clave para garantizar la calidad cuando se utiliza aire comprimido directa o indirectamente en el producto final. SQF, BRC, BCAS e ISPE recomiendan pruebas de aire comprimido para la seguridad [&hellip;]\" \/>\n<meta property=\"og:url\" content=\"https:\/\/www.airchecklab.com\/es\/academia-aircheck%e2%9c%93\/videos-de-pruebas-de-aire-comprimido\/video-de-descripcion-general-de-las-pruebas-de-aire-comprimido-iso-8573\/\" \/>\n<meta property=\"og:site_name\" content=\"Trace Analytics, the AirCheck Lab\" \/>\n<meta name=\"twitter:card\" content=\"summary_large_image\" \/>\n<meta name=\"twitter:label1\" content=\"Tiempo de lectura\" \/>\n\t<meta name=\"twitter:data1\" content=\"1 minuto\" \/>\n<script type=\"application\/ld+json\" class=\"yoast-schema-graph\">{\"@context\":\"https:\/\/schema.org\",\"@graph\":[{\"@type\":\"WebPage\",\"@id\":\"https:\/\/www.airchecklab.com\/es\/academia-aircheck%e2%9c%93\/videos-de-pruebas-de-aire-comprimido\/video-de-descripcion-general-de-las-pruebas-de-aire-comprimido-iso-8573\/\",\"url\":\"https:\/\/www.airchecklab.com\/es\/academia-aircheck%e2%9c%93\/videos-de-pruebas-de-aire-comprimido\/video-de-descripcion-general-de-las-pruebas-de-aire-comprimido-iso-8573\/\",\"name\":\"Video de descripci\u00f3n general de las pruebas de aire comprimido ISO 8573 - Trace Analytics, the AirCheck Lab\",\"isPartOf\":{\"@id\":\"\/#website\"},\"datePublished\":\"2021-12-27T16:10:21+00:00\",\"dateModified\":\"2021-12-27T16:10:21+00:00\",\"breadcrumb\":{\"@id\":\"https:\/\/www.airchecklab.com\/es\/academia-aircheck%e2%9c%93\/videos-de-pruebas-de-aire-comprimido\/video-de-descripcion-general-de-las-pruebas-de-aire-comprimido-iso-8573\/#breadcrumb\"},\"inLanguage\":\"es\",\"potentialAction\":[{\"@type\":\"ReadAction\",\"target\":[\"https:\/\/www.airchecklab.com\/es\/academia-aircheck%e2%9c%93\/videos-de-pruebas-de-aire-comprimido\/video-de-descripcion-general-de-las-pruebas-de-aire-comprimido-iso-8573\/\"]}]},{\"@type\":\"BreadcrumbList\",\"@id\":\"https:\/\/www.airchecklab.com\/es\/academia-aircheck%e2%9c%93\/videos-de-pruebas-de-aire-comprimido\/video-de-descripcion-general-de-las-pruebas-de-aire-comprimido-iso-8573\/#breadcrumb\",\"itemListElement\":[{\"@type\":\"ListItem\",\"position\":1,\"name\":\"Home\",\"item\":\"https:\/\/www.airchecklab.com\/es\/analisis-de-seguimiento-pruebas-ambientales-y-de-aire-comprimido\/\"},{\"@type\":\"ListItem\",\"position\":2,\"name\":\"Academia AirCheck\u2713\",\"item\":\"https:\/\/www.airchecklab.com\/es\/academia-aircheck%e2%9c%93\/\"},{\"@type\":\"ListItem\",\"position\":3,\"name\":\"Videos de pruebas de aire comprimido\",\"item\":\"https:\/\/www.airchecklab.com\/es\/academia-aircheck%e2%9c%93\/videos-de-pruebas-de-aire-comprimido\/\"},{\"@type\":\"ListItem\",\"position\":4,\"name\":\"Video de descripci\u00f3n general de las pruebas de aire comprimido ISO 8573\"}]},{\"@type\":\"WebSite\",\"@id\":\"\/#website\",\"url\":\"\/\",\"name\":\"Trace Analytics, the AirCheck Lab\",\"description\":\"Compressed Air Testing for ISO 8573, Microbial, SQF, Breathing Air\",\"publisher\":{\"@id\":\"\/#organization\"},\"potentialAction\":[{\"@type\":\"SearchAction\",\"target\":{\"@type\":\"EntryPoint\",\"urlTemplate\":\"\/?s={search_term_string}\"},\"query-input\":\"required name=search_term_string\"}],\"inLanguage\":\"es\"},{\"@type\":\"Organization\",\"@id\":\"\/#organization\",\"name\":\"Trace Analytics, LLC\",\"url\":\"\/\",\"logo\":{\"@type\":\"ImageObject\",\"inLanguage\":\"es\",\"@id\":\"\/#\/schema\/logo\/image\/\",\"url\":\"https:\/\/www.airchecklab.com\/wp-content\/uploads\/2021\/08\/Blue-01.png\",\"contentUrl\":\"https:\/\/www.airchecklab.com\/wp-content\/uploads\/2021\/08\/Blue-01.png\",\"width\":1600,\"height\":301,\"caption\":\"Trace Analytics, LLC\"},\"image\":{\"@id\":\"\/#\/schema\/logo\/image\/\"}}]}<\/script>\n<!-- \/ Yoast SEO Premium plugin. -->","yoast_head_json":{"title":"Video de descripci\u00f3n general de las pruebas de aire comprimido ISO 8573 - Trace Analytics, the AirCheck Lab","robots":{"index":"index","follow":"follow","max-snippet":"max-snippet:-1","max-image-preview":"max-image-preview:large","max-video-preview":"max-video-preview:-1"},"canonical":"https:\/\/www.airchecklab.com\/es\/academia-aircheck%e2%9c%93\/videos-de-pruebas-de-aire-comprimido\/video-de-descripcion-general-de-las-pruebas-de-aire-comprimido-iso-8573\/","og_locale":"es_ES","og_type":"article","og_title":"Video de descripci\u00f3n general de las pruebas de aire comprimido ISO 8573","og_description":"Este video proporciona una descripci\u00f3n general del proceso de prueba de aire comprimido ISO 8573; tambi\u00e9n tenemos un video instructivo detallado que se enumera a continuaci\u00f3n. Trace Analytics ofrece kits de prueba de aire comprimido para fabricantes que utilizan aire comprimido en sus procesos. El muestreo de aire comprimido es clave para garantizar la calidad cuando se utiliza aire comprimido directa o indirectamente en el producto final. SQF, BRC, BCAS e ISPE recomiendan pruebas de aire comprimido para la seguridad [&hellip;]","og_url":"https:\/\/www.airchecklab.com\/es\/academia-aircheck%e2%9c%93\/videos-de-pruebas-de-aire-comprimido\/video-de-descripcion-general-de-las-pruebas-de-aire-comprimido-iso-8573\/","og_site_name":"Trace Analytics, the AirCheck Lab","twitter_card":"summary_large_image","twitter_misc":{"Tiempo de lectura":"1 minuto"},"schema":{"@context":"https:\/\/schema.org","@graph":[{"@type":"WebPage","@id":"https:\/\/www.airchecklab.com\/es\/academia-aircheck%e2%9c%93\/videos-de-pruebas-de-aire-comprimido\/video-de-descripcion-general-de-las-pruebas-de-aire-comprimido-iso-8573\/","url":"https:\/\/www.airchecklab.com\/es\/academia-aircheck%e2%9c%93\/videos-de-pruebas-de-aire-comprimido\/video-de-descripcion-general-de-las-pruebas-de-aire-comprimido-iso-8573\/","name":"Video de descripci\u00f3n general de las pruebas de aire comprimido ISO 8573 - Trace Analytics, the AirCheck Lab","isPartOf":{"@id":"\/#website"},"datePublished":"2021-12-27T16:10:21+00:00","dateModified":"2021-12-27T16:10:21+00:00","breadcrumb":{"@id":"https:\/\/www.airchecklab.com\/es\/academia-aircheck%e2%9c%93\/videos-de-pruebas-de-aire-comprimido\/video-de-descripcion-general-de-las-pruebas-de-aire-comprimido-iso-8573\/#breadcrumb"},"inLanguage":"es","potentialAction":[{"@type":"ReadAction","target":["https:\/\/www.airchecklab.com\/es\/academia-aircheck%e2%9c%93\/videos-de-pruebas-de-aire-comprimido\/video-de-descripcion-general-de-las-pruebas-de-aire-comprimido-iso-8573\/"]}]},{"@type":"BreadcrumbList","@id":"https:\/\/www.airchecklab.com\/es\/academia-aircheck%e2%9c%93\/videos-de-pruebas-de-aire-comprimido\/video-de-descripcion-general-de-las-pruebas-de-aire-comprimido-iso-8573\/#breadcrumb","itemListElement":[{"@type":"ListItem","position":1,"name":"Home","item":"https:\/\/www.airchecklab.com\/es\/analisis-de-seguimiento-pruebas-ambientales-y-de-aire-comprimido\/"},{"@type":"ListItem","position":2,"name":"Academia AirCheck\u2713","item":"https:\/\/www.airchecklab.com\/es\/academia-aircheck%e2%9c%93\/"},{"@type":"ListItem","position":3,"name":"Videos de pruebas de aire comprimido","item":"https:\/\/www.airchecklab.com\/es\/academia-aircheck%e2%9c%93\/videos-de-pruebas-de-aire-comprimido\/"},{"@type":"ListItem","position":4,"name":"Video de descripci\u00f3n general de las pruebas de aire comprimido ISO 8573"}]},{"@type":"WebSite","@id":"\/#website","url":"\/","name":"Trace Analytics, the AirCheck Lab","description":"Compressed Air Testing for ISO 8573, Microbial, SQF, Breathing Air","publisher":{"@id":"\/#organization"},"potentialAction":[{"@type":"SearchAction","target":{"@type":"EntryPoint","urlTemplate":"\/?s={search_term_string}"},"query-input":"required name=search_term_string"}],"inLanguage":"es"},{"@type":"Organization","@id":"\/#organization","name":"Trace Analytics, LLC","url":"\/","logo":{"@type":"ImageObject","inLanguage":"es","@id":"\/#\/schema\/logo\/image\/","url":"https:\/\/www.airchecklab.com\/wp-content\/uploads\/2021\/08\/Blue-01.png","contentUrl":"https:\/\/www.airchecklab.com\/wp-content\/uploads\/2021\/08\/Blue-01.png","width":1600,"height":301,"caption":"Trace Analytics, LLC"},"image":{"@id":"\/#\/schema\/logo\/image\/"}}]}},"_links":{"self":[{"href":"https:\/\/www.airchecklab.com\/es\/wp-json\/wp\/v2\/pages\/22577"}],"collection":[{"href":"https:\/\/www.airchecklab.com\/es\/wp-json\/wp\/v2\/pages"}],"about":[{"href":"https:\/\/www.airchecklab.com\/es\/wp-json\/wp\/v2\/types\/page"}],"author":[{"embeddable":true,"href":"https:\/\/www.airchecklab.com\/es\/wp-json\/wp\/v2\/users\/1"}],"replies":[{"embeddable":true,"href":"https:\/\/www.airchecklab.com\/es\/wp-json\/wp\/v2\/comments?post=22577"}],"version-history":[{"count":0,"href":"https:\/\/www.airchecklab.com\/es\/wp-json\/wp\/v2\/pages\/22577\/revisions"}],"up":[{"embeddable":true,"href":"https:\/\/www.airchecklab.com\/es\/wp-json\/wp\/v2\/pages\/22354"}],"wp:attachment":[{"href":"https:\/\/www.airchecklab.com\/es\/wp-json\/wp\/v2\/media?parent=22577"}],"curies":[{"name":"wp","href":"https:\/\/api.w.org\/{rel}","templated":true}]}}