{"id":22582,"date":"2021-12-27T10:10:22","date_gmt":"2021-12-27T16:10:22","guid":{"rendered":"https:\/\/dev.airchecklab.com\/academia-aircheck%e2%9c%93\/videos-de-pruebas-de-aire-comprimido\/prueba-de-aire-comprimido-con-video-de-trace-analytics\/"},"modified":"2021-12-27T10:10:22","modified_gmt":"2021-12-27T16:10:22","slug":"prueba-de-aire-comprimido-con-video-de-trace-analytics","status":"publish","type":"page","link":"https:\/\/www.airchecklab.com\/es\/academia-aircheck%e2%9c%93\/videos-de-pruebas-de-aire-comprimido\/prueba-de-aire-comprimido-con-video-de-trace-analytics\/","title":{"rendered":"Prueba de aire comprimido con video de Trace Analytics"},"content":{"rendered":"<p>\u00bfQu\u00e9 hace Trace Analytics? Prueba de aire comprimido! El muestreo de aire comprimido es f\u00e1cil cuando trabaja con el l\u00edder de la industria en an\u00e1lisis de la calidad del aire comprimido. Este breve da una breve descripci\u00f3n de los servicios y las industrias a las que Trace atiende en los campos del aire comprimido.<\/p>\n<h2>Prueba de aire comprimido con video de Trace Analytics:<\/h2>\n<p>[video_youtube video_id=&#8221;p98c7DmeVAY&#8221; width=&#8221;460&#8243; height=&#8221;259&#8243; noyoutube=&#8221;\/resources\/videos\/Compressed-Air-Testing-with-Trace-Analytics.mov&#8221; title=&#8221;Compressed Air Testing with Trace Analytics&#8221;]<br \/>\n[ShowAllSiblings title=&#8221;Compressed Air Testing Videos:&#8221;]<\/p>\n","protected":false},"excerpt":{"rendered":"<p>\u00bfQu\u00e9 hace Trace Analytics? Prueba de aire comprimido! El muestreo de aire comprimido es f\u00e1cil cuando trabaja con el l\u00edder de la industria en an\u00e1lisis de la calidad del aire comprimido. Este breve da una breve descripci\u00f3n de los servicios y las industrias a las que Trace atiende en los campos del aire comprimido. Prueba de aire comprimido con video de Trace Analytics: [video_youtube video_id=&#8221;p98c7DmeVAY&#8221; width=&#8221;460&#8243; height=&#8221;259&#8243; noyoutube=&#8221;\/resources\/videos\/Compressed-Air-Testing-with-Trace-Analytics.mov&#8221; title=&#8221;Compressed Air Testing with Trace Analytics&#8221;] [ShowAllSiblings title=&#8221;Compressed Air Testing Videos:&#8221;]<\/p>\n","protected":false},"author":1,"featured_media":0,"parent":22354,"menu_order":0,"comment_status":"closed","ping_status":"closed","template":"index.php","meta":{"content-type":""},"yoast_head":"<!-- This site is optimized with the Yoast SEO Premium plugin v20.0 (Yoast SEO v20.0) - https:\/\/yoast.com\/wordpress\/plugins\/seo\/ -->\n<title>Prueba de aire comprimido con video de Trace Analytics - Trace Analytics, the AirCheck Lab<\/title>\n<meta name=\"robots\" content=\"index, follow, max-snippet:-1, max-image-preview:large, max-video-preview:-1\" \/>\n<link rel=\"canonical\" href=\"https:\/\/www.airchecklab.com\/es\/academia-aircheck%e2%9c%93\/videos-de-pruebas-de-aire-comprimido\/prueba-de-aire-comprimido-con-video-de-trace-analytics\/\" \/>\n<meta property=\"og:locale\" content=\"es_ES\" \/>\n<meta property=\"og:type\" content=\"article\" \/>\n<meta property=\"og:title\" content=\"Prueba de aire comprimido con video de Trace Analytics\" \/>\n<meta property=\"og:description\" content=\"\u00bfQu\u00e9 hace Trace Analytics? Prueba de aire comprimido! El muestreo de aire comprimido es f\u00e1cil cuando trabaja con el l\u00edder de la industria en an\u00e1lisis de la calidad del aire comprimido. Este breve da una breve descripci\u00f3n de los servicios y las industrias a las que Trace atiende en los campos del aire comprimido. Prueba de aire comprimido con video de Trace Analytics: [video_youtube video_id=&#8221;p98c7DmeVAY&#8221; width=&#8221;460&#8243; height=&#8221;259&#8243; noyoutube=&#8221;\/resources\/videos\/Compressed-Air-Testing-with-Trace-Analytics.mov&#8221; title=&#8221;Compressed Air Testing with Trace Analytics&#8221;] [ShowAllSiblings title=&#8221;Compressed Air Testing Videos:&#8221;]\" \/>\n<meta property=\"og:url\" content=\"https:\/\/www.airchecklab.com\/es\/academia-aircheck%e2%9c%93\/videos-de-pruebas-de-aire-comprimido\/prueba-de-aire-comprimido-con-video-de-trace-analytics\/\" \/>\n<meta property=\"og:site_name\" content=\"Trace Analytics, the AirCheck Lab\" \/>\n<meta name=\"twitter:card\" content=\"summary_large_image\" \/>\n<script type=\"application\/ld+json\" class=\"yoast-schema-graph\">{\"@context\":\"https:\/\/schema.org\",\"@graph\":[{\"@type\":\"WebPage\",\"@id\":\"https:\/\/www.airchecklab.com\/es\/academia-aircheck%e2%9c%93\/videos-de-pruebas-de-aire-comprimido\/prueba-de-aire-comprimido-con-video-de-trace-analytics\/\",\"url\":\"https:\/\/www.airchecklab.com\/es\/academia-aircheck%e2%9c%93\/videos-de-pruebas-de-aire-comprimido\/prueba-de-aire-comprimido-con-video-de-trace-analytics\/\",\"name\":\"Prueba de aire comprimido con video de Trace Analytics - Trace Analytics, the AirCheck Lab\",\"isPartOf\":{\"@id\":\"\/#website\"},\"datePublished\":\"2021-12-27T16:10:22+00:00\",\"dateModified\":\"2021-12-27T16:10:22+00:00\",\"breadcrumb\":{\"@id\":\"https:\/\/www.airchecklab.com\/es\/academia-aircheck%e2%9c%93\/videos-de-pruebas-de-aire-comprimido\/prueba-de-aire-comprimido-con-video-de-trace-analytics\/#breadcrumb\"},\"inLanguage\":\"es\",\"potentialAction\":[{\"@type\":\"ReadAction\",\"target\":[\"https:\/\/www.airchecklab.com\/es\/academia-aircheck%e2%9c%93\/videos-de-pruebas-de-aire-comprimido\/prueba-de-aire-comprimido-con-video-de-trace-analytics\/\"]}]},{\"@type\":\"BreadcrumbList\",\"@id\":\"https:\/\/www.airchecklab.com\/es\/academia-aircheck%e2%9c%93\/videos-de-pruebas-de-aire-comprimido\/prueba-de-aire-comprimido-con-video-de-trace-analytics\/#breadcrumb\",\"itemListElement\":[{\"@type\":\"ListItem\",\"position\":1,\"name\":\"Home\",\"item\":\"https:\/\/www.airchecklab.com\/es\/analisis-de-seguimiento-pruebas-ambientales-y-de-aire-comprimido\/\"},{\"@type\":\"ListItem\",\"position\":2,\"name\":\"Academia AirCheck\u2713\",\"item\":\"https:\/\/www.airchecklab.com\/es\/academia-aircheck%e2%9c%93\/\"},{\"@type\":\"ListItem\",\"position\":3,\"name\":\"Videos de pruebas de aire comprimido\",\"item\":\"https:\/\/www.airchecklab.com\/es\/academia-aircheck%e2%9c%93\/videos-de-pruebas-de-aire-comprimido\/\"},{\"@type\":\"ListItem\",\"position\":4,\"name\":\"Prueba de aire comprimido con video de Trace Analytics\"}]},{\"@type\":\"WebSite\",\"@id\":\"\/#website\",\"url\":\"\/\",\"name\":\"Trace Analytics, the AirCheck Lab\",\"description\":\"Compressed Air Testing for ISO 8573, Microbial, SQF, Breathing Air\",\"publisher\":{\"@id\":\"\/#organization\"},\"potentialAction\":[{\"@type\":\"SearchAction\",\"target\":{\"@type\":\"EntryPoint\",\"urlTemplate\":\"\/?s={search_term_string}\"},\"query-input\":\"required name=search_term_string\"}],\"inLanguage\":\"es\"},{\"@type\":\"Organization\",\"@id\":\"\/#organization\",\"name\":\"Trace Analytics, LLC\",\"url\":\"\/\",\"logo\":{\"@type\":\"ImageObject\",\"inLanguage\":\"es\",\"@id\":\"\/#\/schema\/logo\/image\/\",\"url\":\"https:\/\/www.airchecklab.com\/wp-content\/uploads\/2021\/08\/Blue-01.png\",\"contentUrl\":\"https:\/\/www.airchecklab.com\/wp-content\/uploads\/2021\/08\/Blue-01.png\",\"width\":1600,\"height\":301,\"caption\":\"Trace Analytics, LLC\"},\"image\":{\"@id\":\"\/#\/schema\/logo\/image\/\"}}]}<\/script>\n<!-- \/ Yoast SEO Premium plugin. -->","yoast_head_json":{"title":"Prueba de aire comprimido con video de Trace Analytics - Trace Analytics, the AirCheck Lab","robots":{"index":"index","follow":"follow","max-snippet":"max-snippet:-1","max-image-preview":"max-image-preview:large","max-video-preview":"max-video-preview:-1"},"canonical":"https:\/\/www.airchecklab.com\/es\/academia-aircheck%e2%9c%93\/videos-de-pruebas-de-aire-comprimido\/prueba-de-aire-comprimido-con-video-de-trace-analytics\/","og_locale":"es_ES","og_type":"article","og_title":"Prueba de aire comprimido con video de Trace Analytics","og_description":"\u00bfQu\u00e9 hace Trace Analytics? Prueba de aire comprimido! El muestreo de aire comprimido es f\u00e1cil cuando trabaja con el l\u00edder de la industria en an\u00e1lisis de la calidad del aire comprimido. Este breve da una breve descripci\u00f3n de los servicios y las industrias a las que Trace atiende en los campos del aire comprimido. Prueba de aire comprimido con video de Trace Analytics: [video_youtube video_id=&#8221;p98c7DmeVAY&#8221; width=&#8221;460&#8243; height=&#8221;259&#8243; noyoutube=&#8221;\/resources\/videos\/Compressed-Air-Testing-with-Trace-Analytics.mov&#8221; title=&#8221;Compressed Air Testing with Trace Analytics&#8221;] [ShowAllSiblings title=&#8221;Compressed Air Testing Videos:&#8221;]","og_url":"https:\/\/www.airchecklab.com\/es\/academia-aircheck%e2%9c%93\/videos-de-pruebas-de-aire-comprimido\/prueba-de-aire-comprimido-con-video-de-trace-analytics\/","og_site_name":"Trace Analytics, the AirCheck Lab","twitter_card":"summary_large_image","schema":{"@context":"https:\/\/schema.org","@graph":[{"@type":"WebPage","@id":"https:\/\/www.airchecklab.com\/es\/academia-aircheck%e2%9c%93\/videos-de-pruebas-de-aire-comprimido\/prueba-de-aire-comprimido-con-video-de-trace-analytics\/","url":"https:\/\/www.airchecklab.com\/es\/academia-aircheck%e2%9c%93\/videos-de-pruebas-de-aire-comprimido\/prueba-de-aire-comprimido-con-video-de-trace-analytics\/","name":"Prueba de aire comprimido con video de Trace Analytics - Trace Analytics, the AirCheck Lab","isPartOf":{"@id":"\/#website"},"datePublished":"2021-12-27T16:10:22+00:00","dateModified":"2021-12-27T16:10:22+00:00","breadcrumb":{"@id":"https:\/\/www.airchecklab.com\/es\/academia-aircheck%e2%9c%93\/videos-de-pruebas-de-aire-comprimido\/prueba-de-aire-comprimido-con-video-de-trace-analytics\/#breadcrumb"},"inLanguage":"es","potentialAction":[{"@type":"ReadAction","target":["https:\/\/www.airchecklab.com\/es\/academia-aircheck%e2%9c%93\/videos-de-pruebas-de-aire-comprimido\/prueba-de-aire-comprimido-con-video-de-trace-analytics\/"]}]},{"@type":"BreadcrumbList","@id":"https:\/\/www.airchecklab.com\/es\/academia-aircheck%e2%9c%93\/videos-de-pruebas-de-aire-comprimido\/prueba-de-aire-comprimido-con-video-de-trace-analytics\/#breadcrumb","itemListElement":[{"@type":"ListItem","position":1,"name":"Home","item":"https:\/\/www.airchecklab.com\/es\/analisis-de-seguimiento-pruebas-ambientales-y-de-aire-comprimido\/"},{"@type":"ListItem","position":2,"name":"Academia AirCheck\u2713","item":"https:\/\/www.airchecklab.com\/es\/academia-aircheck%e2%9c%93\/"},{"@type":"ListItem","position":3,"name":"Videos de pruebas de aire comprimido","item":"https:\/\/www.airchecklab.com\/es\/academia-aircheck%e2%9c%93\/videos-de-pruebas-de-aire-comprimido\/"},{"@type":"ListItem","position":4,"name":"Prueba de aire comprimido con video de Trace Analytics"}]},{"@type":"WebSite","@id":"\/#website","url":"\/","name":"Trace Analytics, the AirCheck Lab","description":"Compressed Air Testing for ISO 8573, Microbial, SQF, Breathing Air","publisher":{"@id":"\/#organization"},"potentialAction":[{"@type":"SearchAction","target":{"@type":"EntryPoint","urlTemplate":"\/?s={search_term_string}"},"query-input":"required name=search_term_string"}],"inLanguage":"es"},{"@type":"Organization","@id":"\/#organization","name":"Trace Analytics, LLC","url":"\/","logo":{"@type":"ImageObject","inLanguage":"es","@id":"\/#\/schema\/logo\/image\/","url":"https:\/\/www.airchecklab.com\/wp-content\/uploads\/2021\/08\/Blue-01.png","contentUrl":"https:\/\/www.airchecklab.com\/wp-content\/uploads\/2021\/08\/Blue-01.png","width":1600,"height":301,"caption":"Trace Analytics, LLC"},"image":{"@id":"\/#\/schema\/logo\/image\/"}}]}},"_links":{"self":[{"href":"https:\/\/www.airchecklab.com\/es\/wp-json\/wp\/v2\/pages\/22582"}],"collection":[{"href":"https:\/\/www.airchecklab.com\/es\/wp-json\/wp\/v2\/pages"}],"about":[{"href":"https:\/\/www.airchecklab.com\/es\/wp-json\/wp\/v2\/types\/page"}],"author":[{"embeddable":true,"href":"https:\/\/www.airchecklab.com\/es\/wp-json\/wp\/v2\/users\/1"}],"replies":[{"embeddable":true,"href":"https:\/\/www.airchecklab.com\/es\/wp-json\/wp\/v2\/comments?post=22582"}],"version-history":[{"count":0,"href":"https:\/\/www.airchecklab.com\/es\/wp-json\/wp\/v2\/pages\/22582\/revisions"}],"up":[{"embeddable":true,"href":"https:\/\/www.airchecklab.com\/es\/wp-json\/wp\/v2\/pages\/22354"}],"wp:attachment":[{"href":"https:\/\/www.airchecklab.com\/es\/wp-json\/wp\/v2\/media?parent=22582"}],"curies":[{"name":"wp","href":"https:\/\/api.w.org\/{rel}","templated":true}]}}