{"id":22587,"date":"2021-12-27T10:10:22","date_gmt":"2021-12-27T16:10:22","guid":{"rendered":"https:\/\/dev.airchecklab.com\/respirando-aire\/fuentes-de-contaminacion\/dioxido-de-carbono\/"},"modified":"2021-12-27T10:10:22","modified_gmt":"2021-12-27T16:10:22","slug":"dioxido-de-carbono","status":"publish","type":"page","link":"https:\/\/www.airchecklab.com\/es\/academia-aircheck%e2%9c%93\/respirando-aire\/fuentes-de-contaminacion\/dioxido-de-carbono\/","title":{"rendered":"Di\u00f3xido de carbono"},"content":{"rendered":"<h1>Di\u00f3xido de carbono<\/h1>\n<p>Si su muestra de aire reciente no cumple los requisitos debido al di\u00f3xido de carbono, este <span class=\"aircheck\">AirCheck <span class=\"tracecheck\">\u2713<\/span> Tech Note &#x2122;<\/span> puede ayudarlo a identificar la fuente de su contaminaci\u00f3n por di\u00f3xido de carbono.<\/p>\n<p>Por lo general, las razones de este tipo de falla son los altos niveles de CO <sub>2<\/sub> en el aire de admisi\u00f3n. Si no tom\u00f3 una muestra ambiental, pregunte acerca de agregar una prueba ambiental para futuras muestras. Las fuentes pueden ser gases de escape de veh\u00edculos, hornos, etc. Si la ingesta se encuentra en el interior, la fuente suele ser la respiraci\u00f3n humana. Este AirCheck Tech Note &#x2122; sobre di\u00f3xido de carbono tiene buena informaci\u00f3n para ayudarlo a identificar la fuente de su contaminaci\u00f3n.<\/p>\n<p>El exceso de di\u00f3xido de carbono (CO <sub>2<\/sub> ) sol\u00eda ser la raz\u00f3n m\u00e1s com\u00fan por la que los minoristas de buceo no cumpl\u00edan con la especificaci\u00f3n de calidad del aire de grado E de la Asociaci\u00f3n de Gas Comprimido (CGA). El l\u00edmite de di\u00f3xido de carbono era de 500 partes por mill\u00f3n (ppm) antes de 1997. Ahora es de 1000 ppm y rara vez es un problema para nuestros clientes. Todav\u00eda hay algunas especificaciones como la especificaci\u00f3n de aire de American Nitrox Divers International (ANDI) que requieren un l\u00edmite de 500 ppm.<\/p>\n<p>El peque\u00f1o porcentaje de fallas, alrededor del 2% (por debajo del 15% con el l\u00edmite de 500 ppm) comparte algunos factores en com\u00fan, por ejemplo, el compresor est\u00e1 ubicado en una habitaci\u00f3n peque\u00f1a sin buena ventilaci\u00f3n, la entrada de aire est\u00e1 ubicada dentro del edificio, en algunos En los casos en que el sistema de purificaci\u00f3n sea inadecuado, los cartuchos de filtro deben cambiarse en unas pocas horas o est\u00e1n vencidos, o se encuentran en una gran \u00e1rea metropolitana con patrones de alto tr\u00e1fico. A continuaci\u00f3n se explica por qu\u00e9 estas situaciones pueden causar fallas y las acciones correctivas que se pueden tomar.<\/p>\n<h2>El compresor y la ubicaci\u00f3n de la admisi\u00f3n son cruciales<\/h2>\n<p>La ubicaci\u00f3n de un compresor y su entrada de aire son cruciales para la calidad del aire producido y el rendimiento del compresor. El compresor debe ubicarse en un \u00e1rea bien ventilada que est\u00e9 libre de contaminantes como humos da\u00f1inos, gases de escape del motor, qu\u00edmicos para piscinas y solventes (que se encuentran en pinturas, suministros de limpieza y muchos otros productos de uso com\u00fan). Los lugares que tambi\u00e9n incluyen calentadores de agua, calderas o cualquier equipo de combusti\u00f3n deben evitarse debido a las altas temperaturas y la posible contaminaci\u00f3n de los escapes.<\/p>\n<p>La vida \u00fatil de los cartuchos de filtro se ve afectada por las altas temperaturas en la entrada del separador que se encuentra en la entrada del separador mec\u00e1nico justo antes del sistema de purificaci\u00f3n. Si su compresor est\u00e1 funcionando demasiado caliente, lo que puede ocurrir si el compresor est\u00e1 ubicado en una habitaci\u00f3n peque\u00f1a con poca o ninguna ventilaci\u00f3n, acortar\u00e1 la vida \u00fatil de su cartucho de filtro. Es importante proporcionar aire fresco y no contaminado a la entrada del compresor. La contaminaci\u00f3n grave del aire de admisi\u00f3n afectar\u00e1 la eficiencia de los filtros de purificaci\u00f3n, lo que posteriormente podr\u00eda afectar la calidad del aire producido por el compresor. Cuando se trata de un l\u00edmite de 500 ppm de CO <sub>2<\/sub> , es especialmente importante asegurarse de que la calidad del aire de admisi\u00f3n sea aceptable. Como punto de inter\u00e9s, de 1911 a 2004, la concentraci\u00f3n de CO <sub>2<\/sub> en el aire ambiental ha aumentado de 300 a 377 ppmv o alrededor del 25%, la mayor parte liberada desde 1966.<\/p>\n<h2>Cuando una entrada de aire interior es inaceptable<\/h2>\n<p>El CO <sub>2<\/sub> es un subproducto de los gases de escape de los motores, la respiraci\u00f3n humana y la descomposici\u00f3n natural de la materia org\u00e1nica. Los filtros de purificaci\u00f3n que contienen catalizadores tambi\u00e9n pueden causar una ligera elevaci\u00f3n de CO <sub>2<\/sub> porque est\u00e1n dise\u00f1ados para convertir CO en CO <sub>2<\/sub> . Esto es realmente beneficioso ya que el mon\u00f3xido de carbono (CO), incluso en niveles bajos, es mucho m\u00e1s da\u00f1ino que el CO <sub>2<\/sub> . Cada vez que varias personas se encuentran dentro de espacios cerrados, los niveles pueden alcanzar f\u00e1cilmente 600 ppm o m\u00e1s. Los sistemas de HVAC en oficinas o tiendas minoristas generalmente no traen suficiente aire fresco del exterior para reducir significativamente el nivel de CO <sub>2<\/sub> que puede acumularse. Cuando se enfrenta a niveles de CO <sub>2<\/sub> que est\u00e1n ligeramente por encima del l\u00edmite, puede ayudar abrir ventanas \/ puertas, usar ventiladores y elevar la ubicaci\u00f3n de entrada a la altura del techo. Esto debe hacerse cada vez que se usa el compresor para cargar un cilindro porque pasar una prueba de aire es importante, pero no tan importante como proporcionar aire seguro de manera rutinaria para llenar el scuba o scbas. Sin embargo, si los niveles son constantemente altos, la soluci\u00f3n m\u00e1s com\u00fan es trasladar la ubicaci\u00f3n de entrada al exterior.<\/p>\n<h2>Determinar si una ubicaci\u00f3n exterior es la mejor soluci\u00f3n<\/h2>\n<p>Antes de mover la ingesta, realice una encuesta del vecindario en diferentes momentos del d\u00eda, durante varios d\u00edas. Tenga en cuenta que el aire exterior puede estar contaminado por escapes de fuentes tan comunes como tintorer\u00edas, salones de belleza, talleres de pintura \/ carrocer\u00eda, industria pesada y, por supuesto, escapes de veh\u00edculos \/ motores. Estas condiciones pueden hacer que el aire exterior sea una fuente inapropiada para la entrada de su compresor. Si no est\u00e1 seguro, se pueden tomar muestras de aire y enviarlas para an\u00e1lisis de laboratorio. Si tiene una entrada exterior, siempre debe estar alerta a las condiciones externas que puedan afectar la calidad del aire durante todo el a\u00f1o. Durante estos tiempos, el compresor no debe funcionar.<\/p>\n<h2>Determinaci\u00f3n del tama\u00f1o de la tuber\u00eda de admisi\u00f3n<\/h2>\n<p>En t\u00e9rminos generales, la tuber\u00eda de entrada se puede dimensionar de acuerdo con las siguientes pautas:<\/p>\n<ul class=\"square\">\n<li>Por cada 10 pies, duplique el tama\u00f1o de la tuber\u00eda, por ejemplo, si la entrada del compresor es\n<ul class=\"square\">\n<li>1 \u201d; entonces la tuber\u00eda no debe tener m\u00e1s de 10 pies,<\/li>\n<li>2 \u201d; entonces la tuber\u00eda no debe tener m\u00e1s de 20 pies,<\/li>\n<li>4 \u201d; entonces la tuber\u00eda no debe tener m\u00e1s de 30 pies,<\/li>\n<\/ul>\n<\/li>\n<\/ul>\n<p>Si se utilizan m\u00e1s de 4 codos, cada 2 codos de 90 \u00b0 deben tratarse como 10 pies de tuber\u00eda,<\/p>\n<ul class=\"square\">\n<li>Todo el recorrido debe ser de un tama\u00f1o de tuber\u00eda,<\/li>\n<li>Instale una trampa de humedad con una v\u00e1lvula de drenaje antes de la entrada del compresor. Esto debe comprobarse peri\u00f3dicamente e incluirse en las comprobaciones de mantenimiento de rutina.<\/li>\n<\/ul>\n<p>Es mejor mantener la tuber\u00eda lo m\u00e1s corta y recta posible. La altura m\u00ednima debe ser de 8 a 10 pies, pero hemos descubierto que por encima de la l\u00ednea del techo casi siempre funciona. No coloque a favor del viento de las rejillas de ventilaci\u00f3n de la calefacci\u00f3n o el aire acondicionado. Los codos de 90 \u00b0 y la distancia total de la tuber\u00eda de entrada deben mantenerse al m\u00ednimo para evitar cualquier restricci\u00f3n del flujo de aire.<\/p>\n<p>El extremo de la tuber\u00eda de entrada debe apuntar hacia abajo para evitar que el exceso de agua entre en la entrada del compresor. Debe cubrirse con una malla fina para eliminar el bloqueo de suciedad, hojas, nidos de p\u00e1jaros y otros desechos. Se debe tener cuidado para asegurar que el \u00e1rea de la superficie sea lo suficientemente grande para que no restrinja la entrada de aire.<\/p>\n<p>La tuber\u00eda de entrada debe estar hecha de un tipo de material como el PVC que no contribuya a la contaminaci\u00f3n por corrosi\u00f3n o interacci\u00f3n qu\u00edmica. Si usa pegamento, deje suficiente tiempo para que se disipen los vapores del pegamento antes de usarlo. (Si se usa cemento de PVC, deje que se eliminen los gases durante 4 semanas, si se usa sellador de caucho de silicona, util\u00edcelo solo en el exterior de la tuber\u00eda y deje que se eliminen los gases durante 2 d\u00edas). La conexi\u00f3n de la tuber\u00eda al compresor se puede lograr con un peque\u00f1o trozo de tuber\u00eda flexible. No utilice tubos de goma o plegables. La manguera de aspiradora corrugada o la manguera de aspiraci\u00f3n de piscina funcionan bien. El filtro de entrada del compresor no se debe quitar sino dejar en servicio.<\/p>\n<p><img decoding=\"async\" src=\"data:image\/gif;base64,R0lGODlhAQABAAAAACH5BAEKAAEALAAAAAABAAEAAAICTAEAOw==\" data-orig-src=\"\/images\/Outside-Intake-Location-Guidelines.png\" alt=\"Outside Intake Location Guidelines\" class=\"lazyload center\" style=\"width:80%;\"><\/p>\n<h2>Por qu\u00e9 los filtros de purificaci\u00f3n no eliminan el exceso de CO <sub>2<\/sub><\/h2>\n<p>Lo que debe entenderse sobre el proceso de purificaci\u00f3n del aire respirable comprimido a alta presi\u00f3n es que la tecnolog\u00eda disponible en la actualidad no puede producir filtros econ\u00f3micos para eliminar de manera eficiente y constante el di\u00f3xido de carbono durante toda la vida \u00fatil del cartucho. Durante las primeras horas de funcionamiento, los niveles de CO <sub>2<\/sub> se pueden reducir en un nuevo cartucho de filtro que contiene un tamiz molecular. Esto se debe a la absorci\u00f3n de CO <sub>2<\/sub> por el tamiz molecular. El filtro funcionar\u00e1 seg\u00fan lo dise\u00f1ado, lo que significa que la humedad se eliminar\u00e1 preferentemente de la corriente de aire. Dado que el tamiz molecular prefiere el agua al CO <sub>2<\/sub> , cuando el agua se absorbe lo suficiente, se liberan las mol\u00e9culas de CO <sub>2<\/sub> . Esto puede provocar un aumento gradual de CO <sub>2<\/sub> o si una gran cantidad de agua se absorbe r\u00e1pidamente, la liberaci\u00f3n de CO <sub>2<\/sub> acumulado podr\u00eda ser significativa.<\/p>\n<h2>Determinaci\u00f3n de la vida \u00fatil de sus cartuchos filtrantes<\/h2>\n<p>Todos los cartuchos de filtro tienen una vida \u00fatil limitada. La vida \u00fatil del filtro est\u00e1 determinada por el contenido de humedad del aire que se entrega al cartucho del filtro. El contenido de agua es una funci\u00f3n de la eficacia con la que los separadores del compresor eliminan el agua l\u00edquida contenida en la corriente de aire y la temperatura del aire. Suponiendo que los separadores son 100% eficientes, la cantidad de agua en forma de vapor que llega al desecante (tamiz molecular) por unidad de masa de gas comprimido es funci\u00f3n de la temperatura, por ejemplo, cuanto m\u00e1s alta es la temperatura, m\u00e1s vapor de agua. La mayor\u00eda de los compresores de aire respirable de alta presi\u00f3n del mercado ahora pueden funcionar en un entorno de hasta 100 \u00b0 F. Si una temperatura ambiental tan alta puede evitarse mediante una buena ventilaci\u00f3n de la habitaci\u00f3n, etc., finalmente se traducir\u00e1 en temperaturas de aire m\u00e1s fr\u00edas que ingresan al sistema de filtrado y una vida \u00fatil m\u00e1s prolongada del filtro. La vida \u00fatil del filtro (en t\u00e9rminos de volumen de aire procesado) puede correlacionarse directamente con la cantidad de vapor de agua que debe eliminarse de una corriente de aire saturado.<\/p>\n<p>Por ejemplo: Si un compresor est\u00e1 ubicado en una habitaci\u00f3n similar a un armario, sin acceso al aire fresco del exterior; las temperaturas (incluso si tienen aire acondicionado) pueden subir a 100 \u00b0 F en la entrada del separador. Esto puede reducir dr\u00e1sticamente la cantidad real de horas que se puede usar el filtro. Es factible que un filtro clasificado para 40 horas, solo pueda usarse de manera segura durante 20 horas bajo las condiciones mencionadas anteriormente. Para obtener m\u00e1s informaci\u00f3n, anote la marca, el modelo, scfm y psi de su compresor, la marca del filtro y el n\u00famero de inventario, y las temperaturas ambientales t\u00edpicas o, si es posible, las temperaturas de entrada del separador. Luego, comun\u00edquese con el fabricante de su compresor para discutir su situaci\u00f3n espec\u00edfica.<\/p>\n<h2>Ca\u00eddas de presi\u00f3n, filtros giratorios, pueden ser una fuente de problemas<\/h2>\n<p>Como se mencion\u00f3 anteriormente, los filtros est\u00e1n dise\u00f1ados para eliminar el mon\u00f3xido de carbono convirti\u00e9ndolo en CO <sub>2<\/sub> . El filtro entonces retendr\u00e1 el CO <sub>2<\/sub> junto con otras impurezas eliminadas. Si se produce una ca\u00edda de presi\u00f3n repentina, como cuando la v\u00e1lvula de purga de la c\u00e1mara de purificaci\u00f3n se abre demasiado r\u00e1pido o se produce una falla repentina de la v\u00e1lvula de mantenimiento de presi\u00f3n, entonces se pueden liberar CO <sub>2<\/sub> y otros contaminantes a la corriente de aire. Otro escenario que puede causar niveles altos de CO <sub>2<\/sub> es cuando un filtro de purificaci\u00f3n no se quita sino que se mueve hacia arriba en la cadena de cartuchos a una posici\u00f3n frontal o cuando ha alcanzado su m\u00e1xima eficiencia. Algunos filtros tienen una tira indicadora de humedad en el exterior del cartucho. Aunque es posible que la tira no indique que es hora de retirarla, no se debe suponer que el filtro est\u00e1 &#8220;como nuevo&#8221;. Un filtro es como una esponja, puede retener cantidades desconocidas de CO <sub>2<\/sub> o hidrocarburos gaseosos. Cuando se sature por completo, como una esponja, no continuar\u00e1 elimin\u00e1ndose, sino que permitir\u00e1 que los contaminantes simplemente pasen. Si se produce una ca\u00edda de presi\u00f3n en este punto, se pueden liberar grandes cantidades de CO <sub>2<\/sub> y \/ o hidrocarburos gaseosos.<\/p>\n<h2>Reglas generales<\/h2>\n<p>Para proporcionar las mejores condiciones para un suministro de aire seguro que cumpla con las especificaciones CGA Grado E, siga estas pautas:<\/p>\n<ul class=\"square\">\n<li>Ubique el compresor en un \u00e1rea limpia y bien ventilada<\/li>\n<li>La ubicaci\u00f3n de la admisi\u00f3n es crucial: determine cu\u00e1l es mejor para su situaci\u00f3n<\/li>\n<li>Opere y mantenga el compresor de acuerdo con las pautas del fabricante<\/li>\n<li>Permita que solo personal capacitado y concienzudo opere y mantenga el compresor<\/li>\n<li>Use los filtros recomendados para su compresor, determine cu\u00e1nto tiempo se supone que deben durar seg\u00fan el volumen nominal por cartucho de filtro, la capacidad de su compresor (cfm), la temperatura de entrada del separador y cualquier factor de correcci\u00f3n debido a temperaturas de entrada del separador por encima o por debajo de 70 \u00b0 F .<\/li>\n<li>Mantenga un registro de todo el trabajo realizado en el compresor, incluidas las horas de funcionamiento, las temperaturas de entrada y los cambios de filtro.<\/li>\n<li>Utilice un laboratorio acreditado y de buena reputaci\u00f3n para el an\u00e1lisis de muestras de aire trimestralmente como parte de su programa de seguridad. Se deben realizar pruebas adicionales si se mueve el compresor o se realiza un trabajo importante.<\/li>\n<\/ul>\n<p>Si tiene m\u00e1s preguntas o necesita ayuda para resolver este problema, comun\u00edquese con <a href=\"https:\/\/www.airchecklab.com\/contact\/contact-us\/\">nosotros<\/a> o ll\u00e1menos al 1-800-247-1024. Tiene derecho a una nueva muestra gratuita. Utilice los materiales que tiene a mano para volver a realizar la prueba. Una vez que hayamos recibido su muestra (tiene 30 d\u00edas), repondremos su kit.<\/p>\n<p>\u00a1El <a href=\"https:\/\/www.airchecklab.com\/contact\/our-team-of-experts\/\">equipo de expertos de AirCheck AirCheck <span class=\"tracecheck\">\u2713<\/span> &#x2122;<\/a> desea agradecerle por su continuo negocio!<\/p>\n<p>[ShowAllSiblings title=&#8221;Other sources of compressed breathing air contamination include:&#8221;]<\/p>\n","protected":false},"excerpt":{"rendered":"<p>Di\u00f3xido de carbono Si su muestra de aire reciente no cumple los requisitos debido al di\u00f3xido de carbono, este AirCheck \u2713 Tech Note &#x2122; puede ayudarlo a identificar la fuente de su contaminaci\u00f3n por di\u00f3xido de carbono. Por lo general, las razones de este tipo de falla son los altos niveles de CO 2 en el aire de admisi\u00f3n. Si no tom\u00f3 una muestra ambiental, pregunte acerca de agregar una prueba ambiental para futuras muestras. Las fuentes pueden ser gases [&hellip;]<\/p>\n","protected":false},"author":1,"featured_media":0,"parent":22358,"menu_order":0,"comment_status":"closed","ping_status":"closed","template":"index.php","meta":{"content-type":""},"yoast_head":"<!-- This site is optimized with the Yoast SEO Premium plugin v20.0 (Yoast SEO v20.0) - https:\/\/yoast.com\/wordpress\/plugins\/seo\/ -->\n<title>Di\u00f3xido de carbono - Trace Analytics, the AirCheck Lab<\/title>\n<meta name=\"robots\" content=\"index, follow, max-snippet:-1, max-image-preview:large, max-video-preview:-1\" \/>\n<link rel=\"canonical\" href=\"https:\/\/www.airchecklab.com\/es\/academia-aircheck%e2%9c%93\/respirando-aire\/fuentes-de-contaminacion\/dioxido-de-carbono\/\" \/>\n<meta property=\"og:locale\" content=\"es_ES\" \/>\n<meta property=\"og:type\" content=\"article\" \/>\n<meta property=\"og:title\" content=\"Di\u00f3xido de carbono\" \/>\n<meta property=\"og:description\" content=\"Di\u00f3xido de carbono Si su muestra de aire reciente no cumple los requisitos debido al di\u00f3xido de carbono, este AirCheck \u2713 Tech Note &#x2122; puede ayudarlo a identificar la fuente de su contaminaci\u00f3n por di\u00f3xido de carbono. Por lo general, las razones de este tipo de falla son los altos niveles de CO 2 en el aire de admisi\u00f3n. Si no tom\u00f3 una muestra ambiental, pregunte acerca de agregar una prueba ambiental para futuras muestras. Las fuentes pueden ser gases [&hellip;]\" \/>\n<meta property=\"og:url\" content=\"https:\/\/www.airchecklab.com\/es\/academia-aircheck%e2%9c%93\/respirando-aire\/fuentes-de-contaminacion\/dioxido-de-carbono\/\" \/>\n<meta property=\"og:site_name\" content=\"Trace Analytics, the AirCheck Lab\" \/>\n<meta name=\"twitter:card\" content=\"summary_large_image\" \/>\n<meta name=\"twitter:label1\" content=\"Tiempo de lectura\" \/>\n\t<meta name=\"twitter:data1\" content=\"12 minutos\" \/>\n<script type=\"application\/ld+json\" class=\"yoast-schema-graph\">{\"@context\":\"https:\/\/schema.org\",\"@graph\":[{\"@type\":\"WebPage\",\"@id\":\"https:\/\/www.airchecklab.com\/es\/academia-aircheck%e2%9c%93\/respirando-aire\/fuentes-de-contaminacion\/dioxido-de-carbono\/\",\"url\":\"https:\/\/www.airchecklab.com\/es\/academia-aircheck%e2%9c%93\/respirando-aire\/fuentes-de-contaminacion\/dioxido-de-carbono\/\",\"name\":\"Di\u00f3xido de carbono - Trace Analytics, the AirCheck Lab\",\"isPartOf\":{\"@id\":\"\/#website\"},\"datePublished\":\"2021-12-27T16:10:22+00:00\",\"dateModified\":\"2021-12-27T16:10:22+00:00\",\"breadcrumb\":{\"@id\":\"https:\/\/www.airchecklab.com\/es\/academia-aircheck%e2%9c%93\/respirando-aire\/fuentes-de-contaminacion\/dioxido-de-carbono\/#breadcrumb\"},\"inLanguage\":\"es\",\"potentialAction\":[{\"@type\":\"ReadAction\",\"target\":[\"https:\/\/www.airchecklab.com\/es\/academia-aircheck%e2%9c%93\/respirando-aire\/fuentes-de-contaminacion\/dioxido-de-carbono\/\"]}]},{\"@type\":\"BreadcrumbList\",\"@id\":\"https:\/\/www.airchecklab.com\/es\/academia-aircheck%e2%9c%93\/respirando-aire\/fuentes-de-contaminacion\/dioxido-de-carbono\/#breadcrumb\",\"itemListElement\":[{\"@type\":\"ListItem\",\"position\":1,\"name\":\"Home\",\"item\":\"https:\/\/www.airchecklab.com\/es\/analisis-de-seguimiento-pruebas-ambientales-y-de-aire-comprimido\/\"},{\"@type\":\"ListItem\",\"position\":2,\"name\":\"Academia AirCheck\u2713\",\"item\":\"https:\/\/www.airchecklab.com\/es\/academia-aircheck%e2%9c%93\/\"},{\"@type\":\"ListItem\",\"position\":3,\"name\":\"Respirando aire\",\"item\":\"https:\/\/www.airchecklab.com\/es\/academia-aircheck%e2%9c%93\/respirando-aire\/\"},{\"@type\":\"ListItem\",\"position\":4,\"name\":\"Fuentes de contaminaci\u00f3n\",\"item\":\"https:\/\/www.airchecklab.com\/es\/academia-aircheck%e2%9c%93\/respirando-aire\/fuentes-de-contaminacion\/\"},{\"@type\":\"ListItem\",\"position\":5,\"name\":\"Di\u00f3xido de carbono\"}]},{\"@type\":\"WebSite\",\"@id\":\"\/#website\",\"url\":\"\/\",\"name\":\"Trace Analytics, the AirCheck Lab\",\"description\":\"Compressed Air Testing for ISO 8573, Microbial, SQF, Breathing Air\",\"publisher\":{\"@id\":\"\/#organization\"},\"potentialAction\":[{\"@type\":\"SearchAction\",\"target\":{\"@type\":\"EntryPoint\",\"urlTemplate\":\"\/?s={search_term_string}\"},\"query-input\":\"required name=search_term_string\"}],\"inLanguage\":\"es\"},{\"@type\":\"Organization\",\"@id\":\"\/#organization\",\"name\":\"Trace Analytics, LLC\",\"url\":\"\/\",\"logo\":{\"@type\":\"ImageObject\",\"inLanguage\":\"es\",\"@id\":\"\/#\/schema\/logo\/image\/\",\"url\":\"https:\/\/www.airchecklab.com\/wp-content\/uploads\/2021\/08\/Blue-01.png\",\"contentUrl\":\"https:\/\/www.airchecklab.com\/wp-content\/uploads\/2021\/08\/Blue-01.png\",\"width\":1600,\"height\":301,\"caption\":\"Trace Analytics, LLC\"},\"image\":{\"@id\":\"\/#\/schema\/logo\/image\/\"}}]}<\/script>\n<!-- \/ Yoast SEO Premium plugin. -->","yoast_head_json":{"title":"Di\u00f3xido de carbono - Trace Analytics, the AirCheck Lab","robots":{"index":"index","follow":"follow","max-snippet":"max-snippet:-1","max-image-preview":"max-image-preview:large","max-video-preview":"max-video-preview:-1"},"canonical":"https:\/\/www.airchecklab.com\/es\/academia-aircheck%e2%9c%93\/respirando-aire\/fuentes-de-contaminacion\/dioxido-de-carbono\/","og_locale":"es_ES","og_type":"article","og_title":"Di\u00f3xido de carbono","og_description":"Di\u00f3xido de carbono Si su muestra de aire reciente no cumple los requisitos debido al di\u00f3xido de carbono, este AirCheck \u2713 Tech Note &#x2122; puede ayudarlo a identificar la fuente de su contaminaci\u00f3n por di\u00f3xido de carbono. Por lo general, las razones de este tipo de falla son los altos niveles de CO 2 en el aire de admisi\u00f3n. Si no tom\u00f3 una muestra ambiental, pregunte acerca de agregar una prueba ambiental para futuras muestras. Las fuentes pueden ser gases [&hellip;]","og_url":"https:\/\/www.airchecklab.com\/es\/academia-aircheck%e2%9c%93\/respirando-aire\/fuentes-de-contaminacion\/dioxido-de-carbono\/","og_site_name":"Trace Analytics, the AirCheck Lab","twitter_card":"summary_large_image","twitter_misc":{"Tiempo de lectura":"12 minutos"},"schema":{"@context":"https:\/\/schema.org","@graph":[{"@type":"WebPage","@id":"https:\/\/www.airchecklab.com\/es\/academia-aircheck%e2%9c%93\/respirando-aire\/fuentes-de-contaminacion\/dioxido-de-carbono\/","url":"https:\/\/www.airchecklab.com\/es\/academia-aircheck%e2%9c%93\/respirando-aire\/fuentes-de-contaminacion\/dioxido-de-carbono\/","name":"Di\u00f3xido de carbono - Trace Analytics, the AirCheck Lab","isPartOf":{"@id":"\/#website"},"datePublished":"2021-12-27T16:10:22+00:00","dateModified":"2021-12-27T16:10:22+00:00","breadcrumb":{"@id":"https:\/\/www.airchecklab.com\/es\/academia-aircheck%e2%9c%93\/respirando-aire\/fuentes-de-contaminacion\/dioxido-de-carbono\/#breadcrumb"},"inLanguage":"es","potentialAction":[{"@type":"ReadAction","target":["https:\/\/www.airchecklab.com\/es\/academia-aircheck%e2%9c%93\/respirando-aire\/fuentes-de-contaminacion\/dioxido-de-carbono\/"]}]},{"@type":"BreadcrumbList","@id":"https:\/\/www.airchecklab.com\/es\/academia-aircheck%e2%9c%93\/respirando-aire\/fuentes-de-contaminacion\/dioxido-de-carbono\/#breadcrumb","itemListElement":[{"@type":"ListItem","position":1,"name":"Home","item":"https:\/\/www.airchecklab.com\/es\/analisis-de-seguimiento-pruebas-ambientales-y-de-aire-comprimido\/"},{"@type":"ListItem","position":2,"name":"Academia AirCheck\u2713","item":"https:\/\/www.airchecklab.com\/es\/academia-aircheck%e2%9c%93\/"},{"@type":"ListItem","position":3,"name":"Respirando aire","item":"https:\/\/www.airchecklab.com\/es\/academia-aircheck%e2%9c%93\/respirando-aire\/"},{"@type":"ListItem","position":4,"name":"Fuentes de contaminaci\u00f3n","item":"https:\/\/www.airchecklab.com\/es\/academia-aircheck%e2%9c%93\/respirando-aire\/fuentes-de-contaminacion\/"},{"@type":"ListItem","position":5,"name":"Di\u00f3xido de carbono"}]},{"@type":"WebSite","@id":"\/#website","url":"\/","name":"Trace Analytics, the AirCheck Lab","description":"Compressed Air Testing for ISO 8573, Microbial, SQF, Breathing Air","publisher":{"@id":"\/#organization"},"potentialAction":[{"@type":"SearchAction","target":{"@type":"EntryPoint","urlTemplate":"\/?s={search_term_string}"},"query-input":"required name=search_term_string"}],"inLanguage":"es"},{"@type":"Organization","@id":"\/#organization","name":"Trace Analytics, LLC","url":"\/","logo":{"@type":"ImageObject","inLanguage":"es","@id":"\/#\/schema\/logo\/image\/","url":"https:\/\/www.airchecklab.com\/wp-content\/uploads\/2021\/08\/Blue-01.png","contentUrl":"https:\/\/www.airchecklab.com\/wp-content\/uploads\/2021\/08\/Blue-01.png","width":1600,"height":301,"caption":"Trace Analytics, LLC"},"image":{"@id":"\/#\/schema\/logo\/image\/"}}]}},"_links":{"self":[{"href":"https:\/\/www.airchecklab.com\/es\/wp-json\/wp\/v2\/pages\/22587"}],"collection":[{"href":"https:\/\/www.airchecklab.com\/es\/wp-json\/wp\/v2\/pages"}],"about":[{"href":"https:\/\/www.airchecklab.com\/es\/wp-json\/wp\/v2\/types\/page"}],"author":[{"embeddable":true,"href":"https:\/\/www.airchecklab.com\/es\/wp-json\/wp\/v2\/users\/1"}],"replies":[{"embeddable":true,"href":"https:\/\/www.airchecklab.com\/es\/wp-json\/wp\/v2\/comments?post=22587"}],"version-history":[{"count":0,"href":"https:\/\/www.airchecklab.com\/es\/wp-json\/wp\/v2\/pages\/22587\/revisions"}],"up":[{"embeddable":true,"href":"https:\/\/www.airchecklab.com\/es\/wp-json\/wp\/v2\/pages\/22358"}],"wp:attachment":[{"href":"https:\/\/www.airchecklab.com\/es\/wp-json\/wp\/v2\/media?parent=22587"}],"curies":[{"name":"wp","href":"https:\/\/api.w.org\/{rel}","templated":true}]}}