{"id":22589,"date":"2021-12-27T10:10:23","date_gmt":"2021-12-27T16:10:23","guid":{"rendered":"https:\/\/dev.airchecklab.com\/respirando-aire\/fuentes-de-contaminacion\/olor\/"},"modified":"2021-12-27T10:10:23","modified_gmt":"2021-12-27T16:10:23","slug":"olor","status":"publish","type":"page","link":"https:\/\/www.airchecklab.com\/es\/academia-aircheck%e2%9c%93\/respirando-aire\/fuentes-de-contaminacion\/olor\/","title":{"rendered":"Olor"},"content":{"rendered":"<h1>Olor<\/h1>\n<p>Si su muestra de aire reciente no cumple con los requisitos debido al olor, este <span class=\"aircheck\">AirCheck <span class=\"tracecheck\">\u2713<\/span> Tech Note &#x2122;<\/span> puede ayudarlo a identificar la fuente de la contaminaci\u00f3n del olor.<\/p>\n<p>No hay an\u00e1lisis de laboratorio para detectar olores. La determinaci\u00f3n de aprobado \/ reprobado se basa en la informaci\u00f3n proporcionada en la hoja de datos enviada con la muestra. Si cree que la hoja de datos se marc\u00f3 incorrectamente, env\u00ede la informaci\u00f3n correcta por correo electr\u00f3nico o fax. El informe se revisar\u00e1 despu\u00e9s de recibir su autorizaci\u00f3n por escrito.<\/p>\n<p>Si tiene m\u00e1s preguntas o necesita ayuda para resolver este problema, comun\u00edquese con <a href=\"https:\/\/www.airchecklab.com\/contact\/contact-us\/\">nosotros<\/a> o ll\u00e1menos al 1-800-247-1024. Tiene derecho a una nueva muestra gratuita. Utilice los materiales que tiene a mano para volver a realizar la prueba. Una vez que hayamos recibido su muestra (tiene 30 d\u00edas), repondremos su kit.<\/p>\n<p>\u00a1El <a href=\"https:\/\/www.airchecklab.com\/contact\/contact-us\/\">equipo de expertos de AirCheck <span class=\"tracecheck\">\u2713<\/span> &#x2122;<\/a> en Trace desea agradecerle por su continuo negocio!<\/p>\n<p>[ShowAllSiblings title=&#8221;Other sources of compressed breathing air contamination include:&#8221;]<\/p>\n","protected":false},"excerpt":{"rendered":"<p>Olor Si su muestra de aire reciente no cumple con los requisitos debido al olor, este AirCheck \u2713 Tech Note &#x2122; puede ayudarlo a identificar la fuente de la contaminaci\u00f3n del olor. No hay an\u00e1lisis de laboratorio para detectar olores. La determinaci\u00f3n de aprobado \/ reprobado se basa en la informaci\u00f3n proporcionada en la hoja de datos enviada con la muestra. Si cree que la hoja de datos se marc\u00f3 incorrectamente, env\u00ede la informaci\u00f3n correcta por correo electr\u00f3nico o fax. [&hellip;]<\/p>\n","protected":false},"author":1,"featured_media":0,"parent":22358,"menu_order":0,"comment_status":"closed","ping_status":"closed","template":"index.php","meta":{"content-type":""},"yoast_head":"<!-- This site is optimized with the Yoast SEO Premium plugin v20.0 (Yoast SEO v20.0) - https:\/\/yoast.com\/wordpress\/plugins\/seo\/ -->\n<title>Olor - Trace Analytics, the AirCheck Lab<\/title>\n<meta name=\"robots\" content=\"index, follow, max-snippet:-1, max-image-preview:large, max-video-preview:-1\" \/>\n<link rel=\"canonical\" href=\"https:\/\/www.airchecklab.com\/es\/academia-aircheck%e2%9c%93\/respirando-aire\/fuentes-de-contaminacion\/olor\/\" \/>\n<meta property=\"og:locale\" content=\"es_ES\" \/>\n<meta property=\"og:type\" content=\"article\" \/>\n<meta property=\"og:title\" content=\"Olor\" \/>\n<meta property=\"og:description\" content=\"Olor Si su muestra de aire reciente no cumple con los requisitos debido al olor, este AirCheck \u2713 Tech Note &#x2122; puede ayudarlo a identificar la fuente de la contaminaci\u00f3n del olor. No hay an\u00e1lisis de laboratorio para detectar olores. La determinaci\u00f3n de aprobado \/ reprobado se basa en la informaci\u00f3n proporcionada en la hoja de datos enviada con la muestra. Si cree que la hoja de datos se marc\u00f3 incorrectamente, env\u00ede la informaci\u00f3n correcta por correo electr\u00f3nico o fax. [&hellip;]\" \/>\n<meta property=\"og:url\" content=\"https:\/\/www.airchecklab.com\/es\/academia-aircheck%e2%9c%93\/respirando-aire\/fuentes-de-contaminacion\/olor\/\" \/>\n<meta property=\"og:site_name\" content=\"Trace Analytics, the AirCheck Lab\" \/>\n<meta name=\"twitter:card\" content=\"summary_large_image\" \/>\n<meta name=\"twitter:label1\" content=\"Tiempo de lectura\" \/>\n\t<meta name=\"twitter:data1\" content=\"1 minuto\" \/>\n<script type=\"application\/ld+json\" class=\"yoast-schema-graph\">{\"@context\":\"https:\/\/schema.org\",\"@graph\":[{\"@type\":\"WebPage\",\"@id\":\"https:\/\/www.airchecklab.com\/es\/academia-aircheck%e2%9c%93\/respirando-aire\/fuentes-de-contaminacion\/olor\/\",\"url\":\"https:\/\/www.airchecklab.com\/es\/academia-aircheck%e2%9c%93\/respirando-aire\/fuentes-de-contaminacion\/olor\/\",\"name\":\"Olor - Trace Analytics, the AirCheck Lab\",\"isPartOf\":{\"@id\":\"\/#website\"},\"datePublished\":\"2021-12-27T16:10:23+00:00\",\"dateModified\":\"2021-12-27T16:10:23+00:00\",\"breadcrumb\":{\"@id\":\"https:\/\/www.airchecklab.com\/es\/academia-aircheck%e2%9c%93\/respirando-aire\/fuentes-de-contaminacion\/olor\/#breadcrumb\"},\"inLanguage\":\"es\",\"potentialAction\":[{\"@type\":\"ReadAction\",\"target\":[\"https:\/\/www.airchecklab.com\/es\/academia-aircheck%e2%9c%93\/respirando-aire\/fuentes-de-contaminacion\/olor\/\"]}]},{\"@type\":\"BreadcrumbList\",\"@id\":\"https:\/\/www.airchecklab.com\/es\/academia-aircheck%e2%9c%93\/respirando-aire\/fuentes-de-contaminacion\/olor\/#breadcrumb\",\"itemListElement\":[{\"@type\":\"ListItem\",\"position\":1,\"name\":\"Home\",\"item\":\"https:\/\/www.airchecklab.com\/es\/analisis-de-seguimiento-pruebas-ambientales-y-de-aire-comprimido\/\"},{\"@type\":\"ListItem\",\"position\":2,\"name\":\"Academia AirCheck\u2713\",\"item\":\"https:\/\/www.airchecklab.com\/es\/academia-aircheck%e2%9c%93\/\"},{\"@type\":\"ListItem\",\"position\":3,\"name\":\"Respirando aire\",\"item\":\"https:\/\/www.airchecklab.com\/es\/academia-aircheck%e2%9c%93\/respirando-aire\/\"},{\"@type\":\"ListItem\",\"position\":4,\"name\":\"Fuentes de contaminaci\u00f3n\",\"item\":\"https:\/\/www.airchecklab.com\/es\/academia-aircheck%e2%9c%93\/respirando-aire\/fuentes-de-contaminacion\/\"},{\"@type\":\"ListItem\",\"position\":5,\"name\":\"Olor\"}]},{\"@type\":\"WebSite\",\"@id\":\"\/#website\",\"url\":\"\/\",\"name\":\"Trace Analytics, the AirCheck Lab\",\"description\":\"Compressed Air Testing for ISO 8573, Microbial, SQF, Breathing Air\",\"publisher\":{\"@id\":\"\/#organization\"},\"potentialAction\":[{\"@type\":\"SearchAction\",\"target\":{\"@type\":\"EntryPoint\",\"urlTemplate\":\"\/?s={search_term_string}\"},\"query-input\":\"required name=search_term_string\"}],\"inLanguage\":\"es\"},{\"@type\":\"Organization\",\"@id\":\"\/#organization\",\"name\":\"Trace Analytics, LLC\",\"url\":\"\/\",\"logo\":{\"@type\":\"ImageObject\",\"inLanguage\":\"es\",\"@id\":\"\/#\/schema\/logo\/image\/\",\"url\":\"https:\/\/www.airchecklab.com\/wp-content\/uploads\/2021\/08\/Blue-01.png\",\"contentUrl\":\"https:\/\/www.airchecklab.com\/wp-content\/uploads\/2021\/08\/Blue-01.png\",\"width\":1600,\"height\":301,\"caption\":\"Trace Analytics, LLC\"},\"image\":{\"@id\":\"\/#\/schema\/logo\/image\/\"}}]}<\/script>\n<!-- \/ Yoast SEO Premium plugin. -->","yoast_head_json":{"title":"Olor - Trace Analytics, the AirCheck Lab","robots":{"index":"index","follow":"follow","max-snippet":"max-snippet:-1","max-image-preview":"max-image-preview:large","max-video-preview":"max-video-preview:-1"},"canonical":"https:\/\/www.airchecklab.com\/es\/academia-aircheck%e2%9c%93\/respirando-aire\/fuentes-de-contaminacion\/olor\/","og_locale":"es_ES","og_type":"article","og_title":"Olor","og_description":"Olor Si su muestra de aire reciente no cumple con los requisitos debido al olor, este AirCheck \u2713 Tech Note &#x2122; puede ayudarlo a identificar la fuente de la contaminaci\u00f3n del olor. No hay an\u00e1lisis de laboratorio para detectar olores. La determinaci\u00f3n de aprobado \/ reprobado se basa en la informaci\u00f3n proporcionada en la hoja de datos enviada con la muestra. Si cree que la hoja de datos se marc\u00f3 incorrectamente, env\u00ede la informaci\u00f3n correcta por correo electr\u00f3nico o fax. [&hellip;]","og_url":"https:\/\/www.airchecklab.com\/es\/academia-aircheck%e2%9c%93\/respirando-aire\/fuentes-de-contaminacion\/olor\/","og_site_name":"Trace Analytics, the AirCheck Lab","twitter_card":"summary_large_image","twitter_misc":{"Tiempo de lectura":"1 minuto"},"schema":{"@context":"https:\/\/schema.org","@graph":[{"@type":"WebPage","@id":"https:\/\/www.airchecklab.com\/es\/academia-aircheck%e2%9c%93\/respirando-aire\/fuentes-de-contaminacion\/olor\/","url":"https:\/\/www.airchecklab.com\/es\/academia-aircheck%e2%9c%93\/respirando-aire\/fuentes-de-contaminacion\/olor\/","name":"Olor - Trace Analytics, the AirCheck Lab","isPartOf":{"@id":"\/#website"},"datePublished":"2021-12-27T16:10:23+00:00","dateModified":"2021-12-27T16:10:23+00:00","breadcrumb":{"@id":"https:\/\/www.airchecklab.com\/es\/academia-aircheck%e2%9c%93\/respirando-aire\/fuentes-de-contaminacion\/olor\/#breadcrumb"},"inLanguage":"es","potentialAction":[{"@type":"ReadAction","target":["https:\/\/www.airchecklab.com\/es\/academia-aircheck%e2%9c%93\/respirando-aire\/fuentes-de-contaminacion\/olor\/"]}]},{"@type":"BreadcrumbList","@id":"https:\/\/www.airchecklab.com\/es\/academia-aircheck%e2%9c%93\/respirando-aire\/fuentes-de-contaminacion\/olor\/#breadcrumb","itemListElement":[{"@type":"ListItem","position":1,"name":"Home","item":"https:\/\/www.airchecklab.com\/es\/analisis-de-seguimiento-pruebas-ambientales-y-de-aire-comprimido\/"},{"@type":"ListItem","position":2,"name":"Academia AirCheck\u2713","item":"https:\/\/www.airchecklab.com\/es\/academia-aircheck%e2%9c%93\/"},{"@type":"ListItem","position":3,"name":"Respirando aire","item":"https:\/\/www.airchecklab.com\/es\/academia-aircheck%e2%9c%93\/respirando-aire\/"},{"@type":"ListItem","position":4,"name":"Fuentes de contaminaci\u00f3n","item":"https:\/\/www.airchecklab.com\/es\/academia-aircheck%e2%9c%93\/respirando-aire\/fuentes-de-contaminacion\/"},{"@type":"ListItem","position":5,"name":"Olor"}]},{"@type":"WebSite","@id":"\/#website","url":"\/","name":"Trace Analytics, the AirCheck Lab","description":"Compressed Air Testing for ISO 8573, Microbial, SQF, Breathing Air","publisher":{"@id":"\/#organization"},"potentialAction":[{"@type":"SearchAction","target":{"@type":"EntryPoint","urlTemplate":"\/?s={search_term_string}"},"query-input":"required name=search_term_string"}],"inLanguage":"es"},{"@type":"Organization","@id":"\/#organization","name":"Trace Analytics, LLC","url":"\/","logo":{"@type":"ImageObject","inLanguage":"es","@id":"\/#\/schema\/logo\/image\/","url":"https:\/\/www.airchecklab.com\/wp-content\/uploads\/2021\/08\/Blue-01.png","contentUrl":"https:\/\/www.airchecklab.com\/wp-content\/uploads\/2021\/08\/Blue-01.png","width":1600,"height":301,"caption":"Trace Analytics, LLC"},"image":{"@id":"\/#\/schema\/logo\/image\/"}}]}},"_links":{"self":[{"href":"https:\/\/www.airchecklab.com\/es\/wp-json\/wp\/v2\/pages\/22589"}],"collection":[{"href":"https:\/\/www.airchecklab.com\/es\/wp-json\/wp\/v2\/pages"}],"about":[{"href":"https:\/\/www.airchecklab.com\/es\/wp-json\/wp\/v2\/types\/page"}],"author":[{"embeddable":true,"href":"https:\/\/www.airchecklab.com\/es\/wp-json\/wp\/v2\/users\/1"}],"replies":[{"embeddable":true,"href":"https:\/\/www.airchecklab.com\/es\/wp-json\/wp\/v2\/comments?post=22589"}],"version-history":[{"count":0,"href":"https:\/\/www.airchecklab.com\/es\/wp-json\/wp\/v2\/pages\/22589\/revisions"}],"up":[{"embeddable":true,"href":"https:\/\/www.airchecklab.com\/es\/wp-json\/wp\/v2\/pages\/22358"}],"wp:attachment":[{"href":"https:\/\/www.airchecklab.com\/es\/wp-json\/wp\/v2\/media?parent=22589"}],"curies":[{"name":"wp","href":"https:\/\/api.w.org\/{rel}","templated":true}]}}