{"id":22593,"date":"2021-12-27T10:10:23","date_gmt":"2021-12-27T16:10:23","guid":{"rendered":"https:\/\/dev.airchecklab.com\/respirando-aire\/fuentes-de-contaminacion\/hidrocarburo-volatil-total\/"},"modified":"2021-12-27T10:10:23","modified_gmt":"2021-12-27T16:10:23","slug":"hidrocarburo-volatil-total","status":"publish","type":"page","link":"https:\/\/www.airchecklab.com\/es\/academia-aircheck%e2%9c%93\/respirando-aire\/fuentes-de-contaminacion\/hidrocarburo-volatil-total\/","title":{"rendered":"Hidrocarburo vol\u00e1til total"},"content":{"rendered":"<h1>Hidrocarburo vol\u00e1til total<\/h1>\n<p>Si su muestra de aire reciente no cumple con los requisitos debido a la presencia de hidrocarburos vol\u00e1tiles totales, este <span class=\"aircheck\">AirCheck <span class=\"tracecheck\">\u2713<\/span> Tech Note &#x2122;<\/span> puede ayudarlo a identificar la fuente de su contaminaci\u00f3n por hidrocarburos vol\u00e1tiles totales.<\/p>\n<p>En resumen, se pueden producir problemas con los hidrocarburos gaseosos:<\/p>\n<ol class=\"number\">\n<li>desde el interior del compresor: el sobrecalentamiento de los lubricantes del compresor puede provocar la generaci\u00f3n de vapores de lubricante que pueden deslizarse por los anillos del pist\u00f3n<\/li>\n<li>del aire de admisi\u00f3n: vapores de tintorer\u00edas, salones de belleza, plantas qu\u00edmicas, plantas industriales \/ de fabricaci\u00f3n, gases de escape de motores, disolventes de limpieza, etc.<\/li>\n<\/ol>\n<p>Las soluciones incluyen: Si tiene problemas como se indica en el n. \u00b0 1, haga reparar su compresor. Si no se trata de un problema relacionado con el compresor, normalmente ser\u00e1 un problema medioambiental. Reubicar la entrada, proporcionar ventilaci\u00f3n adicional y ser consciente de las posibles condiciones peligrosas al hacer funcionar el compresor puede ayudar a aliviar este problema. <\/p>\n<p>Usar un ambiente peri\u00f3dicamente (incluso cuando se toman muestras de aire almacenado) puede ser \u00fatil para el personal de Trace cuando estamos solucionando problemas con usted.<\/p>\n<p>El laboratorio de Trace puede realizar 2 pruebas adicionales para ayudarlo a determinar la fuente de su problema. Podemos 1) identificar los compuestos org\u00e1nicos que constituyen los hidrocarburos en cuesti\u00f3n o podemos 2) identificar y cuantificar. Por lo general, podemos ayudarlo a determinar si se trata de la tintorer\u00eda de al lado, los solventes que se utilizan para limpiar las piezas, el escape del motor, etc. Si desea realizar m\u00e1s pruebas para ayudarlo a resolver este problema, comun\u00edquese con nosotros de inmediato para que podamos volver a analizar su muestra. La muestra solo se conservar\u00e1 durante unos d\u00edas.<\/p>\n<p>Si tiene m\u00e1s preguntas o necesita ayuda para resolver este problema, comun\u00edquese con <a href=\"https:\/\/www.airchecklab.com\/contact\/contact-us\/\">nosotros<\/a> o ll\u00e1menos al 1-800-247-1024. Tiene derecho a una nueva muestra gratuita. Utilice los materiales que tiene a mano para volver a realizar la prueba. Una vez que hayamos recibido su muestra (tiene 30 d\u00edas), repondremos su kit.<\/p>\n<p>\u00a1El <a href=\"\/contact\/contact-us\/Our-Team-of-Experts\">equipo de expertos de AirCheck <span class=\"tracecheck\">\u2713<\/span> &#x2122;<\/a> en Trace desea agradecerle por su continuo negocio!<\/p>\n<p>[ShowAllSiblings title=&#8221;Other sources of compressed breathing air contamination include:&#8221;]<\/p>\n","protected":false},"excerpt":{"rendered":"<p>Hidrocarburo vol\u00e1til total Si su muestra de aire reciente no cumple con los requisitos debido a la presencia de hidrocarburos vol\u00e1tiles totales, este AirCheck \u2713 Tech Note &#x2122; puede ayudarlo a identificar la fuente de su contaminaci\u00f3n por hidrocarburos vol\u00e1tiles totales. En resumen, se pueden producir problemas con los hidrocarburos gaseosos: desde el interior del compresor: el sobrecalentamiento de los lubricantes del compresor puede provocar la generaci\u00f3n de vapores de lubricante que pueden deslizarse por los anillos del pist\u00f3n del [&hellip;]<\/p>\n","protected":false},"author":1,"featured_media":0,"parent":22358,"menu_order":0,"comment_status":"closed","ping_status":"closed","template":"index.php","meta":{"content-type":""},"yoast_head":"<!-- This site is optimized with the Yoast SEO Premium plugin v20.0 (Yoast SEO v20.0) - https:\/\/yoast.com\/wordpress\/plugins\/seo\/ -->\n<title>Hidrocarburo vol\u00e1til total - Trace Analytics, the AirCheck Lab<\/title>\n<meta name=\"robots\" content=\"index, follow, max-snippet:-1, max-image-preview:large, max-video-preview:-1\" \/>\n<link rel=\"canonical\" href=\"https:\/\/www.airchecklab.com\/es\/academia-aircheck%e2%9c%93\/respirando-aire\/fuentes-de-contaminacion\/hidrocarburo-volatil-total\/\" \/>\n<meta property=\"og:locale\" content=\"es_ES\" \/>\n<meta property=\"og:type\" content=\"article\" \/>\n<meta property=\"og:title\" content=\"Hidrocarburo vol\u00e1til total\" \/>\n<meta property=\"og:description\" content=\"Hidrocarburo vol\u00e1til total Si su muestra de aire reciente no cumple con los requisitos debido a la presencia de hidrocarburos vol\u00e1tiles totales, este AirCheck \u2713 Tech Note &#x2122; puede ayudarlo a identificar la fuente de su contaminaci\u00f3n por hidrocarburos vol\u00e1tiles totales. En resumen, se pueden producir problemas con los hidrocarburos gaseosos: desde el interior del compresor: el sobrecalentamiento de los lubricantes del compresor puede provocar la generaci\u00f3n de vapores de lubricante que pueden deslizarse por los anillos del pist\u00f3n del [&hellip;]\" \/>\n<meta property=\"og:url\" content=\"https:\/\/www.airchecklab.com\/es\/academia-aircheck%e2%9c%93\/respirando-aire\/fuentes-de-contaminacion\/hidrocarburo-volatil-total\/\" \/>\n<meta property=\"og:site_name\" content=\"Trace Analytics, the AirCheck Lab\" \/>\n<meta name=\"twitter:card\" content=\"summary_large_image\" \/>\n<meta name=\"twitter:label1\" content=\"Tiempo de lectura\" \/>\n\t<meta name=\"twitter:data1\" content=\"2 minutos\" \/>\n<script type=\"application\/ld+json\" class=\"yoast-schema-graph\">{\"@context\":\"https:\/\/schema.org\",\"@graph\":[{\"@type\":\"WebPage\",\"@id\":\"https:\/\/www.airchecklab.com\/es\/academia-aircheck%e2%9c%93\/respirando-aire\/fuentes-de-contaminacion\/hidrocarburo-volatil-total\/\",\"url\":\"https:\/\/www.airchecklab.com\/es\/academia-aircheck%e2%9c%93\/respirando-aire\/fuentes-de-contaminacion\/hidrocarburo-volatil-total\/\",\"name\":\"Hidrocarburo vol\u00e1til total - Trace Analytics, the AirCheck Lab\",\"isPartOf\":{\"@id\":\"\/#website\"},\"datePublished\":\"2021-12-27T16:10:23+00:00\",\"dateModified\":\"2021-12-27T16:10:23+00:00\",\"breadcrumb\":{\"@id\":\"https:\/\/www.airchecklab.com\/es\/academia-aircheck%e2%9c%93\/respirando-aire\/fuentes-de-contaminacion\/hidrocarburo-volatil-total\/#breadcrumb\"},\"inLanguage\":\"es\",\"potentialAction\":[{\"@type\":\"ReadAction\",\"target\":[\"https:\/\/www.airchecklab.com\/es\/academia-aircheck%e2%9c%93\/respirando-aire\/fuentes-de-contaminacion\/hidrocarburo-volatil-total\/\"]}]},{\"@type\":\"BreadcrumbList\",\"@id\":\"https:\/\/www.airchecklab.com\/es\/academia-aircheck%e2%9c%93\/respirando-aire\/fuentes-de-contaminacion\/hidrocarburo-volatil-total\/#breadcrumb\",\"itemListElement\":[{\"@type\":\"ListItem\",\"position\":1,\"name\":\"Home\",\"item\":\"https:\/\/www.airchecklab.com\/es\/analisis-de-seguimiento-pruebas-ambientales-y-de-aire-comprimido\/\"},{\"@type\":\"ListItem\",\"position\":2,\"name\":\"Academia AirCheck\u2713\",\"item\":\"https:\/\/www.airchecklab.com\/es\/academia-aircheck%e2%9c%93\/\"},{\"@type\":\"ListItem\",\"position\":3,\"name\":\"Respirando aire\",\"item\":\"https:\/\/www.airchecklab.com\/es\/academia-aircheck%e2%9c%93\/respirando-aire\/\"},{\"@type\":\"ListItem\",\"position\":4,\"name\":\"Fuentes de contaminaci\u00f3n\",\"item\":\"https:\/\/www.airchecklab.com\/es\/academia-aircheck%e2%9c%93\/respirando-aire\/fuentes-de-contaminacion\/\"},{\"@type\":\"ListItem\",\"position\":5,\"name\":\"Hidrocarburo vol\u00e1til total\"}]},{\"@type\":\"WebSite\",\"@id\":\"\/#website\",\"url\":\"\/\",\"name\":\"Trace Analytics, the AirCheck Lab\",\"description\":\"Compressed Air Testing for ISO 8573, Microbial, SQF, Breathing Air\",\"publisher\":{\"@id\":\"\/#organization\"},\"potentialAction\":[{\"@type\":\"SearchAction\",\"target\":{\"@type\":\"EntryPoint\",\"urlTemplate\":\"\/?s={search_term_string}\"},\"query-input\":\"required name=search_term_string\"}],\"inLanguage\":\"es\"},{\"@type\":\"Organization\",\"@id\":\"\/#organization\",\"name\":\"Trace Analytics, LLC\",\"url\":\"\/\",\"logo\":{\"@type\":\"ImageObject\",\"inLanguage\":\"es\",\"@id\":\"\/#\/schema\/logo\/image\/\",\"url\":\"https:\/\/www.airchecklab.com\/wp-content\/uploads\/2021\/08\/Blue-01.png\",\"contentUrl\":\"https:\/\/www.airchecklab.com\/wp-content\/uploads\/2021\/08\/Blue-01.png\",\"width\":1600,\"height\":301,\"caption\":\"Trace Analytics, LLC\"},\"image\":{\"@id\":\"\/#\/schema\/logo\/image\/\"}}]}<\/script>\n<!-- \/ Yoast SEO Premium plugin. -->","yoast_head_json":{"title":"Hidrocarburo vol\u00e1til total - Trace Analytics, the AirCheck Lab","robots":{"index":"index","follow":"follow","max-snippet":"max-snippet:-1","max-image-preview":"max-image-preview:large","max-video-preview":"max-video-preview:-1"},"canonical":"https:\/\/www.airchecklab.com\/es\/academia-aircheck%e2%9c%93\/respirando-aire\/fuentes-de-contaminacion\/hidrocarburo-volatil-total\/","og_locale":"es_ES","og_type":"article","og_title":"Hidrocarburo vol\u00e1til total","og_description":"Hidrocarburo vol\u00e1til total Si su muestra de aire reciente no cumple con los requisitos debido a la presencia de hidrocarburos vol\u00e1tiles totales, este AirCheck \u2713 Tech Note &#x2122; puede ayudarlo a identificar la fuente de su contaminaci\u00f3n por hidrocarburos vol\u00e1tiles totales. En resumen, se pueden producir problemas con los hidrocarburos gaseosos: desde el interior del compresor: el sobrecalentamiento de los lubricantes del compresor puede provocar la generaci\u00f3n de vapores de lubricante que pueden deslizarse por los anillos del pist\u00f3n del [&hellip;]","og_url":"https:\/\/www.airchecklab.com\/es\/academia-aircheck%e2%9c%93\/respirando-aire\/fuentes-de-contaminacion\/hidrocarburo-volatil-total\/","og_site_name":"Trace Analytics, the AirCheck Lab","twitter_card":"summary_large_image","twitter_misc":{"Tiempo de lectura":"2 minutos"},"schema":{"@context":"https:\/\/schema.org","@graph":[{"@type":"WebPage","@id":"https:\/\/www.airchecklab.com\/es\/academia-aircheck%e2%9c%93\/respirando-aire\/fuentes-de-contaminacion\/hidrocarburo-volatil-total\/","url":"https:\/\/www.airchecklab.com\/es\/academia-aircheck%e2%9c%93\/respirando-aire\/fuentes-de-contaminacion\/hidrocarburo-volatil-total\/","name":"Hidrocarburo vol\u00e1til total - Trace Analytics, the AirCheck Lab","isPartOf":{"@id":"\/#website"},"datePublished":"2021-12-27T16:10:23+00:00","dateModified":"2021-12-27T16:10:23+00:00","breadcrumb":{"@id":"https:\/\/www.airchecklab.com\/es\/academia-aircheck%e2%9c%93\/respirando-aire\/fuentes-de-contaminacion\/hidrocarburo-volatil-total\/#breadcrumb"},"inLanguage":"es","potentialAction":[{"@type":"ReadAction","target":["https:\/\/www.airchecklab.com\/es\/academia-aircheck%e2%9c%93\/respirando-aire\/fuentes-de-contaminacion\/hidrocarburo-volatil-total\/"]}]},{"@type":"BreadcrumbList","@id":"https:\/\/www.airchecklab.com\/es\/academia-aircheck%e2%9c%93\/respirando-aire\/fuentes-de-contaminacion\/hidrocarburo-volatil-total\/#breadcrumb","itemListElement":[{"@type":"ListItem","position":1,"name":"Home","item":"https:\/\/www.airchecklab.com\/es\/analisis-de-seguimiento-pruebas-ambientales-y-de-aire-comprimido\/"},{"@type":"ListItem","position":2,"name":"Academia AirCheck\u2713","item":"https:\/\/www.airchecklab.com\/es\/academia-aircheck%e2%9c%93\/"},{"@type":"ListItem","position":3,"name":"Respirando aire","item":"https:\/\/www.airchecklab.com\/es\/academia-aircheck%e2%9c%93\/respirando-aire\/"},{"@type":"ListItem","position":4,"name":"Fuentes de contaminaci\u00f3n","item":"https:\/\/www.airchecklab.com\/es\/academia-aircheck%e2%9c%93\/respirando-aire\/fuentes-de-contaminacion\/"},{"@type":"ListItem","position":5,"name":"Hidrocarburo vol\u00e1til total"}]},{"@type":"WebSite","@id":"\/#website","url":"\/","name":"Trace Analytics, the AirCheck Lab","description":"Compressed Air Testing for ISO 8573, Microbial, SQF, Breathing Air","publisher":{"@id":"\/#organization"},"potentialAction":[{"@type":"SearchAction","target":{"@type":"EntryPoint","urlTemplate":"\/?s={search_term_string}"},"query-input":"required name=search_term_string"}],"inLanguage":"es"},{"@type":"Organization","@id":"\/#organization","name":"Trace Analytics, LLC","url":"\/","logo":{"@type":"ImageObject","inLanguage":"es","@id":"\/#\/schema\/logo\/image\/","url":"https:\/\/www.airchecklab.com\/wp-content\/uploads\/2021\/08\/Blue-01.png","contentUrl":"https:\/\/www.airchecklab.com\/wp-content\/uploads\/2021\/08\/Blue-01.png","width":1600,"height":301,"caption":"Trace Analytics, LLC"},"image":{"@id":"\/#\/schema\/logo\/image\/"}}]}},"_links":{"self":[{"href":"https:\/\/www.airchecklab.com\/es\/wp-json\/wp\/v2\/pages\/22593"}],"collection":[{"href":"https:\/\/www.airchecklab.com\/es\/wp-json\/wp\/v2\/pages"}],"about":[{"href":"https:\/\/www.airchecklab.com\/es\/wp-json\/wp\/v2\/types\/page"}],"author":[{"embeddable":true,"href":"https:\/\/www.airchecklab.com\/es\/wp-json\/wp\/v2\/users\/1"}],"replies":[{"embeddable":true,"href":"https:\/\/www.airchecklab.com\/es\/wp-json\/wp\/v2\/comments?post=22593"}],"version-history":[{"count":0,"href":"https:\/\/www.airchecklab.com\/es\/wp-json\/wp\/v2\/pages\/22593\/revisions"}],"up":[{"embeddable":true,"href":"https:\/\/www.airchecklab.com\/es\/wp-json\/wp\/v2\/pages\/22358"}],"wp:attachment":[{"href":"https:\/\/www.airchecklab.com\/es\/wp-json\/wp\/v2\/media?parent=22593"}],"curies":[{"name":"wp","href":"https:\/\/api.w.org\/{rel}","templated":true}]}}