{"id":22605,"date":"2021-12-27T10:10:24","date_gmt":"2021-12-27T16:10:24","guid":{"rendered":"https:\/\/dev.airchecklab.com\/prueba-de-aire-comprimido-iso-8573\/uso-de-iso-8573-1-para-probar-el-aire-comprimido-aclarando-la-confusion\/"},"modified":"2021-12-27T10:10:24","modified_gmt":"2021-12-27T16:10:24","slug":"uso-de-iso-8573-1-para-probar-el-aire-comprimido-aclarando-la-confusion","status":"publish","type":"page","link":"https:\/\/www.airchecklab.com\/es\/prueba-de-aire-comprimido-iso-8573\/uso-de-iso-8573-1-para-probar-el-aire-comprimido-aclarando-la-confusion\/","title":{"rendered":"Uso de ISO 8573-1 para probar el aire comprimido: aclarando la confusi\u00f3n"},"content":{"rendered":"<p>Ruby Ochoa, presidente de Trace Analytics, aclara la confusi\u00f3n que rodea al uso de ISO 8573-1 para probar el aire comprimido en este art\u00edculo informativo sobre <a href=\"http:\/\/www.airbestpractices.com\/industries\/food\/using-iso-8573-1-test-compressed-air-clearing-confusion\" title=\"Compressed Air Best Practices\" target=\"_blank\" rel=\"noopener\">las mejores pr\u00e1cticas de aire comprimido<\/a> .<\/p>\n<hr>\n<h1>Uso de ISO 8573-1 para probar el aire comprimido: aclarando la confusi\u00f3n<\/h1>\n<p><small><em>por Ruby Ochoa, presidente de Trace Analytics LLC<\/em><\/small><\/p>\n<p>El aire comprimido se utiliza en m\u00e1s del 70 por ciento de todas las actividades de fabricaci\u00f3n, desde aplicaciones muy cr\u00edticas que pueden afectar la calidad del producto hasta usos generales en el &#8220;taller&#8221;. Cuando se usa aire comprimido en la producci\u00f3n de productos farmac\u00e9uticos, alimentos, bebidas, dispositivos m\u00e9dicos y otros productos, parece haber confusi\u00f3n sobre qu\u00e9 pruebas deben realizarse.<\/p>\n<p>Al definir los contaminantes del aire comprimido, revisar la norma ISO 8573-1 y analizar c\u00f3mo designar una clase de calidad seg\u00fan la norma ISO 8573-1, este art\u00edculo ayudar\u00e1 a aclarar parte de esa confusi\u00f3n. Tambi\u00e9n proporcionar\u00e1 las mejores pr\u00e1cticas para establecer un programa de monitoreo de aire comprimido.<\/p>\n<p><a href=\"http:\/\/www.airbestpractices.com\/industries\/food\/using-iso-8573-1-test-compressed-air-clearing-confusion\" title=\"Compressed Air Best Practices\" target=\"_blank\" rel=\"noopener\">Lea el resto de este art\u00edculo en Air Best Practices\u2026<\/a><\/p>\n<div id=\"attachment_19221\" style=\"width: 560px\" class=\"wp-caption aligncenter\"><a href=\"http:\/\/www.airbestpractices.com\/industries\/food\/using-iso-8573-1-test-compressed-air-clearing-confusion\" title=\"Compressed Air Best Practices\" target=\"_blank\" rel=\"noopener\"><img aria-describedby=\"caption-attachment-19221\" decoding=\"async\" src=\"https:\/\/www.airchecklab.com\/wp-content\/uploads\/2015\/12\/Jar-Washer-Using-Compressed-Air_0_0.jpg\" data-orig-src=\"https:\/\/www.airchecklab.com\/wp-content\/uploads\/2015\/12\/Jar-Washer-Using-Compressed-Air_0_0.jpg\" alt=\"Lavadora de frascos con aire comprimido\" width=\"550\" height=\"413\" class=\"lazyload size-full wp-image-19221\" srcset=\"data:image\/svg+xml,%3Csvg%20xmlns%3D%27http%3A%2F%2Fwww.w3.org%2F2000%2Fsvg%27%20width%3D%27550%27%20height%3D%27413%27%20viewBox%3D%270%200%20550%20413%27%3E%3Crect%20width%3D%27550%27%20height%3D%27413%27%20fill-opacity%3D%220%22%2F%3E%3C%2Fsvg%3E\" data-srcset=\"https:\/\/www.airchecklab.com\/wp-content\/uploads\/2015\/12\/Jar-Washer-Using-Compressed-Air_0_0-300x225.jpg 300w, https:\/\/www.airchecklab.com\/wp-content\/uploads\/2015\/12\/Jar-Washer-Using-Compressed-Air_0_0.jpg 550w\" data-sizes=\"auto\" data-orig-sizes=\"(max-width: 550px) 100vw, 550px\" \/><\/a><p id=\"caption-attachment-19221\" class=\"wp-caption-text\">Las lavadoras de jarras que utilizan aire comprimido contaminado pueden adulterar el producto final.<\/p><\/div>\n","protected":false},"excerpt":{"rendered":"<p>Ruby Ochoa, presidente de Trace Analytics, aclara la confusi\u00f3n que rodea al uso de ISO 8573-1 para probar el aire comprimido en este art\u00edculo informativo sobre las mejores pr\u00e1cticas de aire comprimido . Uso de ISO 8573-1 para probar el aire comprimido: aclarando la confusi\u00f3n por Ruby Ochoa, presidente de Trace Analytics LLC El aire comprimido se utiliza en m\u00e1s del 70 por ciento de todas las actividades de fabricaci\u00f3n, desde aplicaciones muy cr\u00edticas que pueden afectar la calidad del [&hellip;]<\/p>\n","protected":false},"author":1,"featured_media":0,"parent":22266,"menu_order":22,"comment_status":"closed","ping_status":"closed","template":"index.php","meta":{"content-type":""},"yoast_head":"<!-- This site is optimized with the Yoast SEO Premium plugin v20.0 (Yoast SEO v20.0) - https:\/\/yoast.com\/wordpress\/plugins\/seo\/ -->\n<title>Uso de ISO 8573-1 para probar el aire comprimido: aclarando la confusi\u00f3n - Trace Analytics, the AirCheck Lab<\/title>\n<meta name=\"robots\" content=\"index, follow, max-snippet:-1, max-image-preview:large, max-video-preview:-1\" \/>\n<link rel=\"canonical\" href=\"https:\/\/www.airchecklab.com\/es\/prueba-de-aire-comprimido-iso-8573\/uso-de-iso-8573-1-para-probar-el-aire-comprimido-aclarando-la-confusion\/\" \/>\n<meta property=\"og:locale\" content=\"es_ES\" \/>\n<meta property=\"og:type\" content=\"article\" \/>\n<meta property=\"og:title\" content=\"Uso de ISO 8573-1 para probar el aire comprimido: aclarando la confusi\u00f3n\" \/>\n<meta property=\"og:description\" content=\"Ruby Ochoa, presidente de Trace Analytics, aclara la confusi\u00f3n que rodea al uso de ISO 8573-1 para probar el aire comprimido en este art\u00edculo informativo sobre las mejores pr\u00e1cticas de aire comprimido . Uso de ISO 8573-1 para probar el aire comprimido: aclarando la confusi\u00f3n por Ruby Ochoa, presidente de Trace Analytics LLC El aire comprimido se utiliza en m\u00e1s del 70 por ciento de todas las actividades de fabricaci\u00f3n, desde aplicaciones muy cr\u00edticas que pueden afectar la calidad del [&hellip;]\" \/>\n<meta property=\"og:url\" content=\"https:\/\/www.airchecklab.com\/es\/prueba-de-aire-comprimido-iso-8573\/uso-de-iso-8573-1-para-probar-el-aire-comprimido-aclarando-la-confusion\/\" \/>\n<meta property=\"og:site_name\" content=\"Trace Analytics, the AirCheck Lab\" \/>\n<meta property=\"og:image\" content=\"https:\/\/www.airchecklab.com\/wp-content\/uploads\/2015\/12\/Jar-Washer-Using-Compressed-Air_0_0.jpg\" \/>\n<meta name=\"twitter:card\" content=\"summary_large_image\" \/>\n<meta name=\"twitter:label1\" content=\"Tiempo de lectura\" \/>\n\t<meta name=\"twitter:data1\" content=\"1 minuto\" \/>\n<script type=\"application\/ld+json\" class=\"yoast-schema-graph\">{\"@context\":\"https:\/\/schema.org\",\"@graph\":[{\"@type\":\"WebPage\",\"@id\":\"https:\/\/www.airchecklab.com\/es\/prueba-de-aire-comprimido-iso-8573\/uso-de-iso-8573-1-para-probar-el-aire-comprimido-aclarando-la-confusion\/\",\"url\":\"https:\/\/www.airchecklab.com\/es\/prueba-de-aire-comprimido-iso-8573\/uso-de-iso-8573-1-para-probar-el-aire-comprimido-aclarando-la-confusion\/\",\"name\":\"Uso de ISO 8573-1 para probar el aire comprimido: aclarando la confusi\u00f3n - Trace Analytics, the AirCheck Lab\",\"isPartOf\":{\"@id\":\"\/#website\"},\"datePublished\":\"2021-12-27T16:10:24+00:00\",\"dateModified\":\"2021-12-27T16:10:24+00:00\",\"breadcrumb\":{\"@id\":\"https:\/\/www.airchecklab.com\/es\/prueba-de-aire-comprimido-iso-8573\/uso-de-iso-8573-1-para-probar-el-aire-comprimido-aclarando-la-confusion\/#breadcrumb\"},\"inLanguage\":\"es\",\"potentialAction\":[{\"@type\":\"ReadAction\",\"target\":[\"https:\/\/www.airchecklab.com\/es\/prueba-de-aire-comprimido-iso-8573\/uso-de-iso-8573-1-para-probar-el-aire-comprimido-aclarando-la-confusion\/\"]}]},{\"@type\":\"BreadcrumbList\",\"@id\":\"https:\/\/www.airchecklab.com\/es\/prueba-de-aire-comprimido-iso-8573\/uso-de-iso-8573-1-para-probar-el-aire-comprimido-aclarando-la-confusion\/#breadcrumb\",\"itemListElement\":[{\"@type\":\"ListItem\",\"position\":1,\"name\":\"Home\",\"item\":\"https:\/\/www.airchecklab.com\/es\/analisis-de-seguimiento-pruebas-ambientales-y-de-aire-comprimido\/\"},{\"@type\":\"ListItem\",\"position\":2,\"name\":\"Prueba de aire comprimido ISO 8573\",\"item\":\"https:\/\/www.airchecklab.com\/es\/prueba-de-aire-comprimido-iso-8573\/\"},{\"@type\":\"ListItem\",\"position\":3,\"name\":\"Uso de ISO 8573-1 para probar el aire comprimido: aclarando la confusi\u00f3n\"}]},{\"@type\":\"WebSite\",\"@id\":\"\/#website\",\"url\":\"\/\",\"name\":\"Trace Analytics, the AirCheck Lab\",\"description\":\"Compressed Air Testing for ISO 8573, Microbial, SQF, Breathing Air\",\"publisher\":{\"@id\":\"\/#organization\"},\"potentialAction\":[{\"@type\":\"SearchAction\",\"target\":{\"@type\":\"EntryPoint\",\"urlTemplate\":\"\/?s={search_term_string}\"},\"query-input\":\"required name=search_term_string\"}],\"inLanguage\":\"es\"},{\"@type\":\"Organization\",\"@id\":\"\/#organization\",\"name\":\"Trace Analytics, LLC\",\"url\":\"\/\",\"logo\":{\"@type\":\"ImageObject\",\"inLanguage\":\"es\",\"@id\":\"\/#\/schema\/logo\/image\/\",\"url\":\"https:\/\/www.airchecklab.com\/wp-content\/uploads\/2021\/08\/Blue-01.png\",\"contentUrl\":\"https:\/\/www.airchecklab.com\/wp-content\/uploads\/2021\/08\/Blue-01.png\",\"width\":1600,\"height\":301,\"caption\":\"Trace Analytics, LLC\"},\"image\":{\"@id\":\"\/#\/schema\/logo\/image\/\"}}]}<\/script>\n<!-- \/ Yoast SEO Premium plugin. -->","yoast_head_json":{"title":"Uso de ISO 8573-1 para probar el aire comprimido: aclarando la confusi\u00f3n - Trace Analytics, the AirCheck Lab","robots":{"index":"index","follow":"follow","max-snippet":"max-snippet:-1","max-image-preview":"max-image-preview:large","max-video-preview":"max-video-preview:-1"},"canonical":"https:\/\/www.airchecklab.com\/es\/prueba-de-aire-comprimido-iso-8573\/uso-de-iso-8573-1-para-probar-el-aire-comprimido-aclarando-la-confusion\/","og_locale":"es_ES","og_type":"article","og_title":"Uso de ISO 8573-1 para probar el aire comprimido: aclarando la confusi\u00f3n","og_description":"Ruby Ochoa, presidente de Trace Analytics, aclara la confusi\u00f3n que rodea al uso de ISO 8573-1 para probar el aire comprimido en este art\u00edculo informativo sobre las mejores pr\u00e1cticas de aire comprimido . Uso de ISO 8573-1 para probar el aire comprimido: aclarando la confusi\u00f3n por Ruby Ochoa, presidente de Trace Analytics LLC El aire comprimido se utiliza en m\u00e1s del 70 por ciento de todas las actividades de fabricaci\u00f3n, desde aplicaciones muy cr\u00edticas que pueden afectar la calidad del [&hellip;]","og_url":"https:\/\/www.airchecklab.com\/es\/prueba-de-aire-comprimido-iso-8573\/uso-de-iso-8573-1-para-probar-el-aire-comprimido-aclarando-la-confusion\/","og_site_name":"Trace Analytics, the AirCheck Lab","og_image":[{"url":"https:\/\/www.airchecklab.com\/wp-content\/uploads\/2015\/12\/Jar-Washer-Using-Compressed-Air_0_0.jpg"}],"twitter_card":"summary_large_image","twitter_misc":{"Tiempo de lectura":"1 minuto"},"schema":{"@context":"https:\/\/schema.org","@graph":[{"@type":"WebPage","@id":"https:\/\/www.airchecklab.com\/es\/prueba-de-aire-comprimido-iso-8573\/uso-de-iso-8573-1-para-probar-el-aire-comprimido-aclarando-la-confusion\/","url":"https:\/\/www.airchecklab.com\/es\/prueba-de-aire-comprimido-iso-8573\/uso-de-iso-8573-1-para-probar-el-aire-comprimido-aclarando-la-confusion\/","name":"Uso de ISO 8573-1 para probar el aire comprimido: aclarando la confusi\u00f3n - Trace Analytics, the AirCheck Lab","isPartOf":{"@id":"\/#website"},"datePublished":"2021-12-27T16:10:24+00:00","dateModified":"2021-12-27T16:10:24+00:00","breadcrumb":{"@id":"https:\/\/www.airchecklab.com\/es\/prueba-de-aire-comprimido-iso-8573\/uso-de-iso-8573-1-para-probar-el-aire-comprimido-aclarando-la-confusion\/#breadcrumb"},"inLanguage":"es","potentialAction":[{"@type":"ReadAction","target":["https:\/\/www.airchecklab.com\/es\/prueba-de-aire-comprimido-iso-8573\/uso-de-iso-8573-1-para-probar-el-aire-comprimido-aclarando-la-confusion\/"]}]},{"@type":"BreadcrumbList","@id":"https:\/\/www.airchecklab.com\/es\/prueba-de-aire-comprimido-iso-8573\/uso-de-iso-8573-1-para-probar-el-aire-comprimido-aclarando-la-confusion\/#breadcrumb","itemListElement":[{"@type":"ListItem","position":1,"name":"Home","item":"https:\/\/www.airchecklab.com\/es\/analisis-de-seguimiento-pruebas-ambientales-y-de-aire-comprimido\/"},{"@type":"ListItem","position":2,"name":"Prueba de aire comprimido ISO 8573","item":"https:\/\/www.airchecklab.com\/es\/prueba-de-aire-comprimido-iso-8573\/"},{"@type":"ListItem","position":3,"name":"Uso de ISO 8573-1 para probar el aire comprimido: aclarando la confusi\u00f3n"}]},{"@type":"WebSite","@id":"\/#website","url":"\/","name":"Trace Analytics, the AirCheck Lab","description":"Compressed Air Testing for ISO 8573, Microbial, SQF, Breathing Air","publisher":{"@id":"\/#organization"},"potentialAction":[{"@type":"SearchAction","target":{"@type":"EntryPoint","urlTemplate":"\/?s={search_term_string}"},"query-input":"required name=search_term_string"}],"inLanguage":"es"},{"@type":"Organization","@id":"\/#organization","name":"Trace Analytics, LLC","url":"\/","logo":{"@type":"ImageObject","inLanguage":"es","@id":"\/#\/schema\/logo\/image\/","url":"https:\/\/www.airchecklab.com\/wp-content\/uploads\/2021\/08\/Blue-01.png","contentUrl":"https:\/\/www.airchecklab.com\/wp-content\/uploads\/2021\/08\/Blue-01.png","width":1600,"height":301,"caption":"Trace Analytics, LLC"},"image":{"@id":"\/#\/schema\/logo\/image\/"}}]}},"_links":{"self":[{"href":"https:\/\/www.airchecklab.com\/es\/wp-json\/wp\/v2\/pages\/22605"}],"collection":[{"href":"https:\/\/www.airchecklab.com\/es\/wp-json\/wp\/v2\/pages"}],"about":[{"href":"https:\/\/www.airchecklab.com\/es\/wp-json\/wp\/v2\/types\/page"}],"author":[{"embeddable":true,"href":"https:\/\/www.airchecklab.com\/es\/wp-json\/wp\/v2\/users\/1"}],"replies":[{"embeddable":true,"href":"https:\/\/www.airchecklab.com\/es\/wp-json\/wp\/v2\/comments?post=22605"}],"version-history":[{"count":0,"href":"https:\/\/www.airchecklab.com\/es\/wp-json\/wp\/v2\/pages\/22605\/revisions"}],"up":[{"embeddable":true,"href":"https:\/\/www.airchecklab.com\/es\/wp-json\/wp\/v2\/pages\/22266"}],"wp:attachment":[{"href":"https:\/\/www.airchecklab.com\/es\/wp-json\/wp\/v2\/media?parent=22605"}],"curies":[{"name":"wp","href":"https:\/\/api.w.org\/{rel}","templated":true}]}}