{"id":22662,"date":"2021-12-27T10:10:55","date_gmt":"2021-12-27T16:10:55","guid":{"rendered":"https:\/\/dev.airchecklab.com\/agencias-gubernamentales-y-militares\/"},"modified":"2021-12-27T10:10:55","modified_gmt":"2021-12-27T16:10:55","slug":"agencias-gubernamentales-y-militares","status":"publish","type":"page","link":"https:\/\/www.airchecklab.com\/es\/servicos\/aire-respirable\/agencias-gubernamentales-y-militares\/","title":{"rendered":"Agencias Gubernamentales y Militares"},"content":{"rendered":"<p>[lightbg]<\/p>\n<h1>An\u00e1lisis de Aire Comprimido para el Gobierno<\/h1>\n<p>Trace Analytics se enorgullece en proporcionar an\u00e1lisis de aire a todas las agencias gubernamentales y militares de Estados Unidos, as\u00ed como a entidades gubernamentales internacionales como el <a target=\"_blank\" href=\"https:\/\/www.gov.uk\/government\/organisations\/ministry-of-defence\" rel=\"noopener\">Ministerio de<\/a> Defensa del Reino Unido (Ministro de Defensa del Reino Unido) y la <a target=\"_blank\" href=\"http:\/\/www.rcmp-grc.gc.ca\/en\" rel=\"noopener\">Real Polic\u00eda Montada de Canad\u00e1<\/a> (Polic\u00eda Montada) de Canad\u00e1).<\/p>\n<p>Ya sea que use aire comprimido para buceo, extinci\u00f3n de incendios, aviaci\u00f3n o en las fuerzas policiales, podemos comprobar el cumplimiento de las normas que necesitan y ayudar a garantizar que el aire que respira es seguro.<\/p>\n<p>Nuestro [aircheck]Kit[\/aircheck] est\u00e1 dise\u00f1ado para tomar muestras de sistemas de compresores de aire de alta presi\u00f3n o sistemas de almacenamiento de una manera r\u00e1pida y eficiente. Nuestro kit es peque\u00f1o y port\u00e1til, lo cual hace de la recolecci\u00f3n de muestras algo sencillo. Nuestros frascos son ligeros y hacen del env\u00edo una tarea simple ya bajo costo.<\/p>\n<p>[\/lightbg]<\/p>\n<p>[blackbg]<br \/>\n\t[IncludeSpec spec=&#8221;government&#8221;]<br \/>\n[\/blackbg]<\/p>\n<p>[lightbg]<br \/>\n\t<!--[if lte IE 8]>\n\t\t<script charset=\"utf-8\" type=\"text\/javascript\" src=\"\/\/js.hsforms.net\/forms\/v2-legacy.js\"><\/script>\n\t<![endif]--><br \/>\n\t<script charset=\"utf-8\" type=\"text\/javascript\" src=\"\/\/js.hsforms.net\/forms\/v2.js\"><\/script><br \/>\n\t<script>\n\t\thbspt.forms.create({\n\t\t\tportalId: \"4558619\",\n\t\t\tformId: \"03e1782a-aa51-461e-b5d8-40699379c04b\"\n\t\t\t});\n\t<\/script><br \/>\n\t[ShowAllSiblings title=&#8221;Otros Servicios de An\u00e1lisis de Aire Comprimido:&#8221;]<br \/>\n[\/lightbg]<\/p>\n","protected":false},"excerpt":{"rendered":"<p>[lightbg] An\u00e1lisis de Aire Comprimido para el Gobierno Trace Analytics se enorgullece en proporcionar an\u00e1lisis de aire a todas las agencias gubernamentales y militares de Estados Unidos, as\u00ed como a entidades gubernamentales internacionales como el Ministerio de Defensa del Reino Unido (Ministro de Defensa del Reino Unido) y la Real Polic\u00eda Montada de Canad\u00e1 (Polic\u00eda Montada) de Canad\u00e1). Ya sea que use aire comprimido para buceo, extinci\u00f3n de incendios, aviaci\u00f3n o en las fuerzas policiales, podemos comprobar el cumplimiento de [&hellip;]<\/p>\n","protected":false},"author":1,"featured_media":19699,"parent":22669,"menu_order":0,"comment_status":"closed","ping_status":"closed","template":"100-width.php","meta":{"content-type":""},"yoast_head":"<!-- This site is optimized with the Yoast SEO Premium plugin v20.0 (Yoast SEO v20.0) - https:\/\/yoast.com\/wordpress\/plugins\/seo\/ -->\n<title>Agencias Gubernamentales y Militares - Trace Analytics, the AirCheck Lab<\/title>\n<meta name=\"robots\" content=\"index, follow, max-snippet:-1, max-image-preview:large, max-video-preview:-1\" \/>\n<link rel=\"canonical\" href=\"https:\/\/www.airchecklab.com\/es\/servicos\/aire-respirable\/agencias-gubernamentales-y-militares\/\" \/>\n<meta property=\"og:locale\" content=\"es_ES\" \/>\n<meta property=\"og:type\" content=\"article\" \/>\n<meta property=\"og:title\" content=\"Agencias Gubernamentales y Militares\" \/>\n<meta property=\"og:description\" content=\"[lightbg] An\u00e1lisis de Aire Comprimido para el Gobierno Trace Analytics se enorgullece en proporcionar an\u00e1lisis de aire a todas las agencias gubernamentales y militares de Estados Unidos, as\u00ed como a entidades gubernamentales internacionales como el Ministerio de Defensa del Reino Unido (Ministro de Defensa del Reino Unido) y la Real Polic\u00eda Montada de Canad\u00e1 (Polic\u00eda Montada) de Canad\u00e1). Ya sea que use aire comprimido para buceo, extinci\u00f3n de incendios, aviaci\u00f3n o en las fuerzas policiales, podemos comprobar el cumplimiento de [&hellip;]\" \/>\n<meta property=\"og:url\" content=\"https:\/\/www.airchecklab.com\/es\/servicos\/aire-respirable\/agencias-gubernamentales-y-militares\/\" \/>\n<meta property=\"og:site_name\" content=\"Trace Analytics, the AirCheck Lab\" \/>\n<meta property=\"og:image\" content=\"https:\/\/www.airchecklab.com\/wp-content\/uploads\/2018\/02\/banners-dive-01.jpg\" \/>\n\t<meta property=\"og:image:width\" content=\"1600\" \/>\n\t<meta property=\"og:image:height\" content=\"300\" \/>\n\t<meta property=\"og:image:type\" content=\"image\/jpeg\" \/>\n<meta name=\"twitter:card\" content=\"summary_large_image\" \/>\n<meta name=\"twitter:label1\" content=\"Tiempo de lectura\" \/>\n\t<meta name=\"twitter:data1\" content=\"1 minuto\" \/>\n<script type=\"application\/ld+json\" class=\"yoast-schema-graph\">{\"@context\":\"https:\/\/schema.org\",\"@graph\":[{\"@type\":\"WebPage\",\"@id\":\"https:\/\/www.airchecklab.com\/es\/servicos\/aire-respirable\/agencias-gubernamentales-y-militares\/\",\"url\":\"https:\/\/www.airchecklab.com\/es\/servicos\/aire-respirable\/agencias-gubernamentales-y-militares\/\",\"name\":\"Agencias Gubernamentales y Militares - Trace Analytics, the AirCheck Lab\",\"isPartOf\":{\"@id\":\"\/#website\"},\"datePublished\":\"2021-12-27T16:10:55+00:00\",\"dateModified\":\"2021-12-27T16:10:55+00:00\",\"breadcrumb\":{\"@id\":\"https:\/\/www.airchecklab.com\/es\/servicos\/aire-respirable\/agencias-gubernamentales-y-militares\/#breadcrumb\"},\"inLanguage\":\"es\",\"potentialAction\":[{\"@type\":\"ReadAction\",\"target\":[\"https:\/\/www.airchecklab.com\/es\/servicos\/aire-respirable\/agencias-gubernamentales-y-militares\/\"]}]},{\"@type\":\"BreadcrumbList\",\"@id\":\"https:\/\/www.airchecklab.com\/es\/servicos\/aire-respirable\/agencias-gubernamentales-y-militares\/#breadcrumb\",\"itemListElement\":[{\"@type\":\"ListItem\",\"position\":1,\"name\":\"Home\",\"item\":\"https:\/\/www.airchecklab.com\/es\/analisis-de-seguimiento-pruebas-ambientales-y-de-aire-comprimido\/\"},{\"@type\":\"ListItem\",\"position\":2,\"name\":\"Servicos\",\"item\":\"https:\/\/www.airchecklab.com\/es\/servicos\/\"},{\"@type\":\"ListItem\",\"position\":3,\"name\":\"Aire respirable\",\"item\":\"https:\/\/www.airchecklab.com\/es\/servicos\/aire-respirable\/\"},{\"@type\":\"ListItem\",\"position\":4,\"name\":\"Agencias Gubernamentales y Militares\"}]},{\"@type\":\"WebSite\",\"@id\":\"\/#website\",\"url\":\"\/\",\"name\":\"Trace Analytics, the AirCheck Lab\",\"description\":\"Compressed Air Testing for ISO 8573, Microbial, SQF, Breathing Air\",\"publisher\":{\"@id\":\"\/#organization\"},\"potentialAction\":[{\"@type\":\"SearchAction\",\"target\":{\"@type\":\"EntryPoint\",\"urlTemplate\":\"\/?s={search_term_string}\"},\"query-input\":\"required name=search_term_string\"}],\"inLanguage\":\"es\"},{\"@type\":\"Organization\",\"@id\":\"\/#organization\",\"name\":\"Trace Analytics, LLC\",\"url\":\"\/\",\"logo\":{\"@type\":\"ImageObject\",\"inLanguage\":\"es\",\"@id\":\"\/#\/schema\/logo\/image\/\",\"url\":\"https:\/\/www.airchecklab.com\/wp-content\/uploads\/2021\/08\/Blue-01.png\",\"contentUrl\":\"https:\/\/www.airchecklab.com\/wp-content\/uploads\/2021\/08\/Blue-01.png\",\"width\":1600,\"height\":301,\"caption\":\"Trace Analytics, LLC\"},\"image\":{\"@id\":\"\/#\/schema\/logo\/image\/\"}}]}<\/script>\n<!-- \/ Yoast SEO Premium plugin. -->","yoast_head_json":{"title":"Agencias Gubernamentales y Militares - Trace Analytics, the AirCheck Lab","robots":{"index":"index","follow":"follow","max-snippet":"max-snippet:-1","max-image-preview":"max-image-preview:large","max-video-preview":"max-video-preview:-1"},"canonical":"https:\/\/www.airchecklab.com\/es\/servicos\/aire-respirable\/agencias-gubernamentales-y-militares\/","og_locale":"es_ES","og_type":"article","og_title":"Agencias Gubernamentales y Militares","og_description":"[lightbg] An\u00e1lisis de Aire Comprimido para el Gobierno Trace Analytics se enorgullece en proporcionar an\u00e1lisis de aire a todas las agencias gubernamentales y militares de Estados Unidos, as\u00ed como a entidades gubernamentales internacionales como el Ministerio de Defensa del Reino Unido (Ministro de Defensa del Reino Unido) y la Real Polic\u00eda Montada de Canad\u00e1 (Polic\u00eda Montada) de Canad\u00e1). Ya sea que use aire comprimido para buceo, extinci\u00f3n de incendios, aviaci\u00f3n o en las fuerzas policiales, podemos comprobar el cumplimiento de [&hellip;]","og_url":"https:\/\/www.airchecklab.com\/es\/servicos\/aire-respirable\/agencias-gubernamentales-y-militares\/","og_site_name":"Trace Analytics, the AirCheck Lab","og_image":[{"width":1600,"height":300,"url":"https:\/\/www.airchecklab.com\/wp-content\/uploads\/2018\/02\/banners-dive-01.jpg","type":"image\/jpeg"}],"twitter_card":"summary_large_image","twitter_misc":{"Tiempo de lectura":"1 minuto"},"schema":{"@context":"https:\/\/schema.org","@graph":[{"@type":"WebPage","@id":"https:\/\/www.airchecklab.com\/es\/servicos\/aire-respirable\/agencias-gubernamentales-y-militares\/","url":"https:\/\/www.airchecklab.com\/es\/servicos\/aire-respirable\/agencias-gubernamentales-y-militares\/","name":"Agencias Gubernamentales y Militares - Trace Analytics, the AirCheck Lab","isPartOf":{"@id":"\/#website"},"datePublished":"2021-12-27T16:10:55+00:00","dateModified":"2021-12-27T16:10:55+00:00","breadcrumb":{"@id":"https:\/\/www.airchecklab.com\/es\/servicos\/aire-respirable\/agencias-gubernamentales-y-militares\/#breadcrumb"},"inLanguage":"es","potentialAction":[{"@type":"ReadAction","target":["https:\/\/www.airchecklab.com\/es\/servicos\/aire-respirable\/agencias-gubernamentales-y-militares\/"]}]},{"@type":"BreadcrumbList","@id":"https:\/\/www.airchecklab.com\/es\/servicos\/aire-respirable\/agencias-gubernamentales-y-militares\/#breadcrumb","itemListElement":[{"@type":"ListItem","position":1,"name":"Home","item":"https:\/\/www.airchecklab.com\/es\/analisis-de-seguimiento-pruebas-ambientales-y-de-aire-comprimido\/"},{"@type":"ListItem","position":2,"name":"Servicos","item":"https:\/\/www.airchecklab.com\/es\/servicos\/"},{"@type":"ListItem","position":3,"name":"Aire respirable","item":"https:\/\/www.airchecklab.com\/es\/servicos\/aire-respirable\/"},{"@type":"ListItem","position":4,"name":"Agencias Gubernamentales y Militares"}]},{"@type":"WebSite","@id":"\/#website","url":"\/","name":"Trace Analytics, the AirCheck Lab","description":"Compressed Air Testing for ISO 8573, Microbial, SQF, Breathing Air","publisher":{"@id":"\/#organization"},"potentialAction":[{"@type":"SearchAction","target":{"@type":"EntryPoint","urlTemplate":"\/?s={search_term_string}"},"query-input":"required name=search_term_string"}],"inLanguage":"es"},{"@type":"Organization","@id":"\/#organization","name":"Trace Analytics, LLC","url":"\/","logo":{"@type":"ImageObject","inLanguage":"es","@id":"\/#\/schema\/logo\/image\/","url":"https:\/\/www.airchecklab.com\/wp-content\/uploads\/2021\/08\/Blue-01.png","contentUrl":"https:\/\/www.airchecklab.com\/wp-content\/uploads\/2021\/08\/Blue-01.png","width":1600,"height":301,"caption":"Trace Analytics, LLC"},"image":{"@id":"\/#\/schema\/logo\/image\/"}}]}},"_links":{"self":[{"href":"https:\/\/www.airchecklab.com\/es\/wp-json\/wp\/v2\/pages\/22662"}],"collection":[{"href":"https:\/\/www.airchecklab.com\/es\/wp-json\/wp\/v2\/pages"}],"about":[{"href":"https:\/\/www.airchecklab.com\/es\/wp-json\/wp\/v2\/types\/page"}],"author":[{"embeddable":true,"href":"https:\/\/www.airchecklab.com\/es\/wp-json\/wp\/v2\/users\/1"}],"replies":[{"embeddable":true,"href":"https:\/\/www.airchecklab.com\/es\/wp-json\/wp\/v2\/comments?post=22662"}],"version-history":[{"count":0,"href":"https:\/\/www.airchecklab.com\/es\/wp-json\/wp\/v2\/pages\/22662\/revisions"}],"up":[{"embeddable":true,"href":"https:\/\/www.airchecklab.com\/es\/wp-json\/wp\/v2\/pages\/22669"}],"wp:featuredmedia":[{"embeddable":true,"href":"https:\/\/www.airchecklab.com\/es\/wp-json\/wp\/v2\/media\/19699"}],"wp:attachment":[{"href":"https:\/\/www.airchecklab.com\/es\/wp-json\/wp\/v2\/media?parent=22662"}],"curies":[{"name":"wp","href":"https:\/\/api.w.org\/{rel}","templated":true}]}}