{"id":22663,"date":"2021-12-27T10:10:55","date_gmt":"2021-12-27T16:10:55","guid":{"rendered":"https:\/\/dev.airchecklab.com\/encuentra-un-distribuidor\/"},"modified":"2021-12-27T10:10:55","modified_gmt":"2021-12-27T16:10:55","slug":"encuentra-un-distribuidor","status":"publish","type":"page","link":"https:\/\/www.airchecklab.com\/es\/servicos\/distribuidores\/encuentra-un-distribuidor\/","title":{"rendered":"Encuentra un Distribuidor"},"content":{"rendered":"<div class=\"sixteen columns fullwidth blackbg\">\n<h1 class=\"center uppercase\">Encuentra un Distribuidor<\/h1>\n<p>Nuestra red internacional de distribuidores independientes hace del aire comprimido algo f\u00e1cil con su amplio conocimiento de sistemas de gases comprimidos, mantenimiento, an\u00e1lisis y cumplimiento de las normas y protocolos de seguridad &#8211; si te encuentras dentro de su regi\u00f3n, incluso pueden tomar las muestras de tu sistema de acuerdo a las normas de ISO 8573, C\u00f3digo SQF, NFPA 1989, NFPA 99, OSHA, CGA, CSA u otros est\u00e1ndares de regulaci\u00f3n.<\/p>\n<p>Desde el asunto m\u00e1s amplio hasta el detalle m\u00e1s peque\u00f1o, nuestro objetivo es proporcionar con todos los recursos necesarios, ya sea para toma de muestras, soluci\u00f3n de problemas o revisi\u00f3n de informes. Toma el tel\u00e9fono y ll\u00e1manos.<\/p>\n<p>\u00bfProporcionas servicios relacionados con compresores? <a href=\"https:\/\/www.airchecklab.com\/?page_id=8623\">Convi\u00e9rtete en un Distribuidor.<\/a><\/p>\n<\/div>\n<div class=\"sixteen columns fullwidth lightbg\">\n\t<!--[if lte IE 8]>\n\t\t<script charset=\"utf-8\" type=\"text\/javascript\" src=\"\/\/js.hsforms.net\/forms\/v2-legacy.js\"><\/script>\n\t<![endif]--><br \/>\n\t<script charset=\"utf-8\" type=\"text\/javascript\" src=\"\/\/js.hsforms.net\/forms\/v2.js\"><\/script><br \/>\n\t<script>\n\t\thbspt.forms.create({\n\t\t\tportalId: \"4558619\",\n\t\t\tformId: \"03e1782a-aa51-461e-b5d8-40699379c04b\"\n\t\t\t});\n\t<\/script>\n<\/div>\n","protected":false},"excerpt":{"rendered":"<p>Encuentra un Distribuidor Nuestra red internacional de distribuidores independientes hace del aire comprimido algo f\u00e1cil con su amplio conocimiento de sistemas de gases comprimidos, mantenimiento, an\u00e1lisis y cumplimiento de las normas y protocolos de seguridad &#8211; si te encuentras dentro de su regi\u00f3n, incluso pueden tomar las muestras de tu sistema de acuerdo a las normas de ISO 8573, C\u00f3digo SQF, NFPA 1989, NFPA 99, OSHA, CGA, CSA u otros est\u00e1ndares de regulaci\u00f3n. Desde el asunto m\u00e1s amplio hasta el [&hellip;]<\/p>\n","protected":false},"author":1,"featured_media":19713,"parent":22707,"menu_order":0,"comment_status":"closed","ping_status":"closed","template":"100-width.php","meta":{"content-type":""},"yoast_head":"<!-- This site is optimized with the Yoast SEO Premium plugin v20.0 (Yoast SEO v20.0) - https:\/\/yoast.com\/wordpress\/plugins\/seo\/ -->\n<title>Encuentra un Distribuidor - Trace Analytics, the AirCheck Lab<\/title>\n<meta name=\"robots\" content=\"index, follow, max-snippet:-1, max-image-preview:large, max-video-preview:-1\" \/>\n<link rel=\"canonical\" href=\"https:\/\/www.airchecklab.com\/es\/servicos\/distribuidores\/encuentra-un-distribuidor\/\" \/>\n<meta property=\"og:locale\" content=\"es_ES\" \/>\n<meta property=\"og:type\" content=\"article\" \/>\n<meta property=\"og:title\" content=\"Encuentra un Distribuidor\" \/>\n<meta property=\"og:description\" content=\"Encuentra un Distribuidor Nuestra red internacional de distribuidores independientes hace del aire comprimido algo f\u00e1cil con su amplio conocimiento de sistemas de gases comprimidos, mantenimiento, an\u00e1lisis y cumplimiento de las normas y protocolos de seguridad &#8211; si te encuentras dentro de su regi\u00f3n, incluso pueden tomar las muestras de tu sistema de acuerdo a las normas de ISO 8573, C\u00f3digo SQF, NFPA 1989, NFPA 99, OSHA, CGA, CSA u otros est\u00e1ndares de regulaci\u00f3n. Desde el asunto m\u00e1s amplio hasta el [&hellip;]\" \/>\n<meta property=\"og:url\" content=\"https:\/\/www.airchecklab.com\/es\/servicos\/distribuidores\/encuentra-un-distribuidor\/\" \/>\n<meta property=\"og:site_name\" content=\"Trace Analytics, the AirCheck Lab\" \/>\n<meta property=\"og:image\" content=\"https:\/\/www.airchecklab.com\/wp-content\/uploads\/2018\/02\/breathing-air-blue.jpg\" \/>\n\t<meta property=\"og:image:width\" content=\"1600\" \/>\n\t<meta property=\"og:image:height\" content=\"300\" \/>\n\t<meta property=\"og:image:type\" content=\"image\/jpeg\" \/>\n<meta name=\"twitter:card\" content=\"summary_large_image\" \/>\n<meta name=\"twitter:label1\" content=\"Tiempo de lectura\" \/>\n\t<meta name=\"twitter:data1\" content=\"1 minuto\" \/>\n<script type=\"application\/ld+json\" class=\"yoast-schema-graph\">{\"@context\":\"https:\/\/schema.org\",\"@graph\":[{\"@type\":\"WebPage\",\"@id\":\"https:\/\/www.airchecklab.com\/es\/servicos\/distribuidores\/encuentra-un-distribuidor\/\",\"url\":\"https:\/\/www.airchecklab.com\/es\/servicos\/distribuidores\/encuentra-un-distribuidor\/\",\"name\":\"Encuentra un Distribuidor - Trace Analytics, the AirCheck Lab\",\"isPartOf\":{\"@id\":\"\/#website\"},\"datePublished\":\"2021-12-27T16:10:55+00:00\",\"dateModified\":\"2021-12-27T16:10:55+00:00\",\"breadcrumb\":{\"@id\":\"https:\/\/www.airchecklab.com\/es\/servicos\/distribuidores\/encuentra-un-distribuidor\/#breadcrumb\"},\"inLanguage\":\"es\",\"potentialAction\":[{\"@type\":\"ReadAction\",\"target\":[\"https:\/\/www.airchecklab.com\/es\/servicos\/distribuidores\/encuentra-un-distribuidor\/\"]}]},{\"@type\":\"BreadcrumbList\",\"@id\":\"https:\/\/www.airchecklab.com\/es\/servicos\/distribuidores\/encuentra-un-distribuidor\/#breadcrumb\",\"itemListElement\":[{\"@type\":\"ListItem\",\"position\":1,\"name\":\"Home\",\"item\":\"https:\/\/www.airchecklab.com\/es\/analisis-de-seguimiento-pruebas-ambientales-y-de-aire-comprimido\/\"},{\"@type\":\"ListItem\",\"position\":2,\"name\":\"Servicos\",\"item\":\"https:\/\/www.airchecklab.com\/es\/servicos\/\"},{\"@type\":\"ListItem\",\"position\":3,\"name\":\"Distribuidores\",\"item\":\"https:\/\/www.airchecklab.com\/es\/servicos\/distribuidores\/\"},{\"@type\":\"ListItem\",\"position\":4,\"name\":\"Encuentra un Distribuidor\"}]},{\"@type\":\"WebSite\",\"@id\":\"\/#website\",\"url\":\"\/\",\"name\":\"Trace Analytics, the AirCheck Lab\",\"description\":\"Compressed Air Testing for ISO 8573, Microbial, SQF, Breathing Air\",\"publisher\":{\"@id\":\"\/#organization\"},\"potentialAction\":[{\"@type\":\"SearchAction\",\"target\":{\"@type\":\"EntryPoint\",\"urlTemplate\":\"\/?s={search_term_string}\"},\"query-input\":\"required name=search_term_string\"}],\"inLanguage\":\"es\"},{\"@type\":\"Organization\",\"@id\":\"\/#organization\",\"name\":\"Trace Analytics, LLC\",\"url\":\"\/\",\"logo\":{\"@type\":\"ImageObject\",\"inLanguage\":\"es\",\"@id\":\"\/#\/schema\/logo\/image\/\",\"url\":\"https:\/\/www.airchecklab.com\/wp-content\/uploads\/2021\/08\/Blue-01.png\",\"contentUrl\":\"https:\/\/www.airchecklab.com\/wp-content\/uploads\/2021\/08\/Blue-01.png\",\"width\":1600,\"height\":301,\"caption\":\"Trace Analytics, LLC\"},\"image\":{\"@id\":\"\/#\/schema\/logo\/image\/\"}}]}<\/script>\n<!-- \/ Yoast SEO Premium plugin. -->","yoast_head_json":{"title":"Encuentra un Distribuidor - Trace Analytics, the AirCheck Lab","robots":{"index":"index","follow":"follow","max-snippet":"max-snippet:-1","max-image-preview":"max-image-preview:large","max-video-preview":"max-video-preview:-1"},"canonical":"https:\/\/www.airchecklab.com\/es\/servicos\/distribuidores\/encuentra-un-distribuidor\/","og_locale":"es_ES","og_type":"article","og_title":"Encuentra un Distribuidor","og_description":"Encuentra un Distribuidor Nuestra red internacional de distribuidores independientes hace del aire comprimido algo f\u00e1cil con su amplio conocimiento de sistemas de gases comprimidos, mantenimiento, an\u00e1lisis y cumplimiento de las normas y protocolos de seguridad &#8211; si te encuentras dentro de su regi\u00f3n, incluso pueden tomar las muestras de tu sistema de acuerdo a las normas de ISO 8573, C\u00f3digo SQF, NFPA 1989, NFPA 99, OSHA, CGA, CSA u otros est\u00e1ndares de regulaci\u00f3n. Desde el asunto m\u00e1s amplio hasta el [&hellip;]","og_url":"https:\/\/www.airchecklab.com\/es\/servicos\/distribuidores\/encuentra-un-distribuidor\/","og_site_name":"Trace Analytics, the AirCheck Lab","og_image":[{"width":1600,"height":300,"url":"https:\/\/www.airchecklab.com\/wp-content\/uploads\/2018\/02\/breathing-air-blue.jpg","type":"image\/jpeg"}],"twitter_card":"summary_large_image","twitter_misc":{"Tiempo de lectura":"1 minuto"},"schema":{"@context":"https:\/\/schema.org","@graph":[{"@type":"WebPage","@id":"https:\/\/www.airchecklab.com\/es\/servicos\/distribuidores\/encuentra-un-distribuidor\/","url":"https:\/\/www.airchecklab.com\/es\/servicos\/distribuidores\/encuentra-un-distribuidor\/","name":"Encuentra un Distribuidor - Trace Analytics, the AirCheck Lab","isPartOf":{"@id":"\/#website"},"datePublished":"2021-12-27T16:10:55+00:00","dateModified":"2021-12-27T16:10:55+00:00","breadcrumb":{"@id":"https:\/\/www.airchecklab.com\/es\/servicos\/distribuidores\/encuentra-un-distribuidor\/#breadcrumb"},"inLanguage":"es","potentialAction":[{"@type":"ReadAction","target":["https:\/\/www.airchecklab.com\/es\/servicos\/distribuidores\/encuentra-un-distribuidor\/"]}]},{"@type":"BreadcrumbList","@id":"https:\/\/www.airchecklab.com\/es\/servicos\/distribuidores\/encuentra-un-distribuidor\/#breadcrumb","itemListElement":[{"@type":"ListItem","position":1,"name":"Home","item":"https:\/\/www.airchecklab.com\/es\/analisis-de-seguimiento-pruebas-ambientales-y-de-aire-comprimido\/"},{"@type":"ListItem","position":2,"name":"Servicos","item":"https:\/\/www.airchecklab.com\/es\/servicos\/"},{"@type":"ListItem","position":3,"name":"Distribuidores","item":"https:\/\/www.airchecklab.com\/es\/servicos\/distribuidores\/"},{"@type":"ListItem","position":4,"name":"Encuentra un Distribuidor"}]},{"@type":"WebSite","@id":"\/#website","url":"\/","name":"Trace Analytics, the AirCheck Lab","description":"Compressed Air Testing for ISO 8573, Microbial, SQF, Breathing Air","publisher":{"@id":"\/#organization"},"potentialAction":[{"@type":"SearchAction","target":{"@type":"EntryPoint","urlTemplate":"\/?s={search_term_string}"},"query-input":"required name=search_term_string"}],"inLanguage":"es"},{"@type":"Organization","@id":"\/#organization","name":"Trace Analytics, LLC","url":"\/","logo":{"@type":"ImageObject","inLanguage":"es","@id":"\/#\/schema\/logo\/image\/","url":"https:\/\/www.airchecklab.com\/wp-content\/uploads\/2021\/08\/Blue-01.png","contentUrl":"https:\/\/www.airchecklab.com\/wp-content\/uploads\/2021\/08\/Blue-01.png","width":1600,"height":301,"caption":"Trace Analytics, LLC"},"image":{"@id":"\/#\/schema\/logo\/image\/"}}]}},"_links":{"self":[{"href":"https:\/\/www.airchecklab.com\/es\/wp-json\/wp\/v2\/pages\/22663"}],"collection":[{"href":"https:\/\/www.airchecklab.com\/es\/wp-json\/wp\/v2\/pages"}],"about":[{"href":"https:\/\/www.airchecklab.com\/es\/wp-json\/wp\/v2\/types\/page"}],"author":[{"embeddable":true,"href":"https:\/\/www.airchecklab.com\/es\/wp-json\/wp\/v2\/users\/1"}],"replies":[{"embeddable":true,"href":"https:\/\/www.airchecklab.com\/es\/wp-json\/wp\/v2\/comments?post=22663"}],"version-history":[{"count":0,"href":"https:\/\/www.airchecklab.com\/es\/wp-json\/wp\/v2\/pages\/22663\/revisions"}],"up":[{"embeddable":true,"href":"https:\/\/www.airchecklab.com\/es\/wp-json\/wp\/v2\/pages\/22707"}],"wp:featuredmedia":[{"embeddable":true,"href":"https:\/\/www.airchecklab.com\/es\/wp-json\/wp\/v2\/media\/19713"}],"wp:attachment":[{"href":"https:\/\/www.airchecklab.com\/es\/wp-json\/wp\/v2\/media?parent=22663"}],"curies":[{"name":"wp","href":"https:\/\/api.w.org\/{rel}","templated":true}]}}