{"id":22664,"date":"2021-12-27T10:10:55","date_gmt":"2021-12-27T16:10:55","guid":{"rendered":"https:\/\/dev.airchecklab.com\/alimentos-para-mascotas\/"},"modified":"2021-12-27T10:10:55","modified_gmt":"2021-12-27T16:10:55","slug":"alimentos-para-mascotas","status":"publish","type":"page","link":"https:\/\/www.airchecklab.com\/es\/servicos\/fabricacion-iso-8573-1\/alimentos-para-mascotas\/","title":{"rendered":"Alimentos para Mascotas"},"content":{"rendered":"<p>[lightbg]<\/p>\n<h1>Aire Comprimido en la Industria de Alimentos para Mascotas<\/h1>\n<p>El aire comprimido en el proceso de fabricaci\u00f3n del alimento para mascotas debe ser considerado como un factor cr\u00edtico y que puede tener consecuencias en la esterilizaci\u00f3n comercial del producto final. Garantizar la inocuidad y calidad del alimento para mascotas es esencial para la viabilidad de la f\u00e1brica.<\/p>\n<p>La <a target=\"_blank\" href=\"http:\/\/www.fda.gov\" rel=\"noopener\">Administraci\u00f3n de Alimentos y Medicamentos (FDA)<\/a> regula la industria de alimentos para mascotas. La <a target=\"_blank\" href=\"https:\/\/www.fda.gov\/aboutfda\/whatwedo\/history\/productregulation\/ucm132818.htm\" rel=\"noopener\">Ley Federal de Alimentos, Medicamentos y Cosm\u00e9ticos (FFDCA)<\/a> , requiere que todos los alimentos para animales, como los humanos, sean seguros para comer y que no contengan ninguna sustancia da\u00f1ina.<\/p>\n<p>[\/lightbg]<\/p>\n<p>[blackbg]<\/p>\n<h1><\/h1>\n<p>El aire comprimido en la industria de alimentos para animales es tan importante como lo es en la industria de alimentos para humanos y en la industria farmac\u00e9utica. No queremos exponer a nuestras mascotas a algo nocivo. El aire comprimido puede contaminarse f\u00e1cilmente si no es regulado, si no se le da mantenimiento y si su calidad no es analizada. Lee m\u00e1s acerca de las <a href=\"\/aircheck-academy\/Sources-Of-Contamination\/Manufacturing\">Fuentes de Contaminaci\u00f3n de Compresores<\/a> en <a href=\"https:\/\/www.airchecklab.com\/aircheck-academy\/\"><span class=\"aircheck\">AirCheck <span class=\"tracecheck\">\u2713<\/span> Academy &#x2122;<\/span><\/a> .<\/p>\n<p>La contaminaci\u00f3n en el aire comprimido, ya sean part\u00edculas, agua o aceite, puede tener resultados fatales en el producto final, resultando en pausas en la producci\u00f3n, el retiro de los productos o algo peor. Los fabricantes farmac\u00e9uticos y de alimentos usan la norma ISO 8573 para la regulaci\u00f3n de su aire comprimido. <a href=\"\/Services\/Industrial-Air---ISO-8573_1\">ISO 8573<\/a> es una excelente norma aplicable a los fabricantes de alimentos de mascota y sus proveedores. Es necesario que los fabricantes protejan las mascotas de sus clientes de alimentos contaminados al identificar el aire comprimido como un factor cr\u00edtico.<\/p>\n<p>ISO 8573 identifica las tres \u00e1reas principales de contaminaci\u00f3n en el aire comprimido &#8211; Part\u00edculas, Agua y Aceite. En la industria de alimentos para humanos, el aire comprimido que entre en contacto directo con los alimentos debe de conformarse a la Clase de Pureza 2: 2: 1 de la norma ISO 8573-1: 2001, el aire en contacto indirecto debe cumplir la Clase 2: 4: 1. <a href=\"#BCAS\">Ve la siguiente tabla<\/a> con los l\u00edmites de cada Clase de Pureza.<\/p>\n<p>[\/blackbg]<\/p>\n<p>[lightbg]<\/p>\n<h2>Normas de An\u00e1lisis de Aire Comprimido &amp; Gas para Alimentos de Mascotas<\/h2>\n<p>Trace Analytics, LLC es un <a href=\"\/services\/about-the-lab\">laboratorio acreditado por A2LA<\/a> en cumplimiento con ISO 17025 como es requerido por BRC y SQF. Podemos hacer an\u00e1lisis de acuerdo a una gran variedad de normas y especificaciones. Algunas de las normas m\u00e1s usadas en la industria de alimentos para mascotas son las siguientes:<\/p>\n<p>\t[IncludeSpec spec=&#8221;BCAS&#8221;]<\/p>\n<p>La calidad del aire comprimido debe ser analizada y verificada. An\u00e1lisis adicionales son necesarios cuando se lleve a cabo el mantenimiento o cualquier otra actividad en el sistema que pueda afectar la calidad del aire. Siempre que se realice el mantenimiento, una porci\u00f3n representativa de las salidas de aire deber\u00e1 ser analizada para verificar que el aire comprimido cumple con la clase de pureza pertinente.<\/p>\n<p>Tener un programa en el cual se realicen an\u00e1lisis peri\u00f3dicamente puede proporcionar informaci\u00f3n cr\u00edtica acerca de la calidad del aire y ayudar a prevenir la contaminaci\u00f3n del suministro de alimentos. Debido al car\u00e1cter cr\u00edtico del aire comprimido usado en los procesos de fabricaci\u00f3n de alimentos, solo personal calificado deber\u00e1 mantener, dar servicio, y tomar las muestras del sistema de aire comprimido.<\/p>\n<p>Ofrecemos an\u00e1lisis de l\u00ednea base si no est\u00e1s seguro de la clase de pureza que tu sistema de aire puede satisfacer, an\u00e1lisis para cualquier clase de pureza que selecciones dentro de ISO 8573-1: 2010, o nos puedes proporcionar tus propias especificaciones personalizadas.<\/p>\n<p>\t[IncludeSpec spec=&#8221;ISO&#8221;]\t<\/p>\n<p>Trace Analytics es un <a href=\"https:\/\/www.airchecklab.com\/?page_id=8635\">laboratorio acreditado por A2LA<\/a> establecido en 1989. Hacemos una cosa: \u00a1An\u00e1lisis de aire comprimido! Tenemos un gran equipo de expertos que est\u00e1 listo para contestar tus preguntas o ayudarte a empezar un programa para garantizar la calidad del aire.<\/p>\n<p>Para recibir m\u00e1s informaci\u00f3n acerca de aire comprimido en procesos industriales y an\u00e1lisis de aire para la industria de alimentos para mascotas, ISO 8573-1 y nuestro an\u00e1lisis de l\u00ednea base con el [aircheck]Kit[\/aircheck] , cont\u00e1ctanos usando la siguiente forma:<\/p>\n<hr>\n<p>\t<!--[if lte IE 8]>\n\t\t<script charset=\"utf-8\" type=\"text\/javascript\" src=\"\/\/js.hsforms.net\/forms\/v2-legacy.js\"><\/script>\n\t<![endif]--><br \/>\n\t<script charset=\"utf-8\" type=\"text\/javascript\" src=\"\/\/js.hsforms.net\/forms\/v2.js\"><\/script><br \/>\n\t<script>\n\t\thbspt.forms.create({\n\t\t\tportalId: \"4558619\",\n\t\t\tformId: \"03e1782a-aa51-461e-b5d8-40699379c04b\"\n\t\t\t});\n\t<\/script><br \/>\n\t[ShowAllSiblings title=&#8221;Otros Servicios de An\u00e1lisis:&#8221;]<br \/>\n[\/lightbg]<\/p>\n","protected":false},"excerpt":{"rendered":"<p>[lightbg] Aire Comprimido en la Industria de Alimentos para Mascotas El aire comprimido en el proceso de fabricaci\u00f3n del alimento para mascotas debe ser considerado como un factor cr\u00edtico y que puede tener consecuencias en la esterilizaci\u00f3n comercial del producto final. Garantizar la inocuidad y calidad del alimento para mascotas es esencial para la viabilidad de la f\u00e1brica. La Administraci\u00f3n de Alimentos y Medicamentos (FDA) regula la industria de alimentos para mascotas. La Ley Federal de Alimentos, Medicamentos y Cosm\u00e9ticos [&hellip;]<\/p>\n","protected":false},"author":1,"featured_media":19699,"parent":22708,"menu_order":0,"comment_status":"closed","ping_status":"open","template":"100-width.php","meta":{"content-type":""},"yoast_head":"<!-- This site is optimized with the Yoast SEO Premium plugin v20.0 (Yoast SEO v20.0) - https:\/\/yoast.com\/wordpress\/plugins\/seo\/ -->\n<title>Alimentos para Mascotas - Trace Analytics, the AirCheck Lab<\/title>\n<meta name=\"description\" content=\"El aire comprimido usado en la fabricaci\u00f3n de alimento para mascotas debe ser analizado normal. Lee m\u00e1s acerca del aire comprimido usado en los procesos de manufactura en nuestra p\u00e1gina.\" \/>\n<meta name=\"robots\" content=\"index, follow, max-snippet:-1, max-image-preview:large, max-video-preview:-1\" \/>\n<link rel=\"canonical\" href=\"https:\/\/www.airchecklab.com\/es\/servicos\/fabricacion-iso-8573-1\/alimentos-para-mascotas\/\" \/>\n<meta property=\"og:locale\" content=\"es_ES\" \/>\n<meta property=\"og:type\" content=\"article\" \/>\n<meta property=\"og:title\" content=\"Alimentos para Mascotas\" \/>\n<meta property=\"og:description\" content=\"El aire comprimido usado en la fabricaci\u00f3n de alimento para mascotas debe ser analizado normal. Lee m\u00e1s acerca del aire comprimido usado en los procesos de manufactura en nuestra p\u00e1gina.\" \/>\n<meta property=\"og:url\" content=\"https:\/\/www.airchecklab.com\/es\/servicos\/fabricacion-iso-8573-1\/alimentos-para-mascotas\/\" \/>\n<meta property=\"og:site_name\" content=\"Trace Analytics, the AirCheck Lab\" \/>\n<meta property=\"og:image\" content=\"https:\/\/www.airchecklab.com\/wp-content\/uploads\/2018\/02\/banners-dive-01.jpg\" \/>\n\t<meta property=\"og:image:width\" content=\"1600\" \/>\n\t<meta property=\"og:image:height\" content=\"300\" \/>\n\t<meta property=\"og:image:type\" content=\"image\/jpeg\" \/>\n<meta name=\"twitter:card\" content=\"summary_large_image\" \/>\n<meta name=\"twitter:label1\" content=\"Tiempo de lectura\" \/>\n\t<meta name=\"twitter:data1\" content=\"4 minutos\" \/>\n<script type=\"application\/ld+json\" class=\"yoast-schema-graph\">{\"@context\":\"https:\/\/schema.org\",\"@graph\":[{\"@type\":\"WebPage\",\"@id\":\"https:\/\/www.airchecklab.com\/es\/servicos\/fabricacion-iso-8573-1\/alimentos-para-mascotas\/\",\"url\":\"https:\/\/www.airchecklab.com\/es\/servicos\/fabricacion-iso-8573-1\/alimentos-para-mascotas\/\",\"name\":\"Alimentos para Mascotas - Trace Analytics, the AirCheck Lab\",\"isPartOf\":{\"@id\":\"\/#website\"},\"datePublished\":\"2021-12-27T16:10:55+00:00\",\"dateModified\":\"2021-12-27T16:10:55+00:00\",\"description\":\"El aire comprimido usado en la fabricaci\u00f3n de alimento para mascotas debe ser analizado normal. Lee m\u00e1s acerca del aire comprimido usado en los procesos de manufactura en nuestra p\u00e1gina.\",\"breadcrumb\":{\"@id\":\"https:\/\/www.airchecklab.com\/es\/servicos\/fabricacion-iso-8573-1\/alimentos-para-mascotas\/#breadcrumb\"},\"inLanguage\":\"es\",\"potentialAction\":[{\"@type\":\"ReadAction\",\"target\":[\"https:\/\/www.airchecklab.com\/es\/servicos\/fabricacion-iso-8573-1\/alimentos-para-mascotas\/\"]}]},{\"@type\":\"BreadcrumbList\",\"@id\":\"https:\/\/www.airchecklab.com\/es\/servicos\/fabricacion-iso-8573-1\/alimentos-para-mascotas\/#breadcrumb\",\"itemListElement\":[{\"@type\":\"ListItem\",\"position\":1,\"name\":\"Home\",\"item\":\"https:\/\/www.airchecklab.com\/es\/analisis-de-seguimiento-pruebas-ambientales-y-de-aire-comprimido\/\"},{\"@type\":\"ListItem\",\"position\":2,\"name\":\"Servicos\",\"item\":\"https:\/\/www.airchecklab.com\/es\/servicos\/\"},{\"@type\":\"ListItem\",\"position\":3,\"name\":\"Fabricaci\u00f3n \/ ISO 8573-1\",\"item\":\"https:\/\/www.airchecklab.com\/es\/servicos\/fabricacion-iso-8573-1\/\"},{\"@type\":\"ListItem\",\"position\":4,\"name\":\"Alimentos para Mascotas\"}]},{\"@type\":\"WebSite\",\"@id\":\"\/#website\",\"url\":\"\/\",\"name\":\"Trace Analytics, the AirCheck Lab\",\"description\":\"Compressed Air Testing for ISO 8573, Microbial, SQF, Breathing Air\",\"publisher\":{\"@id\":\"\/#organization\"},\"potentialAction\":[{\"@type\":\"SearchAction\",\"target\":{\"@type\":\"EntryPoint\",\"urlTemplate\":\"\/?s={search_term_string}\"},\"query-input\":\"required name=search_term_string\"}],\"inLanguage\":\"es\"},{\"@type\":\"Organization\",\"@id\":\"\/#organization\",\"name\":\"Trace Analytics, LLC\",\"url\":\"\/\",\"logo\":{\"@type\":\"ImageObject\",\"inLanguage\":\"es\",\"@id\":\"\/#\/schema\/logo\/image\/\",\"url\":\"https:\/\/www.airchecklab.com\/wp-content\/uploads\/2021\/08\/Blue-01.png\",\"contentUrl\":\"https:\/\/www.airchecklab.com\/wp-content\/uploads\/2021\/08\/Blue-01.png\",\"width\":1600,\"height\":301,\"caption\":\"Trace Analytics, LLC\"},\"image\":{\"@id\":\"\/#\/schema\/logo\/image\/\"}}]}<\/script>\n<!-- \/ Yoast SEO Premium plugin. -->","yoast_head_json":{"title":"Alimentos para Mascotas - Trace Analytics, the AirCheck Lab","description":"El aire comprimido usado en la fabricaci\u00f3n de alimento para mascotas debe ser analizado normal. Lee m\u00e1s acerca del aire comprimido usado en los procesos de manufactura en nuestra p\u00e1gina.","robots":{"index":"index","follow":"follow","max-snippet":"max-snippet:-1","max-image-preview":"max-image-preview:large","max-video-preview":"max-video-preview:-1"},"canonical":"https:\/\/www.airchecklab.com\/es\/servicos\/fabricacion-iso-8573-1\/alimentos-para-mascotas\/","og_locale":"es_ES","og_type":"article","og_title":"Alimentos para Mascotas","og_description":"El aire comprimido usado en la fabricaci\u00f3n de alimento para mascotas debe ser analizado normal. Lee m\u00e1s acerca del aire comprimido usado en los procesos de manufactura en nuestra p\u00e1gina.","og_url":"https:\/\/www.airchecklab.com\/es\/servicos\/fabricacion-iso-8573-1\/alimentos-para-mascotas\/","og_site_name":"Trace Analytics, the AirCheck Lab","og_image":[{"width":1600,"height":300,"url":"https:\/\/www.airchecklab.com\/wp-content\/uploads\/2018\/02\/banners-dive-01.jpg","type":"image\/jpeg"}],"twitter_card":"summary_large_image","twitter_misc":{"Tiempo de lectura":"4 minutos"},"schema":{"@context":"https:\/\/schema.org","@graph":[{"@type":"WebPage","@id":"https:\/\/www.airchecklab.com\/es\/servicos\/fabricacion-iso-8573-1\/alimentos-para-mascotas\/","url":"https:\/\/www.airchecklab.com\/es\/servicos\/fabricacion-iso-8573-1\/alimentos-para-mascotas\/","name":"Alimentos para Mascotas - Trace Analytics, the AirCheck Lab","isPartOf":{"@id":"\/#website"},"datePublished":"2021-12-27T16:10:55+00:00","dateModified":"2021-12-27T16:10:55+00:00","description":"El aire comprimido usado en la fabricaci\u00f3n de alimento para mascotas debe ser analizado normal. Lee m\u00e1s acerca del aire comprimido usado en los procesos de manufactura en nuestra p\u00e1gina.","breadcrumb":{"@id":"https:\/\/www.airchecklab.com\/es\/servicos\/fabricacion-iso-8573-1\/alimentos-para-mascotas\/#breadcrumb"},"inLanguage":"es","potentialAction":[{"@type":"ReadAction","target":["https:\/\/www.airchecklab.com\/es\/servicos\/fabricacion-iso-8573-1\/alimentos-para-mascotas\/"]}]},{"@type":"BreadcrumbList","@id":"https:\/\/www.airchecklab.com\/es\/servicos\/fabricacion-iso-8573-1\/alimentos-para-mascotas\/#breadcrumb","itemListElement":[{"@type":"ListItem","position":1,"name":"Home","item":"https:\/\/www.airchecklab.com\/es\/analisis-de-seguimiento-pruebas-ambientales-y-de-aire-comprimido\/"},{"@type":"ListItem","position":2,"name":"Servicos","item":"https:\/\/www.airchecklab.com\/es\/servicos\/"},{"@type":"ListItem","position":3,"name":"Fabricaci\u00f3n \/ ISO 8573-1","item":"https:\/\/www.airchecklab.com\/es\/servicos\/fabricacion-iso-8573-1\/"},{"@type":"ListItem","position":4,"name":"Alimentos para Mascotas"}]},{"@type":"WebSite","@id":"\/#website","url":"\/","name":"Trace Analytics, the AirCheck Lab","description":"Compressed Air Testing for ISO 8573, Microbial, SQF, Breathing Air","publisher":{"@id":"\/#organization"},"potentialAction":[{"@type":"SearchAction","target":{"@type":"EntryPoint","urlTemplate":"\/?s={search_term_string}"},"query-input":"required name=search_term_string"}],"inLanguage":"es"},{"@type":"Organization","@id":"\/#organization","name":"Trace Analytics, LLC","url":"\/","logo":{"@type":"ImageObject","inLanguage":"es","@id":"\/#\/schema\/logo\/image\/","url":"https:\/\/www.airchecklab.com\/wp-content\/uploads\/2021\/08\/Blue-01.png","contentUrl":"https:\/\/www.airchecklab.com\/wp-content\/uploads\/2021\/08\/Blue-01.png","width":1600,"height":301,"caption":"Trace Analytics, LLC"},"image":{"@id":"\/#\/schema\/logo\/image\/"}}]}},"_links":{"self":[{"href":"https:\/\/www.airchecklab.com\/es\/wp-json\/wp\/v2\/pages\/22664"}],"collection":[{"href":"https:\/\/www.airchecklab.com\/es\/wp-json\/wp\/v2\/pages"}],"about":[{"href":"https:\/\/www.airchecklab.com\/es\/wp-json\/wp\/v2\/types\/page"}],"author":[{"embeddable":true,"href":"https:\/\/www.airchecklab.com\/es\/wp-json\/wp\/v2\/users\/1"}],"replies":[{"embeddable":true,"href":"https:\/\/www.airchecklab.com\/es\/wp-json\/wp\/v2\/comments?post=22664"}],"version-history":[{"count":0,"href":"https:\/\/www.airchecklab.com\/es\/wp-json\/wp\/v2\/pages\/22664\/revisions"}],"up":[{"embeddable":true,"href":"https:\/\/www.airchecklab.com\/es\/wp-json\/wp\/v2\/pages\/22708"}],"wp:featuredmedia":[{"embeddable":true,"href":"https:\/\/www.airchecklab.com\/es\/wp-json\/wp\/v2\/media\/19699"}],"wp:attachment":[{"href":"https:\/\/www.airchecklab.com\/es\/wp-json\/wp\/v2\/media?parent=22664"}],"curies":[{"name":"wp","href":"https:\/\/api.w.org\/{rel}","templated":true}]}}