{"id":22668,"date":"2021-12-27T10:10:56","date_gmt":"2021-12-27T16:10:56","guid":{"rendered":"https:\/\/dev.airchecklab.com\/osha-industrias\/"},"modified":"2021-12-27T10:10:56","modified_gmt":"2021-12-27T16:10:56","slug":"osha-industrias","status":"publish","type":"page","link":"https:\/\/www.airchecklab.com\/es\/servicos\/aire-respirable\/osha-industrias\/","title":{"rendered":"OSHA \/ Industrias"},"content":{"rendered":"<p>[blackbg]<\/p>\n<h1>OSHA \/ Industrias<\/h1>\n<p>Los est\u00e1ndares de la calidad de aire seg\u00fan OSHA necesitan ser cumplidos por cualquier empresa que use aire respirable comprimido para garantizar la seguridad de sus empleados. El <a href=\"https:\/\/www.airchecklab.com\/aircheck-kits\/breathing-air\/\"><span class=\"aircheck\">AirCheck <span class=\"tracecheck\">\u2713<\/span> Kit &#x2122;<\/span><\/a> te ayuda con el cumplimiento del primer elemento de los 14 requisitos de OSHA para la calidad y el uso del aire comprimido.<\/p>\n<p>Nosotros podemos analizar la calidad del aire comprimido de tu suministro de aire para verificar el cumplimiento de los requisitos de Grado D. Como OSHA no indica la frecuencia de las pruebas ni en cu\u00e1ntos lugares se deben de hacer, nuestro equipo de expertos te puede asistir en establecer un programa de monitoreo.<\/p>\n<p>[\/blackbg]<\/p>\n<p>[lightbg]<\/p>\n<h1>F\u00e1cil cumplimiento del requisito n\u00famero 1 en a lista de OSHA<\/h1>\n<p>El aire comprimido es usado en una gran variedad de industrias que incluyen soldadura, pintura con aerosol, limpieza de derrames qu\u00edmicos, y muchas m\u00e1s. Algunos ejemplos sobre cu\u00e1ndo es necesario usar aire respirable comprimido son:<\/p>\n<ul class=\"checklist\">\n<li>Si tus empleados trabajan en ambientes en donde el nivel de ox\u00edgeno es insuficiente o hay la posibilidad de que lo sea.<\/li>\n<li>Si hay la posibilidad de que tus empleados sean expuestos a niveles da\u00f1inos de gases o vapores peligrosos.<\/li>\n<li>Si tus empleados est\u00e1n expuestos a otros posibles peligros respiratorios como polvo, niebla, humo, aerosoles y otras en suspensi\u00f3n.<\/li>\n<\/ul>\n<p>La lista con los 14 requisitos y otros documentos \u00fatiles de OSHA est\u00e1n disponibles en nuestra secci\u00f3n de <a href=\"https:\/\/www.airchecklab.com\/?page_id=9089\">Normas &amp; Especificaciones<\/a> .<\/p>\n<p>Como cada cliente tiene requisitos \u00fanicos de an\u00e1lisis de aire comprimido, podemos ayudar a crear un <a href=\"https:\/\/www.airchecklab.com\/aircheck-kits\/breathing-air\/\"><span class=\"aircheck\">AirCheck <span class=\"tracecheck\">\u2713<\/span> Kit &#x2122;<\/span><\/a> que cumpla con tus necesidades.<\/p>\n<div class=\"center\"><a class=\"button blue medium\" href=\"https:\/\/www.airchecklab.com\/aircheck-kits\/breathing-air\/\">Obt\u00e9n M\u00e1s Informaci\u00f3n &amp; Compra el [aircheck]Kit[\/aircheck] para Aire Respirable<\/span><\/a><\/div>\n<p>[\/lightbg]<\/p>\n<p>[blackbg]<\/p>\n<h2>Normas del An\u00e1lisis de Aire Comprimido &amp; Gases Para OSHA \/ Industrias <\/h2>\n<p>En Trace Analytics, LLC hacemos an\u00e1lisis para verificar el cumplimiento de una gran variedad de normas y especificaciones. Algunas de las normas m\u00e1s usadas por OSHA e industrias son las siguientes:<\/p>\n<p>\t[IncludeSpec spec=&#8221;scba&#8221;]<br \/>\n\t[IncludeSpec spec=&#8221;airline-respirators&#8221;]<br \/>\n[\/blackbg]<\/p>\n<p>[lightbg]<br \/>\n\t<!--[if lte IE 8]>\n\t\t<script charset=\"utf-8\" type=\"text\/javascript\" src=\"\/\/js.hsforms.net\/forms\/v2-legacy.js\"><\/script>\n\t<![endif]--><br \/>\n\t<script charset=\"utf-8\" type=\"text\/javascript\" src=\"\/\/js.hsforms.net\/forms\/v2.js\"><\/script><br \/>\n\t<script>\n\t\thbspt.forms.create({\n\t\t\tportalId: \"4558619\",\n\t\t\tformId: \"03e1782a-aa51-461e-b5d8-40699379c04b\"\n\t\t\t});\n\t<\/script><br \/>\n\t<br class=\"clearfix marb20\"><br \/>\n\t[ShowAllSiblings title=&#8221;Otros Servicios de An\u00e1lisis de Aire Comprimido:&#8221;]<br \/>\n[\/lightbg]<\/p>\n","protected":false},"excerpt":{"rendered":"<p>[blackbg] OSHA \/ Industrias Los est\u00e1ndares de la calidad de aire seg\u00fan OSHA necesitan ser cumplidos por cualquier empresa que use aire respirable comprimido para garantizar la seguridad de sus empleados. El AirCheck \u2713 Kit &#x2122; te ayuda con el cumplimiento del primer elemento de los 14 requisitos de OSHA para la calidad y el uso del aire comprimido. Nosotros podemos analizar la calidad del aire comprimido de tu suministro de aire para verificar el cumplimiento de los requisitos de [&hellip;]<\/p>\n","protected":false},"author":1,"featured_media":19699,"parent":22669,"menu_order":0,"comment_status":"closed","ping_status":"open","template":"100-width.php","meta":{"content-type":""},"yoast_head":"<!-- This site is optimized with the Yoast SEO Premium plugin v20.0 (Yoast SEO v20.0) - https:\/\/yoast.com\/wordpress\/plugins\/seo\/ -->\n<title>OSHA \/ Industrias - Trace Analytics, the AirCheck Lab<\/title>\n<meta name=\"robots\" content=\"index, follow, max-snippet:-1, max-image-preview:large, max-video-preview:-1\" \/>\n<link rel=\"canonical\" href=\"https:\/\/www.airchecklab.com\/es\/servicos\/aire-respirable\/osha-industrias\/\" \/>\n<meta property=\"og:locale\" content=\"es_ES\" \/>\n<meta property=\"og:type\" content=\"article\" \/>\n<meta property=\"og:title\" content=\"OSHA \/ Industrias\" \/>\n<meta property=\"og:description\" content=\"[blackbg] OSHA \/ Industrias Los est\u00e1ndares de la calidad de aire seg\u00fan OSHA necesitan ser cumplidos por cualquier empresa que use aire respirable comprimido para garantizar la seguridad de sus empleados. El AirCheck \u2713 Kit &#x2122; te ayuda con el cumplimiento del primer elemento de los 14 requisitos de OSHA para la calidad y el uso del aire comprimido. Nosotros podemos analizar la calidad del aire comprimido de tu suministro de aire para verificar el cumplimiento de los requisitos de [&hellip;]\" \/>\n<meta property=\"og:url\" content=\"https:\/\/www.airchecklab.com\/es\/servicos\/aire-respirable\/osha-industrias\/\" \/>\n<meta property=\"og:site_name\" content=\"Trace Analytics, the AirCheck Lab\" \/>\n<meta property=\"og:image\" content=\"https:\/\/www.airchecklab.com\/wp-content\/uploads\/2018\/02\/banners-dive-01.jpg\" \/>\n\t<meta property=\"og:image:width\" content=\"1600\" \/>\n\t<meta property=\"og:image:height\" content=\"300\" \/>\n\t<meta property=\"og:image:type\" content=\"image\/jpeg\" \/>\n<meta name=\"twitter:card\" content=\"summary_large_image\" \/>\n<meta name=\"twitter:label1\" content=\"Tiempo de lectura\" \/>\n\t<meta name=\"twitter:data1\" content=\"2 minutos\" \/>\n<script type=\"application\/ld+json\" class=\"yoast-schema-graph\">{\"@context\":\"https:\/\/schema.org\",\"@graph\":[{\"@type\":\"WebPage\",\"@id\":\"https:\/\/www.airchecklab.com\/es\/servicos\/aire-respirable\/osha-industrias\/\",\"url\":\"https:\/\/www.airchecklab.com\/es\/servicos\/aire-respirable\/osha-industrias\/\",\"name\":\"OSHA \/ Industrias - Trace Analytics, the AirCheck Lab\",\"isPartOf\":{\"@id\":\"\/#website\"},\"datePublished\":\"2021-12-27T16:10:56+00:00\",\"dateModified\":\"2021-12-27T16:10:56+00:00\",\"breadcrumb\":{\"@id\":\"https:\/\/www.airchecklab.com\/es\/servicos\/aire-respirable\/osha-industrias\/#breadcrumb\"},\"inLanguage\":\"es\",\"potentialAction\":[{\"@type\":\"ReadAction\",\"target\":[\"https:\/\/www.airchecklab.com\/es\/servicos\/aire-respirable\/osha-industrias\/\"]}]},{\"@type\":\"BreadcrumbList\",\"@id\":\"https:\/\/www.airchecklab.com\/es\/servicos\/aire-respirable\/osha-industrias\/#breadcrumb\",\"itemListElement\":[{\"@type\":\"ListItem\",\"position\":1,\"name\":\"Home\",\"item\":\"https:\/\/www.airchecklab.com\/es\/analisis-de-seguimiento-pruebas-ambientales-y-de-aire-comprimido\/\"},{\"@type\":\"ListItem\",\"position\":2,\"name\":\"Servicos\",\"item\":\"https:\/\/www.airchecklab.com\/es\/servicos\/\"},{\"@type\":\"ListItem\",\"position\":3,\"name\":\"Aire respirable\",\"item\":\"https:\/\/www.airchecklab.com\/es\/servicos\/aire-respirable\/\"},{\"@type\":\"ListItem\",\"position\":4,\"name\":\"OSHA \/ Industrias\"}]},{\"@type\":\"WebSite\",\"@id\":\"\/#website\",\"url\":\"\/\",\"name\":\"Trace Analytics, the AirCheck Lab\",\"description\":\"Compressed Air Testing for ISO 8573, Microbial, SQF, Breathing Air\",\"publisher\":{\"@id\":\"\/#organization\"},\"potentialAction\":[{\"@type\":\"SearchAction\",\"target\":{\"@type\":\"EntryPoint\",\"urlTemplate\":\"\/?s={search_term_string}\"},\"query-input\":\"required name=search_term_string\"}],\"inLanguage\":\"es\"},{\"@type\":\"Organization\",\"@id\":\"\/#organization\",\"name\":\"Trace Analytics, LLC\",\"url\":\"\/\",\"logo\":{\"@type\":\"ImageObject\",\"inLanguage\":\"es\",\"@id\":\"\/#\/schema\/logo\/image\/\",\"url\":\"https:\/\/www.airchecklab.com\/wp-content\/uploads\/2021\/08\/Blue-01.png\",\"contentUrl\":\"https:\/\/www.airchecklab.com\/wp-content\/uploads\/2021\/08\/Blue-01.png\",\"width\":1600,\"height\":301,\"caption\":\"Trace Analytics, LLC\"},\"image\":{\"@id\":\"\/#\/schema\/logo\/image\/\"}}]}<\/script>\n<!-- \/ Yoast SEO Premium plugin. -->","yoast_head_json":{"title":"OSHA \/ Industrias - Trace Analytics, the AirCheck Lab","robots":{"index":"index","follow":"follow","max-snippet":"max-snippet:-1","max-image-preview":"max-image-preview:large","max-video-preview":"max-video-preview:-1"},"canonical":"https:\/\/www.airchecklab.com\/es\/servicos\/aire-respirable\/osha-industrias\/","og_locale":"es_ES","og_type":"article","og_title":"OSHA \/ Industrias","og_description":"[blackbg] OSHA \/ Industrias Los est\u00e1ndares de la calidad de aire seg\u00fan OSHA necesitan ser cumplidos por cualquier empresa que use aire respirable comprimido para garantizar la seguridad de sus empleados. El AirCheck \u2713 Kit &#x2122; te ayuda con el cumplimiento del primer elemento de los 14 requisitos de OSHA para la calidad y el uso del aire comprimido. Nosotros podemos analizar la calidad del aire comprimido de tu suministro de aire para verificar el cumplimiento de los requisitos de [&hellip;]","og_url":"https:\/\/www.airchecklab.com\/es\/servicos\/aire-respirable\/osha-industrias\/","og_site_name":"Trace Analytics, the AirCheck Lab","og_image":[{"width":1600,"height":300,"url":"https:\/\/www.airchecklab.com\/wp-content\/uploads\/2018\/02\/banners-dive-01.jpg","type":"image\/jpeg"}],"twitter_card":"summary_large_image","twitter_misc":{"Tiempo de lectura":"2 minutos"},"schema":{"@context":"https:\/\/schema.org","@graph":[{"@type":"WebPage","@id":"https:\/\/www.airchecklab.com\/es\/servicos\/aire-respirable\/osha-industrias\/","url":"https:\/\/www.airchecklab.com\/es\/servicos\/aire-respirable\/osha-industrias\/","name":"OSHA \/ Industrias - Trace Analytics, the AirCheck Lab","isPartOf":{"@id":"\/#website"},"datePublished":"2021-12-27T16:10:56+00:00","dateModified":"2021-12-27T16:10:56+00:00","breadcrumb":{"@id":"https:\/\/www.airchecklab.com\/es\/servicos\/aire-respirable\/osha-industrias\/#breadcrumb"},"inLanguage":"es","potentialAction":[{"@type":"ReadAction","target":["https:\/\/www.airchecklab.com\/es\/servicos\/aire-respirable\/osha-industrias\/"]}]},{"@type":"BreadcrumbList","@id":"https:\/\/www.airchecklab.com\/es\/servicos\/aire-respirable\/osha-industrias\/#breadcrumb","itemListElement":[{"@type":"ListItem","position":1,"name":"Home","item":"https:\/\/www.airchecklab.com\/es\/analisis-de-seguimiento-pruebas-ambientales-y-de-aire-comprimido\/"},{"@type":"ListItem","position":2,"name":"Servicos","item":"https:\/\/www.airchecklab.com\/es\/servicos\/"},{"@type":"ListItem","position":3,"name":"Aire respirable","item":"https:\/\/www.airchecklab.com\/es\/servicos\/aire-respirable\/"},{"@type":"ListItem","position":4,"name":"OSHA \/ Industrias"}]},{"@type":"WebSite","@id":"\/#website","url":"\/","name":"Trace Analytics, the AirCheck Lab","description":"Compressed Air Testing for ISO 8573, Microbial, SQF, Breathing Air","publisher":{"@id":"\/#organization"},"potentialAction":[{"@type":"SearchAction","target":{"@type":"EntryPoint","urlTemplate":"\/?s={search_term_string}"},"query-input":"required name=search_term_string"}],"inLanguage":"es"},{"@type":"Organization","@id":"\/#organization","name":"Trace Analytics, LLC","url":"\/","logo":{"@type":"ImageObject","inLanguage":"es","@id":"\/#\/schema\/logo\/image\/","url":"https:\/\/www.airchecklab.com\/wp-content\/uploads\/2021\/08\/Blue-01.png","contentUrl":"https:\/\/www.airchecklab.com\/wp-content\/uploads\/2021\/08\/Blue-01.png","width":1600,"height":301,"caption":"Trace Analytics, LLC"},"image":{"@id":"\/#\/schema\/logo\/image\/"}}]}},"_links":{"self":[{"href":"https:\/\/www.airchecklab.com\/es\/wp-json\/wp\/v2\/pages\/22668"}],"collection":[{"href":"https:\/\/www.airchecklab.com\/es\/wp-json\/wp\/v2\/pages"}],"about":[{"href":"https:\/\/www.airchecklab.com\/es\/wp-json\/wp\/v2\/types\/page"}],"author":[{"embeddable":true,"href":"https:\/\/www.airchecklab.com\/es\/wp-json\/wp\/v2\/users\/1"}],"replies":[{"embeddable":true,"href":"https:\/\/www.airchecklab.com\/es\/wp-json\/wp\/v2\/comments?post=22668"}],"version-history":[{"count":0,"href":"https:\/\/www.airchecklab.com\/es\/wp-json\/wp\/v2\/pages\/22668\/revisions"}],"up":[{"embeddable":true,"href":"https:\/\/www.airchecklab.com\/es\/wp-json\/wp\/v2\/pages\/22669"}],"wp:featuredmedia":[{"embeddable":true,"href":"https:\/\/www.airchecklab.com\/es\/wp-json\/wp\/v2\/media\/19699"}],"wp:attachment":[{"href":"https:\/\/www.airchecklab.com\/es\/wp-json\/wp\/v2\/media?parent=22668"}],"curies":[{"name":"wp","href":"https:\/\/api.w.org\/{rel}","templated":true}]}}