{"id":22669,"date":"2021-12-27T10:10:56","date_gmt":"2021-12-27T16:10:56","guid":{"rendered":"https:\/\/dev.airchecklab.com\/aire-respirable\/"},"modified":"2021-12-27T10:10:56","modified_gmt":"2021-12-27T16:10:56","slug":"aire-respirable","status":"publish","type":"page","link":"https:\/\/www.airchecklab.com\/es\/servicos\/aire-respirable\/","title":{"rendered":"Aire respirable"},"content":{"rendered":"<p>[blackbg]<\/p>\n<h1>An\u00e1lisis de Aire Respirable Comprimido<\/h1>\n<p>Trace Analytics, LLC ha proporcionado servicios para analizar aire comprimido de una manera econ\u00f3mica y exacta a clientes de aire respirable desde 1989.<\/p>\n<p>Empezamos nuestra historia sirviendo a la comunidad de aire respirable y proporcion\u00e1ndoles reportes anal\u00edticos de acuerdo as sus especificaciones. Nuestro <a href=\"https:\/\/www.airchecklab.com\/?page_id=8635\">Laboratorio acreditado por A2LA ofrece<\/a> an\u00e1lisis de aire respirable comprimido para:<\/p>\n<ul class=\"checklist mart0 marb20\">\n<li><a href=\"https:\/\/www.airchecklab.com\/?page_id=8720\">Buceo Comercial y Deportivo<\/a><\/li>\n<li><a href=\"https:\/\/www.airchecklab.com\/?page_id=8742\">Departamentos de Protecci\u00f3n Contra Incendios \/ NFPA 1989<\/a><\/li>\n<li><a href=\"https:\/\/www.airchecklab.com\/servicos\/aire-respirable\/agencias-gubernamentales-militares\/\">Agencias Gubernamentales y Militares<\/a><\/li>\n<li><a href=\"https:\/\/www.airchecklab.com\/?page_id=8750\">OSHA \/ Industria General<\/a><\/li>\n<\/ul>\n<p>Tambi\u00e9n hacemos an\u00e1lisis en base a otras <a href=\"https:\/\/www.airchecklab.com\/?page_id=9089\">Normas y Especificaciones de Aire Comprimido &amp; Gases<\/a> en una gran variedad de industrias. Trace tiene miembros en el <a href=\"http:\/\/www.nfpa.org\/codes-and-standards\/standards-development-process\/technical-committees\" target=\"_blank\" rel=\"noopener\">Comit\u00e9 de NFPA<\/a> y hemos sido un proveedor preferenciante de <a href=\"http:\/\/www.padi.com\" target=\"_blank\" rel=\"noopener\">PADI<\/a> desde 1995.<\/p>\n<p>Sigue leyendo para encontrar el tipo de an\u00e1lisis de aire respirable comprimido que necesitas. \u00bfTienes preguntas? Nuestro <a href=\"https:\/\/www.airchecklab.com\/?page_id=8676\"><span class=\"aircheck\">Equipo de Expertos AirCheck <span class=\"tracecheck\">\u2713<\/span> &#x2122;<\/span><\/a> est\u00e1 tan s\u00f3lo unos pocos clics en esta p\u00e1gina. <a href=\"https:\/\/www.airchecklab.com\/?page_id=9991\">Cont\u00e1ctanos<\/a> Estamos disponibles las 24 horas del d\u00eda por nuestra p\u00e1gina de Internet y nuestro equipo responde r\u00e1pidamente a tus necesidades.<\/p>\n<p>[\/blackbg]<br \/>\n[lightbg]<br \/>\n\t<!--[if lte IE 8]>\n\t\t<script charset=\"utf-8\" type=\"text\/javascript\" src=\"\/\/js.hsforms.net\/forms\/v2-legacy.js\"><\/script>\n\t<![endif]--><br \/>\n\t<script charset=\"utf-8\" type=\"text\/javascript\" src=\"\/\/js.hsforms.net\/forms\/v2.js\"><\/script><br \/>\n\t<script>\n\t\thbspt.forms.create({\n\t\t\tportalId: \"4558619\",\n\t\t\tformId: \"03e1782a-aa51-461e-b5d8-40699379c04b\"\n\t\t\t});\n\t<\/script><br \/>\n\t<br class=\"clearfix marb20\"><br \/>\n\t[ShowChildPages page=&#8221;PageID&#8221; title=&#8221;Compressed Breathing Air Testing Services:&#8221;]<br \/>\n[\/lightbg]<\/p>\n","protected":false},"excerpt":{"rendered":"<p>[blackbg] An\u00e1lisis de Aire Respirable Comprimido Trace Analytics, LLC ha proporcionado servicios para analizar aire comprimido de una manera econ\u00f3mica y exacta a clientes de aire respirable desde 1989. Empezamos nuestra historia sirviendo a la comunidad de aire respirable y proporcion\u00e1ndoles reportes anal\u00edticos de acuerdo as sus especificaciones. Nuestro Laboratorio acreditado por A2LA ofrece an\u00e1lisis de aire respirable comprimido para: Buceo Comercial y Deportivo Departamentos de Protecci\u00f3n Contra Incendios \/ NFPA 1989 Agencias Gubernamentales y Militares OSHA \/ Industria General [&hellip;]<\/p>\n","protected":false},"author":1,"featured_media":19713,"parent":22706,"menu_order":0,"comment_status":"closed","ping_status":"open","template":"100-width.php","meta":{"content-type":""},"yoast_head":"<!-- This site is optimized with the Yoast SEO Premium plugin v20.0 (Yoast SEO v20.0) - https:\/\/yoast.com\/wordpress\/plugins\/seo\/ -->\n<title>Aire respirable - Trace Analytics, the AirCheck Lab<\/title>\n<meta name=\"robots\" content=\"index, follow, max-snippet:-1, max-image-preview:large, max-video-preview:-1\" \/>\n<link rel=\"canonical\" href=\"https:\/\/www.airchecklab.com\/es\/servicos\/aire-respirable\/\" \/>\n<meta property=\"og:locale\" content=\"es_ES\" \/>\n<meta property=\"og:type\" content=\"article\" \/>\n<meta property=\"og:title\" content=\"Aire respirable\" \/>\n<meta property=\"og:description\" content=\"[blackbg] An\u00e1lisis de Aire Respirable Comprimido Trace Analytics, LLC ha proporcionado servicios para analizar aire comprimido de una manera econ\u00f3mica y exacta a clientes de aire respirable desde 1989. Empezamos nuestra historia sirviendo a la comunidad de aire respirable y proporcion\u00e1ndoles reportes anal\u00edticos de acuerdo as sus especificaciones. Nuestro Laboratorio acreditado por A2LA ofrece an\u00e1lisis de aire respirable comprimido para: Buceo Comercial y Deportivo Departamentos de Protecci\u00f3n Contra Incendios \/ NFPA 1989 Agencias Gubernamentales y Militares OSHA \/ Industria General [&hellip;]\" \/>\n<meta property=\"og:url\" content=\"https:\/\/www.airchecklab.com\/es\/servicos\/aire-respirable\/\" \/>\n<meta property=\"og:site_name\" content=\"Trace Analytics, the AirCheck Lab\" \/>\n<meta property=\"og:image\" content=\"https:\/\/www.airchecklab.com\/wp-content\/uploads\/2018\/02\/breathing-air-blue.jpg\" \/>\n\t<meta property=\"og:image:width\" content=\"1600\" \/>\n\t<meta property=\"og:image:height\" content=\"300\" \/>\n\t<meta property=\"og:image:type\" content=\"image\/jpeg\" \/>\n<meta name=\"twitter:card\" content=\"summary_large_image\" \/>\n<meta name=\"twitter:label1\" content=\"Tiempo de lectura\" \/>\n\t<meta name=\"twitter:data1\" content=\"1 minuto\" \/>\n<script type=\"application\/ld+json\" class=\"yoast-schema-graph\">{\"@context\":\"https:\/\/schema.org\",\"@graph\":[{\"@type\":\"WebPage\",\"@id\":\"https:\/\/www.airchecklab.com\/es\/servicos\/aire-respirable\/\",\"url\":\"https:\/\/www.airchecklab.com\/es\/servicos\/aire-respirable\/\",\"name\":\"Aire respirable - Trace Analytics, the AirCheck Lab\",\"isPartOf\":{\"@id\":\"\/#website\"},\"datePublished\":\"2021-12-27T16:10:56+00:00\",\"dateModified\":\"2021-12-27T16:10:56+00:00\",\"breadcrumb\":{\"@id\":\"https:\/\/www.airchecklab.com\/es\/servicos\/aire-respirable\/#breadcrumb\"},\"inLanguage\":\"es\",\"potentialAction\":[{\"@type\":\"ReadAction\",\"target\":[\"https:\/\/www.airchecklab.com\/es\/servicos\/aire-respirable\/\"]}]},{\"@type\":\"BreadcrumbList\",\"@id\":\"https:\/\/www.airchecklab.com\/es\/servicos\/aire-respirable\/#breadcrumb\",\"itemListElement\":[{\"@type\":\"ListItem\",\"position\":1,\"name\":\"Home\",\"item\":\"https:\/\/www.airchecklab.com\/es\/analisis-de-seguimiento-pruebas-ambientales-y-de-aire-comprimido\/\"},{\"@type\":\"ListItem\",\"position\":2,\"name\":\"Servicos\",\"item\":\"https:\/\/www.airchecklab.com\/es\/servicos\/\"},{\"@type\":\"ListItem\",\"position\":3,\"name\":\"Aire respirable\"}]},{\"@type\":\"WebSite\",\"@id\":\"\/#website\",\"url\":\"\/\",\"name\":\"Trace Analytics, the AirCheck Lab\",\"description\":\"Compressed Air Testing for ISO 8573, Microbial, SQF, Breathing Air\",\"publisher\":{\"@id\":\"\/#organization\"},\"potentialAction\":[{\"@type\":\"SearchAction\",\"target\":{\"@type\":\"EntryPoint\",\"urlTemplate\":\"\/?s={search_term_string}\"},\"query-input\":\"required name=search_term_string\"}],\"inLanguage\":\"es\"},{\"@type\":\"Organization\",\"@id\":\"\/#organization\",\"name\":\"Trace Analytics, LLC\",\"url\":\"\/\",\"logo\":{\"@type\":\"ImageObject\",\"inLanguage\":\"es\",\"@id\":\"\/#\/schema\/logo\/image\/\",\"url\":\"https:\/\/www.airchecklab.com\/wp-content\/uploads\/2021\/08\/Blue-01.png\",\"contentUrl\":\"https:\/\/www.airchecklab.com\/wp-content\/uploads\/2021\/08\/Blue-01.png\",\"width\":1600,\"height\":301,\"caption\":\"Trace Analytics, LLC\"},\"image\":{\"@id\":\"\/#\/schema\/logo\/image\/\"}}]}<\/script>\n<!-- \/ Yoast SEO Premium plugin. -->","yoast_head_json":{"title":"Aire respirable - Trace Analytics, the AirCheck Lab","robots":{"index":"index","follow":"follow","max-snippet":"max-snippet:-1","max-image-preview":"max-image-preview:large","max-video-preview":"max-video-preview:-1"},"canonical":"https:\/\/www.airchecklab.com\/es\/servicos\/aire-respirable\/","og_locale":"es_ES","og_type":"article","og_title":"Aire respirable","og_description":"[blackbg] An\u00e1lisis de Aire Respirable Comprimido Trace Analytics, LLC ha proporcionado servicios para analizar aire comprimido de una manera econ\u00f3mica y exacta a clientes de aire respirable desde 1989. Empezamos nuestra historia sirviendo a la comunidad de aire respirable y proporcion\u00e1ndoles reportes anal\u00edticos de acuerdo as sus especificaciones. Nuestro Laboratorio acreditado por A2LA ofrece an\u00e1lisis de aire respirable comprimido para: Buceo Comercial y Deportivo Departamentos de Protecci\u00f3n Contra Incendios \/ NFPA 1989 Agencias Gubernamentales y Militares OSHA \/ Industria General [&hellip;]","og_url":"https:\/\/www.airchecklab.com\/es\/servicos\/aire-respirable\/","og_site_name":"Trace Analytics, the AirCheck Lab","og_image":[{"width":1600,"height":300,"url":"https:\/\/www.airchecklab.com\/wp-content\/uploads\/2018\/02\/breathing-air-blue.jpg","type":"image\/jpeg"}],"twitter_card":"summary_large_image","twitter_misc":{"Tiempo de lectura":"1 minuto"},"schema":{"@context":"https:\/\/schema.org","@graph":[{"@type":"WebPage","@id":"https:\/\/www.airchecklab.com\/es\/servicos\/aire-respirable\/","url":"https:\/\/www.airchecklab.com\/es\/servicos\/aire-respirable\/","name":"Aire respirable - Trace Analytics, the AirCheck Lab","isPartOf":{"@id":"\/#website"},"datePublished":"2021-12-27T16:10:56+00:00","dateModified":"2021-12-27T16:10:56+00:00","breadcrumb":{"@id":"https:\/\/www.airchecklab.com\/es\/servicos\/aire-respirable\/#breadcrumb"},"inLanguage":"es","potentialAction":[{"@type":"ReadAction","target":["https:\/\/www.airchecklab.com\/es\/servicos\/aire-respirable\/"]}]},{"@type":"BreadcrumbList","@id":"https:\/\/www.airchecklab.com\/es\/servicos\/aire-respirable\/#breadcrumb","itemListElement":[{"@type":"ListItem","position":1,"name":"Home","item":"https:\/\/www.airchecklab.com\/es\/analisis-de-seguimiento-pruebas-ambientales-y-de-aire-comprimido\/"},{"@type":"ListItem","position":2,"name":"Servicos","item":"https:\/\/www.airchecklab.com\/es\/servicos\/"},{"@type":"ListItem","position":3,"name":"Aire respirable"}]},{"@type":"WebSite","@id":"\/#website","url":"\/","name":"Trace Analytics, the AirCheck Lab","description":"Compressed Air Testing for ISO 8573, Microbial, SQF, Breathing Air","publisher":{"@id":"\/#organization"},"potentialAction":[{"@type":"SearchAction","target":{"@type":"EntryPoint","urlTemplate":"\/?s={search_term_string}"},"query-input":"required name=search_term_string"}],"inLanguage":"es"},{"@type":"Organization","@id":"\/#organization","name":"Trace Analytics, LLC","url":"\/","logo":{"@type":"ImageObject","inLanguage":"es","@id":"\/#\/schema\/logo\/image\/","url":"https:\/\/www.airchecklab.com\/wp-content\/uploads\/2021\/08\/Blue-01.png","contentUrl":"https:\/\/www.airchecklab.com\/wp-content\/uploads\/2021\/08\/Blue-01.png","width":1600,"height":301,"caption":"Trace Analytics, LLC"},"image":{"@id":"\/#\/schema\/logo\/image\/"}}]}},"_links":{"self":[{"href":"https:\/\/www.airchecklab.com\/es\/wp-json\/wp\/v2\/pages\/22669"}],"collection":[{"href":"https:\/\/www.airchecklab.com\/es\/wp-json\/wp\/v2\/pages"}],"about":[{"href":"https:\/\/www.airchecklab.com\/es\/wp-json\/wp\/v2\/types\/page"}],"author":[{"embeddable":true,"href":"https:\/\/www.airchecklab.com\/es\/wp-json\/wp\/v2\/users\/1"}],"replies":[{"embeddable":true,"href":"https:\/\/www.airchecklab.com\/es\/wp-json\/wp\/v2\/comments?post=22669"}],"version-history":[{"count":0,"href":"https:\/\/www.airchecklab.com\/es\/wp-json\/wp\/v2\/pages\/22669\/revisions"}],"up":[{"embeddable":true,"href":"https:\/\/www.airchecklab.com\/es\/wp-json\/wp\/v2\/pages\/22706"}],"wp:featuredmedia":[{"embeddable":true,"href":"https:\/\/www.airchecklab.com\/es\/wp-json\/wp\/v2\/media\/19713"}],"wp:attachment":[{"href":"https:\/\/www.airchecklab.com\/es\/wp-json\/wp\/v2\/media?parent=22669"}],"curies":[{"name":"wp","href":"https:\/\/api.w.org\/{rel}","templated":true}]}}