{"id":22671,"date":"2021-12-27T10:10:57","date_gmt":"2021-12-27T16:10:57","guid":{"rendered":"https:\/\/dev.airchecklab.com\/aire-respirable\/buceo-comercial-y-deportivo\/"},"modified":"2021-12-27T10:10:57","modified_gmt":"2021-12-27T16:10:57","slug":"buceo-comercial-y-deportivo","status":"publish","type":"page","link":"https:\/\/www.airchecklab.com\/es\/servicos\/aire-respirable\/buceo-comercial-y-deportivo\/","title":{"rendered":"Buceo Comercial y Deportivo"},"content":{"rendered":"<p>[lightbg]<\/p>\n<h1>An\u00e1lisis de Aire Para Buceo Comprimido<\/h1>\n<p>Ya sea que seas un distribuidor local de buceo que llena los tanques de aire para clientes o est\u00e9s cumpliendo los requisitos de OSHA en tu negocio de buceo comercial, Trace Analytics, LLC est\u00e1 dedicado a ayudarte a garantizar la seguridad de tu aire comprimido.<\/p>\n<p>En Trace Analytics, LLC, hemos estado acreditados por ISO 17025 y A2LA por m\u00e1s de[\/blackbg] 89[\/YearsSince] a\u00f1os. Como el l\u00edder en el an\u00e1lisis de aire, nos tomamos la salud y seguridad de tus clientes y empleados muy en serio. \u00a1Los resultados del an\u00e1lisis son reportados r\u00e1pidamente, y si tu muestra no cumple con la norma requerida, te llamaremos en seguida! Tambi\u00e9n ofrecemos un segundo an\u00e1lisis gratis siempre y cuando la segunda muestra sea obtenida durante los siguientes 30 d\u00edas a la muestra reprobada.<\/p>\n<p>El [aircheck]Kit[\/aircheck] hace que el cumplimiento de la norma o especificaci\u00f3n requerida sea simple y barato. Toma una muestra de aire en menos de 10 minutos y env\u00edanos el frasco de cuatro onzas adentro de la caja que nosotros te proporcionamos. Sin contenedores pesados que devolver y sin complicaciones. Despu\u00e9s te enviaremos un Reporte[aircheck][\/aircheck] al siguiente d\u00eda h\u00e1bil de que nosotros recibamos tu muestra.<\/p>\n<p>[\/lightbg]<\/p>\n<p>[blackbg]<\/p>\n<h1>Aire Comprimido para Buceo Deportivo<\/h1>\n<p>Bucear es tu pasi\u00f3n. Tambi\u00e9n es tu negocio. Lo \u00faltimo que quieres es preocuparte de la seguridad del aire para respirar que est\u00e1s dando a tus clientes. Ense\u00f1a tu <a href=\"https:\/\/www.airchecklab.com\/resources\/example-reports\/\" target=\"_blank\" rel=\"noopener\">Reporte<\/a>[aircheck][\/aircheck] con confianza y demu\u00e9strales a tus clientes que te importa su seguridad.<\/p>\n<p>En la industria de buceo deportivo de EUA, la norma de calidad de aire m\u00e1s usada es CGA Grado E, pero hay muchas otras normas que pueden ser adecuadas para tus. Estas normas y variaciones en los l\u00edmites de contaminantes, en donde el m\u00e1s importante por cuestiones de salud es el Mon\u00f3xido de Carbono. Para buceo en agua fr\u00eda, el contenido de agua puede que sea de mayor importancia.<\/p>\n<p>Podemos hacer an\u00e1lisis para verificar el cumplimiento de una gran variedad de normas y especificaciones. Si no encuentras la norma que necesitas en la lista de abajo, cont\u00e1ctanos con tus especificaciones.<\/p>\n<p>[\/blackbg]<\/p>\n<p>[lightbg]<\/p>\n<h1>Proveedor Preferente de PADI<\/h1>\n<p>La Asociaci\u00f3n Profesional de Instructores de Buceo (La Asociaci\u00f3n Profesional de Instructores de Buceo) requiere que todos los centros de buceo PADI analicen la calidad de su aire comprimido cada trimestre de acuerdo a la norma CGA Grado E.<\/p>\n<p>Trace Analytics, LLC fue seleccionado por PADI Americas en 1995 para ofrecer el [aircheck]Kit[\/aircheck] y sus servicios de laboratorio a todos los miembros de PADI. Para nuestros clientes de PADI en Canad\u00e1, tenemos un programa que cumple con los requisitos de CSA Z180. Cont\u00e1ctanos con tu n\u00famero de instalaci\u00f3n PADI para recibir las tarifas de miembro de PADI.<br \/>\n\t[IncludeSpec spec=&#8221;sportdiving&#8221;]<br \/>\n[\/lightbg]<\/p>\n<p>[blackbg]<\/p>\n<h1>Aire Comprimido para Buceo Comercial<\/h1>\n<p>Hacer tu trabajo y hacerlo bien es lo m\u00e1s importante. No deber\u00edas estarte preocupando por c\u00f3mo la calidad de tu aire afecta tu salud y seguridad. D\u00e9janos proporciona la documentaci\u00f3n apropiada para que cumplas con los requisitos de OSHA o de tu entorno laboral.<\/p>\n<p>Nosotros te recordaremos cuando sea tiempo de volver a hacer un an\u00e1lisis para que no te tengas que preocupar por demoras en el trabajo nunca m\u00e1s. Nuestro tiempo de entrega es un d\u00eda h\u00e1bil, sin embargo, tambi\u00e9n podemos entregarle los resultados el mismo d\u00eda que recibamos su muestra para cumplir con tus plazos establecidos.<\/p>\n<p>Ya sea que necesites cumplir con las normas OSHA, Navy, Coastguard o CSA, Trace Analytics puede proporcionar el an\u00e1lisis necesario para cumplir con tus necesidades.<\/p>\n<p>\t[IncludeSpec spec=&#8221;commercialdiving&#8221;]<br \/>\n[\/blackbg]<\/p>\n<p>[lightbg]<br \/>\n\t<!--[if lte IE 8]>\n\t\t<script charset=\"utf-8\" type=\"text\/javascript\" src=\"\/\/js.hsforms.net\/forms\/v2-legacy.js\"><\/script>\n\t<![endif]--><br \/>\n\t<script charset=\"utf-8\" type=\"text\/javascript\" src=\"\/\/js.hsforms.net\/forms\/v2.js\"><\/script><br \/>\n\t<script>\n\t\thbspt.forms.create({\n\t\t\tportalId: \"4558619\",\n\t\t\tformId: \"03e1782a-aa51-461e-b5d8-40699379c04b\"\n\t\t\t});\n\t<\/script><br \/>\n\t[ShowAllSiblings page=&#8221;PageID&#8221; title=&#8221;Otros Servicios de An\u00e1lisis de Aire Comprimido:&#8221;]<br \/>\n[\/lightbg]<\/p>\n","protected":false},"excerpt":{"rendered":"<p>[lightbg] An\u00e1lisis de Aire Para Buceo Comprimido Ya sea que seas un distribuidor local de buceo que llena los tanques de aire para clientes o est\u00e9s cumpliendo los requisitos de OSHA en tu negocio de buceo comercial, Trace Analytics, LLC est\u00e1 dedicado a ayudarte a garantizar la seguridad de tu aire comprimido. En Trace Analytics, LLC, hemos estado acreditados por ISO 17025 y A2LA por m\u00e1s de[\/blackbg] 89[\/YearsSince] a\u00f1os. Como el l\u00edder en el an\u00e1lisis de aire, nos tomamos la [&hellip;]<\/p>\n","protected":false},"author":1,"featured_media":19699,"parent":22669,"menu_order":0,"comment_status":"closed","ping_status":"open","template":"100-width.php","meta":{"content-type":""},"yoast_head":"<!-- This site is optimized with the Yoast SEO Premium plugin v20.0 (Yoast SEO v20.0) - https:\/\/yoast.com\/wordpress\/plugins\/seo\/ -->\n<title>Buceo Comercial y Deportivo - Trace Analytics, the AirCheck Lab<\/title>\n<meta name=\"robots\" content=\"index, follow, max-snippet:-1, max-image-preview:large, max-video-preview:-1\" \/>\n<link rel=\"canonical\" href=\"https:\/\/www.airchecklab.com\/es\/servicos\/aire-respirable\/buceo-comercial-y-deportivo\/\" \/>\n<meta property=\"og:locale\" content=\"es_ES\" \/>\n<meta property=\"og:type\" content=\"article\" \/>\n<meta property=\"og:title\" content=\"Buceo Comercial y Deportivo\" \/>\n<meta property=\"og:description\" content=\"[lightbg] An\u00e1lisis de Aire Para Buceo Comprimido Ya sea que seas un distribuidor local de buceo que llena los tanques de aire para clientes o est\u00e9s cumpliendo los requisitos de OSHA en tu negocio de buceo comercial, Trace Analytics, LLC est\u00e1 dedicado a ayudarte a garantizar la seguridad de tu aire comprimido. En Trace Analytics, LLC, hemos estado acreditados por ISO 17025 y A2LA por m\u00e1s de[\/blackbg] 89[\/YearsSince] a\u00f1os. Como el l\u00edder en el an\u00e1lisis de aire, nos tomamos la [&hellip;]\" \/>\n<meta property=\"og:url\" content=\"https:\/\/www.airchecklab.com\/es\/servicos\/aire-respirable\/buceo-comercial-y-deportivo\/\" \/>\n<meta property=\"og:site_name\" content=\"Trace Analytics, the AirCheck Lab\" \/>\n<meta property=\"og:image\" content=\"https:\/\/www.airchecklab.com\/wp-content\/uploads\/2018\/02\/banners-dive-01.jpg\" \/>\n\t<meta property=\"og:image:width\" content=\"1600\" \/>\n\t<meta property=\"og:image:height\" content=\"300\" \/>\n\t<meta property=\"og:image:type\" content=\"image\/jpeg\" \/>\n<meta name=\"twitter:card\" content=\"summary_large_image\" \/>\n<meta name=\"twitter:label1\" content=\"Tiempo de lectura\" \/>\n\t<meta name=\"twitter:data1\" content=\"3 minutos\" \/>\n<script type=\"application\/ld+json\" class=\"yoast-schema-graph\">{\"@context\":\"https:\/\/schema.org\",\"@graph\":[{\"@type\":\"WebPage\",\"@id\":\"https:\/\/www.airchecklab.com\/es\/servicos\/aire-respirable\/buceo-comercial-y-deportivo\/\",\"url\":\"https:\/\/www.airchecklab.com\/es\/servicos\/aire-respirable\/buceo-comercial-y-deportivo\/\",\"name\":\"Buceo Comercial y Deportivo - Trace Analytics, the AirCheck Lab\",\"isPartOf\":{\"@id\":\"\/#website\"},\"datePublished\":\"2021-12-27T16:10:57+00:00\",\"dateModified\":\"2021-12-27T16:10:57+00:00\",\"breadcrumb\":{\"@id\":\"https:\/\/www.airchecklab.com\/es\/servicos\/aire-respirable\/buceo-comercial-y-deportivo\/#breadcrumb\"},\"inLanguage\":\"es\",\"potentialAction\":[{\"@type\":\"ReadAction\",\"target\":[\"https:\/\/www.airchecklab.com\/es\/servicos\/aire-respirable\/buceo-comercial-y-deportivo\/\"]}]},{\"@type\":\"BreadcrumbList\",\"@id\":\"https:\/\/www.airchecklab.com\/es\/servicos\/aire-respirable\/buceo-comercial-y-deportivo\/#breadcrumb\",\"itemListElement\":[{\"@type\":\"ListItem\",\"position\":1,\"name\":\"Home\",\"item\":\"https:\/\/www.airchecklab.com\/es\/analisis-de-seguimiento-pruebas-ambientales-y-de-aire-comprimido\/\"},{\"@type\":\"ListItem\",\"position\":2,\"name\":\"Servicos\",\"item\":\"https:\/\/www.airchecklab.com\/es\/servicos\/\"},{\"@type\":\"ListItem\",\"position\":3,\"name\":\"Aire respirable\",\"item\":\"https:\/\/www.airchecklab.com\/es\/servicos\/aire-respirable\/\"},{\"@type\":\"ListItem\",\"position\":4,\"name\":\"Buceo Comercial y Deportivo\"}]},{\"@type\":\"WebSite\",\"@id\":\"\/#website\",\"url\":\"\/\",\"name\":\"Trace Analytics, the AirCheck Lab\",\"description\":\"Compressed Air Testing for ISO 8573, Microbial, SQF, Breathing Air\",\"publisher\":{\"@id\":\"\/#organization\"},\"potentialAction\":[{\"@type\":\"SearchAction\",\"target\":{\"@type\":\"EntryPoint\",\"urlTemplate\":\"\/?s={search_term_string}\"},\"query-input\":\"required name=search_term_string\"}],\"inLanguage\":\"es\"},{\"@type\":\"Organization\",\"@id\":\"\/#organization\",\"name\":\"Trace Analytics, LLC\",\"url\":\"\/\",\"logo\":{\"@type\":\"ImageObject\",\"inLanguage\":\"es\",\"@id\":\"\/#\/schema\/logo\/image\/\",\"url\":\"https:\/\/www.airchecklab.com\/wp-content\/uploads\/2021\/08\/Blue-01.png\",\"contentUrl\":\"https:\/\/www.airchecklab.com\/wp-content\/uploads\/2021\/08\/Blue-01.png\",\"width\":1600,\"height\":301,\"caption\":\"Trace Analytics, LLC\"},\"image\":{\"@id\":\"\/#\/schema\/logo\/image\/\"}}]}<\/script>\n<!-- \/ Yoast SEO Premium plugin. -->","yoast_head_json":{"title":"Buceo Comercial y Deportivo - Trace Analytics, the AirCheck Lab","robots":{"index":"index","follow":"follow","max-snippet":"max-snippet:-1","max-image-preview":"max-image-preview:large","max-video-preview":"max-video-preview:-1"},"canonical":"https:\/\/www.airchecklab.com\/es\/servicos\/aire-respirable\/buceo-comercial-y-deportivo\/","og_locale":"es_ES","og_type":"article","og_title":"Buceo Comercial y Deportivo","og_description":"[lightbg] An\u00e1lisis de Aire Para Buceo Comprimido Ya sea que seas un distribuidor local de buceo que llena los tanques de aire para clientes o est\u00e9s cumpliendo los requisitos de OSHA en tu negocio de buceo comercial, Trace Analytics, LLC est\u00e1 dedicado a ayudarte a garantizar la seguridad de tu aire comprimido. En Trace Analytics, LLC, hemos estado acreditados por ISO 17025 y A2LA por m\u00e1s de[\/blackbg] 89[\/YearsSince] a\u00f1os. Como el l\u00edder en el an\u00e1lisis de aire, nos tomamos la [&hellip;]","og_url":"https:\/\/www.airchecklab.com\/es\/servicos\/aire-respirable\/buceo-comercial-y-deportivo\/","og_site_name":"Trace Analytics, the AirCheck Lab","og_image":[{"width":1600,"height":300,"url":"https:\/\/www.airchecklab.com\/wp-content\/uploads\/2018\/02\/banners-dive-01.jpg","type":"image\/jpeg"}],"twitter_card":"summary_large_image","twitter_misc":{"Tiempo de lectura":"3 minutos"},"schema":{"@context":"https:\/\/schema.org","@graph":[{"@type":"WebPage","@id":"https:\/\/www.airchecklab.com\/es\/servicos\/aire-respirable\/buceo-comercial-y-deportivo\/","url":"https:\/\/www.airchecklab.com\/es\/servicos\/aire-respirable\/buceo-comercial-y-deportivo\/","name":"Buceo Comercial y Deportivo - Trace Analytics, the AirCheck Lab","isPartOf":{"@id":"\/#website"},"datePublished":"2021-12-27T16:10:57+00:00","dateModified":"2021-12-27T16:10:57+00:00","breadcrumb":{"@id":"https:\/\/www.airchecklab.com\/es\/servicos\/aire-respirable\/buceo-comercial-y-deportivo\/#breadcrumb"},"inLanguage":"es","potentialAction":[{"@type":"ReadAction","target":["https:\/\/www.airchecklab.com\/es\/servicos\/aire-respirable\/buceo-comercial-y-deportivo\/"]}]},{"@type":"BreadcrumbList","@id":"https:\/\/www.airchecklab.com\/es\/servicos\/aire-respirable\/buceo-comercial-y-deportivo\/#breadcrumb","itemListElement":[{"@type":"ListItem","position":1,"name":"Home","item":"https:\/\/www.airchecklab.com\/es\/analisis-de-seguimiento-pruebas-ambientales-y-de-aire-comprimido\/"},{"@type":"ListItem","position":2,"name":"Servicos","item":"https:\/\/www.airchecklab.com\/es\/servicos\/"},{"@type":"ListItem","position":3,"name":"Aire respirable","item":"https:\/\/www.airchecklab.com\/es\/servicos\/aire-respirable\/"},{"@type":"ListItem","position":4,"name":"Buceo Comercial y Deportivo"}]},{"@type":"WebSite","@id":"\/#website","url":"\/","name":"Trace Analytics, the AirCheck Lab","description":"Compressed Air Testing for ISO 8573, Microbial, SQF, Breathing Air","publisher":{"@id":"\/#organization"},"potentialAction":[{"@type":"SearchAction","target":{"@type":"EntryPoint","urlTemplate":"\/?s={search_term_string}"},"query-input":"required name=search_term_string"}],"inLanguage":"es"},{"@type":"Organization","@id":"\/#organization","name":"Trace Analytics, LLC","url":"\/","logo":{"@type":"ImageObject","inLanguage":"es","@id":"\/#\/schema\/logo\/image\/","url":"https:\/\/www.airchecklab.com\/wp-content\/uploads\/2021\/08\/Blue-01.png","contentUrl":"https:\/\/www.airchecklab.com\/wp-content\/uploads\/2021\/08\/Blue-01.png","width":1600,"height":301,"caption":"Trace Analytics, LLC"},"image":{"@id":"\/#\/schema\/logo\/image\/"}}]}},"_links":{"self":[{"href":"https:\/\/www.airchecklab.com\/es\/wp-json\/wp\/v2\/pages\/22671"}],"collection":[{"href":"https:\/\/www.airchecklab.com\/es\/wp-json\/wp\/v2\/pages"}],"about":[{"href":"https:\/\/www.airchecklab.com\/es\/wp-json\/wp\/v2\/types\/page"}],"author":[{"embeddable":true,"href":"https:\/\/www.airchecklab.com\/es\/wp-json\/wp\/v2\/users\/1"}],"replies":[{"embeddable":true,"href":"https:\/\/www.airchecklab.com\/es\/wp-json\/wp\/v2\/comments?post=22671"}],"version-history":[{"count":0,"href":"https:\/\/www.airchecklab.com\/es\/wp-json\/wp\/v2\/pages\/22671\/revisions"}],"up":[{"embeddable":true,"href":"https:\/\/www.airchecklab.com\/es\/wp-json\/wp\/v2\/pages\/22669"}],"wp:featuredmedia":[{"embeddable":true,"href":"https:\/\/www.airchecklab.com\/es\/wp-json\/wp\/v2\/media\/19699"}],"wp:attachment":[{"href":"https:\/\/www.airchecklab.com\/es\/wp-json\/wp\/v2\/media?parent=22671"}],"curies":[{"name":"wp","href":"https:\/\/api.w.org\/{rel}","templated":true}]}}