{"id":22672,"date":"2021-12-27T10:10:57","date_gmt":"2021-12-27T16:10:57","guid":{"rendered":"https:\/\/dev.airchecklab.com\/aire-de-grado-alimenticio-2\/"},"modified":"2021-12-27T10:10:57","modified_gmt":"2021-12-27T16:10:57","slug":"aire-de-grado-alimenticio-2","status":"publish","type":"page","link":"https:\/\/www.airchecklab.com\/es\/servicos\/fabricacion-iso-8573-1\/aire-de-grado-alimenticio-2\/","title":{"rendered":"Aire de Grado Alimenticio"},"content":{"rendered":"<p>[lightbg]<\/p>\n<h1 class=\"center uppercase\">Aire de Grado Alimenticio en la Manufactura<\/h1>\n<p>El aire de grado alimenticio o el aire limpio para procesos en la industria alimenticia es integral para la garant\u00eda de calidad y el control de calidad y siempre debe ser considerado un punto de control cr\u00edtico en el proceso de producci\u00f3n de alimentos. Muchos est\u00e1ndares y esquemas industriales con respecto al control de calidad en alimentos y bebidas utilizan el plan de HACCP (An\u00e1lisis de Peligros y Puntos de Control Cr\u00edticos) como parte integral de sus directivas. La Administraci\u00f3n de Drogas y Alimentos de los Estados Unidos <a href=\"http:\/\/www.fda.gov\/food\/foodsafety\/hazardanalysiscriticalcontrolpointshaccp\/default.htm\" target=\"_blank\" rel=\"noopener\">(FDA)<\/a> es uno de los muchos grupos que reconocen el HACCP como un plan importante en el control de calidad. Sobre ese tema, cuatro de las organizaciones gubernamentales principales han identificado al aire comprimido como un programa de prerrequisitos (programa de pre-requisitos) o un punto de control cr\u00edtico (punto de control cr\u00edtico) que necesita ser monitoreado. Las cuatro organizaciones son: <a href=\"http:\/\/www.webstore.ansi.org\" target=\"_blank\" rel=\"noopener\">International Standardization for Organisation (ISO)<\/a> , <a href=\"http:\/\/www.bcas.org.uk\/compressed-air-product-detail.php?productid=9&amp;orderby=producttitle&amp;order=asc\" target=\"_blank\" rel=\"noopener\">British Compressed Air Society (BCAS)<\/a> , <a href=\"http:\/\/www.tsoshop.co.uk\/brcbookshop\/\" target=\"_blank\" rel=\"noopener\">British Retail Consortium (BRC)<\/a> y <a href=\"http:\/\/www.sqfi.com\/documents\/\" target=\"_blank\" rel=\"noopener\">Safe Quality Food Institute (SQF)<\/a> . Adem\u00e1s, <a href=\"http:\/\/www.inspection.gc.ca\" target=\"_blank\" rel=\"noopener\">el Programa Canadiense de Mejora de la Seguridad Alimentaria (FSEP)<\/a> ha identificado el aire comprimido y los gases usados en el tratamiento y empaquetado de alimentos y bebidas como una posible fuente de contaminaci\u00f3n. La contaminaci\u00f3n en aire de tratamiento, ya sean part\u00edculas, agua, aceite o microbios, puede tener consecuencias devastadoras en el producto final, resultando en pausas en la fabricaci\u00f3n, el retiro de los productos o algo peor.<\/p>\n<p>El poder garantizar la seguridad y calidad de los alimentos es esencial para la viabilidad de cualquier fabricante de alimentos. <a href=\"http:\/\/www.mygfsi.com\/\" target=\"_blank\" rel=\"noopener\">La Iniciativa Global de Seguridad Alimentaria (GFSI)<\/a> (La Iniciativa Global en Inocuidad Alimentaria) fue establecida para mejorar la confianza de los clientes al mejorar la inocuidad de los alimentos a trav\u00e9s de responsabilidad corporativa y cadenas de suministro de alimentos m\u00e1s seguras.<\/p>\n<p>La gu\u00eda 102 de Best Practice for Food and Beverage Grade Compressed Air Society por The British Compressed Air Society (La Sociedad Brit\u00e1nica de Aire Comprimido) es una referencia excelente para los fabricantes de alimentos y sus proveedores. es una excelente referencia para el fabricante de alimentos y sus proveedores. La gu\u00eda identifica las cuatro \u00e1reas principales de posible contaminaci\u00f3n en el aire comprimido &#8211; Part\u00edculas, Agua, Aceite y Contaminantes Microbiol\u00f3gicos. La secci\u00f3n 7 de la gu\u00eda establece que el aire comprimido que entra en contacto directo con los alimentos debe cumplir con la norma ISO 8573-1: 2010 con clases de pureza 2: 2: 1; en contacto indirecto 2: 4: 2. Consulta la siguiente tabla para ver los l\u00edmites.<\/p>\n<div class=\"center\"><a class=\"medium blue button\" href=\"https:\/\/buy.airchecklab.com\/manufacturing\/\">Obt\u00e9n un An\u00e1lisis de Aire Comprimido<\/a><\/div>\n<p>[\/lightbg]<\/p>\n<p>[blackbg]<\/p>\n<h2 class=\"center uppercase\">Normas del An\u00e1lisis de Aire Comprimido &amp; Gas de Grado Alimenticio<\/h2>\n<p>Trace Analytics, LLC es un <a href=\"\/services\/about-the-lab\">Laboratorio acreditado por A2LA<\/a> en cumplimiento con ISO 17025 como es requerido por BRC y SQF. Podemos realizar an\u00e1lisis en base a una gran variedad de normas y especificaciones. Algunas de las normas m\u00e1s usadas para aire de grado alimenticio son las siguientes:<\/p>\n<p>\t[IncludeSpec spec=&#8221;BCAS&#8221;]<\/p>\n<p>De acuerdo a la gu\u00eda previamente mencionada, la calidad del aire comprimido debe ser revisada y verificada por lo menos dos veces al a\u00f1o o de acuerdo a las recomendaciones del fabricante. An\u00e1lisis adicionales son necesarios cuando se lleve a cabo el mantenimiento o cualquier otra actividad en el sistema que pueda afectar la calidad del aire. (Secci\u00f3n 8.2) La gu\u00eda reconoce la importancia de la calidad del aire comprimido y dicta que este debe formar parte del programa de pre-requisitos adem\u00e1s del plan de HACCP. (Secci\u00f3n 4) Siempre que se realice el mantenimiento, una porci\u00f3n representativa de las salidas de aire deber\u00e1 ser analizada para verificar que el aire comprimido cumple con la clase de pureza pertinente. (Anexo D.4) El riesgo de contaminantes microbiol\u00f3gicos deber\u00e1 ser evaluado de acuerdo a la norma ISO 8573-7, el cual establece que el an\u00e1lisis microbiol\u00f3gico de productos finalizados no debe ser tomado en cuenta para el cumplimiento de las especificaciones de aire. (Secci\u00f3n 7.4) Todas las medidas deber\u00e1n ser registradas y documentadas. (Secci\u00f3n 8.7)<\/p>\n<p><img decoding=\"async\" class=\"lazyload frame alignright\" alt=\"Cookie\" src=\"data:image\/gif;base64,R0lGODlhAQABAAAAACH5BAEKAAEALAAAAAABAAEAAAICTAEAOw==\" data-orig-src=\"\/assets\/images\/COOKIE.jpg\">La edici\u00f3n 7 del c\u00f3digo de SQF establece varias veces que el aire comprimido que se utiliza en el proceso de producci\u00f3n debe de estar limpio y no debe presentar ning\u00fan riesgo para la seguridad e inocuidad de los alimentos y que el aire comprimido usado en el proceso de producci\u00f3n debe de ser monitoreado normalmente para verificar su pureza. SQF proporciona m\u00e1s informaci\u00f3n sobre este tema en su p\u00e1gina de Internet, \u201cLas instalaciones en donde se procesan alimentos necesitan operar bajo la suposici\u00f3n fundamental que el aire comprimido puede ser una fuente de contaminaci\u00f3n qu\u00edmica y microbiol\u00f3gica. Los establecimientos de la industria alimenticia deben verificar que el aire comprimido usado en sus instalaciones sea adecuado para su uso y no constituya de una fuente de contaminaci\u00f3n. \u201d<\/p>\n<p><a href=\"https:\/\/www.ifs-certification.com\/index.php\/en\/standards\/251-ifs-food-en\" target=\"_blank\" rel=\"noopener\">Los Est\u00e1ndares Internacionales Destacados sobre Alimentos (IFS)<\/a> (Las Normas Internacionales sobre los Alimentos) resultaron en que la calidad del aire comprimido que entra en contacto directo con los alimentos o el material de empaque primario deber\u00e1 ser monitoreado a base de an\u00e1lisis de peligros y evaluaci\u00f3n de riesgos pertinentes. (Secci\u00f3n 4.9.10.1) Y que el aire comprimido no debe constituir una fuente de contaminaci\u00f3n. (Secci\u00f3n 4.9.10.2)<\/p>\n<p>The Global Aquaculture Alliance (La Alianza Global de Acuicultura) se\u00f1ala en su documento <a href=\"https:\/\/www.bapcertification.org\/\" target=\"_blank\" rel=\"noopener\">Best Aquaculture Practice (BAP)<\/a> , que todos los puntos de control cr\u00edticos deben identificarse correctamente con el fin de controlar los peligros. (Secci\u00f3n 5.2.4) Y la supervisi\u00f3n debe ser adecuada para controlar los riesgos y llevada a cabo como se detalla en el plan de HACCP. (Secci\u00f3n 5.2.11)<\/p>\n<p>El Est\u00e1ndar Global de Carnes Rojas <a href=\"http:\/\/www.grms.org\/~\/media\/grms\/Pdf\/Final%20GRMS%20V41%2004012012.ashx\" target=\"_blank\" rel=\"noopener\">(GRMS)<\/a> establece que los peligros relevantes a la inocuidad de alimentos deber\u00e1n ser controlados en los puntos de control cr\u00edticos y \/ o por medidas basadas en GMP. (Secci\u00f3n 12.1.2) Par\u00e1metros y especificaciones deber\u00e1n ser seleccionados para el monitoreo de cada punto de control cr\u00edtico, y estos deber\u00e1n ser capaces de demostrar el cumplimiento de las medidas de control. (Secci\u00f3n 12.4.3)<\/p>\n<p><a href=\"http:\/\/www.primusgfs.com\/\" target=\"_blank\" rel=\"noopener\">PrimusGFS<\/a> establece que los planos y la programaci\u00f3n de las verificaciones deber\u00e1n ser desarrolladas para cada punto de control cr\u00edtico. (Secci\u00f3n 3.03)<\/p>\n<p><img decoding=\"async\" class=\"lazyload frame alignleft\" alt=\"Poultry\" src=\"data:image\/gif;base64,R0lGODlhAQABAAAAACH5BAEKAAEALAAAAAABAAEAAAICTAEAOw==\" data-orig-src=\"\/assets\/images\/POULTRY.jpg\">Haz clic en este enlace para aprender m\u00e1s acerca de <a href=\"https:\/\/www.airchecklab.com\/aircheck-academy\/\">Fuentes de Contaminaci\u00f3n de Compresores<\/a> .<\/p>\n<p>Tener un programa en el cual se realicen an\u00e1lisis peri\u00f3dicamente puede proporcionar informaci\u00f3n cr\u00edtica acerca de la calidad del aire y ayudar a prevenir la contaminaci\u00f3n del suministro de alimentos. Debido al car\u00e1cter cr\u00edtico del aire comprimido usado en los procesos de fabricaci\u00f3n de alimentos, solo personal calificado deber\u00e1 mantener, dar servicio, y tomar las muestras del sistema de aire comprimido.<\/p>\n<p>Ofrecemos an\u00e1lisis de l\u00ednea base si no est\u00e1s seguro de la clase de pureza que tu sistema de aire puede satisfacer. Tambi\u00e9n ofrecemos an\u00e1lisis para cualquier clase de pureza que selecciones, o nos puedes proporcionar tus propias especificaciones personalizadas. El <a href=\"https:\/\/www.airchecklab.com\/aircheck-kits\/k810\/#K810\"><span class=\"aircheck\">AirCheck <span class=\"tracecheck\">\u2713<\/span> Kit &#x2122; K810<\/span><\/a> de Trace puede ser usado para tomar muestras de part\u00edculas, agua y aceite (aerosol y vapor); el <a href=\"https:\/\/www.airchecklab.com\/aircheck-kits\/k810\/#KPSII\">Modelo KPSII<\/a> est\u00e1 disponible para muestras microbiol\u00f3gicas.<\/p>\n<div class=\"center\"><a class=\"medium blue button\" href=\"https:\/\/buy.airchecklab.com\/manufacturing\/\">Obt\u00e9n An\u00e1lisis de Aire Comprimido<\/a><\/div>\n<p>[\/blackbg]<\/p>\n<p>[lightbg]<br \/>\n\t<!--[if lte IE 8]>\n\t\t<script charset=\"utf-8\" type=\"text\/javascript\" src=\"\/\/js.hsforms.net\/forms\/v2-legacy.js\"><\/script>\n\t<![endif]--><br \/>\n\t<script charset=\"utf-8\" type=\"text\/javascript\" src=\"\/\/js.hsforms.net\/forms\/v2.js\"><\/script><br \/>\n\t<script>\n\t\thbspt.forms.create({\n\t\t\tportalId: \"4558619\",\n\t\t\tformId: \"03e1782a-aa51-461e-b5d8-40699379c04b\"\n\t\t\t});\n\t<\/script><br \/>\n[\/lightbg]<\/p>\n<p>[ShowAllSiblings title=&#8221;Otros Servicios de An\u00e1lisis:&#8221;]<\/p>\n","protected":false},"excerpt":{"rendered":"<p>[lightbg] Aire de Grado Alimenticio en la Manufactura El aire de grado alimenticio o el aire limpio para procesos en la industria alimenticia es integral para la garant\u00eda de calidad y el control de calidad y siempre debe ser considerado un punto de control cr\u00edtico en el proceso de producci\u00f3n de alimentos. Muchos est\u00e1ndares y esquemas industriales con respecto al control de calidad en alimentos y bebidas utilizan el plan de HACCP (An\u00e1lisis de Peligros y Puntos de Control Cr\u00edticos) [&hellip;]<\/p>\n","protected":false},"author":1,"featured_media":19699,"parent":22708,"menu_order":0,"comment_status":"closed","ping_status":"closed","template":"100-width.php","meta":{"content-type":""},"yoast_head":"<!-- This site is optimized with the Yoast SEO Premium plugin v20.0 (Yoast SEO v20.0) - https:\/\/yoast.com\/wordpress\/plugins\/seo\/ -->\n<title>Aire de Grado Alimenticio - Trace Analytics, the AirCheck Lab<\/title>\n<meta name=\"description\" content=\"El an\u00e1lisis de aire de grado alimenticio es f\u00e1cil. Cont\u00e1ctanos para m\u00e1s informaci\u00f3n sobre an\u00e1lisis de aire para SQF, BRC, BCAS, ISO 8573, o tus propias especificaciones. \u00a1Nuestro equipo de expertos est\u00e1 listo para ayudarte!\" \/>\n<meta name=\"robots\" content=\"index, follow, max-snippet:-1, max-image-preview:large, max-video-preview:-1\" \/>\n<link rel=\"canonical\" href=\"https:\/\/www.airchecklab.com\/es\/servicos\/fabricacion-iso-8573-1\/aire-de-grado-alimenticio-2\/\" \/>\n<meta property=\"og:locale\" content=\"es_ES\" \/>\n<meta property=\"og:type\" content=\"article\" \/>\n<meta property=\"og:title\" content=\"Aire de Grado Alimenticio\" \/>\n<meta property=\"og:description\" content=\"El an\u00e1lisis de aire de grado alimenticio es f\u00e1cil. Cont\u00e1ctanos para m\u00e1s informaci\u00f3n sobre an\u00e1lisis de aire para SQF, BRC, BCAS, ISO 8573, o tus propias especificaciones. \u00a1Nuestro equipo de expertos est\u00e1 listo para ayudarte!\" \/>\n<meta property=\"og:url\" content=\"https:\/\/www.airchecklab.com\/es\/servicos\/fabricacion-iso-8573-1\/aire-de-grado-alimenticio-2\/\" \/>\n<meta property=\"og:site_name\" content=\"Trace Analytics, the AirCheck Lab\" \/>\n<meta property=\"og:image\" content=\"https:\/\/www.airchecklab.com\/wp-content\/uploads\/2018\/02\/banners-dive-01.jpg\" \/>\n\t<meta property=\"og:image:width\" content=\"1600\" \/>\n\t<meta property=\"og:image:height\" content=\"300\" \/>\n\t<meta property=\"og:image:type\" content=\"image\/jpeg\" \/>\n<meta name=\"twitter:card\" content=\"summary_large_image\" \/>\n<meta name=\"twitter:label1\" content=\"Tiempo de lectura\" \/>\n\t<meta name=\"twitter:data1\" content=\"6 minutos\" \/>\n<script type=\"application\/ld+json\" class=\"yoast-schema-graph\">{\"@context\":\"https:\/\/schema.org\",\"@graph\":[{\"@type\":\"WebPage\",\"@id\":\"https:\/\/www.airchecklab.com\/es\/servicos\/fabricacion-iso-8573-1\/aire-de-grado-alimenticio-2\/\",\"url\":\"https:\/\/www.airchecklab.com\/es\/servicos\/fabricacion-iso-8573-1\/aire-de-grado-alimenticio-2\/\",\"name\":\"Aire de Grado Alimenticio - Trace Analytics, the AirCheck Lab\",\"isPartOf\":{\"@id\":\"\/#website\"},\"datePublished\":\"2021-12-27T16:10:57+00:00\",\"dateModified\":\"2021-12-27T16:10:57+00:00\",\"description\":\"El an\u00e1lisis de aire de grado alimenticio es f\u00e1cil. Cont\u00e1ctanos para m\u00e1s informaci\u00f3n sobre an\u00e1lisis de aire para SQF, BRC, BCAS, ISO 8573, o tus propias especificaciones. \u00a1Nuestro equipo de expertos est\u00e1 listo para ayudarte!\",\"breadcrumb\":{\"@id\":\"https:\/\/www.airchecklab.com\/es\/servicos\/fabricacion-iso-8573-1\/aire-de-grado-alimenticio-2\/#breadcrumb\"},\"inLanguage\":\"es\",\"potentialAction\":[{\"@type\":\"ReadAction\",\"target\":[\"https:\/\/www.airchecklab.com\/es\/servicos\/fabricacion-iso-8573-1\/aire-de-grado-alimenticio-2\/\"]}]},{\"@type\":\"BreadcrumbList\",\"@id\":\"https:\/\/www.airchecklab.com\/es\/servicos\/fabricacion-iso-8573-1\/aire-de-grado-alimenticio-2\/#breadcrumb\",\"itemListElement\":[{\"@type\":\"ListItem\",\"position\":1,\"name\":\"Home\",\"item\":\"https:\/\/www.airchecklab.com\/es\/analisis-de-seguimiento-pruebas-ambientales-y-de-aire-comprimido\/\"},{\"@type\":\"ListItem\",\"position\":2,\"name\":\"Servicos\",\"item\":\"https:\/\/www.airchecklab.com\/es\/servicos\/\"},{\"@type\":\"ListItem\",\"position\":3,\"name\":\"Fabricaci\u00f3n \/ ISO 8573-1\",\"item\":\"https:\/\/www.airchecklab.com\/es\/servicos\/fabricacion-iso-8573-1\/\"},{\"@type\":\"ListItem\",\"position\":4,\"name\":\"Aire de Grado Alimenticio\"}]},{\"@type\":\"WebSite\",\"@id\":\"\/#website\",\"url\":\"\/\",\"name\":\"Trace Analytics, the AirCheck Lab\",\"description\":\"Compressed Air Testing for ISO 8573, Microbial, SQF, Breathing Air\",\"publisher\":{\"@id\":\"\/#organization\"},\"potentialAction\":[{\"@type\":\"SearchAction\",\"target\":{\"@type\":\"EntryPoint\",\"urlTemplate\":\"\/?s={search_term_string}\"},\"query-input\":\"required name=search_term_string\"}],\"inLanguage\":\"es\"},{\"@type\":\"Organization\",\"@id\":\"\/#organization\",\"name\":\"Trace Analytics, LLC\",\"url\":\"\/\",\"logo\":{\"@type\":\"ImageObject\",\"inLanguage\":\"es\",\"@id\":\"\/#\/schema\/logo\/image\/\",\"url\":\"https:\/\/www.airchecklab.com\/wp-content\/uploads\/2021\/08\/Blue-01.png\",\"contentUrl\":\"https:\/\/www.airchecklab.com\/wp-content\/uploads\/2021\/08\/Blue-01.png\",\"width\":1600,\"height\":301,\"caption\":\"Trace Analytics, LLC\"},\"image\":{\"@id\":\"\/#\/schema\/logo\/image\/\"}}]}<\/script>\n<!-- \/ Yoast SEO Premium plugin. -->","yoast_head_json":{"title":"Aire de Grado Alimenticio - Trace Analytics, the AirCheck Lab","description":"El an\u00e1lisis de aire de grado alimenticio es f\u00e1cil. Cont\u00e1ctanos para m\u00e1s informaci\u00f3n sobre an\u00e1lisis de aire para SQF, BRC, BCAS, ISO 8573, o tus propias especificaciones. \u00a1Nuestro equipo de expertos est\u00e1 listo para ayudarte!","robots":{"index":"index","follow":"follow","max-snippet":"max-snippet:-1","max-image-preview":"max-image-preview:large","max-video-preview":"max-video-preview:-1"},"canonical":"https:\/\/www.airchecklab.com\/es\/servicos\/fabricacion-iso-8573-1\/aire-de-grado-alimenticio-2\/","og_locale":"es_ES","og_type":"article","og_title":"Aire de Grado Alimenticio","og_description":"El an\u00e1lisis de aire de grado alimenticio es f\u00e1cil. Cont\u00e1ctanos para m\u00e1s informaci\u00f3n sobre an\u00e1lisis de aire para SQF, BRC, BCAS, ISO 8573, o tus propias especificaciones. \u00a1Nuestro equipo de expertos est\u00e1 listo para ayudarte!","og_url":"https:\/\/www.airchecklab.com\/es\/servicos\/fabricacion-iso-8573-1\/aire-de-grado-alimenticio-2\/","og_site_name":"Trace Analytics, the AirCheck Lab","og_image":[{"width":1600,"height":300,"url":"https:\/\/www.airchecklab.com\/wp-content\/uploads\/2018\/02\/banners-dive-01.jpg","type":"image\/jpeg"}],"twitter_card":"summary_large_image","twitter_misc":{"Tiempo de lectura":"6 minutos"},"schema":{"@context":"https:\/\/schema.org","@graph":[{"@type":"WebPage","@id":"https:\/\/www.airchecklab.com\/es\/servicos\/fabricacion-iso-8573-1\/aire-de-grado-alimenticio-2\/","url":"https:\/\/www.airchecklab.com\/es\/servicos\/fabricacion-iso-8573-1\/aire-de-grado-alimenticio-2\/","name":"Aire de Grado Alimenticio - Trace Analytics, the AirCheck Lab","isPartOf":{"@id":"\/#website"},"datePublished":"2021-12-27T16:10:57+00:00","dateModified":"2021-12-27T16:10:57+00:00","description":"El an\u00e1lisis de aire de grado alimenticio es f\u00e1cil. Cont\u00e1ctanos para m\u00e1s informaci\u00f3n sobre an\u00e1lisis de aire para SQF, BRC, BCAS, ISO 8573, o tus propias especificaciones. \u00a1Nuestro equipo de expertos est\u00e1 listo para ayudarte!","breadcrumb":{"@id":"https:\/\/www.airchecklab.com\/es\/servicos\/fabricacion-iso-8573-1\/aire-de-grado-alimenticio-2\/#breadcrumb"},"inLanguage":"es","potentialAction":[{"@type":"ReadAction","target":["https:\/\/www.airchecklab.com\/es\/servicos\/fabricacion-iso-8573-1\/aire-de-grado-alimenticio-2\/"]}]},{"@type":"BreadcrumbList","@id":"https:\/\/www.airchecklab.com\/es\/servicos\/fabricacion-iso-8573-1\/aire-de-grado-alimenticio-2\/#breadcrumb","itemListElement":[{"@type":"ListItem","position":1,"name":"Home","item":"https:\/\/www.airchecklab.com\/es\/analisis-de-seguimiento-pruebas-ambientales-y-de-aire-comprimido\/"},{"@type":"ListItem","position":2,"name":"Servicos","item":"https:\/\/www.airchecklab.com\/es\/servicos\/"},{"@type":"ListItem","position":3,"name":"Fabricaci\u00f3n \/ ISO 8573-1","item":"https:\/\/www.airchecklab.com\/es\/servicos\/fabricacion-iso-8573-1\/"},{"@type":"ListItem","position":4,"name":"Aire de Grado Alimenticio"}]},{"@type":"WebSite","@id":"\/#website","url":"\/","name":"Trace Analytics, the AirCheck Lab","description":"Compressed Air Testing for ISO 8573, Microbial, SQF, Breathing Air","publisher":{"@id":"\/#organization"},"potentialAction":[{"@type":"SearchAction","target":{"@type":"EntryPoint","urlTemplate":"\/?s={search_term_string}"},"query-input":"required name=search_term_string"}],"inLanguage":"es"},{"@type":"Organization","@id":"\/#organization","name":"Trace Analytics, LLC","url":"\/","logo":{"@type":"ImageObject","inLanguage":"es","@id":"\/#\/schema\/logo\/image\/","url":"https:\/\/www.airchecklab.com\/wp-content\/uploads\/2021\/08\/Blue-01.png","contentUrl":"https:\/\/www.airchecklab.com\/wp-content\/uploads\/2021\/08\/Blue-01.png","width":1600,"height":301,"caption":"Trace Analytics, LLC"},"image":{"@id":"\/#\/schema\/logo\/image\/"}}]}},"_links":{"self":[{"href":"https:\/\/www.airchecklab.com\/es\/wp-json\/wp\/v2\/pages\/22672"}],"collection":[{"href":"https:\/\/www.airchecklab.com\/es\/wp-json\/wp\/v2\/pages"}],"about":[{"href":"https:\/\/www.airchecklab.com\/es\/wp-json\/wp\/v2\/types\/page"}],"author":[{"embeddable":true,"href":"https:\/\/www.airchecklab.com\/es\/wp-json\/wp\/v2\/users\/1"}],"replies":[{"embeddable":true,"href":"https:\/\/www.airchecklab.com\/es\/wp-json\/wp\/v2\/comments?post=22672"}],"version-history":[{"count":0,"href":"https:\/\/www.airchecklab.com\/es\/wp-json\/wp\/v2\/pages\/22672\/revisions"}],"up":[{"embeddable":true,"href":"https:\/\/www.airchecklab.com\/es\/wp-json\/wp\/v2\/pages\/22708"}],"wp:featuredmedia":[{"embeddable":true,"href":"https:\/\/www.airchecklab.com\/es\/wp-json\/wp\/v2\/media\/19699"}],"wp:attachment":[{"href":"https:\/\/www.airchecklab.com\/es\/wp-json\/wp\/v2\/media?parent=22672"}],"curies":[{"name":"wp","href":"https:\/\/api.w.org\/{rel}","templated":true}]}}