{"id":22673,"date":"2021-12-27T10:10:57","date_gmt":"2021-12-27T16:10:57","guid":{"rendered":"https:\/\/dev.airchecklab.com\/analisis-microbiologico-iso-8573-7\/"},"modified":"2021-12-27T10:10:57","modified_gmt":"2021-12-27T16:10:57","slug":"analisis-microbiologico-iso-8573-7","status":"publish","type":"page","link":"https:\/\/www.airchecklab.com\/es\/servicos\/analisis-microbiologico-iso-8573-7\/","title":{"rendered":"An\u00e1lisis Microbiol\u00f3gico \/ ISO 8573-7"},"content":{"rendered":"<p>[lightbg]<\/p>\n<h1>ISO 8573-7 An\u00e1lisis Microbiol\u00f3gico de Aire Comprimido<\/h1>\n<p>El an\u00e1lisis microbiol\u00f3gico de aire comprimido o el an\u00e1lisis de carga biol\u00f3gica de acuerdo a ISO 8573-7 es generalmente implementado por las industrias farmac\u00e9uticas, de alimentos y de dispositivos m\u00e9dicos. Los contaminantes microbiol\u00f3gicos que est\u00e1n presentes en los compresores o en los ductos de aire comprimido pueden afectar el producto final de estas industrias. Un programa en donde se hagan an\u00e1lisis microbiol\u00f3gicos no puede proporcionar informaci\u00f3n acerca de problemas futuros antes de que afecten la producci\u00f3n.<\/p>\n<p>\t[video_youtube video_id=&#8221;WX2vnywqhBg&#8221; width=&#8221;460&#8243; height=&#8221;259&#8243; title=&#8221;Video de An\u00e1lisis Microbiol\u00f3gico de Aire Comprimido de acuerdo a ISO 8573-7&#8243; noyoutube=&#8221;\/resources\/videos\/ISO-8573-7-Microbial-Compressed-Air-Sampling.mov&#8221;]<\/p>\n<div class=\"center\"><a class=\"medium blue button\" href=\"https:\/\/www.airchecklab.com\/?page_id=7408\">Obt\u00e9n una cotizaci\u00f3n<\/a><\/div>\n<p>La mayor\u00eda de las plantas farmac\u00e9uticas, de dispositivos m\u00e9dicos, y de producci\u00f3n de alimentos han implementado programas de an\u00e1lisis de aire ambiental. Sin embargo, se olvidan del aire comprimido o de proceso. El aire comprimido y los gases que forman parte de los procesos de las f\u00e1bricas pueden ser analizados usando un equipo especial que incluye placas de contacto para capturar cualquier microorganismo presente. Este tipo de an\u00e1lisis es importante para evitar la presencia de contaminantes microbiol\u00f3gicos en entornos controlados, incluidas \u00e1reas de producci\u00f3n y cuartos limpios.<\/p>\n<p>Los microorganismos incluyen bacterias, levaduras, mohos y virus. Millones de microorganismos entran a los sistemas de aire a trav\u00e9s de la toma de aire del compresor. Los filtros en la toma de aire no remueven estas part\u00edculas. Los sistemas de compresi\u00f3n modernos, cuando se les da el mantenimiento adecuado, deben tener filtros del tama\u00f1o apropiado y localizados en los puntos de uso para remover este tipo de contaminantes. Es esencial tener un programa de monitoreo para verificar que la filtraci\u00f3n y el mantenimiento de rutina est\u00e1n necesarios para la protecci\u00f3n necesaria para mantener seguros tus productos. Para obtener m\u00e1s informaci\u00f3n acerca de los contaminantes, visite nuestra p\u00e1gina sobre <a href=\"https:\/\/www.airchecklab.com\/aircheck-academy\/compressed-air-in-manufacturing\/sources-of-contamination\/sources-of-contamination-in-manufacturing\/\">fuentes de contaminaci\u00f3n de compresores.<\/a><\/p>\n<p>Los sistemas de aire comprimido pueden tener las condiciones necesarias, tales como la presencia de agua, aceite y temperaturas altas, para la proliferaci\u00f3n de microbios. El mantener un nivel de agua seca de -40 \u00b0 F puede inhibir el crecimiento de microbios, pero no eliminarlos. Las esporas bacterianas pueden ser resistentes a los rayos UV, la desecaci\u00f3n o el calor, y pueden permanecer latentes por un largo tiempo, creando la posibilidad de un problema recurrente. El biofilm tambi\u00e9n puede tener efectos negativos en la calidad del aire comprimido, ya que crea un refugio para las bacterias y les permiten existir en condiciones que normalmente no pueden resistir. Para aprender m\u00e1s sobre el biofilm, lee este <a href=\"http:\/\/microbiologyonlineblog.blogspot.com\/2009\/10\/microbiology-online-focus-on-what-is.html\">art\u00edculo de Microbiology Online por Fabio Pacheco<\/a> .<\/p>\n<p>Un programa de monitoreo microbiol\u00f3gico, como el recomendado por la <a href=\"http:\/\/www.ispe.org\/\">International Society of Pharmaceutical Engineers (ISPE)<\/a> en su <a href=\"http:\/\/www.ispe.org\/ispe-good-practice-guides\">Good Practice Guide &#8211; Process Gases<\/a> , es un procedimiento que cualquier fabricante que usa aire o gas en sus procesos debe considerar. La gu\u00eda menciona en el Cap\u00edtulo 7, &#8220;Evaluaci\u00f3n de riesgos&#8221; en la tabla 7.1:<br \/>\n<span class=\"padl15\" style=\"display: block;\"><em><strong>Cuenta Microbiol\u00f3gica (Aplicaciones no est\u00e9riles)<\/strong> &#8211; Los l\u00edmites de la gu\u00eda ser\u00e1n establecidos en base a los l\u00edmites de la carga biol\u00f3gica del producto. El nivel t\u00edpico es NMT 5 ufc \/ m <sup>3<\/sup><br \/>\n<strong>Cuenta Microbiol\u00f3gica (Aplicaciones est\u00e9riles)<\/strong> &#8211; Depende de los requisitos sobre part\u00edculas para el Grado pertinente al \u00e1rea en donde el producto est\u00e9 expuesto al gas comprimido (por ejemplo, Grado A, Grado A \/ B, Grado B o Grado C)<br \/>\n<span class=\"padl15\">(Gu\u00eda de procesamiento as\u00e9ptico de 2004 de la FDA de EE. UU.)<\/span><\/em><\/span><\/p>\n<p>Debido a la falta de l\u00edmites definitivos para microorganismos, muchos usan los l\u00edmites establecidos para clasificaciones de cuartos limpios:<\/p>\n<p>[IncludeSpec spec=&#8221;microbial&#8221;]<\/p>\n<p>ISO 8573-7: 2003 en un recurso excelente para establecer m\u00e9todos de toma de muestra, aunque no proporciona l\u00edmites. Regresando al tema de contaminaci\u00f3n microbiol\u00f3gica en el aire comprimido usado en f\u00e1bricas de alimentos, &#8220;Secar el aire hasta un punto de roc\u00edo bajo es una manera efectiva de inhibir la proliferaci\u00f3n de microbios. <em>Inhibir<\/em> &#8211; no matar&#8221;, es lo que dice Lee Scott de Parker Hannifin. Lee m\u00e1s de lo que escribi\u00f3 Lee Scott en <a href=\"http:\/\/www.parker.com\/foodsqf\">La Reducci\u00f3n de Riesgos de Contaminaci\u00f3n del Aire Comprimido en Plantas de Alimentos: El Punto de Referencia en Buenas Pr\u00e1cticas de Manufactura.<\/a><\/p>\n<p>El <a href=\"http:\/\/www.bcas.org.uk\">BCAS Food Grade Compressed Air, A Code of Practice<\/a> menciona que (6.2) el HACCP (An\u00e1lisis de Riesgos y Puntos Cr\u00edticos de Control) de los contaminantes microbiol\u00f3gicos debe establecer el riesgo de contaminaci\u00f3n causada por organismos microbiol\u00f3gicos. El nivel permitido de contaminantes microbiol\u00f3gicos en el aire comprimido no debe de ser detectable usando el m\u00e9todo descrito en la cl\u00e1usula 7.6. La cl\u00e1usula 7.6 se refiere al m\u00e9todo de an\u00e1lisis para contaminantes microbiol\u00f3gicos viables de ISO 8573-7.<\/p>\n<p>La edici\u00f3n 7 del c\u00f3digo SQF menciona que la pureza del aire comprimido debe ser monitoreada peri\u00f3dicamente. En su p\u00e1gina de internet, las facilidades que procesan alimentos deben operar asumiendo que el aire comprimido puede ser una fuente de contaminaci\u00f3n qu\u00edmica y microbiol\u00f3gica. Estas facilidades deben de verificar que el aire comprimido usado en sus instalaciones es adecuado para su uso y no una fuente de contaminaci\u00f3n. Lee m\u00e1s acerca del <a href=\"http:\/\/www.sqfi.com\/about-sqf\/faq\/sqf-code\/\">an\u00e1lisis de la pureza de aire de SQF.<\/a><\/p>\n<p>Trace Analytics te ofrece el <span class=\"aircheck\"><a href=\"https:\/\/www.airchecklab.com\/aircheck-kits\/k810\/#KX00\">AirCheck <span class=\"tracecheck\">\u2713<\/span> Kit &#x2122; KX00 Microbial Impaction Sampler<\/a><\/span> adem\u00e1s de ofrecer los modelos del <span class=\"aircheck\"><a href=\"https:\/\/www.airchecklab.com\/aircheck-kits\/k810\/#K810\">AirCheck <span class=\"tracecheck\">\u2713<\/span> Kit &#x2122; K810<\/a> y <a href=\"https:\/\/www.airchecklab.com\/aircheck-kits\/k810\/#K811\">K811<\/a><\/span> para el an\u00e1lisis de part\u00edculas, agua, aceite y gases en aire comprimido y gases de proceso.<\/p>\n<div class=\"center\"><a class=\"medium blue button\" href=\"https:\/\/www.airchecklab.com\/?page_id=7408\">Obt\u00e9n una cotizaci\u00f3n<\/a><\/div>\n<p>Todos los <span class=\"aircheck\">AirCheck <span class=\"tracecheck\">\u2713<\/span> Kits &#x2122;<\/span> est\u00e1n a la renta o venta. Para obtener m\u00e1s informaci\u00f3n acerca del an\u00e1lisis de calidad del aire comprimido para la industria de manufactura, <a href=\"https:\/\/www.airchecklab.com\/?page_id=9991\">cont\u00e1ctanos<\/a> . Con gusto hablaremos de lo que necesitas y te ayudaremos con el an\u00e1lisis para tus operaciones.<\/p>\n<hr>\n<p>\t<!--[if lte IE 8]>\n\t\t<script charset=\"utf-8\" type=\"text\/javascript\" src=\"\/\/js.hsforms.net\/forms\/v2-legacy.js\"><\/script>\n\t<![endif]--><br \/>\n\t<script charset=\"utf-8\" type=\"text\/javascript\" src=\"\/\/js.hsforms.net\/forms\/v2.js\"><\/script><br \/>\n\t<script>\n\t\thbspt.forms.create({\n\t\t\tportalId: \"4558619\",\n\t\t\tformId: \"03e1782a-aa51-461e-b5d8-40699379c04b\"\n\t\t\t});\n\t<\/script><br \/>\n[\/lightbg]<\/p>\n","protected":false},"excerpt":{"rendered":"<p>[lightbg] ISO 8573-7 An\u00e1lisis Microbiol\u00f3gico de Aire Comprimido El an\u00e1lisis microbiol\u00f3gico de aire comprimido o el an\u00e1lisis de carga biol\u00f3gica de acuerdo a ISO 8573-7 es generalmente implementado por las industrias farmac\u00e9uticas, de alimentos y de dispositivos m\u00e9dicos. Los contaminantes microbiol\u00f3gicos que est\u00e1n presentes en los compresores o en los ductos de aire comprimido pueden afectar el producto final de estas industrias. Un programa en donde se hagan an\u00e1lisis microbiol\u00f3gicos no puede proporcionar informaci\u00f3n acerca de problemas futuros antes de [&hellip;]<\/p>\n","protected":false},"author":1,"featured_media":19713,"parent":22706,"menu_order":0,"comment_status":"closed","ping_status":"open","template":"100-width.php","meta":{"content-type":""},"yoast_head":"<!-- This site is optimized with the Yoast SEO Premium plugin v20.0 (Yoast SEO v20.0) - https:\/\/yoast.com\/wordpress\/plugins\/seo\/ -->\n<title>An\u00e1lisis Microbiol\u00f3gico \/ ISO 8573-7 - Trace Analytics, the AirCheck Lab<\/title>\n<meta name=\"description\" content=\"El an\u00e1lisis de contaminantes microbiol\u00f3gicos de acuerdo a ISO 8573-7 es f\u00e1cil con nuestros manuales de instructivos y videos. Conoce m\u00e1s acerca de an\u00e1lisis microbiol\u00f3gicos en nuestra p\u00e1gina de internet.\" \/>\n<meta name=\"robots\" content=\"index, follow, max-snippet:-1, max-image-preview:large, max-video-preview:-1\" \/>\n<link rel=\"canonical\" href=\"https:\/\/www.airchecklab.com\/es\/servicos\/analisis-microbiologico-iso-8573-7\/\" \/>\n<meta property=\"og:locale\" content=\"es_ES\" \/>\n<meta property=\"og:type\" content=\"article\" \/>\n<meta property=\"og:title\" content=\"An\u00e1lisis Microbiol\u00f3gico \/ ISO 8573-7\" \/>\n<meta property=\"og:description\" content=\"El an\u00e1lisis de contaminantes microbiol\u00f3gicos de acuerdo a ISO 8573-7 es f\u00e1cil con nuestros manuales de instructivos y videos. Conoce m\u00e1s acerca de an\u00e1lisis microbiol\u00f3gicos en nuestra p\u00e1gina de internet.\" \/>\n<meta property=\"og:url\" content=\"https:\/\/www.airchecklab.com\/es\/servicos\/analisis-microbiologico-iso-8573-7\/\" \/>\n<meta property=\"og:site_name\" content=\"Trace Analytics, the AirCheck Lab\" \/>\n<meta property=\"og:image\" content=\"https:\/\/www.airchecklab.com\/wp-content\/uploads\/2018\/02\/breathing-air-blue.jpg\" \/>\n\t<meta property=\"og:image:width\" content=\"1600\" \/>\n\t<meta property=\"og:image:height\" content=\"300\" \/>\n\t<meta property=\"og:image:type\" content=\"image\/jpeg\" \/>\n<meta name=\"twitter:card\" content=\"summary_large_image\" \/>\n<meta name=\"twitter:label1\" content=\"Tiempo de lectura\" \/>\n\t<meta name=\"twitter:data1\" content=\"5 minutos\" \/>\n<script type=\"application\/ld+json\" class=\"yoast-schema-graph\">{\"@context\":\"https:\/\/schema.org\",\"@graph\":[{\"@type\":\"WebPage\",\"@id\":\"https:\/\/www.airchecklab.com\/es\/servicos\/analisis-microbiologico-iso-8573-7\/\",\"url\":\"https:\/\/www.airchecklab.com\/es\/servicos\/analisis-microbiologico-iso-8573-7\/\",\"name\":\"An\u00e1lisis Microbiol\u00f3gico \/ ISO 8573-7 - Trace Analytics, the AirCheck Lab\",\"isPartOf\":{\"@id\":\"\/#website\"},\"datePublished\":\"2021-12-27T16:10:57+00:00\",\"dateModified\":\"2021-12-27T16:10:57+00:00\",\"description\":\"El an\u00e1lisis de contaminantes microbiol\u00f3gicos de acuerdo a ISO 8573-7 es f\u00e1cil con nuestros manuales de instructivos y videos. Conoce m\u00e1s acerca de an\u00e1lisis microbiol\u00f3gicos en nuestra p\u00e1gina de internet.\",\"breadcrumb\":{\"@id\":\"https:\/\/www.airchecklab.com\/es\/servicos\/analisis-microbiologico-iso-8573-7\/#breadcrumb\"},\"inLanguage\":\"es\",\"potentialAction\":[{\"@type\":\"ReadAction\",\"target\":[\"https:\/\/www.airchecklab.com\/es\/servicos\/analisis-microbiologico-iso-8573-7\/\"]}]},{\"@type\":\"BreadcrumbList\",\"@id\":\"https:\/\/www.airchecklab.com\/es\/servicos\/analisis-microbiologico-iso-8573-7\/#breadcrumb\",\"itemListElement\":[{\"@type\":\"ListItem\",\"position\":1,\"name\":\"Home\",\"item\":\"https:\/\/www.airchecklab.com\/es\/analisis-de-seguimiento-pruebas-ambientales-y-de-aire-comprimido\/\"},{\"@type\":\"ListItem\",\"position\":2,\"name\":\"Servicos\",\"item\":\"https:\/\/www.airchecklab.com\/es\/servicos\/\"},{\"@type\":\"ListItem\",\"position\":3,\"name\":\"An\u00e1lisis Microbiol\u00f3gico \/ ISO 8573-7\"}]},{\"@type\":\"WebSite\",\"@id\":\"\/#website\",\"url\":\"\/\",\"name\":\"Trace Analytics, the AirCheck Lab\",\"description\":\"Compressed Air Testing for ISO 8573, Microbial, SQF, Breathing Air\",\"publisher\":{\"@id\":\"\/#organization\"},\"potentialAction\":[{\"@type\":\"SearchAction\",\"target\":{\"@type\":\"EntryPoint\",\"urlTemplate\":\"\/?s={search_term_string}\"},\"query-input\":\"required name=search_term_string\"}],\"inLanguage\":\"es\"},{\"@type\":\"Organization\",\"@id\":\"\/#organization\",\"name\":\"Trace Analytics, LLC\",\"url\":\"\/\",\"logo\":{\"@type\":\"ImageObject\",\"inLanguage\":\"es\",\"@id\":\"\/#\/schema\/logo\/image\/\",\"url\":\"https:\/\/www.airchecklab.com\/wp-content\/uploads\/2021\/08\/Blue-01.png\",\"contentUrl\":\"https:\/\/www.airchecklab.com\/wp-content\/uploads\/2021\/08\/Blue-01.png\",\"width\":1600,\"height\":301,\"caption\":\"Trace Analytics, LLC\"},\"image\":{\"@id\":\"\/#\/schema\/logo\/image\/\"}}]}<\/script>\n<!-- \/ Yoast SEO Premium plugin. -->","yoast_head_json":{"title":"An\u00e1lisis Microbiol\u00f3gico \/ ISO 8573-7 - Trace Analytics, the AirCheck Lab","description":"El an\u00e1lisis de contaminantes microbiol\u00f3gicos de acuerdo a ISO 8573-7 es f\u00e1cil con nuestros manuales de instructivos y videos. Conoce m\u00e1s acerca de an\u00e1lisis microbiol\u00f3gicos en nuestra p\u00e1gina de internet.","robots":{"index":"index","follow":"follow","max-snippet":"max-snippet:-1","max-image-preview":"max-image-preview:large","max-video-preview":"max-video-preview:-1"},"canonical":"https:\/\/www.airchecklab.com\/es\/servicos\/analisis-microbiologico-iso-8573-7\/","og_locale":"es_ES","og_type":"article","og_title":"An\u00e1lisis Microbiol\u00f3gico \/ ISO 8573-7","og_description":"El an\u00e1lisis de contaminantes microbiol\u00f3gicos de acuerdo a ISO 8573-7 es f\u00e1cil con nuestros manuales de instructivos y videos. Conoce m\u00e1s acerca de an\u00e1lisis microbiol\u00f3gicos en nuestra p\u00e1gina de internet.","og_url":"https:\/\/www.airchecklab.com\/es\/servicos\/analisis-microbiologico-iso-8573-7\/","og_site_name":"Trace Analytics, the AirCheck Lab","og_image":[{"width":1600,"height":300,"url":"https:\/\/www.airchecklab.com\/wp-content\/uploads\/2018\/02\/breathing-air-blue.jpg","type":"image\/jpeg"}],"twitter_card":"summary_large_image","twitter_misc":{"Tiempo de lectura":"5 minutos"},"schema":{"@context":"https:\/\/schema.org","@graph":[{"@type":"WebPage","@id":"https:\/\/www.airchecklab.com\/es\/servicos\/analisis-microbiologico-iso-8573-7\/","url":"https:\/\/www.airchecklab.com\/es\/servicos\/analisis-microbiologico-iso-8573-7\/","name":"An\u00e1lisis Microbiol\u00f3gico \/ ISO 8573-7 - Trace Analytics, the AirCheck Lab","isPartOf":{"@id":"\/#website"},"datePublished":"2021-12-27T16:10:57+00:00","dateModified":"2021-12-27T16:10:57+00:00","description":"El an\u00e1lisis de contaminantes microbiol\u00f3gicos de acuerdo a ISO 8573-7 es f\u00e1cil con nuestros manuales de instructivos y videos. Conoce m\u00e1s acerca de an\u00e1lisis microbiol\u00f3gicos en nuestra p\u00e1gina de internet.","breadcrumb":{"@id":"https:\/\/www.airchecklab.com\/es\/servicos\/analisis-microbiologico-iso-8573-7\/#breadcrumb"},"inLanguage":"es","potentialAction":[{"@type":"ReadAction","target":["https:\/\/www.airchecklab.com\/es\/servicos\/analisis-microbiologico-iso-8573-7\/"]}]},{"@type":"BreadcrumbList","@id":"https:\/\/www.airchecklab.com\/es\/servicos\/analisis-microbiologico-iso-8573-7\/#breadcrumb","itemListElement":[{"@type":"ListItem","position":1,"name":"Home","item":"https:\/\/www.airchecklab.com\/es\/analisis-de-seguimiento-pruebas-ambientales-y-de-aire-comprimido\/"},{"@type":"ListItem","position":2,"name":"Servicos","item":"https:\/\/www.airchecklab.com\/es\/servicos\/"},{"@type":"ListItem","position":3,"name":"An\u00e1lisis Microbiol\u00f3gico \/ ISO 8573-7"}]},{"@type":"WebSite","@id":"\/#website","url":"\/","name":"Trace Analytics, the AirCheck Lab","description":"Compressed Air Testing for ISO 8573, Microbial, SQF, Breathing Air","publisher":{"@id":"\/#organization"},"potentialAction":[{"@type":"SearchAction","target":{"@type":"EntryPoint","urlTemplate":"\/?s={search_term_string}"},"query-input":"required name=search_term_string"}],"inLanguage":"es"},{"@type":"Organization","@id":"\/#organization","name":"Trace Analytics, LLC","url":"\/","logo":{"@type":"ImageObject","inLanguage":"es","@id":"\/#\/schema\/logo\/image\/","url":"https:\/\/www.airchecklab.com\/wp-content\/uploads\/2021\/08\/Blue-01.png","contentUrl":"https:\/\/www.airchecklab.com\/wp-content\/uploads\/2021\/08\/Blue-01.png","width":1600,"height":301,"caption":"Trace Analytics, LLC"},"image":{"@id":"\/#\/schema\/logo\/image\/"}}]}},"_links":{"self":[{"href":"https:\/\/www.airchecklab.com\/es\/wp-json\/wp\/v2\/pages\/22673"}],"collection":[{"href":"https:\/\/www.airchecklab.com\/es\/wp-json\/wp\/v2\/pages"}],"about":[{"href":"https:\/\/www.airchecklab.com\/es\/wp-json\/wp\/v2\/types\/page"}],"author":[{"embeddable":true,"href":"https:\/\/www.airchecklab.com\/es\/wp-json\/wp\/v2\/users\/1"}],"replies":[{"embeddable":true,"href":"https:\/\/www.airchecklab.com\/es\/wp-json\/wp\/v2\/comments?post=22673"}],"version-history":[{"count":0,"href":"https:\/\/www.airchecklab.com\/es\/wp-json\/wp\/v2\/pages\/22673\/revisions"}],"up":[{"embeddable":true,"href":"https:\/\/www.airchecklab.com\/es\/wp-json\/wp\/v2\/pages\/22706"}],"wp:featuredmedia":[{"embeddable":true,"href":"https:\/\/www.airchecklab.com\/es\/wp-json\/wp\/v2\/media\/19713"}],"wp:attachment":[{"href":"https:\/\/www.airchecklab.com\/es\/wp-json\/wp\/v2\/media?parent=22673"}],"curies":[{"name":"wp","href":"https:\/\/api.w.org\/{rel}","templated":true}]}}