{"id":22674,"date":"2021-12-27T10:10:57","date_gmt":"2021-12-27T16:10:57","guid":{"rendered":"https:\/\/dev.airchecklab.com\/monitoreo-de-aire-comprimido-por-el-brc\/"},"modified":"2021-12-27T10:10:57","modified_gmt":"2021-12-27T16:10:57","slug":"monitoreo-de-aire-comprimido-por-el-brc","status":"publish","type":"page","link":"https:\/\/www.airchecklab.com\/es\/servicos\/fabricacion-iso-8573-1\/monitoreo-de-aire-comprimido-por-el-brc\/","title":{"rendered":"Monitoreo de Aire Comprimido por el BRC"},"content":{"rendered":"<p>[blackbg]<\/p>\n<h1>Monitoreo de Aire Comprimido por el BRC<\/h1>\n<p>El BRC (Consorcio Minorista Brit\u00e1nico) requiere el monitoreo de aire comprimido y gas. Aunque no se mencionan los l\u00edmites de los contaminantes en <em>su<\/em> est\u00e1ndar, ha contribuido en m\u00e1s de una Gu\u00eda de Mejor Pr\u00e1ctica de la BCA (Sociedad Brit\u00e1nica de Aire Comprimido). Desde el principio, la BCA adopt\u00f3 las clasificaciones y los l\u00edmites de ISO 8573 para su gu\u00eda. ISO 8573 es la norma de elecci\u00f3n para fabricantes.<\/p>\n<h2>Trabajamos con Muchos Fabricantes del BRC<\/h2>\n<p>Los fabricantes de alimentos del BRC conf\u00edan en Trace Analytics con el an\u00e1lisis para sus programas de monitoreo de aire comprimido y gas. Nuestro laboratorio, acreditado por ISO 17025, puede proporcionar an\u00e1lisis con las exigencias y de acuerdo a las clases de ISO 8573, adem\u00e1s de muchas especificaciones personalizadas. Descarga nuestra <a title=\"Trace Analytics ISO 17025 Accreditation\" href=\"https:\/\/www.airchecklab.com\/?page_id=9133\">acreditaci\u00f3n y t\u00e9cnicas anal\u00edticas<\/a> .<br \/>\n[\/blackbg]<\/p>\n<p>[lightbg]<\/p>\n<h1>Hacemos del Monitoreo de Aire Comprimido Algo F\u00e1cil<\/h1>\n<p>Trace Analytics te proporciona los materiales y el entrenamiento necesario para obtener la muestra de aire o gas. Tu nos env\u00edas la (s) muestra (s) al laboratorio y nosotros te mandamos los resultados en un reporte v\u00eda correo electr\u00f3nico. Dinos que tan seguido quieres analizar y te mandaremos recordatorios cuando sea fecha de hacerlo. El entrenamiento es gratis y est\u00e1 disponible en nuestra p\u00e1gina de internet. \u00a1Es as\u00ed de simple!<\/p>\n<p>Los resultados para el an\u00e1lisis b\u00e1sico de ISO 8573-1 (part\u00edculas, agua, aceite) toman de 5 a 7 d\u00edas h\u00e1biles, con opci\u00f3n a an\u00e1lisis apresurado en el que los resultados toman 1 d\u00eda h\u00e1bil. Hay costos adicionales para cada an\u00e1lisis apresurado. Los clientes que necesitan cumplir con los requisitos de clase 1 y 2 en part\u00edculas de 0.1 a 0.5 micrones necesitan preguntarnos acerca de nuestro contador de part\u00edculas l\u00e1ser (LPC). Las part\u00edculas de este rango requieren un tipo de an\u00e1lisis m\u00e1s sofisticado. Este instrumento no est\u00e1 a la venta y est\u00e1 limitado a la renta en EUA.<\/p>\n<p>Tambi\u00e9n ofrecemos an\u00e1lisis microbiol\u00f3gico para clientes localizados en EUA. <em>A los clientes internacionales les proporcionaremos la informaci\u00f3n de la mejor alternativa en su pa\u00eds.<\/em><\/p>\n<div class=\"center\"><a class=\"medium blue button\" href=\"https:\/\/buy.airchecklab.com\/manufacturing\/\">Obt\u00e9n An\u00e1lisis de Aire Comprimido<\/a><\/div>\n<p>[\/lightbg]<\/p>\n<p>[blackbg]<br \/>\n\t[IncludeSpec spec=&#8221;BCAS&#8221;]<br \/>\n[\/blackbg]<\/p>\n<p>[lightbg]<br \/>\n\t<!--[if lte IE 8]>\n\t\t<script charset=\"utf-8\" type=\"text\/javascript\" src=\"\/\/js.hsforms.net\/forms\/v2-legacy.js\"><\/script>\n\t<![endif]--><br \/>\n\t<script charset=\"utf-8\" type=\"text\/javascript\" src=\"\/\/js.hsforms.net\/forms\/v2.js\"><\/script><br \/>\n\t<script>\n\t\thbspt.forms.create({\n\t\t\tportalId: \"4558619\",\n\t\t\tformId: \"03e1782a-aa51-461e-b5d8-40699379c04b\"\n\t\t\t});\n\t<\/script><br \/>\n\t[ShowAllSiblings title=&#8221;Process Air Industries We Serve&#8221;]<br \/>\n[\/lightbg]<\/p>\n","protected":false},"excerpt":{"rendered":"<p>[blackbg] Monitoreo de Aire Comprimido por el BRC El BRC (Consorcio Minorista Brit\u00e1nico) requiere el monitoreo de aire comprimido y gas. Aunque no se mencionan los l\u00edmites de los contaminantes en su est\u00e1ndar, ha contribuido en m\u00e1s de una Gu\u00eda de Mejor Pr\u00e1ctica de la BCA (Sociedad Brit\u00e1nica de Aire Comprimido). Desde el principio, la BCA adopt\u00f3 las clasificaciones y los l\u00edmites de ISO 8573 para su gu\u00eda. ISO 8573 es la norma de elecci\u00f3n para fabricantes. Trabajamos con Muchos [&hellip;]<\/p>\n","protected":false},"author":1,"featured_media":19699,"parent":22708,"menu_order":0,"comment_status":"closed","ping_status":"closed","template":"100-width.php","meta":{"content-type":""},"yoast_head":"<!-- This site is optimized with the Yoast SEO Premium plugin v20.0 (Yoast SEO v20.0) - https:\/\/yoast.com\/wordpress\/plugins\/seo\/ -->\n<title>Monitoreo de Aire Comprimido por el BRC - Trace Analytics, the AirCheck Lab<\/title>\n<meta name=\"description\" content=\"\u00a1El monitoreo de aire comprimido por el BRC es f\u00e1cil con los expertos de Trace Analytics!\" \/>\n<meta name=\"robots\" content=\"index, follow, max-snippet:-1, max-image-preview:large, max-video-preview:-1\" \/>\n<link rel=\"canonical\" href=\"https:\/\/www.airchecklab.com\/es\/servicos\/fabricacion-iso-8573-1\/monitoreo-de-aire-comprimido-por-el-brc\/\" \/>\n<meta property=\"og:locale\" content=\"es_ES\" \/>\n<meta property=\"og:type\" content=\"article\" \/>\n<meta property=\"og:title\" content=\"Monitoreo de Aire Comprimido por el BRC\" \/>\n<meta property=\"og:description\" content=\"\u00a1El monitoreo de aire comprimido por el BRC es f\u00e1cil con los expertos de Trace Analytics!\" \/>\n<meta property=\"og:url\" content=\"https:\/\/www.airchecklab.com\/es\/servicos\/fabricacion-iso-8573-1\/monitoreo-de-aire-comprimido-por-el-brc\/\" \/>\n<meta property=\"og:site_name\" content=\"Trace Analytics, the AirCheck Lab\" \/>\n<meta property=\"og:image\" content=\"https:\/\/www.airchecklab.com\/wp-content\/uploads\/2018\/02\/banners-dive-01.jpg\" \/>\n\t<meta property=\"og:image:width\" content=\"1600\" \/>\n\t<meta property=\"og:image:height\" content=\"300\" \/>\n\t<meta property=\"og:image:type\" content=\"image\/jpeg\" \/>\n<meta name=\"twitter:card\" content=\"summary_large_image\" \/>\n<meta name=\"twitter:label1\" content=\"Tiempo de lectura\" \/>\n\t<meta name=\"twitter:data1\" content=\"2 minutos\" \/>\n<script type=\"application\/ld+json\" class=\"yoast-schema-graph\">{\"@context\":\"https:\/\/schema.org\",\"@graph\":[{\"@type\":\"WebPage\",\"@id\":\"https:\/\/www.airchecklab.com\/es\/servicos\/fabricacion-iso-8573-1\/monitoreo-de-aire-comprimido-por-el-brc\/\",\"url\":\"https:\/\/www.airchecklab.com\/es\/servicos\/fabricacion-iso-8573-1\/monitoreo-de-aire-comprimido-por-el-brc\/\",\"name\":\"Monitoreo de Aire Comprimido por el BRC - Trace Analytics, the AirCheck Lab\",\"isPartOf\":{\"@id\":\"\/#website\"},\"datePublished\":\"2021-12-27T16:10:57+00:00\",\"dateModified\":\"2021-12-27T16:10:57+00:00\",\"description\":\"\u00a1El monitoreo de aire comprimido por el BRC es f\u00e1cil con los expertos de Trace Analytics!\",\"breadcrumb\":{\"@id\":\"https:\/\/www.airchecklab.com\/es\/servicos\/fabricacion-iso-8573-1\/monitoreo-de-aire-comprimido-por-el-brc\/#breadcrumb\"},\"inLanguage\":\"es\",\"potentialAction\":[{\"@type\":\"ReadAction\",\"target\":[\"https:\/\/www.airchecklab.com\/es\/servicos\/fabricacion-iso-8573-1\/monitoreo-de-aire-comprimido-por-el-brc\/\"]}]},{\"@type\":\"BreadcrumbList\",\"@id\":\"https:\/\/www.airchecklab.com\/es\/servicos\/fabricacion-iso-8573-1\/monitoreo-de-aire-comprimido-por-el-brc\/#breadcrumb\",\"itemListElement\":[{\"@type\":\"ListItem\",\"position\":1,\"name\":\"Home\",\"item\":\"https:\/\/www.airchecklab.com\/es\/analisis-de-seguimiento-pruebas-ambientales-y-de-aire-comprimido\/\"},{\"@type\":\"ListItem\",\"position\":2,\"name\":\"Servicos\",\"item\":\"https:\/\/www.airchecklab.com\/es\/servicos\/\"},{\"@type\":\"ListItem\",\"position\":3,\"name\":\"Fabricaci\u00f3n \/ ISO 8573-1\",\"item\":\"https:\/\/www.airchecklab.com\/es\/servicos\/fabricacion-iso-8573-1\/\"},{\"@type\":\"ListItem\",\"position\":4,\"name\":\"Monitoreo de Aire Comprimido por el BRC\"}]},{\"@type\":\"WebSite\",\"@id\":\"\/#website\",\"url\":\"\/\",\"name\":\"Trace Analytics, the AirCheck Lab\",\"description\":\"Compressed Air Testing for ISO 8573, Microbial, SQF, Breathing Air\",\"publisher\":{\"@id\":\"\/#organization\"},\"potentialAction\":[{\"@type\":\"SearchAction\",\"target\":{\"@type\":\"EntryPoint\",\"urlTemplate\":\"\/?s={search_term_string}\"},\"query-input\":\"required name=search_term_string\"}],\"inLanguage\":\"es\"},{\"@type\":\"Organization\",\"@id\":\"\/#organization\",\"name\":\"Trace Analytics, LLC\",\"url\":\"\/\",\"logo\":{\"@type\":\"ImageObject\",\"inLanguage\":\"es\",\"@id\":\"\/#\/schema\/logo\/image\/\",\"url\":\"https:\/\/www.airchecklab.com\/wp-content\/uploads\/2021\/08\/Blue-01.png\",\"contentUrl\":\"https:\/\/www.airchecklab.com\/wp-content\/uploads\/2021\/08\/Blue-01.png\",\"width\":1600,\"height\":301,\"caption\":\"Trace Analytics, LLC\"},\"image\":{\"@id\":\"\/#\/schema\/logo\/image\/\"}}]}<\/script>\n<!-- \/ Yoast SEO Premium plugin. -->","yoast_head_json":{"title":"Monitoreo de Aire Comprimido por el BRC - Trace Analytics, the AirCheck Lab","description":"\u00a1El monitoreo de aire comprimido por el BRC es f\u00e1cil con los expertos de Trace Analytics!","robots":{"index":"index","follow":"follow","max-snippet":"max-snippet:-1","max-image-preview":"max-image-preview:large","max-video-preview":"max-video-preview:-1"},"canonical":"https:\/\/www.airchecklab.com\/es\/servicos\/fabricacion-iso-8573-1\/monitoreo-de-aire-comprimido-por-el-brc\/","og_locale":"es_ES","og_type":"article","og_title":"Monitoreo de Aire Comprimido por el BRC","og_description":"\u00a1El monitoreo de aire comprimido por el BRC es f\u00e1cil con los expertos de Trace Analytics!","og_url":"https:\/\/www.airchecklab.com\/es\/servicos\/fabricacion-iso-8573-1\/monitoreo-de-aire-comprimido-por-el-brc\/","og_site_name":"Trace Analytics, the AirCheck Lab","og_image":[{"width":1600,"height":300,"url":"https:\/\/www.airchecklab.com\/wp-content\/uploads\/2018\/02\/banners-dive-01.jpg","type":"image\/jpeg"}],"twitter_card":"summary_large_image","twitter_misc":{"Tiempo de lectura":"2 minutos"},"schema":{"@context":"https:\/\/schema.org","@graph":[{"@type":"WebPage","@id":"https:\/\/www.airchecklab.com\/es\/servicos\/fabricacion-iso-8573-1\/monitoreo-de-aire-comprimido-por-el-brc\/","url":"https:\/\/www.airchecklab.com\/es\/servicos\/fabricacion-iso-8573-1\/monitoreo-de-aire-comprimido-por-el-brc\/","name":"Monitoreo de Aire Comprimido por el BRC - Trace Analytics, the AirCheck Lab","isPartOf":{"@id":"\/#website"},"datePublished":"2021-12-27T16:10:57+00:00","dateModified":"2021-12-27T16:10:57+00:00","description":"\u00a1El monitoreo de aire comprimido por el BRC es f\u00e1cil con los expertos de Trace Analytics!","breadcrumb":{"@id":"https:\/\/www.airchecklab.com\/es\/servicos\/fabricacion-iso-8573-1\/monitoreo-de-aire-comprimido-por-el-brc\/#breadcrumb"},"inLanguage":"es","potentialAction":[{"@type":"ReadAction","target":["https:\/\/www.airchecklab.com\/es\/servicos\/fabricacion-iso-8573-1\/monitoreo-de-aire-comprimido-por-el-brc\/"]}]},{"@type":"BreadcrumbList","@id":"https:\/\/www.airchecklab.com\/es\/servicos\/fabricacion-iso-8573-1\/monitoreo-de-aire-comprimido-por-el-brc\/#breadcrumb","itemListElement":[{"@type":"ListItem","position":1,"name":"Home","item":"https:\/\/www.airchecklab.com\/es\/analisis-de-seguimiento-pruebas-ambientales-y-de-aire-comprimido\/"},{"@type":"ListItem","position":2,"name":"Servicos","item":"https:\/\/www.airchecklab.com\/es\/servicos\/"},{"@type":"ListItem","position":3,"name":"Fabricaci\u00f3n \/ ISO 8573-1","item":"https:\/\/www.airchecklab.com\/es\/servicos\/fabricacion-iso-8573-1\/"},{"@type":"ListItem","position":4,"name":"Monitoreo de Aire Comprimido por el BRC"}]},{"@type":"WebSite","@id":"\/#website","url":"\/","name":"Trace Analytics, the AirCheck Lab","description":"Compressed Air Testing for ISO 8573, Microbial, SQF, Breathing Air","publisher":{"@id":"\/#organization"},"potentialAction":[{"@type":"SearchAction","target":{"@type":"EntryPoint","urlTemplate":"\/?s={search_term_string}"},"query-input":"required name=search_term_string"}],"inLanguage":"es"},{"@type":"Organization","@id":"\/#organization","name":"Trace Analytics, LLC","url":"\/","logo":{"@type":"ImageObject","inLanguage":"es","@id":"\/#\/schema\/logo\/image\/","url":"https:\/\/www.airchecklab.com\/wp-content\/uploads\/2021\/08\/Blue-01.png","contentUrl":"https:\/\/www.airchecklab.com\/wp-content\/uploads\/2021\/08\/Blue-01.png","width":1600,"height":301,"caption":"Trace Analytics, LLC"},"image":{"@id":"\/#\/schema\/logo\/image\/"}}]}},"_links":{"self":[{"href":"https:\/\/www.airchecklab.com\/es\/wp-json\/wp\/v2\/pages\/22674"}],"collection":[{"href":"https:\/\/www.airchecklab.com\/es\/wp-json\/wp\/v2\/pages"}],"about":[{"href":"https:\/\/www.airchecklab.com\/es\/wp-json\/wp\/v2\/types\/page"}],"author":[{"embeddable":true,"href":"https:\/\/www.airchecklab.com\/es\/wp-json\/wp\/v2\/users\/1"}],"replies":[{"embeddable":true,"href":"https:\/\/www.airchecklab.com\/es\/wp-json\/wp\/v2\/comments?post=22674"}],"version-history":[{"count":0,"href":"https:\/\/www.airchecklab.com\/es\/wp-json\/wp\/v2\/pages\/22674\/revisions"}],"up":[{"embeddable":true,"href":"https:\/\/www.airchecklab.com\/es\/wp-json\/wp\/v2\/pages\/22708"}],"wp:featuredmedia":[{"embeddable":true,"href":"https:\/\/www.airchecklab.com\/es\/wp-json\/wp\/v2\/media\/19699"}],"wp:attachment":[{"href":"https:\/\/www.airchecklab.com\/es\/wp-json\/wp\/v2\/media?parent=22674"}],"curies":[{"name":"wp","href":"https:\/\/api.w.org\/{rel}","templated":true}]}}