{"id":22676,"date":"2021-12-27T10:10:57","date_gmt":"2021-12-27T16:10:57","guid":{"rendered":"https:\/\/dev.airchecklab.com\/aire-respirable\/proteccion-contra-incendios-nfpa-1989\/"},"modified":"2021-12-27T10:10:57","modified_gmt":"2021-12-27T16:10:57","slug":"proteccion-contra-incendios-nfpa-1989","status":"publish","type":"page","link":"https:\/\/www.airchecklab.com\/es\/servicos\/aire-respirable\/proteccion-contra-incendios-nfpa-1989\/","title":{"rendered":"Protecci\u00f3n Contra Incendios \/ NFPA 1989"},"content":{"rendered":"<p>[blackbg]<\/p>\n<h1>An\u00e1lisis de Aire Comprimido con NFPA 1989<\/h1>\n<p><img decoding=\"async\" class=\"lazyload frame alignleft pad5\" alt=\"NFPA Memeber 2014\" src=\"data:image\/gif;base64,R0lGODlhAQABAAAAACH5BAEKAAEALAAAAAABAAEAAAICTAEAOw==\" data-orig-src=\"\/assets\/images\/nfpa.png\" width=\"120\">\u00bfPor qu\u00e9 tantos departamentos de bomberos conf\u00edan en [aircheck]Lab[\/aircheck] ?<\/p>\n<p>Clientes alrededor del mundo hablan del gran servicio al cliente, la rapidez de la entrega de resultados por medio de <a href=\"https:\/\/www.airchecklab.com\/resources\/example-reports\/\">Reportes<\/a>[aircheck][\/aircheck] , el <a href=\"https:\/\/www.airchecklab.com\/?page_id=8699\">equipo de toma de muestra f\u00e1cil de usar<\/a> , y la confiabilidad de los resultados anal\u00edticos que ofrece Trace Analytics.<\/p>\n<p>Una gran parte de nuestros nuevos negocios se debe hacer recomendaciones de clientes satisfechos. Esto es un gran testimonio a nuestro <a href=\"\/contact-an-expert\/our-team-of-experts\">equipo de expertos<\/a> . Como nuestra compa\u00f1\u00eda est\u00e1 dedicada a un solo servicio, no es de extra\u00f1ar que podemos satisfacer tus necesidades de aire comprimido de un modo m\u00e1s eficiente que cualquiera.<\/p>\n<p>El <a href=\"https:\/\/www.airchecklab.com\/?page_id=8699\"><span class=\"aircheck\">AirCheck <span class=\"tracecheck\">\u2713<\/span> Kit &#x2122;<\/span><\/a> es f\u00e1cil de usar y est\u00e1 dise\u00f1ado para recolectar una muestra de aire que sea representativa del aire que es usado para rellenar los SCBAs (equipos de respiraci\u00f3n aut\u00f3noma). Puedes usar el kit para comprobar la calidad del aire respirable que sale de tus compresores o sistemas de llenado en cascada. Tenemos a dos miembros en el Technical Committee on Respiratory Protection Equipment (Comit\u00e9 T\u00e9cnico para Equipo de Protecci\u00f3n Respiratoria) el cual es responsable de la norma NFPA 1989. Nos hemos asegurado de que el <span class=\"aircheck\">AirCheck <span class=\"tracecheck\">\u2713<\/span> Kit &#x2122;<\/span> cumpla con la norma NFPA 1989 en los requerimientos de la toma de muestra y el an\u00e1lisis. Estamos muy familiarizados con el <a href=\"https:\/\/www.airchecklab.com\/?page_id=9107\">an\u00e1lisis de aire<\/a> &#8211; \u00a1Es nuestro trabajo! Puedes confiar en nosotros para ayudarte a garantizar la seguridad de tu suministro de aire respirable comprimido. <\/p>\n<div class=\"center\"><a class=\"medium blue button\" href=\"https:\/\/www.airchecklab.com\/?page_id=8699\">Precios<\/a><\/div>\n<p>[\/blackbg]<\/p>\n<p>[lightbg]<\/p>\n<h1>Normas del Aire Comprimido para la Industria de Protecci\u00f3n contra Incendios<\/h1>\n<p>En Trace Analytics, LLC hacemos an\u00e1lisis para verificar el cumplimiento de una gran variedad de normas y especificaciones. Algunas de las normas m\u00e1s usadas en la industria de protecci\u00f3n contra incendios son las siguientes:<\/p>\n<p>\t[IncludeSpec spec=&#8221;scba-sm&#8221;]<br \/>\n[\/lightbg]<\/p>\n<p>[blackbg]<\/p>\n<h1>V\u00eddeos del An\u00e1lisis de Aire Comprimido Seg\u00fan NFPA 1989<\/h1>\n<p>\t[video_youtube video_id=&#8221;YxERUy12N6Y&#8221; width=&#8221;460&#8243; height=&#8221;259&#8243; title=&#8221;NFPA 1989 Edici\u00f3n 2013&#8243;]<\/p>\n<p>\t[one_third][video_youtube video_id=&#8221;krQ-qPnp9_Y&#8221; width=&#8221;460&#8243; height=&#8221;259&#8243; title=&#8221;Por qu\u00e9 analizamos en base a NFPA 1989&#8243;][\/one_third]<br \/>\n\t[one_third][video_youtube video_id=&#8221;U3S1OtYD5CI&#8221; width=&#8221;460&#8243; height=&#8221;259&#8243; title=&#8221;La toma de muestras es f\u00e1cil&#8221;][\/one_third]<br \/>\n\t[one_third_last][video_youtube video_id=&#8221;Oy8boz-bD5I&#8221; width=&#8221;460&#8243; height=&#8221;259&#8243; title=&#8221;An\u00e1lisis de aire respirable usando NFPA 1989  &#8220;][\/one_third_last]<br \/>\n[\/blackbg]<\/p>\n<p>[lightbg]<br \/>\n\t<!--[if lte IE 8]>\n\t\t<script charset=\"utf-8\" type=\"text\/javascript\" src=\"\/\/js.hsforms.net\/forms\/v2-legacy.js\"><\/script>\n\t<![endif]--><br \/>\n\t<script charset=\"utf-8\" type=\"text\/javascript\" src=\"\/\/js.hsforms.net\/forms\/v2.js\"><\/script><br \/>\n\t<script>\n\t\thbspt.forms.create({\n\t\t\tportalId: \"4558619\",\n\t\t\tformId: \"03e1782a-aa51-461e-b5d8-40699379c04b\"\n\t\t\t});\n\t<\/script><br \/>\n\t<br class=\"clearfix marb20\"><br \/>\n\t[ShowAllSiblings title=&#8221;Otros Servicios de An\u00e1lisis de Aire Comprimido:&#8221;]<br \/>\n[\/lightbg]<\/p>\n","protected":false},"excerpt":{"rendered":"<p>[blackbg] An\u00e1lisis de Aire Comprimido con NFPA 1989 \u00bfPor qu\u00e9 tantos departamentos de bomberos conf\u00edan en [aircheck]Lab[\/aircheck] ? Clientes alrededor del mundo hablan del gran servicio al cliente, la rapidez de la entrega de resultados por medio de Reportes[aircheck][\/aircheck] , el equipo de toma de muestra f\u00e1cil de usar , y la confiabilidad de los resultados anal\u00edticos que ofrece Trace Analytics. Una gran parte de nuestros nuevos negocios se debe hacer recomendaciones de clientes satisfechos. Esto es un gran testimonio [&hellip;]<\/p>\n","protected":false},"author":1,"featured_media":19699,"parent":22669,"menu_order":0,"comment_status":"closed","ping_status":"closed","template":"100-width.php","meta":{"content-type":""},"yoast_head":"<!-- This site is optimized with the Yoast SEO Premium plugin v20.0 (Yoast SEO v20.0) - https:\/\/yoast.com\/wordpress\/plugins\/seo\/ -->\n<title>Protecci\u00f3n Contra Incendios \/ NFPA 1989 - Trace Analytics, the AirCheck Lab<\/title>\n<meta name=\"description\" content=\"El An\u00e1lisis de Aire Comprimido seg\u00fan NFPA 1989 es F\u00e1cil\" \/>\n<meta name=\"robots\" content=\"index, follow, max-snippet:-1, max-image-preview:large, max-video-preview:-1\" \/>\n<link rel=\"canonical\" href=\"https:\/\/www.airchecklab.com\/es\/servicos\/aire-respirable\/proteccion-contra-incendios-nfpa-1989\/\" \/>\n<meta property=\"og:locale\" content=\"es_ES\" \/>\n<meta property=\"og:type\" content=\"article\" \/>\n<meta property=\"og:title\" content=\"Protecci\u00f3n Contra Incendios \/ NFPA 1989\" \/>\n<meta property=\"og:description\" content=\"El An\u00e1lisis de Aire Comprimido seg\u00fan NFPA 1989 es F\u00e1cil\" \/>\n<meta property=\"og:url\" content=\"https:\/\/www.airchecklab.com\/es\/servicos\/aire-respirable\/proteccion-contra-incendios-nfpa-1989\/\" \/>\n<meta property=\"og:site_name\" content=\"Trace Analytics, the AirCheck Lab\" \/>\n<meta property=\"og:image\" content=\"https:\/\/www.airchecklab.com\/wp-content\/uploads\/2018\/02\/banners-dive-01.jpg\" \/>\n\t<meta property=\"og:image:width\" content=\"1600\" \/>\n\t<meta property=\"og:image:height\" content=\"300\" \/>\n\t<meta property=\"og:image:type\" content=\"image\/jpeg\" \/>\n<meta name=\"twitter:card\" content=\"summary_large_image\" \/>\n<meta name=\"twitter:label1\" content=\"Tiempo de lectura\" \/>\n\t<meta name=\"twitter:data1\" content=\"2 minutos\" \/>\n<script type=\"application\/ld+json\" class=\"yoast-schema-graph\">{\"@context\":\"https:\/\/schema.org\",\"@graph\":[{\"@type\":\"WebPage\",\"@id\":\"https:\/\/www.airchecklab.com\/es\/servicos\/aire-respirable\/proteccion-contra-incendios-nfpa-1989\/\",\"url\":\"https:\/\/www.airchecklab.com\/es\/servicos\/aire-respirable\/proteccion-contra-incendios-nfpa-1989\/\",\"name\":\"Protecci\u00f3n Contra Incendios \/ NFPA 1989 - Trace Analytics, the AirCheck Lab\",\"isPartOf\":{\"@id\":\"\/#website\"},\"datePublished\":\"2021-12-27T16:10:57+00:00\",\"dateModified\":\"2021-12-27T16:10:57+00:00\",\"description\":\"El An\u00e1lisis de Aire Comprimido seg\u00fan NFPA 1989 es F\u00e1cil\",\"breadcrumb\":{\"@id\":\"https:\/\/www.airchecklab.com\/es\/servicos\/aire-respirable\/proteccion-contra-incendios-nfpa-1989\/#breadcrumb\"},\"inLanguage\":\"es\",\"potentialAction\":[{\"@type\":\"ReadAction\",\"target\":[\"https:\/\/www.airchecklab.com\/es\/servicos\/aire-respirable\/proteccion-contra-incendios-nfpa-1989\/\"]}]},{\"@type\":\"BreadcrumbList\",\"@id\":\"https:\/\/www.airchecklab.com\/es\/servicos\/aire-respirable\/proteccion-contra-incendios-nfpa-1989\/#breadcrumb\",\"itemListElement\":[{\"@type\":\"ListItem\",\"position\":1,\"name\":\"Home\",\"item\":\"https:\/\/www.airchecklab.com\/es\/analisis-de-seguimiento-pruebas-ambientales-y-de-aire-comprimido\/\"},{\"@type\":\"ListItem\",\"position\":2,\"name\":\"Servicos\",\"item\":\"https:\/\/www.airchecklab.com\/es\/servicos\/\"},{\"@type\":\"ListItem\",\"position\":3,\"name\":\"Aire respirable\",\"item\":\"https:\/\/www.airchecklab.com\/es\/servicos\/aire-respirable\/\"},{\"@type\":\"ListItem\",\"position\":4,\"name\":\"Protecci\u00f3n Contra Incendios \/ NFPA 1989\"}]},{\"@type\":\"WebSite\",\"@id\":\"\/#website\",\"url\":\"\/\",\"name\":\"Trace Analytics, the AirCheck Lab\",\"description\":\"Compressed Air Testing for ISO 8573, Microbial, SQF, Breathing Air\",\"publisher\":{\"@id\":\"\/#organization\"},\"potentialAction\":[{\"@type\":\"SearchAction\",\"target\":{\"@type\":\"EntryPoint\",\"urlTemplate\":\"\/?s={search_term_string}\"},\"query-input\":\"required name=search_term_string\"}],\"inLanguage\":\"es\"},{\"@type\":\"Organization\",\"@id\":\"\/#organization\",\"name\":\"Trace Analytics, LLC\",\"url\":\"\/\",\"logo\":{\"@type\":\"ImageObject\",\"inLanguage\":\"es\",\"@id\":\"\/#\/schema\/logo\/image\/\",\"url\":\"https:\/\/www.airchecklab.com\/wp-content\/uploads\/2021\/08\/Blue-01.png\",\"contentUrl\":\"https:\/\/www.airchecklab.com\/wp-content\/uploads\/2021\/08\/Blue-01.png\",\"width\":1600,\"height\":301,\"caption\":\"Trace Analytics, LLC\"},\"image\":{\"@id\":\"\/#\/schema\/logo\/image\/\"}}]}<\/script>\n<!-- \/ Yoast SEO Premium plugin. -->","yoast_head_json":{"title":"Protecci\u00f3n Contra Incendios \/ NFPA 1989 - Trace Analytics, the AirCheck Lab","description":"El An\u00e1lisis de Aire Comprimido seg\u00fan NFPA 1989 es F\u00e1cil","robots":{"index":"index","follow":"follow","max-snippet":"max-snippet:-1","max-image-preview":"max-image-preview:large","max-video-preview":"max-video-preview:-1"},"canonical":"https:\/\/www.airchecklab.com\/es\/servicos\/aire-respirable\/proteccion-contra-incendios-nfpa-1989\/","og_locale":"es_ES","og_type":"article","og_title":"Protecci\u00f3n Contra Incendios \/ NFPA 1989","og_description":"El An\u00e1lisis de Aire Comprimido seg\u00fan NFPA 1989 es F\u00e1cil","og_url":"https:\/\/www.airchecklab.com\/es\/servicos\/aire-respirable\/proteccion-contra-incendios-nfpa-1989\/","og_site_name":"Trace Analytics, the AirCheck Lab","og_image":[{"width":1600,"height":300,"url":"https:\/\/www.airchecklab.com\/wp-content\/uploads\/2018\/02\/banners-dive-01.jpg","type":"image\/jpeg"}],"twitter_card":"summary_large_image","twitter_misc":{"Tiempo de lectura":"2 minutos"},"schema":{"@context":"https:\/\/schema.org","@graph":[{"@type":"WebPage","@id":"https:\/\/www.airchecklab.com\/es\/servicos\/aire-respirable\/proteccion-contra-incendios-nfpa-1989\/","url":"https:\/\/www.airchecklab.com\/es\/servicos\/aire-respirable\/proteccion-contra-incendios-nfpa-1989\/","name":"Protecci\u00f3n Contra Incendios \/ NFPA 1989 - Trace Analytics, the AirCheck Lab","isPartOf":{"@id":"\/#website"},"datePublished":"2021-12-27T16:10:57+00:00","dateModified":"2021-12-27T16:10:57+00:00","description":"El An\u00e1lisis de Aire Comprimido seg\u00fan NFPA 1989 es F\u00e1cil","breadcrumb":{"@id":"https:\/\/www.airchecklab.com\/es\/servicos\/aire-respirable\/proteccion-contra-incendios-nfpa-1989\/#breadcrumb"},"inLanguage":"es","potentialAction":[{"@type":"ReadAction","target":["https:\/\/www.airchecklab.com\/es\/servicos\/aire-respirable\/proteccion-contra-incendios-nfpa-1989\/"]}]},{"@type":"BreadcrumbList","@id":"https:\/\/www.airchecklab.com\/es\/servicos\/aire-respirable\/proteccion-contra-incendios-nfpa-1989\/#breadcrumb","itemListElement":[{"@type":"ListItem","position":1,"name":"Home","item":"https:\/\/www.airchecklab.com\/es\/analisis-de-seguimiento-pruebas-ambientales-y-de-aire-comprimido\/"},{"@type":"ListItem","position":2,"name":"Servicos","item":"https:\/\/www.airchecklab.com\/es\/servicos\/"},{"@type":"ListItem","position":3,"name":"Aire respirable","item":"https:\/\/www.airchecklab.com\/es\/servicos\/aire-respirable\/"},{"@type":"ListItem","position":4,"name":"Protecci\u00f3n Contra Incendios \/ NFPA 1989"}]},{"@type":"WebSite","@id":"\/#website","url":"\/","name":"Trace Analytics, the AirCheck Lab","description":"Compressed Air Testing for ISO 8573, Microbial, SQF, Breathing Air","publisher":{"@id":"\/#organization"},"potentialAction":[{"@type":"SearchAction","target":{"@type":"EntryPoint","urlTemplate":"\/?s={search_term_string}"},"query-input":"required name=search_term_string"}],"inLanguage":"es"},{"@type":"Organization","@id":"\/#organization","name":"Trace Analytics, LLC","url":"\/","logo":{"@type":"ImageObject","inLanguage":"es","@id":"\/#\/schema\/logo\/image\/","url":"https:\/\/www.airchecklab.com\/wp-content\/uploads\/2021\/08\/Blue-01.png","contentUrl":"https:\/\/www.airchecklab.com\/wp-content\/uploads\/2021\/08\/Blue-01.png","width":1600,"height":301,"caption":"Trace Analytics, LLC"},"image":{"@id":"\/#\/schema\/logo\/image\/"}}]}},"_links":{"self":[{"href":"https:\/\/www.airchecklab.com\/es\/wp-json\/wp\/v2\/pages\/22676"}],"collection":[{"href":"https:\/\/www.airchecklab.com\/es\/wp-json\/wp\/v2\/pages"}],"about":[{"href":"https:\/\/www.airchecklab.com\/es\/wp-json\/wp\/v2\/types\/page"}],"author":[{"embeddable":true,"href":"https:\/\/www.airchecklab.com\/es\/wp-json\/wp\/v2\/users\/1"}],"replies":[{"embeddable":true,"href":"https:\/\/www.airchecklab.com\/es\/wp-json\/wp\/v2\/comments?post=22676"}],"version-history":[{"count":0,"href":"https:\/\/www.airchecklab.com\/es\/wp-json\/wp\/v2\/pages\/22676\/revisions"}],"up":[{"embeddable":true,"href":"https:\/\/www.airchecklab.com\/es\/wp-json\/wp\/v2\/pages\/22669"}],"wp:featuredmedia":[{"embeddable":true,"href":"https:\/\/www.airchecklab.com\/es\/wp-json\/wp\/v2\/media\/19699"}],"wp:attachment":[{"href":"https:\/\/www.airchecklab.com\/es\/wp-json\/wp\/v2\/media?parent=22676"}],"curies":[{"name":"wp","href":"https:\/\/api.w.org\/{rel}","templated":true}]}}