{"id":22677,"date":"2021-12-27T10:10:57","date_gmt":"2021-12-27T16:10:57","guid":{"rendered":"https:\/\/dev.airchecklab.com\/manufactura\/"},"modified":"2021-12-27T10:10:57","modified_gmt":"2021-12-27T16:10:57","slug":"manufactura","status":"publish","type":"page","link":"https:\/\/www.airchecklab.com\/es\/servicos\/fabricacion-iso-8573-1\/manufactura\/","title":{"rendered":"Manufactura"},"content":{"rendered":"<p>[blackbg]<\/p>\n<h1>An\u00e1lisis de Aire de Acuerdo a ISO 8573 para F\u00e1bricas<\/h1>\n<p>Si el aire comprimido se usa en contacto directo o indirecto con tu proceso o producto final, es necesario establecer y mantener un nivel m\u00ednimo aceptable de al calidad de aire.<\/p>\n<p>El aire comprimido es una utilidad de suma importancia usada en la mayor\u00eda de las instalaciones de fabricaci\u00f3n. A menudo se pasa por alto y no se identifica como un punto de control cr\u00edtico. Los contaminantes del aire comprimido incluyen, pero no est\u00e1n limitados a: Part\u00edculas (polvo, \u00f3xido, sarro de tuber\u00edas), Agua (en vapor y l\u00edquida), Aceite (en aerosol, vapor y l\u00edquido), Microorganismos y Gases para algunos productos. La falta de supervisi\u00f3n y control de los contaminantes puede resultar en la contaminaci\u00f3n de tu producto, deterioro en el rendimiento del equipo cr\u00edtico, p\u00e9rdida de tiempo de producci\u00f3n, retiradas de productos, da\u00f1os al consumidor, demandas legales, o algo peor. Ve a <a href=\"https:\/\/www.airchecklab.com\/aircheck-academy\/compressed-air-in-manufacturing\/sources-of-contamination\/sources-of-contamination-in-manufacturing\/\">Fuentes de Contaminaci\u00f3n en la Manufactura<\/a> para obtener informaci\u00f3n sobre c\u00f3mo identificar y remediar estos problemas.<\/p>\n<p>Algunos ejemplos de industrias que usan aire comprimido en procesos de fabricaci\u00f3n cr\u00edticos incluyen Alimentos, Automotriz, Bebidas, Dispositivos M\u00e9dicos, Electr\u00f3nica, Empaquetados, Farmac\u00e9utica, Generaci\u00f3n de Energ\u00eda, Nutrac\u00e9utica, \u00d3pticos L\u00e1ser, Qu\u00edmica y muchas m\u00e1s.<\/p>\n<p>[\/blackbg]<\/p>\n<p>[lightbg]<\/p>\n<h1>An\u00e1lisis de Aire Comprimido con los [aircheck]Kits[\/aircheck]<\/h1>\n<p>Trace Analytics ha desarrollado el <a href=\"https:\/\/www.airchecklab.com\/aircheck-kits\/k810\/#K810\"><span class=\"aircheck\">AirCheck <span class=\"tracecheck\">\u2713<\/span> Kit &#x2122;<\/span> K810<\/a> y el <a href=\"https:\/\/www.airchecklab.com\/aircheck-kits\/k810\/#K811\">K811<\/a> para la recolecci\u00f3n de muestras en puntos de uso de salidas de aire comprimido a baja presi\u00f3n de acuerdo a la norma ISO 8573. El <span class=\"aircheck\">AirCheck <span class=\"tracecheck\">\u2713<\/span> Kit &#x2122;<\/span> y los est\u00e1ndares de calidad de ISO 8573-1 pueden cumplir con los protocolos de instalaci\u00f3n, verificaci\u00f3n, y desempe\u00f1o de tu sistema de aire comprimido.<\/p>\n<p>Los <a href=\"https:\/\/www.airchecklab.com\/aircheck-kits\/k810\/\"><span class=\"aircheck\">modelos K810 del AirCheck <span class=\"tracecheck\">\u2713<\/span> Kit &#x2122;<\/span><\/a> han sido dise\u00f1ados para tomar muestras de part\u00edculas, agua y aceite de tu aire comprimido en los puntos de uso. El <a href=\"https:\/\/www.airchecklab.com\/aircheck-kits\/k810\/#K811\">modelo K811<\/a> tambi\u00e9n tiene la capacidad de tomar muestras de una gran variedad de gases. Puedes comprar o rentar los kits.<\/p>\n<p>Tus empleados pueden recolectar las muestras de aire usando nuestros videos detallados de <a href=\"https:\/\/www.airchecklab.com\/aircheck-academy\/\">Como Tomar Muestras de Aire<\/a> y con nuestras <a href=\"https:\/\/www.airchecklab.com\/resources\/data-sheets\/\">Instrucciones de Recolecci\u00f3n de Muestras<\/a> incluidas con cada kit. Tambi\u00e9n tenemos una amplia red de <span class=\"aircheck\">Distribuidores AirCheck <span class=\"tracecheck\">\u2713<\/span> &#x2122;<\/span> independientes los cuales ofrecen servicios de recolecci\u00f3n de muestras de aire &#8211; <a href=\"https:\/\/www.airchecklab.com\/?page_id=7408\">Cont\u00e1ctanos<\/a> para encontrar a uno cerca de ti. Las muestras se le env\u00edan al <a href=\"https:\/\/www.airchecklab.com\/?page_id=8635\">laboratorio acreditado por A2LA<\/a> de Trace para ser analizadas y comparadas con las clases de pureza de ISO 8573-1, una l\u00ednea base o tus propias especificaciones.<\/p>\n<div class=\"center\"><a class=\"medium blue button\" href=\"https:\/\/buy.airchecklab.com\/manufacturing\/\">Obt\u00e9n An\u00e1lisis de Aire Comprimido<\/a><\/div>\n<p>[\/lightbg]<\/p>\n<p>[blackbg]<\/p>\n<h1>Somos Expertos en el An\u00e1lisis de Aire Comprimido<\/h1>\n<p>Si no est\u00e1s seguro de que est\u00e1ndares debes de cumplir, te podemos ayudar. Nuestro <a href=\"https:\/\/www.airchecklab.com\/?page_id=8676\"><span class=\"aircheck\">Equipo de Expertos AirCheck <span class=\"tracecheck\">\u2713<\/span> &#x2122;<\/span><\/a> trabaja con clientes de cada industria en todo el mundo. Si tienes preguntas, estamos disponibles para contestarlas. Ll\u00e1manos por tel\u00e9fono al 1-800-247-1024 x3 o <a href=\"https:\/\/www.airchecklab.com\/?page_id=7408\">Cont\u00e1ctanos<\/a> .<\/p>\n<p>Si no ves tu industria mencionada en nuestra p\u00e1gina de internet, llena la forma de contacto a continuaci\u00f3n y con gusto hablaremos de lo que necesitas.<\/p>\n<p>Trace Analytics, LLC puede realizar an\u00e1lisis para una gran cantidad de normas y especificaciones. Algunos ejemplos de las normas usadas exclusivamente en la manufactura son las siguientes:<\/p>\n<p>\t[IncludeSpec spec=&#8221;iso&#8221;]<br \/>\n[\/blackbg]<\/p>\n<p>[lightbg]<br \/>\n\t<!--[if lte IE 8]>\n\t\t<script charset=\"utf-8\" type=\"text\/javascript\" src=\"\/\/js.hsforms.net\/forms\/v2-legacy.js\"><\/script>\n\t<![endif]--><br \/>\n\t<script charset=\"utf-8\" type=\"text\/javascript\" src=\"\/\/js.hsforms.net\/forms\/v2.js\"><\/script><br \/>\n\t<script>\n\t\thbspt.forms.create({\n\t\t\tportalId: \"4558619\",\n\t\t\tformId: \"03e1782a-aa51-461e-b5d8-40699379c04b\"\n\t\t\t});\n\t<\/script><br \/>\n\t[ShowAllSiblings title=&#8221;Other Testing Services:&#8221;]<br \/>\n[\/lightbg]<\/p>\n","protected":false},"excerpt":{"rendered":"<p>[blackbg] An\u00e1lisis de Aire de Acuerdo a ISO 8573 para F\u00e1bricas Si el aire comprimido se usa en contacto directo o indirecto con tu proceso o producto final, es necesario establecer y mantener un nivel m\u00ednimo aceptable de al calidad de aire. El aire comprimido es una utilidad de suma importancia usada en la mayor\u00eda de las instalaciones de fabricaci\u00f3n. A menudo se pasa por alto y no se identifica como un punto de control cr\u00edtico. Los contaminantes del aire [&hellip;]<\/p>\n","protected":false},"author":1,"featured_media":0,"parent":22708,"menu_order":0,"comment_status":"closed","ping_status":"open","template":"","meta":{"content-type":""},"yoast_head":"<!-- This site is optimized with the Yoast SEO Premium plugin v20.0 (Yoast SEO v20.0) - https:\/\/yoast.com\/wordpress\/plugins\/seo\/ -->\n<title>Manufactura - Trace Analytics, the AirCheck Lab<\/title>\n<meta name=\"description\" content=\"El proceso de an\u00e1lisis de aire usando la norma ISO 8573 es f\u00e1cil con el AirCheck Kit. An\u00e1lisis de aire para fabricaci\u00f3n mediante contacto directo e indirecto de aire comprimido.\" \/>\n<meta name=\"robots\" content=\"index, follow, max-snippet:-1, max-image-preview:large, max-video-preview:-1\" \/>\n<link rel=\"canonical\" href=\"https:\/\/www.airchecklab.com\/es\/servicos\/fabricacion-iso-8573-1\/manufactura\/\" \/>\n<meta property=\"og:locale\" content=\"es_ES\" \/>\n<meta property=\"og:type\" content=\"article\" \/>\n<meta property=\"og:title\" content=\"Manufactura\" \/>\n<meta property=\"og:description\" content=\"El proceso de an\u00e1lisis de aire usando la norma ISO 8573 es f\u00e1cil con el AirCheck Kit. An\u00e1lisis de aire para fabricaci\u00f3n mediante contacto directo e indirecto de aire comprimido.\" \/>\n<meta property=\"og:url\" content=\"https:\/\/www.airchecklab.com\/es\/servicos\/fabricacion-iso-8573-1\/manufactura\/\" \/>\n<meta property=\"og:site_name\" content=\"Trace Analytics, the AirCheck Lab\" \/>\n<meta name=\"twitter:card\" content=\"summary_large_image\" \/>\n<meta name=\"twitter:label1\" content=\"Tiempo de lectura\" \/>\n\t<meta name=\"twitter:data1\" content=\"3 minutos\" \/>\n<script type=\"application\/ld+json\" class=\"yoast-schema-graph\">{\"@context\":\"https:\/\/schema.org\",\"@graph\":[{\"@type\":\"WebPage\",\"@id\":\"https:\/\/www.airchecklab.com\/es\/servicos\/fabricacion-iso-8573-1\/manufactura\/\",\"url\":\"https:\/\/www.airchecklab.com\/es\/servicos\/fabricacion-iso-8573-1\/manufactura\/\",\"name\":\"Manufactura - Trace Analytics, the AirCheck Lab\",\"isPartOf\":{\"@id\":\"\/#website\"},\"datePublished\":\"2021-12-27T16:10:57+00:00\",\"dateModified\":\"2021-12-27T16:10:57+00:00\",\"description\":\"El proceso de an\u00e1lisis de aire usando la norma ISO 8573 es f\u00e1cil con el AirCheck Kit. An\u00e1lisis de aire para fabricaci\u00f3n mediante contacto directo e indirecto de aire comprimido.\",\"breadcrumb\":{\"@id\":\"https:\/\/www.airchecklab.com\/es\/servicos\/fabricacion-iso-8573-1\/manufactura\/#breadcrumb\"},\"inLanguage\":\"es\",\"potentialAction\":[{\"@type\":\"ReadAction\",\"target\":[\"https:\/\/www.airchecklab.com\/es\/servicos\/fabricacion-iso-8573-1\/manufactura\/\"]}]},{\"@type\":\"BreadcrumbList\",\"@id\":\"https:\/\/www.airchecklab.com\/es\/servicos\/fabricacion-iso-8573-1\/manufactura\/#breadcrumb\",\"itemListElement\":[{\"@type\":\"ListItem\",\"position\":1,\"name\":\"Home\",\"item\":\"https:\/\/www.airchecklab.com\/es\/analisis-de-seguimiento-pruebas-ambientales-y-de-aire-comprimido\/\"},{\"@type\":\"ListItem\",\"position\":2,\"name\":\"Servicos\",\"item\":\"https:\/\/www.airchecklab.com\/es\/servicos\/\"},{\"@type\":\"ListItem\",\"position\":3,\"name\":\"Fabricaci\u00f3n \/ ISO 8573-1\",\"item\":\"https:\/\/www.airchecklab.com\/es\/servicos\/fabricacion-iso-8573-1\/\"},{\"@type\":\"ListItem\",\"position\":4,\"name\":\"Manufactura\"}]},{\"@type\":\"WebSite\",\"@id\":\"\/#website\",\"url\":\"\/\",\"name\":\"Trace Analytics, the AirCheck Lab\",\"description\":\"Compressed Air Testing for ISO 8573, Microbial, SQF, Breathing Air\",\"publisher\":{\"@id\":\"\/#organization\"},\"potentialAction\":[{\"@type\":\"SearchAction\",\"target\":{\"@type\":\"EntryPoint\",\"urlTemplate\":\"\/?s={search_term_string}\"},\"query-input\":\"required name=search_term_string\"}],\"inLanguage\":\"es\"},{\"@type\":\"Organization\",\"@id\":\"\/#organization\",\"name\":\"Trace Analytics, LLC\",\"url\":\"\/\",\"logo\":{\"@type\":\"ImageObject\",\"inLanguage\":\"es\",\"@id\":\"\/#\/schema\/logo\/image\/\",\"url\":\"https:\/\/www.airchecklab.com\/wp-content\/uploads\/2021\/08\/Blue-01.png\",\"contentUrl\":\"https:\/\/www.airchecklab.com\/wp-content\/uploads\/2021\/08\/Blue-01.png\",\"width\":1600,\"height\":301,\"caption\":\"Trace Analytics, LLC\"},\"image\":{\"@id\":\"\/#\/schema\/logo\/image\/\"}}]}<\/script>\n<!-- \/ Yoast SEO Premium plugin. -->","yoast_head_json":{"title":"Manufactura - Trace Analytics, the AirCheck Lab","description":"El proceso de an\u00e1lisis de aire usando la norma ISO 8573 es f\u00e1cil con el AirCheck Kit. An\u00e1lisis de aire para fabricaci\u00f3n mediante contacto directo e indirecto de aire comprimido.","robots":{"index":"index","follow":"follow","max-snippet":"max-snippet:-1","max-image-preview":"max-image-preview:large","max-video-preview":"max-video-preview:-1"},"canonical":"https:\/\/www.airchecklab.com\/es\/servicos\/fabricacion-iso-8573-1\/manufactura\/","og_locale":"es_ES","og_type":"article","og_title":"Manufactura","og_description":"El proceso de an\u00e1lisis de aire usando la norma ISO 8573 es f\u00e1cil con el AirCheck Kit. An\u00e1lisis de aire para fabricaci\u00f3n mediante contacto directo e indirecto de aire comprimido.","og_url":"https:\/\/www.airchecklab.com\/es\/servicos\/fabricacion-iso-8573-1\/manufactura\/","og_site_name":"Trace Analytics, the AirCheck Lab","twitter_card":"summary_large_image","twitter_misc":{"Tiempo de lectura":"3 minutos"},"schema":{"@context":"https:\/\/schema.org","@graph":[{"@type":"WebPage","@id":"https:\/\/www.airchecklab.com\/es\/servicos\/fabricacion-iso-8573-1\/manufactura\/","url":"https:\/\/www.airchecklab.com\/es\/servicos\/fabricacion-iso-8573-1\/manufactura\/","name":"Manufactura - Trace Analytics, the AirCheck Lab","isPartOf":{"@id":"\/#website"},"datePublished":"2021-12-27T16:10:57+00:00","dateModified":"2021-12-27T16:10:57+00:00","description":"El proceso de an\u00e1lisis de aire usando la norma ISO 8573 es f\u00e1cil con el AirCheck Kit. An\u00e1lisis de aire para fabricaci\u00f3n mediante contacto directo e indirecto de aire comprimido.","breadcrumb":{"@id":"https:\/\/www.airchecklab.com\/es\/servicos\/fabricacion-iso-8573-1\/manufactura\/#breadcrumb"},"inLanguage":"es","potentialAction":[{"@type":"ReadAction","target":["https:\/\/www.airchecklab.com\/es\/servicos\/fabricacion-iso-8573-1\/manufactura\/"]}]},{"@type":"BreadcrumbList","@id":"https:\/\/www.airchecklab.com\/es\/servicos\/fabricacion-iso-8573-1\/manufactura\/#breadcrumb","itemListElement":[{"@type":"ListItem","position":1,"name":"Home","item":"https:\/\/www.airchecklab.com\/es\/analisis-de-seguimiento-pruebas-ambientales-y-de-aire-comprimido\/"},{"@type":"ListItem","position":2,"name":"Servicos","item":"https:\/\/www.airchecklab.com\/es\/servicos\/"},{"@type":"ListItem","position":3,"name":"Fabricaci\u00f3n \/ ISO 8573-1","item":"https:\/\/www.airchecklab.com\/es\/servicos\/fabricacion-iso-8573-1\/"},{"@type":"ListItem","position":4,"name":"Manufactura"}]},{"@type":"WebSite","@id":"\/#website","url":"\/","name":"Trace Analytics, the AirCheck Lab","description":"Compressed Air Testing for ISO 8573, Microbial, SQF, Breathing Air","publisher":{"@id":"\/#organization"},"potentialAction":[{"@type":"SearchAction","target":{"@type":"EntryPoint","urlTemplate":"\/?s={search_term_string}"},"query-input":"required name=search_term_string"}],"inLanguage":"es"},{"@type":"Organization","@id":"\/#organization","name":"Trace Analytics, LLC","url":"\/","logo":{"@type":"ImageObject","inLanguage":"es","@id":"\/#\/schema\/logo\/image\/","url":"https:\/\/www.airchecklab.com\/wp-content\/uploads\/2021\/08\/Blue-01.png","contentUrl":"https:\/\/www.airchecklab.com\/wp-content\/uploads\/2021\/08\/Blue-01.png","width":1600,"height":301,"caption":"Trace Analytics, LLC"},"image":{"@id":"\/#\/schema\/logo\/image\/"}}]}},"_links":{"self":[{"href":"https:\/\/www.airchecklab.com\/es\/wp-json\/wp\/v2\/pages\/22677"}],"collection":[{"href":"https:\/\/www.airchecklab.com\/es\/wp-json\/wp\/v2\/pages"}],"about":[{"href":"https:\/\/www.airchecklab.com\/es\/wp-json\/wp\/v2\/types\/page"}],"author":[{"embeddable":true,"href":"https:\/\/www.airchecklab.com\/es\/wp-json\/wp\/v2\/users\/1"}],"replies":[{"embeddable":true,"href":"https:\/\/www.airchecklab.com\/es\/wp-json\/wp\/v2\/comments?post=22677"}],"version-history":[{"count":0,"href":"https:\/\/www.airchecklab.com\/es\/wp-json\/wp\/v2\/pages\/22677\/revisions"}],"up":[{"embeddable":true,"href":"https:\/\/www.airchecklab.com\/es\/wp-json\/wp\/v2\/pages\/22708"}],"wp:attachment":[{"href":"https:\/\/www.airchecklab.com\/es\/wp-json\/wp\/v2\/media?parent=22677"}],"curies":[{"name":"wp","href":"https:\/\/api.w.org\/{rel}","templated":true}]}}