{"id":22681,"date":"2021-12-27T10:10:58","date_gmt":"2021-12-27T16:10:58","guid":{"rendered":"https:\/\/dev.airchecklab.com\/industria-farmaceutica\/"},"modified":"2021-12-27T10:10:58","modified_gmt":"2021-12-27T16:10:58","slug":"industria-farmaceutica","status":"publish","type":"page","link":"https:\/\/www.airchecklab.com\/es\/servicos\/fabricacion-iso-8573-1\/industria-farmaceutica\/","title":{"rendered":"Industria Farmac\u00e9utica"},"content":{"rendered":"<p>[blackbg]<\/p>\n<h1>Aire &amp; Gas para Procesos Farmac\u00e9uticos<\/h1>\n<p>El aire comprimido es una utilidad sumamente importante ampliamente en los procesos de fabricaci\u00f3n farmac\u00e9utica y es usado directa e indirectamente con productos farmac\u00e9uticos. El an\u00e1lisis peri\u00f3dico de sistemas de aire comprimido y otros gases que entran en contacto con productos farmac\u00e9uticos es cr\u00edtico para garantizar la calidad e integridad del producto.<\/p>\n<p>En Trace Analytics, nuestro equipo de expertos se dedica a proporcionar aire limpio con los est\u00e1ndares de calidad m\u00e1s altos, y al mismo tiempo, ofrecer orientaci\u00f3n a los fabricantes farmac\u00e9uticos cuando no hay criterios de an\u00e1lisis claros.<\/p>\n<p>En la ausencia de un determinado est\u00e1ndar, se les recomienda a los fabricantes de productos farmac\u00e9uticos guiarse en los est\u00e1ndares de International Organization for Standardization (ISO) 8573-1: 2010 (La Organizaci\u00f3n Internacional de Normalizaci\u00f3n) adem\u00e1s de hacer un plan para llevar a cabo an\u00e1lisis de peri\u00f3dicos de aire para mantener la pureza de aire adecuada. La clase de pureza de ISO 8573 elegida por las instalaciones de manufactura depende del uso del aire comprimido y su contacto con el producto. La f\u00e1brica debe empezar por llevar a cabo un an\u00e1lisis de peligros, el cual ayudar\u00e1 al fabricante a identificar peligros probables del aire comprimido, evaluar las medidas de control ya en existencia y determinar si se necesitan controles adicionales.<\/p>\n<p>[\/blackbg]<\/p>\n<p>[lightbg]<\/p>\n<h1>Lo que Ofrecemos<\/h1>\n<p>Ofrecemos l\u00edmites y configuraci\u00f3n personalizada de dise\u00f1o para satisfacer las necesidades de an\u00e1lisis de cada cliente as\u00ed como orientaci\u00f3n para los fabricantes en los requisitos del an\u00e1lisis. Nuestros kits son confiables, exactos, y f\u00e1ciles de usar y cumplen con los requisitos de recolecci\u00f3n y an\u00e1lisis de la norma ISO 8573-1: 2010, garantiz\u00e1ndoles a los fabricantes la calidad de su producto final.<\/p>\n<div class=\"center\"><a class=\"medium blue button\" href=\"https:\/\/buy.airchecklab.com\/manufacturing\/\">Obt\u00e9n An\u00e1lisis de Aire Comprimido<\/a><\/div>\n<p>[\/lightbg]<\/p>\n<p>[blackbg]<\/p>\n<h2>Normas de An\u00e1lisis de Aire Comprimido &amp; para la Industria Farmac\u00e9utica<\/h2>\n<p>En Trace Analytics, LLC hacemos an\u00e1lisis para verificar el cumplimiento de una gran variedad de normas y especificaciones. Algunas de las normas m\u00e1s usadas en la industria farmac\u00e9utica son:<\/p>\n<p>\t[IncludeSpec spec=&#8221;ISO&#8221;]<br \/>\n\t[IncludeSpec spec=&#8221;ISPE&#8221;]<br \/>\n\t[IncludeSpec spec=&#8221;microbial&#8221;]<\/p>\n<div class=\"center\"><a class=\"medium blue button\" href=\"https:\/\/buy.airchecklab.com\/manufacturing\/\">Obt\u00e9n An\u00e1lisis de Aire Comrpimido<\/a><\/div>\n<p>[\/blackbg]<\/p>\n<p>[lightbg]<br \/>\n\t<!--[if lte IE 8]>\n\t\t<script charset=\"utf-8\" type=\"text\/javascript\" src=\"\/\/js.hsforms.net\/forms\/v2-legacy.js\"><\/script>\n\t<![endif]--><br \/>\n\t<script charset=\"utf-8\" type=\"text\/javascript\" src=\"\/\/js.hsforms.net\/forms\/v2.js\"><\/script><br \/>\n\t<script>\n\t\thbspt.forms.create({\n\t\t\tportalId: \"4558619\",\n\t\t\tformId: \"03e1782a-aa51-461e-b5d8-40699379c04b\"\n\t\t\t});\n\t<\/script><br \/>\n\t[ShowAllSiblings title=&#8221;Otros Servicios de An\u00e1lisis:&#8221;]<br \/>\n[\/lightbg]<\/p>\n","protected":false},"excerpt":{"rendered":"<p>[blackbg] Aire &amp; Gas para Procesos Farmac\u00e9uticos El aire comprimido es una utilidad sumamente importante ampliamente en los procesos de fabricaci\u00f3n farmac\u00e9utica y es usado directa e indirectamente con productos farmac\u00e9uticos. El an\u00e1lisis peri\u00f3dico de sistemas de aire comprimido y otros gases que entran en contacto con productos farmac\u00e9uticos es cr\u00edtico para garantizar la calidad e integridad del producto. En Trace Analytics, nuestro equipo de expertos se dedica a proporcionar aire limpio con los est\u00e1ndares de calidad m\u00e1s altos, y [&hellip;]<\/p>\n","protected":false},"author":1,"featured_media":19699,"parent":22708,"menu_order":0,"comment_status":"closed","ping_status":"open","template":"100-width.php","meta":{"content-type":""},"yoast_head":"<!-- This site is optimized with the Yoast SEO Premium plugin v20.0 (Yoast SEO v20.0) - https:\/\/yoast.com\/wordpress\/plugins\/seo\/ -->\n<title>Pruebas de aire comprimido farmac\u00e9utico - Trace Analytics<\/title>\n<meta name=\"description\" content=\"Ofrecemos el an\u00e1lisis de aire comprimido que los fabricantes farmac\u00e9uticos necesitan. El an\u00e1lisis de part\u00edculas, agua, aceite, y contaminantes microbiol\u00f3gicos de acuerdo a la norma ISO 8573 est\u00e1 disponible.\" \/>\n<meta name=\"robots\" content=\"index, follow, max-snippet:-1, max-image-preview:large, max-video-preview:-1\" \/>\n<link rel=\"canonical\" href=\"https:\/\/www.airchecklab.com\/es\/servicos\/fabricacion-iso-8573-1\/industria-farmaceutica\/\" \/>\n<meta property=\"og:locale\" content=\"es_ES\" \/>\n<meta property=\"og:type\" content=\"article\" \/>\n<meta property=\"og:title\" content=\"Industria Farmac\u00e9utica\" \/>\n<meta property=\"og:description\" content=\"Ofrecemos el an\u00e1lisis de aire comprimido que los fabricantes farmac\u00e9uticos necesitan. El an\u00e1lisis de part\u00edculas, agua, aceite, y contaminantes microbiol\u00f3gicos de acuerdo a la norma ISO 8573 est\u00e1 disponible.\" \/>\n<meta property=\"og:url\" content=\"https:\/\/www.airchecklab.com\/es\/servicos\/fabricacion-iso-8573-1\/industria-farmaceutica\/\" \/>\n<meta property=\"og:site_name\" content=\"Trace Analytics, the AirCheck Lab\" \/>\n<meta property=\"og:image\" content=\"https:\/\/www.airchecklab.com\/wp-content\/uploads\/2018\/02\/banners-dive-01.jpg\" \/>\n\t<meta property=\"og:image:width\" content=\"1600\" \/>\n\t<meta property=\"og:image:height\" content=\"300\" \/>\n\t<meta property=\"og:image:type\" content=\"image\/jpeg\" \/>\n<meta name=\"twitter:card\" content=\"summary_large_image\" \/>\n<meta name=\"twitter:label1\" content=\"Tiempo de lectura\" \/>\n\t<meta name=\"twitter:data1\" content=\"2 minutos\" \/>\n<script type=\"application\/ld+json\" class=\"yoast-schema-graph\">{\"@context\":\"https:\/\/schema.org\",\"@graph\":[{\"@type\":\"WebPage\",\"@id\":\"https:\/\/www.airchecklab.com\/es\/servicos\/fabricacion-iso-8573-1\/industria-farmaceutica\/\",\"url\":\"https:\/\/www.airchecklab.com\/es\/servicos\/fabricacion-iso-8573-1\/industria-farmaceutica\/\",\"name\":\"Pruebas de aire comprimido farmac\u00e9utico - Trace Analytics\",\"isPartOf\":{\"@id\":\"\/#website\"},\"datePublished\":\"2021-12-27T16:10:58+00:00\",\"dateModified\":\"2021-12-27T16:10:58+00:00\",\"description\":\"Ofrecemos el an\u00e1lisis de aire comprimido que los fabricantes farmac\u00e9uticos necesitan. El an\u00e1lisis de part\u00edculas, agua, aceite, y contaminantes microbiol\u00f3gicos de acuerdo a la norma ISO 8573 est\u00e1 disponible.\",\"breadcrumb\":{\"@id\":\"https:\/\/www.airchecklab.com\/es\/servicos\/fabricacion-iso-8573-1\/industria-farmaceutica\/#breadcrumb\"},\"inLanguage\":\"es\",\"potentialAction\":[{\"@type\":\"ReadAction\",\"target\":[\"https:\/\/www.airchecklab.com\/es\/servicos\/fabricacion-iso-8573-1\/industria-farmaceutica\/\"]}]},{\"@type\":\"BreadcrumbList\",\"@id\":\"https:\/\/www.airchecklab.com\/es\/servicos\/fabricacion-iso-8573-1\/industria-farmaceutica\/#breadcrumb\",\"itemListElement\":[{\"@type\":\"ListItem\",\"position\":1,\"name\":\"Home\",\"item\":\"https:\/\/www.airchecklab.com\/es\/analisis-de-seguimiento-pruebas-ambientales-y-de-aire-comprimido\/\"},{\"@type\":\"ListItem\",\"position\":2,\"name\":\"Servicos\",\"item\":\"https:\/\/www.airchecklab.com\/es\/servicos\/\"},{\"@type\":\"ListItem\",\"position\":3,\"name\":\"Fabricaci\u00f3n \/ ISO 8573-1\",\"item\":\"https:\/\/www.airchecklab.com\/es\/servicos\/fabricacion-iso-8573-1\/\"},{\"@type\":\"ListItem\",\"position\":4,\"name\":\"Industria Farmac\u00e9utica\"}]},{\"@type\":\"WebSite\",\"@id\":\"\/#website\",\"url\":\"\/\",\"name\":\"Trace Analytics, the AirCheck Lab\",\"description\":\"Compressed Air Testing for ISO 8573, Microbial, SQF, Breathing Air\",\"publisher\":{\"@id\":\"\/#organization\"},\"potentialAction\":[{\"@type\":\"SearchAction\",\"target\":{\"@type\":\"EntryPoint\",\"urlTemplate\":\"\/?s={search_term_string}\"},\"query-input\":\"required name=search_term_string\"}],\"inLanguage\":\"es\"},{\"@type\":\"Organization\",\"@id\":\"\/#organization\",\"name\":\"Trace Analytics, LLC\",\"url\":\"\/\",\"logo\":{\"@type\":\"ImageObject\",\"inLanguage\":\"es\",\"@id\":\"\/#\/schema\/logo\/image\/\",\"url\":\"https:\/\/www.airchecklab.com\/wp-content\/uploads\/2021\/08\/Blue-01.png\",\"contentUrl\":\"https:\/\/www.airchecklab.com\/wp-content\/uploads\/2021\/08\/Blue-01.png\",\"width\":1600,\"height\":301,\"caption\":\"Trace Analytics, LLC\"},\"image\":{\"@id\":\"\/#\/schema\/logo\/image\/\"}}]}<\/script>\n<!-- \/ Yoast SEO Premium plugin. -->","yoast_head_json":{"title":"Pruebas de aire comprimido farmac\u00e9utico - Trace Analytics","description":"Ofrecemos el an\u00e1lisis de aire comprimido que los fabricantes farmac\u00e9uticos necesitan. El an\u00e1lisis de part\u00edculas, agua, aceite, y contaminantes microbiol\u00f3gicos de acuerdo a la norma ISO 8573 est\u00e1 disponible.","robots":{"index":"index","follow":"follow","max-snippet":"max-snippet:-1","max-image-preview":"max-image-preview:large","max-video-preview":"max-video-preview:-1"},"canonical":"https:\/\/www.airchecklab.com\/es\/servicos\/fabricacion-iso-8573-1\/industria-farmaceutica\/","og_locale":"es_ES","og_type":"article","og_title":"Industria Farmac\u00e9utica","og_description":"Ofrecemos el an\u00e1lisis de aire comprimido que los fabricantes farmac\u00e9uticos necesitan. El an\u00e1lisis de part\u00edculas, agua, aceite, y contaminantes microbiol\u00f3gicos de acuerdo a la norma ISO 8573 est\u00e1 disponible.","og_url":"https:\/\/www.airchecklab.com\/es\/servicos\/fabricacion-iso-8573-1\/industria-farmaceutica\/","og_site_name":"Trace Analytics, the AirCheck Lab","og_image":[{"width":1600,"height":300,"url":"https:\/\/www.airchecklab.com\/wp-content\/uploads\/2018\/02\/banners-dive-01.jpg","type":"image\/jpeg"}],"twitter_card":"summary_large_image","twitter_misc":{"Tiempo de lectura":"2 minutos"},"schema":{"@context":"https:\/\/schema.org","@graph":[{"@type":"WebPage","@id":"https:\/\/www.airchecklab.com\/es\/servicos\/fabricacion-iso-8573-1\/industria-farmaceutica\/","url":"https:\/\/www.airchecklab.com\/es\/servicos\/fabricacion-iso-8573-1\/industria-farmaceutica\/","name":"Pruebas de aire comprimido farmac\u00e9utico - Trace Analytics","isPartOf":{"@id":"\/#website"},"datePublished":"2021-12-27T16:10:58+00:00","dateModified":"2021-12-27T16:10:58+00:00","description":"Ofrecemos el an\u00e1lisis de aire comprimido que los fabricantes farmac\u00e9uticos necesitan. El an\u00e1lisis de part\u00edculas, agua, aceite, y contaminantes microbiol\u00f3gicos de acuerdo a la norma ISO 8573 est\u00e1 disponible.","breadcrumb":{"@id":"https:\/\/www.airchecklab.com\/es\/servicos\/fabricacion-iso-8573-1\/industria-farmaceutica\/#breadcrumb"},"inLanguage":"es","potentialAction":[{"@type":"ReadAction","target":["https:\/\/www.airchecklab.com\/es\/servicos\/fabricacion-iso-8573-1\/industria-farmaceutica\/"]}]},{"@type":"BreadcrumbList","@id":"https:\/\/www.airchecklab.com\/es\/servicos\/fabricacion-iso-8573-1\/industria-farmaceutica\/#breadcrumb","itemListElement":[{"@type":"ListItem","position":1,"name":"Home","item":"https:\/\/www.airchecklab.com\/es\/analisis-de-seguimiento-pruebas-ambientales-y-de-aire-comprimido\/"},{"@type":"ListItem","position":2,"name":"Servicos","item":"https:\/\/www.airchecklab.com\/es\/servicos\/"},{"@type":"ListItem","position":3,"name":"Fabricaci\u00f3n \/ ISO 8573-1","item":"https:\/\/www.airchecklab.com\/es\/servicos\/fabricacion-iso-8573-1\/"},{"@type":"ListItem","position":4,"name":"Industria Farmac\u00e9utica"}]},{"@type":"WebSite","@id":"\/#website","url":"\/","name":"Trace Analytics, the AirCheck Lab","description":"Compressed Air Testing for ISO 8573, Microbial, SQF, Breathing Air","publisher":{"@id":"\/#organization"},"potentialAction":[{"@type":"SearchAction","target":{"@type":"EntryPoint","urlTemplate":"\/?s={search_term_string}"},"query-input":"required name=search_term_string"}],"inLanguage":"es"},{"@type":"Organization","@id":"\/#organization","name":"Trace Analytics, LLC","url":"\/","logo":{"@type":"ImageObject","inLanguage":"es","@id":"\/#\/schema\/logo\/image\/","url":"https:\/\/www.airchecklab.com\/wp-content\/uploads\/2021\/08\/Blue-01.png","contentUrl":"https:\/\/www.airchecklab.com\/wp-content\/uploads\/2021\/08\/Blue-01.png","width":1600,"height":301,"caption":"Trace Analytics, LLC"},"image":{"@id":"\/#\/schema\/logo\/image\/"}}]}},"_links":{"self":[{"href":"https:\/\/www.airchecklab.com\/es\/wp-json\/wp\/v2\/pages\/22681"}],"collection":[{"href":"https:\/\/www.airchecklab.com\/es\/wp-json\/wp\/v2\/pages"}],"about":[{"href":"https:\/\/www.airchecklab.com\/es\/wp-json\/wp\/v2\/types\/page"}],"author":[{"embeddable":true,"href":"https:\/\/www.airchecklab.com\/es\/wp-json\/wp\/v2\/users\/1"}],"replies":[{"embeddable":true,"href":"https:\/\/www.airchecklab.com\/es\/wp-json\/wp\/v2\/comments?post=22681"}],"version-history":[{"count":0,"href":"https:\/\/www.airchecklab.com\/es\/wp-json\/wp\/v2\/pages\/22681\/revisions"}],"up":[{"embeddable":true,"href":"https:\/\/www.airchecklab.com\/es\/wp-json\/wp\/v2\/pages\/22708"}],"wp:featuredmedia":[{"embeddable":true,"href":"https:\/\/www.airchecklab.com\/es\/wp-json\/wp\/v2\/media\/19699"}],"wp:attachment":[{"href":"https:\/\/www.airchecklab.com\/es\/wp-json\/wp\/v2\/media?parent=22681"}],"curies":[{"name":"wp","href":"https:\/\/api.w.org\/{rel}","templated":true}]}}