{"id":22683,"date":"2021-12-27T10:10:59","date_gmt":"2021-12-27T16:10:59","guid":{"rendered":"https:\/\/dev.airchecklab.com\/empaques-de-alimentos\/"},"modified":"2021-12-27T10:10:59","modified_gmt":"2021-12-27T16:10:59","slug":"empaques-de-alimentos","status":"publish","type":"page","link":"https:\/\/www.airchecklab.com\/es\/servicos\/fabricacion-iso-8573-1\/empaques-de-alimentos\/","title":{"rendered":"Empaques de Alimentos"},"content":{"rendered":"<p>[blackbg]<\/p>\n<h1>Empaques de Alimentos y Aire Comprimido<\/h1>\n<p>Los empaques de alimentos tienen mucho que ver con el aire comprimido. Las industrias <a href=\"https:\/\/www.airchecklab.com\/?page_id=8756\">alimenticias<\/a> , <a href=\"https:\/\/www.airchecklab.com\/?page_id=8798\">farmac\u00e9uticas<\/a> y de <a href=\"https:\/\/www.airchecklab.com\/?page_id=9063\">dispositivos m\u00e9dicos<\/a> cada vez le ponen m\u00e1s atenci\u00f3n a los servicios usados en el proceso de fabricaci\u00f3n. La calidad del aire comprimido es procesos considerados cada vez m\u00e1s importantes en estos.<\/p>\n<p>[\/blackbg]<\/p>\n<p>[lightbg]<\/p>\n<div class=\"eight columns alpha\">\n<h2>Identificaci\u00f3n de las Fuentes de Aire Comprimido &amp; Gas<\/h2>\n<p>Los <img decoding=\"async\" class=\"lazyload alignleft\" alt=\"Plastic Food Packaging\" src=\"data:image\/gif;base64,R0lGODlhAQABAAAAACH5BAEKAAEALAAAAAABAAEAAAICTAEAOw==\" data-orig-src=\"\/assets\/images\/Plastic-Packing.jpg\"><a href=\"https:\/\/www.airchecklab.com\/?page_id=8756\">Empaquetadores de Alimentos<\/a> deben identificar el aire comprimido usado directa e indirectamente en su producto. El empaque generalmente se encuentra dentro de la categor\u00eda de contacto indirecto. El aire comprimido puede ser usado para hacer los empaques como en el moldeo por soplado, para limpiar la superficie en la que se coloca el producto antes de ser empacado, o para limpiar el empaque antes de colocar el producto final en este. El uso de aire comprimido cubre toda la gama de materiales de empaque como vidrio, pl\u00e1stico, metal, Styrofoam &#x2122;, productos de papel y m\u00e1s.<\/p>\n<\/p><\/div>\n<div class=\"eight columns omega\">\n<h2>Monitoreo de Aire Comprimido &amp; Gases<\/h2>\n<p><img decoding=\"async\" class=\"lazyload alignleft\" alt=\"Nut Packaging\" src=\"data:image\/gif;base64,R0lGODlhAQABAAAAACH5BAEKAAEALAAAAAABAAEAAAICTAEAOw==\" data-orig-src=\"\/assets\/images\/Nut-Packing.jpg\">Desde Julio del 2012, a los fabricantes que buscan la certificaci\u00f3n de SQF se les exige monitorear el aire comprimido que usan. Muchos fabricantes de alimentos ahora requieren que sus distribuidores, proveedores, y empaquetadores les proporcionen una prueba de un programa de monitoreo de la calidad del aire comprimido. Safe Quality Food (SQF) es el primer plan de certificaci\u00f3n dentro de la Iniciativa Global en Inocuidad Alimentaria o the Global Food Safety Initiative (GFSI) que oficialmente ha empezado a exigir el an\u00e1lisis del aire comprimido usado en el proceso de fabricaci\u00f3n de alimentos en Estados Unidos.<\/p>\n<\/p><\/div>\n<p>[\/lightbg]<\/p>\n<p>[blackbg]<\/p>\n<h1>El L\u00edder en la Industria<\/h1>\n<p><img decoding=\"async\" class=\"lazyload alignright\" alt=\"Beverage Bottling\" src=\"data:image\/gif;base64,R0lGODlhAQABAAAAACH5BAEKAAEALAAAAAABAAEAAAICTAEAOw==\" data-orig-src=\"\/assets\/images\/Beer-Bottle.jpg\">Trace Analytics, establecido en 1989, es el l\u00edder en an\u00e1lisis de calidad de aire comprimido. Ofrecemos an\u00e1lisis en base a <a href=\"https:\/\/www.airchecklab.com\/servicos\/manufacturing-iso-8573-1\/\">ISO 8573<\/a> o de acuerdo a normas y est\u00e1ndares personalizados. Si tiene preguntas acerca de los procedimientos del an\u00e1lisis de calidad de aire y sus requisitos, nosotros las contestaremos. <a href=\"https:\/\/www.airchecklab.com\/?page_id=7408\">Cont\u00e1ctanos<\/a> hoy para empezar con tu plan de an\u00e1lisis. Ofrecemos an\u00e1lisis directamente con nuestro laboratorio o te podemos recomendar uno de nuestros distribuidores de servicios independientes que puede tomar las muestras de tus sistemas. El proceso es f\u00e1cil y pr\u00e1ctico. Si quieres m\u00e1s informaci\u00f3n habla con alguien de nuestro <a href=\"https:\/\/www.airchecklab.com\/?page_id=8676\">Equipo de Expertos AirCheck<\/a> . Con gusto te ayudaremos a encontrar el plan de an\u00e1lisis perfecto para tu empresa.<\/p>\n<div class=\"center\"><a class=\"medium blue button\" href=\"https:\/\/buy.airchecklab.com\/manufacturing\">Obt\u00e9n An\u00e1lisis de Aire Comprimido<\/a><\/div>\n<p>[\/blackbg]<\/p>\n<p>[lightbg]<br \/>\n\t<!--[if lte IE 8]>\n\t\t<script charset=\"utf-8\" type=\"text\/javascript\" src=\"\/\/js.hsforms.net\/forms\/v2-legacy.js\"><\/script>\n\t<![endif]--><br \/>\n\t<script charset=\"utf-8\" type=\"text\/javascript\" src=\"\/\/js.hsforms.net\/forms\/v2.js\"><\/script><br \/>\n\t<script>\n\t\thbspt.forms.create({\n\t\t\tportalId: \"4558619\",\n\t\t\tformId: \"03e1782a-aa51-461e-b5d8-40699379c04b\"\n\t\t\t});\n\t<\/script><br \/>\n\t[ShowAllSiblings title=&#8221;Otros Servicios de An\u00e1lisis:&#8221;]<br \/>\n[\/lightbg]<\/p>\n","protected":false},"excerpt":{"rendered":"<p>[blackbg] Empaques de Alimentos y Aire Comprimido Los empaques de alimentos tienen mucho que ver con el aire comprimido. Las industrias alimenticias , farmac\u00e9uticas y de dispositivos m\u00e9dicos cada vez le ponen m\u00e1s atenci\u00f3n a los servicios usados en el proceso de fabricaci\u00f3n. La calidad del aire comprimido es procesos considerados cada vez m\u00e1s importantes en estos. [\/blackbg] [lightbg] Identificaci\u00f3n de las Fuentes de Aire Comprimido &amp; Gas Los Empaquetadores de Alimentos deben identificar el aire comprimido usado directa e [&hellip;]<\/p>\n","protected":false},"author":1,"featured_media":19699,"parent":22708,"menu_order":0,"comment_status":"closed","ping_status":"closed","template":"100-width.php","meta":{"content-type":""},"yoast_head":"<!-- This site is optimized with the Yoast SEO Premium plugin v20.0 (Yoast SEO v20.0) - https:\/\/yoast.com\/wordpress\/plugins\/seo\/ -->\n<title>Empaques de Alimentos - Trace Analytics, the AirCheck Lab<\/title>\n<meta name=\"description\" content=\"La calidad del aire comprimido es un tema importante en el mundo del empaque de alimentos. El an\u00e1lisis de aire grado alimenticio es f\u00e1cil con nuestros AirCheck Kits.\" \/>\n<meta name=\"robots\" content=\"index, follow, max-snippet:-1, max-image-preview:large, max-video-preview:-1\" \/>\n<link rel=\"canonical\" href=\"https:\/\/www.airchecklab.com\/es\/servicos\/fabricacion-iso-8573-1\/empaques-de-alimentos\/\" \/>\n<meta property=\"og:locale\" content=\"es_ES\" \/>\n<meta property=\"og:type\" content=\"article\" \/>\n<meta property=\"og:title\" content=\"Empaques de Alimentos\" \/>\n<meta property=\"og:description\" content=\"La calidad del aire comprimido es un tema importante en el mundo del empaque de alimentos. El an\u00e1lisis de aire grado alimenticio es f\u00e1cil con nuestros AirCheck Kits.\" \/>\n<meta property=\"og:url\" content=\"https:\/\/www.airchecklab.com\/es\/servicos\/fabricacion-iso-8573-1\/empaques-de-alimentos\/\" \/>\n<meta property=\"og:site_name\" content=\"Trace Analytics, the AirCheck Lab\" \/>\n<meta property=\"og:image\" content=\"https:\/\/www.airchecklab.com\/wp-content\/uploads\/2018\/02\/banners-dive-01.jpg\" \/>\n\t<meta property=\"og:image:width\" content=\"1600\" \/>\n\t<meta property=\"og:image:height\" content=\"300\" \/>\n\t<meta property=\"og:image:type\" content=\"image\/jpeg\" \/>\n<meta name=\"twitter:card\" content=\"summary_large_image\" \/>\n<meta name=\"twitter:label1\" content=\"Tiempo de lectura\" \/>\n\t<meta name=\"twitter:data1\" content=\"2 minutos\" \/>\n<script type=\"application\/ld+json\" class=\"yoast-schema-graph\">{\"@context\":\"https:\/\/schema.org\",\"@graph\":[{\"@type\":\"WebPage\",\"@id\":\"https:\/\/www.airchecklab.com\/es\/servicos\/fabricacion-iso-8573-1\/empaques-de-alimentos\/\",\"url\":\"https:\/\/www.airchecklab.com\/es\/servicos\/fabricacion-iso-8573-1\/empaques-de-alimentos\/\",\"name\":\"Empaques de Alimentos - Trace Analytics, the AirCheck Lab\",\"isPartOf\":{\"@id\":\"\/#website\"},\"datePublished\":\"2021-12-27T16:10:59+00:00\",\"dateModified\":\"2021-12-27T16:10:59+00:00\",\"description\":\"La calidad del aire comprimido es un tema importante en el mundo del empaque de alimentos. El an\u00e1lisis de aire grado alimenticio es f\u00e1cil con nuestros AirCheck Kits.\",\"breadcrumb\":{\"@id\":\"https:\/\/www.airchecklab.com\/es\/servicos\/fabricacion-iso-8573-1\/empaques-de-alimentos\/#breadcrumb\"},\"inLanguage\":\"es\",\"potentialAction\":[{\"@type\":\"ReadAction\",\"target\":[\"https:\/\/www.airchecklab.com\/es\/servicos\/fabricacion-iso-8573-1\/empaques-de-alimentos\/\"]}]},{\"@type\":\"BreadcrumbList\",\"@id\":\"https:\/\/www.airchecklab.com\/es\/servicos\/fabricacion-iso-8573-1\/empaques-de-alimentos\/#breadcrumb\",\"itemListElement\":[{\"@type\":\"ListItem\",\"position\":1,\"name\":\"Home\",\"item\":\"https:\/\/www.airchecklab.com\/es\/analisis-de-seguimiento-pruebas-ambientales-y-de-aire-comprimido\/\"},{\"@type\":\"ListItem\",\"position\":2,\"name\":\"Servicos\",\"item\":\"https:\/\/www.airchecklab.com\/es\/servicos\/\"},{\"@type\":\"ListItem\",\"position\":3,\"name\":\"Fabricaci\u00f3n \/ ISO 8573-1\",\"item\":\"https:\/\/www.airchecklab.com\/es\/servicos\/fabricacion-iso-8573-1\/\"},{\"@type\":\"ListItem\",\"position\":4,\"name\":\"Empaques de Alimentos\"}]},{\"@type\":\"WebSite\",\"@id\":\"\/#website\",\"url\":\"\/\",\"name\":\"Trace Analytics, the AirCheck Lab\",\"description\":\"Compressed Air Testing for ISO 8573, Microbial, SQF, Breathing Air\",\"publisher\":{\"@id\":\"\/#organization\"},\"potentialAction\":[{\"@type\":\"SearchAction\",\"target\":{\"@type\":\"EntryPoint\",\"urlTemplate\":\"\/?s={search_term_string}\"},\"query-input\":\"required name=search_term_string\"}],\"inLanguage\":\"es\"},{\"@type\":\"Organization\",\"@id\":\"\/#organization\",\"name\":\"Trace Analytics, LLC\",\"url\":\"\/\",\"logo\":{\"@type\":\"ImageObject\",\"inLanguage\":\"es\",\"@id\":\"\/#\/schema\/logo\/image\/\",\"url\":\"https:\/\/www.airchecklab.com\/wp-content\/uploads\/2021\/08\/Blue-01.png\",\"contentUrl\":\"https:\/\/www.airchecklab.com\/wp-content\/uploads\/2021\/08\/Blue-01.png\",\"width\":1600,\"height\":301,\"caption\":\"Trace Analytics, LLC\"},\"image\":{\"@id\":\"\/#\/schema\/logo\/image\/\"}}]}<\/script>\n<!-- \/ Yoast SEO Premium plugin. -->","yoast_head_json":{"title":"Empaques de Alimentos - Trace Analytics, the AirCheck Lab","description":"La calidad del aire comprimido es un tema importante en el mundo del empaque de alimentos. El an\u00e1lisis de aire grado alimenticio es f\u00e1cil con nuestros AirCheck Kits.","robots":{"index":"index","follow":"follow","max-snippet":"max-snippet:-1","max-image-preview":"max-image-preview:large","max-video-preview":"max-video-preview:-1"},"canonical":"https:\/\/www.airchecklab.com\/es\/servicos\/fabricacion-iso-8573-1\/empaques-de-alimentos\/","og_locale":"es_ES","og_type":"article","og_title":"Empaques de Alimentos","og_description":"La calidad del aire comprimido es un tema importante en el mundo del empaque de alimentos. El an\u00e1lisis de aire grado alimenticio es f\u00e1cil con nuestros AirCheck Kits.","og_url":"https:\/\/www.airchecklab.com\/es\/servicos\/fabricacion-iso-8573-1\/empaques-de-alimentos\/","og_site_name":"Trace Analytics, the AirCheck Lab","og_image":[{"width":1600,"height":300,"url":"https:\/\/www.airchecklab.com\/wp-content\/uploads\/2018\/02\/banners-dive-01.jpg","type":"image\/jpeg"}],"twitter_card":"summary_large_image","twitter_misc":{"Tiempo de lectura":"2 minutos"},"schema":{"@context":"https:\/\/schema.org","@graph":[{"@type":"WebPage","@id":"https:\/\/www.airchecklab.com\/es\/servicos\/fabricacion-iso-8573-1\/empaques-de-alimentos\/","url":"https:\/\/www.airchecklab.com\/es\/servicos\/fabricacion-iso-8573-1\/empaques-de-alimentos\/","name":"Empaques de Alimentos - Trace Analytics, the AirCheck Lab","isPartOf":{"@id":"\/#website"},"datePublished":"2021-12-27T16:10:59+00:00","dateModified":"2021-12-27T16:10:59+00:00","description":"La calidad del aire comprimido es un tema importante en el mundo del empaque de alimentos. El an\u00e1lisis de aire grado alimenticio es f\u00e1cil con nuestros AirCheck Kits.","breadcrumb":{"@id":"https:\/\/www.airchecklab.com\/es\/servicos\/fabricacion-iso-8573-1\/empaques-de-alimentos\/#breadcrumb"},"inLanguage":"es","potentialAction":[{"@type":"ReadAction","target":["https:\/\/www.airchecklab.com\/es\/servicos\/fabricacion-iso-8573-1\/empaques-de-alimentos\/"]}]},{"@type":"BreadcrumbList","@id":"https:\/\/www.airchecklab.com\/es\/servicos\/fabricacion-iso-8573-1\/empaques-de-alimentos\/#breadcrumb","itemListElement":[{"@type":"ListItem","position":1,"name":"Home","item":"https:\/\/www.airchecklab.com\/es\/analisis-de-seguimiento-pruebas-ambientales-y-de-aire-comprimido\/"},{"@type":"ListItem","position":2,"name":"Servicos","item":"https:\/\/www.airchecklab.com\/es\/servicos\/"},{"@type":"ListItem","position":3,"name":"Fabricaci\u00f3n \/ ISO 8573-1","item":"https:\/\/www.airchecklab.com\/es\/servicos\/fabricacion-iso-8573-1\/"},{"@type":"ListItem","position":4,"name":"Empaques de Alimentos"}]},{"@type":"WebSite","@id":"\/#website","url":"\/","name":"Trace Analytics, the AirCheck Lab","description":"Compressed Air Testing for ISO 8573, Microbial, SQF, Breathing Air","publisher":{"@id":"\/#organization"},"potentialAction":[{"@type":"SearchAction","target":{"@type":"EntryPoint","urlTemplate":"\/?s={search_term_string}"},"query-input":"required name=search_term_string"}],"inLanguage":"es"},{"@type":"Organization","@id":"\/#organization","name":"Trace Analytics, LLC","url":"\/","logo":{"@type":"ImageObject","inLanguage":"es","@id":"\/#\/schema\/logo\/image\/","url":"https:\/\/www.airchecklab.com\/wp-content\/uploads\/2021\/08\/Blue-01.png","contentUrl":"https:\/\/www.airchecklab.com\/wp-content\/uploads\/2021\/08\/Blue-01.png","width":1600,"height":301,"caption":"Trace Analytics, LLC"},"image":{"@id":"\/#\/schema\/logo\/image\/"}}]}},"_links":{"self":[{"href":"https:\/\/www.airchecklab.com\/es\/wp-json\/wp\/v2\/pages\/22683"}],"collection":[{"href":"https:\/\/www.airchecklab.com\/es\/wp-json\/wp\/v2\/pages"}],"about":[{"href":"https:\/\/www.airchecklab.com\/es\/wp-json\/wp\/v2\/types\/page"}],"author":[{"embeddable":true,"href":"https:\/\/www.airchecklab.com\/es\/wp-json\/wp\/v2\/users\/1"}],"replies":[{"embeddable":true,"href":"https:\/\/www.airchecklab.com\/es\/wp-json\/wp\/v2\/comments?post=22683"}],"version-history":[{"count":0,"href":"https:\/\/www.airchecklab.com\/es\/wp-json\/wp\/v2\/pages\/22683\/revisions"}],"up":[{"embeddable":true,"href":"https:\/\/www.airchecklab.com\/es\/wp-json\/wp\/v2\/pages\/22708"}],"wp:featuredmedia":[{"embeddable":true,"href":"https:\/\/www.airchecklab.com\/es\/wp-json\/wp\/v2\/media\/19699"}],"wp:attachment":[{"href":"https:\/\/www.airchecklab.com\/es\/wp-json\/wp\/v2\/media?parent=22683"}],"curies":[{"name":"wp","href":"https:\/\/api.w.org\/{rel}","templated":true}]}}