{"id":22686,"date":"2021-12-27T10:10:59","date_gmt":"2021-12-27T16:10:59","guid":{"rendered":"https:\/\/dev.airchecklab.com\/acerca-del-laboratorio\/"},"modified":"2021-12-27T10:10:59","modified_gmt":"2021-12-27T16:10:59","slug":"acerca-del-laboratorio","status":"publish","type":"page","link":"https:\/\/www.airchecklab.com\/es\/contactanos\/acerca-del-laboratorio\/","title":{"rendered":"Acerca del Laboratorio"},"content":{"rendered":"<div class=\"sixteen columns fullwidth blackbg\">\n<h1 class=\"center uppercase\">Acerca del Laboratorio<\/h1>\n<p>El laboratorio de Trace Analytics est\u00e1 acreditado por la Asociaci\u00f3n Americana para la Acreditaci\u00f3n de <a title=\"American Association for Laboratory Accreditation\" href=\"http:\/\/www.a2la.org\" target=\"_blank\" rel=\"noopener\">Laboratorios<\/a> (la Asociaci\u00f3n Americana para la Acreditaci\u00f3n de Laboratorios). Utilizamos la tecnolog\u00eda m\u00e1s avanzada que nos permite analizar cientos de muestras de aire comprimido al d\u00eda con poca intervenci\u00f3n humana. El resultado es consistencia, exactitud, presici\u00f3n y rapidez. Trace es un laboratorio acreditado por A2LA sobre en el cumplimiento de la norma ISO 17025, <a title=\"Trace Analytics A2LA Accredication Certificate\" href=\"https:\/\/www.airchecklab.com\/?page_id=9133\">certificado # 0322-01<\/a> .<\/p>\n<p>A trav\u00e9s de un sistema de acuerdos internacionales (p. Ej <a href=\"http:\/\/www.ilac.org\" target=\"_blank\" rel=\"noopener\">., Cooperaci\u00f3n Internacional de Acreditaci\u00f3n de Laboratorios<\/a>[ILAC] Acuerdo de reconocimiento mutuo), los laboratorios acreditados por A2LA reciben reconocimiento internacional, lo cual permite que la informaci\u00f3n sea aceptada en un nivel mundial. Este reconocimiento ayuda a reducir costos al minimizar o eliminar la necesidad de volver a analizar en pa\u00edses de importaci\u00f3n. La acreditaci\u00f3n de laboratorios otorga un reconocimiento formal a laboratorios competentes, porporcionando as\u00ed un medio f\u00e1cil para clientes para encontrar servicios de an\u00e1lisis y calibraci\u00f3n capaces de satisfacer sus necesidades.<\/p>\n<p>El laboratorio de Trace particip\u00f3 exitosamente en el programa de Aptitud de An\u00e1lisis de Aire Comprimido. Somos miembros en buenos t\u00e9rminos de <a href=\"http:\/\/nfpa.org\" target=\"_blank\" rel=\"noopener\">Asociaci\u00f3n Nacional de Protecci\u00f3n contra Incendios<\/a> , <a href=\"http:\/\/www.ispe.org\" target=\"_blank\" rel=\"noopener\">Sociedad Internacional de Ingenieros Farmac\u00e9uticos<\/a> y <a href=\"http:\/\/mgpho.org\" target=\"_blank\" rel=\"noopener\">Organizaci\u00f3n Profesional de Salud de Gas M\u00e9dico<\/a> .<\/p>\n<p>Nuestro laboratorio <a title=\"American Association for Laboratory Accreditation\" href=\"http:\/\/www.a2la.org\" target=\"_blank\" rel=\"noopener\">acreditado por A2LA<\/a> es un laboratorio imparcial de terceros sin ning\u00fan inter\u00e9s financiero en otros productos de aire comprimido.<\/p>\n<\/div>\n<div class=\"sixteen columns fullwidth lightbg\">\n<h1 class=\"center uppercase\">Siete Razones para Elegir al laboratorio de Trace Analytics:<\/h1>\n<h2 class=\"center uppercase mart20\">Acreditado por A2LA<\/h2>\n<p>La acreditaci\u00f3n de laboratorios usa criterios y procedimientos desarollados espec\u00edficamente para determinar la aptitud t\u00e9cnica del personal, validez de los m\u00e9todos anal\u00edticos, rastreabilidad de medidas y calibraciones de acuerdo a los est\u00e1ndares nacionales y garant\u00eda de calidad de datos de an\u00e1lisis y calibraci\u00f3n. Trace Analytics est\u00e1 acreditado al est\u00e1ndar ISO \/ IEC 17025, el cual cubre los mismos principios del sistema de gesti\u00f3n de calidad mencionados en el registro de ISO 9001. La acreditaci\u00f3n a este rigoroso est\u00e1ndar significa que nuestro laboratorio cumple con los requisitos de aptitud t\u00e9cnicamente y sistemas de gesti\u00f3n necesarios para poder obtener y entregar resultados anal\u00edticos v\u00e1lidos. <a title=\"Trace Analytics A2LA Accredication Certificate\" href=\"https:\/\/www.airchecklab.com\/?page_id=9133\">Certificado # 0322-01<\/a><\/p>\n<h2 class=\"center uppercase\">Alcance de Acreditaci\u00f3n<\/h2>\n<p>El alcance de acreditaci\u00f3n de un laboratorio indica su capacidad general al reconocer la finalizaci\u00f3n con \u00e9xito del proceso de evaluaci\u00f3n de la agencia acreditadora para ciertos gases, m\u00e9todos y especificaciones de aire. Es \u00fatil examinar el alcance de acreditaci\u00f3n de un laboratorio para determinar si este ha sido evaluado en las \u00e1reas pertinentes para ti como cliente. El documento <a href=\"https:\/\/www.airchecklab.com\/?page_id=9133\">Alcance de Trace Analytics<\/a> proporciona una amplia gama de capacidades y representaci\u00f3n escrutinio adicional en el proceso de acreditaci\u00f3n. La acreditaci\u00f3n de Trace abarca aire respirable y normas para la calidad de aire usado en manufactura como:<\/p>\n<div class=\"four columns offset-by-four\">\n<ul>\n<li>ANSI \/ CGA G-7.1 y G-10.1<\/li>\n<li>CSA Z180.1<\/li>\n<li>ISA 7.0.01<\/li>\n<li>ISO 8573<\/li>\n<li>MIL-O-27210F<\/li>\n<\/ul><\/div>\n<div class=\"four columns marb20\">\n<ul>\n<li>NIOSH 37-7<\/li>\n<li>NFPA 99 y 1989<\/li>\n<li>OSHA 29 CFR 1910; .56, .134 y .430<\/li>\n<li>Federal de EE. UU. BB-A-1034<\/li>\n<li>Buceo de la Marina de los EE. UU. &#8211; SS521-AG-PRO-010<\/li>\n<\/ul><\/div>\n<h2 class=\"center uppercase mart20\">T\u00e9cnicas Anal\u00edticas<\/h2>\n<p>Utilizamos un cromat\u00f3grafo de gases con espectr\u00f3metro de masas (GC-MS) para el an\u00e1lisis de gases, vapor de aceite, y vapor de agua, y un automuestreador con el GC-MS para automatizar el an\u00e1lisis de cientos de muestras gaseosas al d\u00eda. Esta proporciona automatizaci\u00f3n superior exactitud y precisi\u00f3n. Tambi\u00e9n nos permite usar una gran variedad de est\u00e1ndares de calibraci\u00f3n (26 cada ma\u00f1ana) y 3 est\u00e1ndares de calibraci\u00f3n cada 10 muestras a lo largo de la corrida completa de muestras.<\/p>\n<p>Para las muestras de ISO 8573, usamos un tubo detector de lectura directa para el an\u00e1lisis instant\u00e1neo de vapor de agua. Las muestras de aire respirable tambi\u00e9n incluyen an\u00e1lisis instant\u00e1neo de vapor de agua. Los hidrocarburos condensados (nebilna \/ aerosol de aceite y part\u00edculas \/ masa) son determinados por gravimetr\u00eda usando una balanza anal\u00edtica. EL conteo de part\u00edculas y la determinaci\u00f3n de tama\u00f1o de las mismas es realizado por microscop\u00eda \u00f3ptica o, en algunos casos, por un contador de part\u00edculas l\u00e1ser. Estas t\u00e9cnicas alcanzar\u00e1n mayor exactitud y precisi\u00f3n para el an\u00e1lisis de aire comprimido al igual que una inversi\u00f3n considerable en instrumentaci\u00f3n, mantenimiento, est\u00e1ndares rastreables de acuerdo a NIST, y capacitaci\u00f3n de personal.<\/p>\n<h2 class=\"center uppercase\">Experiencia y Conocimiento<\/h2>\n<p>El aire comprimido ha sido nuestra especialidad desde 1989 &#8211; nuestro <a href=\"\/contact-an-expert\/our-team-of-experts\">Equipo de Expertos AirCheck <span class=\"tracecheck\">\u2713<\/span> &#x2122;<\/a> tiene d\u00e9cadas de experiencia en el \u00e1rea de <a href=\"https:\/\/www.airchecklab.com\/?page_id=9107\">an\u00e1lisis de aire comprimido<\/a> y resoluci\u00f3n de problemas. Aqu\u00ed vas a recibir servicio al cliente de manera r\u00e1pida y amigable.<\/p>\n<p>Algunos integrantes de nuestro <a href=\"\/contact-an-expert\/our-team-of-experts\">Equipo de Expertos<\/a> tambi\u00e9n son parte de <a href=\"http:\/\/www.ispe.org\/cucop\" target=\"_blank\" rel=\"noopener\">ISPE Critical Utilities Community of Practice<\/a> (CU COP) Steering Committee (Comit\u00e9 de la Sociedad Internacional de Ingenier\u00eda Farmac\u00e9utica) y <a href=\"http:\/\/www.nfpa.org\/AboutTheCodes\/AboutTheCodes.asp?docnum=1981&amp;tab=committee\/\" target=\"_blank\" rel=\"noopener\">NFPA Technical Committee for Respiratory Protection<\/a> (Comit\u00e9 T\u00e9cnico para la Protecci\u00f3n Respiratoria de NFPA) .<\/p>\n<p>[one_third]<\/p>\n<h2 class=\"center uppercase\">Control de Calidad<\/h2>\n<p>Antes del <a href=\"https:\/\/www.airchecklab.com\/?page_id=9107\">an\u00e1lisis de muestras de aire<\/a> , los instrumentos anal\u00edticos son calibrados con est\u00e1ndares certificados y rastreables de acuerdo a NIST que abarcan todo el rango de inter\u00e9s. Los blancos de campo son analizados de la misma manera que las muestras para garantizar resultados libres de contaminaci\u00f3n. Con cada conjunto de datos de calibraci\u00f3n, otro conjunto de est\u00e1ndares rastreables de acuerdo a NIST son empleados para obtener una estimaci\u00f3n de incertidumbre (derivada de la exactitud y precisi\u00f3n de los datos) para las muestras de aire analizadas. Los extensos procedimientos de control de calidad en el laboratorio de seguimiento indican que tuvieron resultados de calidad.<br \/>\n[\/one_third]<br \/>\n[one_third]<\/p>\n<h2 class=\"center uppercase\">Estimaci\u00f3n de incertidumbre<\/h2>\n<p>La incertidumbre es estimada con cada lote de muestras de aire para garantizar que la calidad de la informaci\u00f3n proporcionada a los clientes est\u00e1 sustentada y es continua.<\/p>\n<p>La estimaci\u00f3n de incertidumbre combina la exactitud y precisi\u00f3n de datos para proporcionar un intervalo de confianza dentro del cual los resultados anal\u00edticos est\u00e1n el 95% del tiempo (intervalo de confianza de 95%). La estimaci\u00f3n de incertidumbre est\u00e1 disponible para los an\u00e1lisis realizados en nuestro laboratorio.<\/p>\n<p>[\/one_third]<br \/>\n[one_third_last]<\/p>\n<h2 class=\"center uppercase\">Validaci\u00f3n de M\u00e9todos<\/h2>\n<p>Una serie de experimentos exhaustivos son realizados para garantizar que los m\u00e9todos de toma de muestra y an\u00e1lisis de aire comprimido sean aceptables. Los frascos de toma de muestra son fortificados con est\u00e1ndares certificados y rastreables de acuerdo a <a href=\"http:\/\/nist.gov\" target=\"_blank\" rel=\"noopener\">NIST<\/a> , y son sujetos a las mismas condiciones de viaje y que las muestras reales, Los resultados son determinados por toda una gama de par\u00e1metros utilizados para validar los m\u00e9todos.<\/p>\n<p>[\/one_third_last]<\/p>\n","protected":false},"excerpt":{"rendered":"<p>El laboratorio de Trace Analytics est\u00e1 acreditado por la Asociaci\u00f3n Americana para la Acreditaci\u00f3n de Laboratorios (la Asociaci\u00f3n Americana para la Acreditaci\u00f3n de Laboratorios). Utilizamos la tecnolog\u00eda m\u00e1s avanzada que nos permite analizar cientos de muestras de aire comprimido &#8230;<\/p>\n","protected":false},"author":1,"featured_media":19701,"parent":22710,"menu_order":0,"comment_status":"closed","ping_status":"closed","template":"100-width.php","meta":{"content-type":""},"yoast_head":"<!-- This site is optimized with the Yoast SEO Premium plugin v20.0 (Yoast SEO v20.0) - https:\/\/yoast.com\/wordpress\/plugins\/seo\/ -->\n<title>Acerca del Laboratorio - Trace Analytics, the AirCheck Lab<\/title>\n<meta name=\"description\" content=\"Trace Analytics es el AirCheck Lab. P\u00f3ngase en contacto con nuestro Equipo de Expertos para sus necesidades de an\u00e1lisis de aire comprimido.\" \/>\n<meta name=\"robots\" content=\"index, follow, max-snippet:-1, max-image-preview:large, max-video-preview:-1\" \/>\n<link rel=\"canonical\" href=\"https:\/\/www.airchecklab.com\/es\/contactanos\/acerca-del-laboratorio\/\" \/>\n<meta property=\"og:locale\" content=\"es_ES\" \/>\n<meta property=\"og:type\" content=\"article\" \/>\n<meta property=\"og:title\" content=\"Acerca del Laboratorio\" \/>\n<meta property=\"og:description\" content=\"Trace Analytics es el AirCheck Lab. P\u00f3ngase en contacto con nuestro Equipo de Expertos para sus necesidades de an\u00e1lisis de aire comprimido.\" \/>\n<meta property=\"og:url\" content=\"https:\/\/www.airchecklab.com\/es\/contactanos\/acerca-del-laboratorio\/\" \/>\n<meta property=\"og:site_name\" content=\"Trace Analytics, the AirCheck Lab\" \/>\n<meta property=\"og:image\" content=\"https:\/\/www.airchecklab.com\/wp-content\/uploads\/2018\/02\/About-the-Lab.jpg\" \/>\n\t<meta property=\"og:image:width\" content=\"1600\" \/>\n\t<meta property=\"og:image:height\" content=\"300\" \/>\n\t<meta property=\"og:image:type\" content=\"image\/jpeg\" \/>\n<meta name=\"twitter:card\" content=\"summary_large_image\" \/>\n<meta name=\"twitter:label1\" content=\"Tiempo de lectura\" \/>\n\t<meta name=\"twitter:data1\" content=\"6 minutos\" \/>\n<script type=\"application\/ld+json\" class=\"yoast-schema-graph\">{\"@context\":\"https:\/\/schema.org\",\"@graph\":[{\"@type\":\"WebPage\",\"@id\":\"https:\/\/www.airchecklab.com\/es\/contactanos\/acerca-del-laboratorio\/\",\"url\":\"https:\/\/www.airchecklab.com\/es\/contactanos\/acerca-del-laboratorio\/\",\"name\":\"Acerca del Laboratorio - Trace Analytics, the AirCheck Lab\",\"isPartOf\":{\"@id\":\"\/#website\"},\"datePublished\":\"2021-12-27T16:10:59+00:00\",\"dateModified\":\"2021-12-27T16:10:59+00:00\",\"description\":\"Trace Analytics es el AirCheck Lab. P\u00f3ngase en contacto con nuestro Equipo de Expertos para sus necesidades de an\u00e1lisis de aire comprimido.\",\"breadcrumb\":{\"@id\":\"https:\/\/www.airchecklab.com\/es\/contactanos\/acerca-del-laboratorio\/#breadcrumb\"},\"inLanguage\":\"es\",\"potentialAction\":[{\"@type\":\"ReadAction\",\"target\":[\"https:\/\/www.airchecklab.com\/es\/contactanos\/acerca-del-laboratorio\/\"]}]},{\"@type\":\"BreadcrumbList\",\"@id\":\"https:\/\/www.airchecklab.com\/es\/contactanos\/acerca-del-laboratorio\/#breadcrumb\",\"itemListElement\":[{\"@type\":\"ListItem\",\"position\":1,\"name\":\"Home\",\"item\":\"https:\/\/www.airchecklab.com\/es\/analisis-de-seguimiento-pruebas-ambientales-y-de-aire-comprimido\/\"},{\"@type\":\"ListItem\",\"position\":2,\"name\":\"Cont\u00e1ctanos\",\"item\":\"https:\/\/www.airchecklab.com\/es\/contactanos\/\"},{\"@type\":\"ListItem\",\"position\":3,\"name\":\"Acerca del Laboratorio\"}]},{\"@type\":\"WebSite\",\"@id\":\"\/#website\",\"url\":\"\/\",\"name\":\"Trace Analytics, the AirCheck Lab\",\"description\":\"Compressed Air Testing for ISO 8573, Microbial, SQF, Breathing Air\",\"publisher\":{\"@id\":\"\/#organization\"},\"potentialAction\":[{\"@type\":\"SearchAction\",\"target\":{\"@type\":\"EntryPoint\",\"urlTemplate\":\"\/?s={search_term_string}\"},\"query-input\":\"required name=search_term_string\"}],\"inLanguage\":\"es\"},{\"@type\":\"Organization\",\"@id\":\"\/#organization\",\"name\":\"Trace Analytics, LLC\",\"url\":\"\/\",\"logo\":{\"@type\":\"ImageObject\",\"inLanguage\":\"es\",\"@id\":\"\/#\/schema\/logo\/image\/\",\"url\":\"https:\/\/www.airchecklab.com\/wp-content\/uploads\/2021\/08\/Blue-01.png\",\"contentUrl\":\"https:\/\/www.airchecklab.com\/wp-content\/uploads\/2021\/08\/Blue-01.png\",\"width\":1600,\"height\":301,\"caption\":\"Trace Analytics, LLC\"},\"image\":{\"@id\":\"\/#\/schema\/logo\/image\/\"}}]}<\/script>\n<!-- \/ Yoast SEO Premium plugin. -->","yoast_head_json":{"title":"Acerca del Laboratorio - Trace Analytics, the AirCheck Lab","description":"Trace Analytics es el AirCheck Lab. P\u00f3ngase en contacto con nuestro Equipo de Expertos para sus necesidades de an\u00e1lisis de aire comprimido.","robots":{"index":"index","follow":"follow","max-snippet":"max-snippet:-1","max-image-preview":"max-image-preview:large","max-video-preview":"max-video-preview:-1"},"canonical":"https:\/\/www.airchecklab.com\/es\/contactanos\/acerca-del-laboratorio\/","og_locale":"es_ES","og_type":"article","og_title":"Acerca del Laboratorio","og_description":"Trace Analytics es el AirCheck Lab. P\u00f3ngase en contacto con nuestro Equipo de Expertos para sus necesidades de an\u00e1lisis de aire comprimido.","og_url":"https:\/\/www.airchecklab.com\/es\/contactanos\/acerca-del-laboratorio\/","og_site_name":"Trace Analytics, the AirCheck Lab","og_image":[{"width":1600,"height":300,"url":"https:\/\/www.airchecklab.com\/wp-content\/uploads\/2018\/02\/About-the-Lab.jpg","type":"image\/jpeg"}],"twitter_card":"summary_large_image","twitter_misc":{"Tiempo de lectura":"6 minutos"},"schema":{"@context":"https:\/\/schema.org","@graph":[{"@type":"WebPage","@id":"https:\/\/www.airchecklab.com\/es\/contactanos\/acerca-del-laboratorio\/","url":"https:\/\/www.airchecklab.com\/es\/contactanos\/acerca-del-laboratorio\/","name":"Acerca del Laboratorio - Trace Analytics, the AirCheck Lab","isPartOf":{"@id":"\/#website"},"datePublished":"2021-12-27T16:10:59+00:00","dateModified":"2021-12-27T16:10:59+00:00","description":"Trace Analytics es el AirCheck Lab. P\u00f3ngase en contacto con nuestro Equipo de Expertos para sus necesidades de an\u00e1lisis de aire comprimido.","breadcrumb":{"@id":"https:\/\/www.airchecklab.com\/es\/contactanos\/acerca-del-laboratorio\/#breadcrumb"},"inLanguage":"es","potentialAction":[{"@type":"ReadAction","target":["https:\/\/www.airchecklab.com\/es\/contactanos\/acerca-del-laboratorio\/"]}]},{"@type":"BreadcrumbList","@id":"https:\/\/www.airchecklab.com\/es\/contactanos\/acerca-del-laboratorio\/#breadcrumb","itemListElement":[{"@type":"ListItem","position":1,"name":"Home","item":"https:\/\/www.airchecklab.com\/es\/analisis-de-seguimiento-pruebas-ambientales-y-de-aire-comprimido\/"},{"@type":"ListItem","position":2,"name":"Cont\u00e1ctanos","item":"https:\/\/www.airchecklab.com\/es\/contactanos\/"},{"@type":"ListItem","position":3,"name":"Acerca del Laboratorio"}]},{"@type":"WebSite","@id":"\/#website","url":"\/","name":"Trace Analytics, the AirCheck Lab","description":"Compressed Air Testing for ISO 8573, Microbial, SQF, Breathing Air","publisher":{"@id":"\/#organization"},"potentialAction":[{"@type":"SearchAction","target":{"@type":"EntryPoint","urlTemplate":"\/?s={search_term_string}"},"query-input":"required name=search_term_string"}],"inLanguage":"es"},{"@type":"Organization","@id":"\/#organization","name":"Trace Analytics, LLC","url":"\/","logo":{"@type":"ImageObject","inLanguage":"es","@id":"\/#\/schema\/logo\/image\/","url":"https:\/\/www.airchecklab.com\/wp-content\/uploads\/2021\/08\/Blue-01.png","contentUrl":"https:\/\/www.airchecklab.com\/wp-content\/uploads\/2021\/08\/Blue-01.png","width":1600,"height":301,"caption":"Trace Analytics, LLC"},"image":{"@id":"\/#\/schema\/logo\/image\/"}}]}},"_links":{"self":[{"href":"https:\/\/www.airchecklab.com\/es\/wp-json\/wp\/v2\/pages\/22686"}],"collection":[{"href":"https:\/\/www.airchecklab.com\/es\/wp-json\/wp\/v2\/pages"}],"about":[{"href":"https:\/\/www.airchecklab.com\/es\/wp-json\/wp\/v2\/types\/page"}],"author":[{"embeddable":true,"href":"https:\/\/www.airchecklab.com\/es\/wp-json\/wp\/v2\/users\/1"}],"replies":[{"embeddable":true,"href":"https:\/\/www.airchecklab.com\/es\/wp-json\/wp\/v2\/comments?post=22686"}],"version-history":[{"count":0,"href":"https:\/\/www.airchecklab.com\/es\/wp-json\/wp\/v2\/pages\/22686\/revisions"}],"up":[{"embeddable":true,"href":"https:\/\/www.airchecklab.com\/es\/wp-json\/wp\/v2\/pages\/22710"}],"wp:featuredmedia":[{"embeddable":true,"href":"https:\/\/www.airchecklab.com\/es\/wp-json\/wp\/v2\/media\/19701"}],"wp:attachment":[{"href":"https:\/\/www.airchecklab.com\/es\/wp-json\/wp\/v2\/media?parent=22686"}],"curies":[{"name":"wp","href":"https:\/\/api.w.org\/{rel}","templated":true}]}}