{"id":22688,"date":"2021-12-27T10:11:00","date_gmt":"2021-12-27T16:11:00","guid":{"rendered":"https:\/\/dev.airchecklab.com\/instrumento-nuclear-2\/"},"modified":"2021-12-27T10:11:00","modified_gmt":"2021-12-27T16:11:00","slug":"instrumento-nuclear-2","status":"publish","type":"page","link":"https:\/\/www.airchecklab.com\/es\/servicos\/fabricacion-iso-8573-1\/instrumento-nuclear-2\/","title":{"rendered":"Instrumento \/ Nuclear"},"content":{"rendered":"<div class=\"sixteen columns fullwidth blackbg\">\n<h1 class=\"center uppercase\">Producci\u00f3n de Energ\u00eda Nuclear<\/h1>\n<p>\t<!-- \n\n<p>La producci\u00f3n de energ\u00eda nuclear se caracteriza por sus muy estrictas regulaciones, se dice que es una de las industrias m\u00e1s controladas en el mundo. Con el fin de asegurar la seguridad de sus operaciones, la energ\u00eda nuclear es supervisada, regulada, e inspeccionada por la <a target=\"_blank\" href=\"https:\/\/www.nrc.gov\/\" rel=\"noopener\">Nuclear Regulatory Commission (NRC)<\/a>.<\/p>\n\n --><\/p>\n<p>El est\u00e1ndar de calidad para aire de instrumento es ANSI \/ ISA-S7.0.01-1996. Las organizaciones <a href=\"http:\/\/ansi.org\">American National Standards Institute (ANSI)<\/a> <a href=\"http:\/\/www.isa.org\">Instrument Society of America (ISA)<\/a> reconocen la importancia del aire limpio y seco (CDA) y su papel en controladores e instrumentos neum\u00e1ticos. El aire de instrumento que no est\u00e1 limpio y seco puede tener efectos devastadores en los instrumentos que control, resultando en fallas del sistema o falta de precisi\u00f3n.<\/p>\n<p><a href=\"#ANSI-ISA-S7.0.01-1996\">ANSI \/ ISA-S7.0.01-1996<\/a> toma en cuenta 4 elementos de la calidad del aire de instrumento; punto de condensaci\u00f3n, tama\u00f1o de part\u00edcula, lubricante y contaminantes. El proceso de compresi\u00f3n aumenta la condensaci\u00f3n y los contaminantes en el aire. Si quieres saber m\u00e1s, ve a la p\u00e1gina de <a href=\"\/aircheck-academy\/Sources-Of-Contamination\/Manufacturing\">Contaminaci\u00f3n de Compresores<\/a> . Los contaminantes de aire pueden ser inofensivos antes de la compresi\u00f3n, pero ya que el aire es comprimido, pueden tener efectos catastr\u00f3ficos. La norma de calidad de aire de instrumento mencion\u00f3 los siguientes puntos para ayudar a monitorear estos problemas: Se sugiere la instalaci\u00f3n de alarmas de monitoreo o programar la supervisi\u00f3n del control del punto de condensaci\u00f3n y de los filtros de control de part\u00edculas. Evita el uso de lubricantes autom\u00e1ticos debido al riesgo de incendios. Posiciona correctamente la entrada para evitar contaminantes corrosivos y gaseosos. Las part\u00edculas pueden ser introducidas al sistema por una variedad de fuentes, incluida la entrada o el mismo compresor. Aunque los secadores desecantes son muy \u00fatiles y necesarios, crean polvo. Las part\u00edculas pueden tapar y corroer los orificios en el sistema. \u00bfEntonces c\u00f3mo puedes determinar si necesitas hacer estos ajustes o si tus precauciones para evitar la contaminaci\u00f3n est\u00e1n funcionando? Es simple &#8211; conduce an\u00e1lisis de calidad de aire actual.<\/p>\n<\/div>\n<div class=\"sixteen columns fullwidth lightbg\">\n<h1 class=\"center uppercase\">Normas y Est\u00e1ndares de la Industria<\/h1>\n<p>Con el fin de garantizar la seguridad y mejorar la eficiencia de las plantas de producci\u00f3n de energ\u00eda nuclear, los sistemas de aire requieren regulaci\u00f3n, mejor\u00edas y monitoreo. En el 2014, la industria de energ\u00eda nuclear decidi\u00f3 hacer mejoras a la calidad, eficiencia y seguridad del aire comprimido. Las organizaciones <a target=\"_blank\" href=\"https:\/\/www.nrc.gov\/\" rel=\"noopener\">Comisi\u00f3n Reguladora Nuclear (CNR)<\/a> e <a href=\"http:\/\/www.inpo.info\/\" target=\"_blank\" rel=\"noopener\">Instituto de Operaciones Nucleares (INPO)<\/a> establecieron regulaciones; el <a href=\"https:\/\/www.epri.com\/#\/\" target=\"_blank\" rel=\"noopener\">Instituto de Investigaci\u00f3n de Energ\u00eda El\u00e9ctrica (EPRI)<\/a> estableci\u00f3 est\u00e1ndares de mantenimiento; y el <a href=\"http:\/\/www.aovusersgroup.com\/canug.html\" target=\"_blank\" rel=\"noopener\">Grupo de Usuarios Nucleares de Aire Comprimido (CANUG)<\/a> mejor\u00f3 el dise\u00f1o de los sistemas de aire.<\/p>\n<p>Al establecer normas y est\u00e1ndares para toda la industria, INPO promueve excelencia en las operaciones de plantas que generan electricidad nuclear y evaluaciones del aire comprimido en su Informe de eventos operativos significativos (SOER). <a href=\"https:\/\/www.nrc.gov\/docs\/ml0037\/ml003767039.pdf\" target=\"_blank\" rel=\"noopener\">SOER 88-1 (Instrument Air Systems Failures)<\/a> enfatiza la importancia de la calidad de aire de instrumento y combina los <em>limites<\/em> de <a href=\"https:\/\/www.isa.org\/store\/isa-7001-1996-quality-standard-for-instrument-air\/116677\" target=\"_blank\" rel=\"noopener\">ISA-7.0.01-1996<\/a> y los <em>m\u00e9todos anal\u00edticos<\/em> de <a href=\"https:\/\/www.iso.org\/standard\/46418.html\" target=\"_blank\" rel=\"noopener\">ISO 8573<\/a> para crear una norma comprensiva que cubre todos los tipos posibles de contaminaci\u00f3n del sistema de aire.<\/p>\n<p>El kit de toma de muestra de Trace Analytics proporciona una soluci\u00f3n f\u00e1cil para satisfacer los requisitos de ANSI \/ ISA, ISO 8573 y SOER.<\/p>\n<p>En Trace Analytics, nuestro equipo de expertos est\u00e1 dedicado a ofrecer aire seguro y limpio a los est\u00e1ndares m\u00e1s altos. Nuestro laboratorio acreditado por A2LA se especializa en el an\u00e1lisis de aire comprimido y gas, y nuestros expertos han participado en programas educativos para mejorar instrumentos neum\u00e1ticos y sobre la calidad y seguridad del <a href=\"https:\/\/www.airbestpractices.com\/industries\/power\/instrument-air-nuclear-power-plants\" target=\"_blank\" rel=\"noopener\">aire de instrumento<\/a> al asistir y dar presentaciones en la conferencia de <a href=\"http:\/\/www.aovusersgroup.com\/index.html\" target=\"_blank\" rel=\"noopener\">Grupo de Usuarios de V\u00e1lvulas Operadas por Aire (Grupo AOVUS)<\/a> y en las juntas de <a href=\"http:\/\/www.aovusersgroup.com\/canug.html\" target=\"_blank\" rel=\"noopener\">Grupo de Usuarios Nucleares de Aire Comprimido (CANUG)<\/a> .<\/p>\n<\/div>\n<div class=\"sixteen columns fullwidth blackbg padb20\">\n<h1 class=\"center uppercase\">Normas de An\u00e1lisis de Aire Comprimido &amp; Gas de Instrumento<\/h1>\n<p>En Trace Analytics, LLC hacemos an\u00e1lisis para verificar el cumplimiento de una gran variedad de normas y especificaciones. La norma m\u00e1s usada para aire de calidad de instrumento es la siguiente:<\/p>\n<p>[IncludeSpec spec=&#8221;ansi&#8221;]\n<\/p><\/div>\n<div class=\"sixteen columns fullwidth lightbg\">\n\t<!--[if lte IE 8]>\n\t\t<script charset=\"utf-8\" type=\"text\/javascript\" src=\"\/\/js.hsforms.net\/forms\/v2-legacy.js\"><\/script>\n\t<![endif]--><br \/>\n\t<script charset=\"utf-8\" type=\"text\/javascript\" src=\"\/\/js.hsforms.net\/forms\/v2.js\"><\/script><br \/>\n\t<script>\n\t\thbspt.forms.create({\n\t\t\tportalId: \"4558619\",\n\t\t\tformId: \"03e1782a-aa51-461e-b5d8-40699379c04b\"\n\t\t\t});\n\t<\/script>\n<\/div>\n<div class=\"mart20\">\n\t[ShowAllSiblings title=&#8221;Otros Servicios de An\u00e1lisis:&#8221;]\n<\/div>\n","protected":false},"excerpt":{"rendered":"<p>Producci\u00f3n de Energ\u00eda Nuclear El est\u00e1ndar de calidad para aire de instrumento es ANSI \/ ISA-S7.0.01-1996. Las organizaciones American National Standards Institute (ANSI) Instrument Society of America (ISA) reconocen la importancia del aire limpio y seco (CDA) y su papel en controladores e instrumentos neum\u00e1ticos. El aire de instrumento que no est\u00e1 limpio y seco puede tener efectos devastadores en los instrumentos que control, resultando en fallas del sistema o falta de precisi\u00f3n. ANSI \/ ISA-S7.0.01-1996 toma en cuenta 4 [&hellip;]<\/p>\n","protected":false},"author":1,"featured_media":19699,"parent":22708,"menu_order":0,"comment_status":"closed","ping_status":"open","template":"100-width.php","meta":{"content-type":""},"yoast_head":"<!-- This site is optimized with the Yoast SEO Premium plugin v20.0 (Yoast SEO v20.0) - https:\/\/yoast.com\/wordpress\/plugins\/seo\/ -->\n<title>Instrumento \/ Nuclear - Trace Analytics, the AirCheck Lab<\/title>\n<meta name=\"description\" content=\"El an\u00e1lisis de calidad de aire de instrumento de acuerdo a ANSI \/ ISA-S7.0.01-1996 es f\u00e1cil con el AirCheck Kit. Contacta a nuestros expertos en aire de instrumento hoy.\" \/>\n<meta name=\"robots\" content=\"index, follow, max-snippet:-1, max-image-preview:large, max-video-preview:-1\" \/>\n<link rel=\"canonical\" href=\"https:\/\/www.airchecklab.com\/es\/servicos\/fabricacion-iso-8573-1\/instrumento-nuclear-2\/\" \/>\n<meta property=\"og:locale\" content=\"es_ES\" \/>\n<meta property=\"og:type\" content=\"article\" \/>\n<meta property=\"og:title\" content=\"Instrumento \/ Nuclear\" \/>\n<meta property=\"og:description\" content=\"El an\u00e1lisis de calidad de aire de instrumento de acuerdo a ANSI \/ ISA-S7.0.01-1996 es f\u00e1cil con el AirCheck Kit. Contacta a nuestros expertos en aire de instrumento hoy.\" \/>\n<meta property=\"og:url\" content=\"https:\/\/www.airchecklab.com\/es\/servicos\/fabricacion-iso-8573-1\/instrumento-nuclear-2\/\" \/>\n<meta property=\"og:site_name\" content=\"Trace Analytics, the AirCheck Lab\" \/>\n<meta property=\"og:image\" content=\"https:\/\/www.airchecklab.com\/wp-content\/uploads\/2018\/02\/banners-dive-01.jpg\" \/>\n\t<meta property=\"og:image:width\" content=\"1600\" \/>\n\t<meta property=\"og:image:height\" content=\"300\" \/>\n\t<meta property=\"og:image:type\" content=\"image\/jpeg\" \/>\n<meta name=\"twitter:card\" content=\"summary_large_image\" \/>\n<meta name=\"twitter:label1\" content=\"Tiempo de lectura\" \/>\n\t<meta name=\"twitter:data1\" content=\"3 minutos\" \/>\n<script type=\"application\/ld+json\" class=\"yoast-schema-graph\">{\"@context\":\"https:\/\/schema.org\",\"@graph\":[{\"@type\":\"WebPage\",\"@id\":\"https:\/\/www.airchecklab.com\/es\/servicos\/fabricacion-iso-8573-1\/instrumento-nuclear-2\/\",\"url\":\"https:\/\/www.airchecklab.com\/es\/servicos\/fabricacion-iso-8573-1\/instrumento-nuclear-2\/\",\"name\":\"Instrumento \/ Nuclear - Trace Analytics, the AirCheck Lab\",\"isPartOf\":{\"@id\":\"\/#website\"},\"datePublished\":\"2021-12-27T16:11:00+00:00\",\"dateModified\":\"2021-12-27T16:11:00+00:00\",\"description\":\"El an\u00e1lisis de calidad de aire de instrumento de acuerdo a ANSI \/ ISA-S7.0.01-1996 es f\u00e1cil con el AirCheck Kit. Contacta a nuestros expertos en aire de instrumento hoy.\",\"breadcrumb\":{\"@id\":\"https:\/\/www.airchecklab.com\/es\/servicos\/fabricacion-iso-8573-1\/instrumento-nuclear-2\/#breadcrumb\"},\"inLanguage\":\"es\",\"potentialAction\":[{\"@type\":\"ReadAction\",\"target\":[\"https:\/\/www.airchecklab.com\/es\/servicos\/fabricacion-iso-8573-1\/instrumento-nuclear-2\/\"]}]},{\"@type\":\"BreadcrumbList\",\"@id\":\"https:\/\/www.airchecklab.com\/es\/servicos\/fabricacion-iso-8573-1\/instrumento-nuclear-2\/#breadcrumb\",\"itemListElement\":[{\"@type\":\"ListItem\",\"position\":1,\"name\":\"Home\",\"item\":\"https:\/\/www.airchecklab.com\/es\/analisis-de-seguimiento-pruebas-ambientales-y-de-aire-comprimido\/\"},{\"@type\":\"ListItem\",\"position\":2,\"name\":\"Servicos\",\"item\":\"https:\/\/www.airchecklab.com\/es\/servicos\/\"},{\"@type\":\"ListItem\",\"position\":3,\"name\":\"Fabricaci\u00f3n \/ ISO 8573-1\",\"item\":\"https:\/\/www.airchecklab.com\/es\/servicos\/fabricacion-iso-8573-1\/\"},{\"@type\":\"ListItem\",\"position\":4,\"name\":\"Instrumento \/ Nuclear\"}]},{\"@type\":\"WebSite\",\"@id\":\"\/#website\",\"url\":\"\/\",\"name\":\"Trace Analytics, the AirCheck Lab\",\"description\":\"Compressed Air Testing for ISO 8573, Microbial, SQF, Breathing Air\",\"publisher\":{\"@id\":\"\/#organization\"},\"potentialAction\":[{\"@type\":\"SearchAction\",\"target\":{\"@type\":\"EntryPoint\",\"urlTemplate\":\"\/?s={search_term_string}\"},\"query-input\":\"required name=search_term_string\"}],\"inLanguage\":\"es\"},{\"@type\":\"Organization\",\"@id\":\"\/#organization\",\"name\":\"Trace Analytics, LLC\",\"url\":\"\/\",\"logo\":{\"@type\":\"ImageObject\",\"inLanguage\":\"es\",\"@id\":\"\/#\/schema\/logo\/image\/\",\"url\":\"https:\/\/www.airchecklab.com\/wp-content\/uploads\/2021\/08\/Blue-01.png\",\"contentUrl\":\"https:\/\/www.airchecklab.com\/wp-content\/uploads\/2021\/08\/Blue-01.png\",\"width\":1600,\"height\":301,\"caption\":\"Trace Analytics, LLC\"},\"image\":{\"@id\":\"\/#\/schema\/logo\/image\/\"}}]}<\/script>\n<!-- \/ Yoast SEO Premium plugin. -->","yoast_head_json":{"title":"Instrumento \/ Nuclear - Trace Analytics, the AirCheck Lab","description":"El an\u00e1lisis de calidad de aire de instrumento de acuerdo a ANSI \/ ISA-S7.0.01-1996 es f\u00e1cil con el AirCheck Kit. Contacta a nuestros expertos en aire de instrumento hoy.","robots":{"index":"index","follow":"follow","max-snippet":"max-snippet:-1","max-image-preview":"max-image-preview:large","max-video-preview":"max-video-preview:-1"},"canonical":"https:\/\/www.airchecklab.com\/es\/servicos\/fabricacion-iso-8573-1\/instrumento-nuclear-2\/","og_locale":"es_ES","og_type":"article","og_title":"Instrumento \/ Nuclear","og_description":"El an\u00e1lisis de calidad de aire de instrumento de acuerdo a ANSI \/ ISA-S7.0.01-1996 es f\u00e1cil con el AirCheck Kit. Contacta a nuestros expertos en aire de instrumento hoy.","og_url":"https:\/\/www.airchecklab.com\/es\/servicos\/fabricacion-iso-8573-1\/instrumento-nuclear-2\/","og_site_name":"Trace Analytics, the AirCheck Lab","og_image":[{"width":1600,"height":300,"url":"https:\/\/www.airchecklab.com\/wp-content\/uploads\/2018\/02\/banners-dive-01.jpg","type":"image\/jpeg"}],"twitter_card":"summary_large_image","twitter_misc":{"Tiempo de lectura":"3 minutos"},"schema":{"@context":"https:\/\/schema.org","@graph":[{"@type":"WebPage","@id":"https:\/\/www.airchecklab.com\/es\/servicos\/fabricacion-iso-8573-1\/instrumento-nuclear-2\/","url":"https:\/\/www.airchecklab.com\/es\/servicos\/fabricacion-iso-8573-1\/instrumento-nuclear-2\/","name":"Instrumento \/ Nuclear - Trace Analytics, the AirCheck Lab","isPartOf":{"@id":"\/#website"},"datePublished":"2021-12-27T16:11:00+00:00","dateModified":"2021-12-27T16:11:00+00:00","description":"El an\u00e1lisis de calidad de aire de instrumento de acuerdo a ANSI \/ ISA-S7.0.01-1996 es f\u00e1cil con el AirCheck Kit. Contacta a nuestros expertos en aire de instrumento hoy.","breadcrumb":{"@id":"https:\/\/www.airchecklab.com\/es\/servicos\/fabricacion-iso-8573-1\/instrumento-nuclear-2\/#breadcrumb"},"inLanguage":"es","potentialAction":[{"@type":"ReadAction","target":["https:\/\/www.airchecklab.com\/es\/servicos\/fabricacion-iso-8573-1\/instrumento-nuclear-2\/"]}]},{"@type":"BreadcrumbList","@id":"https:\/\/www.airchecklab.com\/es\/servicos\/fabricacion-iso-8573-1\/instrumento-nuclear-2\/#breadcrumb","itemListElement":[{"@type":"ListItem","position":1,"name":"Home","item":"https:\/\/www.airchecklab.com\/es\/analisis-de-seguimiento-pruebas-ambientales-y-de-aire-comprimido\/"},{"@type":"ListItem","position":2,"name":"Servicos","item":"https:\/\/www.airchecklab.com\/es\/servicos\/"},{"@type":"ListItem","position":3,"name":"Fabricaci\u00f3n \/ ISO 8573-1","item":"https:\/\/www.airchecklab.com\/es\/servicos\/fabricacion-iso-8573-1\/"},{"@type":"ListItem","position":4,"name":"Instrumento \/ Nuclear"}]},{"@type":"WebSite","@id":"\/#website","url":"\/","name":"Trace Analytics, the AirCheck Lab","description":"Compressed Air Testing for ISO 8573, Microbial, SQF, Breathing Air","publisher":{"@id":"\/#organization"},"potentialAction":[{"@type":"SearchAction","target":{"@type":"EntryPoint","urlTemplate":"\/?s={search_term_string}"},"query-input":"required name=search_term_string"}],"inLanguage":"es"},{"@type":"Organization","@id":"\/#organization","name":"Trace Analytics, LLC","url":"\/","logo":{"@type":"ImageObject","inLanguage":"es","@id":"\/#\/schema\/logo\/image\/","url":"https:\/\/www.airchecklab.com\/wp-content\/uploads\/2021\/08\/Blue-01.png","contentUrl":"https:\/\/www.airchecklab.com\/wp-content\/uploads\/2021\/08\/Blue-01.png","width":1600,"height":301,"caption":"Trace Analytics, LLC"},"image":{"@id":"\/#\/schema\/logo\/image\/"}}]}},"_links":{"self":[{"href":"https:\/\/www.airchecklab.com\/es\/wp-json\/wp\/v2\/pages\/22688"}],"collection":[{"href":"https:\/\/www.airchecklab.com\/es\/wp-json\/wp\/v2\/pages"}],"about":[{"href":"https:\/\/www.airchecklab.com\/es\/wp-json\/wp\/v2\/types\/page"}],"author":[{"embeddable":true,"href":"https:\/\/www.airchecklab.com\/es\/wp-json\/wp\/v2\/users\/1"}],"replies":[{"embeddable":true,"href":"https:\/\/www.airchecklab.com\/es\/wp-json\/wp\/v2\/comments?post=22688"}],"version-history":[{"count":0,"href":"https:\/\/www.airchecklab.com\/es\/wp-json\/wp\/v2\/pages\/22688\/revisions"}],"up":[{"embeddable":true,"href":"https:\/\/www.airchecklab.com\/es\/wp-json\/wp\/v2\/pages\/22708"}],"wp:featuredmedia":[{"embeddable":true,"href":"https:\/\/www.airchecklab.com\/es\/wp-json\/wp\/v2\/media\/19699"}],"wp:attachment":[{"href":"https:\/\/www.airchecklab.com\/es\/wp-json\/wp\/v2\/media?parent=22688"}],"curies":[{"name":"wp","href":"https:\/\/api.w.org\/{rel}","templated":true}]}}