{"id":22689,"date":"2021-12-27T10:11:00","date_gmt":"2021-12-27T16:11:00","guid":{"rendered":"https:\/\/dev.airchecklab.com\/academia-aircheck%e2%9c%93\/seminarios-web\/analisis-de-aire-comprimido-consejos-y-solucion-de-problemas\/"},"modified":"2021-12-27T10:11:00","modified_gmt":"2021-12-27T16:11:00","slug":"analisis-de-aire-comprimido-consejos-y-solucion-de-problemas","status":"publish","type":"page","link":"https:\/\/www.airchecklab.com\/es\/academia-aircheck%e2%9c%93\/seminarios-web\/analisis-de-aire-comprimido-consejos-y-solucion-de-problemas\/","title":{"rendered":"An\u00e1lisis de aire comprimido: consejos y soluci\u00f3n de problemas"},"content":{"rendered":"<p>[blackbg]<br \/>\n\t[h1]Aprobaci\u00f3n de su an\u00e1lisis de aire comprimido: consejos y soluci\u00f3n de problemas para un cumplimiento exitoso[\/h1]<br \/>\n\t[video_youtube video_id=&#8221;FfwGOE829qE&#8221; width=&#8221;460&#8243; height=&#8221;259&#8243; noyoutube=&#8221;&#8221; title=&#8221;Passing Your Compressed Air Analysis: Tips and Troubleshooting for Successful Compliance&#8221;]<\/p>\n<p>Esta sesi\u00f3n cubrir\u00e1 los problemas frecuentes de las pruebas de aire comprimido. A menudo, los sistemas cumplen los requisitos y, sin embargo, una y otra vez, el an\u00e1lisis mostrar\u00e1 resultados incorrectos. El seminario web ilustrar\u00e1 los modos de falla comunes, discutir\u00e1 los pros y los contras de varios tipos de tecnolog\u00eda de prueba y ayudar\u00e1 a los espectadores a crear un plan que garantizar\u00e1 el cumplimiento continuo de sus sistemas de gas y aire comprimido.<\/p>\n<p>[\/blackbg]<br \/>\n[lightbg]<br \/>\n\t<!--[if lte IE 8]>\n\t\t<script charset=\"utf-8\" type=\"text\/javascript\" src=\"\/\/js.hsforms.net\/forms\/v2-legacy.js\"><\/script>\n\t<![endif]--><br \/>\n\t<script charset=\"utf-8\" type=\"text\/javascript\" src=\"\/\/js.hsforms.net\/forms\/v2.js\"><\/script><br \/>\n\t<script>\n\t\thbspt.forms.create({\n\t\t\tportalId: \"4558619\",\n\t\t\tformId: \"218d4ee5-d0d6-4e55-870e-343fc8a09450\"\n\t\t\t});\n\t<\/script><br \/>\n[\/lightbg]<\/p>\n","protected":false},"excerpt":{"rendered":"<p>[blackbg] [h1]Aprobaci\u00f3n de su an\u00e1lisis de aire comprimido: consejos y soluci\u00f3n de problemas para un cumplimiento exitoso[\/h1] [video_youtube video_id=&#8221;FfwGOE829qE&#8221; width=&#8221;460&#8243; height=&#8221;259&#8243; noyoutube=&#8221;&#8221; title=&#8221;Passing Your Compressed Air Analysis: Tips and Troubleshooting for Successful Compliance&#8221;] Esta sesi\u00f3n cubrir\u00e1 los problemas frecuentes de las pruebas de aire comprimido. A menudo, los sistemas cumplen los requisitos y, sin embargo, una y otra vez, el an\u00e1lisis mostrar\u00e1 resultados incorrectos. El seminario web ilustrar\u00e1 los modos de falla comunes, discutir\u00e1 los pros y los contras de [&hellip;]<\/p>\n","protected":false},"author":1,"featured_media":0,"parent":22680,"menu_order":0,"comment_status":"closed","ping_status":"closed","template":"","meta":{"content-type":""},"yoast_head":"<!-- This site is optimized with the Yoast SEO Premium plugin v20.0 (Yoast SEO v20.0) - https:\/\/yoast.com\/wordpress\/plugins\/seo\/ -->\n<title>An\u00e1lisis de aire comprimido: consejos y soluci\u00f3n de problemas - Trace Analytics, the AirCheck Lab<\/title>\n<meta name=\"robots\" content=\"index, follow, max-snippet:-1, max-image-preview:large, max-video-preview:-1\" \/>\n<link rel=\"canonical\" href=\"https:\/\/www.airchecklab.com\/es\/academia-aircheck%e2%9c%93\/seminarios-web\/analisis-de-aire-comprimido-consejos-y-solucion-de-problemas\/\" \/>\n<meta property=\"og:locale\" content=\"es_ES\" \/>\n<meta property=\"og:type\" content=\"article\" \/>\n<meta property=\"og:title\" content=\"An\u00e1lisis de aire comprimido: consejos y soluci\u00f3n de problemas\" \/>\n<meta property=\"og:description\" content=\"[blackbg] [h1]Aprobaci\u00f3n de su an\u00e1lisis de aire comprimido: consejos y soluci\u00f3n de problemas para un cumplimiento exitoso[\/h1] [video_youtube video_id=&#8221;FfwGOE829qE&#8221; width=&#8221;460&#8243; height=&#8221;259&#8243; noyoutube=&#8221;&#8221; title=&#8221;Passing Your Compressed Air Analysis: Tips and Troubleshooting for Successful Compliance&#8221;] Esta sesi\u00f3n cubrir\u00e1 los problemas frecuentes de las pruebas de aire comprimido. A menudo, los sistemas cumplen los requisitos y, sin embargo, una y otra vez, el an\u00e1lisis mostrar\u00e1 resultados incorrectos. El seminario web ilustrar\u00e1 los modos de falla comunes, discutir\u00e1 los pros y los contras de [&hellip;]\" \/>\n<meta property=\"og:url\" content=\"https:\/\/www.airchecklab.com\/es\/academia-aircheck%e2%9c%93\/seminarios-web\/analisis-de-aire-comprimido-consejos-y-solucion-de-problemas\/\" \/>\n<meta property=\"og:site_name\" content=\"Trace Analytics, the AirCheck Lab\" \/>\n<meta name=\"twitter:card\" content=\"summary_large_image\" \/>\n<meta name=\"twitter:label1\" content=\"Tiempo de lectura\" \/>\n\t<meta name=\"twitter:data1\" content=\"1 minuto\" \/>\n<script type=\"application\/ld+json\" class=\"yoast-schema-graph\">{\"@context\":\"https:\/\/schema.org\",\"@graph\":[{\"@type\":\"WebPage\",\"@id\":\"https:\/\/www.airchecklab.com\/es\/academia-aircheck%e2%9c%93\/seminarios-web\/analisis-de-aire-comprimido-consejos-y-solucion-de-problemas\/\",\"url\":\"https:\/\/www.airchecklab.com\/es\/academia-aircheck%e2%9c%93\/seminarios-web\/analisis-de-aire-comprimido-consejos-y-solucion-de-problemas\/\",\"name\":\"An\u00e1lisis de aire comprimido: consejos y soluci\u00f3n de problemas - Trace Analytics, the AirCheck Lab\",\"isPartOf\":{\"@id\":\"\/#website\"},\"datePublished\":\"2021-12-27T16:11:00+00:00\",\"dateModified\":\"2021-12-27T16:11:00+00:00\",\"breadcrumb\":{\"@id\":\"https:\/\/www.airchecklab.com\/es\/academia-aircheck%e2%9c%93\/seminarios-web\/analisis-de-aire-comprimido-consejos-y-solucion-de-problemas\/#breadcrumb\"},\"inLanguage\":\"es\",\"potentialAction\":[{\"@type\":\"ReadAction\",\"target\":[\"https:\/\/www.airchecklab.com\/es\/academia-aircheck%e2%9c%93\/seminarios-web\/analisis-de-aire-comprimido-consejos-y-solucion-de-problemas\/\"]}]},{\"@type\":\"BreadcrumbList\",\"@id\":\"https:\/\/www.airchecklab.com\/es\/academia-aircheck%e2%9c%93\/seminarios-web\/analisis-de-aire-comprimido-consejos-y-solucion-de-problemas\/#breadcrumb\",\"itemListElement\":[{\"@type\":\"ListItem\",\"position\":1,\"name\":\"Home\",\"item\":\"https:\/\/www.airchecklab.com\/es\/analisis-de-seguimiento-pruebas-ambientales-y-de-aire-comprimido\/\"},{\"@type\":\"ListItem\",\"position\":2,\"name\":\"Academia AirCheck\u2713\",\"item\":\"https:\/\/www.airchecklab.com\/es\/academia-aircheck%e2%9c%93\/\"},{\"@type\":\"ListItem\",\"position\":3,\"name\":\"Seminarios web\",\"item\":\"https:\/\/www.airchecklab.com\/es\/academia-aircheck%e2%9c%93\/seminarios-web\/\"},{\"@type\":\"ListItem\",\"position\":4,\"name\":\"An\u00e1lisis de aire comprimido: consejos y soluci\u00f3n de problemas\"}]},{\"@type\":\"WebSite\",\"@id\":\"\/#website\",\"url\":\"\/\",\"name\":\"Trace Analytics, the AirCheck Lab\",\"description\":\"Compressed Air Testing for ISO 8573, Microbial, SQF, Breathing Air\",\"publisher\":{\"@id\":\"\/#organization\"},\"potentialAction\":[{\"@type\":\"SearchAction\",\"target\":{\"@type\":\"EntryPoint\",\"urlTemplate\":\"\/?s={search_term_string}\"},\"query-input\":\"required name=search_term_string\"}],\"inLanguage\":\"es\"},{\"@type\":\"Organization\",\"@id\":\"\/#organization\",\"name\":\"Trace Analytics, LLC\",\"url\":\"\/\",\"logo\":{\"@type\":\"ImageObject\",\"inLanguage\":\"es\",\"@id\":\"\/#\/schema\/logo\/image\/\",\"url\":\"https:\/\/www.airchecklab.com\/wp-content\/uploads\/2021\/08\/Blue-01.png\",\"contentUrl\":\"https:\/\/www.airchecklab.com\/wp-content\/uploads\/2021\/08\/Blue-01.png\",\"width\":1600,\"height\":301,\"caption\":\"Trace Analytics, LLC\"},\"image\":{\"@id\":\"\/#\/schema\/logo\/image\/\"}}]}<\/script>\n<!-- \/ Yoast SEO Premium plugin. -->","yoast_head_json":{"title":"An\u00e1lisis de aire comprimido: consejos y soluci\u00f3n de problemas - Trace Analytics, the AirCheck Lab","robots":{"index":"index","follow":"follow","max-snippet":"max-snippet:-1","max-image-preview":"max-image-preview:large","max-video-preview":"max-video-preview:-1"},"canonical":"https:\/\/www.airchecklab.com\/es\/academia-aircheck%e2%9c%93\/seminarios-web\/analisis-de-aire-comprimido-consejos-y-solucion-de-problemas\/","og_locale":"es_ES","og_type":"article","og_title":"An\u00e1lisis de aire comprimido: consejos y soluci\u00f3n de problemas","og_description":"[blackbg] [h1]Aprobaci\u00f3n de su an\u00e1lisis de aire comprimido: consejos y soluci\u00f3n de problemas para un cumplimiento exitoso[\/h1] [video_youtube video_id=&#8221;FfwGOE829qE&#8221; width=&#8221;460&#8243; height=&#8221;259&#8243; noyoutube=&#8221;&#8221; title=&#8221;Passing Your Compressed Air Analysis: Tips and Troubleshooting for Successful Compliance&#8221;] Esta sesi\u00f3n cubrir\u00e1 los problemas frecuentes de las pruebas de aire comprimido. A menudo, los sistemas cumplen los requisitos y, sin embargo, una y otra vez, el an\u00e1lisis mostrar\u00e1 resultados incorrectos. El seminario web ilustrar\u00e1 los modos de falla comunes, discutir\u00e1 los pros y los contras de [&hellip;]","og_url":"https:\/\/www.airchecklab.com\/es\/academia-aircheck%e2%9c%93\/seminarios-web\/analisis-de-aire-comprimido-consejos-y-solucion-de-problemas\/","og_site_name":"Trace Analytics, the AirCheck Lab","twitter_card":"summary_large_image","twitter_misc":{"Tiempo de lectura":"1 minuto"},"schema":{"@context":"https:\/\/schema.org","@graph":[{"@type":"WebPage","@id":"https:\/\/www.airchecklab.com\/es\/academia-aircheck%e2%9c%93\/seminarios-web\/analisis-de-aire-comprimido-consejos-y-solucion-de-problemas\/","url":"https:\/\/www.airchecklab.com\/es\/academia-aircheck%e2%9c%93\/seminarios-web\/analisis-de-aire-comprimido-consejos-y-solucion-de-problemas\/","name":"An\u00e1lisis de aire comprimido: consejos y soluci\u00f3n de problemas - Trace Analytics, the AirCheck Lab","isPartOf":{"@id":"\/#website"},"datePublished":"2021-12-27T16:11:00+00:00","dateModified":"2021-12-27T16:11:00+00:00","breadcrumb":{"@id":"https:\/\/www.airchecklab.com\/es\/academia-aircheck%e2%9c%93\/seminarios-web\/analisis-de-aire-comprimido-consejos-y-solucion-de-problemas\/#breadcrumb"},"inLanguage":"es","potentialAction":[{"@type":"ReadAction","target":["https:\/\/www.airchecklab.com\/es\/academia-aircheck%e2%9c%93\/seminarios-web\/analisis-de-aire-comprimido-consejos-y-solucion-de-problemas\/"]}]},{"@type":"BreadcrumbList","@id":"https:\/\/www.airchecklab.com\/es\/academia-aircheck%e2%9c%93\/seminarios-web\/analisis-de-aire-comprimido-consejos-y-solucion-de-problemas\/#breadcrumb","itemListElement":[{"@type":"ListItem","position":1,"name":"Home","item":"https:\/\/www.airchecklab.com\/es\/analisis-de-seguimiento-pruebas-ambientales-y-de-aire-comprimido\/"},{"@type":"ListItem","position":2,"name":"Academia AirCheck\u2713","item":"https:\/\/www.airchecklab.com\/es\/academia-aircheck%e2%9c%93\/"},{"@type":"ListItem","position":3,"name":"Seminarios web","item":"https:\/\/www.airchecklab.com\/es\/academia-aircheck%e2%9c%93\/seminarios-web\/"},{"@type":"ListItem","position":4,"name":"An\u00e1lisis de aire comprimido: consejos y soluci\u00f3n de problemas"}]},{"@type":"WebSite","@id":"\/#website","url":"\/","name":"Trace Analytics, the AirCheck Lab","description":"Compressed Air Testing for ISO 8573, Microbial, SQF, Breathing Air","publisher":{"@id":"\/#organization"},"potentialAction":[{"@type":"SearchAction","target":{"@type":"EntryPoint","urlTemplate":"\/?s={search_term_string}"},"query-input":"required name=search_term_string"}],"inLanguage":"es"},{"@type":"Organization","@id":"\/#organization","name":"Trace Analytics, LLC","url":"\/","logo":{"@type":"ImageObject","inLanguage":"es","@id":"\/#\/schema\/logo\/image\/","url":"https:\/\/www.airchecklab.com\/wp-content\/uploads\/2021\/08\/Blue-01.png","contentUrl":"https:\/\/www.airchecklab.com\/wp-content\/uploads\/2021\/08\/Blue-01.png","width":1600,"height":301,"caption":"Trace Analytics, LLC"},"image":{"@id":"\/#\/schema\/logo\/image\/"}}]}},"_links":{"self":[{"href":"https:\/\/www.airchecklab.com\/es\/wp-json\/wp\/v2\/pages\/22689"}],"collection":[{"href":"https:\/\/www.airchecklab.com\/es\/wp-json\/wp\/v2\/pages"}],"about":[{"href":"https:\/\/www.airchecklab.com\/es\/wp-json\/wp\/v2\/types\/page"}],"author":[{"embeddable":true,"href":"https:\/\/www.airchecklab.com\/es\/wp-json\/wp\/v2\/users\/1"}],"replies":[{"embeddable":true,"href":"https:\/\/www.airchecklab.com\/es\/wp-json\/wp\/v2\/comments?post=22689"}],"version-history":[{"count":0,"href":"https:\/\/www.airchecklab.com\/es\/wp-json\/wp\/v2\/pages\/22689\/revisions"}],"up":[{"embeddable":true,"href":"https:\/\/www.airchecklab.com\/es\/wp-json\/wp\/v2\/pages\/22680"}],"wp:attachment":[{"href":"https:\/\/www.airchecklab.com\/es\/wp-json\/wp\/v2\/media?parent=22689"}],"curies":[{"name":"wp","href":"https:\/\/api.w.org\/{rel}","templated":true}]}}