{"id":22690,"date":"2021-12-27T10:11:00","date_gmt":"2021-12-27T16:11:00","guid":{"rendered":"https:\/\/dev.airchecklab.com\/conviertete-en-un-distribuidor\/"},"modified":"2021-12-27T10:11:00","modified_gmt":"2021-12-27T16:11:00","slug":"conviertete-en-un-distribuidor","status":"publish","type":"page","link":"https:\/\/www.airchecklab.com\/es\/servicos\/distribuidores\/conviertete-en-un-distribuidor\/","title":{"rendered":"Convi\u00e9rtete en un Distribuidor"},"content":{"rendered":"<p>[lightbg]<\/p>\n<h1>Convi\u00e9rtete en un distribuidor de AirCheck &#x2122;<\/h1>\n<p>En Trace Analytics, LLC, nos asociamos con los l\u00edderes en instalaci\u00f3n y mantenimiento de compresores, asesor\u00edas y servicios t\u00e9cnicos para acrecentar sus propios negocios y ayudarlos a ofrecer lo mejor en an\u00e1lisis de aire comprimido.<\/p>\n<p>El aire comprimido puede ser una utilidad fundamental en aire respirable y aplicaciones de manufactura. Ya sea que el aire comprimido sea cr\u00edtico para la vida o usado en procesos de producci\u00f3n, su calidad debe de ser monitoreada y debe de haber un mantenimiento programado. El an\u00e1lisis de aire comprimido puede ser un complemento perfecto para los servicios de mantenimiento que pueden proporcionar &#8211; hacer crecer su negocio al garantizar la calidad de sus clientes actuales y futuros.<\/p>\n<p>[\/lightbg]<\/p>\n<p>[blackbg]<\/p>\n<h1>As\u00f3ciate con Trace<\/h1>\n<p>Cuando te asocias con Trace convirti\u00e9ndote en un Distribuidor[aircheck][\/aircheck] , nosotros de proporcionamos el entrenamiento y las herramientas necesarias para llevar a cabo acabo y vender an\u00e1lisis de aire. Nuestro [aircheck]Kit[\/aircheck] es compacto, ligero e incluye frascos para analizar los compresores de tus clientes. Tambi\u00e9n te surtimos de suficientes piezas de toma de muestra para que puedas cumplir con los an\u00e1lisis de los programas de tus clientes y ahorrar en los gastos de env\u00edo.<\/p>\n<p>\u00bfNecesitas servicios relacionados con tu compresor de aire de un Distribuidor[aircheck][\/aircheck] ? <a href=\"https:\/\/www.airchecklab.com\/?page_id=8713\">Encuentra un distribuidor.<\/a><\/p>\n<p>[\/blackbg]<\/p>\n<p>[lightbg]<br \/>\n\t<!--[if lte IE 8]>\n\t\t<script charset=\"utf-8\" type=\"text\/javascript\" src=\"\/\/js.hsforms.net\/forms\/v2-legacy.js\"><\/script>\n\t<![endif]--><br \/>\n\t<script charset=\"utf-8\" type=\"text\/javascript\" src=\"\/\/js.hsforms.net\/forms\/v2.js\"><\/script><br \/>\n\t<script>\n\t\thbspt.forms.create({\n\t\t\tportalId: \"4558619\",\n\t\t\tformId: \"03e1782a-aa51-461e-b5d8-40699379c04b\"\n\t\t\t});\n\t<\/script><br \/>\n[\/lightbg]<\/p>\n","protected":false},"excerpt":{"rendered":"<p>[lightbg] Convi\u00e9rtete en un distribuidor de AirCheck &#x2122; En Trace Analytics, LLC, nos asociamos con los l\u00edderes en instalaci\u00f3n y mantenimiento de compresores, asesor\u00edas y servicios t\u00e9cnicos para acrecentar sus propios negocios y ayudarlos a ofrecer lo mejor en an\u00e1lisis de aire comprimido. El aire comprimido puede ser una utilidad fundamental en aire respirable y aplicaciones de manufactura. Ya sea que el aire comprimido sea cr\u00edtico para la vida o usado en procesos de producci\u00f3n, su calidad debe de ser [&hellip;]<\/p>\n","protected":false},"author":1,"featured_media":19713,"parent":22707,"menu_order":0,"comment_status":"closed","ping_status":"closed","template":"100-width.php","meta":{"content-type":""},"yoast_head":"<!-- This site is optimized with the Yoast SEO Premium plugin v20.0 (Yoast SEO v20.0) - https:\/\/yoast.com\/wordpress\/plugins\/seo\/ -->\n<title>Convi\u00e9rtete en un Distribuidor - Trace Analytics, the AirCheck Lab<\/title>\n<meta name=\"robots\" content=\"index, follow, max-snippet:-1, max-image-preview:large, max-video-preview:-1\" \/>\n<link rel=\"canonical\" href=\"https:\/\/www.airchecklab.com\/es\/servicos\/distribuidores\/conviertete-en-un-distribuidor\/\" \/>\n<meta property=\"og:locale\" content=\"es_ES\" \/>\n<meta property=\"og:type\" content=\"article\" \/>\n<meta property=\"og:title\" content=\"Convi\u00e9rtete en un Distribuidor\" \/>\n<meta property=\"og:description\" content=\"[lightbg] Convi\u00e9rtete en un distribuidor de AirCheck &#x2122; En Trace Analytics, LLC, nos asociamos con los l\u00edderes en instalaci\u00f3n y mantenimiento de compresores, asesor\u00edas y servicios t\u00e9cnicos para acrecentar sus propios negocios y ayudarlos a ofrecer lo mejor en an\u00e1lisis de aire comprimido. El aire comprimido puede ser una utilidad fundamental en aire respirable y aplicaciones de manufactura. Ya sea que el aire comprimido sea cr\u00edtico para la vida o usado en procesos de producci\u00f3n, su calidad debe de ser [&hellip;]\" \/>\n<meta property=\"og:url\" content=\"https:\/\/www.airchecklab.com\/es\/servicos\/distribuidores\/conviertete-en-un-distribuidor\/\" \/>\n<meta property=\"og:site_name\" content=\"Trace Analytics, the AirCheck Lab\" \/>\n<meta property=\"og:image\" content=\"https:\/\/www.airchecklab.com\/wp-content\/uploads\/2018\/02\/breathing-air-blue.jpg\" \/>\n\t<meta property=\"og:image:width\" content=\"1600\" \/>\n\t<meta property=\"og:image:height\" content=\"300\" \/>\n\t<meta property=\"og:image:type\" content=\"image\/jpeg\" \/>\n<meta name=\"twitter:card\" content=\"summary_large_image\" \/>\n<meta name=\"twitter:label1\" content=\"Tiempo de lectura\" \/>\n\t<meta name=\"twitter:data1\" content=\"1 minuto\" \/>\n<script type=\"application\/ld+json\" class=\"yoast-schema-graph\">{\"@context\":\"https:\/\/schema.org\",\"@graph\":[{\"@type\":\"WebPage\",\"@id\":\"https:\/\/www.airchecklab.com\/es\/servicos\/distribuidores\/conviertete-en-un-distribuidor\/\",\"url\":\"https:\/\/www.airchecklab.com\/es\/servicos\/distribuidores\/conviertete-en-un-distribuidor\/\",\"name\":\"Convi\u00e9rtete en un Distribuidor - Trace Analytics, the AirCheck Lab\",\"isPartOf\":{\"@id\":\"\/#website\"},\"datePublished\":\"2021-12-27T16:11:00+00:00\",\"dateModified\":\"2021-12-27T16:11:00+00:00\",\"breadcrumb\":{\"@id\":\"https:\/\/www.airchecklab.com\/es\/servicos\/distribuidores\/conviertete-en-un-distribuidor\/#breadcrumb\"},\"inLanguage\":\"es\",\"potentialAction\":[{\"@type\":\"ReadAction\",\"target\":[\"https:\/\/www.airchecklab.com\/es\/servicos\/distribuidores\/conviertete-en-un-distribuidor\/\"]}]},{\"@type\":\"BreadcrumbList\",\"@id\":\"https:\/\/www.airchecklab.com\/es\/servicos\/distribuidores\/conviertete-en-un-distribuidor\/#breadcrumb\",\"itemListElement\":[{\"@type\":\"ListItem\",\"position\":1,\"name\":\"Home\",\"item\":\"https:\/\/www.airchecklab.com\/es\/analisis-de-seguimiento-pruebas-ambientales-y-de-aire-comprimido\/\"},{\"@type\":\"ListItem\",\"position\":2,\"name\":\"Servicos\",\"item\":\"https:\/\/www.airchecklab.com\/es\/servicos\/\"},{\"@type\":\"ListItem\",\"position\":3,\"name\":\"Distribuidores\",\"item\":\"https:\/\/www.airchecklab.com\/es\/servicos\/distribuidores\/\"},{\"@type\":\"ListItem\",\"position\":4,\"name\":\"Convi\u00e9rtete en un Distribuidor\"}]},{\"@type\":\"WebSite\",\"@id\":\"\/#website\",\"url\":\"\/\",\"name\":\"Trace Analytics, the AirCheck Lab\",\"description\":\"Compressed Air Testing for ISO 8573, Microbial, SQF, Breathing Air\",\"publisher\":{\"@id\":\"\/#organization\"},\"potentialAction\":[{\"@type\":\"SearchAction\",\"target\":{\"@type\":\"EntryPoint\",\"urlTemplate\":\"\/?s={search_term_string}\"},\"query-input\":\"required name=search_term_string\"}],\"inLanguage\":\"es\"},{\"@type\":\"Organization\",\"@id\":\"\/#organization\",\"name\":\"Trace Analytics, LLC\",\"url\":\"\/\",\"logo\":{\"@type\":\"ImageObject\",\"inLanguage\":\"es\",\"@id\":\"\/#\/schema\/logo\/image\/\",\"url\":\"https:\/\/www.airchecklab.com\/wp-content\/uploads\/2021\/08\/Blue-01.png\",\"contentUrl\":\"https:\/\/www.airchecklab.com\/wp-content\/uploads\/2021\/08\/Blue-01.png\",\"width\":1600,\"height\":301,\"caption\":\"Trace Analytics, LLC\"},\"image\":{\"@id\":\"\/#\/schema\/logo\/image\/\"}}]}<\/script>\n<!-- \/ Yoast SEO Premium plugin. -->","yoast_head_json":{"title":"Convi\u00e9rtete en un Distribuidor - Trace Analytics, the AirCheck Lab","robots":{"index":"index","follow":"follow","max-snippet":"max-snippet:-1","max-image-preview":"max-image-preview:large","max-video-preview":"max-video-preview:-1"},"canonical":"https:\/\/www.airchecklab.com\/es\/servicos\/distribuidores\/conviertete-en-un-distribuidor\/","og_locale":"es_ES","og_type":"article","og_title":"Convi\u00e9rtete en un Distribuidor","og_description":"[lightbg] Convi\u00e9rtete en un distribuidor de AirCheck &#x2122; En Trace Analytics, LLC, nos asociamos con los l\u00edderes en instalaci\u00f3n y mantenimiento de compresores, asesor\u00edas y servicios t\u00e9cnicos para acrecentar sus propios negocios y ayudarlos a ofrecer lo mejor en an\u00e1lisis de aire comprimido. El aire comprimido puede ser una utilidad fundamental en aire respirable y aplicaciones de manufactura. Ya sea que el aire comprimido sea cr\u00edtico para la vida o usado en procesos de producci\u00f3n, su calidad debe de ser [&hellip;]","og_url":"https:\/\/www.airchecklab.com\/es\/servicos\/distribuidores\/conviertete-en-un-distribuidor\/","og_site_name":"Trace Analytics, the AirCheck Lab","og_image":[{"width":1600,"height":300,"url":"https:\/\/www.airchecklab.com\/wp-content\/uploads\/2018\/02\/breathing-air-blue.jpg","type":"image\/jpeg"}],"twitter_card":"summary_large_image","twitter_misc":{"Tiempo de lectura":"1 minuto"},"schema":{"@context":"https:\/\/schema.org","@graph":[{"@type":"WebPage","@id":"https:\/\/www.airchecklab.com\/es\/servicos\/distribuidores\/conviertete-en-un-distribuidor\/","url":"https:\/\/www.airchecklab.com\/es\/servicos\/distribuidores\/conviertete-en-un-distribuidor\/","name":"Convi\u00e9rtete en un Distribuidor - Trace Analytics, the AirCheck Lab","isPartOf":{"@id":"\/#website"},"datePublished":"2021-12-27T16:11:00+00:00","dateModified":"2021-12-27T16:11:00+00:00","breadcrumb":{"@id":"https:\/\/www.airchecklab.com\/es\/servicos\/distribuidores\/conviertete-en-un-distribuidor\/#breadcrumb"},"inLanguage":"es","potentialAction":[{"@type":"ReadAction","target":["https:\/\/www.airchecklab.com\/es\/servicos\/distribuidores\/conviertete-en-un-distribuidor\/"]}]},{"@type":"BreadcrumbList","@id":"https:\/\/www.airchecklab.com\/es\/servicos\/distribuidores\/conviertete-en-un-distribuidor\/#breadcrumb","itemListElement":[{"@type":"ListItem","position":1,"name":"Home","item":"https:\/\/www.airchecklab.com\/es\/analisis-de-seguimiento-pruebas-ambientales-y-de-aire-comprimido\/"},{"@type":"ListItem","position":2,"name":"Servicos","item":"https:\/\/www.airchecklab.com\/es\/servicos\/"},{"@type":"ListItem","position":3,"name":"Distribuidores","item":"https:\/\/www.airchecklab.com\/es\/servicos\/distribuidores\/"},{"@type":"ListItem","position":4,"name":"Convi\u00e9rtete en un Distribuidor"}]},{"@type":"WebSite","@id":"\/#website","url":"\/","name":"Trace Analytics, the AirCheck Lab","description":"Compressed Air Testing for ISO 8573, Microbial, SQF, Breathing Air","publisher":{"@id":"\/#organization"},"potentialAction":[{"@type":"SearchAction","target":{"@type":"EntryPoint","urlTemplate":"\/?s={search_term_string}"},"query-input":"required name=search_term_string"}],"inLanguage":"es"},{"@type":"Organization","@id":"\/#organization","name":"Trace Analytics, LLC","url":"\/","logo":{"@type":"ImageObject","inLanguage":"es","@id":"\/#\/schema\/logo\/image\/","url":"https:\/\/www.airchecklab.com\/wp-content\/uploads\/2021\/08\/Blue-01.png","contentUrl":"https:\/\/www.airchecklab.com\/wp-content\/uploads\/2021\/08\/Blue-01.png","width":1600,"height":301,"caption":"Trace Analytics, LLC"},"image":{"@id":"\/#\/schema\/logo\/image\/"}}]}},"_links":{"self":[{"href":"https:\/\/www.airchecklab.com\/es\/wp-json\/wp\/v2\/pages\/22690"}],"collection":[{"href":"https:\/\/www.airchecklab.com\/es\/wp-json\/wp\/v2\/pages"}],"about":[{"href":"https:\/\/www.airchecklab.com\/es\/wp-json\/wp\/v2\/types\/page"}],"author":[{"embeddable":true,"href":"https:\/\/www.airchecklab.com\/es\/wp-json\/wp\/v2\/users\/1"}],"replies":[{"embeddable":true,"href":"https:\/\/www.airchecklab.com\/es\/wp-json\/wp\/v2\/comments?post=22690"}],"version-history":[{"count":0,"href":"https:\/\/www.airchecklab.com\/es\/wp-json\/wp\/v2\/pages\/22690\/revisions"}],"up":[{"embeddable":true,"href":"https:\/\/www.airchecklab.com\/es\/wp-json\/wp\/v2\/pages\/22707"}],"wp:featuredmedia":[{"embeddable":true,"href":"https:\/\/www.airchecklab.com\/es\/wp-json\/wp\/v2\/media\/19713"}],"wp:attachment":[{"href":"https:\/\/www.airchecklab.com\/es\/wp-json\/wp\/v2\/media?parent=22690"}],"curies":[{"name":"wp","href":"https:\/\/api.w.org\/{rel}","templated":true}]}}