{"id":22691,"date":"2021-12-27T10:11:00","date_gmt":"2021-12-27T16:11:00","guid":{"rendered":"https:\/\/dev.airchecklab.com\/gases-puros\/"},"modified":"2021-12-27T10:11:00","modified_gmt":"2021-12-27T16:11:00","slug":"gases-puros","status":"publish","type":"page","link":"https:\/\/www.airchecklab.com\/es\/servicos\/gases-puros\/","title":{"rendered":"Gases Puros"},"content":{"rendered":"<h1>Gases Puros<\/h1>\n<p>Trace Analytics, LLC ofrece an\u00e1lisis para gases puros que se usan en varias industrias. El an\u00e1lisis puede incluir pureza de gas por diferencia, por ejemplo, la concentraci\u00f3n de gas puro es determinado a \u00b1 0.3% valor absoluto, y todos los otros gases son restados de 100.00% para llegar al valor reportado.<\/p>\n<h3>Ofrecemos an\u00e1lisis de pureza de gas para los siguientes gases:<\/h3>\n<div class=\"padl15 mart0 marb15\">\n<ul class=\"square\">\n<li>Arg\u00f3n<\/li>\n<li>Nitr\u00f3geno<\/li>\n<li>\u00d3xido Nitroso<\/li>\n<li>Ox\u00edgeno<\/li>\n<\/ul>\n<\/div>\n<h3>An\u00e1lisis de Impurezas &#8211; Gases Inertes <\/h3>\n<p>Las impurezas tales como ox\u00edgeno, nitr\u00f3geno, mon\u00f3xido de carbono, di\u00f3xido de carbono, hidrocarburos vol\u00e1tiles, hidrocarburos halogenados y agua pueden ser determinados en los gases puros mencionados anteriormente. Tambi\u00e9n ofrecemos an\u00e1lisis de part\u00edculas, agua y aceite para sistemas de gases puros.<\/p>\n<p>Las siguientes normas son las m\u00e1s usadas para gases. Tambi\u00e9n podemos proporcionar un an\u00e1lisis basado en una norma personalizada de acuerdo a tus requisitos.<\/p>\n<p>[IncludeSpec spec=&#8221;puregases&#8221;]<\/p>\n","protected":false},"excerpt":{"rendered":"<p>Gases Puros Trace Analytics, LLC ofrece an\u00e1lisis para gases puros que se usan en varias industrias. El an\u00e1lisis puede incluir pureza de gas por diferencia, por ejemplo, la concentraci\u00f3n de gas puro es determinado a \u00b1 0.3% valor absoluto, y todos los otros gases son restados de 100.00% para llegar al valor reportado. Ofrecemos an\u00e1lisis de pureza de gas para los siguientes gases: Arg\u00f3n Nitr\u00f3geno \u00d3xido Nitroso Ox\u00edgeno An\u00e1lisis de Impurezas &#8211; Gases Inertes Las impurezas tales como ox\u00edgeno, nitr\u00f3geno, [&hellip;]<\/p>\n","protected":false},"author":1,"featured_media":19713,"parent":22706,"menu_order":0,"comment_status":"closed","ping_status":"open","template":"100-width.php","meta":{"content-type":""},"yoast_head":"<!-- This site is optimized with the Yoast SEO Premium plugin v20.0 (Yoast SEO v20.0) - https:\/\/yoast.com\/wordpress\/plugins\/seo\/ -->\n<title>Gases Puros - Trace Analytics, the AirCheck Lab<\/title>\n<meta name=\"robots\" content=\"index, follow, max-snippet:-1, max-image-preview:large, max-video-preview:-1\" \/>\n<link rel=\"canonical\" href=\"https:\/\/www.airchecklab.com\/es\/servicos\/gases-puros\/\" \/>\n<meta property=\"og:locale\" content=\"es_ES\" \/>\n<meta property=\"og:type\" content=\"article\" \/>\n<meta property=\"og:title\" content=\"Gases Puros\" \/>\n<meta property=\"og:description\" content=\"Gases Puros Trace Analytics, LLC ofrece an\u00e1lisis para gases puros que se usan en varias industrias. El an\u00e1lisis puede incluir pureza de gas por diferencia, por ejemplo, la concentraci\u00f3n de gas puro es determinado a \u00b1 0.3% valor absoluto, y todos los otros gases son restados de 100.00% para llegar al valor reportado. Ofrecemos an\u00e1lisis de pureza de gas para los siguientes gases: Arg\u00f3n Nitr\u00f3geno \u00d3xido Nitroso Ox\u00edgeno An\u00e1lisis de Impurezas &#8211; Gases Inertes Las impurezas tales como ox\u00edgeno, nitr\u00f3geno, [&hellip;]\" \/>\n<meta property=\"og:url\" content=\"https:\/\/www.airchecklab.com\/es\/servicos\/gases-puros\/\" \/>\n<meta property=\"og:site_name\" content=\"Trace Analytics, the AirCheck Lab\" \/>\n<meta property=\"og:image\" content=\"https:\/\/www.airchecklab.com\/wp-content\/uploads\/2018\/02\/breathing-air-blue.jpg\" \/>\n\t<meta property=\"og:image:width\" content=\"1600\" \/>\n\t<meta property=\"og:image:height\" content=\"300\" \/>\n\t<meta property=\"og:image:type\" content=\"image\/jpeg\" \/>\n<meta name=\"twitter:card\" content=\"summary_large_image\" \/>\n<meta name=\"twitter:label1\" content=\"Tiempo de lectura\" \/>\n\t<meta name=\"twitter:data1\" content=\"1 minuto\" \/>\n<script type=\"application\/ld+json\" class=\"yoast-schema-graph\">{\"@context\":\"https:\/\/schema.org\",\"@graph\":[{\"@type\":\"WebPage\",\"@id\":\"https:\/\/www.airchecklab.com\/es\/servicos\/gases-puros\/\",\"url\":\"https:\/\/www.airchecklab.com\/es\/servicos\/gases-puros\/\",\"name\":\"Gases Puros - Trace Analytics, the AirCheck Lab\",\"isPartOf\":{\"@id\":\"\/#website\"},\"datePublished\":\"2021-12-27T16:11:00+00:00\",\"dateModified\":\"2021-12-27T16:11:00+00:00\",\"breadcrumb\":{\"@id\":\"https:\/\/www.airchecklab.com\/es\/servicos\/gases-puros\/#breadcrumb\"},\"inLanguage\":\"es\",\"potentialAction\":[{\"@type\":\"ReadAction\",\"target\":[\"https:\/\/www.airchecklab.com\/es\/servicos\/gases-puros\/\"]}]},{\"@type\":\"BreadcrumbList\",\"@id\":\"https:\/\/www.airchecklab.com\/es\/servicos\/gases-puros\/#breadcrumb\",\"itemListElement\":[{\"@type\":\"ListItem\",\"position\":1,\"name\":\"Home\",\"item\":\"https:\/\/www.airchecklab.com\/es\/analisis-de-seguimiento-pruebas-ambientales-y-de-aire-comprimido\/\"},{\"@type\":\"ListItem\",\"position\":2,\"name\":\"Servicos\",\"item\":\"https:\/\/www.airchecklab.com\/es\/servicos\/\"},{\"@type\":\"ListItem\",\"position\":3,\"name\":\"Gases Puros\"}]},{\"@type\":\"WebSite\",\"@id\":\"\/#website\",\"url\":\"\/\",\"name\":\"Trace Analytics, the AirCheck Lab\",\"description\":\"Compressed Air Testing for ISO 8573, Microbial, SQF, Breathing Air\",\"publisher\":{\"@id\":\"\/#organization\"},\"potentialAction\":[{\"@type\":\"SearchAction\",\"target\":{\"@type\":\"EntryPoint\",\"urlTemplate\":\"\/?s={search_term_string}\"},\"query-input\":\"required name=search_term_string\"}],\"inLanguage\":\"es\"},{\"@type\":\"Organization\",\"@id\":\"\/#organization\",\"name\":\"Trace Analytics, LLC\",\"url\":\"\/\",\"logo\":{\"@type\":\"ImageObject\",\"inLanguage\":\"es\",\"@id\":\"\/#\/schema\/logo\/image\/\",\"url\":\"https:\/\/www.airchecklab.com\/wp-content\/uploads\/2021\/08\/Blue-01.png\",\"contentUrl\":\"https:\/\/www.airchecklab.com\/wp-content\/uploads\/2021\/08\/Blue-01.png\",\"width\":1600,\"height\":301,\"caption\":\"Trace Analytics, LLC\"},\"image\":{\"@id\":\"\/#\/schema\/logo\/image\/\"}}]}<\/script>\n<!-- \/ Yoast SEO Premium plugin. -->","yoast_head_json":{"title":"Gases Puros - Trace Analytics, the AirCheck Lab","robots":{"index":"index","follow":"follow","max-snippet":"max-snippet:-1","max-image-preview":"max-image-preview:large","max-video-preview":"max-video-preview:-1"},"canonical":"https:\/\/www.airchecklab.com\/es\/servicos\/gases-puros\/","og_locale":"es_ES","og_type":"article","og_title":"Gases Puros","og_description":"Gases Puros Trace Analytics, LLC ofrece an\u00e1lisis para gases puros que se usan en varias industrias. El an\u00e1lisis puede incluir pureza de gas por diferencia, por ejemplo, la concentraci\u00f3n de gas puro es determinado a \u00b1 0.3% valor absoluto, y todos los otros gases son restados de 100.00% para llegar al valor reportado. Ofrecemos an\u00e1lisis de pureza de gas para los siguientes gases: Arg\u00f3n Nitr\u00f3geno \u00d3xido Nitroso Ox\u00edgeno An\u00e1lisis de Impurezas &#8211; Gases Inertes Las impurezas tales como ox\u00edgeno, nitr\u00f3geno, [&hellip;]","og_url":"https:\/\/www.airchecklab.com\/es\/servicos\/gases-puros\/","og_site_name":"Trace Analytics, the AirCheck Lab","og_image":[{"width":1600,"height":300,"url":"https:\/\/www.airchecklab.com\/wp-content\/uploads\/2018\/02\/breathing-air-blue.jpg","type":"image\/jpeg"}],"twitter_card":"summary_large_image","twitter_misc":{"Tiempo de lectura":"1 minuto"},"schema":{"@context":"https:\/\/schema.org","@graph":[{"@type":"WebPage","@id":"https:\/\/www.airchecklab.com\/es\/servicos\/gases-puros\/","url":"https:\/\/www.airchecklab.com\/es\/servicos\/gases-puros\/","name":"Gases Puros - Trace Analytics, the AirCheck Lab","isPartOf":{"@id":"\/#website"},"datePublished":"2021-12-27T16:11:00+00:00","dateModified":"2021-12-27T16:11:00+00:00","breadcrumb":{"@id":"https:\/\/www.airchecklab.com\/es\/servicos\/gases-puros\/#breadcrumb"},"inLanguage":"es","potentialAction":[{"@type":"ReadAction","target":["https:\/\/www.airchecklab.com\/es\/servicos\/gases-puros\/"]}]},{"@type":"BreadcrumbList","@id":"https:\/\/www.airchecklab.com\/es\/servicos\/gases-puros\/#breadcrumb","itemListElement":[{"@type":"ListItem","position":1,"name":"Home","item":"https:\/\/www.airchecklab.com\/es\/analisis-de-seguimiento-pruebas-ambientales-y-de-aire-comprimido\/"},{"@type":"ListItem","position":2,"name":"Servicos","item":"https:\/\/www.airchecklab.com\/es\/servicos\/"},{"@type":"ListItem","position":3,"name":"Gases Puros"}]},{"@type":"WebSite","@id":"\/#website","url":"\/","name":"Trace Analytics, the AirCheck Lab","description":"Compressed Air Testing for ISO 8573, Microbial, SQF, Breathing Air","publisher":{"@id":"\/#organization"},"potentialAction":[{"@type":"SearchAction","target":{"@type":"EntryPoint","urlTemplate":"\/?s={search_term_string}"},"query-input":"required name=search_term_string"}],"inLanguage":"es"},{"@type":"Organization","@id":"\/#organization","name":"Trace Analytics, LLC","url":"\/","logo":{"@type":"ImageObject","inLanguage":"es","@id":"\/#\/schema\/logo\/image\/","url":"https:\/\/www.airchecklab.com\/wp-content\/uploads\/2021\/08\/Blue-01.png","contentUrl":"https:\/\/www.airchecklab.com\/wp-content\/uploads\/2021\/08\/Blue-01.png","width":1600,"height":301,"caption":"Trace Analytics, LLC"},"image":{"@id":"\/#\/schema\/logo\/image\/"}}]}},"_links":{"self":[{"href":"https:\/\/www.airchecklab.com\/es\/wp-json\/wp\/v2\/pages\/22691"}],"collection":[{"href":"https:\/\/www.airchecklab.com\/es\/wp-json\/wp\/v2\/pages"}],"about":[{"href":"https:\/\/www.airchecklab.com\/es\/wp-json\/wp\/v2\/types\/page"}],"author":[{"embeddable":true,"href":"https:\/\/www.airchecklab.com\/es\/wp-json\/wp\/v2\/users\/1"}],"replies":[{"embeddable":true,"href":"https:\/\/www.airchecklab.com\/es\/wp-json\/wp\/v2\/comments?post=22691"}],"version-history":[{"count":0,"href":"https:\/\/www.airchecklab.com\/es\/wp-json\/wp\/v2\/pages\/22691\/revisions"}],"up":[{"embeddable":true,"href":"https:\/\/www.airchecklab.com\/es\/wp-json\/wp\/v2\/pages\/22706"}],"wp:featuredmedia":[{"embeddable":true,"href":"https:\/\/www.airchecklab.com\/es\/wp-json\/wp\/v2\/media\/19713"}],"wp:attachment":[{"href":"https:\/\/www.airchecklab.com\/es\/wp-json\/wp\/v2\/media?parent=22691"}],"curies":[{"name":"wp","href":"https:\/\/api.w.org\/{rel}","templated":true}]}}