{"id":22693,"date":"2021-12-27T10:11:00","date_gmt":"2021-12-27T16:11:00","guid":{"rendered":"https:\/\/dev.airchecklab.com\/academia-aircheck%e2%9c%93\/seminarios-web\/prueba-de-aire-comprimido-como-aprobar-su-proxima-auditoria\/"},"modified":"2021-12-27T10:11:00","modified_gmt":"2021-12-27T16:11:00","slug":"prueba-de-aire-comprimido-como-aprobar-su-proxima-auditoria","status":"publish","type":"page","link":"https:\/\/www.airchecklab.com\/es\/academia-aircheck%e2%9c%93\/seminarios-web\/prueba-de-aire-comprimido-como-aprobar-su-proxima-auditoria\/","title":{"rendered":"Prueba de aire comprimido: c\u00f3mo aprobar su pr\u00f3xima auditor\u00eda"},"content":{"rendered":"<p>[lightbg]<br \/>\n\t[h1]Prueba de aire comprimido: c\u00f3mo aprobar su pr\u00f3xima auditor\u00eda[\/h1]<br \/>\n\t[video_youtube video_id=&#8221;wK8rhcD58U0&#8243; width=&#8221;460&#8243; height=&#8221;259&#8243; noyoutube=&#8221;&#8221; title=&#8221;Compressed Air Testing: How to Pass Your Next Audit&#8221;]<\/p>\n<p>Muchas organizaciones de seguridad alimentaria (SQF, BRC, FSSC, primusGFS, IFS) incluyen el monitoreo del aire comprimido como uno de sus requisitos. Ruby Ochoa, presidente y propietario de Trace Analytics, abordar\u00e1 cu\u00e1les son estos requisitos, qu\u00e9 est\u00e1ndares de aire comprimido debe usar, c\u00f3mo crear un programa de monitoreo y c\u00f3mo se aplican los principios de HACCP a su sistema de aire comprimido. Venga a ver lo que deber\u00eda hacer para prepararse para su pr\u00f3xima auditor\u00eda.<\/p>\n<p>\t<!--[if lte IE 8]>\n\t\t<script charset=\"utf-8\" type=\"text\/javascript\" src=\"\/\/js.hsforms.net\/forms\/v2-legacy.js\"><\/script>\n\t<![endif]--><br \/>\n\t<script charset=\"utf-8\" type=\"text\/javascript\" src=\"\/\/js.hsforms.net\/forms\/v2.js\"><\/script><br \/>\n\t<script>\n\t\thbspt.forms.create({\n\t\t\tportalId: \"4558619\",\n\t\t\tformId: \"218d4ee5-d0d6-4e55-870e-343fc8a09450\"\n\t\t\t});\n\t<\/script><br \/>\n[\/lightbg]<\/p>\n","protected":false},"excerpt":{"rendered":"<p>[lightbg] [h1]Prueba de aire comprimido: c\u00f3mo aprobar su pr\u00f3xima auditor\u00eda[\/h1] [video_youtube video_id=&#8221;wK8rhcD58U0&#8243; width=&#8221;460&#8243; height=&#8221;259&#8243; noyoutube=&#8221;&#8221; title=&#8221;Compressed Air Testing: How to Pass Your Next Audit&#8221;] Muchas organizaciones de seguridad alimentaria (SQF, BRC, FSSC, primusGFS, IFS) incluyen el monitoreo del aire comprimido como uno de sus requisitos. Ruby Ochoa, presidente y propietario de Trace Analytics, abordar\u00e1 cu\u00e1les son estos requisitos, qu\u00e9 est\u00e1ndares de aire comprimido debe usar, c\u00f3mo crear un programa de monitoreo y c\u00f3mo se aplican los principios de HACCP a [&hellip;]<\/p>\n","protected":false},"author":1,"featured_media":0,"parent":22680,"menu_order":0,"comment_status":"closed","ping_status":"closed","template":"","meta":{"content-type":""},"yoast_head":"<!-- This site is optimized with the Yoast SEO Premium plugin v20.0 (Yoast SEO v20.0) - https:\/\/yoast.com\/wordpress\/plugins\/seo\/ -->\n<title>Prueba de aire comprimido: c\u00f3mo aprobar su pr\u00f3xima auditor\u00eda - Trace Analytics, the AirCheck Lab<\/title>\n<meta name=\"robots\" content=\"index, follow, max-snippet:-1, max-image-preview:large, max-video-preview:-1\" \/>\n<link rel=\"canonical\" href=\"https:\/\/www.airchecklab.com\/es\/academia-aircheck%e2%9c%93\/seminarios-web\/prueba-de-aire-comprimido-como-aprobar-su-proxima-auditoria\/\" \/>\n<meta property=\"og:locale\" content=\"es_ES\" \/>\n<meta property=\"og:type\" content=\"article\" \/>\n<meta property=\"og:title\" content=\"Prueba de aire comprimido: c\u00f3mo aprobar su pr\u00f3xima auditor\u00eda\" \/>\n<meta property=\"og:description\" content=\"[lightbg] [h1]Prueba de aire comprimido: c\u00f3mo aprobar su pr\u00f3xima auditor\u00eda[\/h1] [video_youtube video_id=&#8221;wK8rhcD58U0&#8243; width=&#8221;460&#8243; height=&#8221;259&#8243; noyoutube=&#8221;&#8221; title=&#8221;Compressed Air Testing: How to Pass Your Next Audit&#8221;] Muchas organizaciones de seguridad alimentaria (SQF, BRC, FSSC, primusGFS, IFS) incluyen el monitoreo del aire comprimido como uno de sus requisitos. Ruby Ochoa, presidente y propietario de Trace Analytics, abordar\u00e1 cu\u00e1les son estos requisitos, qu\u00e9 est\u00e1ndares de aire comprimido debe usar, c\u00f3mo crear un programa de monitoreo y c\u00f3mo se aplican los principios de HACCP a [&hellip;]\" \/>\n<meta property=\"og:url\" content=\"https:\/\/www.airchecklab.com\/es\/academia-aircheck%e2%9c%93\/seminarios-web\/prueba-de-aire-comprimido-como-aprobar-su-proxima-auditoria\/\" \/>\n<meta property=\"og:site_name\" content=\"Trace Analytics, the AirCheck Lab\" \/>\n<meta name=\"twitter:card\" content=\"summary_large_image\" \/>\n<meta name=\"twitter:label1\" content=\"Tiempo de lectura\" \/>\n\t<meta name=\"twitter:data1\" content=\"1 minuto\" \/>\n<script type=\"application\/ld+json\" class=\"yoast-schema-graph\">{\"@context\":\"https:\/\/schema.org\",\"@graph\":[{\"@type\":\"WebPage\",\"@id\":\"https:\/\/www.airchecklab.com\/es\/academia-aircheck%e2%9c%93\/seminarios-web\/prueba-de-aire-comprimido-como-aprobar-su-proxima-auditoria\/\",\"url\":\"https:\/\/www.airchecklab.com\/es\/academia-aircheck%e2%9c%93\/seminarios-web\/prueba-de-aire-comprimido-como-aprobar-su-proxima-auditoria\/\",\"name\":\"Prueba de aire comprimido: c\u00f3mo aprobar su pr\u00f3xima auditor\u00eda - Trace Analytics, the AirCheck Lab\",\"isPartOf\":{\"@id\":\"\/#website\"},\"datePublished\":\"2021-12-27T16:11:00+00:00\",\"dateModified\":\"2021-12-27T16:11:00+00:00\",\"breadcrumb\":{\"@id\":\"https:\/\/www.airchecklab.com\/es\/academia-aircheck%e2%9c%93\/seminarios-web\/prueba-de-aire-comprimido-como-aprobar-su-proxima-auditoria\/#breadcrumb\"},\"inLanguage\":\"es\",\"potentialAction\":[{\"@type\":\"ReadAction\",\"target\":[\"https:\/\/www.airchecklab.com\/es\/academia-aircheck%e2%9c%93\/seminarios-web\/prueba-de-aire-comprimido-como-aprobar-su-proxima-auditoria\/\"]}]},{\"@type\":\"BreadcrumbList\",\"@id\":\"https:\/\/www.airchecklab.com\/es\/academia-aircheck%e2%9c%93\/seminarios-web\/prueba-de-aire-comprimido-como-aprobar-su-proxima-auditoria\/#breadcrumb\",\"itemListElement\":[{\"@type\":\"ListItem\",\"position\":1,\"name\":\"Home\",\"item\":\"https:\/\/www.airchecklab.com\/es\/analisis-de-seguimiento-pruebas-ambientales-y-de-aire-comprimido\/\"},{\"@type\":\"ListItem\",\"position\":2,\"name\":\"Academia AirCheck\u2713\",\"item\":\"https:\/\/www.airchecklab.com\/es\/academia-aircheck%e2%9c%93\/\"},{\"@type\":\"ListItem\",\"position\":3,\"name\":\"Seminarios web\",\"item\":\"https:\/\/www.airchecklab.com\/es\/academia-aircheck%e2%9c%93\/seminarios-web\/\"},{\"@type\":\"ListItem\",\"position\":4,\"name\":\"Prueba de aire comprimido: c\u00f3mo aprobar su pr\u00f3xima auditor\u00eda\"}]},{\"@type\":\"WebSite\",\"@id\":\"\/#website\",\"url\":\"\/\",\"name\":\"Trace Analytics, the AirCheck Lab\",\"description\":\"Compressed Air Testing for ISO 8573, Microbial, SQF, Breathing Air\",\"publisher\":{\"@id\":\"\/#organization\"},\"potentialAction\":[{\"@type\":\"SearchAction\",\"target\":{\"@type\":\"EntryPoint\",\"urlTemplate\":\"\/?s={search_term_string}\"},\"query-input\":\"required name=search_term_string\"}],\"inLanguage\":\"es\"},{\"@type\":\"Organization\",\"@id\":\"\/#organization\",\"name\":\"Trace Analytics, LLC\",\"url\":\"\/\",\"logo\":{\"@type\":\"ImageObject\",\"inLanguage\":\"es\",\"@id\":\"\/#\/schema\/logo\/image\/\",\"url\":\"https:\/\/www.airchecklab.com\/wp-content\/uploads\/2021\/08\/Blue-01.png\",\"contentUrl\":\"https:\/\/www.airchecklab.com\/wp-content\/uploads\/2021\/08\/Blue-01.png\",\"width\":1600,\"height\":301,\"caption\":\"Trace Analytics, LLC\"},\"image\":{\"@id\":\"\/#\/schema\/logo\/image\/\"}}]}<\/script>\n<!-- \/ Yoast SEO Premium plugin. -->","yoast_head_json":{"title":"Prueba de aire comprimido: c\u00f3mo aprobar su pr\u00f3xima auditor\u00eda - Trace Analytics, the AirCheck Lab","robots":{"index":"index","follow":"follow","max-snippet":"max-snippet:-1","max-image-preview":"max-image-preview:large","max-video-preview":"max-video-preview:-1"},"canonical":"https:\/\/www.airchecklab.com\/es\/academia-aircheck%e2%9c%93\/seminarios-web\/prueba-de-aire-comprimido-como-aprobar-su-proxima-auditoria\/","og_locale":"es_ES","og_type":"article","og_title":"Prueba de aire comprimido: c\u00f3mo aprobar su pr\u00f3xima auditor\u00eda","og_description":"[lightbg] [h1]Prueba de aire comprimido: c\u00f3mo aprobar su pr\u00f3xima auditor\u00eda[\/h1] [video_youtube video_id=&#8221;wK8rhcD58U0&#8243; width=&#8221;460&#8243; height=&#8221;259&#8243; noyoutube=&#8221;&#8221; title=&#8221;Compressed Air Testing: How to Pass Your Next Audit&#8221;] Muchas organizaciones de seguridad alimentaria (SQF, BRC, FSSC, primusGFS, IFS) incluyen el monitoreo del aire comprimido como uno de sus requisitos. Ruby Ochoa, presidente y propietario de Trace Analytics, abordar\u00e1 cu\u00e1les son estos requisitos, qu\u00e9 est\u00e1ndares de aire comprimido debe usar, c\u00f3mo crear un programa de monitoreo y c\u00f3mo se aplican los principios de HACCP a [&hellip;]","og_url":"https:\/\/www.airchecklab.com\/es\/academia-aircheck%e2%9c%93\/seminarios-web\/prueba-de-aire-comprimido-como-aprobar-su-proxima-auditoria\/","og_site_name":"Trace Analytics, the AirCheck Lab","twitter_card":"summary_large_image","twitter_misc":{"Tiempo de lectura":"1 minuto"},"schema":{"@context":"https:\/\/schema.org","@graph":[{"@type":"WebPage","@id":"https:\/\/www.airchecklab.com\/es\/academia-aircheck%e2%9c%93\/seminarios-web\/prueba-de-aire-comprimido-como-aprobar-su-proxima-auditoria\/","url":"https:\/\/www.airchecklab.com\/es\/academia-aircheck%e2%9c%93\/seminarios-web\/prueba-de-aire-comprimido-como-aprobar-su-proxima-auditoria\/","name":"Prueba de aire comprimido: c\u00f3mo aprobar su pr\u00f3xima auditor\u00eda - Trace Analytics, the AirCheck Lab","isPartOf":{"@id":"\/#website"},"datePublished":"2021-12-27T16:11:00+00:00","dateModified":"2021-12-27T16:11:00+00:00","breadcrumb":{"@id":"https:\/\/www.airchecklab.com\/es\/academia-aircheck%e2%9c%93\/seminarios-web\/prueba-de-aire-comprimido-como-aprobar-su-proxima-auditoria\/#breadcrumb"},"inLanguage":"es","potentialAction":[{"@type":"ReadAction","target":["https:\/\/www.airchecklab.com\/es\/academia-aircheck%e2%9c%93\/seminarios-web\/prueba-de-aire-comprimido-como-aprobar-su-proxima-auditoria\/"]}]},{"@type":"BreadcrumbList","@id":"https:\/\/www.airchecklab.com\/es\/academia-aircheck%e2%9c%93\/seminarios-web\/prueba-de-aire-comprimido-como-aprobar-su-proxima-auditoria\/#breadcrumb","itemListElement":[{"@type":"ListItem","position":1,"name":"Home","item":"https:\/\/www.airchecklab.com\/es\/analisis-de-seguimiento-pruebas-ambientales-y-de-aire-comprimido\/"},{"@type":"ListItem","position":2,"name":"Academia AirCheck\u2713","item":"https:\/\/www.airchecklab.com\/es\/academia-aircheck%e2%9c%93\/"},{"@type":"ListItem","position":3,"name":"Seminarios web","item":"https:\/\/www.airchecklab.com\/es\/academia-aircheck%e2%9c%93\/seminarios-web\/"},{"@type":"ListItem","position":4,"name":"Prueba de aire comprimido: c\u00f3mo aprobar su pr\u00f3xima auditor\u00eda"}]},{"@type":"WebSite","@id":"\/#website","url":"\/","name":"Trace Analytics, the AirCheck Lab","description":"Compressed Air Testing for ISO 8573, Microbial, SQF, Breathing Air","publisher":{"@id":"\/#organization"},"potentialAction":[{"@type":"SearchAction","target":{"@type":"EntryPoint","urlTemplate":"\/?s={search_term_string}"},"query-input":"required name=search_term_string"}],"inLanguage":"es"},{"@type":"Organization","@id":"\/#organization","name":"Trace Analytics, LLC","url":"\/","logo":{"@type":"ImageObject","inLanguage":"es","@id":"\/#\/schema\/logo\/image\/","url":"https:\/\/www.airchecklab.com\/wp-content\/uploads\/2021\/08\/Blue-01.png","contentUrl":"https:\/\/www.airchecklab.com\/wp-content\/uploads\/2021\/08\/Blue-01.png","width":1600,"height":301,"caption":"Trace Analytics, LLC"},"image":{"@id":"\/#\/schema\/logo\/image\/"}}]}},"_links":{"self":[{"href":"https:\/\/www.airchecklab.com\/es\/wp-json\/wp\/v2\/pages\/22693"}],"collection":[{"href":"https:\/\/www.airchecklab.com\/es\/wp-json\/wp\/v2\/pages"}],"about":[{"href":"https:\/\/www.airchecklab.com\/es\/wp-json\/wp\/v2\/types\/page"}],"author":[{"embeddable":true,"href":"https:\/\/www.airchecklab.com\/es\/wp-json\/wp\/v2\/users\/1"}],"replies":[{"embeddable":true,"href":"https:\/\/www.airchecklab.com\/es\/wp-json\/wp\/v2\/comments?post=22693"}],"version-history":[{"count":0,"href":"https:\/\/www.airchecklab.com\/es\/wp-json\/wp\/v2\/pages\/22693\/revisions"}],"up":[{"embeddable":true,"href":"https:\/\/www.airchecklab.com\/es\/wp-json\/wp\/v2\/pages\/22680"}],"wp:attachment":[{"href":"https:\/\/www.airchecklab.com\/es\/wp-json\/wp\/v2\/media?parent=22693"}],"curies":[{"name":"wp","href":"https:\/\/api.w.org\/{rel}","templated":true}]}}