{"id":22694,"date":"2021-12-27T10:11:00","date_gmt":"2021-12-27T16:11:00","guid":{"rendered":"https:\/\/dev.airchecklab.com\/normas-y-especificaciones\/"},"modified":"2021-12-27T10:11:00","modified_gmt":"2021-12-27T16:11:00","slug":"normas-y-especificaciones","status":"publish","type":"page","link":"https:\/\/www.airchecklab.com\/es\/referencias\/normas-y-especificaciones\/","title":{"rendered":"Normas y especificaciones"},"content":{"rendered":"<p>[lightbg]<\/p>\n<h1 class=\"marb0\" id=\"Air-Gas-Specifications\">Normas de Aire y Gas<\/h1>\n<p>Ofrecemos an\u00e1lisis de aire respirable, aire no respirable y gases puros. Ya sea que est\u00e9s estableciendo un plan de control o quieras analizar para cumplir con los requisitos de alguna norma, nuestro personal te puede ayudar ofreci\u00e9ndote:<\/p>\n<ul class=\"checklist\">\n<li>An\u00e1lisis de gases puros tales como arg\u00f3n, nitr\u00f3geno, \u00f3xido nitroso y ox\u00edgeno.<\/li>\n<li>An\u00e1lisis de aire para arg\u00f3n, di\u00f3xido de carbono, mon\u00f3xido de carbono, hidrocarburos condensados, metano, nitr\u00f3geno, \u00f3xidos de nitr\u00f3geno, aerosol de aceite, vapor de aceite, identificaci\u00f3n y \/ o cuantificaci\u00f3n de compuestos org\u00e1nicos, ox\u00edgeno, part\u00edculas (tama\u00f1o, cuenta y concentraci\u00f3n por masa), di\u00f3xido de sulfuro, hidrocarburos halogenados, hidrocarburos vol\u00e1tiles y vapor de agua.<\/li>\n<li>Dise\u00f1o de equipo para la recolecci\u00f3n de aire comprimido &amp; gas espec\u00edficamente para tu aplicaci\u00f3n.<\/li>\n<li>Investigaci\u00f3n para determinar si las normas relevantes est\u00e1n disponibles.<\/li>\n<\/ul>\n<p>Muchos de nuestros clientes han establecido sus propias especificaciones al monitorear el desempe\u00f1o de sus sistemas por un tiempo determinado, examinar literatura \/ normas, evaluar los par\u00e1metros del equipo y determinar las metas de la compa\u00f1\u00eda. Despu\u00e9s de una evaluaci\u00f3n rigurosa, los l\u00edmites en las normas son determinados e implementados a un plan de control. A continuaci\u00f3n est\u00e1n las normas de aire &amp; gas m\u00e1s usadas. Si la norma que necesitas no est\u00e1 aqu\u00ed, por favor cont\u00e1ctanos. Tenemos muchas m\u00e1s normas de aire y gas en nuestra base de datos. Si necesitas una norma personalizada, cont\u00e1ctanos con tus requisitos y te enviaremos una cotizaci\u00f3n.<\/p>\n<p>\t[ShowChildPages page=&#8221;&#8221; title=&#8221;Una lista selecta de especificaciones de aire comprimido y gas&#8221;]<\/p>\n<p>Tambi\u00e9n en esta p\u00e1gina:<\/p>\n<ul class=\"checklist\">\n<li><a href=\"#BCAS-Fact-Sheet\">Hoja de datos No. 304 de BCAS<\/a><\/li>\n<li><a href=\"#Carbon-Dioxide\">Nota T\u00e9cnica de Di\u00f3xido de Carbono<\/a><\/li>\n<li><a href=\"#OHSA-Inspection-Procedures\">Procedimiento de Inspecci\u00f3n de OSHA para el Est\u00e1ndar de Protecci\u00f3n Respiratoria<\/a><\/li>\n<li><a href=\"#OHSA-Small-Entity-Compliance-Guide\">Gu\u00eda de Cumplimiento de OSHA para Entidades Peque\u00f1as<\/a><\/li>\n<\/ul>\n<h1 class=\"marb0\" id=\"BCAS-Fact-Sheet\">Hoja de datos No. 304 de BCAS<\/h1>\n<p class=\"marb0\">Explora el cambio de BS 4275: 1997 a BS EN 529: 2005. Esta norma hace referencia a los requisitos de pureza de aire de BS EN 12021, el cual es usado en Inglaterra y Estados Unidos. <span class=\"updated\">Actualizado el 24 de marzo de 2009<\/span><\/p>\n<p>\t[DisplayPDF pdf=&#8221;BCAS304.pdf&#8221; description=&#8221;BCAS Fact Sheet No. 304&#8243;]<\/p>\n<h1 class=\"marb0\" id=\"Carbon-Dioxide\">Nota T\u00e9cnica de Di\u00f3xido de Carbono<\/h1>\n<p class=\"marb0\">Esta nota t\u00e9cnica de Trace Analytics, LLC habla del volumen de muestras que fallaron en cumplir con el nivel de di\u00f3xido de carbono de 500 ppm. (El est\u00e1ndar CGA Grado E ha sido cambiado para permitir hasta 1,000 ppm.) El art\u00edculo incluye informaci\u00f3n valiosa con respecto a elegir la localizaci\u00f3n de la toma de aire y el tama\u00f1o de las tuber\u00edas, tamiz molecular &amp; por que generalmente no pueden remover grandes cantidades de CO <sub>2<\/sub> , p\u00e9rdidas de presi\u00f3n y gu\u00edas para garantizar un suministro seguro de aire respirable.<\/p>\n<p>\t[DisplayPDF pdf=&#8221;Carbon-Dioxide.pdf&#8221; description=&#8221;Carbon Dioxide&#8221;]<\/p>\n<h1 class=\"marb0\" id=\"OHSA-Inspection-Procedures\">Procedimiento de Inspecci\u00f3n de OSHA para el Est\u00e1ndar de Protecci\u00f3n Respiratoria<\/h1>\n<p class=\"marb0\">Esta gu\u00eda establece interpretaciones de la agencia y p\u00f3lizas de implementaci\u00f3n, y proporciona instrucciones para asegurar el cumplimiento del Est\u00e1ndar de Protecci\u00f3n Respiratoria (Est\u00e1ndar de Protecci\u00f3n Respiratoria), 29 CFR 1910.134.<\/p>\n<p>\t[DisplayPDF pdf=&#8221;OSHA-Respiratory-Protection-Implementation-Guide.pdf&#8221; description=&#8221;OSHA&#8217;s Inspection Procedures For Respiratory Protection Standard&#8221;]<\/p>\n<h1 class=\"marb0\" id=\"OHSA-Small-Entity-Compliance-Guide\">Gu\u00eda de Cumplimiento de OSHA para Entidades Peque\u00f1as<\/h1>\n<p class=\"marb0\">Esta gu\u00eda est\u00e1 hecha con el prop\u00f3sito de ayudar a los peque\u00f1os negocios a cumplir con el est\u00e1ndar de Protecci\u00f3n Respiratoria. Es solamente una gu\u00eda y no determina o altera los requisitos a cumplir. La Administraci\u00f3n de Salud y Seguridad Ocupacional (OSHA) y la Ley de Salud y Seguridad Ocupacional (Acta de Seguridad Ocupacional y Salud) son las responsables de determinar y modificar estos requisitos.<\/p>\n<p>\t[DisplayPDF pdf=&#8221;OSHA-Small-Entity-Compliance-Guide.pdf&#8221; description=&#8221;OSHA&#8217;s Small Entity Compliance Guide&#8221;]<\/p>\n<p>[\/lightbg]<\/p>\n","protected":false},"excerpt":{"rendered":"<p>[lightbg] Normas de Aire y Gas Ofrecemos an\u00e1lisis de aire respirable, aire no respirable y gases puros. Ya sea que est\u00e9s estableciendo un plan de control o quieras analizar para cumplir con los requisitos de alguna norma, nuestro personal te puede ayudar ofreci\u00e9ndote: An\u00e1lisis de gases puros tales como arg\u00f3n, nitr\u00f3geno, \u00f3xido nitroso y ox\u00edgeno. An\u00e1lisis de aire para arg\u00f3n, di\u00f3xido de carbono, mon\u00f3xido de carbono, hidrocarburos condensados, metano, nitr\u00f3geno, \u00f3xidos de nitr\u00f3geno, aerosol de aceite, vapor de aceite, identificaci\u00f3n [&hellip;]<\/p>\n","protected":false},"author":1,"featured_media":19713,"parent":22717,"menu_order":0,"comment_status":"closed","ping_status":"open","template":"100-width.php","meta":{"content-type":""},"yoast_head":"<!-- This site is optimized with the Yoast SEO Premium plugin v20.0 (Yoast SEO v20.0) - https:\/\/yoast.com\/wordpress\/plugins\/seo\/ -->\n<title>Normas y especificaciones - Trace Analytics, the AirCheck Lab<\/title>\n<meta name=\"robots\" content=\"index, follow, max-snippet:-1, max-image-preview:large, max-video-preview:-1\" \/>\n<link rel=\"canonical\" href=\"https:\/\/www.airchecklab.com\/es\/referencias\/normas-y-especificaciones\/\" \/>\n<meta property=\"og:locale\" content=\"es_ES\" \/>\n<meta property=\"og:type\" content=\"article\" \/>\n<meta property=\"og:title\" content=\"Normas y especificaciones\" \/>\n<meta property=\"og:description\" content=\"[lightbg] Normas de Aire y Gas Ofrecemos an\u00e1lisis de aire respirable, aire no respirable y gases puros. Ya sea que est\u00e9s estableciendo un plan de control o quieras analizar para cumplir con los requisitos de alguna norma, nuestro personal te puede ayudar ofreci\u00e9ndote: An\u00e1lisis de gases puros tales como arg\u00f3n, nitr\u00f3geno, \u00f3xido nitroso y ox\u00edgeno. An\u00e1lisis de aire para arg\u00f3n, di\u00f3xido de carbono, mon\u00f3xido de carbono, hidrocarburos condensados, metano, nitr\u00f3geno, \u00f3xidos de nitr\u00f3geno, aerosol de aceite, vapor de aceite, identificaci\u00f3n [&hellip;]\" \/>\n<meta property=\"og:url\" content=\"https:\/\/www.airchecklab.com\/es\/referencias\/normas-y-especificaciones\/\" \/>\n<meta property=\"og:site_name\" content=\"Trace Analytics, the AirCheck Lab\" \/>\n<meta property=\"og:image\" content=\"https:\/\/www.airchecklab.com\/wp-content\/uploads\/2018\/02\/breathing-air-blue.jpg\" \/>\n\t<meta property=\"og:image:width\" content=\"1600\" \/>\n\t<meta property=\"og:image:height\" content=\"300\" \/>\n\t<meta property=\"og:image:type\" content=\"image\/jpeg\" \/>\n<meta name=\"twitter:card\" content=\"summary_large_image\" \/>\n<meta name=\"twitter:label1\" content=\"Tiempo de lectura\" \/>\n\t<meta name=\"twitter:data1\" content=\"3 minutos\" \/>\n<script type=\"application\/ld+json\" class=\"yoast-schema-graph\">{\"@context\":\"https:\/\/schema.org\",\"@graph\":[{\"@type\":\"WebPage\",\"@id\":\"https:\/\/www.airchecklab.com\/es\/referencias\/normas-y-especificaciones\/\",\"url\":\"https:\/\/www.airchecklab.com\/es\/referencias\/normas-y-especificaciones\/\",\"name\":\"Normas y especificaciones - Trace Analytics, the AirCheck Lab\",\"isPartOf\":{\"@id\":\"\/#website\"},\"datePublished\":\"2021-12-27T16:11:00+00:00\",\"dateModified\":\"2021-12-27T16:11:00+00:00\",\"breadcrumb\":{\"@id\":\"https:\/\/www.airchecklab.com\/es\/referencias\/normas-y-especificaciones\/#breadcrumb\"},\"inLanguage\":\"es\",\"potentialAction\":[{\"@type\":\"ReadAction\",\"target\":[\"https:\/\/www.airchecklab.com\/es\/referencias\/normas-y-especificaciones\/\"]}]},{\"@type\":\"BreadcrumbList\",\"@id\":\"https:\/\/www.airchecklab.com\/es\/referencias\/normas-y-especificaciones\/#breadcrumb\",\"itemListElement\":[{\"@type\":\"ListItem\",\"position\":1,\"name\":\"Home\",\"item\":\"https:\/\/www.airchecklab.com\/es\/analisis-de-seguimiento-pruebas-ambientales-y-de-aire-comprimido\/\"},{\"@type\":\"ListItem\",\"position\":2,\"name\":\"Referencias\",\"item\":\"https:\/\/www.airchecklab.com\/es\/referencias\/\"},{\"@type\":\"ListItem\",\"position\":3,\"name\":\"Normas y especificaciones\"}]},{\"@type\":\"WebSite\",\"@id\":\"\/#website\",\"url\":\"\/\",\"name\":\"Trace Analytics, the AirCheck Lab\",\"description\":\"Compressed Air Testing for ISO 8573, Microbial, SQF, Breathing Air\",\"publisher\":{\"@id\":\"\/#organization\"},\"potentialAction\":[{\"@type\":\"SearchAction\",\"target\":{\"@type\":\"EntryPoint\",\"urlTemplate\":\"\/?s={search_term_string}\"},\"query-input\":\"required name=search_term_string\"}],\"inLanguage\":\"es\"},{\"@type\":\"Organization\",\"@id\":\"\/#organization\",\"name\":\"Trace Analytics, LLC\",\"url\":\"\/\",\"logo\":{\"@type\":\"ImageObject\",\"inLanguage\":\"es\",\"@id\":\"\/#\/schema\/logo\/image\/\",\"url\":\"https:\/\/www.airchecklab.com\/wp-content\/uploads\/2021\/08\/Blue-01.png\",\"contentUrl\":\"https:\/\/www.airchecklab.com\/wp-content\/uploads\/2021\/08\/Blue-01.png\",\"width\":1600,\"height\":301,\"caption\":\"Trace Analytics, LLC\"},\"image\":{\"@id\":\"\/#\/schema\/logo\/image\/\"}}]}<\/script>\n<!-- \/ Yoast SEO Premium plugin. -->","yoast_head_json":{"title":"Normas y especificaciones - Trace Analytics, the AirCheck Lab","robots":{"index":"index","follow":"follow","max-snippet":"max-snippet:-1","max-image-preview":"max-image-preview:large","max-video-preview":"max-video-preview:-1"},"canonical":"https:\/\/www.airchecklab.com\/es\/referencias\/normas-y-especificaciones\/","og_locale":"es_ES","og_type":"article","og_title":"Normas y especificaciones","og_description":"[lightbg] Normas de Aire y Gas Ofrecemos an\u00e1lisis de aire respirable, aire no respirable y gases puros. Ya sea que est\u00e9s estableciendo un plan de control o quieras analizar para cumplir con los requisitos de alguna norma, nuestro personal te puede ayudar ofreci\u00e9ndote: An\u00e1lisis de gases puros tales como arg\u00f3n, nitr\u00f3geno, \u00f3xido nitroso y ox\u00edgeno. An\u00e1lisis de aire para arg\u00f3n, di\u00f3xido de carbono, mon\u00f3xido de carbono, hidrocarburos condensados, metano, nitr\u00f3geno, \u00f3xidos de nitr\u00f3geno, aerosol de aceite, vapor de aceite, identificaci\u00f3n [&hellip;]","og_url":"https:\/\/www.airchecklab.com\/es\/referencias\/normas-y-especificaciones\/","og_site_name":"Trace Analytics, the AirCheck Lab","og_image":[{"width":1600,"height":300,"url":"https:\/\/www.airchecklab.com\/wp-content\/uploads\/2018\/02\/breathing-air-blue.jpg","type":"image\/jpeg"}],"twitter_card":"summary_large_image","twitter_misc":{"Tiempo de lectura":"3 minutos"},"schema":{"@context":"https:\/\/schema.org","@graph":[{"@type":"WebPage","@id":"https:\/\/www.airchecklab.com\/es\/referencias\/normas-y-especificaciones\/","url":"https:\/\/www.airchecklab.com\/es\/referencias\/normas-y-especificaciones\/","name":"Normas y especificaciones - Trace Analytics, the AirCheck Lab","isPartOf":{"@id":"\/#website"},"datePublished":"2021-12-27T16:11:00+00:00","dateModified":"2021-12-27T16:11:00+00:00","breadcrumb":{"@id":"https:\/\/www.airchecklab.com\/es\/referencias\/normas-y-especificaciones\/#breadcrumb"},"inLanguage":"es","potentialAction":[{"@type":"ReadAction","target":["https:\/\/www.airchecklab.com\/es\/referencias\/normas-y-especificaciones\/"]}]},{"@type":"BreadcrumbList","@id":"https:\/\/www.airchecklab.com\/es\/referencias\/normas-y-especificaciones\/#breadcrumb","itemListElement":[{"@type":"ListItem","position":1,"name":"Home","item":"https:\/\/www.airchecklab.com\/es\/analisis-de-seguimiento-pruebas-ambientales-y-de-aire-comprimido\/"},{"@type":"ListItem","position":2,"name":"Referencias","item":"https:\/\/www.airchecklab.com\/es\/referencias\/"},{"@type":"ListItem","position":3,"name":"Normas y especificaciones"}]},{"@type":"WebSite","@id":"\/#website","url":"\/","name":"Trace Analytics, the AirCheck Lab","description":"Compressed Air Testing for ISO 8573, Microbial, SQF, Breathing Air","publisher":{"@id":"\/#organization"},"potentialAction":[{"@type":"SearchAction","target":{"@type":"EntryPoint","urlTemplate":"\/?s={search_term_string}"},"query-input":"required name=search_term_string"}],"inLanguage":"es"},{"@type":"Organization","@id":"\/#organization","name":"Trace Analytics, LLC","url":"\/","logo":{"@type":"ImageObject","inLanguage":"es","@id":"\/#\/schema\/logo\/image\/","url":"https:\/\/www.airchecklab.com\/wp-content\/uploads\/2021\/08\/Blue-01.png","contentUrl":"https:\/\/www.airchecklab.com\/wp-content\/uploads\/2021\/08\/Blue-01.png","width":1600,"height":301,"caption":"Trace Analytics, LLC"},"image":{"@id":"\/#\/schema\/logo\/image\/"}}]}},"_links":{"self":[{"href":"https:\/\/www.airchecklab.com\/es\/wp-json\/wp\/v2\/pages\/22694"}],"collection":[{"href":"https:\/\/www.airchecklab.com\/es\/wp-json\/wp\/v2\/pages"}],"about":[{"href":"https:\/\/www.airchecklab.com\/es\/wp-json\/wp\/v2\/types\/page"}],"author":[{"embeddable":true,"href":"https:\/\/www.airchecklab.com\/es\/wp-json\/wp\/v2\/users\/1"}],"replies":[{"embeddable":true,"href":"https:\/\/www.airchecklab.com\/es\/wp-json\/wp\/v2\/comments?post=22694"}],"version-history":[{"count":0,"href":"https:\/\/www.airchecklab.com\/es\/wp-json\/wp\/v2\/pages\/22694\/revisions"}],"up":[{"embeddable":true,"href":"https:\/\/www.airchecklab.com\/es\/wp-json\/wp\/v2\/pages\/22717"}],"wp:featuredmedia":[{"embeddable":true,"href":"https:\/\/www.airchecklab.com\/es\/wp-json\/wp\/v2\/media\/19713"}],"wp:attachment":[{"href":"https:\/\/www.airchecklab.com\/es\/wp-json\/wp\/v2\/media?parent=22694"}],"curies":[{"name":"wp","href":"https:\/\/api.w.org\/{rel}","templated":true}]}}